{"id":548,"date":"2021-12-16T11:57:27","date_gmt":"2021-12-16T10:57:27","guid":{"rendered":"https:\/\/weltlaeden.de\/offenburg\/?page_id=548"},"modified":"2025-03-14T13:09:29","modified_gmt":"2025-03-14T12:09:29","slug":"fairtont-der-weltladen-podcast","status":"publish","type":"page","link":"https:\/\/weltlaeden.de\/offenburg\/fairer-handel\/fairtont-der-weltladen-podcast\/","title":{"rendered":"Podcast fairtont."},"content":{"rendered":"<div class=\"wpb-content-wrapper\"><p style=\"text-align: center\"><img loading=\"lazy\" decoding=\"async\" class=\"alignnone size-medium wp-image-2007\" src=\"https:\/\/weltlaeden.de\/offenburg\/wp-content\/uploads\/sites\/198\/2025\/03\/grafik-300x300.png\" alt=\"\" width=\"300\" height=\"300\" srcset=\"https:\/\/weltlaeden.de\/offenburg\/wp-content\/uploads\/sites\/198\/2025\/03\/grafik-300x300.png 300w, https:\/\/weltlaeden.de\/offenburg\/wp-content\/uploads\/sites\/198\/2025\/03\/grafik-150x150.png 150w, https:\/\/weltlaeden.de\/offenburg\/wp-content\/uploads\/sites\/198\/2025\/03\/grafik.png 600w\" sizes=\"auto, (max-width: 300px) 100vw, 300px\" \/>[vc_row][vc_column]<div class=\"wl_einzelbild\"><p><\/p><\/div>[\/vc_column][\/vc_row][vc_row][vc_column][vc_empty_space][\/vc_column][\/vc_row][vc_row][vc_column][vc_column_text]<\/p>\n<h1>fairtont. Der Weltladen-Podcast<\/h1>\n<p>Fair was?! \u2013 fairtont. Also Fairer Handel f\u00fcr die Ohren. Weltl\u00e4den sind Fachgesch\u00e4fte f\u00fcr Fairen Handel und haben viel zu bieten. Davon erz\u00e4hlen euch Laura und Solveig in diesem Podcast.<\/p>\n<p>Podcast-Liebhaber*innen und interessierte Menschen erwarten spannende Themen aus der Weltladen-Welt. Laura und Solveig sprechen \u00fcber Kaffee aus Fairem Handel, Textilien und Fair Fashion, die Klimakrise und weitere interessante Themen. Au\u00dferdem gibt es Interviews mit spannenden G\u00e4sten.<\/p>\n<h3><a href=\"https:\/\/www.weltladen.de\/ueber-weltlaeden\/fairtont\/1-kaffee-und-die-geschichte-des-fairen-handels\/\" data-type=\"link\" data-id=\"https:\/\/www.weltladen.de\/ueber-weltlaeden\/fairtont\/1-kaffee-und-die-geschichte-des-fairen-handels\/\"><span style=\"color: #000000\"><span style=\"color: #ff9900\"><strong>#1 Kaffee und die Geschichte des Fairen Handels<\/strong><\/span><\/span><\/a><\/h3>\n<p><span style=\"color: #ff9900\"><strong><a style=\"color: #ff9900\" href=\"https:\/\/www.weltladen.de\/ueber-weltlaeden\/fairtont\/2-segelfrachter-eine-alternative-zum-containerschiff-interview-mit-jens-von-cafe-chavalo\/\" data-type=\"link\" data-id=\"https:\/\/www.weltladen.de\/ueber-weltlaeden\/fairtont\/2-segelfrachter-eine-alternative-zum-containerschiff-interview-mit-jens-von-cafe-chavalo\/\">#2 Segelfrachter \u2013 Eine Alternative zum Containerschiff. Interview mit Jens von Caf\u00e9 Chavalo<\/a><\/strong><\/span><\/p>\n<p><span style=\"color: #ff9900\"><strong><a style=\"color: #ff9900\" href=\"https:\/\/www.weltladen.de\/ueber-weltlaeden\/fairtont\/3-ein-besuch-im-weltladen\/\" data-type=\"link\" data-id=\"https:\/\/www.weltladen.de\/ueber-weltlaeden\/fairtont\/3-ein-besuch-im-weltladen\/\">#3 Ein Besuch im Weltladen<\/a><\/strong><\/span><\/p>\n<p><span style=\"color: #ff9900\"><strong><a style=\"color: #ff9900\" href=\"https:\/\/www.weltladen.de\/ueber-weltlaeden\/fairtont\/4-moritz-was-hat-humor-mit-fairem-handel-zu-tun-interview-mit-stand-up-comedian-moritz-neumeier\/\" data-type=\"link\" data-id=\"https:\/\/www.weltladen.de\/ueber-weltlaeden\/fairtont\/4-moritz-was-hat-humor-mit-fairem-handel-zu-tun-interview-mit-stand-up-comedian-moritz-neumeier\/\">#4 Moritz, was hat Humor mit Fairem Handel zu tun? \u2013 Interview mit Stand-Up-Comedian Moritz Neumeier<\/a><\/strong><\/span><\/p>\n<h3><span style=\"color: #ff9900\"><strong><a style=\"color: #ff9900\" href=\"https:\/\/www.weltladen.de\/ueber-weltlaeden\/fairtont\/5-weltladentag-die-welt-braucht-einen-tapetenwechsel-goenndirwandel\/\" data-type=\"link\" data-id=\"https:\/\/www.weltladen.de\/ueber-weltlaeden\/fairtont\/5-weltladentag-die-welt-braucht-einen-tapetenwechsel-goenndirwandel\/\">#5 Weltladentag \u2013 Die Welt braucht einen Tapetenwechsel #G\u00f6nnDirWandel<\/a><\/strong><\/span><\/h3>\n<h3><span style=\"color: #ff9900\"><strong><a style=\"color: #ff9900\" href=\"https:\/\/www.weltladen.de\/ueber-weltlaeden\/fairtont\/6-ein-gutes-leben-fuer-alle-durch-eine-sozial-oekologische-transformation-interview-mit-ronja-morgenthaler\/\">#6 Ein gutes Leben f\u00fcr alle durch eine sozial-\u00f6kologische Transformation?! \u2013 Interview mit Ronja Morgenthaler<\/a><\/strong><\/span><\/h3>\n<h3><span style=\"color: #ff9900\"><strong><a style=\"color: #ff9900\" href=\"https:\/\/www.weltladen.de\/ueber-weltlaeden\/fairtont\/7-fast-fashion-vs-fair-fashion-hier-gehts-um-mehr-als-mode\/\">#7 Fast Fashion vs. Fair Fashion \u2013 Hier geht\u2019s um mehr als Mode!<\/a><\/strong><\/span><\/h3>\n<h3><span style=\"color: #ff9900\"><strong><a style=\"color: #ff9900\" href=\"https:\/\/www.weltladen.de\/ueber-weltlaeden\/fairtont\/8-vom-geschenkten-tischlaeufer-zum-fair-handels-unternehmen-interview-mit-promise-kliebe\/\">#8 Vom geschenkten Tischl\u00e4ufer zum Fair-Handels-Unternehmen \u2013 Interview mit Promise Kliebe<\/a><\/strong><\/span><\/h3>\n<h3><span style=\"color: #ff9900\"><strong><a style=\"color: #ff9900\" href=\"https:\/\/www.weltladen.de\/ueber-weltlaeden\/fairtont\/9-faire-woche-zukunft-fair-gestalten-fairhandeln-fuer-menschenrechte-weltweit\/\">#9 Faire Woche \u2013 Zukunft fair gestalten! #fairhandeln f\u00fcr Menschenrechte weltweit<\/a><\/strong><\/span><\/h3>\n<h3><span style=\"color: #ff9900\"><strong><a style=\"color: #ff9900\" href=\"https:\/\/www.weltladen.de\/ueber-weltlaeden\/fairtont\/10-von-cashews-und-fairen-lieferketten-interview-mit-isabel-und-okey-von-fairfood-freiburg\/\">#10 Von Cashews und fairen Lieferketten \u2013 Interview mit Isabel und Okey von fairfood Freiburg<\/a><\/strong><\/span><\/h3>\n<h3><span style=\"color: #ff9900\"><strong><a style=\"color: #ff9900\" href=\"https:\/\/www.weltladen.de\/ueber-weltlaeden\/fairtont\/11-klimawandel-klimagerechtigkeit-und-der-faire-handel\/\">#11 Klimawandel, Klimagerechtigkeit und der Faire Handel<\/a><\/strong><\/span><\/h3>\n<h3><span style=\"color: #ff9900\"><strong><a style=\"color: #ff9900\" href=\"https:\/\/www.weltladen.de\/ueber-weltlaeden\/fairtont\/12-produzent-innen-im-fairen-handel-und-die-klimakrise-interview-mit-andrea-fuetterer\/\">#12 Produzent*innen im Fairen Handel und die Klimakrise \u2013 Interview mit Andrea F\u00fctterer<\/a><\/strong><\/span><\/h3>\n<h3><span style=\"color: #ff9900\"><strong><a style=\"color: #ff9900\" href=\"https:\/\/www.weltladen.de\/ueber-weltlaeden\/fairtont\/sonderfolge-was-macht-die-bildungsarbeit-im-weltladen-fairbildung\/\">Sonderfolge: Was macht die Bildungsarbeit im Weltladen? #fairBILDUNG<\/a><\/strong><\/span><\/h3>\n<h3><span style=\"color: #ff9900\"><strong><a style=\"color: #ff9900\" href=\"https:\/\/www.weltladen.de\/ueber-weltlaeden\/fairtont\/13-maechtig-unfair\/\">#13 M\u00c4CHTIG unfair \u2013 Warum Dumping-Preise abgeschafft werden m\u00fcssen<\/a><\/strong><\/span><\/h3>\n<h3><span style=\"color: #ff9900\"><strong><a style=\"color: #ff9900\" href=\"https:\/\/www.weltladen.de\/ueber-weltlaeden\/fairtont\/14-smartphones\/\">#14 Smartphones \u2013 kleines Ger\u00e4t mit gro\u00dfem Rucksack!<\/a><\/strong><\/span><\/h3>\n<h3><span style=\"color: #ff9900\"><strong><a style=\"color: #ff9900\" href=\"https:\/\/www.weltladen.de\/ueber-weltlaeden\/fairtont\/15-digital-lions\/\">#15 Live von den Weltladen-Fachtagen \u2013 Interview mit den Digital Lions<\/a><\/strong><\/span><\/h3>\n<h3><span style=\"color: #ff9900\"><strong><a style=\"color: #ff9900\" href=\"https:\/\/www.weltladen.de\/ueber-weltlaeden\/fairtont\/16-yes-eu-can\/\">#16 YES EU CAN! \u2013 Ein europ\u00e4isches Lieferkettengesetz<\/a><\/strong><\/span><\/h3>\n<h3><span style=\"color: #ff9900\"><strong><a style=\"color: #ff9900\" href=\"https:\/\/www.weltladen.de\/ueber-weltlaeden\/fairtont\/17-faire-woche\/\">#17 Fair steht dir \u2013 #fairhandeln f\u00fcr Menschenrechte weltweit<\/a><\/strong><\/span><\/h3>\n<h3><span style=\"color: #ff9900\"><strong><a style=\"color: #ff9900\" href=\"https:\/\/www.weltladen.de\/ueber-weltlaeden\/fairtont\/18-ausbeuterische-kinderarbeit\/\">#18 (ausbeuterische) Kinderarbeit \u2013 Bek\u00e4mpfen oder sichere Strukturen schaffen?<\/a><\/strong><\/span><\/h3>\n<h3><span style=\"color: #ff9900\"><strong><a style=\"color: #ff9900\" href=\"https:\/\/www.weltladen.de\/ueber-weltlaeden\/fairtont\/19-kinderarbeit-als-chance\/\">#19 Kinderarbeit als Chance? Wir sprechen mit Esmeralda und Jhenifer von Molacnats!<\/a><\/strong><\/span><\/h3>\n<h3><span style=\"color: #ff9900\"><strong><a style=\"color: #ff9900\" href=\"https:\/\/www.weltladen.de\/ueber-weltlaeden\/fairtont\/20-wandel-wirtschaft\/\">#20 Wandel-Wirtschaft \u2013 ein gutes Leben f\u00fcr alle?<\/a><\/strong><\/span><\/h3>\n<h3><span style=\"color: #ff9900\"><strong><a style=\"color: #ff9900\" href=\"https:\/\/www.weltladen.de\/ueber-weltlaeden\/fairtont\/21-weltladentag-starkes-eu-lieferkettengesetz\/\">#21 M\u00e4chtig fair \u2013 am Weltladentag f\u00fcr ein starkes EU-Lieferkettengesetz!<\/a><\/strong><\/span><\/h3>\n<h3><span style=\"color: #ff9900\"><strong><a style=\"color: #ff9900\" href=\"https:\/\/www.weltladen.de\/ueber-weltlaeden\/fairtont\/22-fussball\/\">#22 (Un)fair play: Wie Fu\u00dfball f\u00fcr alle ein Volltreffer wird<\/a><\/strong><\/span><\/h3>\n<h3><span style=\"color: #ff9900\"><strong><a style=\"color: #ff9900\" href=\"https:\/\/www.weltladen.de\/ueber-weltlaeden\/fairtont\/23-kakao\/\">#23 Von Kindern f\u00fcr Kinder: Kakaoanbau in Westafrika<\/a><\/strong><\/span><\/h3>\n<h3><span style=\"color: #ff9900\"><strong><a style=\"color: #ff9900\" href=\"https:\/\/www.weltladen.de\/ueber-weltlaeden\/fairtont\/24-weltacker\/\">#24 Vom Acker auf den Teller \u2013 Weltern\u00e4hrung auf der BUGA 2023 in Mannheim<\/a><\/strong><\/span><\/h3>\n<h3><span style=\"color: #ff9900\"><strong><a style=\"color: #ff9900\" href=\"https:\/\/www.weltladen.de\/ueber-weltlaeden\/fairtont\/25-jubilaeum\/\">#25 Die Weltl\u00e4den werden 50: Eine Jubil\u00e4umsfolge mit Blick in die Zukunft<\/a><\/strong><\/span><\/h3>\n<h3><span style=\"color: #ff9900\"><strong><a style=\"color: #ff9900\" href=\"https:\/\/www.weltladen.de\/ueber-weltlaeden\/fairtont\/26-unverpackt\/\" data-type=\"link\" data-id=\"https:\/\/www.weltladen.de\/ueber-weltlaeden\/fairtont\/26-unverpackt\/\">#26 Plastic, not fantastic? Wie wir verpackungsfreier leben k\u00f6nnen<\/a><\/strong><\/span><\/h3>\n<h3><span style=\"color: #ff9900\"><strong><a style=\"color: #ff9900\" href=\"https:\/\/www.weltladen.de\/ueber-weltlaeden\/fairtont\/27-donut\/\">#27 Donut-\u00d6konomie \u2013 Nichts wie raus aus der Bubble!<\/a><\/strong><\/span><\/h3>\n<h3><span style=\"color: #ff9900\"><strong><a style=\"color: #ff9900\" href=\"https:\/\/www.weltladen.de\/ueber-weltlaeden\/fairtont\/28-kolonial\">#28 Wie kolonial ist der Faire Handel?<\/a><\/strong><\/span><\/h3>\n<h3><span style=\"color: #ff9900\"><strong><a style=\"color: #ff9900\" href=\"https:\/\/www.weltladen.de\/ueber-weltlaeden\/fairtont\/29-klimagerechtigkeit\/\">#29 Climate Justice Now \u2013 Aber wie? F\u00fcr Klimasch\u00e4den Verantwortung \u00fcbernehmen.<\/a><\/strong><\/span><\/h3>\n<h3><span style=\"color: #ff9900\"><strong><a style=\"color: #ff9900\" href=\"https:\/\/www.weltladen.de\/ueber-weltlaeden\/fairtont\/30-konfliktregionen\/\" data-type=\"link\" data-id=\"https:\/\/www.weltladen.de\/ueber-weltlaeden\/fairtont\/30-konfliktregionen\/\">#30 Conflictfood?! Wie Fairer Handel in Konfliktregionen funktioniert<\/a><\/strong><\/span><\/h3>\n<h3><span style=\"color: #ff9900\"><strong><a style=\"color: #ff9900\" href=\"https:\/\/www.weltladen.de\/ueber-weltlaeden\/fairtont\/31-fairerhandel_haiti\">#31 Von Lebensb\u00e4umen, Alltag und Hoffnung \u2013 Wie Fairer Handel in Haiti funktioniert<\/a><\/strong><\/span><\/h3>\n<h3><span style=\"color: #ff9900\"><strong><a style=\"color: #ff9900\" href=\"https:\/\/www.weltladen.de\/ueber-weltlaeden\/fairtont\/32-fairewoche\/\">#32 Wir sind jung und brauchen die Welt! Junges Engagement zur Fairen Woche 2024<\/a><\/strong><\/span><\/h3>\n<h3><\/h3>\n<\/div>","protected":false},"excerpt":{"rendered":"<p>[vc_row][vc_column][\/vc_column][\/vc_row][vc_row][vc_column][vc_empty_space][\/vc_column][\/vc_row][vc_row][vc_column][vc_column_text] fairtont. Der Weltladen-Podcast Fair was?! \u2013 fairtont. Also Fairer Handel f\u00fcr die Ohren. Weltl\u00e4den sind Fachgesch\u00e4fte f\u00fcr Fairen Handel und haben viel zu bieten. Davon erz\u00e4hlen euch Laura und Solveig in diesem Podcast. Podcast-Liebhaber*innen und interessierte Menschen erwarten spannende Themen aus der Weltladen-Welt. Laura und Solveig sprechen \u00fcber Kaffee aus Fairem Handel, Textilien und&hellip;<\/p>\n","protected":false},"author":14,"featured_media":2007,"parent":218,"menu_order":0,"comment_status":"closed","ping_status":"closed","template":"","meta":{"footnotes":""},"class_list":["post-548","page","type-page","status-publish","has-post-thumbnail","hentry","description-off"],"yoast_head":"<!-- This site is optimized with the Yoast SEO plugin v26.8 - https:\/\/yoast.com\/product\/yoast-seo-wordpress\/ -->\n<title>Podcast fairtont. - Weltladen Offenburg<\/title>\n<meta name=\"robots\" content=\"index, follow, max-snippet:-1, max-image-preview:large, max-video-preview:-1\" \/>\n<link rel=\"canonical\" href=\"https:\/\/weltlaeden.de\/offenburg\/fairer-handel\/fairtont-der-weltladen-podcast\/\" \/>\n<meta property=\"og:locale\" content=\"de_DE\" \/>\n<meta property=\"og:type\" content=\"article\" \/>\n<meta property=\"og:title\" content=\"Podcast fairtont. - Weltladen Offenburg\" \/>\n<meta property=\"og:description\" content=\"[vc_row][vc_column][\/vc_column][\/vc_row][vc_row][vc_column][vc_empty_space][\/vc_column][\/vc_row][vc_row][vc_column][vc_column_text] fairtont. Der Weltladen-Podcast Fair was?! \u2013 fairtont. Also Fairer Handel f\u00fcr die Ohren. Weltl\u00e4den sind Fachgesch\u00e4fte f\u00fcr Fairen Handel und haben viel zu bieten. Davon erz\u00e4hlen euch Laura und Solveig in diesem Podcast. Podcast-Liebhaber*innen und interessierte Menschen erwarten spannende Themen aus der Weltladen-Welt. Laura und Solveig sprechen \u00fcber Kaffee aus Fairem Handel, Textilien und&hellip;\" \/>\n<meta property=\"og:url\" content=\"https:\/\/weltlaeden.de\/offenburg\/fairer-handel\/fairtont-der-weltladen-podcast\/\" \/>\n<meta property=\"og:site_name\" content=\"Weltladen Offenburg\" \/>\n<meta property=\"article:modified_time\" content=\"2025-03-14T12:09:29+00:00\" \/>\n<meta property=\"og:image\" content=\"https:\/\/weltlaeden.de\/offenburg\/wp-content\/uploads\/sites\/198\/2025\/03\/grafik.png\" \/>\n\t<meta property=\"og:image:width\" content=\"600\" \/>\n\t<meta property=\"og:image:height\" content=\"600\" \/>\n\t<meta property=\"og:image:type\" content=\"image\/png\" \/>\n<meta name=\"twitter:card\" content=\"summary_large_image\" \/>\n<meta name=\"twitter:label1\" content=\"Gesch\u00e4tzte Lesezeit\" \/>\n\t<meta name=\"twitter:data1\" content=\"3\u00a0Minuten\" \/>\n<script type=\"application\/ld+json\" class=\"yoast-schema-graph\">{\"@context\":\"https:\/\/schema.org\",\"@graph\":[{\"@type\":\"WebPage\",\"@id\":\"https:\/\/weltlaeden.de\/offenburg\/fairer-handel\/fairtont-der-weltladen-podcast\/\",\"url\":\"https:\/\/weltlaeden.de\/offenburg\/fairer-handel\/fairtont-der-weltladen-podcast\/\",\"name\":\"Podcast fairtont. - Weltladen Offenburg\",\"isPartOf\":{\"@id\":\"https:\/\/weltlaeden.de\/offenburg\/#website\"},\"primaryImageOfPage\":{\"@id\":\"https:\/\/weltlaeden.de\/offenburg\/fairer-handel\/fairtont-der-weltladen-podcast\/#primaryimage\"},\"image\":{\"@id\":\"https:\/\/weltlaeden.de\/offenburg\/fairer-handel\/fairtont-der-weltladen-podcast\/#primaryimage\"},\"thumbnailUrl\":\"https:\/\/weltlaeden.de\/offenburg\/wp-content\/uploads\/sites\/198\/2025\/03\/grafik.png\",\"datePublished\":\"2021-12-16T10:57:27+00:00\",\"dateModified\":\"2025-03-14T12:09:29+00:00\",\"breadcrumb\":{\"@id\":\"https:\/\/weltlaeden.de\/offenburg\/fairer-handel\/fairtont-der-weltladen-podcast\/#breadcrumb\"},\"inLanguage\":\"de\",\"potentialAction\":[{\"@type\":\"ReadAction\",\"target\":[\"https:\/\/weltlaeden.de\/offenburg\/fairer-handel\/fairtont-der-weltladen-podcast\/\"]}]},{\"@type\":\"ImageObject\",\"inLanguage\":\"de\",\"@id\":\"https:\/\/weltlaeden.de\/offenburg\/fairer-handel\/fairtont-der-weltladen-podcast\/#primaryimage\",\"url\":\"https:\/\/weltlaeden.de\/offenburg\/wp-content\/uploads\/sites\/198\/2025\/03\/grafik.png\",\"contentUrl\":\"https:\/\/weltlaeden.de\/offenburg\/wp-content\/uploads\/sites\/198\/2025\/03\/grafik.png\",\"width\":600,\"height\":600},{\"@type\":\"BreadcrumbList\",\"@id\":\"https:\/\/weltlaeden.de\/offenburg\/fairer-handel\/fairtont-der-weltladen-podcast\/#breadcrumb\",\"itemListElement\":[{\"@type\":\"ListItem\",\"position\":1,\"name\":\"Startseite\",\"item\":\"https:\/\/weltlaeden.de\/offenburg\/\"},{\"@type\":\"ListItem\",\"position\":2,\"name\":\"Fairer Handel\",\"item\":\"https:\/\/weltlaeden.de\/offenburg\/fairer-handel\/\"},{\"@type\":\"ListItem\",\"position\":3,\"name\":\"Podcast fairtont.\"}]},{\"@type\":\"WebSite\",\"@id\":\"https:\/\/weltlaeden.de\/offenburg\/#website\",\"url\":\"https:\/\/weltlaeden.de\/offenburg\/\",\"name\":\"Weltladen Offenburg\",\"description\":\"Faire Produkte seit 1990\",\"potentialAction\":[{\"@type\":\"SearchAction\",\"target\":{\"@type\":\"EntryPoint\",\"urlTemplate\":\"https:\/\/weltlaeden.de\/offenburg\/?s={search_term_string}\"},\"query-input\":{\"@type\":\"PropertyValueSpecification\",\"valueRequired\":true,\"valueName\":\"search_term_string\"}}],\"inLanguage\":\"de\"}]}<\/script>\n<!-- \/ Yoast SEO plugin. -->","yoast_head_json":{"title":"Podcast fairtont. - Weltladen Offenburg","robots":{"index":"index","follow":"follow","max-snippet":"max-snippet:-1","max-image-preview":"max-image-preview:large","max-video-preview":"max-video-preview:-1"},"canonical":"https:\/\/weltlaeden.de\/offenburg\/fairer-handel\/fairtont-der-weltladen-podcast\/","og_locale":"de_DE","og_type":"article","og_title":"Podcast fairtont. - Weltladen Offenburg","og_description":"[vc_row][vc_column][\/vc_column][\/vc_row][vc_row][vc_column][vc_empty_space][\/vc_column][\/vc_row][vc_row][vc_column][vc_column_text] fairtont. Der Weltladen-Podcast Fair was?! \u2013 fairtont. Also Fairer Handel f\u00fcr die Ohren. Weltl\u00e4den sind Fachgesch\u00e4fte f\u00fcr Fairen Handel und haben viel zu bieten. Davon erz\u00e4hlen euch Laura und Solveig in diesem Podcast. Podcast-Liebhaber*innen und interessierte Menschen erwarten spannende Themen aus der Weltladen-Welt. Laura und Solveig sprechen \u00fcber Kaffee aus Fairem Handel, Textilien und&hellip;","og_url":"https:\/\/weltlaeden.de\/offenburg\/fairer-handel\/fairtont-der-weltladen-podcast\/","og_site_name":"Weltladen Offenburg","article_modified_time":"2025-03-14T12:09:29+00:00","og_image":[{"width":600,"height":600,"url":"https:\/\/weltlaeden.de\/offenburg\/wp-content\/uploads\/sites\/198\/2025\/03\/grafik.png","type":"image\/png"}],"twitter_card":"summary_large_image","twitter_misc":{"Gesch\u00e4tzte Lesezeit":"3\u00a0Minuten"},"schema":{"@context":"https:\/\/schema.org","@graph":[{"@type":"WebPage","@id":"https:\/\/weltlaeden.de\/offenburg\/fairer-handel\/fairtont-der-weltladen-podcast\/","url":"https:\/\/weltlaeden.de\/offenburg\/fairer-handel\/fairtont-der-weltladen-podcast\/","name":"Podcast fairtont. - Weltladen Offenburg","isPartOf":{"@id":"https:\/\/weltlaeden.de\/offenburg\/#website"},"primaryImageOfPage":{"@id":"https:\/\/weltlaeden.de\/offenburg\/fairer-handel\/fairtont-der-weltladen-podcast\/#primaryimage"},"image":{"@id":"https:\/\/weltlaeden.de\/offenburg\/fairer-handel\/fairtont-der-weltladen-podcast\/#primaryimage"},"thumbnailUrl":"https:\/\/weltlaeden.de\/offenburg\/wp-content\/uploads\/sites\/198\/2025\/03\/grafik.png","datePublished":"2021-12-16T10:57:27+00:00","dateModified":"2025-03-14T12:09:29+00:00","breadcrumb":{"@id":"https:\/\/weltlaeden.de\/offenburg\/fairer-handel\/fairtont-der-weltladen-podcast\/#breadcrumb"},"inLanguage":"de","potentialAction":[{"@type":"ReadAction","target":["https:\/\/weltlaeden.de\/offenburg\/fairer-handel\/fairtont-der-weltladen-podcast\/"]}]},{"@type":"ImageObject","inLanguage":"de","@id":"https:\/\/weltlaeden.de\/offenburg\/fairer-handel\/fairtont-der-weltladen-podcast\/#primaryimage","url":"https:\/\/weltlaeden.de\/offenburg\/wp-content\/uploads\/sites\/198\/2025\/03\/grafik.png","contentUrl":"https:\/\/weltlaeden.de\/offenburg\/wp-content\/uploads\/sites\/198\/2025\/03\/grafik.png","width":600,"height":600},{"@type":"BreadcrumbList","@id":"https:\/\/weltlaeden.de\/offenburg\/fairer-handel\/fairtont-der-weltladen-podcast\/#breadcrumb","itemListElement":[{"@type":"ListItem","position":1,"name":"Startseite","item":"https:\/\/weltlaeden.de\/offenburg\/"},{"@type":"ListItem","position":2,"name":"Fairer Handel","item":"https:\/\/weltlaeden.de\/offenburg\/fairer-handel\/"},{"@type":"ListItem","position":3,"name":"Podcast fairtont."}]},{"@type":"WebSite","@id":"https:\/\/weltlaeden.de\/offenburg\/#website","url":"https:\/\/weltlaeden.de\/offenburg\/","name":"Weltladen Offenburg","description":"Faire Produkte seit 1990","potentialAction":[{"@type":"SearchAction","target":{"@type":"EntryPoint","urlTemplate":"https:\/\/weltlaeden.de\/offenburg\/?s={search_term_string}"},"query-input":{"@type":"PropertyValueSpecification","valueRequired":true,"valueName":"search_term_string"}}],"inLanguage":"de"}]}},"_links":{"self":[{"href":"https:\/\/weltlaeden.de\/offenburg\/wp-json\/wp\/v2\/pages\/548","targetHints":{"allow":["GET"]}}],"collection":[{"href":"https:\/\/weltlaeden.de\/offenburg\/wp-json\/wp\/v2\/pages"}],"about":[{"href":"https:\/\/weltlaeden.de\/offenburg\/wp-json\/wp\/v2\/types\/page"}],"author":[{"embeddable":true,"href":"https:\/\/weltlaeden.de\/offenburg\/wp-json\/wp\/v2\/users\/14"}],"replies":[{"embeddable":true,"href":"https:\/\/weltlaeden.de\/offenburg\/wp-json\/wp\/v2\/comments?post=548"}],"version-history":[{"count":12,"href":"https:\/\/weltlaeden.de\/offenburg\/wp-json\/wp\/v2\/pages\/548\/revisions"}],"predecessor-version":[{"id":2012,"href":"https:\/\/weltlaeden.de\/offenburg\/wp-json\/wp\/v2\/pages\/548\/revisions\/2012"}],"up":[{"embeddable":true,"href":"https:\/\/weltlaeden.de\/offenburg\/wp-json\/wp\/v2\/pages\/218"}],"wp:featuredmedia":[{"embeddable":true,"href":"https:\/\/weltlaeden.de\/offenburg\/wp-json\/wp\/v2\/media\/2007"}],"wp:attachment":[{"href":"https:\/\/weltlaeden.de\/offenburg\/wp-json\/wp\/v2\/media?parent=548"}],"curies":[{"name":"wp","href":"https:\/\/api.w.org\/{rel}","templated":true}]}}