{"id":3313,"date":"2025-11-03T12:29:17","date_gmt":"2025-11-03T11:29:17","guid":{"rendered":"https:\/\/weltlaeden.de\/offenburg\/?page_id=3313"},"modified":"2025-11-03T13:33:15","modified_gmt":"2025-11-03T12:33:15","slug":"durchblick-im-siegel-dschungel-2","status":"publish","type":"page","link":"https:\/\/weltlaeden.de\/offenburg\/durchblick-im-siegel-dschungel-2\/","title":{"rendered":"Durchblick im Siegel-Dschungel (2)"},"content":{"rendered":"<h1 style=\"text-align: center\">Durchblick im Siegel-Dschungel (2)<\/h1>\n<h2><\/h2>\n<h2 class=\"wp-block-heading\">Menschenw\u00fcrdige Arbeitsbedingungen und nachhaltiges Wirtschaften in der Textil-Lieferkette<\/h2>\n<p>Der Einsturz der Textilfabrik Rana Plaza in Bangladesch vor knapp neun Jahren hat viele Menschen wachger\u00fcttelt. Das gro\u00dfe Ungl\u00fcck, bei dem \u00fcber 1.100 Menschen starben, steht noch heute als Beispiel f\u00fcr die katastrophalen Zust\u00e4nde in den Fabriken der Textilindustrie. Einige positive Entwicklungen haben seitdem stattgefunden, doch noch immer gilt die Textil-Lieferkette als extrem anf\u00e4llig f\u00fcr Menschenrechtsverletzungen und Umweltprobleme. Unbezahlte \u00dcberstunden, ein Lohn, der nicht zum Leben reicht und fristlose K\u00fcndigungen sind nur ein Teil der Problematik. Schnell wechselnde Kollektionen und Modetrends, niedrige Preise und Fast Fashion kommen hinzu und erh\u00f6hen den Druck auf N\u00e4her*innen im Globalen S\u00fcden, die innerhalb k\u00fcrzester Zeit Massen an Kleidung produzieren.<\/p>\n<h3 class=\"wp-block-heading\">Wie wir uns kleiden und was wir essen, ist nicht egal<\/h3>\n<p>Mit unserem Lebensstil bringen wir unsere Werte zum Ausdruck. Immer mehr Menschen achten dabei auf soziale und \u00f6kologische Kriterien.<\/p>\n<p>&nbsp;<\/p>\n<p><strong>\u00d6kologische Faktoren:<\/strong><\/p>\n<ul class=\"wp-block-list\">\n<li>Hoher Einsatz von Pesti- und Insektizide<\/li>\n<li>Verunreinigung von Gew\u00e4sser<\/li>\n<li>Hohe CO2 Emissionen<\/li>\n<li>Mikroplastik beim Waschen von Kleidung aus Polyester<\/li>\n<\/ul>\n<p><strong>Soziale Faktoren:<\/strong><\/p>\n<ul class=\"wp-block-list\">\n<li>Existenzsichernde L\u00f6hne<\/li>\n<li>Vereinigungsfreiheit<\/li>\n<li>Hohe Arbeitsbelastung<\/li>\n<li>Gewalt am Arbeitsplatz vor allem f\u00fcr Frauen<\/li>\n<li>Kinderarbeit<\/li>\n<\/ul>\n<div class=\"wp-block-image\">\n<figure class=\"alignleft size-full is-resized\"><a href=\"https:\/\/www.weltladen-offenburg.de\/wp-content\/uploads\/GOTS-Siegel.jpg\"><img loading=\"lazy\" decoding=\"async\" class=\"wp-image-6987\" src=\"https:\/\/www.weltladen-offenburg.de\/wp-content\/uploads\/GOTS-Siegel.jpg\" alt=\"\" width=\"120\" height=\"120\" \/><\/a><\/figure>\n<\/div>\n<p>Der Global Organic Textile Standard (GOTS) ist ein weltweit angewendeter Standard f\u00fcr die Verarbeitung von Textilien aus biologisch erzeugten Naturfasern und damit ein wichtiges Textilsiegel. Er definiert umwelttechnische Anfordungen entlang der gesamten textilen Produktionskette sowie Sozialkriterien. Die Qualit\u00e4tssicherung erfolgt durch unabh\u00e4ngige Zertifizierung der gesamten Textilkette. <a href=\"https:\/\/global-standard.org\/\">www.global-standard.org<\/a><\/p>\n<div class=\"wp-block-image\">\n<figure class=\"alignright size-full is-resized\"><a href=\"https:\/\/www.weltladen-offenburg.de\/wp-content\/uploads\/Fair-Wear-foundation.jpg\"><img loading=\"lazy\" decoding=\"async\" class=\"wp-image-6989\" src=\"https:\/\/www.weltladen-offenburg.de\/wp-content\/uploads\/Fair-Wear-foundation.jpg\" alt=\"\" width=\"111\" height=\"133\" \/><\/a><\/figure>\n<\/div>\n<p>Die <strong>Fair Wear Foundation<\/strong> ist eine unabh\u00e4ngige Stiftung mit Sitz in Amsterdam, die mit Bekleidungsmarken, Textilarbeitern und Branchengr\u00f6\u00dfen zusammenarbeitet, um die Arbeitsbedingungen in Textilfabriken zu verbessern. Die FWF ist in elf Produktionsl\u00e4ndern weltweit t\u00e4tig: Bangladesch, Bulgarien, China, Indien, Indonesien, Myanmar, Mazedonien, Rum\u00e4nien, Tunesien, T\u00fcrkei und Vietnam.Die FWF verf\u00fcgt in allen L\u00e4ndern \u00fcber lokale Auditoren und Trainer, die in engem Kontakt mit dem Sitz der Stiftung in Amsterdam stehen. <a href=\"https:\/\/www.fairwear.org\/\">www.fairwear.org<\/a><\/p>\n<div class=\"wp-block-image\">\n<figure class=\"alignleft size-large is-resized\"><img loading=\"lazy\" decoding=\"async\" src=\"https:\/\/fair-einkaufen.com\/media\/image\/37\/af\/11\/fairtrade-kleidung-FTD-baumwolle-1.png\" alt=\"\" width=\"123\" height=\"192\" \/><\/figure>\n<\/div>\n<p class=\"has-text-align-left\">Eine Variante des klassischen Fairtrade Siegels, das auf fair gehandelten Lebensmitteln zu finden ist, stellt das Fairtrade Cotton Label dar. Dieses ist seit 2005 auf Baumwollprodukten zu finden und garantiert gerechte Arbeitsbedingungen und faire L\u00f6hne f\u00fcr die Mitarbeiter auf den Baumwollplantagen. Die Fairtrade-Vorgaben f\u00fcr die Produzenten sind deutlich h\u00f6her als die bereits genannten ILO-Standards, jedoch gelten diese lediglich f\u00fcr den Anbau und nicht f\u00fcr die Unternehmen in den nachfolgenden Verarbeitungsschritten. Zudem wird der Bio-Anbau finanziell gef\u00f6rdert. Textilien mit diesem Siegel m\u00fcssen zu 100% aus zertifizierter Baumwolle bestehen, womit ein Beimischen von anderen Fasern nicht erlaubt ist. Seit 2016 arbeitet Transfair an der Weiterentwicklung des Textilstandards, um f\u00fcr die gesamte Wertsch\u00f6pfungskette gerechte Bedingungen zu etablieren. <a href=\"https:\/\/www.fairtrade-deutschland.de\/was-ist-fairtrade\/fairtrade-siegel\">www-fairtrade-deutschland.de<\/a><\/p>\n<div class=\"wp-block-image\">\n<figure class=\"alignright size-large is-resized\"><img loading=\"lazy\" decoding=\"async\" src=\"https:\/\/fair-einkaufen.com\/media\/image\/9c\/c0\/14\/fairtrade-kleidung-naturtextil-siegel.png\" alt=\"\" width=\"122\" height=\"122\" \/><\/figure>\n<\/div>\n<p>Das blaue Naturtextil Siegel vergibt der Internationale Verband der Naturtextilwirtschaft (IVN). Der IVN setzt dabei sehr hohe Ma\u00dfst\u00e4be, da die gesamte Wertsch\u00f6pfungskette in Bezug auf die geltenden Kriterien zertifiziert wird, sprich vom Anbau der Fasern bis hin zum Endprodukt. So sind in allen Herstellungsstufen Chemikalien und synthetische Materialien verboten. F\u00fcr die Kleidungsst\u00fccke sind ausschlie\u00dflich Naturfasen aus biologischem Anbau zugelassen, wodurch insbesondere die Kreislaufwirtschaft gef\u00f6rdert werden soll. Ebenso verpflichtend f\u00fcr alle Unternehmen in der Lieferkette sind strenge Sozialstandards, die die ILO-Kernarbeitsnormen garantieren (ILO = International Labour Organization). Die Normen beinhalten die Beseitigung der Zwangsarbeit, das Verbot von Kinderarbeit, ein Diskriminierungsverbot und das Recht auf Kollektivverhandlungen. Das Siegel verwenden aktuell etwa 40 Marken und Produktionsbetriebe, unter anderem Maas Naturwaren, Cotonea oder Engel Sports. <a href=\"https:\/\/naturtextil.de\/qualitaetszeichen\/\">www.naturtextil.d<\/a><\/p>\n<p>Nat\u00fcrlich gibt es noch viele weitere Fair trade Kleidung Siegel und Zertifikate anderer Initiativen, wie z.B. \u201eTextiles Vertrauen\u201c, \u201eder Gr\u00fcne Knopf\u201c usw. Teilweise folgen diese sogar strengere Vorgaben als die hier vorgestellten internationalen Label. Manchmal gibt es jedoch auch Firmen, die ihre Produkte mit den Bezeichnungen \u201egr\u00fcn\u201c oder \u201esozial\u201c nur besser vermarkten wollen. Manche kleinere Hersteller verzichten auch auf eine teure Zertifizierung.<\/p>\n<p>Kaufen Sie Ihre Kleidung deshalb im Fairen Handel, da sind Sie auf jeden Fall auf der sicheren Seite.<\/p>\n","protected":false},"excerpt":{"rendered":"<p>Durchblick im Siegel-Dschungel (2) Menschenw\u00fcrdige Arbeitsbedingungen und nachhaltiges Wirtschaften in der Textil-Lieferkette Der Einsturz der Textilfabrik Rana Plaza in Bangladesch vor knapp neun Jahren hat viele Menschen wachger\u00fcttelt. Das gro\u00dfe Ungl\u00fcck, bei dem \u00fcber 1.100 Menschen starben, steht noch heute als Beispiel f\u00fcr die katastrophalen Zust\u00e4nde in den Fabriken der Textilindustrie. Einige positive Entwicklungen haben&hellip;<\/p>\n","protected":false},"author":287,"featured_media":0,"parent":0,"menu_order":0,"comment_status":"closed","ping_status":"closed","template":"","meta":{"footnotes":""},"class_list":["post-3313","page","type-page","status-publish","hentry","description-off"],"yoast_head":"<!-- This site is optimized with the Yoast SEO plugin v26.8 - https:\/\/yoast.com\/product\/yoast-seo-wordpress\/ -->\n<title>Durchblick im Siegel-Dschungel (2) - Weltladen Offenburg<\/title>\n<meta name=\"robots\" content=\"index, follow, max-snippet:-1, max-image-preview:large, max-video-preview:-1\" \/>\n<link rel=\"canonical\" href=\"https:\/\/weltlaeden.de\/offenburg\/durchblick-im-siegel-dschungel-2\/\" \/>\n<meta property=\"og:locale\" content=\"de_DE\" \/>\n<meta property=\"og:type\" content=\"article\" \/>\n<meta property=\"og:title\" content=\"Durchblick im Siegel-Dschungel (2) - Weltladen Offenburg\" \/>\n<meta property=\"og:description\" content=\"Durchblick im Siegel-Dschungel (2) Menschenw\u00fcrdige Arbeitsbedingungen und nachhaltiges Wirtschaften in der Textil-Lieferkette Der Einsturz der Textilfabrik Rana Plaza in Bangladesch vor knapp neun Jahren hat viele Menschen wachger\u00fcttelt. Das gro\u00dfe Ungl\u00fcck, bei dem \u00fcber 1.100 Menschen starben, steht noch heute als Beispiel f\u00fcr die katastrophalen Zust\u00e4nde in den Fabriken der Textilindustrie. Einige positive Entwicklungen haben&hellip;\" \/>\n<meta property=\"og:url\" content=\"https:\/\/weltlaeden.de\/offenburg\/durchblick-im-siegel-dschungel-2\/\" \/>\n<meta property=\"og:site_name\" content=\"Weltladen Offenburg\" \/>\n<meta property=\"article:modified_time\" content=\"2025-11-03T12:33:15+00:00\" \/>\n<meta name=\"twitter:card\" content=\"summary_large_image\" \/>\n<meta name=\"twitter:label1\" content=\"Gesch\u00e4tzte Lesezeit\" \/>\n\t<meta name=\"twitter:data1\" content=\"5\u00a0Minuten\" \/>\n<script type=\"application\/ld+json\" class=\"yoast-schema-graph\">{\"@context\":\"https:\/\/schema.org\",\"@graph\":[{\"@type\":\"WebPage\",\"@id\":\"https:\/\/weltlaeden.de\/offenburg\/durchblick-im-siegel-dschungel-2\/\",\"url\":\"https:\/\/weltlaeden.de\/offenburg\/durchblick-im-siegel-dschungel-2\/\",\"name\":\"Durchblick im Siegel-Dschungel (2) - Weltladen Offenburg\",\"isPartOf\":{\"@id\":\"https:\/\/weltlaeden.de\/offenburg\/#website\"},\"primaryImageOfPage\":{\"@id\":\"https:\/\/weltlaeden.de\/offenburg\/durchblick-im-siegel-dschungel-2\/#primaryimage\"},\"image\":{\"@id\":\"https:\/\/weltlaeden.de\/offenburg\/durchblick-im-siegel-dschungel-2\/#primaryimage\"},\"thumbnailUrl\":\"https:\/\/www.weltladen-offenburg.de\/wp-content\/uploads\/GOTS-Siegel.jpg\",\"datePublished\":\"2025-11-03T11:29:17+00:00\",\"dateModified\":\"2025-11-03T12:33:15+00:00\",\"breadcrumb\":{\"@id\":\"https:\/\/weltlaeden.de\/offenburg\/durchblick-im-siegel-dschungel-2\/#breadcrumb\"},\"inLanguage\":\"de\",\"potentialAction\":[{\"@type\":\"ReadAction\",\"target\":[\"https:\/\/weltlaeden.de\/offenburg\/durchblick-im-siegel-dschungel-2\/\"]}]},{\"@type\":\"ImageObject\",\"inLanguage\":\"de\",\"@id\":\"https:\/\/weltlaeden.de\/offenburg\/durchblick-im-siegel-dschungel-2\/#primaryimage\",\"url\":\"https:\/\/www.weltladen-offenburg.de\/wp-content\/uploads\/GOTS-Siegel.jpg\",\"contentUrl\":\"https:\/\/www.weltladen-offenburg.de\/wp-content\/uploads\/GOTS-Siegel.jpg\"},{\"@type\":\"BreadcrumbList\",\"@id\":\"https:\/\/weltlaeden.de\/offenburg\/durchblick-im-siegel-dschungel-2\/#breadcrumb\",\"itemListElement\":[{\"@type\":\"ListItem\",\"position\":1,\"name\":\"Startseite\",\"item\":\"https:\/\/weltlaeden.de\/offenburg\/\"},{\"@type\":\"ListItem\",\"position\":2,\"name\":\"Durchblick im Siegel-Dschungel (2)\"}]},{\"@type\":\"WebSite\",\"@id\":\"https:\/\/weltlaeden.de\/offenburg\/#website\",\"url\":\"https:\/\/weltlaeden.de\/offenburg\/\",\"name\":\"Weltladen Offenburg\",\"description\":\"Faire Produkte seit 1990\",\"potentialAction\":[{\"@type\":\"SearchAction\",\"target\":{\"@type\":\"EntryPoint\",\"urlTemplate\":\"https:\/\/weltlaeden.de\/offenburg\/?s={search_term_string}\"},\"query-input\":{\"@type\":\"PropertyValueSpecification\",\"valueRequired\":true,\"valueName\":\"search_term_string\"}}],\"inLanguage\":\"de\"}]}<\/script>\n<!-- \/ Yoast SEO plugin. -->","yoast_head_json":{"title":"Durchblick im Siegel-Dschungel (2) - Weltladen Offenburg","robots":{"index":"index","follow":"follow","max-snippet":"max-snippet:-1","max-image-preview":"max-image-preview:large","max-video-preview":"max-video-preview:-1"},"canonical":"https:\/\/weltlaeden.de\/offenburg\/durchblick-im-siegel-dschungel-2\/","og_locale":"de_DE","og_type":"article","og_title":"Durchblick im Siegel-Dschungel (2) - Weltladen Offenburg","og_description":"Durchblick im Siegel-Dschungel (2) Menschenw\u00fcrdige Arbeitsbedingungen und nachhaltiges Wirtschaften in der Textil-Lieferkette Der Einsturz der Textilfabrik Rana Plaza in Bangladesch vor knapp neun Jahren hat viele Menschen wachger\u00fcttelt. Das gro\u00dfe Ungl\u00fcck, bei dem \u00fcber 1.100 Menschen starben, steht noch heute als Beispiel f\u00fcr die katastrophalen Zust\u00e4nde in den Fabriken der Textilindustrie. Einige positive Entwicklungen haben&hellip;","og_url":"https:\/\/weltlaeden.de\/offenburg\/durchblick-im-siegel-dschungel-2\/","og_site_name":"Weltladen Offenburg","article_modified_time":"2025-11-03T12:33:15+00:00","twitter_card":"summary_large_image","twitter_misc":{"Gesch\u00e4tzte Lesezeit":"5\u00a0Minuten"},"schema":{"@context":"https:\/\/schema.org","@graph":[{"@type":"WebPage","@id":"https:\/\/weltlaeden.de\/offenburg\/durchblick-im-siegel-dschungel-2\/","url":"https:\/\/weltlaeden.de\/offenburg\/durchblick-im-siegel-dschungel-2\/","name":"Durchblick im Siegel-Dschungel (2) - Weltladen Offenburg","isPartOf":{"@id":"https:\/\/weltlaeden.de\/offenburg\/#website"},"primaryImageOfPage":{"@id":"https:\/\/weltlaeden.de\/offenburg\/durchblick-im-siegel-dschungel-2\/#primaryimage"},"image":{"@id":"https:\/\/weltlaeden.de\/offenburg\/durchblick-im-siegel-dschungel-2\/#primaryimage"},"thumbnailUrl":"https:\/\/www.weltladen-offenburg.de\/wp-content\/uploads\/GOTS-Siegel.jpg","datePublished":"2025-11-03T11:29:17+00:00","dateModified":"2025-11-03T12:33:15+00:00","breadcrumb":{"@id":"https:\/\/weltlaeden.de\/offenburg\/durchblick-im-siegel-dschungel-2\/#breadcrumb"},"inLanguage":"de","potentialAction":[{"@type":"ReadAction","target":["https:\/\/weltlaeden.de\/offenburg\/durchblick-im-siegel-dschungel-2\/"]}]},{"@type":"ImageObject","inLanguage":"de","@id":"https:\/\/weltlaeden.de\/offenburg\/durchblick-im-siegel-dschungel-2\/#primaryimage","url":"https:\/\/www.weltladen-offenburg.de\/wp-content\/uploads\/GOTS-Siegel.jpg","contentUrl":"https:\/\/www.weltladen-offenburg.de\/wp-content\/uploads\/GOTS-Siegel.jpg"},{"@type":"BreadcrumbList","@id":"https:\/\/weltlaeden.de\/offenburg\/durchblick-im-siegel-dschungel-2\/#breadcrumb","itemListElement":[{"@type":"ListItem","position":1,"name":"Startseite","item":"https:\/\/weltlaeden.de\/offenburg\/"},{"@type":"ListItem","position":2,"name":"Durchblick im Siegel-Dschungel (2)"}]},{"@type":"WebSite","@id":"https:\/\/weltlaeden.de\/offenburg\/#website","url":"https:\/\/weltlaeden.de\/offenburg\/","name":"Weltladen Offenburg","description":"Faire Produkte seit 1990","potentialAction":[{"@type":"SearchAction","target":{"@type":"EntryPoint","urlTemplate":"https:\/\/weltlaeden.de\/offenburg\/?s={search_term_string}"},"query-input":{"@type":"PropertyValueSpecification","valueRequired":true,"valueName":"search_term_string"}}],"inLanguage":"de"}]}},"_links":{"self":[{"href":"https:\/\/weltlaeden.de\/offenburg\/wp-json\/wp\/v2\/pages\/3313","targetHints":{"allow":["GET"]}}],"collection":[{"href":"https:\/\/weltlaeden.de\/offenburg\/wp-json\/wp\/v2\/pages"}],"about":[{"href":"https:\/\/weltlaeden.de\/offenburg\/wp-json\/wp\/v2\/types\/page"}],"author":[{"embeddable":true,"href":"https:\/\/weltlaeden.de\/offenburg\/wp-json\/wp\/v2\/users\/287"}],"replies":[{"embeddable":true,"href":"https:\/\/weltlaeden.de\/offenburg\/wp-json\/wp\/v2\/comments?post=3313"}],"version-history":[{"count":2,"href":"https:\/\/weltlaeden.de\/offenburg\/wp-json\/wp\/v2\/pages\/3313\/revisions"}],"predecessor-version":[{"id":3317,"href":"https:\/\/weltlaeden.de\/offenburg\/wp-json\/wp\/v2\/pages\/3313\/revisions\/3317"}],"wp:attachment":[{"href":"https:\/\/weltlaeden.de\/offenburg\/wp-json\/wp\/v2\/media?parent=3313"}],"curies":[{"name":"wp","href":"https:\/\/api.w.org\/{rel}","templated":true}]}}