{"id":3308,"date":"2025-11-03T12:14:28","date_gmt":"2025-11-03T11:14:28","guid":{"rendered":"https:\/\/weltlaeden.de\/offenburg\/?page_id=3308"},"modified":"2025-11-03T13:33:58","modified_gmt":"2025-11-03T12:33:58","slug":"durchblick-im-siegel-dschungel-1","status":"publish","type":"page","link":"https:\/\/weltlaeden.de\/offenburg\/durchblick-im-siegel-dschungel-1\/","title":{"rendered":"Durchblick im Siegel-Dschungel (1)"},"content":{"rendered":"<h1 style=\"text-align: center\">Durchblick im Siegel-Dschungel (1)<\/h1>\n<h3><\/h3>\n<h3 class=\"wp-block-heading\"><img loading=\"lazy\" decoding=\"async\" class=\"size-medium wp-image-3310 aligncenter\" src=\"https:\/\/weltlaeden.de\/offenburg\/wp-content\/uploads\/sites\/198\/2025\/11\/Screenshot-2025-11-03-121111-300x194.png\" alt=\"\" width=\"300\" height=\"194\" srcset=\"https:\/\/weltlaeden.de\/offenburg\/wp-content\/uploads\/sites\/198\/2025\/11\/Screenshot-2025-11-03-121111-300x194.png 300w, https:\/\/weltlaeden.de\/offenburg\/wp-content\/uploads\/sites\/198\/2025\/11\/Screenshot-2025-11-03-121111.png 577w\" sizes=\"auto, (max-width: 300px) 100vw, 300px\" \/><\/h3>\n<p>&nbsp;<\/p>\n<h3 class=\"wp-block-heading\">Eine kleine Shoppingtour, wer liebt es nicht! Aber wie entscheiden wir eigentlich, was am Ende in unserem Einkaufskorb landet?<\/h3>\n<p>Die Studie von <a href=\"https:\/\/codecheck-app.com\/de\/ueber-uns\/\">Codecheck-app<\/a> hat ergeben, dass am Regal vor allem auf die Inhaltsstoffe geschaut wird \u2013 besonders wenn\u2019s um Kosmetik und Lebensmittel geht. Mit Siegeln haben es die K\u00e4ufer und K\u00e4uferinnen nicht so: 32% achten beim Kauf von Lebensmittel auf Siegel, bei Kosmetika sogar nur 16%. Und das obwohl nachhaltige und bewusste Kaufentscheidungen f\u00fcr viele Konsumenten und Konsumentinnen einen immer h\u00f6heren Stellenwert haben.<\/p>\n<p>Klar ist auch: Im Siegel-Dschungel k\u00f6nnen wir schon mal leicht den \u00dcberblick verlieren.<\/p>\n<p>In einer kleinen Reihe <strong>\u201eSiegelkunde\u201c<\/strong> wollen wir einige durchaus wichtige Siegel etwas genauer unter die Lupe nehmen.<\/p>\n<h3 class=\"wp-block-heading\">Wir fangen an mit dem EU-Bio-Siegel.<\/h3>\n<p>Wei\u00dfe Sterne mit gr\u00fcnem Hintergrund, die ein Blatt formen \u2013 wahrscheinlich begegnet uns allen fast t\u00e4glich dieses Logo. Vor 12 Jahren wurde das <a href=\"https:\/\/agriculture.ec.europa.eu\/farming\/organic-farming\/organic-logo_de\"><strong>EU-Bio-Logo<\/strong><\/a> eingef\u00fchrt. Das Ziel der EU-Kommission war es, Bioprodukte mit einem Siegel zu kennzeichnen und so Transparenz und Standards f\u00fcr die Konsument*innen zu schaffen. So sind bspw. Gentechnik und chemische-synthetische Pflanzenschutz-D\u00fcngemittel bei der Produktion landwirtschaftlicher Produkte mit Bioqualit\u00e4t verboten.<\/p>\n<p>Das Siegel besteht immer aus drei Komponenten: das gr\u00fcne Logo, ein Code f\u00fcr die Kontrollstelle und der Produktionsort. Beispiel gef\u00e4lligst? Bei unserem Kaffee \u201eFaires Pfund\u201c von GEPA The Fair Trade Company kennzeichnet bspw. DE-\u00d6KO-001 die Kontrollstelle, und in diesem Fall \u201eNicht-EU-Landwirtschaft\u201c die Herkunft des Kaffees. Zugegeben, etwas ungenau, wir wissen nat\u00fcrlich, dass der Kaffee f\u00fcr unser \u201eFaires Pfund\u201c u.a. aus Tanzania (vom <a href=\"http:\/\/kcu.or.tz\/\">Kooperativen-Dachverband KCU (Kagera Cooperative Union)<\/a> und aus Peru (von der <a href=\"https:\/\/www.fairtrade.org.uk\/farmers-and-workers\/coffee\/cecovasa-peru\/\">Kooperative CECOVASA<\/a>) kommt.<\/p>\n<div class=\"wp-block-image\">\n<figure class=\"alignright size-full is-resized\"><a href=\"https:\/\/www.weltladen-offenburg.de\/wp-content\/uploads\/deutsches-biosiegel.jpg\"><img loading=\"lazy\" decoding=\"async\" class=\"wp-image-6965\" src=\"https:\/\/www.weltladen-offenburg.de\/wp-content\/uploads\/deutsches-biosiegel.jpg\" alt=\"\" width=\"235\" height=\"201\" \/><\/a><\/figure>\n<\/div>\n<p>Neben dem EU-Siegel steht auf vielen Produkten nach wie vor noch das sechseckige <a href=\"https:\/\/www.bmel.de\/DE\/themen\/landwirtschaft\/oekologischer-landbau\/bio-siegel.html\"><strong>Deutsche Bio-Siegel<\/strong><\/a> (seit 2001). Das deutsche Siegel wird vom Bundesministerium f\u00fcr Verbraucherschutz, Ern\u00e4hrung und Landwirtschaft vergeben und kennzeichnet Lebensmittel aus kontrolliert \u00f6kologischem Anbau. Die Kriterien richten sich nach den Bestimmungen der EU-Bio-Verordnung.<\/p>\n<h3 class=\"wp-block-heading\">Noch drei Bio-Siegel:<\/h3>\n<p>Nat\u00fcrlich gibt es noch mehr Bio-Siegel, die wohl drei bekanntesten wollen wir hier noch benennen:<\/p>\n<h3 class=\"wp-block-heading\">Bioland<\/h3>\n<p>Den Anbauverband <a href=\"https:\/\/www.bioland.de\/richtlinien\"><strong>Bioland<\/strong><\/a> gibt es bereits seit 1976 und das System basiert auf einem geschlossenem Betriebskreislauf. Die Kriterien f\u00fcr dieses Bio-Label gehen \u00fcber die EG-\u00d6ko-Verordnung hinaus.<\/p>\n<h3 class=\"wp-block-heading\">Demeter<\/h3>\n<p>Seit 1924 arbeitet <strong><a href=\"https:\/\/www.demeter.de\/organisation\">Demeter<\/a><\/strong> nach den Kriterien der biologisch-dynamischen Landwirtschaft und geht mit den Vorschriften \u00fcber die gesetzlichen Anforderungen der EG-\u00d6ko-Verordnung hinaus.<\/p>\n<h3 class=\"wp-block-heading\">Naturland<\/h3>\n<p>Lebensmittel, Holzprodukte und Textilien seit 1982: Die Kriterien der <strong><a href=\"https:\/\/www.naturland.de\/de\/naturland\/wofuer-wir-stehen\/qualitaet\/qs-richtlinien.html\">Naturland<\/a><\/strong>-Waren gehen \u00fcber die EG-\u00d6ko-Verordnung hinaus.<\/p>\n<p>ber die EG-\u00d6ko-Verordnung hinaus.<\/p>\n<div class=\"wp-block-image\">\n<figure class=\"aligncenter size-full\"><a href=\"https:\/\/www.weltladen-offenburg.de\/wp-content\/uploads\/biosiegel-naturland-demeter-Bioland.jpg\"><img loading=\"lazy\" decoding=\"async\" class=\"wp-image-6966\" src=\"https:\/\/www.weltladen-offenburg.de\/wp-content\/uploads\/biosiegel-naturland-demeter-Bioland.jpg\" alt=\"\" width=\"438\" height=\"161\" \/><\/a><\/figure>\n<\/div>\n<div class=\"wp-block-spacer\" aria-hidden=\"true\"><\/div>\n<h3 class=\"wp-block-heading\">Gut zu wissen<\/h3>\n<p>Viele Slogans auf Verpackungen sind nichts weiter als eine reine Werbemasche. Doch hinter vielen Bio-Labels\u00a0steckt mehr. So k\u00f6nnen sich Verbraucher beispielsweise bei Produkten mit einem Demeter-Logo sicher sein, dass ein hoher \u00f6kologischer Standard bei Erzeugung und Verarbeitung der Produkte gilt.\u00a0Des Weiteren gibt es verschiedene Bio-Siegel, zum Beispiel das EU-Bio-Logo, Bioland und Co., die jeweils f\u00fcr bestimmte Anspr\u00fcche\u00a0stehen.<\/p>\n","protected":false},"excerpt":{"rendered":"<p>Durchblick im Siegel-Dschungel (1) &nbsp; Eine kleine Shoppingtour, wer liebt es nicht! Aber wie entscheiden wir eigentlich, was am Ende in unserem Einkaufskorb landet? Die Studie von Codecheck-app hat ergeben, dass am Regal vor allem auf die Inhaltsstoffe geschaut wird \u2013 besonders wenn\u2019s um Kosmetik und Lebensmittel geht. Mit Siegeln haben es die K\u00e4ufer und&hellip;<\/p>\n","protected":false},"author":287,"featured_media":0,"parent":0,"menu_order":0,"comment_status":"closed","ping_status":"closed","template":"","meta":{"footnotes":""},"class_list":["post-3308","page","type-page","status-publish","hentry","description-off"],"yoast_head":"<!-- This site is optimized with the Yoast SEO plugin v26.8 - https:\/\/yoast.com\/product\/yoast-seo-wordpress\/ -->\n<title>Durchblick im Siegel-Dschungel (1) - Weltladen Offenburg<\/title>\n<meta name=\"robots\" content=\"index, follow, max-snippet:-1, max-image-preview:large, max-video-preview:-1\" \/>\n<link rel=\"canonical\" href=\"https:\/\/weltlaeden.de\/offenburg\/durchblick-im-siegel-dschungel-1\/\" \/>\n<meta property=\"og:locale\" content=\"de_DE\" \/>\n<meta property=\"og:type\" content=\"article\" \/>\n<meta property=\"og:title\" content=\"Durchblick im Siegel-Dschungel (1) - Weltladen Offenburg\" \/>\n<meta property=\"og:description\" content=\"Durchblick im Siegel-Dschungel (1) &nbsp; Eine kleine Shoppingtour, wer liebt es nicht! Aber wie entscheiden wir eigentlich, was am Ende in unserem Einkaufskorb landet? Die Studie von Codecheck-app hat ergeben, dass am Regal vor allem auf die Inhaltsstoffe geschaut wird \u2013 besonders wenn\u2019s um Kosmetik und Lebensmittel geht. Mit Siegeln haben es die K\u00e4ufer und&hellip;\" \/>\n<meta property=\"og:url\" content=\"https:\/\/weltlaeden.de\/offenburg\/durchblick-im-siegel-dschungel-1\/\" \/>\n<meta property=\"og:site_name\" content=\"Weltladen Offenburg\" \/>\n<meta property=\"article:modified_time\" content=\"2025-11-03T12:33:58+00:00\" \/>\n<meta property=\"og:image\" content=\"https:\/\/weltlaeden.de\/offenburg\/wp-content\/uploads\/sites\/198\/2025\/11\/Screenshot-2025-11-03-121111.png\" \/>\n\t<meta property=\"og:image:width\" content=\"577\" \/>\n\t<meta property=\"og:image:height\" content=\"373\" \/>\n\t<meta property=\"og:image:type\" content=\"image\/png\" \/>\n<meta name=\"twitter:card\" content=\"summary_large_image\" \/>\n<meta name=\"twitter:label1\" content=\"Gesch\u00e4tzte Lesezeit\" \/>\n\t<meta name=\"twitter:data1\" content=\"4\u00a0Minuten\" \/>\n<script type=\"application\/ld+json\" class=\"yoast-schema-graph\">{\"@context\":\"https:\/\/schema.org\",\"@graph\":[{\"@type\":\"WebPage\",\"@id\":\"https:\/\/weltlaeden.de\/offenburg\/durchblick-im-siegel-dschungel-1\/\",\"url\":\"https:\/\/weltlaeden.de\/offenburg\/durchblick-im-siegel-dschungel-1\/\",\"name\":\"Durchblick im Siegel-Dschungel (1) - Weltladen Offenburg\",\"isPartOf\":{\"@id\":\"https:\/\/weltlaeden.de\/offenburg\/#website\"},\"primaryImageOfPage\":{\"@id\":\"https:\/\/weltlaeden.de\/offenburg\/durchblick-im-siegel-dschungel-1\/#primaryimage\"},\"image\":{\"@id\":\"https:\/\/weltlaeden.de\/offenburg\/durchblick-im-siegel-dschungel-1\/#primaryimage\"},\"thumbnailUrl\":\"https:\/\/weltlaeden.de\/offenburg\/wp-content\/uploads\/sites\/198\/2025\/11\/Screenshot-2025-11-03-121111-300x194.png\",\"datePublished\":\"2025-11-03T11:14:28+00:00\",\"dateModified\":\"2025-11-03T12:33:58+00:00\",\"breadcrumb\":{\"@id\":\"https:\/\/weltlaeden.de\/offenburg\/durchblick-im-siegel-dschungel-1\/#breadcrumb\"},\"inLanguage\":\"de\",\"potentialAction\":[{\"@type\":\"ReadAction\",\"target\":[\"https:\/\/weltlaeden.de\/offenburg\/durchblick-im-siegel-dschungel-1\/\"]}]},{\"@type\":\"ImageObject\",\"inLanguage\":\"de\",\"@id\":\"https:\/\/weltlaeden.de\/offenburg\/durchblick-im-siegel-dschungel-1\/#primaryimage\",\"url\":\"https:\/\/weltlaeden.de\/offenburg\/wp-content\/uploads\/sites\/198\/2025\/11\/Screenshot-2025-11-03-121111.png\",\"contentUrl\":\"https:\/\/weltlaeden.de\/offenburg\/wp-content\/uploads\/sites\/198\/2025\/11\/Screenshot-2025-11-03-121111.png\",\"width\":577,\"height\":373},{\"@type\":\"BreadcrumbList\",\"@id\":\"https:\/\/weltlaeden.de\/offenburg\/durchblick-im-siegel-dschungel-1\/#breadcrumb\",\"itemListElement\":[{\"@type\":\"ListItem\",\"position\":1,\"name\":\"Startseite\",\"item\":\"https:\/\/weltlaeden.de\/offenburg\/\"},{\"@type\":\"ListItem\",\"position\":2,\"name\":\"Durchblick im Siegel-Dschungel (1)\"}]},{\"@type\":\"WebSite\",\"@id\":\"https:\/\/weltlaeden.de\/offenburg\/#website\",\"url\":\"https:\/\/weltlaeden.de\/offenburg\/\",\"name\":\"Weltladen Offenburg\",\"description\":\"Faire Produkte seit 1990\",\"potentialAction\":[{\"@type\":\"SearchAction\",\"target\":{\"@type\":\"EntryPoint\",\"urlTemplate\":\"https:\/\/weltlaeden.de\/offenburg\/?s={search_term_string}\"},\"query-input\":{\"@type\":\"PropertyValueSpecification\",\"valueRequired\":true,\"valueName\":\"search_term_string\"}}],\"inLanguage\":\"de\"}]}<\/script>\n<!-- \/ Yoast SEO plugin. -->","yoast_head_json":{"title":"Durchblick im Siegel-Dschungel (1) - Weltladen Offenburg","robots":{"index":"index","follow":"follow","max-snippet":"max-snippet:-1","max-image-preview":"max-image-preview:large","max-video-preview":"max-video-preview:-1"},"canonical":"https:\/\/weltlaeden.de\/offenburg\/durchblick-im-siegel-dschungel-1\/","og_locale":"de_DE","og_type":"article","og_title":"Durchblick im Siegel-Dschungel (1) - Weltladen Offenburg","og_description":"Durchblick im Siegel-Dschungel (1) &nbsp; Eine kleine Shoppingtour, wer liebt es nicht! Aber wie entscheiden wir eigentlich, was am Ende in unserem Einkaufskorb landet? Die Studie von Codecheck-app hat ergeben, dass am Regal vor allem auf die Inhaltsstoffe geschaut wird \u2013 besonders wenn\u2019s um Kosmetik und Lebensmittel geht. Mit Siegeln haben es die K\u00e4ufer und&hellip;","og_url":"https:\/\/weltlaeden.de\/offenburg\/durchblick-im-siegel-dschungel-1\/","og_site_name":"Weltladen Offenburg","article_modified_time":"2025-11-03T12:33:58+00:00","og_image":[{"width":577,"height":373,"url":"https:\/\/weltlaeden.de\/offenburg\/wp-content\/uploads\/sites\/198\/2025\/11\/Screenshot-2025-11-03-121111.png","type":"image\/png"}],"twitter_card":"summary_large_image","twitter_misc":{"Gesch\u00e4tzte Lesezeit":"4\u00a0Minuten"},"schema":{"@context":"https:\/\/schema.org","@graph":[{"@type":"WebPage","@id":"https:\/\/weltlaeden.de\/offenburg\/durchblick-im-siegel-dschungel-1\/","url":"https:\/\/weltlaeden.de\/offenburg\/durchblick-im-siegel-dschungel-1\/","name":"Durchblick im Siegel-Dschungel (1) - Weltladen Offenburg","isPartOf":{"@id":"https:\/\/weltlaeden.de\/offenburg\/#website"},"primaryImageOfPage":{"@id":"https:\/\/weltlaeden.de\/offenburg\/durchblick-im-siegel-dschungel-1\/#primaryimage"},"image":{"@id":"https:\/\/weltlaeden.de\/offenburg\/durchblick-im-siegel-dschungel-1\/#primaryimage"},"thumbnailUrl":"https:\/\/weltlaeden.de\/offenburg\/wp-content\/uploads\/sites\/198\/2025\/11\/Screenshot-2025-11-03-121111-300x194.png","datePublished":"2025-11-03T11:14:28+00:00","dateModified":"2025-11-03T12:33:58+00:00","breadcrumb":{"@id":"https:\/\/weltlaeden.de\/offenburg\/durchblick-im-siegel-dschungel-1\/#breadcrumb"},"inLanguage":"de","potentialAction":[{"@type":"ReadAction","target":["https:\/\/weltlaeden.de\/offenburg\/durchblick-im-siegel-dschungel-1\/"]}]},{"@type":"ImageObject","inLanguage":"de","@id":"https:\/\/weltlaeden.de\/offenburg\/durchblick-im-siegel-dschungel-1\/#primaryimage","url":"https:\/\/weltlaeden.de\/offenburg\/wp-content\/uploads\/sites\/198\/2025\/11\/Screenshot-2025-11-03-121111.png","contentUrl":"https:\/\/weltlaeden.de\/offenburg\/wp-content\/uploads\/sites\/198\/2025\/11\/Screenshot-2025-11-03-121111.png","width":577,"height":373},{"@type":"BreadcrumbList","@id":"https:\/\/weltlaeden.de\/offenburg\/durchblick-im-siegel-dschungel-1\/#breadcrumb","itemListElement":[{"@type":"ListItem","position":1,"name":"Startseite","item":"https:\/\/weltlaeden.de\/offenburg\/"},{"@type":"ListItem","position":2,"name":"Durchblick im Siegel-Dschungel (1)"}]},{"@type":"WebSite","@id":"https:\/\/weltlaeden.de\/offenburg\/#website","url":"https:\/\/weltlaeden.de\/offenburg\/","name":"Weltladen Offenburg","description":"Faire Produkte seit 1990","potentialAction":[{"@type":"SearchAction","target":{"@type":"EntryPoint","urlTemplate":"https:\/\/weltlaeden.de\/offenburg\/?s={search_term_string}"},"query-input":{"@type":"PropertyValueSpecification","valueRequired":true,"valueName":"search_term_string"}}],"inLanguage":"de"}]}},"_links":{"self":[{"href":"https:\/\/weltlaeden.de\/offenburg\/wp-json\/wp\/v2\/pages\/3308","targetHints":{"allow":["GET"]}}],"collection":[{"href":"https:\/\/weltlaeden.de\/offenburg\/wp-json\/wp\/v2\/pages"}],"about":[{"href":"https:\/\/weltlaeden.de\/offenburg\/wp-json\/wp\/v2\/types\/page"}],"author":[{"embeddable":true,"href":"https:\/\/weltlaeden.de\/offenburg\/wp-json\/wp\/v2\/users\/287"}],"replies":[{"embeddable":true,"href":"https:\/\/weltlaeden.de\/offenburg\/wp-json\/wp\/v2\/comments?post=3308"}],"version-history":[{"count":4,"href":"https:\/\/weltlaeden.de\/offenburg\/wp-json\/wp\/v2\/pages\/3308\/revisions"}],"predecessor-version":[{"id":3318,"href":"https:\/\/weltlaeden.de\/offenburg\/wp-json\/wp\/v2\/pages\/3308\/revisions\/3318"}],"wp:attachment":[{"href":"https:\/\/weltlaeden.de\/offenburg\/wp-json\/wp\/v2\/media?parent=3308"}],"curies":[{"name":"wp","href":"https:\/\/api.w.org\/{rel}","templated":true}]}}