{"id":2640,"date":"2025-04-23T14:36:06","date_gmt":"2025-04-23T12:36:06","guid":{"rendered":"https:\/\/weltlaeden.de\/offenburg\/?page_id=2640"},"modified":"2025-04-23T14:36:06","modified_gmt":"2025-04-23T12:36:06","slug":"newsletter","status":"publish","type":"page","link":"https:\/\/weltlaeden.de\/offenburg\/newsletter\/","title":{"rendered":"Newsletter"},"content":{"rendered":"<h1><strong>Newsletter<\/strong><\/h1>\n<p>&nbsp;<\/p>\n<p>Sie w\u00fcrden sich gerne per Mail \u00fcber Veranstaltungen, Kampagnen oder Aktionen informieren lassen? Dann abonnieren Sie unseren kostenlosen, jederzeit k\u00fcndbaren Newsletter.<\/p>\n<p>Eine Mail an <a href=\"mailto:info@weltladen-offenburg.de?subject=Newsletter-Anmeldung\">info@weltladen-offenburg.de<\/a> gen\u00fcgt. Bitte beachten Sie: mit der Anmeldung f\u00fcr den Newsletter erkl\u00e4ren Sie sich mit den <a href=\"https:\/\/www.weltladen-offenburg.de\/impressum\/\">Datenschutzbestimmungen<\/a> des Weltladen Regentropfen Offenburg e.V. einverstanden.<\/p>\n","protected":false},"excerpt":{"rendered":"<p>Newsletter &nbsp; Sie w\u00fcrden sich gerne per Mail \u00fcber Veranstaltungen, Kampagnen oder Aktionen informieren lassen? Dann abonnieren Sie unseren kostenlosen, jederzeit k\u00fcndbaren Newsletter. Eine Mail an info@weltladen-offenburg.de gen\u00fcgt. Bitte beachten Sie: mit der Anmeldung f\u00fcr den Newsletter erkl\u00e4ren Sie sich mit den Datenschutzbestimmungen des Weltladen Regentropfen Offenburg e.V. einverstanden.<\/p>\n","protected":false},"author":287,"featured_media":0,"parent":0,"menu_order":0,"comment_status":"closed","ping_status":"closed","template":"","meta":{"footnotes":""},"class_list":["post-2640","page","type-page","status-publish","hentry","description-off"],"yoast_head":"<!-- This site is optimized with the Yoast SEO plugin v26.8 - https:\/\/yoast.com\/product\/yoast-seo-wordpress\/ -->\n<title>Newsletter - Weltladen Offenburg<\/title>\n<meta name=\"robots\" content=\"index, follow, max-snippet:-1, max-image-preview:large, max-video-preview:-1\" \/>\n<link rel=\"canonical\" href=\"https:\/\/weltlaeden.de\/offenburg\/newsletter\/\" \/>\n<meta property=\"og:locale\" content=\"de_DE\" \/>\n<meta property=\"og:type\" content=\"article\" \/>\n<meta property=\"og:title\" content=\"Newsletter - Weltladen Offenburg\" \/>\n<meta property=\"og:description\" content=\"Newsletter &nbsp; Sie w\u00fcrden sich gerne per Mail \u00fcber Veranstaltungen, Kampagnen oder Aktionen informieren lassen? Dann abonnieren Sie unseren kostenlosen, jederzeit k\u00fcndbaren Newsletter. Eine Mail an info@weltladen-offenburg.de gen\u00fcgt. Bitte beachten Sie: mit der Anmeldung f\u00fcr den Newsletter erkl\u00e4ren Sie sich mit den Datenschutzbestimmungen des Weltladen Regentropfen Offenburg e.V. einverstanden.\" \/>\n<meta property=\"og:url\" content=\"https:\/\/weltlaeden.de\/offenburg\/newsletter\/\" \/>\n<meta property=\"og:site_name\" content=\"Weltladen Offenburg\" \/>\n<meta name=\"twitter:card\" content=\"summary_large_image\" \/>\n<meta name=\"twitter:label1\" content=\"Gesch\u00e4tzte Lesezeit\" \/>\n\t<meta name=\"twitter:data1\" content=\"1\u00a0Minute\" \/>\n<script type=\"application\/ld+json\" class=\"yoast-schema-graph\">{\"@context\":\"https:\/\/schema.org\",\"@graph\":[{\"@type\":\"WebPage\",\"@id\":\"https:\/\/weltlaeden.de\/offenburg\/newsletter\/\",\"url\":\"https:\/\/weltlaeden.de\/offenburg\/newsletter\/\",\"name\":\"Newsletter - Weltladen Offenburg\",\"isPartOf\":{\"@id\":\"https:\/\/weltlaeden.de\/offenburg\/#website\"},\"datePublished\":\"2025-04-23T12:36:06+00:00\",\"breadcrumb\":{\"@id\":\"https:\/\/weltlaeden.de\/offenburg\/newsletter\/#breadcrumb\"},\"inLanguage\":\"de\",\"potentialAction\":[{\"@type\":\"ReadAction\",\"target\":[\"https:\/\/weltlaeden.de\/offenburg\/newsletter\/\"]}]},{\"@type\":\"BreadcrumbList\",\"@id\":\"https:\/\/weltlaeden.de\/offenburg\/newsletter\/#breadcrumb\",\"itemListElement\":[{\"@type\":\"ListItem\",\"position\":1,\"name\":\"Startseite\",\"item\":\"https:\/\/weltlaeden.de\/offenburg\/\"},{\"@type\":\"ListItem\",\"position\":2,\"name\":\"Newsletter\"}]},{\"@type\":\"WebSite\",\"@id\":\"https:\/\/weltlaeden.de\/offenburg\/#website\",\"url\":\"https:\/\/weltlaeden.de\/offenburg\/\",\"name\":\"Weltladen Offenburg\",\"description\":\"Faire Produkte seit 1990\",\"potentialAction\":[{\"@type\":\"SearchAction\",\"target\":{\"@type\":\"EntryPoint\",\"urlTemplate\":\"https:\/\/weltlaeden.de\/offenburg\/?s={search_term_string}\"},\"query-input\":{\"@type\":\"PropertyValueSpecification\",\"valueRequired\":true,\"valueName\":\"search_term_string\"}}],\"inLanguage\":\"de\"}]}<\/script>\n<!-- \/ Yoast SEO plugin. -->","yoast_head_json":{"title":"Newsletter - Weltladen Offenburg","robots":{"index":"index","follow":"follow","max-snippet":"max-snippet:-1","max-image-preview":"max-image-preview:large","max-video-preview":"max-video-preview:-1"},"canonical":"https:\/\/weltlaeden.de\/offenburg\/newsletter\/","og_locale":"de_DE","og_type":"article","og_title":"Newsletter - Weltladen Offenburg","og_description":"Newsletter &nbsp; Sie w\u00fcrden sich gerne per Mail \u00fcber Veranstaltungen, Kampagnen oder Aktionen informieren lassen? Dann abonnieren Sie unseren kostenlosen, jederzeit k\u00fcndbaren Newsletter. Eine Mail an info@weltladen-offenburg.de gen\u00fcgt. Bitte beachten Sie: mit der Anmeldung f\u00fcr den Newsletter erkl\u00e4ren Sie sich mit den Datenschutzbestimmungen des Weltladen Regentropfen Offenburg e.V. einverstanden.","og_url":"https:\/\/weltlaeden.de\/offenburg\/newsletter\/","og_site_name":"Weltladen Offenburg","twitter_card":"summary_large_image","twitter_misc":{"Gesch\u00e4tzte Lesezeit":"1\u00a0Minute"},"schema":{"@context":"https:\/\/schema.org","@graph":[{"@type":"WebPage","@id":"https:\/\/weltlaeden.de\/offenburg\/newsletter\/","url":"https:\/\/weltlaeden.de\/offenburg\/newsletter\/","name":"Newsletter - Weltladen Offenburg","isPartOf":{"@id":"https:\/\/weltlaeden.de\/offenburg\/#website"},"datePublished":"2025-04-23T12:36:06+00:00","breadcrumb":{"@id":"https:\/\/weltlaeden.de\/offenburg\/newsletter\/#breadcrumb"},"inLanguage":"de","potentialAction":[{"@type":"ReadAction","target":["https:\/\/weltlaeden.de\/offenburg\/newsletter\/"]}]},{"@type":"BreadcrumbList","@id":"https:\/\/weltlaeden.de\/offenburg\/newsletter\/#breadcrumb","itemListElement":[{"@type":"ListItem","position":1,"name":"Startseite","item":"https:\/\/weltlaeden.de\/offenburg\/"},{"@type":"ListItem","position":2,"name":"Newsletter"}]},{"@type":"WebSite","@id":"https:\/\/weltlaeden.de\/offenburg\/#website","url":"https:\/\/weltlaeden.de\/offenburg\/","name":"Weltladen Offenburg","description":"Faire Produkte seit 1990","potentialAction":[{"@type":"SearchAction","target":{"@type":"EntryPoint","urlTemplate":"https:\/\/weltlaeden.de\/offenburg\/?s={search_term_string}"},"query-input":{"@type":"PropertyValueSpecification","valueRequired":true,"valueName":"search_term_string"}}],"inLanguage":"de"}]}},"_links":{"self":[{"href":"https:\/\/weltlaeden.de\/offenburg\/wp-json\/wp\/v2\/pages\/2640","targetHints":{"allow":["GET"]}}],"collection":[{"href":"https:\/\/weltlaeden.de\/offenburg\/wp-json\/wp\/v2\/pages"}],"about":[{"href":"https:\/\/weltlaeden.de\/offenburg\/wp-json\/wp\/v2\/types\/page"}],"author":[{"embeddable":true,"href":"https:\/\/weltlaeden.de\/offenburg\/wp-json\/wp\/v2\/users\/287"}],"replies":[{"embeddable":true,"href":"https:\/\/weltlaeden.de\/offenburg\/wp-json\/wp\/v2\/comments?post=2640"}],"version-history":[{"count":1,"href":"https:\/\/weltlaeden.de\/offenburg\/wp-json\/wp\/v2\/pages\/2640\/revisions"}],"predecessor-version":[{"id":2641,"href":"https:\/\/weltlaeden.de\/offenburg\/wp-json\/wp\/v2\/pages\/2640\/revisions\/2641"}],"wp:attachment":[{"href":"https:\/\/weltlaeden.de\/offenburg\/wp-json\/wp\/v2\/media?parent=2640"}],"curies":[{"name":"wp","href":"https:\/\/api.w.org\/{rel}","templated":true}]}}