{"id":219,"date":"2016-10-28T13:34:47","date_gmt":"2016-10-28T11:34:47","guid":{"rendered":"https:\/\/wl.heimpixel.de\/vorlage\/ueber-uns\/"},"modified":"2025-04-22T11:58:50","modified_gmt":"2025-04-22T09:58:50","slug":"ueber-uns","status":"publish","type":"page","link":"https:\/\/weltlaeden.de\/offenburg\/ueber-uns\/","title":{"rendered":"\u00dcber uns"},"content":{"rendered":"<div class=\"wpb-content-wrapper\"><p>[vc_row][vc_column]<div class=\"wl_einzelbild\"><p><img loading=\"lazy\" decoding=\"async\" class=\"wp-image-886 aligncenter\" src=\"https:\/\/weltlaeden.de\/offenburg\/wp-content\/uploads\/sites\/198\/2024\/11\/Weltladen-Eckansicht-300x198.jpg\" alt=\"\" width=\"898\" height=\"593\" srcset=\"https:\/\/weltlaeden.de\/offenburg\/wp-content\/uploads\/sites\/198\/2024\/11\/Weltladen-Eckansicht-300x198.jpg 300w, https:\/\/weltlaeden.de\/offenburg\/wp-content\/uploads\/sites\/198\/2024\/11\/Weltladen-Eckansicht-768x506.jpg 768w, https:\/\/weltlaeden.de\/offenburg\/wp-content\/uploads\/sites\/198\/2024\/11\/Weltladen-Eckansicht.jpg 957w\" sizes=\"auto, (max-width: 898px) 100vw, 898px\" \/><\/p><\/div>[vc_empty_space][vc_column_text]<\/p>\n<p>Der gemeinn\u00fctzig anerkannte Verein <strong>Weltladen Regentropfen Offenburg e.V.<\/strong> wurde <a href=\"https:\/\/www.weltladen-offenburg.de\/index.php\/uber-uns\/historisches\">1979 gegr\u00fcndet<\/a>. Die Gewinne kommen Hilfs- und Umweltprojekten zu Gute. Weltl\u00e4den gibt es seit 1975, inzwischen sind es etwa 900 in Deutschland und ca. 3000 europaweit. Unsere Arbeit richten wir alle an den gleichen Prinzipien aus. Dazu z\u00e4hlen neben dem Verkauf fair gehandelter Waren auch die Informations- und \u00d6ffentlichkeitsarbeit.<\/p>\n<h2><strong><a href=\"https:\/\/weltlaeden.de\/offenburg\/historisches\/\"><span style=\"color: #ff6600\">Historie<\/span><\/a><\/strong><\/h2>\n<h2><strong><a href=\"https:\/\/weltlaeden.de\/offenburg\/in-offenburg\/\"><span style=\"color: #ff6600\">In Offenburg<\/span><\/a><\/strong><\/h2>\n<h2><strong><a href=\"https:\/\/weltlaeden.de\/offenburg\/in-der-ortenau\/\"><span style=\"color: #ff6600\">In der Ortenau<\/span><\/a><\/strong><\/h2>\n<h2><strong><a href=\"https:\/\/weltlaeden.de\/offenburg\/mitmachen\/\"><span style=\"color: #ff6600\">Mitmachen<\/span><\/a><\/strong><\/h2>\n<p><strong><span style=\"color: #ff9900\">&#8211; Ehrenamtliche Mitarbeit im Verkauf etc.<\/span><\/strong><\/p>\n<p><strong><span style=\"color: #ff9900\">&#8211; Mitglied werden im Verein Weltladen Regentropfen Offenburg e.V.<\/span><\/strong><\/p>\n<h2><strong><a href=\"https:\/\/weltlaeden.de\/offenburg\/wir-sammeln\/\"><span style=\"color: #ff6600\">Wir sammeln<\/span><\/a><\/strong><\/h2>\n<p><strong><span style=\"color: #ff9900\">&#8211;<a style=\"color: #ff9900\" href=\"https:\/\/weltlaeden.de\/offenburg\/wir-sammeln\/\"> Smartphones<\/a><\/span><\/strong><\/p>\n<p><strong><span style=\"color: #ff9900\">&#8211; <a style=\"color: #ff9900\" href=\"https:\/\/weltlaeden.de\/offenburg\/wir-sammeln-korken\/\">Korken<\/a><\/span><\/strong><\/p>\n<p><strong><span style=\"color: #ff9900\">&#8211; <a style=\"color: #ff9900\" href=\"https:\/\/weltlaeden.de\/offenburg\/wir-sammeln-hoergeraete\/\">H\u00f6rger\u00e4te<\/a><\/span><\/strong><\/p>\n<p><strong><span style=\"color: #ff9900\">&#8211; <a style=\"color: #ff9900\" href=\"https:\/\/brillenweltweit.de\/\">Brillen<\/a><\/span><\/strong><\/p>\n<h2><strong><span style=\"color: #ff6600\"><a style=\"color: #ff6600\" href=\"https:\/\/weltlaeden.de\/offenburg\/nachhaltigkeit-im-weltladen\/\">Nachhaltigkeit im Weltladen<\/a><\/span><\/strong><\/h2>\n<h2><strong><a href=\"https:\/\/weltlaeden.de\/offenburg\/bestellungen\/\"><span style=\"color: #ff6600\">Bestellungen<\/span><\/a><\/strong><\/h2>\n<\/div>","protected":false},"excerpt":{"rendered":"<p>[vc_row][vc_column][vc_empty_space][vc_column_text] Der gemeinn\u00fctzig anerkannte Verein Weltladen Regentropfen Offenburg e.V. wurde 1979 gegr\u00fcndet. Die Gewinne kommen Hilfs- und Umweltprojekten zu Gute. Weltl\u00e4den gibt es seit 1975, inzwischen sind es etwa 900 in Deutschland und ca. 3000 europaweit. Unsere Arbeit richten wir alle an den gleichen Prinzipien aus. Dazu z\u00e4hlen neben dem Verkauf fair gehandelter Waren auch&hellip;<\/p>\n","protected":false},"author":1,"featured_media":0,"parent":0,"menu_order":6,"comment_status":"closed","ping_status":"closed","template":"","meta":{"footnotes":""},"class_list":["post-219","page","type-page","status-publish","hentry","description-off"],"yoast_head":"<!-- This site is optimized with the Yoast SEO plugin v26.8 - https:\/\/yoast.com\/product\/yoast-seo-wordpress\/ -->\n<title>\u00dcber uns - Weltladen Offenburg<\/title>\n<meta name=\"robots\" content=\"index, follow, max-snippet:-1, max-image-preview:large, max-video-preview:-1\" \/>\n<link rel=\"canonical\" href=\"https:\/\/weltlaeden.de\/offenburg\/ueber-uns\/\" \/>\n<meta property=\"og:locale\" content=\"de_DE\" \/>\n<meta property=\"og:type\" content=\"article\" \/>\n<meta property=\"og:title\" content=\"\u00dcber uns - Weltladen Offenburg\" \/>\n<meta property=\"og:description\" content=\"[vc_row][vc_column][vc_empty_space][vc_column_text] Der gemeinn\u00fctzig anerkannte Verein Weltladen Regentropfen Offenburg e.V. wurde 1979 gegr\u00fcndet. Die Gewinne kommen Hilfs- und Umweltprojekten zu Gute. Weltl\u00e4den gibt es seit 1975, inzwischen sind es etwa 900 in Deutschland und ca. 3000 europaweit. Unsere Arbeit richten wir alle an den gleichen Prinzipien aus. Dazu z\u00e4hlen neben dem Verkauf fair gehandelter Waren auch&hellip;\" \/>\n<meta property=\"og:url\" content=\"https:\/\/weltlaeden.de\/offenburg\/ueber-uns\/\" \/>\n<meta property=\"og:site_name\" content=\"Weltladen Offenburg\" \/>\n<meta property=\"article:modified_time\" content=\"2025-04-22T09:58:50+00:00\" \/>\n<meta property=\"og:image\" content=\"https:\/\/weltlaeden.de\/offenburg\/wp-content\/uploads\/sites\/198\/2024\/11\/Weltladen-Eckansicht.jpg\" \/>\n\t<meta property=\"og:image:width\" content=\"957\" \/>\n\t<meta property=\"og:image:height\" content=\"631\" \/>\n\t<meta property=\"og:image:type\" content=\"image\/jpeg\" \/>\n<meta name=\"twitter:card\" content=\"summary_large_image\" \/>\n<meta name=\"twitter:label1\" content=\"Gesch\u00e4tzte Lesezeit\" \/>\n\t<meta name=\"twitter:data1\" content=\"1\u00a0Minute\" \/>\n<script type=\"application\/ld+json\" class=\"yoast-schema-graph\">{\"@context\":\"https:\/\/schema.org\",\"@graph\":[{\"@type\":\"WebPage\",\"@id\":\"https:\/\/weltlaeden.de\/offenburg\/ueber-uns\/\",\"url\":\"https:\/\/weltlaeden.de\/offenburg\/ueber-uns\/\",\"name\":\"\u00dcber uns - Weltladen Offenburg\",\"isPartOf\":{\"@id\":\"https:\/\/weltlaeden.de\/offenburg\/#website\"},\"primaryImageOfPage\":{\"@id\":\"https:\/\/weltlaeden.de\/offenburg\/ueber-uns\/#primaryimage\"},\"image\":{\"@id\":\"https:\/\/weltlaeden.de\/offenburg\/ueber-uns\/#primaryimage\"},\"thumbnailUrl\":\"https:\/\/weltlaeden.de\/offenburg\/wp-content\/uploads\/sites\/198\/2024\/11\/Weltladen-Eckansicht-300x198.jpg\",\"datePublished\":\"2016-10-28T11:34:47+00:00\",\"dateModified\":\"2025-04-22T09:58:50+00:00\",\"breadcrumb\":{\"@id\":\"https:\/\/weltlaeden.de\/offenburg\/ueber-uns\/#breadcrumb\"},\"inLanguage\":\"de\",\"potentialAction\":[{\"@type\":\"ReadAction\",\"target\":[\"https:\/\/weltlaeden.de\/offenburg\/ueber-uns\/\"]}]},{\"@type\":\"ImageObject\",\"inLanguage\":\"de\",\"@id\":\"https:\/\/weltlaeden.de\/offenburg\/ueber-uns\/#primaryimage\",\"url\":\"https:\/\/weltlaeden.de\/offenburg\/wp-content\/uploads\/sites\/198\/2024\/11\/Weltladen-Eckansicht.jpg\",\"contentUrl\":\"https:\/\/weltlaeden.de\/offenburg\/wp-content\/uploads\/sites\/198\/2024\/11\/Weltladen-Eckansicht.jpg\",\"width\":957,\"height\":631},{\"@type\":\"BreadcrumbList\",\"@id\":\"https:\/\/weltlaeden.de\/offenburg\/ueber-uns\/#breadcrumb\",\"itemListElement\":[{\"@type\":\"ListItem\",\"position\":1,\"name\":\"Startseite\",\"item\":\"https:\/\/weltlaeden.de\/offenburg\/\"},{\"@type\":\"ListItem\",\"position\":2,\"name\":\"\u00dcber uns\"}]},{\"@type\":\"WebSite\",\"@id\":\"https:\/\/weltlaeden.de\/offenburg\/#website\",\"url\":\"https:\/\/weltlaeden.de\/offenburg\/\",\"name\":\"Weltladen Offenburg\",\"description\":\"Faire Produkte seit 1990\",\"potentialAction\":[{\"@type\":\"SearchAction\",\"target\":{\"@type\":\"EntryPoint\",\"urlTemplate\":\"https:\/\/weltlaeden.de\/offenburg\/?s={search_term_string}\"},\"query-input\":{\"@type\":\"PropertyValueSpecification\",\"valueRequired\":true,\"valueName\":\"search_term_string\"}}],\"inLanguage\":\"de\"}]}<\/script>\n<!-- \/ Yoast SEO plugin. -->","yoast_head_json":{"title":"\u00dcber uns - Weltladen Offenburg","robots":{"index":"index","follow":"follow","max-snippet":"max-snippet:-1","max-image-preview":"max-image-preview:large","max-video-preview":"max-video-preview:-1"},"canonical":"https:\/\/weltlaeden.de\/offenburg\/ueber-uns\/","og_locale":"de_DE","og_type":"article","og_title":"\u00dcber uns - Weltladen Offenburg","og_description":"[vc_row][vc_column][vc_empty_space][vc_column_text] Der gemeinn\u00fctzig anerkannte Verein Weltladen Regentropfen Offenburg e.V. wurde 1979 gegr\u00fcndet. Die Gewinne kommen Hilfs- und Umweltprojekten zu Gute. Weltl\u00e4den gibt es seit 1975, inzwischen sind es etwa 900 in Deutschland und ca. 3000 europaweit. Unsere Arbeit richten wir alle an den gleichen Prinzipien aus. Dazu z\u00e4hlen neben dem Verkauf fair gehandelter Waren auch&hellip;","og_url":"https:\/\/weltlaeden.de\/offenburg\/ueber-uns\/","og_site_name":"Weltladen Offenburg","article_modified_time":"2025-04-22T09:58:50+00:00","og_image":[{"width":957,"height":631,"url":"https:\/\/weltlaeden.de\/offenburg\/wp-content\/uploads\/sites\/198\/2024\/11\/Weltladen-Eckansicht.jpg","type":"image\/jpeg"}],"twitter_card":"summary_large_image","twitter_misc":{"Gesch\u00e4tzte Lesezeit":"1\u00a0Minute"},"schema":{"@context":"https:\/\/schema.org","@graph":[{"@type":"WebPage","@id":"https:\/\/weltlaeden.de\/offenburg\/ueber-uns\/","url":"https:\/\/weltlaeden.de\/offenburg\/ueber-uns\/","name":"\u00dcber uns - Weltladen Offenburg","isPartOf":{"@id":"https:\/\/weltlaeden.de\/offenburg\/#website"},"primaryImageOfPage":{"@id":"https:\/\/weltlaeden.de\/offenburg\/ueber-uns\/#primaryimage"},"image":{"@id":"https:\/\/weltlaeden.de\/offenburg\/ueber-uns\/#primaryimage"},"thumbnailUrl":"https:\/\/weltlaeden.de\/offenburg\/wp-content\/uploads\/sites\/198\/2024\/11\/Weltladen-Eckansicht-300x198.jpg","datePublished":"2016-10-28T11:34:47+00:00","dateModified":"2025-04-22T09:58:50+00:00","breadcrumb":{"@id":"https:\/\/weltlaeden.de\/offenburg\/ueber-uns\/#breadcrumb"},"inLanguage":"de","potentialAction":[{"@type":"ReadAction","target":["https:\/\/weltlaeden.de\/offenburg\/ueber-uns\/"]}]},{"@type":"ImageObject","inLanguage":"de","@id":"https:\/\/weltlaeden.de\/offenburg\/ueber-uns\/#primaryimage","url":"https:\/\/weltlaeden.de\/offenburg\/wp-content\/uploads\/sites\/198\/2024\/11\/Weltladen-Eckansicht.jpg","contentUrl":"https:\/\/weltlaeden.de\/offenburg\/wp-content\/uploads\/sites\/198\/2024\/11\/Weltladen-Eckansicht.jpg","width":957,"height":631},{"@type":"BreadcrumbList","@id":"https:\/\/weltlaeden.de\/offenburg\/ueber-uns\/#breadcrumb","itemListElement":[{"@type":"ListItem","position":1,"name":"Startseite","item":"https:\/\/weltlaeden.de\/offenburg\/"},{"@type":"ListItem","position":2,"name":"\u00dcber uns"}]},{"@type":"WebSite","@id":"https:\/\/weltlaeden.de\/offenburg\/#website","url":"https:\/\/weltlaeden.de\/offenburg\/","name":"Weltladen Offenburg","description":"Faire Produkte seit 1990","potentialAction":[{"@type":"SearchAction","target":{"@type":"EntryPoint","urlTemplate":"https:\/\/weltlaeden.de\/offenburg\/?s={search_term_string}"},"query-input":{"@type":"PropertyValueSpecification","valueRequired":true,"valueName":"search_term_string"}}],"inLanguage":"de"}]}},"_links":{"self":[{"href":"https:\/\/weltlaeden.de\/offenburg\/wp-json\/wp\/v2\/pages\/219","targetHints":{"allow":["GET"]}}],"collection":[{"href":"https:\/\/weltlaeden.de\/offenburg\/wp-json\/wp\/v2\/pages"}],"about":[{"href":"https:\/\/weltlaeden.de\/offenburg\/wp-json\/wp\/v2\/types\/page"}],"author":[{"embeddable":true,"href":"https:\/\/weltlaeden.de\/offenburg\/wp-json\/wp\/v2\/users\/1"}],"replies":[{"embeddable":true,"href":"https:\/\/weltlaeden.de\/offenburg\/wp-json\/wp\/v2\/comments?post=219"}],"version-history":[{"count":55,"href":"https:\/\/weltlaeden.de\/offenburg\/wp-json\/wp\/v2\/pages\/219\/revisions"}],"predecessor-version":[{"id":2596,"href":"https:\/\/weltlaeden.de\/offenburg\/wp-json\/wp\/v2\/pages\/219\/revisions\/2596"}],"wp:attachment":[{"href":"https:\/\/weltlaeden.de\/offenburg\/wp-json\/wp\/v2\/media?parent=219"}],"curies":[{"name":"wp","href":"https:\/\/api.w.org\/{rel}","templated":true}]}}