{"id":2044,"date":"2025-03-16T21:58:15","date_gmt":"2025-03-16T20:58:15","guid":{"rendered":"https:\/\/weltlaeden.de\/offenburg\/?page_id=2044"},"modified":"2025-03-16T22:07:43","modified_gmt":"2025-03-16T21:07:43","slug":"wir-sammeln-brillen","status":"publish","type":"page","link":"https:\/\/weltlaeden.de\/offenburg\/wir-sammeln-brillen\/","title":{"rendered":"Wir sammeln Brillen"},"content":{"rendered":"<div id=\"pg-124-0\" class=\"panel-grid panel-has-style\">\n<div id=\"brillenspenden\" class=\"abstandH2 siteorigin-panels-stretch panel-row-style panel-row-style-for-124-0\" data-stretch-type=\"full\">\n<div id=\"pgc-124-0-0\" class=\"panel-grid-cell\">\n<div id=\"panel-124-0-0-0\" class=\"so-panel widget widget_siteorigin-panels-builder panel-first-child panel-last-child\" data-index=\"0\">\n<div class=\"panel-widget-style panel-widget-style-for-124-0-0-0\">\n<div id=\"pl-w642c5d75a287d\" class=\"panel-layout\">\n<div id=\"pg-w642c5d75a287d-0\" class=\"panel-grid panel-no-style\">\n<div id=\"pgc-w642c5d75a287d-0-0\" class=\"panel-grid-cell\">\n<div id=\"panel-w642c5d75a287d-0-0-0\" class=\"so-panel widget widget_sow-editor panel-first-child panel-last-child\" data-index=\"0\">\n<div class=\"so-widget-sow-editor so-widget-sow-editor-base\">\n<div class=\"siteorigin-widget-tinymce textwidget\">\n<h2><\/h2>\n<h1><span style=\"color: #000000\">Der Weltladen sammelt Brillen &#8230;<\/span><\/h1>\n<p>f\u00fcr Projekt BrillenWeltWeit -&gt; Europas gr\u00f6\u00dftes Recyclingprojekt f\u00fcr gebrauchte Brillen<br \/>\nwww.brillenweltweit.de\/<\/p>\n<p>&nbsp;<\/p>\n<\/div>\n<p>Mehr lesen:<a href=\"https:\/\/brillenweltweit.de\/\"><span style=\"color: #ff6600\"><strong> https:\/\/brillenweltweit.de\/<\/strong><\/span><\/a><\/p>\n<\/div>\n<\/div>\n<\/div>\n<\/div>\n<\/div>\n<\/div>\n<\/div>\n<\/div>\n<\/div>\n<\/div>\n<div id=\"pg-124-1\" class=\"panel-grid panel-has-style\">\n<div class=\"siteorigin-panels-stretch panel-row-style panel-row-style-for-124-1\" data-stretch-type=\"full\">\n<div id=\"pgc-124-1-0\" class=\"panel-grid-cell\">\n<div id=\"panel-124-1-0-0\" class=\"so-panel widget widget_siteorigin-panels-builder panel-first-child panel-last-child\" data-index=\"1\">\n<div id=\"pl-w642c5d75a2916\" class=\"panel-layout\">\n<div id=\"pg-w642c5d75a2916-0\" class=\"panel-grid panel-no-style\">\n<div id=\"pgc-w642c5d75a2916-0-0\" class=\"panel-grid-cell panel-grid-cell-mobile-last\">\n<div id=\"panel-w642c5d75a2916-0-0-0\" class=\"so-panel widget widget_sow-editor panel-first-child panel-last-child\" data-index=\"0\">\n<div class=\"so-widget-sow-editor so-widget-sow-editor-base\">\n<div class=\"siteorigin-widget-tinymce textwidget\">\n<p>Drei gute Taten erfolgen durch die Abgabe der alten Brille:<\/p>\n<ul class=\"listeAufGelb\">\n<li><strong><a class=\"linkaAufGelb ohneLinie\" href=\"https:\/\/brillenweltweit.de\/start\/entstehung\/#guteTat1\">1. Gute Tat<\/a><\/strong>\u00a0\u00a0Kostenlose Abgabe von Brillen an Sehhilfebed\u00fcrftige in der ganzen Welt<br \/>\n<a class=\"linkaAufGelb\" href=\"https:\/\/brillenweltweit.de\/start\/entstehung\/#guteTat1\">mehr \u2026<\/a><\/li>\n<li><strong><a class=\"linkaAufGelb ohneLinie\" href=\"https:\/\/brillenweltweit.de\/start\/entstehung\/#guteTat2\">2. Gute Tat<\/a><\/strong>\u00a0\u00a0Langzeitarbeitslose werden integriert.<br \/>\n<a class=\"linkaAufGelb\" href=\"https:\/\/brillenweltweit.de\/start\/entstehung\/#guteTat2\">mehr \u2026<\/a><\/li>\n<li><strong><a class=\"linkaAufGelb ohneLinie\" href=\"https:\/\/brillenweltweit.de\/start\/entstehung\/#guteTat3\">3. Gute Tat<\/a><\/strong>\u00a0\u00a0Weniger M\u00fcll in der Resttonne \u2013 Ressourcen werden geschont<br \/>\n<a class=\"linkaAufGelb\" href=\"https:\/\/brillenweltweit.de\/start\/entstehung\/#guteTat3\">mehr \u2026<\/a><\/li>\n<\/ul>\n<p>&nbsp;<\/p>\n<\/div>\n<\/div>\n<\/div>\n<\/div>\n<\/div>\n<\/div>\n<\/div>\n<\/div>\n<\/div>\n<\/div>\n","protected":false},"excerpt":{"rendered":"<p>Der Weltladen sammelt Brillen &#8230; f\u00fcr Projekt BrillenWeltWeit -&gt; Europas gr\u00f6\u00dftes Recyclingprojekt f\u00fcr gebrauchte Brillen www.brillenweltweit.de\/ &nbsp; Mehr lesen: https:\/\/brillenweltweit.de\/ Drei gute Taten erfolgen durch die Abgabe der alten Brille: 1. Gute Tat\u00a0\u00a0Kostenlose Abgabe von Brillen an Sehhilfebed\u00fcrftige in der ganzen Welt mehr \u2026 2. Gute Tat\u00a0\u00a0Langzeitarbeitslose werden integriert. mehr \u2026 3. Gute Tat\u00a0\u00a0Weniger M\u00fcll&hellip;<\/p>\n","protected":false},"author":287,"featured_media":0,"parent":0,"menu_order":0,"comment_status":"closed","ping_status":"closed","template":"","meta":{"footnotes":""},"class_list":["post-2044","page","type-page","status-publish","hentry","description-off"],"yoast_head":"<!-- This site is optimized with the Yoast SEO plugin v26.8 - https:\/\/yoast.com\/product\/yoast-seo-wordpress\/ -->\n<title>Wir sammeln Brillen - Weltladen Offenburg<\/title>\n<meta name=\"robots\" content=\"index, follow, max-snippet:-1, max-image-preview:large, max-video-preview:-1\" \/>\n<link rel=\"canonical\" href=\"https:\/\/weltlaeden.de\/offenburg\/wir-sammeln-brillen\/\" \/>\n<meta property=\"og:locale\" content=\"de_DE\" \/>\n<meta property=\"og:type\" content=\"article\" \/>\n<meta property=\"og:title\" content=\"Wir sammeln Brillen - Weltladen Offenburg\" \/>\n<meta property=\"og:description\" content=\"Der Weltladen sammelt Brillen &#8230; f\u00fcr Projekt BrillenWeltWeit -&gt; Europas gr\u00f6\u00dftes Recyclingprojekt f\u00fcr gebrauchte Brillen www.brillenweltweit.de\/ &nbsp; Mehr lesen: https:\/\/brillenweltweit.de\/ Drei gute Taten erfolgen durch die Abgabe der alten Brille: 1. Gute Tat\u00a0\u00a0Kostenlose Abgabe von Brillen an Sehhilfebed\u00fcrftige in der ganzen Welt mehr \u2026 2. Gute Tat\u00a0\u00a0Langzeitarbeitslose werden integriert. mehr \u2026 3. Gute Tat\u00a0\u00a0Weniger M\u00fcll&hellip;\" \/>\n<meta property=\"og:url\" content=\"https:\/\/weltlaeden.de\/offenburg\/wir-sammeln-brillen\/\" \/>\n<meta property=\"og:site_name\" content=\"Weltladen Offenburg\" \/>\n<meta property=\"article:modified_time\" content=\"2025-03-16T21:07:43+00:00\" \/>\n<meta name=\"twitter:card\" content=\"summary_large_image\" \/>\n<meta name=\"twitter:label1\" content=\"Gesch\u00e4tzte Lesezeit\" \/>\n\t<meta name=\"twitter:data1\" content=\"1\u00a0Minute\" \/>\n<script type=\"application\/ld+json\" class=\"yoast-schema-graph\">{\"@context\":\"https:\/\/schema.org\",\"@graph\":[{\"@type\":\"WebPage\",\"@id\":\"https:\/\/weltlaeden.de\/offenburg\/wir-sammeln-brillen\/\",\"url\":\"https:\/\/weltlaeden.de\/offenburg\/wir-sammeln-brillen\/\",\"name\":\"Wir sammeln Brillen - Weltladen Offenburg\",\"isPartOf\":{\"@id\":\"https:\/\/weltlaeden.de\/offenburg\/#website\"},\"datePublished\":\"2025-03-16T20:58:15+00:00\",\"dateModified\":\"2025-03-16T21:07:43+00:00\",\"breadcrumb\":{\"@id\":\"https:\/\/weltlaeden.de\/offenburg\/wir-sammeln-brillen\/#breadcrumb\"},\"inLanguage\":\"de\",\"potentialAction\":[{\"@type\":\"ReadAction\",\"target\":[\"https:\/\/weltlaeden.de\/offenburg\/wir-sammeln-brillen\/\"]}]},{\"@type\":\"BreadcrumbList\",\"@id\":\"https:\/\/weltlaeden.de\/offenburg\/wir-sammeln-brillen\/#breadcrumb\",\"itemListElement\":[{\"@type\":\"ListItem\",\"position\":1,\"name\":\"Startseite\",\"item\":\"https:\/\/weltlaeden.de\/offenburg\/\"},{\"@type\":\"ListItem\",\"position\":2,\"name\":\"Wir sammeln Brillen\"}]},{\"@type\":\"WebSite\",\"@id\":\"https:\/\/weltlaeden.de\/offenburg\/#website\",\"url\":\"https:\/\/weltlaeden.de\/offenburg\/\",\"name\":\"Weltladen Offenburg\",\"description\":\"Faire Produkte seit 1990\",\"potentialAction\":[{\"@type\":\"SearchAction\",\"target\":{\"@type\":\"EntryPoint\",\"urlTemplate\":\"https:\/\/weltlaeden.de\/offenburg\/?s={search_term_string}\"},\"query-input\":{\"@type\":\"PropertyValueSpecification\",\"valueRequired\":true,\"valueName\":\"search_term_string\"}}],\"inLanguage\":\"de\"}]}<\/script>\n<!-- \/ Yoast SEO plugin. -->","yoast_head_json":{"title":"Wir sammeln Brillen - Weltladen Offenburg","robots":{"index":"index","follow":"follow","max-snippet":"max-snippet:-1","max-image-preview":"max-image-preview:large","max-video-preview":"max-video-preview:-1"},"canonical":"https:\/\/weltlaeden.de\/offenburg\/wir-sammeln-brillen\/","og_locale":"de_DE","og_type":"article","og_title":"Wir sammeln Brillen - Weltladen Offenburg","og_description":"Der Weltladen sammelt Brillen &#8230; f\u00fcr Projekt BrillenWeltWeit -&gt; Europas gr\u00f6\u00dftes Recyclingprojekt f\u00fcr gebrauchte Brillen www.brillenweltweit.de\/ &nbsp; Mehr lesen: https:\/\/brillenweltweit.de\/ Drei gute Taten erfolgen durch die Abgabe der alten Brille: 1. Gute Tat\u00a0\u00a0Kostenlose Abgabe von Brillen an Sehhilfebed\u00fcrftige in der ganzen Welt mehr \u2026 2. Gute Tat\u00a0\u00a0Langzeitarbeitslose werden integriert. mehr \u2026 3. Gute Tat\u00a0\u00a0Weniger M\u00fcll&hellip;","og_url":"https:\/\/weltlaeden.de\/offenburg\/wir-sammeln-brillen\/","og_site_name":"Weltladen Offenburg","article_modified_time":"2025-03-16T21:07:43+00:00","twitter_card":"summary_large_image","twitter_misc":{"Gesch\u00e4tzte Lesezeit":"1\u00a0Minute"},"schema":{"@context":"https:\/\/schema.org","@graph":[{"@type":"WebPage","@id":"https:\/\/weltlaeden.de\/offenburg\/wir-sammeln-brillen\/","url":"https:\/\/weltlaeden.de\/offenburg\/wir-sammeln-brillen\/","name":"Wir sammeln Brillen - Weltladen Offenburg","isPartOf":{"@id":"https:\/\/weltlaeden.de\/offenburg\/#website"},"datePublished":"2025-03-16T20:58:15+00:00","dateModified":"2025-03-16T21:07:43+00:00","breadcrumb":{"@id":"https:\/\/weltlaeden.de\/offenburg\/wir-sammeln-brillen\/#breadcrumb"},"inLanguage":"de","potentialAction":[{"@type":"ReadAction","target":["https:\/\/weltlaeden.de\/offenburg\/wir-sammeln-brillen\/"]}]},{"@type":"BreadcrumbList","@id":"https:\/\/weltlaeden.de\/offenburg\/wir-sammeln-brillen\/#breadcrumb","itemListElement":[{"@type":"ListItem","position":1,"name":"Startseite","item":"https:\/\/weltlaeden.de\/offenburg\/"},{"@type":"ListItem","position":2,"name":"Wir sammeln Brillen"}]},{"@type":"WebSite","@id":"https:\/\/weltlaeden.de\/offenburg\/#website","url":"https:\/\/weltlaeden.de\/offenburg\/","name":"Weltladen Offenburg","description":"Faire Produkte seit 1990","potentialAction":[{"@type":"SearchAction","target":{"@type":"EntryPoint","urlTemplate":"https:\/\/weltlaeden.de\/offenburg\/?s={search_term_string}"},"query-input":{"@type":"PropertyValueSpecification","valueRequired":true,"valueName":"search_term_string"}}],"inLanguage":"de"}]}},"_links":{"self":[{"href":"https:\/\/weltlaeden.de\/offenburg\/wp-json\/wp\/v2\/pages\/2044","targetHints":{"allow":["GET"]}}],"collection":[{"href":"https:\/\/weltlaeden.de\/offenburg\/wp-json\/wp\/v2\/pages"}],"about":[{"href":"https:\/\/weltlaeden.de\/offenburg\/wp-json\/wp\/v2\/types\/page"}],"author":[{"embeddable":true,"href":"https:\/\/weltlaeden.de\/offenburg\/wp-json\/wp\/v2\/users\/287"}],"replies":[{"embeddable":true,"href":"https:\/\/weltlaeden.de\/offenburg\/wp-json\/wp\/v2\/comments?post=2044"}],"version-history":[{"count":4,"href":"https:\/\/weltlaeden.de\/offenburg\/wp-json\/wp\/v2\/pages\/2044\/revisions"}],"predecessor-version":[{"id":2053,"href":"https:\/\/weltlaeden.de\/offenburg\/wp-json\/wp\/v2\/pages\/2044\/revisions\/2053"}],"wp:attachment":[{"href":"https:\/\/weltlaeden.de\/offenburg\/wp-json\/wp\/v2\/media?parent=2044"}],"curies":[{"name":"wp","href":"https:\/\/api.w.org\/{rel}","templated":true}]}}