{"id":1975,"date":"2025-03-14T11:36:33","date_gmt":"2025-03-14T10:36:33","guid":{"rendered":"https:\/\/weltlaeden.de\/offenburg\/?page_id=1975"},"modified":"2025-03-14T11:42:38","modified_gmt":"2025-03-14T10:42:38","slug":"abgeben-zur-wiederverwertung","status":"publish","type":"page","link":"https:\/\/weltlaeden.de\/offenburg\/abgeben-zur-wiederverwertung\/","title":{"rendered":"Wir sammeln"},"content":{"rendered":"<h1>Wir sammeln<\/h1>\n<h2><a href=\"https:\/\/weltlaeden.de\/offenburg\/wir-sammeln-korken\/\"><strong><span style=\"color: #ff9900\">\u201eKorken f\u00fcr Kork\u201c<\/span><\/strong><\/a><\/h2>\n<p>\u2022 Der Erl\u00f6s geht an die Werkst\u00e4tten f\u00fcr Menschen mit Behinderung in Kehl-Kork<br \/>\n\u2022 Korken werden z.B. zu D\u00e4mm-Material verarbeitet<\/p>\n<h2><strong><span style=\"color: #ff9900\">Brillen<\/span><\/strong><\/h2>\n<p>\u2022 f\u00fcr Projekt BrillenWeltWeit -&gt; Europas gr\u00f6\u00dftes Recyclingprojekt f\u00fcr gebrauchte Brillen<br \/>\nwww.brillenweltweit.de\/<\/p>\n<h2><a href=\"https:\/\/weltlaeden.de\/offenburg\/wir-sammeln-hoergeraete\/\"><strong><span style=\"color: #ff9900\">H\u00f6rger\u00e4te<\/span><\/strong><\/a><\/h2>\n<p>\u2022 einzigartiges Projekt in Peru,<br \/>\n\u2022 peruanische H\u00f6rger\u00e4teakustiker bereiten die Ger\u00e4te auf,<br \/>\n\u2022 KAB (katholische Arbeitnehmerbewegung) organisiert Transport und Verteilung an Bed\u00fcrftige in Peru (z.B. in den Slums von Lima)<\/p>\n<h2><a href=\"https:\/\/weltlaeden.de\/offenburg\/wir-sammeln\/\"><span style=\"color: #ff9900\"><strong>Handys und Smartphones<\/strong><\/span><\/a><\/h2>\n<p>\u2022 Abgabe an BUO (BI Umweltschutz Offenburg e.V.) zur Weitergabe an MOBILE BOX (K\u00f6ln)<br \/>\n\u2022 Ca. 10-20% der Ger\u00e4te werden repariert &amp; \u00fcber Futurephones-shop verkauft<br \/>\n\u2022 Ca. 80-90% werden einem zertifizierten Recycling-Betrieb \u00fcbergeben &amp; recycelt www.die-buo.de<\/p>\n","protected":false},"excerpt":{"rendered":"<p>Wir sammeln \u201eKorken f\u00fcr Kork\u201c \u2022 Der Erl\u00f6s geht an die Werkst\u00e4tten f\u00fcr Menschen mit Behinderung in Kehl-Kork \u2022 Korken werden z.B. zu D\u00e4mm-Material verarbeitet Brillen \u2022 f\u00fcr Projekt BrillenWeltWeit -&gt; Europas gr\u00f6\u00dftes Recyclingprojekt f\u00fcr gebrauchte Brillen www.brillenweltweit.de\/ H\u00f6rger\u00e4te \u2022 einzigartiges Projekt in Peru, \u2022 peruanische H\u00f6rger\u00e4teakustiker bereiten die Ger\u00e4te auf, \u2022 KAB (katholische Arbeitnehmerbewegung)&hellip;<\/p>\n","protected":false},"author":287,"featured_media":0,"parent":0,"menu_order":0,"comment_status":"closed","ping_status":"closed","template":"","meta":{"footnotes":""},"class_list":["post-1975","page","type-page","status-publish","hentry","description-off"],"yoast_head":"<!-- This site is optimized with the Yoast SEO plugin v26.8 - https:\/\/yoast.com\/product\/yoast-seo-wordpress\/ -->\n<title>Wir sammeln - Weltladen Offenburg<\/title>\n<meta name=\"robots\" content=\"index, follow, max-snippet:-1, max-image-preview:large, max-video-preview:-1\" \/>\n<link rel=\"canonical\" href=\"https:\/\/weltlaeden.de\/offenburg\/abgeben-zur-wiederverwertung\/\" \/>\n<meta property=\"og:locale\" content=\"de_DE\" \/>\n<meta property=\"og:type\" content=\"article\" \/>\n<meta property=\"og:title\" content=\"Wir sammeln - Weltladen Offenburg\" \/>\n<meta property=\"og:description\" content=\"Wir sammeln \u201eKorken f\u00fcr Kork\u201c \u2022 Der Erl\u00f6s geht an die Werkst\u00e4tten f\u00fcr Menschen mit Behinderung in Kehl-Kork \u2022 Korken werden z.B. zu D\u00e4mm-Material verarbeitet Brillen \u2022 f\u00fcr Projekt BrillenWeltWeit -&gt; Europas gr\u00f6\u00dftes Recyclingprojekt f\u00fcr gebrauchte Brillen www.brillenweltweit.de\/ H\u00f6rger\u00e4te \u2022 einzigartiges Projekt in Peru, \u2022 peruanische H\u00f6rger\u00e4teakustiker bereiten die Ger\u00e4te auf, \u2022 KAB (katholische Arbeitnehmerbewegung)&hellip;\" \/>\n<meta property=\"og:url\" content=\"https:\/\/weltlaeden.de\/offenburg\/abgeben-zur-wiederverwertung\/\" \/>\n<meta property=\"og:site_name\" content=\"Weltladen Offenburg\" \/>\n<meta property=\"article:modified_time\" content=\"2025-03-14T10:42:38+00:00\" \/>\n<meta name=\"twitter:card\" content=\"summary_large_image\" \/>\n<meta name=\"twitter:label1\" content=\"Gesch\u00e4tzte Lesezeit\" \/>\n\t<meta name=\"twitter:data1\" content=\"1\u00a0Minute\" \/>\n<script type=\"application\/ld+json\" class=\"yoast-schema-graph\">{\"@context\":\"https:\/\/schema.org\",\"@graph\":[{\"@type\":\"WebPage\",\"@id\":\"https:\/\/weltlaeden.de\/offenburg\/abgeben-zur-wiederverwertung\/\",\"url\":\"https:\/\/weltlaeden.de\/offenburg\/abgeben-zur-wiederverwertung\/\",\"name\":\"Wir sammeln - Weltladen Offenburg\",\"isPartOf\":{\"@id\":\"https:\/\/weltlaeden.de\/offenburg\/#website\"},\"datePublished\":\"2025-03-14T10:36:33+00:00\",\"dateModified\":\"2025-03-14T10:42:38+00:00\",\"breadcrumb\":{\"@id\":\"https:\/\/weltlaeden.de\/offenburg\/abgeben-zur-wiederverwertung\/#breadcrumb\"},\"inLanguage\":\"de\",\"potentialAction\":[{\"@type\":\"ReadAction\",\"target\":[\"https:\/\/weltlaeden.de\/offenburg\/abgeben-zur-wiederverwertung\/\"]}]},{\"@type\":\"BreadcrumbList\",\"@id\":\"https:\/\/weltlaeden.de\/offenburg\/abgeben-zur-wiederverwertung\/#breadcrumb\",\"itemListElement\":[{\"@type\":\"ListItem\",\"position\":1,\"name\":\"Startseite\",\"item\":\"https:\/\/weltlaeden.de\/offenburg\/\"},{\"@type\":\"ListItem\",\"position\":2,\"name\":\"Wir sammeln\"}]},{\"@type\":\"WebSite\",\"@id\":\"https:\/\/weltlaeden.de\/offenburg\/#website\",\"url\":\"https:\/\/weltlaeden.de\/offenburg\/\",\"name\":\"Weltladen Offenburg\",\"description\":\"Faire Produkte seit 1990\",\"potentialAction\":[{\"@type\":\"SearchAction\",\"target\":{\"@type\":\"EntryPoint\",\"urlTemplate\":\"https:\/\/weltlaeden.de\/offenburg\/?s={search_term_string}\"},\"query-input\":{\"@type\":\"PropertyValueSpecification\",\"valueRequired\":true,\"valueName\":\"search_term_string\"}}],\"inLanguage\":\"de\"}]}<\/script>\n<!-- \/ Yoast SEO plugin. -->","yoast_head_json":{"title":"Wir sammeln - Weltladen Offenburg","robots":{"index":"index","follow":"follow","max-snippet":"max-snippet:-1","max-image-preview":"max-image-preview:large","max-video-preview":"max-video-preview:-1"},"canonical":"https:\/\/weltlaeden.de\/offenburg\/abgeben-zur-wiederverwertung\/","og_locale":"de_DE","og_type":"article","og_title":"Wir sammeln - Weltladen Offenburg","og_description":"Wir sammeln \u201eKorken f\u00fcr Kork\u201c \u2022 Der Erl\u00f6s geht an die Werkst\u00e4tten f\u00fcr Menschen mit Behinderung in Kehl-Kork \u2022 Korken werden z.B. zu D\u00e4mm-Material verarbeitet Brillen \u2022 f\u00fcr Projekt BrillenWeltWeit -&gt; Europas gr\u00f6\u00dftes Recyclingprojekt f\u00fcr gebrauchte Brillen www.brillenweltweit.de\/ H\u00f6rger\u00e4te \u2022 einzigartiges Projekt in Peru, \u2022 peruanische H\u00f6rger\u00e4teakustiker bereiten die Ger\u00e4te auf, \u2022 KAB (katholische Arbeitnehmerbewegung)&hellip;","og_url":"https:\/\/weltlaeden.de\/offenburg\/abgeben-zur-wiederverwertung\/","og_site_name":"Weltladen Offenburg","article_modified_time":"2025-03-14T10:42:38+00:00","twitter_card":"summary_large_image","twitter_misc":{"Gesch\u00e4tzte Lesezeit":"1\u00a0Minute"},"schema":{"@context":"https:\/\/schema.org","@graph":[{"@type":"WebPage","@id":"https:\/\/weltlaeden.de\/offenburg\/abgeben-zur-wiederverwertung\/","url":"https:\/\/weltlaeden.de\/offenburg\/abgeben-zur-wiederverwertung\/","name":"Wir sammeln - Weltladen Offenburg","isPartOf":{"@id":"https:\/\/weltlaeden.de\/offenburg\/#website"},"datePublished":"2025-03-14T10:36:33+00:00","dateModified":"2025-03-14T10:42:38+00:00","breadcrumb":{"@id":"https:\/\/weltlaeden.de\/offenburg\/abgeben-zur-wiederverwertung\/#breadcrumb"},"inLanguage":"de","potentialAction":[{"@type":"ReadAction","target":["https:\/\/weltlaeden.de\/offenburg\/abgeben-zur-wiederverwertung\/"]}]},{"@type":"BreadcrumbList","@id":"https:\/\/weltlaeden.de\/offenburg\/abgeben-zur-wiederverwertung\/#breadcrumb","itemListElement":[{"@type":"ListItem","position":1,"name":"Startseite","item":"https:\/\/weltlaeden.de\/offenburg\/"},{"@type":"ListItem","position":2,"name":"Wir sammeln"}]},{"@type":"WebSite","@id":"https:\/\/weltlaeden.de\/offenburg\/#website","url":"https:\/\/weltlaeden.de\/offenburg\/","name":"Weltladen Offenburg","description":"Faire Produkte seit 1990","potentialAction":[{"@type":"SearchAction","target":{"@type":"EntryPoint","urlTemplate":"https:\/\/weltlaeden.de\/offenburg\/?s={search_term_string}"},"query-input":{"@type":"PropertyValueSpecification","valueRequired":true,"valueName":"search_term_string"}}],"inLanguage":"de"}]}},"_links":{"self":[{"href":"https:\/\/weltlaeden.de\/offenburg\/wp-json\/wp\/v2\/pages\/1975","targetHints":{"allow":["GET"]}}],"collection":[{"href":"https:\/\/weltlaeden.de\/offenburg\/wp-json\/wp\/v2\/pages"}],"about":[{"href":"https:\/\/weltlaeden.de\/offenburg\/wp-json\/wp\/v2\/types\/page"}],"author":[{"embeddable":true,"href":"https:\/\/weltlaeden.de\/offenburg\/wp-json\/wp\/v2\/users\/287"}],"replies":[{"embeddable":true,"href":"https:\/\/weltlaeden.de\/offenburg\/wp-json\/wp\/v2\/comments?post=1975"}],"version-history":[{"count":5,"href":"https:\/\/weltlaeden.de\/offenburg\/wp-json\/wp\/v2\/pages\/1975\/revisions"}],"predecessor-version":[{"id":1981,"href":"https:\/\/weltlaeden.de\/offenburg\/wp-json\/wp\/v2\/pages\/1975\/revisions\/1981"}],"wp:attachment":[{"href":"https:\/\/weltlaeden.de\/offenburg\/wp-json\/wp\/v2\/media?parent=1975"}],"curies":[{"name":"wp","href":"https:\/\/api.w.org\/{rel}","templated":true}]}}