{"id":1811,"date":"2025-03-10T11:09:19","date_gmt":"2025-03-10T10:09:19","guid":{"rendered":"https:\/\/weltlaeden.de\/offenburg\/?page_id=1811"},"modified":"2025-04-01T11:28:43","modified_gmt":"2025-04-01T09:28:43","slug":"in-offenburg","status":"publish","type":"page","link":"https:\/\/weltlaeden.de\/offenburg\/in-offenburg\/","title":{"rendered":"in Offenburg"},"content":{"rendered":"<p><img loading=\"lazy\" decoding=\"async\" class=\"alignnone size-medium wp-image-886 alignright\" src=\"https:\/\/weltlaeden.de\/offenburg\/wp-content\/uploads\/sites\/198\/2024\/11\/Weltladen-Eckansicht-300x198.jpg\" alt=\"\" width=\"300\" height=\"198\" srcset=\"https:\/\/weltlaeden.de\/offenburg\/wp-content\/uploads\/sites\/198\/2024\/11\/Weltladen-Eckansicht-300x198.jpg 300w, https:\/\/weltlaeden.de\/offenburg\/wp-content\/uploads\/sites\/198\/2024\/11\/Weltladen-Eckansicht-768x506.jpg 768w, https:\/\/weltlaeden.de\/offenburg\/wp-content\/uploads\/sites\/198\/2024\/11\/Weltladen-Eckansicht.jpg 957w\" sizes=\"auto, (max-width: 300px) 100vw, 300px\" \/><\/p>\n<p>Der gemeinn\u00fctzig anerkannte Verein\u00a0<strong>Weltladen Regentropfen Offenburg e.V.<\/strong>\u00a0wurde\u00a0<a href=\"https:\/\/www.weltladen-offenburg.de\/index.php\/uber-uns\/historisches\">1979 gegr\u00fcndet<\/a>. Die Gewinne kommen Hilfs- und Umweltprojekten zu Gute. Weltl\u00e4den gibt es seit 1975, inzwischen sind es etwa 800 in Deutschland und ca. 3000 europaweit. Unsere Arbeit richten wir alle an den gleichen Prinzipien aus. Dazu z\u00e4hlen neben dem Verkauf fair gehandelter Waren auch die Informations- und \u00d6ffentlichkeitsarbeit.<\/p>\n<p><strong>Wir<\/strong><\/p>\n<ul class=\"wp-block-list\">\n<li>informieren \u00fcber die Auswirkungen des Welthandels auf den S\u00fcden<\/li>\n<li>f\u00fchren von Aktionen und Veranstaltungen zur Nord-S\u00fcd -Problematik durch<\/li>\n<li>bieten Ladenf\u00fchrungen f\u00fcr Schulklassen und interessierte Gruppen an, sowie<\/li>\n<li>Praktika f\u00fcr Sch\u00fcler\/Studenten\/Interessierte<\/li>\n<li>verleihen Videos, DVDs, Brosch\u00fcren, Plakate, Unterrichtsmaterialien \u2026<\/li>\n<li>halten Vortr\u00e4ge \u00fcber entwicklungspolitische Themen wie Klimaschutz, Gentechnik, fairer Handel<\/li>\n<li>bekommen Besuche von Produzenten<\/li>\n<\/ul>\n<p><strong>Verk\u00e4ufertreff<\/strong><\/p>\n<p>Bei regelm\u00e4\u00dfig stattfindenden Verk\u00e4ufertreffs tauscht sich das Team aus, es werden Aktionen geplant und vorbereitet. Bei jedem Treffen wird \u00fcber ein bestimmtes Thema referiert, Projekte unserer Handelspartner werden vorgestellt, ebenso neue Produkte.<br \/>\nJeder ist herzlich eingeladen sich zu informieren und mitzumachen!!<\/p>\n<p><strong>Verein<\/strong><br \/>\nWenn Sie uns ideell und finanziell unterst\u00fctzen m\u00f6chten, dann w\u00fcrden wir uns \u00fcber Ihren Beitritt in den\u00a0<a href=\"https:\/\/www.weltladen-offenburg.de\/wp-content\/uploads\/Weltladen_Regentropfen_Satzung_2003.pdf\">Weltladen Regentropfen Offenburg e.V.<\/a>\u00a0freuen. Das Formular zur <a href=\"https:\/\/www.weltladen-offenburg.de\/wp-content\/uploads\/Beitrittserklaerung-2021-03.pdf\">Beitrittserkl\u00e4rung<\/a>\u00a0k\u00f6nnen Sie hier herunterladen, ausdrucken und ausgef\u00fcllt im Offenburger Weltladen abgeben oder per Post an folgende Adresse schicken:<\/p>\n<p>Weltladen Regentropfen Offenburg e.V.<br \/>\nLange Stra\u00dfe 19<br \/>\n77652 Offenburg<\/p>\n<p>Es gibt auch eine Online-Version der Beitrittserkl\u00e4rung. Klicken sie <a href=\"https:\/\/www.weltladen-offenburg.de\/wp-content\/uploads\/Beitritt-mF.pdf\">hier<\/a><\/p>\n<p>&nbsp;<\/p>\n<p>Den <strong>Weltladen Regentropfen<\/strong> finden Sie in der Lange Stra\u00dfe 19. Vom Lindenplatz Richtung Norden gehend oder aus der Metzgerstra\u00dfe Richtung Osten gehend laufen Sie direkt darauf zu.<\/p>\n<p>\u00d6ffnungszeiten:<\/p>\n<p>Mo., Mi., Do., Fr.: 9.30 \u2013 18.00 Uhr<\/p>\n<p>Di.: 9.00 \u2013 18.00 Uhr<\/p>\n<p>Sa: 9.00 \u2013 16.00 Uhr<\/p>\n<p class=\"has-text-align-left\">Sie erreichen uns telefonisch w\u00e4hrend der B\u00fcrozeiten Mo-Fr von 8:00 bis 16:00 Uhr unter 0781 \u2013 77224. W\u00e4hrend der Laden\u00f6ffnungszeiten ist mit Wartezeit zu rechnen.<\/p>\n","protected":false},"excerpt":{"rendered":"<p>Der gemeinn\u00fctzig anerkannte Verein\u00a0Weltladen Regentropfen Offenburg e.V.\u00a0wurde\u00a01979 gegr\u00fcndet. Die Gewinne kommen Hilfs- und Umweltprojekten zu Gute. Weltl\u00e4den gibt es seit 1975, inzwischen sind es etwa 800 in Deutschland und ca. 3000 europaweit. Unsere Arbeit richten wir alle an den gleichen Prinzipien aus. Dazu z\u00e4hlen neben dem Verkauf fair gehandelter Waren auch die Informations- und \u00d6ffentlichkeitsarbeit.&hellip;<\/p>\n","protected":false},"author":287,"featured_media":0,"parent":0,"menu_order":0,"comment_status":"closed","ping_status":"closed","template":"","meta":{"footnotes":""},"class_list":["post-1811","page","type-page","status-publish","hentry","description-off"],"yoast_head":"<!-- This site is optimized with the Yoast SEO plugin v26.8 - https:\/\/yoast.com\/product\/yoast-seo-wordpress\/ -->\n<title>in Offenburg - Weltladen Offenburg<\/title>\n<meta name=\"robots\" content=\"index, follow, max-snippet:-1, max-image-preview:large, max-video-preview:-1\" \/>\n<link rel=\"canonical\" href=\"https:\/\/weltlaeden.de\/offenburg\/in-offenburg\/\" \/>\n<meta property=\"og:locale\" content=\"de_DE\" \/>\n<meta property=\"og:type\" content=\"article\" \/>\n<meta property=\"og:title\" content=\"in Offenburg - Weltladen Offenburg\" \/>\n<meta property=\"og:description\" content=\"Der gemeinn\u00fctzig anerkannte Verein\u00a0Weltladen Regentropfen Offenburg e.V.\u00a0wurde\u00a01979 gegr\u00fcndet. Die Gewinne kommen Hilfs- und Umweltprojekten zu Gute. Weltl\u00e4den gibt es seit 1975, inzwischen sind es etwa 800 in Deutschland und ca. 3000 europaweit. Unsere Arbeit richten wir alle an den gleichen Prinzipien aus. Dazu z\u00e4hlen neben dem Verkauf fair gehandelter Waren auch die Informations- und \u00d6ffentlichkeitsarbeit.&hellip;\" \/>\n<meta property=\"og:url\" content=\"https:\/\/weltlaeden.de\/offenburg\/in-offenburg\/\" \/>\n<meta property=\"og:site_name\" content=\"Weltladen Offenburg\" \/>\n<meta property=\"article:modified_time\" content=\"2025-04-01T09:28:43+00:00\" \/>\n<meta property=\"og:image\" content=\"https:\/\/weltlaeden.de\/offenburg\/wp-content\/uploads\/sites\/198\/2024\/11\/Weltladen-Eckansicht.jpg\" \/>\n\t<meta property=\"og:image:width\" content=\"957\" \/>\n\t<meta property=\"og:image:height\" content=\"631\" \/>\n\t<meta property=\"og:image:type\" content=\"image\/jpeg\" \/>\n<meta name=\"twitter:card\" content=\"summary_large_image\" \/>\n<meta name=\"twitter:label1\" content=\"Gesch\u00e4tzte Lesezeit\" \/>\n\t<meta name=\"twitter:data1\" content=\"2\u00a0Minuten\" \/>\n<script type=\"application\/ld+json\" class=\"yoast-schema-graph\">{\"@context\":\"https:\/\/schema.org\",\"@graph\":[{\"@type\":\"WebPage\",\"@id\":\"https:\/\/weltlaeden.de\/offenburg\/in-offenburg\/\",\"url\":\"https:\/\/weltlaeden.de\/offenburg\/in-offenburg\/\",\"name\":\"in Offenburg - Weltladen Offenburg\",\"isPartOf\":{\"@id\":\"https:\/\/weltlaeden.de\/offenburg\/#website\"},\"primaryImageOfPage\":{\"@id\":\"https:\/\/weltlaeden.de\/offenburg\/in-offenburg\/#primaryimage\"},\"image\":{\"@id\":\"https:\/\/weltlaeden.de\/offenburg\/in-offenburg\/#primaryimage\"},\"thumbnailUrl\":\"https:\/\/weltlaeden.de\/offenburg\/wp-content\/uploads\/sites\/198\/2024\/11\/Weltladen-Eckansicht-300x198.jpg\",\"datePublished\":\"2025-03-10T10:09:19+00:00\",\"dateModified\":\"2025-04-01T09:28:43+00:00\",\"breadcrumb\":{\"@id\":\"https:\/\/weltlaeden.de\/offenburg\/in-offenburg\/#breadcrumb\"},\"inLanguage\":\"de\",\"potentialAction\":[{\"@type\":\"ReadAction\",\"target\":[\"https:\/\/weltlaeden.de\/offenburg\/in-offenburg\/\"]}]},{\"@type\":\"ImageObject\",\"inLanguage\":\"de\",\"@id\":\"https:\/\/weltlaeden.de\/offenburg\/in-offenburg\/#primaryimage\",\"url\":\"https:\/\/weltlaeden.de\/offenburg\/wp-content\/uploads\/sites\/198\/2024\/11\/Weltladen-Eckansicht.jpg\",\"contentUrl\":\"https:\/\/weltlaeden.de\/offenburg\/wp-content\/uploads\/sites\/198\/2024\/11\/Weltladen-Eckansicht.jpg\",\"width\":957,\"height\":631},{\"@type\":\"BreadcrumbList\",\"@id\":\"https:\/\/weltlaeden.de\/offenburg\/in-offenburg\/#breadcrumb\",\"itemListElement\":[{\"@type\":\"ListItem\",\"position\":1,\"name\":\"Startseite\",\"item\":\"https:\/\/weltlaeden.de\/offenburg\/\"},{\"@type\":\"ListItem\",\"position\":2,\"name\":\"in Offenburg\"}]},{\"@type\":\"WebSite\",\"@id\":\"https:\/\/weltlaeden.de\/offenburg\/#website\",\"url\":\"https:\/\/weltlaeden.de\/offenburg\/\",\"name\":\"Weltladen Offenburg\",\"description\":\"Faire Produkte seit 1990\",\"potentialAction\":[{\"@type\":\"SearchAction\",\"target\":{\"@type\":\"EntryPoint\",\"urlTemplate\":\"https:\/\/weltlaeden.de\/offenburg\/?s={search_term_string}\"},\"query-input\":{\"@type\":\"PropertyValueSpecification\",\"valueRequired\":true,\"valueName\":\"search_term_string\"}}],\"inLanguage\":\"de\"}]}<\/script>\n<!-- \/ Yoast SEO plugin. -->","yoast_head_json":{"title":"in Offenburg - Weltladen Offenburg","robots":{"index":"index","follow":"follow","max-snippet":"max-snippet:-1","max-image-preview":"max-image-preview:large","max-video-preview":"max-video-preview:-1"},"canonical":"https:\/\/weltlaeden.de\/offenburg\/in-offenburg\/","og_locale":"de_DE","og_type":"article","og_title":"in Offenburg - Weltladen Offenburg","og_description":"Der gemeinn\u00fctzig anerkannte Verein\u00a0Weltladen Regentropfen Offenburg e.V.\u00a0wurde\u00a01979 gegr\u00fcndet. Die Gewinne kommen Hilfs- und Umweltprojekten zu Gute. Weltl\u00e4den gibt es seit 1975, inzwischen sind es etwa 800 in Deutschland und ca. 3000 europaweit. Unsere Arbeit richten wir alle an den gleichen Prinzipien aus. Dazu z\u00e4hlen neben dem Verkauf fair gehandelter Waren auch die Informations- und \u00d6ffentlichkeitsarbeit.&hellip;","og_url":"https:\/\/weltlaeden.de\/offenburg\/in-offenburg\/","og_site_name":"Weltladen Offenburg","article_modified_time":"2025-04-01T09:28:43+00:00","og_image":[{"width":957,"height":631,"url":"https:\/\/weltlaeden.de\/offenburg\/wp-content\/uploads\/sites\/198\/2024\/11\/Weltladen-Eckansicht.jpg","type":"image\/jpeg"}],"twitter_card":"summary_large_image","twitter_misc":{"Gesch\u00e4tzte Lesezeit":"2\u00a0Minuten"},"schema":{"@context":"https:\/\/schema.org","@graph":[{"@type":"WebPage","@id":"https:\/\/weltlaeden.de\/offenburg\/in-offenburg\/","url":"https:\/\/weltlaeden.de\/offenburg\/in-offenburg\/","name":"in Offenburg - Weltladen Offenburg","isPartOf":{"@id":"https:\/\/weltlaeden.de\/offenburg\/#website"},"primaryImageOfPage":{"@id":"https:\/\/weltlaeden.de\/offenburg\/in-offenburg\/#primaryimage"},"image":{"@id":"https:\/\/weltlaeden.de\/offenburg\/in-offenburg\/#primaryimage"},"thumbnailUrl":"https:\/\/weltlaeden.de\/offenburg\/wp-content\/uploads\/sites\/198\/2024\/11\/Weltladen-Eckansicht-300x198.jpg","datePublished":"2025-03-10T10:09:19+00:00","dateModified":"2025-04-01T09:28:43+00:00","breadcrumb":{"@id":"https:\/\/weltlaeden.de\/offenburg\/in-offenburg\/#breadcrumb"},"inLanguage":"de","potentialAction":[{"@type":"ReadAction","target":["https:\/\/weltlaeden.de\/offenburg\/in-offenburg\/"]}]},{"@type":"ImageObject","inLanguage":"de","@id":"https:\/\/weltlaeden.de\/offenburg\/in-offenburg\/#primaryimage","url":"https:\/\/weltlaeden.de\/offenburg\/wp-content\/uploads\/sites\/198\/2024\/11\/Weltladen-Eckansicht.jpg","contentUrl":"https:\/\/weltlaeden.de\/offenburg\/wp-content\/uploads\/sites\/198\/2024\/11\/Weltladen-Eckansicht.jpg","width":957,"height":631},{"@type":"BreadcrumbList","@id":"https:\/\/weltlaeden.de\/offenburg\/in-offenburg\/#breadcrumb","itemListElement":[{"@type":"ListItem","position":1,"name":"Startseite","item":"https:\/\/weltlaeden.de\/offenburg\/"},{"@type":"ListItem","position":2,"name":"in Offenburg"}]},{"@type":"WebSite","@id":"https:\/\/weltlaeden.de\/offenburg\/#website","url":"https:\/\/weltlaeden.de\/offenburg\/","name":"Weltladen Offenburg","description":"Faire Produkte seit 1990","potentialAction":[{"@type":"SearchAction","target":{"@type":"EntryPoint","urlTemplate":"https:\/\/weltlaeden.de\/offenburg\/?s={search_term_string}"},"query-input":{"@type":"PropertyValueSpecification","valueRequired":true,"valueName":"search_term_string"}}],"inLanguage":"de"}]}},"_links":{"self":[{"href":"https:\/\/weltlaeden.de\/offenburg\/wp-json\/wp\/v2\/pages\/1811","targetHints":{"allow":["GET"]}}],"collection":[{"href":"https:\/\/weltlaeden.de\/offenburg\/wp-json\/wp\/v2\/pages"}],"about":[{"href":"https:\/\/weltlaeden.de\/offenburg\/wp-json\/wp\/v2\/types\/page"}],"author":[{"embeddable":true,"href":"https:\/\/weltlaeden.de\/offenburg\/wp-json\/wp\/v2\/users\/287"}],"replies":[{"embeddable":true,"href":"https:\/\/weltlaeden.de\/offenburg\/wp-json\/wp\/v2\/comments?post=1811"}],"version-history":[{"count":3,"href":"https:\/\/weltlaeden.de\/offenburg\/wp-json\/wp\/v2\/pages\/1811\/revisions"}],"predecessor-version":[{"id":2331,"href":"https:\/\/weltlaeden.de\/offenburg\/wp-json\/wp\/v2\/pages\/1811\/revisions\/2331"}],"wp:attachment":[{"href":"https:\/\/weltlaeden.de\/offenburg\/wp-json\/wp\/v2\/media?parent=1811"}],"curies":[{"name":"wp","href":"https:\/\/api.w.org\/{rel}","templated":true}]}}