{"id":1760,"date":"2025-03-01T17:46:40","date_gmt":"2025-03-01T16:46:40","guid":{"rendered":"https:\/\/weltlaeden.de\/offenburg\/?page_id=1760"},"modified":"2025-03-13T13:13:51","modified_gmt":"2025-03-13T12:13:51","slug":"historisches","status":"publish","type":"page","link":"https:\/\/weltlaeden.de\/offenburg\/historisches\/","title":{"rendered":"Historisches"},"content":{"rendered":"<div class=\"wpb-content-wrapper\"><div class=\"vc_row wpb_row vc_row-fluid dt-default\">\n<div class=\"wpb_column vc_column_container vc_col-sm-12\">\n<div class=\"vc_column-inner\">\n<div class=\"wpb_wrapper\">\n<div class=\"wpb_text_column wpb_content_element \">\n<div class=\"wpb_wrapper\">\n<h1>Weltladen Offenburg 1979 \u2013 Heute<\/h1>\n<div id=\"attachment_1710\" class=\"wp-caption alignleft\">\n<p><img loading=\"lazy\" decoding=\"async\" class=\"wp-image-1710 size-full\" src=\"https:\/\/weltlaeden.de\/offenburg\/wp-content\/uploads\/sites\/198\/2025\/03\/1979-Goldgasse-Schaufenster-150x150-1.jpg\" alt=\"\" width=\"150\" height=\"150\" aria-describedby=\"caption-attachment-1710\" \/><\/p>\n<p id=\"caption-attachment-1710\" class=\"wp-caption-text\">Schaufenster des Weltladens in der Goldgasse<\/p>\n<\/div>\n<p>&nbsp;<\/p>\n<p>Von der Gr\u00fcndung in der Goldgasse im Jahre 1979 \u00fcber die Hauptstra\u00dfe gegen\u00fcber Bahnhofsgeb\u00e4ude 1993 in die Lange Stra\u00dfe (in Verl\u00e4ngerung zur Metzgerstra\u00dfe) seit 2010 ist viel Wasser die Kinzig runter geflossen. Aus den \u201eRegentropfen\u201c ist (noch) kein Meer geworden, aber der Strom der Entwicklung\u00a0 f\u00fcr mehr soziale Gerechtigkeit im weltweiten Handel ist im Fluss.<\/p>\n<div id=\"attachment_1711\" class=\"wp-caption alignright\">\n<p><img loading=\"lazy\" decoding=\"async\" class=\"wp-image-1711 size-full\" src=\"https:\/\/weltlaeden.de\/offenburg\/wp-content\/uploads\/sites\/198\/2025\/03\/1979-Goldgasse-Papierregal-150x150-1.jpg\" alt=\"\" width=\"150\" height=\"150\" aria-describedby=\"caption-attachment-1711\" \/><\/p>\n<p id=\"caption-attachment-1711\" class=\"wp-caption-text\">Weltladen Regentropfen in der Goldgasse<\/p>\n<\/div>\n<p>&nbsp;<\/p>\n<p>&nbsp;<\/p>\n<p>&nbsp;<\/p>\n<p>&nbsp;<\/p>\n<p>Am Anfang war das \u201e<em><strong>Dritte Welt- und Umwelt-Schutz-Forum Regentropfen im Arbeitertreff der CAJ Ortenau e.V.<\/strong><\/em>\u201c in der Goldgasse \u201efair\u201csteckt, am Rand der Innenstadt. Bis zum Weltladen Regentropfen, dem \u201eFachgesch\u00e4ft f\u00fcr fairen Handel\u201c in der Innenstadt, Lange Stra\u00dfe 19, war es dann noch ein langer Weg. \u00dcber 40 Jahre ehrenamtliches Engagement von \u00fcber 100 Menschen jeden Alters, brachten uns weiter. \u00dcber die Jahre wurde es m\u00f6glich dem immer anspruchsvoller werdenden Gesch\u00e4ft einen steigenden Anteil an hauptamtlichen Kr\u00e4ften hinzu zu stellen.<\/p>\n<p>Angesto\u00dfen von den damaligen heftigen politischen Diskussionen der Friedens- und Umweltbewegung haben sich die BUO (B\u00fcrgerinitiative Umweltschutz) und die CAJ (Christliche Arbeiterjugend) 1979 zur <strong>Gr\u00fcndung des Weltladens<\/strong> entschlossen.<\/p>\n<div id=\"attachment_1717\" class=\"wp-caption alignleft\">\n<p><img loading=\"lazy\" decoding=\"async\" class=\"wp-image-1717 \" src=\"https:\/\/weltlaeden.de\/offenburg\/wp-content\/uploads\/sites\/198\/2025\/03\/2002-Bahnhof-Schaufenster-150x150-1.jpg\" alt=\"\" width=\"168\" height=\"168\" aria-describedby=\"caption-attachment-1717\" \/><\/p>\n<p id=\"caption-attachment-1717\" class=\"wp-caption-text\">2002 \u2013 Bahnhof- Schaufenster<\/p>\n<\/div>\n<p>&nbsp;<\/p>\n<p>Nach 14 Jahren Pionierarbeit in der Goldgasse \u2013 erfolgt ein Wagnis: <strong>1993 der Umzug ins Gewerkschaftshaus am Bahnhof.<\/strong> Die Mietkosten erreichen fast den Monatsumsatz der Goldgasse! Die Fairdoppelung der Ladenfl\u00e4che und die zentralere Lage k\u00f6nnen nun dem steigenden Warenangebot des Fairen Handels und der wachsenden Kundenzahl gerecht werden.<\/p>\n<p>&nbsp;<\/p>\n<p>&nbsp;<\/p>\n<p>&nbsp;<\/p>\n<div id=\"attachment_1719\" class=\"wp-caption alignright\">\n<p><img loading=\"lazy\" decoding=\"async\" class=\"wp-image-1719 size-full\" src=\"https:\/\/weltlaeden.de\/offenburg\/wp-content\/uploads\/sites\/198\/2025\/03\/1995-Bahnhof-Regale-alter-Boden-150x150-1.jpg\" alt=\"\" width=\"150\" height=\"150\" aria-describedby=\"caption-attachment-1719\" \/><\/p>\n<p id=\"caption-attachment-1719\" class=\"wp-caption-text\">1995 \u2013 Bahnhof \u2013 Regale \u2013 alter Boden<\/p>\n<\/div>\n<p><strong>1998<\/strong> wird der Laden im Rahmen der Professionalisierungskampagne des Weltladendachverbands umgestaltet und <strong>ein Stehcaf\u00e9 wird eingerichtet.<\/strong> <strong>Offenburg hat als einer der ersten St\u00e4dte Deutschlands einen Profi-Weltladen.<\/strong> Gleichzeitig wird der Weltladen Verteilerstelle der GEPA (gr\u00f6\u00dftes Fairhandelshaus Europas) und beliefert selbst weitere Weltl\u00e4den und Aktionsgruppen, wie z.B. Kirchengemeinden. Der Weltladen entwickelt sich zum Ansprechpartner und Berater bei der Gr\u00fcndung anderer L\u00e4den in der Ortenau. Die Weltl\u00e4den Lahr, Oberkirch, Kappelrodeck, Berghaupten, Oberschopfheim entstehen. Momentan gibt es 11 Weltl\u00e4den in der Ortenau.<\/p>\n<p><strong>2003<\/strong> f\u00fchrt das \u00f6ffentliche Engagement des Weltladens zu den ersten \u201eEine-Welt-Tagen\u201c in Zusammenarbeit mit der Stadt Offenburg.<\/p>\n<p><img loading=\"lazy\" decoding=\"async\" class=\"wp-image-1554 alignleft\" src=\"https:\/\/weltlaeden.de\/offenburg\/wp-content\/uploads\/sites\/198\/2025\/02\/Offenburger-Bohneklein-246x300.jpg\" alt=\"\" width=\"160\" height=\"195\" srcset=\"https:\/\/weltlaeden.de\/offenburg\/wp-content\/uploads\/sites\/198\/2025\/02\/Offenburger-Bohneklein-246x300.jpg 246w, https:\/\/weltlaeden.de\/offenburg\/wp-content\/uploads\/sites\/198\/2025\/02\/Offenburger-Bohneklein.jpg 600w\" sizes=\"auto, (max-width: 160px) 100vw, 160px\" \/><\/p>\n<p>&nbsp;<\/p>\n<p><strong>2003<\/strong> Der Stadtkaffee \u201eBohneburger Bohne\u201c, der Faire Offenburger, erblickt das Licht der Kaffeewelt.<\/p>\n<p>Dieser biologisch angebaute Kaffee stammt aus dem Hochland Mexikos. Produziert wird er von der Kleinbauernkooperative UCOAAC, GEPA-Partner seit 1995, im Bundesstaat Chiapas, Mexiko. Ger\u00f6stet wird dieser gute Kaffee in der Offenburger Kaffeer\u00f6sterei Arnold\u2019s Kaffeemanufaktur, Spitalstra\u00dfe 6, 77652 Offenburg.<\/p>\n<p>&nbsp;<\/p>\n<p>&nbsp;<\/p>\n<p>&nbsp;<\/p>\n<p>&nbsp;<\/p>\n<p><em><strong>Das Bewusstsein der Konsumenten, \u00fcber ihre M\u00f6glichkeit <\/strong><\/em><\/p>\n<p><em><strong>mit dem Einkaufskorb <\/strong><\/em><em><strong>zu entscheiden unter welchen Bedingungen <\/strong><\/em><\/p>\n<p><em><strong>Waren produziert werden, steigt. <\/strong><\/em><\/p>\n<p><em><strong>Der Ruf der Kundschaft, den Weltladen beim Einkaufsgeschehen<\/strong><\/em><\/p>\n<p><em><strong>\u00a0in der Innenstadt zu finden, wird geh\u00f6rt.<\/strong><\/em><\/p>\n<p>&nbsp;<\/p>\n<p>&nbsp;<\/p>\n<div id=\"attachment_1721\" class=\"wp-caption alignleft\">\n<p><img loading=\"lazy\" decoding=\"async\" class=\"wp-image-1721 size-full\" src=\"https:\/\/weltlaeden.de\/offenburg\/wp-content\/uploads\/sites\/198\/2025\/03\/2010-Metzgerstrasse-Aussenansicht-150x150-1.jpg\" alt=\"\" width=\"150\" height=\"150\" aria-describedby=\"caption-attachment-1721\" \/><\/p>\n<p id=\"caption-attachment-1721\" class=\"wp-caption-text\">Metzgerstra\u00dfe \u2013 Au\u00dfenansicht<\/p>\n<\/div>\n<p>&nbsp;<\/p>\n<p>&nbsp;<\/p>\n<p><strong>2006<\/strong> erfolgt die Er\u00f6ffnung einer kleinen Filiale in der Metzgerstra\u00dfe.<\/p>\n<p>&nbsp;<\/p>\n<p>&nbsp;<\/p>\n<p>&nbsp;<\/p>\n<p>&nbsp;<\/p>\n<p><strong>2008<\/strong> Umbau WL Bahnhof, neues Produkt \u2013 Faire Kleidung.<\/p>\n<p>&nbsp;<\/p>\n<p><strong><img loading=\"lazy\" decoding=\"async\" class=\" wp-image-621 alignleft\" src=\"https:\/\/weltlaeden.de\/offenburg\/wp-content\/uploads\/sites\/198\/2023\/03\/Frontansicht-Weltladen-300x123.png\" alt=\"\" width=\"395\" height=\"162\" srcset=\"https:\/\/weltlaeden.de\/offenburg\/wp-content\/uploads\/sites\/198\/2023\/03\/Frontansicht-Weltladen-300x123.png 300w, https:\/\/weltlaeden.de\/offenburg\/wp-content\/uploads\/sites\/198\/2023\/03\/Frontansicht-Weltladen-768x314.png 768w, https:\/\/weltlaeden.de\/offenburg\/wp-content\/uploads\/sites\/198\/2023\/03\/Frontansicht-Weltladen.png 911w\" sizes=\"auto, (max-width: 395px) 100vw, 395px\" \/><\/strong><\/p>\n<p><strong>2010<\/strong> Die Suche nach einem geeigneten, gro\u00dfen Objekt wird dann schlie\u00dflich von Erfolg gekr\u00f6nt! Der Umzug in einen gro\u00dfz\u00fcgigen Laden in der Lange Stra\u00dfe 19 kann vollzogen werden. <strong>Un\u00fcbersehbar und deutlich ist das Zeichen: der Faire Handel hat sein Nischen-Dasein in Offenburg \u201efair\u201classen und beansprucht \u00f6ffentliche Anerkennung.<\/strong><\/p>\n<p>&nbsp;<\/p>\n<p>&nbsp;<\/p>\n<p><img loading=\"lazy\" decoding=\"async\" class=\"wp-image-1705 alignleft\" src=\"https:\/\/weltlaeden.de\/offenburg\/wp-content\/uploads\/sites\/198\/2025\/03\/20210610_171309-klein-298x300.jpg\" alt=\"\" width=\"205\" height=\"206\" srcset=\"https:\/\/weltlaeden.de\/offenburg\/wp-content\/uploads\/sites\/198\/2025\/03\/20210610_171309-klein-298x300.jpg 298w, https:\/\/weltlaeden.de\/offenburg\/wp-content\/uploads\/sites\/198\/2025\/03\/20210610_171309-klein-150x150.jpg 150w, https:\/\/weltlaeden.de\/offenburg\/wp-content\/uploads\/sites\/198\/2025\/03\/20210610_171309-klein.jpg 600w\" sizes=\"auto, (max-width: 205px) 100vw, 205px\" \/><\/p>\n<p>&nbsp;<\/p>\n<p>&nbsp;<\/p>\n<p><strong>2012<\/strong> Einf\u00fchrung der Offenburger Stadtschokolade. F\u00fcr die Herstellung der neuen Offenburger Schokolade zeichnet der Chocolatier<strong> <a href=\"http:\/\/www.zotter.at\/de\/das-ist-zotter\/bio-fair-green.html\" target=\"_blank\" rel=\"noreferrer noopener\">Josef Zotter<\/a><\/strong> verantwortlich \u2013 fester Lizenzpartner von FAIRTRADE \u00d6sterreich seit 2004. Der Entwurf der Banderole ist eine Kreation unserer Weltladen-Mitarbeiterin Ingrid.<\/p>\n<p>&nbsp;<\/p>\n<p>&nbsp;<\/p>\n<p>&nbsp;<\/p>\n<p><img loading=\"lazy\" decoding=\"async\" class=\" wp-image-1722 alignleft\" src=\"https:\/\/weltlaeden.de\/offenburg\/wp-content\/uploads\/sites\/198\/2025\/03\/2013-01-16-Buergermedaille-Stadt-Offenburg-150x150-1.jpg\" alt=\"\" width=\"186\" height=\"186\" \/><\/p>\n<p><img loading=\"lazy\" decoding=\"async\" class=\" wp-image-1723 alignright\" src=\"https:\/\/weltlaeden.de\/offenburg\/wp-content\/uploads\/sites\/198\/2025\/03\/2013-01-16-Buergermedaille-Stadt-Offenburg-Gruppenfoto-150x150-1.jpg\" alt=\"\" width=\"197\" height=\"197\" \/>Zum Jahreswechsel <strong>201<\/strong><strong>2\/2013<\/strong> erreichte uns die Botschaft, dass wir im Rahmen des Neujahrsempfanges <strong>2013 der Stadt Offenburg die B\u00fcrgermedaille der Stadt Offenburg<\/strong> erhalten werden. So kam es, dass unsere Weltladen-\u201eMutter\u201c <strong>Erika Fink<\/strong> und unsere Gesch\u00e4ftsf\u00fchrerin <strong>Christine Junker<\/strong> eine Ehrung ihres durch ehrenamtliches Engagement gepr\u00e4gten Lebens und Wirkens stellvertretend f\u00fcr den Verein Weltladen Regentropfen e.V. durch Oberb\u00fcrgermeisterin Edith Schreiner \u00fcberreicht bekamen.<\/p>\n<p>&nbsp;<\/p>\n<p>&nbsp;<\/p>\n<p><strong>2013<\/strong> Mit der En<img loading=\"lazy\" decoding=\"async\" class=\"wp-image-1535 alignleft\" src=\"https:\/\/weltlaeden.de\/offenburg\/wp-content\/uploads\/sites\/198\/2025\/02\/Fosa-Apfelsaftklein-300x300.jpg\" alt=\"\" width=\"183\" height=\"183\" srcset=\"https:\/\/weltlaeden.de\/offenburg\/wp-content\/uploads\/sites\/198\/2025\/02\/Fosa-Apfelsaftklein-300x300.jpg 300w, https:\/\/weltlaeden.de\/offenburg\/wp-content\/uploads\/sites\/198\/2025\/02\/Fosa-Apfelsaftklein-150x150.jpg 150w, https:\/\/weltlaeden.de\/offenburg\/wp-content\/uploads\/sites\/198\/2025\/02\/Fosa-Apfelsaftklein.jpg 600w\" sizes=\"auto, (max-width: 183px) 100vw, 183px\" \/>twicklung des Apfel-Mango-Safts gelang in Zusammenarbeit mit der FOSA (F\u00f6rderverein Offenburger Streuobstwiesen) die Einf\u00fchrung eines global-regionalen Produktes. Durch faire Preise f\u00fcr garantiert ungespritzte \u00c4pfel und Mangos wird die intensive Anbauform f\u00fcr unsere en f\u00fcr die philippinischen Bauern wieder rentabel. Die Kleinbauern auf den Philippinen erhalten zus\u00e4tzlich Beratung in naturnahen Anbaumethoden durch die Menschen- und Kinderrechtsorganisation PREDA, die auch den Export des reinen Mangop\u00fcrees \u00fcberwacht.<\/p>\n<p>&nbsp;<\/p>\n<p>&nbsp;<\/p>\n<p><strong>2019 <\/strong>Feier 40 Jahre Weltladen Regentropfen.<\/p>\n<p>Ab M\u00e4rz 2020 hatte die Corona-Pandemie uns fest im Griff. Dank einiger unserer Mitarbeiter*innen konnten wir den Verkauf die ganze Zeit, zwar mit eingeschr\u00e4nkten \u00d6ffnungszeiten, fortsetzen.<\/p>\n<p>Es wurde von den Akteuren des Fairen Handels zu verschiedenen Unterst\u00fctzungsma\u00dfnahmen aufgerufen. Weltladen Regentropfen beteiligte sich mit Aktionen wie \u201eOsternestchen\u201c und \u201eEine Welt Box\u201c So kamen \u20ac 2.100,- zusammen. Durch die Aktion \u201eAlltagsmasken n\u00e4hen und verkaufen\u201c kamen f\u00fcr die Global Mamas in Ghana knapp \u20ac 3.000,- zusammen.<\/p>\n<p>&nbsp;<\/p>\n<p>&nbsp;<\/p>\n<p>Der Weltladen-Dachverband und die Importorganisationen des Fairen Handels riefen im Sommer 2020 die <a href=\"https:\/\/www.weltladen.de\/produkte-handelspartner\/aktion-fairwertsteuer\/\" target=\"_blank\" rel=\"noreferrer noopener\">Aktion #fairwertsteuer<\/a> aus, an der auch wir uns beteiligt haben. Dabei wurde die Mehrwertsteuer-Absenkung nicht an die Kunden weitergegeben, sondern kam \u00fcber einen Fonds Fair-Handels-Produzenten im Globalen S\u00fcden zugute. Bis 16.12.2020 kamen \u00fcber diese Aktion insgesamt gut 5.300 \u20ac zusammen, die wir an den Weltladen-Dachverband \u00fcberweisen konnten.<\/p>\n<p>&nbsp;<\/p>\n<div id=\"attachment_1730\" class=\"wp-caption alignright\">\n<p><img loading=\"lazy\" decoding=\"async\" class=\"wp-image-1730\" src=\"https:\/\/weltlaeden.de\/offenburg\/wp-content\/uploads\/sites\/198\/2025\/03\/sharepic_zusammen-250x250-1.png\" alt=\"\" width=\"210\" height=\"210\" aria-describedby=\"caption-attachment-1730\" srcset=\"https:\/\/weltlaeden.de\/offenburg\/wp-content\/uploads\/sites\/198\/2025\/03\/sharepic_zusammen-250x250-1.png 250w, https:\/\/weltlaeden.de\/offenburg\/wp-content\/uploads\/sites\/198\/2025\/03\/sharepic_zusammen-250x250-1-150x150.png 150w\" sizes=\"auto, (max-width: 210px) 100vw, 210px\" \/><\/p>\n<p id=\"caption-attachment-1730\" class=\"wp-caption-text\">Aktion #fairwertsteuer wh\u00e4hrend der Corona-Pandemie<\/p>\n<\/div>\n<p>&nbsp;<\/p>\n<p><em>\u201eEnde M\u00e4rz 2021 ist die Aktion #fairwertsteuer mit dem sehr erfreulichen Ergebnis von \u00fcber 500.000 Euro ausgelaufen. Einen Gro\u00dfteil des Geldes konnte der Weltladen-Dachverband bereits an 70 Handelspartner in 20 L\u00e4ndern auszahlen.\u201c<\/em> \u2013 Zitat Weltladen-Dachverband.<\/p>\n<p>Weltladen Regentropfen hat mit mehr als \u20ac 10.000 freiwillige Corona-Unterst\u00fctzung an die Produzenten und Produzentinnen des \u201eGlobalen S\u00fcdens\u201c beitragen.<\/p>\n<\/div>\n<\/div>\n<\/div>\n<\/div>\n<\/div>\n<\/div>\n<div class=\"vc_row wpb_row vc_row-fluid dt-default\">\n<div class=\"wpb_column vc_column_container vc_col-sm-12\">\n<div class=\"vc_column-inner\">\n<div class=\"wpb_wrapper\">\n<div class=\"vc_empty_space\"><\/div>\n<\/div>\n<\/div>\n<\/div>\n<\/div>\n<\/div>","protected":false},"excerpt":{"rendered":"<p>Weltladen Offenburg 1979 \u2013 Heute Schaufenster des Weltladens in der Goldgasse &nbsp; Von der Gr\u00fcndung in der Goldgasse im Jahre 1979 \u00fcber die Hauptstra\u00dfe gegen\u00fcber Bahnhofsgeb\u00e4ude 1993 in die Lange Stra\u00dfe (in Verl\u00e4ngerung zur Metzgerstra\u00dfe) seit 2010 ist viel Wasser die Kinzig runter geflossen. Aus den \u201eRegentropfen\u201c ist (noch) kein Meer geworden, aber der Strom&hellip;<\/p>\n","protected":false},"author":287,"featured_media":0,"parent":0,"menu_order":0,"comment_status":"closed","ping_status":"closed","template":"","meta":{"footnotes":""},"class_list":["post-1760","page","type-page","status-publish","hentry","description-off"],"yoast_head":"<!-- This site is optimized with the Yoast SEO plugin v26.8 - https:\/\/yoast.com\/product\/yoast-seo-wordpress\/ -->\n<title>Historisches - Weltladen Offenburg<\/title>\n<meta name=\"robots\" content=\"index, follow, max-snippet:-1, max-image-preview:large, max-video-preview:-1\" \/>\n<link rel=\"canonical\" href=\"https:\/\/weltlaeden.de\/offenburg\/historisches\/\" \/>\n<meta property=\"og:locale\" content=\"de_DE\" \/>\n<meta property=\"og:type\" content=\"article\" \/>\n<meta property=\"og:title\" content=\"Historisches - Weltladen Offenburg\" \/>\n<meta property=\"og:description\" content=\"Weltladen Offenburg 1979 \u2013 Heute Schaufenster des Weltladens in der Goldgasse &nbsp; Von der Gr\u00fcndung in der Goldgasse im Jahre 1979 \u00fcber die Hauptstra\u00dfe gegen\u00fcber Bahnhofsgeb\u00e4ude 1993 in die Lange Stra\u00dfe (in Verl\u00e4ngerung zur Metzgerstra\u00dfe) seit 2010 ist viel Wasser die Kinzig runter geflossen. Aus den \u201eRegentropfen\u201c ist (noch) kein Meer geworden, aber der Strom&hellip;\" \/>\n<meta property=\"og:url\" content=\"https:\/\/weltlaeden.de\/offenburg\/historisches\/\" \/>\n<meta property=\"og:site_name\" content=\"Weltladen Offenburg\" \/>\n<meta property=\"article:modified_time\" content=\"2025-03-13T12:13:51+00:00\" \/>\n<meta property=\"og:image\" content=\"https:\/\/weltlaeden.de\/offenburg\/wp-content\/uploads\/sites\/198\/2025\/03\/1979-Goldgasse-Schaufenster-150x150-1.jpg\" \/>\n\t<meta property=\"og:image:width\" content=\"150\" \/>\n\t<meta property=\"og:image:height\" content=\"150\" \/>\n\t<meta property=\"og:image:type\" content=\"image\/jpeg\" \/>\n<meta name=\"twitter:card\" content=\"summary_large_image\" \/>\n<meta name=\"twitter:label1\" content=\"Gesch\u00e4tzte Lesezeit\" \/>\n\t<meta name=\"twitter:data1\" content=\"8\u00a0Minuten\" \/>\n<script type=\"application\/ld+json\" class=\"yoast-schema-graph\">{\"@context\":\"https:\/\/schema.org\",\"@graph\":[{\"@type\":\"WebPage\",\"@id\":\"https:\/\/weltlaeden.de\/offenburg\/historisches\/\",\"url\":\"https:\/\/weltlaeden.de\/offenburg\/historisches\/\",\"name\":\"Historisches - Weltladen Offenburg\",\"isPartOf\":{\"@id\":\"https:\/\/weltlaeden.de\/offenburg\/#website\"},\"primaryImageOfPage\":{\"@id\":\"https:\/\/weltlaeden.de\/offenburg\/historisches\/#primaryimage\"},\"image\":{\"@id\":\"https:\/\/weltlaeden.de\/offenburg\/historisches\/#primaryimage\"},\"thumbnailUrl\":\"https:\/\/weltlaeden.de\/offenburg\/wp-content\/uploads\/sites\/198\/2025\/03\/1979-Goldgasse-Schaufenster-150x150-1.jpg\",\"datePublished\":\"2025-03-01T16:46:40+00:00\",\"dateModified\":\"2025-03-13T12:13:51+00:00\",\"breadcrumb\":{\"@id\":\"https:\/\/weltlaeden.de\/offenburg\/historisches\/#breadcrumb\"},\"inLanguage\":\"de\",\"potentialAction\":[{\"@type\":\"ReadAction\",\"target\":[\"https:\/\/weltlaeden.de\/offenburg\/historisches\/\"]}]},{\"@type\":\"ImageObject\",\"inLanguage\":\"de\",\"@id\":\"https:\/\/weltlaeden.de\/offenburg\/historisches\/#primaryimage\",\"url\":\"https:\/\/weltlaeden.de\/offenburg\/wp-content\/uploads\/sites\/198\/2025\/03\/1979-Goldgasse-Schaufenster-150x150-1.jpg\",\"contentUrl\":\"https:\/\/weltlaeden.de\/offenburg\/wp-content\/uploads\/sites\/198\/2025\/03\/1979-Goldgasse-Schaufenster-150x150-1.jpg\",\"width\":150,\"height\":150},{\"@type\":\"BreadcrumbList\",\"@id\":\"https:\/\/weltlaeden.de\/offenburg\/historisches\/#breadcrumb\",\"itemListElement\":[{\"@type\":\"ListItem\",\"position\":1,\"name\":\"Startseite\",\"item\":\"https:\/\/weltlaeden.de\/offenburg\/\"},{\"@type\":\"ListItem\",\"position\":2,\"name\":\"Historisches\"}]},{\"@type\":\"WebSite\",\"@id\":\"https:\/\/weltlaeden.de\/offenburg\/#website\",\"url\":\"https:\/\/weltlaeden.de\/offenburg\/\",\"name\":\"Weltladen Offenburg\",\"description\":\"Faire Produkte seit 1990\",\"potentialAction\":[{\"@type\":\"SearchAction\",\"target\":{\"@type\":\"EntryPoint\",\"urlTemplate\":\"https:\/\/weltlaeden.de\/offenburg\/?s={search_term_string}\"},\"query-input\":{\"@type\":\"PropertyValueSpecification\",\"valueRequired\":true,\"valueName\":\"search_term_string\"}}],\"inLanguage\":\"de\"}]}<\/script>\n<!-- \/ Yoast SEO plugin. -->","yoast_head_json":{"title":"Historisches - Weltladen Offenburg","robots":{"index":"index","follow":"follow","max-snippet":"max-snippet:-1","max-image-preview":"max-image-preview:large","max-video-preview":"max-video-preview:-1"},"canonical":"https:\/\/weltlaeden.de\/offenburg\/historisches\/","og_locale":"de_DE","og_type":"article","og_title":"Historisches - Weltladen Offenburg","og_description":"Weltladen Offenburg 1979 \u2013 Heute Schaufenster des Weltladens in der Goldgasse &nbsp; Von der Gr\u00fcndung in der Goldgasse im Jahre 1979 \u00fcber die Hauptstra\u00dfe gegen\u00fcber Bahnhofsgeb\u00e4ude 1993 in die Lange Stra\u00dfe (in Verl\u00e4ngerung zur Metzgerstra\u00dfe) seit 2010 ist viel Wasser die Kinzig runter geflossen. Aus den \u201eRegentropfen\u201c ist (noch) kein Meer geworden, aber der Strom&hellip;","og_url":"https:\/\/weltlaeden.de\/offenburg\/historisches\/","og_site_name":"Weltladen Offenburg","article_modified_time":"2025-03-13T12:13:51+00:00","og_image":[{"width":150,"height":150,"url":"https:\/\/weltlaeden.de\/offenburg\/wp-content\/uploads\/sites\/198\/2025\/03\/1979-Goldgasse-Schaufenster-150x150-1.jpg","type":"image\/jpeg"}],"twitter_card":"summary_large_image","twitter_misc":{"Gesch\u00e4tzte Lesezeit":"8\u00a0Minuten"},"schema":{"@context":"https:\/\/schema.org","@graph":[{"@type":"WebPage","@id":"https:\/\/weltlaeden.de\/offenburg\/historisches\/","url":"https:\/\/weltlaeden.de\/offenburg\/historisches\/","name":"Historisches - Weltladen Offenburg","isPartOf":{"@id":"https:\/\/weltlaeden.de\/offenburg\/#website"},"primaryImageOfPage":{"@id":"https:\/\/weltlaeden.de\/offenburg\/historisches\/#primaryimage"},"image":{"@id":"https:\/\/weltlaeden.de\/offenburg\/historisches\/#primaryimage"},"thumbnailUrl":"https:\/\/weltlaeden.de\/offenburg\/wp-content\/uploads\/sites\/198\/2025\/03\/1979-Goldgasse-Schaufenster-150x150-1.jpg","datePublished":"2025-03-01T16:46:40+00:00","dateModified":"2025-03-13T12:13:51+00:00","breadcrumb":{"@id":"https:\/\/weltlaeden.de\/offenburg\/historisches\/#breadcrumb"},"inLanguage":"de","potentialAction":[{"@type":"ReadAction","target":["https:\/\/weltlaeden.de\/offenburg\/historisches\/"]}]},{"@type":"ImageObject","inLanguage":"de","@id":"https:\/\/weltlaeden.de\/offenburg\/historisches\/#primaryimage","url":"https:\/\/weltlaeden.de\/offenburg\/wp-content\/uploads\/sites\/198\/2025\/03\/1979-Goldgasse-Schaufenster-150x150-1.jpg","contentUrl":"https:\/\/weltlaeden.de\/offenburg\/wp-content\/uploads\/sites\/198\/2025\/03\/1979-Goldgasse-Schaufenster-150x150-1.jpg","width":150,"height":150},{"@type":"BreadcrumbList","@id":"https:\/\/weltlaeden.de\/offenburg\/historisches\/#breadcrumb","itemListElement":[{"@type":"ListItem","position":1,"name":"Startseite","item":"https:\/\/weltlaeden.de\/offenburg\/"},{"@type":"ListItem","position":2,"name":"Historisches"}]},{"@type":"WebSite","@id":"https:\/\/weltlaeden.de\/offenburg\/#website","url":"https:\/\/weltlaeden.de\/offenburg\/","name":"Weltladen Offenburg","description":"Faire Produkte seit 1990","potentialAction":[{"@type":"SearchAction","target":{"@type":"EntryPoint","urlTemplate":"https:\/\/weltlaeden.de\/offenburg\/?s={search_term_string}"},"query-input":{"@type":"PropertyValueSpecification","valueRequired":true,"valueName":"search_term_string"}}],"inLanguage":"de"}]}},"_links":{"self":[{"href":"https:\/\/weltlaeden.de\/offenburg\/wp-json\/wp\/v2\/pages\/1760","targetHints":{"allow":["GET"]}}],"collection":[{"href":"https:\/\/weltlaeden.de\/offenburg\/wp-json\/wp\/v2\/pages"}],"about":[{"href":"https:\/\/weltlaeden.de\/offenburg\/wp-json\/wp\/v2\/types\/page"}],"author":[{"embeddable":true,"href":"https:\/\/weltlaeden.de\/offenburg\/wp-json\/wp\/v2\/users\/287"}],"replies":[{"embeddable":true,"href":"https:\/\/weltlaeden.de\/offenburg\/wp-json\/wp\/v2\/comments?post=1760"}],"version-history":[{"count":3,"href":"https:\/\/weltlaeden.de\/offenburg\/wp-json\/wp\/v2\/pages\/1760\/revisions"}],"predecessor-version":[{"id":1934,"href":"https:\/\/weltlaeden.de\/offenburg\/wp-json\/wp\/v2\/pages\/1760\/revisions\/1934"}],"wp:attachment":[{"href":"https:\/\/weltlaeden.de\/offenburg\/wp-json\/wp\/v2\/media?parent=1760"}],"curies":[{"name":"wp","href":"https:\/\/api.w.org\/{rel}","templated":true}]}}