{"id":1746,"date":"2025-03-01T17:26:26","date_gmt":"2025-03-01T16:26:26","guid":{"rendered":"https:\/\/weltlaeden.de\/offenburg\/?page_id=1746"},"modified":"2025-03-01T18:05:01","modified_gmt":"2025-03-01T17:05:01","slug":"wir-sammeln-korken","status":"publish","type":"page","link":"https:\/\/weltlaeden.de\/offenburg\/wir-sammeln-korken\/","title":{"rendered":"Wir sammeln Korken"},"content":{"rendered":"<div class=\"entry-content\">\n<h1 class=\"wp-block-heading\"><img loading=\"lazy\" decoding=\"async\" class=\"wp-image-1769 aligncenter\" src=\"https:\/\/weltlaeden.de\/offenburg\/wp-content\/uploads\/sites\/198\/2025\/03\/20210621_130101klein-300x216.jpg\" alt=\"\" width=\"694\" height=\"500\" srcset=\"https:\/\/weltlaeden.de\/offenburg\/wp-content\/uploads\/sites\/198\/2025\/03\/20210621_130101klein-300x216.jpg 300w, https:\/\/weltlaeden.de\/offenburg\/wp-content\/uploads\/sites\/198\/2025\/03\/20210621_130101klein.jpg 600w\" sizes=\"auto, (max-width: 694px) 100vw, 694px\" \/><\/h1>\n<h1 class=\"wp-block-heading\">Der Weltladen sammelt \u2026<\/h1>\n<p>\u2026 jetzt schon seit vielen Jahren Korken f\u00fcr die <a href=\"https:\/\/diakonie-kork.de\/hanauerland-werkstaette\">Diakonie in Kehl-Kork<\/a>. Die Aktion \u201eKorken f\u00fcr Kork\u201c liegt dabei die Assoziation des Werkstoffs Kork mit dem Ortsnamen \u201eKork\u201c zugrunde. Der Name \u201eKork\u201c steht in der Region auch als Kurzbezeichnung f\u00fcr die <a href=\"https:\/\/diakonie-kork.de\/hanauerland-werkstaetten\">Diakonie Kork<\/a>. So entstand in 1991 die Idee f\u00fcr eine Korken-Recycling-Aktion.<\/p>\n<div class=\"wp-block-image\">\n<figure class=\"alignleft size-large is-resized\"><img loading=\"lazy\" decoding=\"async\" src=\"https:\/\/natuerlichkork.de\/wp-content\/uploads\/2012\/03\/korkenfuerkork.jpg\" alt=\"\" width=\"338\" height=\"154\" \/><figcaption><em>Quellfoto: natuerlichkork.de<\/em><\/figcaption><\/figure>\n<\/div>\n<p>Seit 1991 hat die Aktion \u201eKorken f\u00fcr Kork\u201c drei Ziele:<\/p>\n<p>Menschen mit der <strong>Diakonie Kork<\/strong> zu verbinden<\/p>\n<ul class=\"wp-block-list\">\n<li>Arbeitspl\u00e4tze f\u00fcr Menschen mit Behinderungen zu schaffen und zu sichern<\/li>\n<\/ul>\n<ul class=\"wp-block-list\">\n<li>Einen Beitrag zur M\u00fcllvermeidung und Erhaltung eines wertvollen Wertstoffes leisten<\/li>\n<\/ul>\n<p>&nbsp;<\/p>\n<p>Die spontane Resonanz auf diese Sammelaktion war in der Bev\u00f6lkerung von Beginn an sehr gut.\u00a0Das Sammelaufkommen lag zuletzt bei 1.100 Kubikmeter Korken j\u00e4hrlich. Dies entspricht rund 45 Millionen Flaschenkorken.<\/p>\n<p>Aktuell gibt es in Deutschland \u00fcber 3.000 Sammelstellen, von der Gro\u00dfsammelstelle eines Recycling-Hofes bis zu der engagierten Schule, Kirchengemeinde oder Privatpersonen. Und eben auch unser Weltladen Regentropfen in Offenburg.<\/p>\n<p>Sie machen \u201cKorken f\u00fcr Kork\u201d zu einem wichtigen sozialen und \u00f6kologischen Projekt.<\/p>\n<p>Bis 2014 konnten durch die Recycling-Aktion f\u00fcr 12 Menschen mit Behinderungen feste Arbeitspl\u00e4tze in der Korkenverarbeitung eingerichtet werden. Mit der\u00a0zur\u00fcckgehenden Sammelmenge (bei gleichbleibend hohen Grundkosten f\u00fcr die Bereithaltung der Lagerkapazit\u00e4t und Verarbeitungstechnik) belastete die Korkenverarbeitung jedoch zunehmend das wirtschaftliche Ergebnis der <strong><a href=\"https:\/\/diakonie-kork.de\/hanauerland-werkstaetten\">Hanauerland Werkst\u00e4tten<\/a><\/strong>.<\/p>\n<p>Ende Juni 2014 wurde die Sortierung und Weiterverarbeitung dann eingestellt.<\/p>\n<p>Seit 1. Juli 2014 werden alle gesammelten Korken an eine langj\u00e4hrige Partnerfirma verkauft, zur Produktion u.a. von Pinnw\u00e4nden und D\u00e4mmplatten. Damit erm\u00f6glicht sie einem Mitarbeiter der Hanauerland Werkst\u00e4tten die Arbeit auf einem integrierten Arbeitsplatz bei der Spedition, die seit Jahren die gesammelte Korken an den Sammelstellen abholt. Der Erl\u00f6s aus den verkauften Korken flie\u00dft in die Arbeit mit Menschen mit Behinderungen.<\/p>\n<p>Die Diakonie Kork ist auch vertreten auf:<\/p>\n<p><a href=\"https:\/\/www.facebook.com\/KorkDiakonie\/\">facebook<\/a><\/p>\n<p><a href=\"https:\/\/www.instagram.com\/diakonie_kork\/\">instagram<\/a><\/p>\n<p><a href=\"https:\/\/www.youtube.com\/channel\/UCGCL9vF0Ih-lNt1b8Sq47Pg\">youtube<\/a><\/p>\n<\/div>\n","protected":false},"excerpt":{"rendered":"<p>Der Weltladen sammelt \u2026 \u2026 jetzt schon seit vielen Jahren Korken f\u00fcr die Diakonie in Kehl-Kork. Die Aktion \u201eKorken f\u00fcr Kork\u201c liegt dabei die Assoziation des Werkstoffs Kork mit dem Ortsnamen \u201eKork\u201c zugrunde. Der Name \u201eKork\u201c steht in der Region auch als Kurzbezeichnung f\u00fcr die Diakonie Kork. So entstand in 1991 die Idee f\u00fcr eine&hellip;<\/p>\n","protected":false},"author":287,"featured_media":0,"parent":0,"menu_order":0,"comment_status":"closed","ping_status":"closed","template":"","meta":{"footnotes":""},"class_list":["post-1746","page","type-page","status-publish","hentry","description-off"],"yoast_head":"<!-- This site is optimized with the Yoast SEO plugin v26.8 - https:\/\/yoast.com\/product\/yoast-seo-wordpress\/ -->\n<title>Wir sammeln Korken - Weltladen Offenburg<\/title>\n<meta name=\"robots\" content=\"index, follow, max-snippet:-1, max-image-preview:large, max-video-preview:-1\" \/>\n<link rel=\"canonical\" href=\"https:\/\/weltlaeden.de\/offenburg\/wir-sammeln-korken\/\" \/>\n<meta property=\"og:locale\" content=\"de_DE\" \/>\n<meta property=\"og:type\" content=\"article\" \/>\n<meta property=\"og:title\" content=\"Wir sammeln Korken - Weltladen Offenburg\" \/>\n<meta property=\"og:description\" content=\"Der Weltladen sammelt \u2026 \u2026 jetzt schon seit vielen Jahren Korken f\u00fcr die Diakonie in Kehl-Kork. Die Aktion \u201eKorken f\u00fcr Kork\u201c liegt dabei die Assoziation des Werkstoffs Kork mit dem Ortsnamen \u201eKork\u201c zugrunde. Der Name \u201eKork\u201c steht in der Region auch als Kurzbezeichnung f\u00fcr die Diakonie Kork. So entstand in 1991 die Idee f\u00fcr eine&hellip;\" \/>\n<meta property=\"og:url\" content=\"https:\/\/weltlaeden.de\/offenburg\/wir-sammeln-korken\/\" \/>\n<meta property=\"og:site_name\" content=\"Weltladen Offenburg\" \/>\n<meta property=\"article:modified_time\" content=\"2025-03-01T17:05:01+00:00\" \/>\n<meta property=\"og:image\" content=\"https:\/\/weltlaeden.de\/offenburg\/wp-content\/uploads\/sites\/198\/2025\/03\/20210621_130101klein.jpg\" \/>\n\t<meta property=\"og:image:width\" content=\"600\" \/>\n\t<meta property=\"og:image:height\" content=\"432\" \/>\n\t<meta property=\"og:image:type\" content=\"image\/jpeg\" \/>\n<meta name=\"twitter:card\" content=\"summary_large_image\" \/>\n<meta name=\"twitter:label1\" content=\"Gesch\u00e4tzte Lesezeit\" \/>\n\t<meta name=\"twitter:data1\" content=\"3\u00a0Minuten\" \/>\n<script type=\"application\/ld+json\" class=\"yoast-schema-graph\">{\"@context\":\"https:\/\/schema.org\",\"@graph\":[{\"@type\":\"WebPage\",\"@id\":\"https:\/\/weltlaeden.de\/offenburg\/wir-sammeln-korken\/\",\"url\":\"https:\/\/weltlaeden.de\/offenburg\/wir-sammeln-korken\/\",\"name\":\"Wir sammeln Korken - Weltladen Offenburg\",\"isPartOf\":{\"@id\":\"https:\/\/weltlaeden.de\/offenburg\/#website\"},\"primaryImageOfPage\":{\"@id\":\"https:\/\/weltlaeden.de\/offenburg\/wir-sammeln-korken\/#primaryimage\"},\"image\":{\"@id\":\"https:\/\/weltlaeden.de\/offenburg\/wir-sammeln-korken\/#primaryimage\"},\"thumbnailUrl\":\"https:\/\/weltlaeden.de\/offenburg\/wp-content\/uploads\/sites\/198\/2025\/03\/20210621_130101klein-300x216.jpg\",\"datePublished\":\"2025-03-01T16:26:26+00:00\",\"dateModified\":\"2025-03-01T17:05:01+00:00\",\"breadcrumb\":{\"@id\":\"https:\/\/weltlaeden.de\/offenburg\/wir-sammeln-korken\/#breadcrumb\"},\"inLanguage\":\"de\",\"potentialAction\":[{\"@type\":\"ReadAction\",\"target\":[\"https:\/\/weltlaeden.de\/offenburg\/wir-sammeln-korken\/\"]}]},{\"@type\":\"ImageObject\",\"inLanguage\":\"de\",\"@id\":\"https:\/\/weltlaeden.de\/offenburg\/wir-sammeln-korken\/#primaryimage\",\"url\":\"https:\/\/weltlaeden.de\/offenburg\/wp-content\/uploads\/sites\/198\/2025\/03\/20210621_130101klein.jpg\",\"contentUrl\":\"https:\/\/weltlaeden.de\/offenburg\/wp-content\/uploads\/sites\/198\/2025\/03\/20210621_130101klein.jpg\",\"width\":600,\"height\":432},{\"@type\":\"BreadcrumbList\",\"@id\":\"https:\/\/weltlaeden.de\/offenburg\/wir-sammeln-korken\/#breadcrumb\",\"itemListElement\":[{\"@type\":\"ListItem\",\"position\":1,\"name\":\"Startseite\",\"item\":\"https:\/\/weltlaeden.de\/offenburg\/\"},{\"@type\":\"ListItem\",\"position\":2,\"name\":\"Wir sammeln Korken\"}]},{\"@type\":\"WebSite\",\"@id\":\"https:\/\/weltlaeden.de\/offenburg\/#website\",\"url\":\"https:\/\/weltlaeden.de\/offenburg\/\",\"name\":\"Weltladen Offenburg\",\"description\":\"Faire Produkte seit 1990\",\"potentialAction\":[{\"@type\":\"SearchAction\",\"target\":{\"@type\":\"EntryPoint\",\"urlTemplate\":\"https:\/\/weltlaeden.de\/offenburg\/?s={search_term_string}\"},\"query-input\":{\"@type\":\"PropertyValueSpecification\",\"valueRequired\":true,\"valueName\":\"search_term_string\"}}],\"inLanguage\":\"de\"}]}<\/script>\n<!-- \/ Yoast SEO plugin. -->","yoast_head_json":{"title":"Wir sammeln Korken - Weltladen Offenburg","robots":{"index":"index","follow":"follow","max-snippet":"max-snippet:-1","max-image-preview":"max-image-preview:large","max-video-preview":"max-video-preview:-1"},"canonical":"https:\/\/weltlaeden.de\/offenburg\/wir-sammeln-korken\/","og_locale":"de_DE","og_type":"article","og_title":"Wir sammeln Korken - Weltladen Offenburg","og_description":"Der Weltladen sammelt \u2026 \u2026 jetzt schon seit vielen Jahren Korken f\u00fcr die Diakonie in Kehl-Kork. Die Aktion \u201eKorken f\u00fcr Kork\u201c liegt dabei die Assoziation des Werkstoffs Kork mit dem Ortsnamen \u201eKork\u201c zugrunde. Der Name \u201eKork\u201c steht in der Region auch als Kurzbezeichnung f\u00fcr die Diakonie Kork. So entstand in 1991 die Idee f\u00fcr eine&hellip;","og_url":"https:\/\/weltlaeden.de\/offenburg\/wir-sammeln-korken\/","og_site_name":"Weltladen Offenburg","article_modified_time":"2025-03-01T17:05:01+00:00","og_image":[{"width":600,"height":432,"url":"https:\/\/weltlaeden.de\/offenburg\/wp-content\/uploads\/sites\/198\/2025\/03\/20210621_130101klein.jpg","type":"image\/jpeg"}],"twitter_card":"summary_large_image","twitter_misc":{"Gesch\u00e4tzte Lesezeit":"3\u00a0Minuten"},"schema":{"@context":"https:\/\/schema.org","@graph":[{"@type":"WebPage","@id":"https:\/\/weltlaeden.de\/offenburg\/wir-sammeln-korken\/","url":"https:\/\/weltlaeden.de\/offenburg\/wir-sammeln-korken\/","name":"Wir sammeln Korken - Weltladen Offenburg","isPartOf":{"@id":"https:\/\/weltlaeden.de\/offenburg\/#website"},"primaryImageOfPage":{"@id":"https:\/\/weltlaeden.de\/offenburg\/wir-sammeln-korken\/#primaryimage"},"image":{"@id":"https:\/\/weltlaeden.de\/offenburg\/wir-sammeln-korken\/#primaryimage"},"thumbnailUrl":"https:\/\/weltlaeden.de\/offenburg\/wp-content\/uploads\/sites\/198\/2025\/03\/20210621_130101klein-300x216.jpg","datePublished":"2025-03-01T16:26:26+00:00","dateModified":"2025-03-01T17:05:01+00:00","breadcrumb":{"@id":"https:\/\/weltlaeden.de\/offenburg\/wir-sammeln-korken\/#breadcrumb"},"inLanguage":"de","potentialAction":[{"@type":"ReadAction","target":["https:\/\/weltlaeden.de\/offenburg\/wir-sammeln-korken\/"]}]},{"@type":"ImageObject","inLanguage":"de","@id":"https:\/\/weltlaeden.de\/offenburg\/wir-sammeln-korken\/#primaryimage","url":"https:\/\/weltlaeden.de\/offenburg\/wp-content\/uploads\/sites\/198\/2025\/03\/20210621_130101klein.jpg","contentUrl":"https:\/\/weltlaeden.de\/offenburg\/wp-content\/uploads\/sites\/198\/2025\/03\/20210621_130101klein.jpg","width":600,"height":432},{"@type":"BreadcrumbList","@id":"https:\/\/weltlaeden.de\/offenburg\/wir-sammeln-korken\/#breadcrumb","itemListElement":[{"@type":"ListItem","position":1,"name":"Startseite","item":"https:\/\/weltlaeden.de\/offenburg\/"},{"@type":"ListItem","position":2,"name":"Wir sammeln Korken"}]},{"@type":"WebSite","@id":"https:\/\/weltlaeden.de\/offenburg\/#website","url":"https:\/\/weltlaeden.de\/offenburg\/","name":"Weltladen Offenburg","description":"Faire Produkte seit 1990","potentialAction":[{"@type":"SearchAction","target":{"@type":"EntryPoint","urlTemplate":"https:\/\/weltlaeden.de\/offenburg\/?s={search_term_string}"},"query-input":{"@type":"PropertyValueSpecification","valueRequired":true,"valueName":"search_term_string"}}],"inLanguage":"de"}]}},"_links":{"self":[{"href":"https:\/\/weltlaeden.de\/offenburg\/wp-json\/wp\/v2\/pages\/1746","targetHints":{"allow":["GET"]}}],"collection":[{"href":"https:\/\/weltlaeden.de\/offenburg\/wp-json\/wp\/v2\/pages"}],"about":[{"href":"https:\/\/weltlaeden.de\/offenburg\/wp-json\/wp\/v2\/types\/page"}],"author":[{"embeddable":true,"href":"https:\/\/weltlaeden.de\/offenburg\/wp-json\/wp\/v2\/users\/287"}],"replies":[{"embeddable":true,"href":"https:\/\/weltlaeden.de\/offenburg\/wp-json\/wp\/v2\/comments?post=1746"}],"version-history":[{"count":3,"href":"https:\/\/weltlaeden.de\/offenburg\/wp-json\/wp\/v2\/pages\/1746\/revisions"}],"predecessor-version":[{"id":1770,"href":"https:\/\/weltlaeden.de\/offenburg\/wp-json\/wp\/v2\/pages\/1746\/revisions\/1770"}],"wp:attachment":[{"href":"https:\/\/weltlaeden.de\/offenburg\/wp-json\/wp\/v2\/media?parent=1746"}],"curies":[{"name":"wp","href":"https:\/\/api.w.org\/{rel}","templated":true}]}}