{"id":219,"date":"2016-10-28T13:34:47","date_gmt":"2016-10-28T11:34:47","guid":{"rendered":"https:\/\/wl.heimpixel.de\/vorlage\/ueber-uns\/"},"modified":"2023-11-21T12:11:29","modified_gmt":"2023-11-21T11:11:29","slug":"ueber-uns","status":"publish","type":"page","link":"https:\/\/weltlaeden.de\/oase-weinheim\/ueber-uns\/","title":{"rendered":"\u00dcber uns"},"content":{"rendered":"<div class=\"wpb-content-wrapper\"><p>[vc_row][vc_column]<div class=\"wl_einzelbild\"><p><img loading=\"lazy\" decoding=\"async\" class=\"aligncenter size-full wp-image-448\" src=\"https:\/\/weltlaeden.de\/oase-weinheim\/wp-content\/uploads\/sites\/101\/2019\/04\/board-game-challenge-chess-209728_1200x519-e1555324787982.png\" alt=\"\" width=\"787\" height=\"340\" \/><\/p><\/div>[vc_empty_space][vc_column_text]<\/p>\n<h1>\u00dcber den Weltladen OASE<\/h1>\n<p>[\/vc_column_text][vc_column_text]Ende der 80er Jahre verkauften die Pfadfinder der evangelischen Gemeinde L\u00fctzelsachsen Wollprodukte aus einem Alpackaprojekt aus Arequipa in Peru. Gleichzeitig wurden in der katholischen Nachbargemeinde Gro\u00dfsachsen fair gehandelte Waren nach dem Gottesdienst verkauft. Daraus entstand das gemeinsame Projekt Weltladen, seit 1995 getragen vom Verein \u00d6kumenische Aktion \u201eHelfende Hand\u201c Eine-Welt-Laden e.V. Seit 2010 sind wir als Weltladen OASE bekannt.<\/p>\n<p>[\/vc_column_text][\/vc_column][\/vc_row][vc_row][vc_column][vc_empty_space][vc_column_text]<\/p>\n<h1>Mitmachen im Weltladen OASE<\/h1>\n<p>[\/vc_column_text][vc_column_text]<strong>Wir suchen<\/strong> Menschen, die Lust haben, sich ehrenamtlich f\u00fcr eine offene, transparente, \u00f6kologische und nachhaltige Form des Wirtschaftens zu engagieren. Ob im Verkauf, der Informations- oder Bildungsarbeit &#8211; die M\u00f6glichkeiten, in unserem Team mitzumachen sind vielf\u00e4ltig und lassen sich bestimmt auch in Deinen Alltag integrieren! Neben regelm\u00e4\u00dfigen Aufgaben gibt es bei uns auch immer wieder einzelne zeitlich befristete Projekte, f\u00fcr die wir Unterst\u00fctzer\/innen suchen. Viele Aufgaben erfordern keine speziellen Vorkenntnisse, sondern nur Deine Bereitschaft, Deine F\u00e4higkeiten einzubringen und eventuell in neuen Bereichen dazuzulernen.<\/p>\n<p><strong>Wir bieten<\/strong> ein nettes Team aus Engagierten mit vielf\u00e4ltigen M\u00f6glichkeiten, sich selbst einzubringen. Eine Gemeinschaft, die Dich herzlich aufnimmt, einarbeitet und bei Fragen zur Verf\u00fcgung steht. Fortbildungsm\u00f6glichkeiten nach Deinen Interessen und Aufgaben.<\/p>\n<p><strong>Ansprechpartner\/in:<\/strong><br \/>\nBettina Trilsbach<br \/>\nweltladen-oase@t-online.de<\/p>\n<p><strong>Wir freuen uns auf Dich!<\/strong>[\/vc_column_text][\/vc_column][\/vc_row]<\/p>\n<\/div>","protected":false},"excerpt":{"rendered":"<p>[vc_row][vc_column][vc_empty_space][vc_column_text] \u00dcber den Weltladen OASE [\/vc_column_text][vc_column_text]Ende der 80er Jahre verkauften die Pfadfinder der evangelischen Gemeinde L\u00fctzelsachsen Wollprodukte aus einem Alpackaprojekt aus Arequipa in Peru. Gleichzeitig wurden in der katholischen Nachbargemeinde Gro\u00dfsachsen fair gehandelte Waren nach dem Gottesdienst verkauft. Daraus entstand das gemeinsame Projekt Weltladen, seit 1995 getragen vom Verein \u00d6kumenische Aktion \u201eHelfende Hand\u201c Eine-Welt-Laden e.V.&hellip;<\/p>\n","protected":false},"author":1,"featured_media":0,"parent":0,"menu_order":4,"comment_status":"closed","ping_status":"closed","template":"","meta":{"footnotes":""},"class_list":["post-219","page","type-page","status-publish","hentry","description-off"],"yoast_head":"<!-- This site is optimized with the Yoast SEO plugin v26.8 - https:\/\/yoast.com\/product\/yoast-seo-wordpress\/ -->\n<title>\u00dcber uns - Weltladen Oase Weinheim<\/title>\n<meta name=\"robots\" content=\"index, follow, max-snippet:-1, max-image-preview:large, max-video-preview:-1\" \/>\n<link rel=\"canonical\" href=\"https:\/\/weltlaeden.de\/oase-weinheim\/ueber-uns\/\" \/>\n<meta property=\"og:locale\" content=\"de_DE\" \/>\n<meta property=\"og:type\" content=\"article\" \/>\n<meta property=\"og:title\" content=\"\u00dcber uns - Weltladen Oase Weinheim\" \/>\n<meta property=\"og:description\" content=\"[vc_row][vc_column][vc_empty_space][vc_column_text] \u00dcber den Weltladen OASE [\/vc_column_text][vc_column_text]Ende der 80er Jahre verkauften die Pfadfinder der evangelischen Gemeinde L\u00fctzelsachsen Wollprodukte aus einem Alpackaprojekt aus Arequipa in Peru. Gleichzeitig wurden in der katholischen Nachbargemeinde Gro\u00dfsachsen fair gehandelte Waren nach dem Gottesdienst verkauft. Daraus entstand das gemeinsame Projekt Weltladen, seit 1995 getragen vom Verein \u00d6kumenische Aktion \u201eHelfende Hand\u201c Eine-Welt-Laden e.V.&hellip;\" \/>\n<meta property=\"og:url\" content=\"https:\/\/weltlaeden.de\/oase-weinheim\/ueber-uns\/\" \/>\n<meta property=\"og:site_name\" content=\"Weltladen Oase Weinheim\" \/>\n<meta property=\"article:modified_time\" content=\"2023-11-21T11:11:29+00:00\" \/>\n<meta property=\"og:image\" content=\"https:\/\/weltlaeden.de\/oase-weinheim\/wp-content\/uploads\/sites\/101\/2019\/04\/board-game-challenge-chess-209728_1200x519-e1555324787982.png\" \/>\n<meta name=\"twitter:card\" content=\"summary_large_image\" \/>\n<meta name=\"twitter:label1\" content=\"Gesch\u00e4tzte Lesezeit\" \/>\n\t<meta name=\"twitter:data1\" content=\"2\u00a0Minuten\" \/>\n<script type=\"application\/ld+json\" class=\"yoast-schema-graph\">{\"@context\":\"https:\/\/schema.org\",\"@graph\":[{\"@type\":\"WebPage\",\"@id\":\"https:\/\/weltlaeden.de\/oase-weinheim\/ueber-uns\/\",\"url\":\"https:\/\/weltlaeden.de\/oase-weinheim\/ueber-uns\/\",\"name\":\"\u00dcber uns - Weltladen Oase Weinheim\",\"isPartOf\":{\"@id\":\"https:\/\/weltlaeden.de\/oase-weinheim\/#website\"},\"primaryImageOfPage\":{\"@id\":\"https:\/\/weltlaeden.de\/oase-weinheim\/ueber-uns\/#primaryimage\"},\"image\":{\"@id\":\"https:\/\/weltlaeden.de\/oase-weinheim\/ueber-uns\/#primaryimage\"},\"thumbnailUrl\":\"https:\/\/weltlaeden.de\/oase-weinheim\/wp-content\/uploads\/sites\/101\/2019\/04\/board-game-challenge-chess-209728_1200x519-e1555324787982.png\",\"datePublished\":\"2016-10-28T11:34:47+00:00\",\"dateModified\":\"2023-11-21T11:11:29+00:00\",\"breadcrumb\":{\"@id\":\"https:\/\/weltlaeden.de\/oase-weinheim\/ueber-uns\/#breadcrumb\"},\"inLanguage\":\"de\",\"potentialAction\":[{\"@type\":\"ReadAction\",\"target\":[\"https:\/\/weltlaeden.de\/oase-weinheim\/ueber-uns\/\"]}]},{\"@type\":\"ImageObject\",\"inLanguage\":\"de\",\"@id\":\"https:\/\/weltlaeden.de\/oase-weinheim\/ueber-uns\/#primaryimage\",\"url\":\"https:\/\/weltlaeden.de\/oase-weinheim\/wp-content\/uploads\/sites\/101\/2019\/04\/board-game-challenge-chess-209728_1200x519-e1555324787982.png\",\"contentUrl\":\"https:\/\/weltlaeden.de\/oase-weinheim\/wp-content\/uploads\/sites\/101\/2019\/04\/board-game-challenge-chess-209728_1200x519-e1555324787982.png\",\"width\":787,\"height\":340},{\"@type\":\"BreadcrumbList\",\"@id\":\"https:\/\/weltlaeden.de\/oase-weinheim\/ueber-uns\/#breadcrumb\",\"itemListElement\":[{\"@type\":\"ListItem\",\"position\":1,\"name\":\"Startseite\",\"item\":\"https:\/\/weltlaeden.de\/oase-weinheim\/\"},{\"@type\":\"ListItem\",\"position\":2,\"name\":\"\u00dcber uns\"}]},{\"@type\":\"WebSite\",\"@id\":\"https:\/\/weltlaeden.de\/oase-weinheim\/#website\",\"url\":\"https:\/\/weltlaeden.de\/oase-weinheim\/\",\"name\":\"Weltladen Oase Weinheim\",\"description\":\"Faire Produkte seit 1990\",\"potentialAction\":[{\"@type\":\"SearchAction\",\"target\":{\"@type\":\"EntryPoint\",\"urlTemplate\":\"https:\/\/weltlaeden.de\/oase-weinheim\/?s={search_term_string}\"},\"query-input\":{\"@type\":\"PropertyValueSpecification\",\"valueRequired\":true,\"valueName\":\"search_term_string\"}}],\"inLanguage\":\"de\"}]}<\/script>\n<!-- \/ Yoast SEO plugin. -->","yoast_head_json":{"title":"\u00dcber uns - Weltladen Oase Weinheim","robots":{"index":"index","follow":"follow","max-snippet":"max-snippet:-1","max-image-preview":"max-image-preview:large","max-video-preview":"max-video-preview:-1"},"canonical":"https:\/\/weltlaeden.de\/oase-weinheim\/ueber-uns\/","og_locale":"de_DE","og_type":"article","og_title":"\u00dcber uns - Weltladen Oase Weinheim","og_description":"[vc_row][vc_column][vc_empty_space][vc_column_text] \u00dcber den Weltladen OASE [\/vc_column_text][vc_column_text]Ende der 80er Jahre verkauften die Pfadfinder der evangelischen Gemeinde L\u00fctzelsachsen Wollprodukte aus einem Alpackaprojekt aus Arequipa in Peru. Gleichzeitig wurden in der katholischen Nachbargemeinde Gro\u00dfsachsen fair gehandelte Waren nach dem Gottesdienst verkauft. Daraus entstand das gemeinsame Projekt Weltladen, seit 1995 getragen vom Verein \u00d6kumenische Aktion \u201eHelfende Hand\u201c Eine-Welt-Laden e.V.&hellip;","og_url":"https:\/\/weltlaeden.de\/oase-weinheim\/ueber-uns\/","og_site_name":"Weltladen Oase Weinheim","article_modified_time":"2023-11-21T11:11:29+00:00","og_image":[{"url":"https:\/\/weltlaeden.de\/oase-weinheim\/wp-content\/uploads\/sites\/101\/2019\/04\/board-game-challenge-chess-209728_1200x519-e1555324787982.png","type":"","width":"","height":""}],"twitter_card":"summary_large_image","twitter_misc":{"Gesch\u00e4tzte Lesezeit":"2\u00a0Minuten"},"schema":{"@context":"https:\/\/schema.org","@graph":[{"@type":"WebPage","@id":"https:\/\/weltlaeden.de\/oase-weinheim\/ueber-uns\/","url":"https:\/\/weltlaeden.de\/oase-weinheim\/ueber-uns\/","name":"\u00dcber uns - Weltladen Oase Weinheim","isPartOf":{"@id":"https:\/\/weltlaeden.de\/oase-weinheim\/#website"},"primaryImageOfPage":{"@id":"https:\/\/weltlaeden.de\/oase-weinheim\/ueber-uns\/#primaryimage"},"image":{"@id":"https:\/\/weltlaeden.de\/oase-weinheim\/ueber-uns\/#primaryimage"},"thumbnailUrl":"https:\/\/weltlaeden.de\/oase-weinheim\/wp-content\/uploads\/sites\/101\/2019\/04\/board-game-challenge-chess-209728_1200x519-e1555324787982.png","datePublished":"2016-10-28T11:34:47+00:00","dateModified":"2023-11-21T11:11:29+00:00","breadcrumb":{"@id":"https:\/\/weltlaeden.de\/oase-weinheim\/ueber-uns\/#breadcrumb"},"inLanguage":"de","potentialAction":[{"@type":"ReadAction","target":["https:\/\/weltlaeden.de\/oase-weinheim\/ueber-uns\/"]}]},{"@type":"ImageObject","inLanguage":"de","@id":"https:\/\/weltlaeden.de\/oase-weinheim\/ueber-uns\/#primaryimage","url":"https:\/\/weltlaeden.de\/oase-weinheim\/wp-content\/uploads\/sites\/101\/2019\/04\/board-game-challenge-chess-209728_1200x519-e1555324787982.png","contentUrl":"https:\/\/weltlaeden.de\/oase-weinheim\/wp-content\/uploads\/sites\/101\/2019\/04\/board-game-challenge-chess-209728_1200x519-e1555324787982.png","width":787,"height":340},{"@type":"BreadcrumbList","@id":"https:\/\/weltlaeden.de\/oase-weinheim\/ueber-uns\/#breadcrumb","itemListElement":[{"@type":"ListItem","position":1,"name":"Startseite","item":"https:\/\/weltlaeden.de\/oase-weinheim\/"},{"@type":"ListItem","position":2,"name":"\u00dcber uns"}]},{"@type":"WebSite","@id":"https:\/\/weltlaeden.de\/oase-weinheim\/#website","url":"https:\/\/weltlaeden.de\/oase-weinheim\/","name":"Weltladen Oase Weinheim","description":"Faire Produkte seit 1990","potentialAction":[{"@type":"SearchAction","target":{"@type":"EntryPoint","urlTemplate":"https:\/\/weltlaeden.de\/oase-weinheim\/?s={search_term_string}"},"query-input":{"@type":"PropertyValueSpecification","valueRequired":true,"valueName":"search_term_string"}}],"inLanguage":"de"}]}},"_links":{"self":[{"href":"https:\/\/weltlaeden.de\/oase-weinheim\/wp-json\/wp\/v2\/pages\/219","targetHints":{"allow":["GET"]}}],"collection":[{"href":"https:\/\/weltlaeden.de\/oase-weinheim\/wp-json\/wp\/v2\/pages"}],"about":[{"href":"https:\/\/weltlaeden.de\/oase-weinheim\/wp-json\/wp\/v2\/types\/page"}],"author":[{"embeddable":true,"href":"https:\/\/weltlaeden.de\/oase-weinheim\/wp-json\/wp\/v2\/users\/1"}],"replies":[{"embeddable":true,"href":"https:\/\/weltlaeden.de\/oase-weinheim\/wp-json\/wp\/v2\/comments?post=219"}],"version-history":[{"count":13,"href":"https:\/\/weltlaeden.de\/oase-weinheim\/wp-json\/wp\/v2\/pages\/219\/revisions"}],"predecessor-version":[{"id":648,"href":"https:\/\/weltlaeden.de\/oase-weinheim\/wp-json\/wp\/v2\/pages\/219\/revisions\/648"}],"wp:attachment":[{"href":"https:\/\/weltlaeden.de\/oase-weinheim\/wp-json\/wp\/v2\/media?parent=219"}],"curies":[{"name":"wp","href":"https:\/\/api.w.org\/{rel}","templated":true}]}}