{"id":734,"date":"2020-09-28T11:52:24","date_gmt":"2020-09-28T09:52:24","guid":{"rendered":"https:\/\/weltlaeden.de\/nuertingen\/weltladen-musterdorf-3\/"},"modified":"2020-09-28T14:44:21","modified_gmt":"2020-09-28T12:44:21","slug":"weltladen-musterdorf-3","status":"publish","type":"page","link":"https:\/\/weltlaeden.de\/nuertingen\/weltladen-musterdorf-3\/","title":{"rendered":"Produkte"},"content":{"rendered":"<div class=\"wpb-content-wrapper\"><p>[vc_row][vc_column]<div class=\"wl_einzelbild\"><p><img loading=\"lazy\" decoding=\"async\" class=\"alignnone wp-image-722 size-large\" src=\"https:\/\/weltlaeden.de\/nuertingen\/wp-content\/uploads\/sites\/145\/2020\/09\/Produkte-2500x833-1024x341.png\" alt=\"\" width=\"1024\" height=\"341\" srcset=\"https:\/\/weltlaeden.de\/nuertingen\/wp-content\/uploads\/sites\/145\/2020\/09\/Produkte-2500x833-1024x341.png 1024w, https:\/\/weltlaeden.de\/nuertingen\/wp-content\/uploads\/sites\/145\/2020\/09\/Produkte-2500x833-300x100.png 300w, https:\/\/weltlaeden.de\/nuertingen\/wp-content\/uploads\/sites\/145\/2020\/09\/Produkte-2500x833-768x256.png 768w, https:\/\/weltlaeden.de\/nuertingen\/wp-content\/uploads\/sites\/145\/2020\/09\/Produkte-2500x833.png 1920w\" sizes=\"auto, (max-width: 1024px) 100vw, 1024px\" \/><\/p><\/div>[vc_empty_space height=&#8220;20px&#8220;][\/vc_column][\/vc_row][vc_row][vc_column][vc_column_text]<\/p>\n<h1 style=\"text-align: left\">Produkte<\/h1>\n<p>[\/vc_column_text][vc_column_text]Hier k\u00f6nntet Ihr z.B. auflisten von welchen Fair-Handels-Importeuren Ihr haupts\u00e4chlich Ware f\u00fchrt.<\/p>\n<p>Auch besondere Konditionen f\u00fcr Gro\u00dfverbraucher oder Stammkunden k\u00f6nnten hier beworben werden.<\/p>\n<p>Habt Ihr vielleicht sogar einen Lieferservice? Oder kann man bei Euch aus den Katalogen der Importeure einzelne Artikel bestellen, auch wenn Ihr Sie nicht im Laden habt? Alle Konditionen und M\u00f6glichkeiten beim Verkauf finden hier ihren Platz.[\/vc_column_text][vc_empty_space height=&#8220;30px&#8220;][\/vc_column][\/vc_row][vc_row][vc_column][vc_row_inner][vc_column_inner width=&#8220;1\/4&#8243;]<div class=\"wl_einzelbild\"><p><a href=\"https:\/\/weltlaeden.de\/nuertingen\/lebensmittel\/\"><img loading=\"lazy\" decoding=\"async\" class=\"alignnone wp-image-741 size-medium\" src=\"https:\/\/weltlaeden.de\/nuertingen\/wp-content\/uploads\/sites\/145\/2020\/09\/Lebensmittel-300x100.jpg\" alt=\"\" width=\"300\" height=\"100\" \/><\/a><\/p><\/div>[\/vc_column_inner][vc_column_inner width=&#8220;3\/4&#8243;][vc_column_text]<\/p>\n<h3>Lebensmittel<\/h3>\n<p>Unsere Produkte im Weltladen sind nat\u00fcrlich alle aus Fairem Handel, dennoch kommen sie von unterschiedlichen Fair-Handels-Importeuren. <a href=\"https:\/\/weltlaeden.de\/nuertingen\/lebensmittel\/\">Hier zeigen wir Ihnen unser Sortiment &#8230;<\/a>[\/vc_column_text][\/vc_column_inner][\/vc_row_inner][vc_separator][vc_row_inner][vc_column_inner width=&#8220;1\/4&#8243;]<div class=\"wl_einzelbild\"><p><a href=\"https:\/\/weltlaeden.de\/nuertingen\/lebensmittel-5\/\"><img loading=\"lazy\" decoding=\"async\" class=\"alignnone wp-image-742 size-medium\" src=\"https:\/\/weltlaeden.de\/nuertingen\/wp-content\/uploads\/sites\/145\/2020\/09\/Cremes-300x100.jpg\" alt=\"\" width=\"300\" height=\"100\" \/><\/a><\/p><\/div>[\/vc_column_inner][vc_column_inner width=&#8220;3\/4&#8243;][vc_column_text]<\/p>\n<h3>Kosmetik<\/h3>\n<p>Was meint Fairer Handel \u00fcberhaupt? Welche Kriterien m\u00fcssen eingehalten werden und wer \u00fcberpr\u00fcft diese? <a href=\"https:\/\/weltlaeden.de\/nuertingen\/lebensmittel-5\/\">Erfahren Sie mehr &#8230;<\/a>[\/vc_column_text][\/vc_column_inner][\/vc_row_inner][vc_separator][vc_row_inner][vc_column_inner width=&#8220;1\/4&#8243;]<div class=\"wl_einzelbild\"><p><a href=\"https:\/\/weltlaeden.de\/nuertingen\/lebensmittel-3\/\"><img loading=\"lazy\" decoding=\"async\" class=\"alignnone wp-image-743 size-medium\" src=\"https:\/\/weltlaeden.de\/nuertingen\/wp-content\/uploads\/sites\/145\/2020\/09\/Schmuck-300x100.jpg\" alt=\"\" width=\"300\" height=\"100\" \/><\/a><\/p><\/div>[\/vc_column_inner][vc_column_inner width=&#8220;3\/4&#8243;][vc_column_text]<\/p>\n<h3>Schmuck<\/h3>\n<p>Was meint Fairer Handel \u00fcberhaupt? Welche Kriterien m\u00fcssen eingehalten werden und wer \u00fcberpr\u00fcft diese? <a href=\"https:\/\/weltlaeden.de\/nuertingen\/lebensmittel-3\/\">Erfahren Sie mehr &#8230;<\/a>[\/vc_column_text][\/vc_column_inner][\/vc_row_inner][vc_separator][vc_row_inner][vc_column_inner width=&#8220;1\/4&#8243;]<div class=\"wl_einzelbild\"><p><a href=\"https:\/\/weltlaeden.de\/nuertingen\/lebensmittel-2\/\"><img loading=\"lazy\" decoding=\"async\" class=\"alignnone wp-image-744 size-medium\" src=\"https:\/\/weltlaeden.de\/nuertingen\/wp-content\/uploads\/sites\/145\/2020\/09\/Mode-Accessoires-300x100.jpg\" alt=\"\" width=\"300\" height=\"100\" \/><\/a><\/p><\/div>[\/vc_column_inner][vc_column_inner width=&#8220;3\/4&#8243;][vc_column_text]<\/p>\n<h3>Mode &amp; Accessoires<\/h3>\n<p>Wer wir sind, warum wir uns f\u00fcr Fairen Handel engagieren und wie man bei uns mitmachen kann &#8211; <a href=\"https:\/\/weltlaeden.de\/nuertingen\/lebensmittel-2\/\">hier stellen wir uns vor &#8230;<\/a>[\/vc_column_text][\/vc_column_inner][\/vc_row_inner][vc_separator][vc_row_inner][vc_column_inner width=&#8220;1\/4&#8243;]<div class=\"wl_einzelbild\"><p><a href=\"https:\/\/weltlaeden.de\/nuertingen\/lebensmittel-4\/\"><img loading=\"lazy\" decoding=\"async\" class=\"alignnone wp-image-708 size-medium\" src=\"https:\/\/weltlaeden.de\/nuertingen\/wp-content\/uploads\/sites\/145\/2020\/09\/\u00dcber-uns-2500x840-300x101.png\" alt=\"\" width=\"300\" height=\"101\" srcset=\"https:\/\/weltlaeden.de\/nuertingen\/wp-content\/uploads\/sites\/145\/2020\/09\/\u00dcber-uns-2500x840-300x101.png 300w, https:\/\/weltlaeden.de\/nuertingen\/wp-content\/uploads\/sites\/145\/2020\/09\/\u00dcber-uns-2500x840-768x258.png 768w, https:\/\/weltlaeden.de\/nuertingen\/wp-content\/uploads\/sites\/145\/2020\/09\/\u00dcber-uns-2500x840-1024x344.png 1024w, https:\/\/weltlaeden.de\/nuertingen\/wp-content\/uploads\/sites\/145\/2020\/09\/\u00dcber-uns-2500x840.png 1193w\" sizes=\"auto, (max-width: 300px) 100vw, 300px\" \/><\/a><\/p><\/div>[\/vc_column_inner][vc_column_inner width=&#8220;3\/4&#8243;][vc_column_text]<\/p>\n<h3>Handwerk &amp; Papeterie<\/h3>\n<p>Wer wir sind, warum wir uns f\u00fcr Fairen Handel engagieren und wie man bei uns mitmachen kann &#8211; <a href=\"https:\/\/weltlaeden.de\/nuertingen\/lebensmittel-4\/\">hier stellen wir uns vor &#8230;<\/a>[\/vc_column_text][\/vc_column_inner][\/vc_row_inner][\/vc_column][\/vc_row]<\/p>\n<\/div>","protected":false},"excerpt":{"rendered":"<p>[vc_row][vc_column][vc_empty_space height=&#8220;20px&#8220;][\/vc_column][\/vc_row][vc_row][vc_column][vc_column_text] Produkte [\/vc_column_text][vc_column_text]Hier k\u00f6nntet Ihr z.B. auflisten von welchen Fair-Handels-Importeuren Ihr haupts\u00e4chlich Ware f\u00fchrt. Auch besondere Konditionen f\u00fcr Gro\u00dfverbraucher oder Stammkunden k\u00f6nnten hier beworben werden. Habt Ihr vielleicht sogar einen Lieferservice? Oder kann man bei Euch aus den Katalogen der Importeure einzelne Artikel bestellen, auch wenn Ihr Sie nicht im Laden habt? Alle Konditionen&hellip;<\/p>\n","protected":false},"author":14,"featured_media":0,"parent":0,"menu_order":10,"comment_status":"closed","ping_status":"closed","template":"","meta":{"footnotes":""},"class_list":["post-734","page","type-page","status-publish","hentry","description-off"],"yoast_head":"<!-- This site is optimized with the Yoast SEO plugin v26.8 - https:\/\/yoast.com\/product\/yoast-seo-wordpress\/ -->\n<title>Produkte - N\u00fcrtinger Weltladen<\/title>\n<meta name=\"robots\" content=\"index, follow, max-snippet:-1, max-image-preview:large, max-video-preview:-1\" \/>\n<link rel=\"canonical\" href=\"https:\/\/weltlaeden.de\/nuertingen\/weltladen-musterdorf-3\/\" \/>\n<meta property=\"og:locale\" content=\"de_DE\" \/>\n<meta property=\"og:type\" content=\"article\" \/>\n<meta property=\"og:title\" content=\"Produkte - N\u00fcrtinger Weltladen\" \/>\n<meta property=\"og:description\" content=\"[vc_row][vc_column][vc_empty_space height=&#8220;20px&#8220;][\/vc_column][\/vc_row][vc_row][vc_column][vc_column_text] Produkte [\/vc_column_text][vc_column_text]Hier k\u00f6nntet Ihr z.B. auflisten von welchen Fair-Handels-Importeuren Ihr haupts\u00e4chlich Ware f\u00fchrt. Auch besondere Konditionen f\u00fcr Gro\u00dfverbraucher oder Stammkunden k\u00f6nnten hier beworben werden. Habt Ihr vielleicht sogar einen Lieferservice? Oder kann man bei Euch aus den Katalogen der Importeure einzelne Artikel bestellen, auch wenn Ihr Sie nicht im Laden habt? Alle Konditionen&hellip;\" \/>\n<meta property=\"og:url\" content=\"https:\/\/weltlaeden.de\/nuertingen\/weltladen-musterdorf-3\/\" \/>\n<meta property=\"og:site_name\" content=\"N\u00fcrtinger Weltladen\" \/>\n<meta property=\"article:modified_time\" content=\"2020-09-28T12:44:21+00:00\" \/>\n<meta property=\"og:image\" content=\"https:\/\/weltlaeden.de\/nuertingen\/wp-content\/uploads\/sites\/145\/2020\/09\/Produkte-2500x833-1024x341.png\" \/>\n<meta name=\"twitter:card\" content=\"summary_large_image\" \/>\n<meta name=\"twitter:label1\" content=\"Gesch\u00e4tzte Lesezeit\" \/>\n\t<meta name=\"twitter:data1\" content=\"2\u00a0Minuten\" \/>\n<script type=\"application\/ld+json\" class=\"yoast-schema-graph\">{\"@context\":\"https:\/\/schema.org\",\"@graph\":[{\"@type\":\"WebPage\",\"@id\":\"https:\/\/weltlaeden.de\/nuertingen\/weltladen-musterdorf-3\/\",\"url\":\"https:\/\/weltlaeden.de\/nuertingen\/weltladen-musterdorf-3\/\",\"name\":\"Produkte - N\u00fcrtinger Weltladen\",\"isPartOf\":{\"@id\":\"https:\/\/weltlaeden.de\/nuertingen\/#website\"},\"primaryImageOfPage\":{\"@id\":\"https:\/\/weltlaeden.de\/nuertingen\/weltladen-musterdorf-3\/#primaryimage\"},\"image\":{\"@id\":\"https:\/\/weltlaeden.de\/nuertingen\/weltladen-musterdorf-3\/#primaryimage\"},\"thumbnailUrl\":\"https:\/\/weltlaeden.de\/nuertingen\/wp-content\/uploads\/sites\/145\/2020\/09\/Produkte-2500x833-1024x341.png\",\"datePublished\":\"2020-09-28T09:52:24+00:00\",\"dateModified\":\"2020-09-28T12:44:21+00:00\",\"breadcrumb\":{\"@id\":\"https:\/\/weltlaeden.de\/nuertingen\/weltladen-musterdorf-3\/#breadcrumb\"},\"inLanguage\":\"de\",\"potentialAction\":[{\"@type\":\"ReadAction\",\"target\":[\"https:\/\/weltlaeden.de\/nuertingen\/weltladen-musterdorf-3\/\"]}]},{\"@type\":\"ImageObject\",\"inLanguage\":\"de\",\"@id\":\"https:\/\/weltlaeden.de\/nuertingen\/weltladen-musterdorf-3\/#primaryimage\",\"url\":\"https:\/\/weltlaeden.de\/nuertingen\/wp-content\/uploads\/sites\/145\/2020\/09\/Produkte-2500x833-1024x341.png\",\"contentUrl\":\"https:\/\/weltlaeden.de\/nuertingen\/wp-content\/uploads\/sites\/145\/2020\/09\/Produkte-2500x833-1024x341.png\"},{\"@type\":\"BreadcrumbList\",\"@id\":\"https:\/\/weltlaeden.de\/nuertingen\/weltladen-musterdorf-3\/#breadcrumb\",\"itemListElement\":[{\"@type\":\"ListItem\",\"position\":1,\"name\":\"Startseite\",\"item\":\"https:\/\/weltlaeden.de\/nuertingen\/\"},{\"@type\":\"ListItem\",\"position\":2,\"name\":\"Produkte\"}]},{\"@type\":\"WebSite\",\"@id\":\"https:\/\/weltlaeden.de\/nuertingen\/#website\",\"url\":\"https:\/\/weltlaeden.de\/nuertingen\/\",\"name\":\"N\u00fcrtinger Weltladen\",\"description\":\"Unser Weltladen wurde 1998 er\u00f6ffnet. Engagierte Menschen hatten die Eine-Welt-Gruppe N\u00fcrtingen e.V. gegr\u00fcndet mit dem Ziel den fairen Handel in N\u00fcrtingen bekannt zu machen und einen Laden zu er\u00f6ffnen.\",\"potentialAction\":[{\"@type\":\"SearchAction\",\"target\":{\"@type\":\"EntryPoint\",\"urlTemplate\":\"https:\/\/weltlaeden.de\/nuertingen\/?s={search_term_string}\"},\"query-input\":{\"@type\":\"PropertyValueSpecification\",\"valueRequired\":true,\"valueName\":\"search_term_string\"}}],\"inLanguage\":\"de\"}]}<\/script>\n<!-- \/ Yoast SEO plugin. -->","yoast_head_json":{"title":"Produkte - N\u00fcrtinger Weltladen","robots":{"index":"index","follow":"follow","max-snippet":"max-snippet:-1","max-image-preview":"max-image-preview:large","max-video-preview":"max-video-preview:-1"},"canonical":"https:\/\/weltlaeden.de\/nuertingen\/weltladen-musterdorf-3\/","og_locale":"de_DE","og_type":"article","og_title":"Produkte - N\u00fcrtinger Weltladen","og_description":"[vc_row][vc_column][vc_empty_space height=&#8220;20px&#8220;][\/vc_column][\/vc_row][vc_row][vc_column][vc_column_text] Produkte [\/vc_column_text][vc_column_text]Hier k\u00f6nntet Ihr z.B. auflisten von welchen Fair-Handels-Importeuren Ihr haupts\u00e4chlich Ware f\u00fchrt. Auch besondere Konditionen f\u00fcr Gro\u00dfverbraucher oder Stammkunden k\u00f6nnten hier beworben werden. Habt Ihr vielleicht sogar einen Lieferservice? Oder kann man bei Euch aus den Katalogen der Importeure einzelne Artikel bestellen, auch wenn Ihr Sie nicht im Laden habt? Alle Konditionen&hellip;","og_url":"https:\/\/weltlaeden.de\/nuertingen\/weltladen-musterdorf-3\/","og_site_name":"N\u00fcrtinger Weltladen","article_modified_time":"2020-09-28T12:44:21+00:00","og_image":[{"url":"https:\/\/weltlaeden.de\/nuertingen\/wp-content\/uploads\/sites\/145\/2020\/09\/Produkte-2500x833-1024x341.png","type":"","width":"","height":""}],"twitter_card":"summary_large_image","twitter_misc":{"Gesch\u00e4tzte Lesezeit":"2\u00a0Minuten"},"schema":{"@context":"https:\/\/schema.org","@graph":[{"@type":"WebPage","@id":"https:\/\/weltlaeden.de\/nuertingen\/weltladen-musterdorf-3\/","url":"https:\/\/weltlaeden.de\/nuertingen\/weltladen-musterdorf-3\/","name":"Produkte - N\u00fcrtinger Weltladen","isPartOf":{"@id":"https:\/\/weltlaeden.de\/nuertingen\/#website"},"primaryImageOfPage":{"@id":"https:\/\/weltlaeden.de\/nuertingen\/weltladen-musterdorf-3\/#primaryimage"},"image":{"@id":"https:\/\/weltlaeden.de\/nuertingen\/weltladen-musterdorf-3\/#primaryimage"},"thumbnailUrl":"https:\/\/weltlaeden.de\/nuertingen\/wp-content\/uploads\/sites\/145\/2020\/09\/Produkte-2500x833-1024x341.png","datePublished":"2020-09-28T09:52:24+00:00","dateModified":"2020-09-28T12:44:21+00:00","breadcrumb":{"@id":"https:\/\/weltlaeden.de\/nuertingen\/weltladen-musterdorf-3\/#breadcrumb"},"inLanguage":"de","potentialAction":[{"@type":"ReadAction","target":["https:\/\/weltlaeden.de\/nuertingen\/weltladen-musterdorf-3\/"]}]},{"@type":"ImageObject","inLanguage":"de","@id":"https:\/\/weltlaeden.de\/nuertingen\/weltladen-musterdorf-3\/#primaryimage","url":"https:\/\/weltlaeden.de\/nuertingen\/wp-content\/uploads\/sites\/145\/2020\/09\/Produkte-2500x833-1024x341.png","contentUrl":"https:\/\/weltlaeden.de\/nuertingen\/wp-content\/uploads\/sites\/145\/2020\/09\/Produkte-2500x833-1024x341.png"},{"@type":"BreadcrumbList","@id":"https:\/\/weltlaeden.de\/nuertingen\/weltladen-musterdorf-3\/#breadcrumb","itemListElement":[{"@type":"ListItem","position":1,"name":"Startseite","item":"https:\/\/weltlaeden.de\/nuertingen\/"},{"@type":"ListItem","position":2,"name":"Produkte"}]},{"@type":"WebSite","@id":"https:\/\/weltlaeden.de\/nuertingen\/#website","url":"https:\/\/weltlaeden.de\/nuertingen\/","name":"N\u00fcrtinger Weltladen","description":"Unser Weltladen wurde 1998 er\u00f6ffnet. Engagierte Menschen hatten die Eine-Welt-Gruppe N\u00fcrtingen e.V. gegr\u00fcndet mit dem Ziel den fairen Handel in N\u00fcrtingen bekannt zu machen und einen Laden zu er\u00f6ffnen.","potentialAction":[{"@type":"SearchAction","target":{"@type":"EntryPoint","urlTemplate":"https:\/\/weltlaeden.de\/nuertingen\/?s={search_term_string}"},"query-input":{"@type":"PropertyValueSpecification","valueRequired":true,"valueName":"search_term_string"}}],"inLanguage":"de"}]}},"_links":{"self":[{"href":"https:\/\/weltlaeden.de\/nuertingen\/wp-json\/wp\/v2\/pages\/734","targetHints":{"allow":["GET"]}}],"collection":[{"href":"https:\/\/weltlaeden.de\/nuertingen\/wp-json\/wp\/v2\/pages"}],"about":[{"href":"https:\/\/weltlaeden.de\/nuertingen\/wp-json\/wp\/v2\/types\/page"}],"author":[{"embeddable":true,"href":"https:\/\/weltlaeden.de\/nuertingen\/wp-json\/wp\/v2\/users\/14"}],"replies":[{"embeddable":true,"href":"https:\/\/weltlaeden.de\/nuertingen\/wp-json\/wp\/v2\/comments?post=734"}],"version-history":[{"count":6,"href":"https:\/\/weltlaeden.de\/nuertingen\/wp-json\/wp\/v2\/pages\/734\/revisions"}],"predecessor-version":[{"id":749,"href":"https:\/\/weltlaeden.de\/nuertingen\/wp-json\/wp\/v2\/pages\/734\/revisions\/749"}],"wp:attachment":[{"href":"https:\/\/weltlaeden.de\/nuertingen\/wp-json\/wp\/v2\/media?parent=734"}],"curies":[{"name":"wp","href":"https:\/\/api.w.org\/{rel}","templated":true}]}}