{"id":580,"date":"2020-09-23T11:14:53","date_gmt":"2020-09-23T09:14:53","guid":{"rendered":"https:\/\/weltlaeden.de\/nuertingen\/lebensmittel-2\/"},"modified":"2025-11-07T16:38:48","modified_gmt":"2025-11-07T15:38:48","slug":"mode_accessoires","status":"publish","type":"page","link":"https:\/\/weltlaeden.de\/nuertingen\/mode_accessoires\/","title":{"rendered":"Mode &amp; Accessoires"},"content":{"rendered":"<div class=\"wpb-content-wrapper\"><p>[vc_row][vc_column][vc_empty_space][vc_column_text]<\/p>\n<h1>Mode &amp; Accessoires<\/h1>\n<p>[\/vc_column_text][vc_empty_space height=&#8220;12px&#8220;][vc_column_text]<\/p>\n<h2>Slow Fashion &#8211; Mode die gl\u00fccklich macht!<\/h2>\n<p>Wussten Sie, dass Slow Fashion nur 2-3 Kollektionen auf den Markt bringt und so gut wie keine \u00dcberproduktion entsteht? Dem gegen\u00fcber produziert die Fast Fashion Industrie bis zu 24 Kollektionen im Jahr. Entdecken Sie unsere Produkte mit sehr hohen Sozial- und \u00d6kostandards, oftmals GOTS-zertifiziert. Freuen Sie sich an stylischer fair produzierter Mode, die unter angemessenen Arbeitsbedingungen und gerechtem Lohn f\u00fcr N\u00e4her*innen hergestellt wurde.<\/p>\n<p>St\u00f6bern Sie hier durch eine Auswahl unseres vielf\u00e4ltigen Angebots aus tollen Materialien wie Wolle aus kbt (kontrolliert biologische Tierhaltung), Alpacawolle, Bio-Baumwolle, Tencel oder recyceltem Polyester:[\/vc_column_text][vc_empty_space][vc_separator][vc_column_text css=&#8220;&#8220;]<\/p>\n<h2><span style=\"color: #ff6600\">Inspiration f\u00fcr den Sommer<\/span><\/h2>\n<p>[\/vc_column_text][vc_empty_space][vc_row_inner][vc_column_inner width=&#8220;1\/4&#8243;]<div class=\"wl_einzelbild\"><p><img loading=\"lazy\" decoding=\"async\" class=\"alignnone wp-image-1460 size-large\" src=\"https:\/\/weltlaeden.de\/nuertingen\/wp-content\/uploads\/sites\/145\/2021\/06\/P1090173a-576x1024.jpg\" alt=\"\" width=\"576\" height=\"1024\" srcset=\"https:\/\/weltlaeden.de\/nuertingen\/wp-content\/uploads\/sites\/145\/2021\/06\/P1090173a-576x1024.jpg 576w, https:\/\/weltlaeden.de\/nuertingen\/wp-content\/uploads\/sites\/145\/2021\/06\/P1090173a-169x300.jpg 169w, https:\/\/weltlaeden.de\/nuertingen\/wp-content\/uploads\/sites\/145\/2021\/06\/P1090173a-768x1365.jpg 768w, https:\/\/weltlaeden.de\/nuertingen\/wp-content\/uploads\/sites\/145\/2021\/06\/P1090173a.jpg 1080w\" sizes=\"auto, (max-width: 576px) 100vw, 576px\" \/><\/p><\/div>[\/vc_column_inner][vc_column_inner width=&#8220;1\/4&#8243;]<div class=\"wl_einzelbild\"><p><img loading=\"lazy\" decoding=\"async\" class=\"alignnone size-large wp-image-1466\" src=\"https:\/\/weltlaeden.de\/nuertingen\/wp-content\/uploads\/sites\/145\/2021\/06\/P1090176a-576x1024.jpg\" alt=\"\" width=\"576\" height=\"1024\" srcset=\"https:\/\/weltlaeden.de\/nuertingen\/wp-content\/uploads\/sites\/145\/2021\/06\/P1090176a-576x1024.jpg 576w, https:\/\/weltlaeden.de\/nuertingen\/wp-content\/uploads\/sites\/145\/2021\/06\/P1090176a-169x300.jpg 169w, https:\/\/weltlaeden.de\/nuertingen\/wp-content\/uploads\/sites\/145\/2021\/06\/P1090176a-768x1365.jpg 768w, https:\/\/weltlaeden.de\/nuertingen\/wp-content\/uploads\/sites\/145\/2021\/06\/P1090176a.jpg 1080w\" sizes=\"auto, (max-width: 576px) 100vw, 576px\" \/><\/p><\/div>[\/vc_column_inner][vc_column_inner width=&#8220;1\/4&#8243;]<div class=\"wl_einzelbild\"><p><img loading=\"lazy\" decoding=\"async\" class=\"alignnone wp-image-1464 size-large\" src=\"https:\/\/weltlaeden.de\/nuertingen\/wp-content\/uploads\/sites\/145\/2021\/06\/P1090190a-576x1024.jpg\" alt=\"\" width=\"576\" height=\"1024\" srcset=\"https:\/\/weltlaeden.de\/nuertingen\/wp-content\/uploads\/sites\/145\/2021\/06\/P1090190a-576x1024.jpg 576w, https:\/\/weltlaeden.de\/nuertingen\/wp-content\/uploads\/sites\/145\/2021\/06\/P1090190a-169x300.jpg 169w, https:\/\/weltlaeden.de\/nuertingen\/wp-content\/uploads\/sites\/145\/2021\/06\/P1090190a-768x1365.jpg 768w, https:\/\/weltlaeden.de\/nuertingen\/wp-content\/uploads\/sites\/145\/2021\/06\/P1090190a.jpg 1080w\" sizes=\"auto, (max-width: 576px) 100vw, 576px\" \/><\/p><\/div>[\/vc_column_inner][vc_column_inner width=&#8220;1\/4&#8243;]<div class=\"wl_einzelbild\"><p><img loading=\"lazy\" decoding=\"async\" class=\"alignnone size-large wp-image-1463\" src=\"https:\/\/weltlaeden.de\/nuertingen\/wp-content\/uploads\/sites\/145\/2021\/06\/P1090198a-576x1024.jpg\" alt=\"\" width=\"576\" height=\"1024\" srcset=\"https:\/\/weltlaeden.de\/nuertingen\/wp-content\/uploads\/sites\/145\/2021\/06\/P1090198a-576x1024.jpg 576w, https:\/\/weltlaeden.de\/nuertingen\/wp-content\/uploads\/sites\/145\/2021\/06\/P1090198a-169x300.jpg 169w, https:\/\/weltlaeden.de\/nuertingen\/wp-content\/uploads\/sites\/145\/2021\/06\/P1090198a-768x1365.jpg 768w, https:\/\/weltlaeden.de\/nuertingen\/wp-content\/uploads\/sites\/145\/2021\/06\/P1090198a.jpg 1080w\" sizes=\"auto, (max-width: 576px) 100vw, 576px\" \/><\/p><\/div>[\/vc_column_inner][\/vc_row_inner][\/vc_column][\/vc_row]<\/p>\n<\/div>","protected":false},"excerpt":{"rendered":"<p>[vc_row][vc_column][vc_empty_space][vc_column_text] Mode &amp; Accessoires [\/vc_column_text][vc_empty_space height=&#8220;12px&#8220;][vc_column_text] Slow Fashion &#8211; Mode die gl\u00fccklich macht! Wussten Sie, dass Slow Fashion nur 2-3 Kollektionen auf den Markt bringt und so gut wie keine \u00dcberproduktion entsteht? Dem gegen\u00fcber produziert die Fast Fashion Industrie bis zu 24 Kollektionen im Jahr. Entdecken Sie unsere Produkte mit sehr hohen Sozial- und \u00d6kostandards,&hellip;<\/p>\n","protected":false},"author":14,"featured_media":0,"parent":0,"menu_order":17,"comment_status":"closed","ping_status":"closed","template":"","meta":{"footnotes":""},"class_list":["post-580","page","type-page","status-publish","hentry","description-off"],"yoast_head":"<!-- This site is optimized with the Yoast SEO plugin v26.8 - https:\/\/yoast.com\/product\/yoast-seo-wordpress\/ -->\n<title>Faire Mode &amp; Accessoires - Slow Fashion- N\u00fcrtinger Weltladen<\/title>\n<meta name=\"description\" content=\"Freuen Sie sich an stylischer, fair produzierter Mode, die unter angemessenen Arbeitsbedingungen und gerechtem Lohn f\u00fcr N\u00e4her*innen hergestellt wurde.\" \/>\n<meta name=\"robots\" content=\"index, follow, max-snippet:-1, max-image-preview:large, max-video-preview:-1\" \/>\n<link rel=\"canonical\" href=\"https:\/\/weltlaeden.de\/nuertingen\/mode_accessoires\/\" \/>\n<meta property=\"og:locale\" content=\"de_DE\" \/>\n<meta property=\"og:type\" content=\"article\" \/>\n<meta property=\"og:title\" content=\"Faire Mode &amp; Accessoires - Slow Fashion- N\u00fcrtinger Weltladen\" \/>\n<meta property=\"og:description\" content=\"Freuen Sie sich an stylischer, fair produzierter Mode, die unter angemessenen Arbeitsbedingungen und gerechtem Lohn f\u00fcr N\u00e4her*innen hergestellt wurde.\" \/>\n<meta property=\"og:url\" content=\"https:\/\/weltlaeden.de\/nuertingen\/mode_accessoires\/\" \/>\n<meta property=\"og:site_name\" content=\"N\u00fcrtinger Weltladen\" \/>\n<meta property=\"article:modified_time\" content=\"2025-11-07T15:38:48+00:00\" \/>\n<meta property=\"og:image\" content=\"https:\/\/weltlaeden.de\/nuertingen\/wp-content\/uploads\/sites\/145\/2021\/06\/P1090173a.jpg\" \/>\n\t<meta property=\"og:image:width\" content=\"1080\" \/>\n\t<meta property=\"og:image:height\" content=\"1920\" \/>\n\t<meta property=\"og:image:type\" content=\"image\/jpeg\" \/>\n<meta name=\"twitter:card\" content=\"summary_large_image\" \/>\n<meta name=\"twitter:label1\" content=\"Gesch\u00e4tzte Lesezeit\" \/>\n\t<meta name=\"twitter:data1\" content=\"2\u00a0Minuten\" \/>\n<script type=\"application\/ld+json\" class=\"yoast-schema-graph\">{\"@context\":\"https:\/\/schema.org\",\"@graph\":[{\"@type\":\"WebPage\",\"@id\":\"https:\/\/weltlaeden.de\/nuertingen\/mode_accessoires\/\",\"url\":\"https:\/\/weltlaeden.de\/nuertingen\/mode_accessoires\/\",\"name\":\"Faire Mode &amp; Accessoires - Slow Fashion- N\u00fcrtinger Weltladen\",\"isPartOf\":{\"@id\":\"https:\/\/weltlaeden.de\/nuertingen\/#website\"},\"primaryImageOfPage\":{\"@id\":\"https:\/\/weltlaeden.de\/nuertingen\/mode_accessoires\/#primaryimage\"},\"image\":{\"@id\":\"https:\/\/weltlaeden.de\/nuertingen\/mode_accessoires\/#primaryimage\"},\"thumbnailUrl\":\"https:\/\/weltlaeden.de\/nuertingen\/wp-content\/uploads\/sites\/145\/2021\/06\/P1090173a-576x1024.jpg\",\"datePublished\":\"2020-09-23T09:14:53+00:00\",\"dateModified\":\"2025-11-07T15:38:48+00:00\",\"description\":\"Freuen Sie sich an stylischer, fair produzierter Mode, die unter angemessenen Arbeitsbedingungen und gerechtem Lohn f\u00fcr N\u00e4her*innen hergestellt wurde.\",\"breadcrumb\":{\"@id\":\"https:\/\/weltlaeden.de\/nuertingen\/mode_accessoires\/#breadcrumb\"},\"inLanguage\":\"de\",\"potentialAction\":[{\"@type\":\"ReadAction\",\"target\":[\"https:\/\/weltlaeden.de\/nuertingen\/mode_accessoires\/\"]}]},{\"@type\":\"ImageObject\",\"inLanguage\":\"de\",\"@id\":\"https:\/\/weltlaeden.de\/nuertingen\/mode_accessoires\/#primaryimage\",\"url\":\"https:\/\/weltlaeden.de\/nuertingen\/wp-content\/uploads\/sites\/145\/2021\/06\/P1090173a.jpg\",\"contentUrl\":\"https:\/\/weltlaeden.de\/nuertingen\/wp-content\/uploads\/sites\/145\/2021\/06\/P1090173a.jpg\",\"width\":1080,\"height\":1920},{\"@type\":\"BreadcrumbList\",\"@id\":\"https:\/\/weltlaeden.de\/nuertingen\/mode_accessoires\/#breadcrumb\",\"itemListElement\":[{\"@type\":\"ListItem\",\"position\":1,\"name\":\"Startseite\",\"item\":\"https:\/\/weltlaeden.de\/nuertingen\/\"},{\"@type\":\"ListItem\",\"position\":2,\"name\":\"Mode &amp; Accessoires\"}]},{\"@type\":\"WebSite\",\"@id\":\"https:\/\/weltlaeden.de\/nuertingen\/#website\",\"url\":\"https:\/\/weltlaeden.de\/nuertingen\/\",\"name\":\"N\u00fcrtinger Weltladen\",\"description\":\"Unser Weltladen wurde 1998 er\u00f6ffnet. Engagierte Menschen hatten die Eine-Welt-Gruppe N\u00fcrtingen e.V. gegr\u00fcndet mit dem Ziel den fairen Handel in N\u00fcrtingen bekannt zu machen und einen Laden zu er\u00f6ffnen.\",\"potentialAction\":[{\"@type\":\"SearchAction\",\"target\":{\"@type\":\"EntryPoint\",\"urlTemplate\":\"https:\/\/weltlaeden.de\/nuertingen\/?s={search_term_string}\"},\"query-input\":{\"@type\":\"PropertyValueSpecification\",\"valueRequired\":true,\"valueName\":\"search_term_string\"}}],\"inLanguage\":\"de\"}]}<\/script>\n<!-- \/ Yoast SEO plugin. -->","yoast_head_json":{"title":"Faire Mode &amp; Accessoires - Slow Fashion- N\u00fcrtinger Weltladen","description":"Freuen Sie sich an stylischer, fair produzierter Mode, die unter angemessenen Arbeitsbedingungen und gerechtem Lohn f\u00fcr N\u00e4her*innen hergestellt wurde.","robots":{"index":"index","follow":"follow","max-snippet":"max-snippet:-1","max-image-preview":"max-image-preview:large","max-video-preview":"max-video-preview:-1"},"canonical":"https:\/\/weltlaeden.de\/nuertingen\/mode_accessoires\/","og_locale":"de_DE","og_type":"article","og_title":"Faire Mode &amp; Accessoires - Slow Fashion- N\u00fcrtinger Weltladen","og_description":"Freuen Sie sich an stylischer, fair produzierter Mode, die unter angemessenen Arbeitsbedingungen und gerechtem Lohn f\u00fcr N\u00e4her*innen hergestellt wurde.","og_url":"https:\/\/weltlaeden.de\/nuertingen\/mode_accessoires\/","og_site_name":"N\u00fcrtinger Weltladen","article_modified_time":"2025-11-07T15:38:48+00:00","og_image":[{"width":1080,"height":1920,"url":"https:\/\/weltlaeden.de\/nuertingen\/wp-content\/uploads\/sites\/145\/2021\/06\/P1090173a.jpg","type":"image\/jpeg"}],"twitter_card":"summary_large_image","twitter_misc":{"Gesch\u00e4tzte Lesezeit":"2\u00a0Minuten"},"schema":{"@context":"https:\/\/schema.org","@graph":[{"@type":"WebPage","@id":"https:\/\/weltlaeden.de\/nuertingen\/mode_accessoires\/","url":"https:\/\/weltlaeden.de\/nuertingen\/mode_accessoires\/","name":"Faire Mode &amp; Accessoires - Slow Fashion- N\u00fcrtinger Weltladen","isPartOf":{"@id":"https:\/\/weltlaeden.de\/nuertingen\/#website"},"primaryImageOfPage":{"@id":"https:\/\/weltlaeden.de\/nuertingen\/mode_accessoires\/#primaryimage"},"image":{"@id":"https:\/\/weltlaeden.de\/nuertingen\/mode_accessoires\/#primaryimage"},"thumbnailUrl":"https:\/\/weltlaeden.de\/nuertingen\/wp-content\/uploads\/sites\/145\/2021\/06\/P1090173a-576x1024.jpg","datePublished":"2020-09-23T09:14:53+00:00","dateModified":"2025-11-07T15:38:48+00:00","description":"Freuen Sie sich an stylischer, fair produzierter Mode, die unter angemessenen Arbeitsbedingungen und gerechtem Lohn f\u00fcr N\u00e4her*innen hergestellt wurde.","breadcrumb":{"@id":"https:\/\/weltlaeden.de\/nuertingen\/mode_accessoires\/#breadcrumb"},"inLanguage":"de","potentialAction":[{"@type":"ReadAction","target":["https:\/\/weltlaeden.de\/nuertingen\/mode_accessoires\/"]}]},{"@type":"ImageObject","inLanguage":"de","@id":"https:\/\/weltlaeden.de\/nuertingen\/mode_accessoires\/#primaryimage","url":"https:\/\/weltlaeden.de\/nuertingen\/wp-content\/uploads\/sites\/145\/2021\/06\/P1090173a.jpg","contentUrl":"https:\/\/weltlaeden.de\/nuertingen\/wp-content\/uploads\/sites\/145\/2021\/06\/P1090173a.jpg","width":1080,"height":1920},{"@type":"BreadcrumbList","@id":"https:\/\/weltlaeden.de\/nuertingen\/mode_accessoires\/#breadcrumb","itemListElement":[{"@type":"ListItem","position":1,"name":"Startseite","item":"https:\/\/weltlaeden.de\/nuertingen\/"},{"@type":"ListItem","position":2,"name":"Mode &amp; Accessoires"}]},{"@type":"WebSite","@id":"https:\/\/weltlaeden.de\/nuertingen\/#website","url":"https:\/\/weltlaeden.de\/nuertingen\/","name":"N\u00fcrtinger Weltladen","description":"Unser Weltladen wurde 1998 er\u00f6ffnet. Engagierte Menschen hatten die Eine-Welt-Gruppe N\u00fcrtingen e.V. gegr\u00fcndet mit dem Ziel den fairen Handel in N\u00fcrtingen bekannt zu machen und einen Laden zu er\u00f6ffnen.","potentialAction":[{"@type":"SearchAction","target":{"@type":"EntryPoint","urlTemplate":"https:\/\/weltlaeden.de\/nuertingen\/?s={search_term_string}"},"query-input":{"@type":"PropertyValueSpecification","valueRequired":true,"valueName":"search_term_string"}}],"inLanguage":"de"}]}},"_links":{"self":[{"href":"https:\/\/weltlaeden.de\/nuertingen\/wp-json\/wp\/v2\/pages\/580","targetHints":{"allow":["GET"]}}],"collection":[{"href":"https:\/\/weltlaeden.de\/nuertingen\/wp-json\/wp\/v2\/pages"}],"about":[{"href":"https:\/\/weltlaeden.de\/nuertingen\/wp-json\/wp\/v2\/types\/page"}],"author":[{"embeddable":true,"href":"https:\/\/weltlaeden.de\/nuertingen\/wp-json\/wp\/v2\/users\/14"}],"replies":[{"embeddable":true,"href":"https:\/\/weltlaeden.de\/nuertingen\/wp-json\/wp\/v2\/comments?post=580"}],"version-history":[{"count":36,"href":"https:\/\/weltlaeden.de\/nuertingen\/wp-json\/wp\/v2\/pages\/580\/revisions"}],"predecessor-version":[{"id":1938,"href":"https:\/\/weltlaeden.de\/nuertingen\/wp-json\/wp\/v2\/pages\/580\/revisions\/1938"}],"wp:attachment":[{"href":"https:\/\/weltlaeden.de\/nuertingen\/wp-json\/wp\/v2\/media?parent=580"}],"curies":[{"name":"wp","href":"https:\/\/api.w.org\/{rel}","templated":true}]}}