{"id":219,"date":"2016-10-28T13:34:47","date_gmt":"2016-10-28T11:34:47","guid":{"rendered":"https:\/\/wl.heimpixel.de\/vorlage\/ueber-uns\/"},"modified":"2025-07-07T16:44:20","modified_gmt":"2025-07-07T14:44:20","slug":"ueber-uns","status":"publish","type":"page","link":"https:\/\/weltlaeden.de\/nuertingen\/ueber-uns\/","title":{"rendered":"\u00dcber uns"},"content":{"rendered":"<div class=\"wpb-content-wrapper\"><p>[vc_row][vc_column][vc_column_text]<\/p>\n<div id=\"attachment_708\" style=\"width: 1203px\" class=\"wp-caption alignnone\"><img loading=\"lazy\" decoding=\"async\" aria-describedby=\"caption-attachment-708\" class=\"wp-image-708 size-full\" src=\"https:\/\/weltlaeden.de\/nuertingen\/wp-content\/uploads\/sites\/145\/2020\/09\/\u00dcber-uns-2500x840.png\" alt=\"\" width=\"1193\" height=\"401\" srcset=\"https:\/\/weltlaeden.de\/nuertingen\/wp-content\/uploads\/sites\/145\/2020\/09\/\u00dcber-uns-2500x840.png 1193w, https:\/\/weltlaeden.de\/nuertingen\/wp-content\/uploads\/sites\/145\/2020\/09\/\u00dcber-uns-2500x840-300x101.png 300w, https:\/\/weltlaeden.de\/nuertingen\/wp-content\/uploads\/sites\/145\/2020\/09\/\u00dcber-uns-2500x840-768x258.png 768w, https:\/\/weltlaeden.de\/nuertingen\/wp-content\/uploads\/sites\/145\/2020\/09\/\u00dcber-uns-2500x840-1024x344.png 1024w\" sizes=\"auto, (max-width: 1193px) 100vw, 1193px\" \/><p id=\"caption-attachment-708\" class=\"wp-caption-text\"><span style=\"color: #999999\">Unsplash\/S. Trento<\/span><\/p><\/div>\n<p>[\/vc_column_text][\/vc_column][\/vc_row][vc_row][vc_column]<div class=\"wl_einzelbild\"><p><\/p><\/div>[vc_empty_space][vc_column_text]<\/p>\n<h1>\u00dcber uns<\/h1>\n<p>[\/vc_column_text][vc_column_text]Unser Weltladen wurde 1998 er\u00f6ffnet. Engagierte Menschen hatten die Eine-Welt-Gruppe N\u00fcrtingen e.V. gegr\u00fcndet mit dem Ziel den fairen Handel in N\u00fcrtingen bekannt zu machen und einen Laden zu er\u00f6ffnen.<\/p>\n<p>Seitdem arbeiten ca. 40 ehrenamtliche Mitarbeiter*innen und inzwischen 3 Hauptamtliche im Laden zusammen. Es ist uns gelungen den Laden kontinuierlich weiter zu entwickeln und ein breites Sortiment fair gehandelter Waren anzubieten.<\/p>\n<p>Gerne informieren wir Sie \u00fcber die Produzenten, die Handelspartner und die positiven Ver\u00e4nderungen, die die Menschen in den L\u00e4ndern des S\u00fcdens durch langfristige Fair-Handelspartnerschaften erfahren.<\/p>\n<p>Durch den Verkauf,\u00a0Gespr\u00e4che in unserem Steh Caf\u00e9, Informationsveranstaltungen, Begleitung von Praktikanten, F\u00fchrung von Schulgruppen, zeigen wir eine Handlungs-alternative, die im Alltag umsetzbar ist.<\/p>\n<p>Unsere Weltladenarbeit ist ein St\u00fcck praktizierte \u00d6kumene am Ort und soll ein Schritt zur Umsetzung der Ziele des konziliaren Prozesses sein. Das bedeutet wir wollen uns einsetzen f\u00fcr Gerechtigkeit, Frieden und Bewahrung der Sch\u00f6pfung.[\/vc_column_text][vc_empty_space][vc_column_text css=&#8220;&#8220;]<\/p>\n<h1>Stellenausschreibung<\/h1>\n<p>[\/vc_column_text][vc_column_text css=&#8220;&#8220;]Unsere aktuellen Stellenausschreibungen:<\/p>\n<ul>\n<li>aktuell keine Stellen<\/li>\n<\/ul>\n<p>Wir freuen wir uns auf Ihre (Initiativ-)Bewerbung![\/vc_column_text][vc_empty_space][vc_separator css=&#8220;&#8220;][vc_column_text]<\/p>\n<h2>Ganz nebenbei die Welt ver\u00e4ndern &#8211; unterst\u00fctzen Sie uns dabei!<\/h2>\n<div style=\"width: 1200px;\" class=\"wp-video\"><!--[if lt IE 9]><script>document.createElement('video');<\/script><![endif]-->\n<video class=\"wp-video-shortcode\" id=\"video-219-1\" width=\"1200\" height=\"675\" poster=\"https:\/\/weltlaeden.de\/nuertingen\/wp-content\/uploads\/sites\/145\/2020\/09\/weltladen_papiertuete_cashew-1-e1600862836249.jpg\" preload=\"metadata\" controls=\"controls\"><source type=\"video\/mp4\" src=\"https:\/\/weltlaeden.de\/nuertingen\/wp-content\/uploads\/sites\/145\/2020\/11\/Nrtinger_Weltladen_Werbeclip_neuesLogo.mp4_kurz.mp4?_=1\" \/><a href=\"https:\/\/weltlaeden.de\/nuertingen\/wp-content\/uploads\/sites\/145\/2020\/11\/Nrtinger_Weltladen_Werbeclip_neuesLogo.mp4_kurz.mp4\">https:\/\/weltlaeden.de\/nuertingen\/wp-content\/uploads\/sites\/145\/2020\/11\/Nrtinger_Weltladen_Werbeclip_neuesLogo.mp4_kurz.mp4<\/a><\/video><\/div>\n<p>&nbsp;<\/p>\n<h1>Mitmachen im N\u00fcrtinger Weltladen<\/h1>\n<p>[\/vc_column_text][vc_column_text]Sie haben Lust, Teil einer lebendigen gut durchmischten Gruppe zu werden, die mit Freude und kreativ zusammenarbeitet? Dann melden Sie sich bei uns, wir freuen uns \u00fcber Ihr Interesse.<\/p>\n<h3><strong>Sie k\u00f6nnen uns unterst\u00fctzen:<\/strong><\/h3>\n<ul>\n<li>Indem Sie sich \u00fcber unsere Arbeit informieren<\/li>\n<li>Bei uns einkaufen<\/li>\n<li>Ihre Zeit und Mitarbeit bei uns einbringen, in der \u00d6ffentlichkeitsarbeit oder im Verkauf<\/li>\n<li>Mitglied in der Eine-Welt-Gruppe N\u00fcrtingen e.V. werden<\/li>\n<\/ul>\n<p>[\/vc_column_text][\/vc_column][\/vc_row][vc_row][vc_column][\/vc_column][\/vc_row]<\/p>\n<\/div>","protected":false},"excerpt":{"rendered":"<p>[vc_row][vc_column][vc_column_text] [\/vc_column_text][\/vc_column][\/vc_row][vc_row][vc_column][vc_empty_space][vc_column_text] \u00dcber uns [\/vc_column_text][vc_column_text]Unser Weltladen wurde 1998 er\u00f6ffnet. Engagierte Menschen hatten die Eine-Welt-Gruppe N\u00fcrtingen e.V. gegr\u00fcndet mit dem Ziel den fairen Handel in N\u00fcrtingen bekannt zu machen und einen Laden zu er\u00f6ffnen. Seitdem arbeiten ca. 40 ehrenamtliche Mitarbeiter*innen und inzwischen 3 Hauptamtliche im Laden zusammen. Es ist uns gelungen den Laden kontinuierlich weiter zu&hellip;<\/p>\n","protected":false},"author":1,"featured_media":552,"parent":0,"menu_order":19,"comment_status":"closed","ping_status":"closed","template":"","meta":{"footnotes":""},"class_list":["post-219","page","type-page","status-publish","has-post-thumbnail","hentry","description-off"],"yoast_head":"<!-- This site is optimized with the Yoast SEO plugin v26.8 - https:\/\/yoast.com\/product\/yoast-seo-wordpress\/ -->\n<title>\u00dcber uns - N\u00fcrtinger Weltladen<\/title>\n<meta name=\"robots\" content=\"index, follow, max-snippet:-1, max-image-preview:large, max-video-preview:-1\" \/>\n<link rel=\"canonical\" href=\"https:\/\/weltlaeden.de\/nuertingen\/ueber-uns\/\" \/>\n<meta property=\"og:locale\" content=\"de_DE\" \/>\n<meta property=\"og:type\" content=\"article\" \/>\n<meta property=\"og:title\" content=\"\u00dcber uns - N\u00fcrtinger Weltladen\" \/>\n<meta property=\"og:description\" content=\"[vc_row][vc_column][vc_column_text] [\/vc_column_text][\/vc_column][\/vc_row][vc_row][vc_column][vc_empty_space][vc_column_text] \u00dcber uns [\/vc_column_text][vc_column_text]Unser Weltladen wurde 1998 er\u00f6ffnet. Engagierte Menschen hatten die Eine-Welt-Gruppe N\u00fcrtingen e.V. gegr\u00fcndet mit dem Ziel den fairen Handel in N\u00fcrtingen bekannt zu machen und einen Laden zu er\u00f6ffnen. Seitdem arbeiten ca. 40 ehrenamtliche Mitarbeiter*innen und inzwischen 3 Hauptamtliche im Laden zusammen. Es ist uns gelungen den Laden kontinuierlich weiter zu&hellip;\" \/>\n<meta property=\"og:url\" content=\"https:\/\/weltlaeden.de\/nuertingen\/ueber-uns\/\" \/>\n<meta property=\"og:site_name\" content=\"N\u00fcrtinger Weltladen\" \/>\n<meta property=\"article:modified_time\" content=\"2025-07-07T14:44:20+00:00\" \/>\n<meta property=\"og:image\" content=\"https:\/\/weltlaeden.de\/nuertingen\/wp-content\/uploads\/sites\/145\/2020\/09\/weltladen_papiertuete_cashew-1-e1600862836249.jpg\" \/>\n\t<meta property=\"og:image:width\" content=\"907\" \/>\n\t<meta property=\"og:image:height\" content=\"640\" \/>\n\t<meta property=\"og:image:type\" content=\"image\/jpeg\" \/>\n<meta name=\"twitter:card\" content=\"summary_large_image\" \/>\n<meta name=\"twitter:label1\" content=\"Gesch\u00e4tzte Lesezeit\" \/>\n\t<meta name=\"twitter:data1\" content=\"2\u00a0Minuten\" \/>\n<script type=\"application\/ld+json\" class=\"yoast-schema-graph\">{\"@context\":\"https:\/\/schema.org\",\"@graph\":[{\"@type\":\"WebPage\",\"@id\":\"https:\/\/weltlaeden.de\/nuertingen\/ueber-uns\/\",\"url\":\"https:\/\/weltlaeden.de\/nuertingen\/ueber-uns\/\",\"name\":\"\u00dcber uns - N\u00fcrtinger Weltladen\",\"isPartOf\":{\"@id\":\"https:\/\/weltlaeden.de\/nuertingen\/#website\"},\"primaryImageOfPage\":{\"@id\":\"https:\/\/weltlaeden.de\/nuertingen\/ueber-uns\/#primaryimage\"},\"image\":{\"@id\":\"https:\/\/weltlaeden.de\/nuertingen\/ueber-uns\/#primaryimage\"},\"thumbnailUrl\":\"https:\/\/weltlaeden.de\/nuertingen\/wp-content\/uploads\/sites\/145\/2020\/09\/weltladen_papiertuete_cashew-1-e1600862836249.jpg\",\"datePublished\":\"2016-10-28T11:34:47+00:00\",\"dateModified\":\"2025-07-07T14:44:20+00:00\",\"breadcrumb\":{\"@id\":\"https:\/\/weltlaeden.de\/nuertingen\/ueber-uns\/#breadcrumb\"},\"inLanguage\":\"de\",\"potentialAction\":[{\"@type\":\"ReadAction\",\"target\":[\"https:\/\/weltlaeden.de\/nuertingen\/ueber-uns\/\"]}]},{\"@type\":\"ImageObject\",\"inLanguage\":\"de\",\"@id\":\"https:\/\/weltlaeden.de\/nuertingen\/ueber-uns\/#primaryimage\",\"url\":\"https:\/\/weltlaeden.de\/nuertingen\/wp-content\/uploads\/sites\/145\/2020\/09\/weltladen_papiertuete_cashew-1-e1600862836249.jpg\",\"contentUrl\":\"https:\/\/weltlaeden.de\/nuertingen\/wp-content\/uploads\/sites\/145\/2020\/09\/weltladen_papiertuete_cashew-1-e1600862836249.jpg\",\"width\":907,\"height\":640},{\"@type\":\"BreadcrumbList\",\"@id\":\"https:\/\/weltlaeden.de\/nuertingen\/ueber-uns\/#breadcrumb\",\"itemListElement\":[{\"@type\":\"ListItem\",\"position\":1,\"name\":\"Startseite\",\"item\":\"https:\/\/weltlaeden.de\/nuertingen\/\"},{\"@type\":\"ListItem\",\"position\":2,\"name\":\"\u00dcber uns\"}]},{\"@type\":\"WebSite\",\"@id\":\"https:\/\/weltlaeden.de\/nuertingen\/#website\",\"url\":\"https:\/\/weltlaeden.de\/nuertingen\/\",\"name\":\"N\u00fcrtinger Weltladen\",\"description\":\"Unser Weltladen wurde 1998 er\u00f6ffnet. Engagierte Menschen hatten die Eine-Welt-Gruppe N\u00fcrtingen e.V. gegr\u00fcndet mit dem Ziel den fairen Handel in N\u00fcrtingen bekannt zu machen und einen Laden zu er\u00f6ffnen.\",\"potentialAction\":[{\"@type\":\"SearchAction\",\"target\":{\"@type\":\"EntryPoint\",\"urlTemplate\":\"https:\/\/weltlaeden.de\/nuertingen\/?s={search_term_string}\"},\"query-input\":{\"@type\":\"PropertyValueSpecification\",\"valueRequired\":true,\"valueName\":\"search_term_string\"}}],\"inLanguage\":\"de\"}]}<\/script>\n<!-- \/ Yoast SEO plugin. -->","yoast_head_json":{"title":"\u00dcber uns - N\u00fcrtinger Weltladen","robots":{"index":"index","follow":"follow","max-snippet":"max-snippet:-1","max-image-preview":"max-image-preview:large","max-video-preview":"max-video-preview:-1"},"canonical":"https:\/\/weltlaeden.de\/nuertingen\/ueber-uns\/","og_locale":"de_DE","og_type":"article","og_title":"\u00dcber uns - N\u00fcrtinger Weltladen","og_description":"[vc_row][vc_column][vc_column_text] [\/vc_column_text][\/vc_column][\/vc_row][vc_row][vc_column][vc_empty_space][vc_column_text] \u00dcber uns [\/vc_column_text][vc_column_text]Unser Weltladen wurde 1998 er\u00f6ffnet. Engagierte Menschen hatten die Eine-Welt-Gruppe N\u00fcrtingen e.V. gegr\u00fcndet mit dem Ziel den fairen Handel in N\u00fcrtingen bekannt zu machen und einen Laden zu er\u00f6ffnen. Seitdem arbeiten ca. 40 ehrenamtliche Mitarbeiter*innen und inzwischen 3 Hauptamtliche im Laden zusammen. Es ist uns gelungen den Laden kontinuierlich weiter zu&hellip;","og_url":"https:\/\/weltlaeden.de\/nuertingen\/ueber-uns\/","og_site_name":"N\u00fcrtinger Weltladen","article_modified_time":"2025-07-07T14:44:20+00:00","og_image":[{"width":907,"height":640,"url":"https:\/\/weltlaeden.de\/nuertingen\/wp-content\/uploads\/sites\/145\/2020\/09\/weltladen_papiertuete_cashew-1-e1600862836249.jpg","type":"image\/jpeg"}],"twitter_card":"summary_large_image","twitter_misc":{"Gesch\u00e4tzte Lesezeit":"2\u00a0Minuten"},"schema":{"@context":"https:\/\/schema.org","@graph":[{"@type":"WebPage","@id":"https:\/\/weltlaeden.de\/nuertingen\/ueber-uns\/","url":"https:\/\/weltlaeden.de\/nuertingen\/ueber-uns\/","name":"\u00dcber uns - N\u00fcrtinger Weltladen","isPartOf":{"@id":"https:\/\/weltlaeden.de\/nuertingen\/#website"},"primaryImageOfPage":{"@id":"https:\/\/weltlaeden.de\/nuertingen\/ueber-uns\/#primaryimage"},"image":{"@id":"https:\/\/weltlaeden.de\/nuertingen\/ueber-uns\/#primaryimage"},"thumbnailUrl":"https:\/\/weltlaeden.de\/nuertingen\/wp-content\/uploads\/sites\/145\/2020\/09\/weltladen_papiertuete_cashew-1-e1600862836249.jpg","datePublished":"2016-10-28T11:34:47+00:00","dateModified":"2025-07-07T14:44:20+00:00","breadcrumb":{"@id":"https:\/\/weltlaeden.de\/nuertingen\/ueber-uns\/#breadcrumb"},"inLanguage":"de","potentialAction":[{"@type":"ReadAction","target":["https:\/\/weltlaeden.de\/nuertingen\/ueber-uns\/"]}]},{"@type":"ImageObject","inLanguage":"de","@id":"https:\/\/weltlaeden.de\/nuertingen\/ueber-uns\/#primaryimage","url":"https:\/\/weltlaeden.de\/nuertingen\/wp-content\/uploads\/sites\/145\/2020\/09\/weltladen_papiertuete_cashew-1-e1600862836249.jpg","contentUrl":"https:\/\/weltlaeden.de\/nuertingen\/wp-content\/uploads\/sites\/145\/2020\/09\/weltladen_papiertuete_cashew-1-e1600862836249.jpg","width":907,"height":640},{"@type":"BreadcrumbList","@id":"https:\/\/weltlaeden.de\/nuertingen\/ueber-uns\/#breadcrumb","itemListElement":[{"@type":"ListItem","position":1,"name":"Startseite","item":"https:\/\/weltlaeden.de\/nuertingen\/"},{"@type":"ListItem","position":2,"name":"\u00dcber uns"}]},{"@type":"WebSite","@id":"https:\/\/weltlaeden.de\/nuertingen\/#website","url":"https:\/\/weltlaeden.de\/nuertingen\/","name":"N\u00fcrtinger Weltladen","description":"Unser Weltladen wurde 1998 er\u00f6ffnet. Engagierte Menschen hatten die Eine-Welt-Gruppe N\u00fcrtingen e.V. gegr\u00fcndet mit dem Ziel den fairen Handel in N\u00fcrtingen bekannt zu machen und einen Laden zu er\u00f6ffnen.","potentialAction":[{"@type":"SearchAction","target":{"@type":"EntryPoint","urlTemplate":"https:\/\/weltlaeden.de\/nuertingen\/?s={search_term_string}"},"query-input":{"@type":"PropertyValueSpecification","valueRequired":true,"valueName":"search_term_string"}}],"inLanguage":"de"}]}},"_links":{"self":[{"href":"https:\/\/weltlaeden.de\/nuertingen\/wp-json\/wp\/v2\/pages\/219","targetHints":{"allow":["GET"]}}],"collection":[{"href":"https:\/\/weltlaeden.de\/nuertingen\/wp-json\/wp\/v2\/pages"}],"about":[{"href":"https:\/\/weltlaeden.de\/nuertingen\/wp-json\/wp\/v2\/types\/page"}],"author":[{"embeddable":true,"href":"https:\/\/weltlaeden.de\/nuertingen\/wp-json\/wp\/v2\/users\/1"}],"replies":[{"embeddable":true,"href":"https:\/\/weltlaeden.de\/nuertingen\/wp-json\/wp\/v2\/comments?post=219"}],"version-history":[{"count":41,"href":"https:\/\/weltlaeden.de\/nuertingen\/wp-json\/wp\/v2\/pages\/219\/revisions"}],"predecessor-version":[{"id":1916,"href":"https:\/\/weltlaeden.de\/nuertingen\/wp-json\/wp\/v2\/pages\/219\/revisions\/1916"}],"wp:featuredmedia":[{"embeddable":true,"href":"https:\/\/weltlaeden.de\/nuertingen\/wp-json\/wp\/v2\/media\/552"}],"wp:attachment":[{"href":"https:\/\/weltlaeden.de\/nuertingen\/wp-json\/wp\/v2\/media?parent=219"}],"curies":[{"name":"wp","href":"https:\/\/api.w.org\/{rel}","templated":true}]}}