{"id":2019,"date":"2026-03-19T13:54:54","date_gmt":"2026-03-19T12:54:54","guid":{"rendered":"https:\/\/weltlaeden.de\/nuertingen\/?page_id=2019"},"modified":"2026-03-19T13:54:54","modified_gmt":"2026-03-19T12:54:54","slug":"termine","status":"publish","type":"page","link":"https:\/\/weltlaeden.de\/nuertingen\/termine\/","title":{"rendered":"Termine"},"content":{"rendered":"<div class=\"wpb-content-wrapper\"><p>[vc_row][vc_column]<div class=\"wl_einzelbild\"><p><img loading=\"lazy\" decoding=\"async\" class=\"aligncenter size-full wp-image-nsm-3-33\" src=\"https:\/\/weltlaeden.de\/vorlage\/wp-content\/uploads\/sites\/3\/2018\/07\/pocket-watch-1637396_1920_pixabay.png\" alt=\"\" width=\"787\" height=\"340\" \/><\/p><\/div>[vc_empty_space height=&#8220;30px&#8220;][vc_column_text]<\/p>\n<h1>Termine<\/h1>\n<h4><\/h4>\n<p>[\/vc_column_text][vc_empty_space height=&#8220;30px&#8220;][\/vc_column][\/vc_row][vc_row][vc_column width=&#8220;2\/3&#8243;][vc_column_text]<\/p>\n<h2>Kommende Termine<\/h2>\n<p>[\/vc_column_text]<ul class=\"termine-page current aktuell\">[vc_empty_space height=&#8220;30px&#8220;][vc_column_text]<\/p>\n<h2>Vergangene Termine<\/h2>\n<p>[\/vc_column_text]<ul class=\"termine-page past vergangen\"><li><h5 class=\"termine-titel\"><a href=\"https:\/\/weltlaeden.de\/nuertingen\/termin\/faires-osterfruehstueck\/\">Faires Osterfr\u00fchst\u00fcck<\/a><\/h5><p class=\"termine-date\">So., 05.04.2026, 10:00<\/p><p class=\"termine-auszug\"><strong>Sonntags-Fr\u00fchst\u00fcck<\/strong> in die Weltk\u00fcche. Starte mit uns genussvoll in den Sonntag! <strong>Was erwartet euch?<\/strong> Ein entspanntes Fr\u00fchst\u00fcck in gem\u00fctlicher Runde mit fair gehandelten, regionalen und saisonalen Bio-Zutaten. Wir freuen uns auf Dich! Jeden ersten Sonntag im Monat Wann? von <strong>10:00 bis 12:30 Uhr<\/strong> Wo? im Welthaus (<strong>Weltk\u00fcche<\/strong> im 2. EG)\u00a0 Kirchstra\u00dfe 14 in der N\u00fcrtinger Fu\u00dfg\u00e4ngerzone! Anmeldung? zur besseren Planung gerne in unserer <a href=\"https:\/\/www.bullsheet.de\/S\/index.php?k=Faires_Fruehstueck_im_Welthaus_tsxB2hKXwDnH&amp;r=78555\">Anmeldeliste<\/a> eintragen. Danke. Du bist aber auch spontan willkommen. &nbsp;<p class=termine-ort\"><small>Ort: <i>Welthaus \/ Weltk\u00fcche (2OG), Kirchstrasse 14, N\u00fcrtingen<\/i><\/small><\/p><\/li><li><h5 class=\"termine-titel\"><a href=\"https:\/\/weltlaeden.de\/nuertingen\/termin\/faires-fruehstueck\/\">Faires Fr\u00fchst\u00fcck<\/a><\/h5><p class=\"termine-date\">Sa., 13.09.2025, 09:30<\/p><p class=\"termine-auszug\">FAIR HANDELN - Vielfalt erleben! Herzliche Einladung zum Fairen Vielfaltsfr\u00fchst\u00fcck Wann: <strong>Samstag, 13.09.2025, 9.30 \u2013 12.30 Uhr <\/strong>Wo: Welthaus \/ Weltladen N\u00fcrtingen, Kirchstr. 14 \/ Fu\u00dfg\u00e4ngerzone Weitere Infos: <a href=\"http:\/\/www.welthaus-nt.de\">www.welthaus-nt.de<\/a> \/ Unkostenbeitrag erbeten &nbsp;<\/li><li><h5 class=\"termine-titel\"><a href=\"https:\/\/weltlaeden.de\/nuertingen\/termin\/lebensmittel-des-monats-nudeln\/\">Lebensmittel des Monats: Nudeln<\/a><\/h5><p class=\"termine-date\">Sa., 19.07.2025, 10:00<\/p><p class=\"termine-auszug\">Kommen Sie vorbei zu unserer spannenden \"<em><strong>\u00dcberlebensmittel<\/strong><\/em>\"-Reihe, diesmal zum Thema <strong>Nudeln<\/strong>. 10:00-13:00 Uhr.<p class=termine-ort\"><small>Ort: <i>Welthaus N\u00fcrtingen - Weltk\u00fcche im 2. OG, Kirchstrasse 14, 72622 N\u00fcrtingen<\/i><\/small><\/p><\/li><li><h5 class=\"termine-titel\"><a href=\"https:\/\/weltlaeden.de\/nuertingen\/termin\/klangschalenworkshop\/\">Klangschalenworkshop<\/a><\/h5><p class=\"termine-date\">Mo., 17.03.2025, 19:00<\/p><p class=\"termine-auszug\">heute m\u00f6chten wir Sie zu einer besonderen Veranstaltung einladen, einem Klangschalen-Workshop, der von Christiane Claren von Akar Fair Trade gestaltet wird.Akar Fair Trade ist unser langj\u00e4hriger und fairer Partner f\u00fcr Klangschalen aus Nepal. In diesem Workshop erhalten Sie wertvolle Informationen \u00fcber die Herkunft und Herstellung der fair gehandelten Klangschalen. Christiane Claren wird Sie durch den Abend f\u00fchren und Ihnen die faszinierende Welt der Klangschalen n\u00e4herbringen. Was Sie erwartet: Interessante Einblicke in die Herkunft und Produktion der fair gehandelten Klangschalen Zeit f\u00fcr Entspannung und das Erleben der heilenden Kl\u00e4nge Gelegenheit, Fragen zu stellen und mehr \u00fcber die Wirkung der Klangschalen zu erfahren Zeit, um verschiedene Klangschalen zu testen und die f\u00fcr Sie passende Schale zu finden &nbsp; Der Eintritt ist frei \u2013 \u00fcber eine Spende freuen wir uns nat\u00fcrlich immer. Der Abend ist eine wunderbare Gelegenheit, in die Welt der Klangschalen einzutauchen und deren wohltuende Wirkung selbst zu erfahren. Wir starten [...] <a href=\"https:\/\/weltlaeden.de\/nuertingen\/termin\/klangschalenworkshop\/\"><small>[WEITERLESEN]<\/small><\/a><\/p><p class=termine-ort\"><small>Ort: <i>Welthaus N\u00fcrtingen, 2. Etage, Kirchstr. 14, N\u00fcrtingen<\/i><\/small><\/p><\/li><li><h5 class=\"termine-titel\"><a href=\"https:\/\/weltlaeden.de\/nuertingen\/termin\/quo-vadis-afghanistan-die-politische-und-soziale-sicherheitslage-nach-dem-abzug-des-westens-2021-vortrag-dr-med-reinhard-eroes\/\">Quo Vadis Afghanistan? Die politische und soziale Sicherheitslage nach dem Abzug des Westens 2021: Vortrag, Dr. med. Reinhard Er\u00f6s<\/a><\/h5><p class=\"termine-date\">Mo., 13.11.2023, 10:37<\/p><p class=\"termine-auszug\">Di 14.11. 19:30 Kath. Gemeindehaus St. Johannes, Vendelaustr. 30 Eintritt frei, Spende erbeten Quo Vadis Afghanistan? Die politische und soziale Sicherheitslage nach dem Abzug des Westens 2021 Vortrag, Dr. med. Reinhard Er\u00f6s<\/li><li><h5 class=\"termine-titel\"><a href=\"https:\/\/weltlaeden.de\/nuertingen\/termin\/vortrag-klimagerechtigkeit-und-fairer-handel-eine-frage-des-ueberlebens-am-15-9-um-19-uhr-im-rathaus-nuertingen\/\">Vortrag \u201eKlimagerechtigkeit und Fairer Handel \u2013 eine Frage des \u00dcberlebens\u201c am 15.9. um 19 Uhr im Rathaus N\u00fcrtingen<\/a><\/h5><p class=\"termine-date\">Fr., 15.09.2023, 19:00<\/p><p class=\"termine-auszug\">Martin Lang, Fairhandelsberater beim Dachverband Entwicklungspolitik Baden-W\u00fcrttemberg (DEAB) spricht \u00fcber die Auswirkungen der Klimaerw\u00e4rmung, die die m\u00fchsam erreichten Erfolge des fairen Handels bedrohen. Klimaschutz und nachhaltiges Wirtschaften sind Teil der DNA des Fairen Handels. <strong>Der Vortrag ist kostenfrei<\/strong> und findet in der Glashalle des n\u00fcrtinger Rathauses in der <strong>Marktstra\u00dfe 7<\/strong> statt. Veranstalter: Eine Welt Gruppe N\u00fcrtingen e.V. und der Weltladen N\u00fcrtingen<p class=termine-ort\"><small>Ort: <i>Glashalle im Rathaus N\u00fcrtingen, Marktstra\u00dfe 7<\/i><\/small><\/p><\/li><li><h5 class=\"termine-titel\"><a href=\"https:\/\/weltlaeden.de\/nuertingen\/termin\/ukraine-krieg-und-russlands-krise-noch-chancen-fuer-eine-europaeische-friedensordnung\/\">Ukraine-Krieg und Russlands Krise &#8211; noch Chancen f\u00fcr eine Europ\u00e4ische Friedensordnung<\/a><\/h5><p class=\"termine-date\">Do., 24.03.2022, 19:00<\/p><p class=\"termine-auszug\"><strong>Vortrag mit Andreas Zumach<\/strong> <strong>Journalist und Buchautor, Experte f\u00fcr internationale Beziehungen und Konflikte<\/strong> Inhalt: Putins verheerender und v\u00f6lkerrechtswidriger Krieg gegen die Ukraine ist durch Nichts zu rechtfertigen. Auch nicht durch die V\u00f6lkerrechtsverst\u00f6\u00dfe, Fehlhandlungen und Vers\u00e4umnisse der westlichen Staaten und ihre gebrochenen Zusagen gegen\u00fcber Moskau in den letzten drei Jahrzehnten seit Ende des Kalten Krieges. Was k\u00f6nnen Sanktionen gegen Russland bewirken? Ist dieser Krieg tats\u00e4chlich eine \u201eZeitenwende\u201c? War das NEIN der Friedensbewegung zu Waffenlieferungen an die Ukraine\u00a0richtig? Wem n\u00fctzt das von Bundesregierung und Bundestag angek\u00fcndigte gigantische Aufr\u00fcstungsprogramm. Und was w\u00e4ren die\u00a0Chancen und die Bausteine f\u00fcr eine Friedensordnung\u00a0mit Russland auf unserem gemeinsamen eurasischen Kontinent nach dem jetzt absehbaren Ende der \u00c4ra Putin? Rahmenbedingungen: <strong>Keine vorherige Anmeldung notwendig!<\/strong> Es gelten die zu diesem Zeitpunkt aktuellen Corona-Verordnungen. Die evangelische Stadtkirchengemeinde stellt f\u00fcr den Vortrag die Stadtkirche kostenfrei\u00a0 zur Verf\u00fcgung. Wir erbitten einen Unkostenbeitrag f\u00fcr die Vortragsveranstaltung und spenden f\u00fcr die Gefl\u00fcchteten. Mit freundlichem Gru\u00df, [...] <a href=\"https:\/\/weltlaeden.de\/nuertingen\/termin\/ukraine-krieg-und-russlands-krise-noch-chancen-fuer-eine-europaeische-friedensordnung\/\"><small>[WEITERLESEN]<\/small><\/a><\/p><p class=termine-ort\"><small>Ort: <i>Stadtkirche N\u00fcrtingen, St. Laurentius<\/i><\/small><\/p><\/li><li><h5 class=\"termine-titel\"><a href=\"https:\/\/weltlaeden.de\/nuertingen\/termin\/ananasbestellung-auf-weihnachten\/\">Ananasbestellung auf Weihnachten<\/a><\/h5><p class=\"termine-date\">Sa., 04.12.2021, 12:00<\/p><p class=\"termine-auszug\">Ananasbestellung f\u00fcr Weihnachten 2021 Unsere k\u00f6stlichen Flugananas aus Tansania werden reif geerntet und kommen rechtzeitig zum Fest bei uns an. Die einzelnen Fr\u00fcchte wiegen meist zwischen 800-1500g schwer und k\u00f6nnen auf dem Schopf gelagert ein paar Tage aufgehoben werden. Verbindliche Bestellungen k\u00f6nnen unter Angabe der gew\u00fcnschten Anzahl bis zum 04.12. per Telefon, E-Mail oder pers\u00f6nlich im Laden get\u00e4tigt werden. Bitte geben Sie uns Ihre Kontaktdaten: Name, Telefonnummer und E-Mail an \u2013 nur bei kompletter Angabe k\u00f6nnen wir Ihre Bestellung bearbeiten.<\/li><li><h5 class=\"termine-titel\"><a href=\"https:\/\/weltlaeden.de\/nuertingen\/termin\/42-eine-welt-tage-und-friedenswochen-2021\/\">42. Eine-Welt-Tage und Friedenswochen 2021<\/a><\/h5><p class=\"termine-date\">Di., 30.11.2021<\/p><p class=\"termine-auszug\"><a href=\"https:\/\/weltlaeden.de\/nuertingen\/wp-content\/uploads\/sites\/145\/2021\/10\/2021_FIN-EWT-FW-Flyer-RB20-AT21_WEB.pdf\"><\/a> <a href=\"https:\/\/weltlaeden.de\/nuertingen\/wp-content\/uploads\/sites\/145\/2021\/10\/2021_FIN-EWT-FW_Flyer_4C_5S_525x210_WEB-1.pdf\">2021_FIN EWT-FW_Flyer_4C_5S_525x210_WEB<\/a> &nbsp;<\/li><li><h5 class=\"termine-titel\"><a href=\"https:\/\/weltlaeden.de\/nuertingen\/termin\/vortrag-zukunft-fuer-israel-palaestina-von-andreas-zumach\/\">Vortrag Zukunft f\u00fcr Israel\/Pal\u00e4stina? von Andreas Zumach<\/a><\/h5><p class=\"termine-date\">Fr., 26.11.2021, 19:00<\/p><p class=\"termine-auszug\">Der Vortrag wird \u00fcber zoom ausgestrahlt, er findet nicht wie geplant in Pr\u00e4senz im Martin-Luther-Hof statt. Zugang \u00fcber: https:\/\/us02web.zoom.us\/j\/83111333752?pwd=cnozenN0V2pCSjhkbTd0YlJOMEF0dz09<\/li><li><h5 class=\"termine-titel\"><a href=\"https:\/\/weltlaeden.de\/nuertingen\/termin\/festung-europa-oder-europa-der-menschenrechte-auswirkungen-der-eu-politik-fuer-gefluechtete-an-den-eu-aussengrenzen-und-jenseits-des-mittelmeers\/\">Festung Europa oder Europa der Menschenrechte &#8211; Auswirkungen der EU-Politik f\u00fcr Gefl\u00fcchtete an den EU-Au\u00dfengrenzen und jenseits des Mittelmeers<\/a><\/h5><p class=\"termine-date\">Do., 15.07.2021, 19:00<\/p><p class=\"termine-auszug\"><strong>Auftaktveranstaltung<\/strong> <strong>zu den 42. eine-welt-tage und friedenswochen n\u00fcrtingen<\/strong> Vortrag mit Dr. Ramona Lenz, medico international im Innenhof der Alten Seegrasspinnerei, Plochinger Stra\u00dfe 14, 72622 N\u00fcrtingen Eintritt frei, Spende erbeten <strong><a href=\"https:\/\/weltlaeden.de\/nuertingen\/wp-content\/uploads\/sites\/145\/2021\/06\/2021_FIN-EWT-FW-Flyer-RB20-AT21_WEB.pdf\">2021_FIN EWT-FW Flyer RB20-AT21_W<\/a><\/strong><strong><a href=\"https:\/\/weltlaeden.de\/nuertingen\/wp-content\/uploads\/sites\/145\/2021\/06\/2021_FIN-EWT-FW-Flyer-RB20-AT21_WEB.pdf\">EB<\/a><\/strong> &nbsp; &nbsp;<\/li><li><h5 class=\"termine-titel\"><a href=\"https:\/\/weltlaeden.de\/nuertingen\/termin\/mitgliederversammlung-eine-welt-gruppe-nuertingen-e-v\/\">Mitgliederversammlung &#8211; Eine-Welt-Gruppe N\u00fcrtingen e.V.<\/a><\/h5><p class=\"termine-date\">So., 04.07.2021, 19:00<\/p><p class=\"termine-auszug\"><strong>Achtung! Ge\u00e4nderter Termin: 19.00 Uhr am 4. Juli 2021 in der Evang. meth. Kirche in der Kapellenstra\u00dfe 15 in N\u00fcrtingen<\/strong> Es stehen richtungsweisende Fragen und Entscheidungen an. Wir freuen uns \u00fcber 25 Jahre Eine-Welt-Gruppe N\u00fcrtingen e.V. \u00a0und wollen feiern. Einladung an alle Mitglieder, Freunde und Interessierte, Tagesordnung wird bekanntgegeben. N\u00fcrtingen, 18.04.2021 &nbsp; <strong>Leben ist ein gro\u00dfes Fest, wenn sich\u2018s nicht berechnen l\u00e4sst \u00a0\u00a0\u00a0\u00a0\u00a0\u00a0\u00a0\u00a0\u00a0\u00a0\u00a0\u00a0\u00a0\u00a0\u00a0\u00a0\u00a0\u00a0\u00a0\u00a0\u00a0\u00a0\u00a0\u00a0\u00a0\u00a0\u00a0\u00a0\u00a0\u00a0\u00a0\u00a0\u00a0\u00a0\u00a0\u00a0\u00a0\u00a0\u00a0\u00a0\u00a0\u00a0\u00a0\u00a0\u00a0\u00a0\u00a0\u00a0\u00a0\u00a0\u00a0\u00a0\u00a0\u00a0<\/strong>(Johann Wolfgang von Goethe) Bei meinem letzten Anschreiben an euch, habe ich darum gebeten, den Sonntagabend 2. Mai 2021 f\u00fcr unsere diesj\u00e4hrige Mitgliederversammlung frei zu halten. Leider hat sich die Situation inzwischen so ver\u00e4ndert, dass schon aufgrund der Ausgangssperre der geplante Termin nicht stattfinden kann. Wir sind folglich gezwungen neu zu planen: Wir wollen unsere Jubil\u00e4ums-Mitgliederversammlung <strong>am 4. Juli<\/strong> <strong>2021 um 19 Uhr in der Evang. meth. Kirche in der Kapellenstra\u00dfe 15 in N\u00fcrtingen<\/strong> abhalten. Dort haben wir ausreichend Raum, um uns in Pr\u00e4senz\u00a0 mit gro\u00dfen Abst\u00e4nden zu [...] <a href=\"https:\/\/weltlaeden.de\/nuertingen\/termin\/mitgliederversammlung-eine-welt-gruppe-nuertingen-e-v\/\"><small>[WEITERLESEN]<\/small><\/a><\/p><\/li><li><h5 class=\"termine-titel\"><a href=\"https:\/\/weltlaeden.de\/nuertingen\/termin\/sonntag-14-18-uhr-welthaus-initiative-weltladen-auf-dem-stadtbalkon\/\">Sonntag 14 &#8211; 18 Uhr &#8211; Welthaus-Initiative &amp;Weltladen auf dem Stadtbalkon<\/a><\/h5><p class=\"termine-date\">So., 27.06.2021 bis 12.09.2021<\/p><p class=\"termine-auszug\">Kommen Sie zum Stand Welthaus-Initiative &amp;Weltladen, jeden Sonntag mit wechselndem Programm bis einschlie\u00dflich 12. September. Genie\u00dfen Sie eine Tasse fairen Kaffee oder kalte Limo, salziges und s\u00fcsses Geb\u00e4ck und die sommerliche Atmosph\u00e4re am Neckar. Vorschau: Datum Zeit Aktivit\u00e4t\/Thema Verantwortlich Aktivit\u00e4t AG Genossen- schaftsgr\u00fcndung Sonntag, 20. Juni 2021 14.30 - 15.30 Pr\u00e4sentation der B\u00fcrgergenossenschaft N\u00fcrtingen Dirk Dirk Funck, Bernd Hummes 16.30 - 17.30 Sonntag, 27. Juni 2021 14.30 - 15.30 Studierende der Hochschule\u00a0 Thema Stadt, WasserKlimawandel Ellen Bernd Hummes 16.30 - 17.30 Sonntag, 4. Juli 2021 14.30 - 15.30 Verkostung fair gehandelter Weine Hannes Rehm ???, (Bernd) 16.30 - 17.30 Rock mit den Bright Ages Klaus Treiber Sonntag, 11. Juli 2021 14.30 - 15.30 \"Die Welt braucht einen Tapetenwechsel\" Susanne, Gabi Thomas 16.30 - 17.30 Sonntag, 18. Juli 2021 14.30 - 15.30 Seenotrettung und die Au\u00dfengrenzen Europas Anne O`Callaghan Bernd 16.30 - 17.30 Sonntag, 25. Juli 2021 14.30 - 15.30 \"W\u00e4chst [...] <a href=\"https:\/\/weltlaeden.de\/nuertingen\/termin\/sonntag-14-18-uhr-welthaus-initiative-weltladen-auf-dem-stadtbalkon\/\"><small>[WEITERLESEN]<\/small><\/a><\/p><\/li><li><h5 class=\"termine-titel\"><a href=\"https:\/\/weltlaeden.de\/nuertingen\/termin\/ueber-bord-zoom-meeting\/\">\u00dcber Bord,  Zoom-Veranstaltung<\/a><\/h5><p class=\"termine-date\">Fr., 16.04.2021, 19:00 bis 16.04.2021, 21:00<\/p><p class=\"termine-auszug\">Zum Thema private Seenotrettung gehen die Positionen inzwischen weit auseinander. Wir m\u00f6chten einen Beitrag zur Meinungsbildung anbieten und laden Sie \/ dich am Freitag den 16. April, 19 \u2013 21 Uhr zur\u00a0 Zoom Veranstaltung \u201e\u00dcber Bord\u201c ein. Informieren Sie sich hier \u00fcber Inhalte, Organisation und Anmeldung zum Termin: <a href=\"https:\/\/weltlaeden.de\/nuertingen\/ueber-bord\/\">\u00dcber Bord<\/a>.<\/li><\/ul>[\/vc_column][\/vc_row]<\/p>\n<\/div>","protected":false},"excerpt":{"rendered":"<p>[vc_row][vc_column][vc_empty_space height=&#8220;30px&#8220;][vc_column_text] Termine [\/vc_column_text][vc_empty_space height=&#8220;30px&#8220;][\/vc_column][\/vc_row][vc_row][vc_column width=&#8220;2\/3&#8243;][vc_column_text] Kommende Termine [\/vc_column_text][vc_empty_space height=&#8220;30px&#8220;][vc_column_text] Vergangene Termine [\/vc_column_text][\/vc_column][\/vc_row]<\/p>\n","protected":false},"author":14,"featured_media":0,"parent":0,"menu_order":0,"comment_status":"closed","ping_status":"closed","template":"","meta":{"footnotes":""},"class_list":["post-2019","page","type-page","status-publish","hentry","description-off"],"yoast_head":"<!-- This site is optimized with the Yoast SEO plugin v26.8 - https:\/\/yoast.com\/product\/yoast-seo-wordpress\/ -->\n<title>Termine - N\u00fcrtinger Weltladen<\/title>\n<meta name=\"robots\" content=\"index, follow, max-snippet:-1, max-image-preview:large, max-video-preview:-1\" \/>\n<link rel=\"canonical\" href=\"https:\/\/weltlaeden.de\/nuertingen\/termine\/\" \/>\n<meta property=\"og:locale\" content=\"de_DE\" \/>\n<meta property=\"og:type\" content=\"article\" \/>\n<meta property=\"og:title\" content=\"Termine - N\u00fcrtinger Weltladen\" \/>\n<meta property=\"og:description\" content=\"[vc_row][vc_column][vc_empty_space height=&#8220;30px&#8220;][vc_column_text] Termine [\/vc_column_text][vc_empty_space height=&#8220;30px&#8220;][\/vc_column][\/vc_row][vc_row][vc_column width=&#8220;2\/3&#8243;][vc_column_text] Kommende Termine [\/vc_column_text][vc_empty_space height=&#8220;30px&#8220;][vc_column_text] Vergangene Termine [\/vc_column_text][\/vc_column][\/vc_row]\" \/>\n<meta property=\"og:url\" content=\"https:\/\/weltlaeden.de\/nuertingen\/termine\/\" \/>\n<meta property=\"og:site_name\" content=\"N\u00fcrtinger Weltladen\" \/>\n<meta property=\"og:image\" content=\"https:\/\/weltlaeden.de\/vorlage\/wp-content\/uploads\/sites\/3\/2018\/07\/pocket-watch-1637396_1920_pixabay.png\" \/>\n<meta name=\"twitter:card\" content=\"summary_large_image\" \/>\n<script type=\"application\/ld+json\" class=\"yoast-schema-graph\">{\"@context\":\"https:\/\/schema.org\",\"@graph\":[{\"@type\":\"WebPage\",\"@id\":\"https:\/\/weltlaeden.de\/nuertingen\/termine\/\",\"url\":\"https:\/\/weltlaeden.de\/nuertingen\/termine\/\",\"name\":\"Termine - N\u00fcrtinger Weltladen\",\"isPartOf\":{\"@id\":\"https:\/\/weltlaeden.de\/nuertingen\/#website\"},\"primaryImageOfPage\":{\"@id\":\"https:\/\/weltlaeden.de\/nuertingen\/termine\/#primaryimage\"},\"image\":{\"@id\":\"https:\/\/weltlaeden.de\/nuertingen\/termine\/#primaryimage\"},\"thumbnailUrl\":\"https:\/\/weltlaeden.de\/vorlage\/wp-content\/uploads\/sites\/3\/2018\/07\/pocket-watch-1637396_1920_pixabay.png\",\"datePublished\":\"2026-03-19T12:54:54+00:00\",\"breadcrumb\":{\"@id\":\"https:\/\/weltlaeden.de\/nuertingen\/termine\/#breadcrumb\"},\"inLanguage\":\"de\",\"potentialAction\":[{\"@type\":\"ReadAction\",\"target\":[\"https:\/\/weltlaeden.de\/nuertingen\/termine\/\"]}]},{\"@type\":\"ImageObject\",\"inLanguage\":\"de\",\"@id\":\"https:\/\/weltlaeden.de\/nuertingen\/termine\/#primaryimage\",\"url\":\"https:\/\/weltlaeden.de\/vorlage\/wp-content\/uploads\/sites\/3\/2018\/07\/pocket-watch-1637396_1920_pixabay.png\",\"contentUrl\":\"https:\/\/weltlaeden.de\/vorlage\/wp-content\/uploads\/sites\/3\/2018\/07\/pocket-watch-1637396_1920_pixabay.png\"},{\"@type\":\"BreadcrumbList\",\"@id\":\"https:\/\/weltlaeden.de\/nuertingen\/termine\/#breadcrumb\",\"itemListElement\":[{\"@type\":\"ListItem\",\"position\":1,\"name\":\"Startseite\",\"item\":\"https:\/\/weltlaeden.de\/nuertingen\/\"},{\"@type\":\"ListItem\",\"position\":2,\"name\":\"Termine\"}]},{\"@type\":\"WebSite\",\"@id\":\"https:\/\/weltlaeden.de\/nuertingen\/#website\",\"url\":\"https:\/\/weltlaeden.de\/nuertingen\/\",\"name\":\"N\u00fcrtinger Weltladen\",\"description\":\"Unser Weltladen wurde 1998 er\u00f6ffnet. Engagierte Menschen hatten die Eine-Welt-Gruppe N\u00fcrtingen e.V. gegr\u00fcndet mit dem Ziel den fairen Handel in N\u00fcrtingen bekannt zu machen und einen Laden zu er\u00f6ffnen.\",\"potentialAction\":[{\"@type\":\"SearchAction\",\"target\":{\"@type\":\"EntryPoint\",\"urlTemplate\":\"https:\/\/weltlaeden.de\/nuertingen\/?s={search_term_string}\"},\"query-input\":{\"@type\":\"PropertyValueSpecification\",\"valueRequired\":true,\"valueName\":\"search_term_string\"}}],\"inLanguage\":\"de\"}]}<\/script>\n<!-- \/ Yoast SEO plugin. -->","yoast_head_json":{"title":"Termine - N\u00fcrtinger Weltladen","robots":{"index":"index","follow":"follow","max-snippet":"max-snippet:-1","max-image-preview":"max-image-preview:large","max-video-preview":"max-video-preview:-1"},"canonical":"https:\/\/weltlaeden.de\/nuertingen\/termine\/","og_locale":"de_DE","og_type":"article","og_title":"Termine - N\u00fcrtinger Weltladen","og_description":"[vc_row][vc_column][vc_empty_space height=&#8220;30px&#8220;][vc_column_text] Termine [\/vc_column_text][vc_empty_space height=&#8220;30px&#8220;][\/vc_column][\/vc_row][vc_row][vc_column width=&#8220;2\/3&#8243;][vc_column_text] Kommende Termine [\/vc_column_text][vc_empty_space height=&#8220;30px&#8220;][vc_column_text] Vergangene Termine [\/vc_column_text][\/vc_column][\/vc_row]","og_url":"https:\/\/weltlaeden.de\/nuertingen\/termine\/","og_site_name":"N\u00fcrtinger Weltladen","og_image":[{"url":"https:\/\/weltlaeden.de\/vorlage\/wp-content\/uploads\/sites\/3\/2018\/07\/pocket-watch-1637396_1920_pixabay.png","type":"","width":"","height":""}],"twitter_card":"summary_large_image","schema":{"@context":"https:\/\/schema.org","@graph":[{"@type":"WebPage","@id":"https:\/\/weltlaeden.de\/nuertingen\/termine\/","url":"https:\/\/weltlaeden.de\/nuertingen\/termine\/","name":"Termine - N\u00fcrtinger Weltladen","isPartOf":{"@id":"https:\/\/weltlaeden.de\/nuertingen\/#website"},"primaryImageOfPage":{"@id":"https:\/\/weltlaeden.de\/nuertingen\/termine\/#primaryimage"},"image":{"@id":"https:\/\/weltlaeden.de\/nuertingen\/termine\/#primaryimage"},"thumbnailUrl":"https:\/\/weltlaeden.de\/vorlage\/wp-content\/uploads\/sites\/3\/2018\/07\/pocket-watch-1637396_1920_pixabay.png","datePublished":"2026-03-19T12:54:54+00:00","breadcrumb":{"@id":"https:\/\/weltlaeden.de\/nuertingen\/termine\/#breadcrumb"},"inLanguage":"de","potentialAction":[{"@type":"ReadAction","target":["https:\/\/weltlaeden.de\/nuertingen\/termine\/"]}]},{"@type":"ImageObject","inLanguage":"de","@id":"https:\/\/weltlaeden.de\/nuertingen\/termine\/#primaryimage","url":"https:\/\/weltlaeden.de\/vorlage\/wp-content\/uploads\/sites\/3\/2018\/07\/pocket-watch-1637396_1920_pixabay.png","contentUrl":"https:\/\/weltlaeden.de\/vorlage\/wp-content\/uploads\/sites\/3\/2018\/07\/pocket-watch-1637396_1920_pixabay.png"},{"@type":"BreadcrumbList","@id":"https:\/\/weltlaeden.de\/nuertingen\/termine\/#breadcrumb","itemListElement":[{"@type":"ListItem","position":1,"name":"Startseite","item":"https:\/\/weltlaeden.de\/nuertingen\/"},{"@type":"ListItem","position":2,"name":"Termine"}]},{"@type":"WebSite","@id":"https:\/\/weltlaeden.de\/nuertingen\/#website","url":"https:\/\/weltlaeden.de\/nuertingen\/","name":"N\u00fcrtinger Weltladen","description":"Unser Weltladen wurde 1998 er\u00f6ffnet. Engagierte Menschen hatten die Eine-Welt-Gruppe N\u00fcrtingen e.V. gegr\u00fcndet mit dem Ziel den fairen Handel in N\u00fcrtingen bekannt zu machen und einen Laden zu er\u00f6ffnen.","potentialAction":[{"@type":"SearchAction","target":{"@type":"EntryPoint","urlTemplate":"https:\/\/weltlaeden.de\/nuertingen\/?s={search_term_string}"},"query-input":{"@type":"PropertyValueSpecification","valueRequired":true,"valueName":"search_term_string"}}],"inLanguage":"de"}]}},"_links":{"self":[{"href":"https:\/\/weltlaeden.de\/nuertingen\/wp-json\/wp\/v2\/pages\/2019","targetHints":{"allow":["GET"]}}],"collection":[{"href":"https:\/\/weltlaeden.de\/nuertingen\/wp-json\/wp\/v2\/pages"}],"about":[{"href":"https:\/\/weltlaeden.de\/nuertingen\/wp-json\/wp\/v2\/types\/page"}],"author":[{"embeddable":true,"href":"https:\/\/weltlaeden.de\/nuertingen\/wp-json\/wp\/v2\/users\/14"}],"replies":[{"embeddable":true,"href":"https:\/\/weltlaeden.de\/nuertingen\/wp-json\/wp\/v2\/comments?post=2019"}],"version-history":[{"count":1,"href":"https:\/\/weltlaeden.de\/nuertingen\/wp-json\/wp\/v2\/pages\/2019\/revisions"}],"predecessor-version":[{"id":2020,"href":"https:\/\/weltlaeden.de\/nuertingen\/wp-json\/wp\/v2\/pages\/2019\/revisions\/2020"}],"wp:attachment":[{"href":"https:\/\/weltlaeden.de\/nuertingen\/wp-json\/wp\/v2\/media?parent=2019"}],"curies":[{"name":"wp","href":"https:\/\/api.w.org\/{rel}","templated":true}]}}