{"id":1939,"date":"2025-11-07T21:30:47","date_gmt":"2025-11-07T20:30:47","guid":{"rendered":"https:\/\/weltlaeden.de\/nuertingen\/?page_id=1939"},"modified":"2025-11-28T00:31:19","modified_gmt":"2025-11-27T23:31:19","slug":"geschenkkoerbe","status":"publish","type":"page","link":"https:\/\/weltlaeden.de\/nuertingen\/geschenkkoerbe\/","title":{"rendered":"Geschenkk\u00f6rbe"},"content":{"rendered":"<div class=\"wpb-content-wrapper\"><p>[vc_row][vc_column][vc_empty_space][vc_column_text css=&#8220;&#8220;]<\/p>\n<h1>Weltladen-Geschenkk\u00f6rbe<\/h1>\n<p>[\/vc_column_text][vc_empty_space height=&#8220;12px&#8220;][vc_row_inner][vc_column_inner width=&#8220;2\/3&#8243;][vc_column_text css=&#8220;&#8220;]<\/p>\n<h3>Nachhaltig Freude schenken \u2013 f\u00fcr Familien, Freunde, Mitarbeitende und Interessierte<\/h3>\n<p>Weihnachten steht vor der T\u00fcr \u2013 und damit die perfekte Gelegenheit, anderen eine besondere Freude zu machen. Ob privat oder beruflich: ein liebevoll ausgew\u00e4hltes Geschenk zeigt Wertsch\u00e4tzung und bleibt in Erinnerung.<\/p>\n<h3><\/h3>\n<h3><strong>Sinnvoll schenken mit dem Weltladen<\/strong><\/h3>\n<p>Sie m\u00f6chten etwas verschenken, das nicht nur gut aussieht, sondern auch Gutes bewirkt? Unsere fair gehandelten Produkte stehen f\u00fcr Qualit\u00e4t, soziale Verantwortung und Nachhaltigkeit. Mit jedem Kauf unterst\u00fctzen Sie kleinb\u00e4uerliche Familien im Globalen S\u00fcden \u2013 und setzen ein Zeichen f\u00fcr eine gerechtere Welt.<\/p>\n<h3>Unsere Angebote f\u00fcr Privatpersonen und Unternehmen:<\/h3>\n<ul>\n<li>Hochwertige Geschenkideen mit fairer Herkunft<\/li>\n<li>Individuell zusammengestellte Pr\u00e4sentk\u00f6rbe, abgestimmt auf Ihre W\u00fcnsche und Ihr Budget<\/li>\n<li>Auf Wunsch liebevoll verpackt und direkt geliefert<\/li>\n<li>Ideal f\u00fcr pers\u00f6nliche \u00dcberraschungen und als wertsch\u00e4tzende Geste im beruflichen Umfeld als Kundengeschenke oder Weihnachtsgeschenke f\u00fcr Mitarbeitende<\/li>\n<\/ul>\n<p><strong><em><br \/>\nDer Weltladen-Geschenkkorb \u2013 vielseitig, nachhaltig und mit Herz zusammengestellt.<\/em><\/strong><\/p>\n<p>&nbsp;<\/p>\n<div class=\"hr-thin\"><\/div>\n<blockquote><p>Bei Interesse wenden Sie sich an den Weltladen unter:<br \/>\n<a href=\"mailto:info@nuertinger-weltladen.de\">info@nuertinger-weltladen.de<\/a><\/p><\/blockquote>\n<div class=\"hr-thin\"><\/div>\n<p><sup>Preise g\u00fcltig bis Dezember 2025, inkl. MwSt., zzgl. Verpackung<\/sup><\/p>\n<p>[\/vc_column_text][\/vc_column_inner][vc_column_inner width=&#8220;1\/3&#8243;][vc_single_image image=&#8220;1985&#8243; img_size=&#8220;medium&#8220; alignment=&#8220;right&#8220; css=&#8220;&#8220;][\/vc_column_inner][\/vc_row_inner][vc_empty_space][vc_separator][vc_column_text css=&#8220;&#8220;]<\/p>\n<h2><span style=\"color: #ff6600\">Kulinarisches<\/span><\/h2>\n<p>[\/vc_column_text][vc_row_inner][vc_column_inner width=&#8220;1\/3&#8243;][vc_single_image image=&#8220;1957&#8243; img_size=&#8220;medium&#8220; add_caption=&#8220;yes&#8220; style=&#8220;vc_box_rounded&#8220; onclick=&#8220;link_image&#8220; css=&#8220;&#8220;][vc_toggle title=&#8220;Bella Italia, bio &amp; fair&#8220; style=&#8220;arrow&#8220; color=&#8220;orange&#8220; size=&#8220;sm&#8220; css=&#8220;&#8220; el_id=&#8220;1600851099752-110e4201-99eb&#8220;]<strong>Inhalt<br \/>\n<\/strong>B\u00e4rlauchnudeln 500 g 5,50 \u20ac<br \/>\nGetrocknete Tomaten 4,90 \u20ac<br \/>\nToskanische Kr\u00e4uter 2,90 \u20ac<br \/>\nMarcone, Bio-Tomatendose 3,90 \u20ac<\/p>\n<p>\ud83c\udf81 Gesamt: 17,20 \u20ac<br \/>\n(zzgl. Verpackung)[\/vc_toggle][\/vc_column_inner][vc_column_inner width=&#8220;1\/3&#8243;][vc_single_image image=&#8220;1956&#8243; img_size=&#8220;medium&#8220; add_caption=&#8220;yes&#8220; style=&#8220;vc_box_rounded&#8220; onclick=&#8220;link_image&#8220; css=&#8220;&#8220;][vc_toggle title=&#8220;Feines aus Asien, bio &amp; fair&#8220; style=&#8220;arrow&#8220; color=&#8220;orange&#8220; size=&#8220;sm&#8220; css=&#8220;&#8220; el_id=&#8220;1600851085108-c163e8b9-a4b3&#8243;]<strong>Inhalt<br \/>\n<\/strong>Mango getrocknet 4,90 \u20ac<br \/>\nReis aus Mali, 1000 g 6,50 \u20ac<br \/>\nMais Kracher Chili 2,90 \u20ac<br \/>\nKokosmilch aus Sri Lanka 3,50 \u20ac<br \/>\nGaram Masala Gew\u00fcrz 6,50 \u20ac<\/p>\n<p>\ud83c\udf81 Gesamt: 24,30 \u20ac<br \/>\n(zzgl. Verpackung)[\/vc_toggle][\/vc_column_inner][vc_column_inner width=&#8220;1\/3&#8243;][vc_single_image image=&#8220;1954&#8243; img_size=&#8220;medium&#8220; add_caption=&#8220;yes&#8220; style=&#8220;vc_box_rounded&#8220; onclick=&#8220;link_image&#8220; css=&#8220;&#8220;][vc_toggle title=&#8220;Mangotraum, bio &amp; fair&#8220; style=&#8220;arrow&#8220; color=&#8220;orange&#8220; size=&#8220;sm&#8220; css=&#8220;&#8220;]<strong>Inhalt<br \/>\n<\/strong>Mangofruchtaufstrich 4,00 \u20ac<br \/>\nMango-Fruchtso\u00dfe, bio 4,90 \u20ac<br \/>\nBior-Manos getrocknet,100 g 4,50 \u20ac<br \/>\nMango-Kokos B\u00e4llchen 4,90 \u20ac<\/p>\n<p>\ud83c\udf81 Gesamt: 18,30 \u20ac<br \/>\n(zzgl. Verpackung)[\/vc_toggle][\/vc_column_inner][\/vc_row_inner][vc_empty_space][vc_separator][vc_column_text css=&#8220;&#8220;]<\/p>\n<h2><span style=\"color: #ff6600\">Kaffee<\/span><\/h2>\n<p>[\/vc_column_text][vc_row_inner][vc_column_inner width=&#8220;1\/3&#8243;][vc_single_image image=&#8220;1958&#8243; img_size=&#8220;medium&#8220; add_caption=&#8220;yes&#8220; style=&#8220;vc_box_rounded&#8220; onclick=&#8220;link_image&#8220; css=&#8220;&#8220;][vc_toggle title=&#8220;Kaffeepause, bio &amp; fair&#8220; style=&#8220;arrow&#8220; color=&#8220;orange&#8220; size=&#8220;sm&#8220; css=&#8220;&#8220;]<strong>Inhalt<br \/>\n<\/strong>Weihnachtskaffee, gem. 8,50 \u20ac<br \/>\nKaffeebecher 19,90 \u20ac<br \/>\nAmanos, festliche Pralinen 11,50 \u20ac<\/p>\n<p>\ud83c\udf81 Gesamt: 39,90 \u20ac<br \/>\n(zzgl. Verpackung)[\/vc_toggle][\/vc_column_inner][vc_column_inner width=&#8220;1\/3&#8243;][vc_single_image image=&#8220;1955&#8243; img_size=&#8220;medium&#8220; add_caption=&#8220;yes&#8220; style=&#8220;vc_box_rounded&#8220; onclick=&#8220;link_image&#8220; css=&#8220;&#8220;][vc_toggle title=&#8220;Kaffeegenu\u00df aus Afrika bio &amp; fair&#8220; style=&#8220;arrow&#8220; color=&#8220;orange&#8220; size=&#8220;sm&#8220; css=&#8220;&#8220;]<strong>Inhalt<br \/>\n<\/strong>Tasse 30,90 \u20ac<br \/>\nWildkaffee 9,50 \u20ac<br \/>\nSchokolade 3,90 \u20ac<\/p>\n<p>\ud83c\udf81 Gesamt: 44,30 \u20ac<br \/>\n(zzgl. Verpackung)[\/vc_toggle][\/vc_column_inner][\/vc_row_inner][vc_empty_space][vc_separator][vc_column_text css=&#8220;&#8220;]<\/p>\n<h2><span style=\"color: #ff6600\">Winterzauber<\/span><\/h2>\n<p>[\/vc_column_text][vc_row_inner][vc_column_inner width=&#8220;1\/3&#8243;][vc_single_image image=&#8220;1953&#8243; img_size=&#8220;medium&#8220; add_caption=&#8220;yes&#8220; style=&#8220;vc_box_rounded&#8220; onclick=&#8220;link_image&#8220; css=&#8220;&#8220;][vc_toggle title=&#8220;Schein und Segen, bio &amp; fair&#8220; style=&#8220;arrow&#8220; color=&#8220;orange&#8220; size=&#8220;sm&#8220; css=&#8220;&#8220;]<strong>Inhalt<br \/>\n<\/strong>Kerzenst\u00e4nder 7,90 \u20ac<br \/>\nTeelicht 0,90 \u20ac<br \/>\nWeihnachtsmandeln 5,50 \u20ac<br \/>\nJutebeutel 3,95 \u20ac<\/p>\n<p>\ud83c\udf81 Gesamt: 18,25 \u20ac[\/vc_toggle][\/vc_column_inner][vc_column_inner width=&#8220;1\/3&#8243;][vc_single_image image=&#8220;1952&#8243; img_size=&#8220;medium&#8220; add_caption=&#8220;yes&#8220; style=&#8220;vc_box_rounded&#8220; onclick=&#8220;link_image&#8220; css=&#8220;&#8220;][vc_toggle title=&#8220;Seifenzauber, bio &amp; fair&#8220; style=&#8220;arrow&#8220; color=&#8220;orange&#8220; size=&#8220;sm&#8220; css=&#8220;&#8220;]<strong>Inhalt<br \/>\n<\/strong>Granatapfelseife 6,50 \u20ac<br \/>\nSeifenschale 10,90 \u20ac<br \/>\nPeeling 6,90 \u20ac<\/p>\n<p>\ud83c\udf81 Gesamt: 24,30 \u20ac<br \/>\n(zzgl. Verpackung)<\/p>\n<p>[\/vc_toggle][\/vc_column_inner][vc_column_inner width=&#8220;1\/3&#8243;][vc_single_image image=&#8220;1950&#8243; img_size=&#8220;medium&#8220; add_caption=&#8220;yes&#8220; style=&#8220;vc_box_rounded&#8220; onclick=&#8220;link_image&#8220; css=&#8220;&#8220;][vc_toggle title=&#8220;Wunschzauber, bio &amp; fair&#8220; style=&#8220;arrow&#8220; color=&#8220;orange&#8220; size=&#8220;sm&#8220; css=&#8220;&#8220;]<strong>Inhalt<br \/>\n<\/strong>Filzsocke mit Motiv 4,50 \u20ac<br \/>\n(ohne Geldschein)<\/p>\n<p>\ud83c\udf81 Gesamt: 4,50 \u20ac<br \/>\n(zzgl. Verpackung)[\/vc_toggle][\/vc_column_inner][\/vc_row_inner][vc_empty_space][vc_separator][vc_column_text css=&#8220;&#8220;]<\/p>\n<h2><span style=\"color: #ff6600\">Nikolausstiefel, bio &amp; fair <\/span><\/h2>\n<p>[\/vc_column_text][vc_row_inner][vc_column_inner width=&#8220;1\/3&#8243;][vc_single_image image=&#8220;1945&#8243; img_size=&#8220;medium&#8220; add_caption=&#8220;yes&#8220; style=&#8220;vc_box_rounded&#8220; onclick=&#8220;link_image&#8220; css=&#8220;&#8220;][vc_toggle title=&#8220;Nikolausstiefel, bio &amp; fair&#8220; style=&#8220;arrow&#8220; color=&#8220;orange&#8220; size=&#8220;sm&#8220; css=&#8220;&#8220;]<strong>Inhalt<br \/>\n<\/strong>Bio-Schokonikolaus 3,90 \u20ac<br \/>\nNiklolausstiefel 10,90 \u20ac<br \/>\nBienenwachskerzen 14,90 \u20ac<\/p>\n<p>\ud83c\udf81 Gesamt: 29,70 \u20ac<br \/>\n(zzgl. Verpackung)[\/vc_toggle][\/vc_column_inner][vc_column_inner width=&#8220;1\/3&#8243;][vc_single_image image=&#8220;1948&#8243; img_size=&#8220;medium&#8220; add_caption=&#8220;yes&#8220; style=&#8220;vc_box_rounded&#8220; onclick=&#8220;link_image&#8220; css=&#8220;&#8220;][vc_toggle title=&#8220;Nikolausstiefel, bio &amp; fair&#8220; style=&#8220;arrow&#8220; color=&#8220;orange&#8220; size=&#8220;sm&#8220; css=&#8220;&#8220;]<strong>Inhalt<br \/>\n<\/strong>Bio-Schokonikolaus 3,90 \u20ac<br \/>\nNiklolausstiefel 10,90 \u20ac<br \/>\nSchokolade 40g 1,90 \u20ac<\/p>\n<p>\ud83c\udf81 Gesamt: 16,70 \u20ac<br \/>\n(zzgl. Verpackung)[\/vc_toggle][\/vc_column_inner][vc_column_inner width=&#8220;1\/3&#8243;][vc_single_image image=&#8220;1949&#8243; img_size=&#8220;medium&#8220; add_caption=&#8220;yes&#8220; style=&#8220;vc_box_rounded&#8220; onclick=&#8220;link_image&#8220; css=&#8220;&#8220;][vc_toggle title=&#8220;Nikolausstiefel, bio &amp; fair&#8220; style=&#8220;arrow&#8220; color=&#8220;orange&#8220; size=&#8220;sm&#8220; css=&#8220;&#8220;]<strong>Inhalt<br \/>\n<\/strong>Bio-Schokonikolaus 3,90 \u20ac<br \/>\nNiklolausstiefel 10,90 \u20ac<br \/>\nSchokolade 40g 1,90 \u20ac<\/p>\n<p>\ud83c\udf81 Gesamt: 16,70 \u20ac<br \/>\n(zzgl. Verpackung)[\/vc_toggle][\/vc_column_inner][\/vc_row_inner][vc_empty_space][vc_separator][vc_column_text css=&#8220;&#8220;]<\/p>\n<h2><span style=\"color: #ff6600\">Adventskalender, bio &amp; fair<\/span><\/h2>\n<p>[\/vc_column_text][vc_row_inner][vc_column_inner width=&#8220;1\/3&#8243;][vc_single_image image=&#8220;1944&#8243; img_size=&#8220;medium&#8220; add_caption=&#8220;yes&#8220; style=&#8220;vc_box_rounded&#8220; onclick=&#8220;link_image&#8220; css=&#8220;&#8220;][vc_toggle title=&#8220;Adventskalender &#8222;Tee&#8222;&#8220; style=&#8220;arrow&#8220; color=&#8220;orange&#8220; size=&#8220;sm&#8220; css=&#8220;&#8220;]<strong>Inhalt<br \/>\n<\/strong>Wandkalender mit 24 Teebeuteln 13,90 \u20ac<\/p>\n<p>\ud83c\udf81 Gesamt: 13,90 \u20ac<br \/>\n(zzgl. Verpackung)[\/vc_toggle][\/vc_column_inner][vc_column_inner width=&#8220;1\/3&#8243;][vc_single_image image=&#8220;1946&#8243; img_size=&#8220;medium&#8220; add_caption=&#8220;yes&#8220; style=&#8220;vc_box_rounded&#8220; onclick=&#8220;link_image&#8220; css=&#8220;&#8220;][vc_toggle title=&#8220;Adventskalender &#8222;Schoko&#8222;&#8220; style=&#8220;arrow&#8220; color=&#8220;orange&#8220; size=&#8220;sm&#8220; css=&#8220;&#8220;]<strong>Inhalt<br \/>\n<\/strong>Adventskalender Bio-Schokolade 5,50 \u20ac<\/p>\n<p>\ud83c\udf81 Gesamt: 5,50 \u20ac<br \/>\n(zzgl. Verpackung)<\/p>\n<p>&nbsp;<\/p>\n<p>&nbsp;<\/p>\n<p>[\/vc_toggle][\/vc_column_inner][vc_column_inner width=&#8220;1\/3&#8243;][vc_single_image image=&#8220;1947&#8243; img_size=&#8220;medium&#8220; add_caption=&#8220;yes&#8220; style=&#8220;vc_box_rounded&#8220; onclick=&#8220;link_image&#8220; css=&#8220;&#8220;][vc_toggle title=&#8220;Adventskalender &#8222;Dattel\/Tr\u00fcffel&#8222;&#8220; style=&#8220;arrow&#8220; color=&#8220;orange&#8220; size=&#8220;sm&#8220; css=&#8220;&#8220;]<strong>Inhalt<br \/>\n<\/strong>Adventskalender 26,90 \u20ac<\/p>\n<p>\ud83c\udf81 Gesamt: 26,90 \u20ac<br \/>\n(zzgl. Verpackung)<\/p>\n<p>&nbsp;<\/p>\n<p>[\/vc_toggle][\/vc_column_inner][\/vc_row_inner][vc_row_inner][vc_column_inner width=&#8220;1\/3&#8243;][vc_single_image image=&#8220;1951&#8243; img_size=&#8220;medium&#8220; add_caption=&#8220;yes&#8220; style=&#8220;vc_box_rounded&#8220; onclick=&#8220;link_image&#8220; css=&#8220;&#8220;][vc_single_image image=&#8220;1943&#8243; img_size=&#8220;medium&#8220; add_caption=&#8220;yes&#8220; style=&#8220;vc_box_rounded&#8220; onclick=&#8220;link_image&#8220; css=&#8220;&#8220;][vc_toggle title=&#8220;Teelichtadventskalender, bio &amp; fair&#8220; style=&#8220;arrow&#8220; color=&#8220;orange&#8220; size=&#8220;sm&#8220; css=&#8220;&#8220;]<strong>Inhalt<br \/>\n<\/strong>Adventskalender mit 24 Kerzen und Teelichthalter 19,90 \u20ac<\/p>\n<p>\ud83c\udf81 Gesamt: 19,90 \u20ac<br \/>\n(zzgl. Verpackung)<\/p>\n<p>&nbsp;<\/p>\n<p>[\/vc_toggle][\/vc_column_inner][vc_column_inner width=&#8220;1\/3&#8243;][\/vc_column_inner][vc_column_inner width=&#8220;1\/3&#8243;][\/vc_column_inner][\/vc_row_inner][vc_empty_space][\/vc_column][\/vc_row]<\/p>\n<\/div>","protected":false},"excerpt":{"rendered":"<p>[vc_row][vc_column][vc_empty_space][vc_column_text css=&#8220;&#8220;] Weltladen-Geschenkk\u00f6rbe [\/vc_column_text][vc_empty_space height=&#8220;12px&#8220;][vc_row_inner][vc_column_inner width=&#8220;2\/3&#8243;][vc_column_text css=&#8220;&#8220;] Nachhaltig Freude schenken \u2013 f\u00fcr Familien, Freunde, Mitarbeitende und Interessierte Weihnachten steht vor der T\u00fcr \u2013 und damit die perfekte Gelegenheit, anderen eine besondere Freude zu machen. Ob privat oder beruflich: ein liebevoll ausgew\u00e4hltes Geschenk zeigt Wertsch\u00e4tzung und bleibt in Erinnerung. Sinnvoll schenken mit dem Weltladen Sie m\u00f6chten&hellip;<\/p>\n","protected":false},"author":293,"featured_media":0,"parent":0,"menu_order":14,"comment_status":"closed","ping_status":"closed","template":"","meta":{"footnotes":""},"class_list":["post-1939","page","type-page","status-publish","hentry","description-off"],"yoast_head":"<!-- This site is optimized with the Yoast SEO plugin v26.8 - https:\/\/yoast.com\/product\/yoast-seo-wordpress\/ -->\n<title>Faire Geschenkk\u00f6rbe - N\u00fcrtinger Weltladen<\/title>\n<meta name=\"description\" content=\"Faire Lebensmittel \u00fcberwiegend aus kleinb\u00e4uerlicher und \u00f6kologischer Produktion. Unser Faires Angebot reicht von Kaffee \u00fcber S\u00fcsswaren bis hin zu Feinkost.\" \/>\n<meta name=\"robots\" content=\"index, follow, max-snippet:-1, max-image-preview:large, max-video-preview:-1\" \/>\n<link rel=\"canonical\" href=\"https:\/\/weltlaeden.de\/nuertingen\/geschenkkoerbe\/\" \/>\n<meta property=\"og:locale\" content=\"de_DE\" \/>\n<meta property=\"og:type\" content=\"article\" \/>\n<meta property=\"og:title\" content=\"Faire Geschenkk\u00f6rbe - N\u00fcrtinger Weltladen\" \/>\n<meta property=\"og:description\" content=\"Faire Lebensmittel \u00fcberwiegend aus kleinb\u00e4uerlicher und \u00f6kologischer Produktion. Unser Faires Angebot reicht von Kaffee \u00fcber S\u00fcsswaren bis hin zu Feinkost.\" \/>\n<meta property=\"og:url\" content=\"https:\/\/weltlaeden.de\/nuertingen\/geschenkkoerbe\/\" \/>\n<meta property=\"og:site_name\" content=\"N\u00fcrtinger Weltladen\" \/>\n<meta property=\"article:modified_time\" content=\"2025-11-27T23:31:19+00:00\" \/>\n<meta name=\"twitter:card\" content=\"summary_large_image\" \/>\n<meta name=\"twitter:label1\" content=\"Gesch\u00e4tzte Lesezeit\" \/>\n\t<meta name=\"twitter:data1\" content=\"8\u00a0Minuten\" \/>\n<script type=\"application\/ld+json\" class=\"yoast-schema-graph\">{\"@context\":\"https:\/\/schema.org\",\"@graph\":[{\"@type\":\"WebPage\",\"@id\":\"https:\/\/weltlaeden.de\/nuertingen\/geschenkkoerbe\/\",\"url\":\"https:\/\/weltlaeden.de\/nuertingen\/geschenkkoerbe\/\",\"name\":\"Faire Geschenkk\u00f6rbe - N\u00fcrtinger Weltladen\",\"isPartOf\":{\"@id\":\"https:\/\/weltlaeden.de\/nuertingen\/#website\"},\"datePublished\":\"2025-11-07T20:30:47+00:00\",\"dateModified\":\"2025-11-27T23:31:19+00:00\",\"description\":\"Faire Lebensmittel \u00fcberwiegend aus kleinb\u00e4uerlicher und \u00f6kologischer Produktion. Unser Faires Angebot reicht von Kaffee \u00fcber S\u00fcsswaren bis hin zu Feinkost.\",\"breadcrumb\":{\"@id\":\"https:\/\/weltlaeden.de\/nuertingen\/geschenkkoerbe\/#breadcrumb\"},\"inLanguage\":\"de\",\"potentialAction\":[{\"@type\":\"ReadAction\",\"target\":[\"https:\/\/weltlaeden.de\/nuertingen\/geschenkkoerbe\/\"]}]},{\"@type\":\"BreadcrumbList\",\"@id\":\"https:\/\/weltlaeden.de\/nuertingen\/geschenkkoerbe\/#breadcrumb\",\"itemListElement\":[{\"@type\":\"ListItem\",\"position\":1,\"name\":\"Startseite\",\"item\":\"https:\/\/weltlaeden.de\/nuertingen\/\"},{\"@type\":\"ListItem\",\"position\":2,\"name\":\"Geschenkk\u00f6rbe\"}]},{\"@type\":\"WebSite\",\"@id\":\"https:\/\/weltlaeden.de\/nuertingen\/#website\",\"url\":\"https:\/\/weltlaeden.de\/nuertingen\/\",\"name\":\"N\u00fcrtinger Weltladen\",\"description\":\"Unser Weltladen wurde 1998 er\u00f6ffnet. Engagierte Menschen hatten die Eine-Welt-Gruppe N\u00fcrtingen e.V. gegr\u00fcndet mit dem Ziel den fairen Handel in N\u00fcrtingen bekannt zu machen und einen Laden zu er\u00f6ffnen.\",\"potentialAction\":[{\"@type\":\"SearchAction\",\"target\":{\"@type\":\"EntryPoint\",\"urlTemplate\":\"https:\/\/weltlaeden.de\/nuertingen\/?s={search_term_string}\"},\"query-input\":{\"@type\":\"PropertyValueSpecification\",\"valueRequired\":true,\"valueName\":\"search_term_string\"}}],\"inLanguage\":\"de\"}]}<\/script>\n<!-- \/ Yoast SEO plugin. -->","yoast_head_json":{"title":"Faire Geschenkk\u00f6rbe - N\u00fcrtinger Weltladen","description":"Faire Lebensmittel \u00fcberwiegend aus kleinb\u00e4uerlicher und \u00f6kologischer Produktion. Unser Faires Angebot reicht von Kaffee \u00fcber S\u00fcsswaren bis hin zu Feinkost.","robots":{"index":"index","follow":"follow","max-snippet":"max-snippet:-1","max-image-preview":"max-image-preview:large","max-video-preview":"max-video-preview:-1"},"canonical":"https:\/\/weltlaeden.de\/nuertingen\/geschenkkoerbe\/","og_locale":"de_DE","og_type":"article","og_title":"Faire Geschenkk\u00f6rbe - N\u00fcrtinger Weltladen","og_description":"Faire Lebensmittel \u00fcberwiegend aus kleinb\u00e4uerlicher und \u00f6kologischer Produktion. Unser Faires Angebot reicht von Kaffee \u00fcber S\u00fcsswaren bis hin zu Feinkost.","og_url":"https:\/\/weltlaeden.de\/nuertingen\/geschenkkoerbe\/","og_site_name":"N\u00fcrtinger Weltladen","article_modified_time":"2025-11-27T23:31:19+00:00","twitter_card":"summary_large_image","twitter_misc":{"Gesch\u00e4tzte Lesezeit":"8\u00a0Minuten"},"schema":{"@context":"https:\/\/schema.org","@graph":[{"@type":"WebPage","@id":"https:\/\/weltlaeden.de\/nuertingen\/geschenkkoerbe\/","url":"https:\/\/weltlaeden.de\/nuertingen\/geschenkkoerbe\/","name":"Faire Geschenkk\u00f6rbe - N\u00fcrtinger Weltladen","isPartOf":{"@id":"https:\/\/weltlaeden.de\/nuertingen\/#website"},"datePublished":"2025-11-07T20:30:47+00:00","dateModified":"2025-11-27T23:31:19+00:00","description":"Faire Lebensmittel \u00fcberwiegend aus kleinb\u00e4uerlicher und \u00f6kologischer Produktion. Unser Faires Angebot reicht von Kaffee \u00fcber S\u00fcsswaren bis hin zu Feinkost.","breadcrumb":{"@id":"https:\/\/weltlaeden.de\/nuertingen\/geschenkkoerbe\/#breadcrumb"},"inLanguage":"de","potentialAction":[{"@type":"ReadAction","target":["https:\/\/weltlaeden.de\/nuertingen\/geschenkkoerbe\/"]}]},{"@type":"BreadcrumbList","@id":"https:\/\/weltlaeden.de\/nuertingen\/geschenkkoerbe\/#breadcrumb","itemListElement":[{"@type":"ListItem","position":1,"name":"Startseite","item":"https:\/\/weltlaeden.de\/nuertingen\/"},{"@type":"ListItem","position":2,"name":"Geschenkk\u00f6rbe"}]},{"@type":"WebSite","@id":"https:\/\/weltlaeden.de\/nuertingen\/#website","url":"https:\/\/weltlaeden.de\/nuertingen\/","name":"N\u00fcrtinger Weltladen","description":"Unser Weltladen wurde 1998 er\u00f6ffnet. Engagierte Menschen hatten die Eine-Welt-Gruppe N\u00fcrtingen e.V. gegr\u00fcndet mit dem Ziel den fairen Handel in N\u00fcrtingen bekannt zu machen und einen Laden zu er\u00f6ffnen.","potentialAction":[{"@type":"SearchAction","target":{"@type":"EntryPoint","urlTemplate":"https:\/\/weltlaeden.de\/nuertingen\/?s={search_term_string}"},"query-input":{"@type":"PropertyValueSpecification","valueRequired":true,"valueName":"search_term_string"}}],"inLanguage":"de"}]}},"_links":{"self":[{"href":"https:\/\/weltlaeden.de\/nuertingen\/wp-json\/wp\/v2\/pages\/1939","targetHints":{"allow":["GET"]}}],"collection":[{"href":"https:\/\/weltlaeden.de\/nuertingen\/wp-json\/wp\/v2\/pages"}],"about":[{"href":"https:\/\/weltlaeden.de\/nuertingen\/wp-json\/wp\/v2\/types\/page"}],"author":[{"embeddable":true,"href":"https:\/\/weltlaeden.de\/nuertingen\/wp-json\/wp\/v2\/users\/293"}],"replies":[{"embeddable":true,"href":"https:\/\/weltlaeden.de\/nuertingen\/wp-json\/wp\/v2\/comments?post=1939"}],"version-history":[{"count":50,"href":"https:\/\/weltlaeden.de\/nuertingen\/wp-json\/wp\/v2\/pages\/1939\/revisions"}],"predecessor-version":[{"id":2008,"href":"https:\/\/weltlaeden.de\/nuertingen\/wp-json\/wp\/v2\/pages\/1939\/revisions\/2008"}],"wp:attachment":[{"href":"https:\/\/weltlaeden.de\/nuertingen\/wp-json\/wp\/v2\/media?parent=1939"}],"curies":[{"name":"wp","href":"https:\/\/api.w.org\/{rel}","templated":true}]}}