{"id":23,"date":"2016-10-14T09:05:21","date_gmt":"2016-10-14T07:05:21","guid":{"rendered":"https:\/\/wl.heimpixel.de\/vorlage\/termine\/"},"modified":"2026-05-01T13:18:05","modified_gmt":"2026-05-01T11:18:05","slug":"termine","status":"publish","type":"page","link":"https:\/\/weltlaeden.de\/nordhorn\/termine\/","title":{"rendered":"Termine"},"content":{"rendered":"<p>&nbsp;<\/p>\n<p><img loading=\"lazy\" decoding=\"async\" class=\"responsiveImg-czQTaZ aligncenter\" src=\"https:\/\/images.unsplash.com\/photo-1550534791-2677533605ab?fm=jpg&amp;q=60&amp;w=3000&amp;auto=format&amp;fit=crop&amp;ixlib=rb-4.1.0&amp;ixid=M3wxMjA3fDB8MHxwaG90by1wYWdlfHx8fGVufDB8fHx8fA%3D%3D\" alt=\"Person mit rotem und beigefarbenem analogem Doppelglockenwecker\" width=\"689\" height=\"459\" \/><\/p>\n<p>Foto: <span class=\"text-Kvkr6N truncate-Pc_c1s textS-BC51wP\"> <a href=\"https:\/\/unsplash.com\/de\/@malvestida?utm_source=unsplash&amp;utm_medium=referral&amp;utm_content=creditCopyText\">Malvestida<\/a> auf <a href=\"https:\/\/unsplash.com\/de\/fotos\/person-mit-rotem-und-beigefarbenem-analogem-doppelglockenwecker-FfbVFLAVscw?utm_source=unsplash&amp;utm_medium=referral&amp;utm_content=creditCopyText\">Unsplash<\/a><\/span><\/p>\n<p>&nbsp;<\/p>\n<h2><strong>Weltladentag am Samstag, 9. Mai 2026<\/strong><\/h2>\n<p><a class=\"dt-pswp-item\" href=\"https:\/\/weltlaeden.de\/nordhorn\/wp-content\/uploads\/sites\/213\/2026\/04\/sharepic_fruchtdemo_mit_logo.png\" data-dt-img-description=\"\" data-large_image_width=\"2160\" data-large_image_height=\"2700\"><img loading=\"lazy\" decoding=\"async\" class=\"size-medium wp-image-1058 alignleft\" src=\"https:\/\/weltlaeden.de\/nordhorn\/wp-content\/uploads\/sites\/213\/2026\/04\/sharepic_fruchtdemo_mit_logo-240x300.png\" alt=\"\" width=\"240\" height=\"300\" srcset=\"https:\/\/weltlaeden.de\/nordhorn\/wp-content\/uploads\/sites\/213\/2026\/04\/sharepic_fruchtdemo_mit_logo-240x300.png 240w, https:\/\/weltlaeden.de\/nordhorn\/wp-content\/uploads\/sites\/213\/2026\/04\/sharepic_fruchtdemo_mit_logo-819x1024.png 819w, https:\/\/weltlaeden.de\/nordhorn\/wp-content\/uploads\/sites\/213\/2026\/04\/sharepic_fruchtdemo_mit_logo-768x960.png 768w, https:\/\/weltlaeden.de\/nordhorn\/wp-content\/uploads\/sites\/213\/2026\/04\/sharepic_fruchtdemo_mit_logo-1229x1536.png 1229w, https:\/\/weltlaeden.de\/nordhorn\/wp-content\/uploads\/sites\/213\/2026\/04\/sharepic_fruchtdemo_mit_logo-1638x2048.png 1638w\" sizes=\"auto, (max-width: 240px) 100vw, 240px\" \/><\/a>Der Weltladentag steht in diesem Jahr unter dem Motto <strong>&#8222;Fair fruchtet!&#8220;<\/strong><\/p>\n<p>Fr\u00fcchte stehen f\u00fcr Vielfalt, Genuss und Lebensfreude. Doch hinter dem, was bei uns selbstverst\u00e4ndlich im Einkaufskorb landet, steckt viel Arbeit unter schwierigen Bedingungen.<\/p>\n<p>Am Weltladentag am 9.Mai 2026 nehmen wir diese Themen in den Blick.<\/p>\n<p>Bananen, Orangen, Ananas und Mangos geh\u00f6ren weltweit zu den beliebtesten Fr\u00fcchten. Doch ihre Produktion ist oft mit schwierigen Arbeitsbedingungen verbunden. Viele Menschen, die sie anbauen und ernten, erhalten niedrige L\u00f6hne, arbeiten befristet oder ohne Vertrag und haben kaum Mitspracherechte. Gro\u00dfe Plantagen internationaler Konzerne bestimmen den Markt, w\u00e4hrend Kleinb\u00e4uerinnen und Kleinbauern mit begrenzten Ressourcen kaum konkurrenzf\u00e4hig sind. Obwohl die Obst- und Fruchtsaftproduktion enorme Gewinne erzielt und j\u00e4hrlich rund 110 Millionen Tonnen Bananen geerntet werden, bleibt am Anfang der Lieferkette nur ein kleiner Teil des Erl\u00f6ses bei den Produzentinnen und Produzenten.<\/p>\n<p>Neben den sozialen Aspekten stellt auch der Markt eine Herausforderung dar: In vielen L\u00e4ndern kontrollieren wenige Gro\u00dfunternehmen und Supermarktketten die Preise f\u00fcr Obst und Gem\u00fcse. In Deutschland beispielsweise haben vier Konzerne \u2013 Aldi, Lidl\/Kaufland, Edeka und Rewe \u2013 einen Marktanteil von 85 Prozent. Diese Marktmacht \u00fcbt Druck auf Lieferanten aus, die gezwungen sind, ihre Preise zu senken, h\u00e4ufig ohne dass die Produktionskosten gedeckt sind.<\/p>\n<p>Am Samstag, 9. Mai 2026, k\u00f6nnt ihr euch (zwischen 10 und 13 Uhr) n\u00e4her mit dieser Thematik befassen. Wir haben uns dazu einige Aktionen einfallen lassen und nat\u00fcrlich gibt es auch ein paar faire Snacks.<\/p>\n<p>&nbsp;<\/p>\n<p>&nbsp;<\/p>\n<h2><strong>Neue Filmreihe<\/strong><\/h2>\n<p>Erinnert ihr euch noch an die Filmreihe, die der Weltladen anl\u00e4sslich seines 50j\u00e4hrigen Bestehens im vergangenen Jahr gemeinsam mit dem UCI-Kino angeboten hatte? Sie war so erfolgreich, dass sie auch in diesem Jahr fortgesetzt wird. (Dem UCI sei gedankt)<\/p>\n<p>Die ausgew\u00e4hlten Filme, die sich allesamt mit den Themen Nachhaltigkeit und fairem Handel auseinandersetzen, werden jeweils am letzten Mittwoch des Monats um 19.30 Uhr\u00a0 gezeigt (mit einer kleinen Pause zur Sommerzeit). Der Ticketpreis liegt bei unschlagbar g\u00fcnstigen 7 Euro.<\/p>\n<p>&nbsp;<\/p>\n<p style=\"text-align: left\"><strong>27. Mai 2026: &#8222;Die Stimme von Hind Rajab&#8220;<\/strong><\/p>\n<p><a class=\"dt-pswp-item\" href=\"https:\/\/weltlaeden.de\/nordhorn\/wp-content\/uploads\/sites\/213\/2026\/04\/StimmeHind.jpg\" data-dt-img-description=\"\" data-large_image_width=\"800\" data-large_image_height=\"1190\"><img loading=\"lazy\" decoding=\"async\" class=\"alignleft size-thumbnail wp-image-1064\" src=\"https:\/\/weltlaeden.de\/nordhorn\/wp-content\/uploads\/sites\/213\/2026\/04\/StimmeHind-150x150.jpg\" alt=\"\" width=\"150\" height=\"150\" \/><\/a>29. Januar 2024, Einsatzzentrale des Roten Halbmonds im Westjordanland.<\/p>\n<p>Omar, einer der Mitarbeiter, der die Anrufe entgegennimmt, versucht am Telefon den Namen eines f\u00fcnfj\u00e4hrigen Kindes herauszufinden, das in einem vom israelischen Milit\u00e4r zerschossenen Auto eingeschlossen um Hilfe fleht.<\/p>\n<p>&nbsp;<\/p>\n<p>&nbsp;<\/p>\n<p>&nbsp;<\/p>\n<p><strong>25. Juni 2026: &#8222;Die M\u00f6llner Briefe&#8220;<\/strong><\/p>\n<p><strong><a class=\"dt-pswp-item\" href=\"https:\/\/weltlaeden.de\/nordhorn\/wp-content\/uploads\/sites\/213\/2026\/04\/MoellnerBriefe.jpg\" data-dt-img-description=\"\" data-large_image_width=\"800\" data-large_image_height=\"1190\"><img loading=\"lazy\" decoding=\"async\" class=\"alignleft wp-image-1065\" src=\"https:\/\/weltlaeden.de\/nordhorn\/wp-content\/uploads\/sites\/213\/2026\/04\/MoellnerBriefe-150x150.jpg\" alt=\"\" width=\"162\" height=\"162\" \/><\/a><\/strong>M\u00f6lln hat knapp 20.000 Einwohner. Drei verloren am 23. November 1992 ihr Leben, bei zwei Brandanschl\u00e4gen von Neonazis, die nachts zwei H\u00e4user mit Molotovcocktails bewarfen. In einer Wohnung schliefen Bahide Arslan und drei Enkel. Den achtj\u00e4hrigen Ibrahim brachte die Oma in die nichtbrennende K\u00fcche, gesch\u00fctzt unterm K\u00fcchentisch. Auf dem R\u00fcckweg ins Kinderzimmer wurde sie von einem herunterfallenden Balken getroffen und verbrannte. Ibrahims Schwester Yeliz und die Cousine Ay\u015fe erstickten im Kinderzimmer, versteckt unter den Bettdecken.<\/p>\n<div class=\"kritik\">\n<div class=\"field field--name-body field--type-text-with-summary field--label-hidden field--item\">\n<p>&#8222;Die M\u00f6llner Briefe&#8220; folgt Ibrahim, der heute Aktivist in eigener Sache ist: Er k\u00e4mpft um die Perspektive der Opfer, die lange untergegangen ist.<\/p>\n<\/div>\n<\/div>\n<p>&nbsp;<\/p>\n<p>&nbsp;<\/p>\n<p><strong>30. September 2026: &#8222;Souleymans Geschichte&#8220; (OmU)<\/strong><\/p>\n<p><strong><a class=\"dt-pswp-item\" href=\"https:\/\/weltlaeden.de\/nordhorn\/wp-content\/uploads\/sites\/213\/2026\/04\/Souleymans.jpg\" data-dt-img-description=\"\" data-large_image_width=\"800\" data-large_image_height=\"1190\"><img loading=\"lazy\" decoding=\"async\" class=\"alignleft size-thumbnail wp-image-1066\" src=\"https:\/\/weltlaeden.de\/nordhorn\/wp-content\/uploads\/sites\/213\/2026\/04\/Souleymans-150x150.jpg\" alt=\"\" width=\"150\" height=\"150\" \/><\/a><\/strong>F\u00fcr das Publikum beginnt die Geschichte von Souleyman in Paris. Urspr\u00fcnglich aber begann sie in Guinea, wo er aufwuchs, bevor er beschloss, nach Europa zu kommen.<\/p>\n<p>Dort angekommen verdingt er sich als Essenlieferant. Weil sein Asylverfahren noch l\u00e4uft und er deshalb nicht arbeiten darf, muss er das App-Arbeitskonto eines Bekannten nutzen, der daf\u00fcr einen erheblichen Teil des Lohns einbeh\u00e4lt. Von dem, was \u00fcbrig bleibt, will sich Souleyman eine neue Geschichte erkaufen: gef\u00e4lschte Dokumente, die ihn als Mitglied der verfolgten Opposition in Guinea ausweisen w\u00fcrden. Womit Souleyman einen, so wird ihm vom zwielichtigen Barry erz\u00e4hlt, legitimen Grund h\u00e4tte, Asyl zu erhalten.<\/p>\n<p>&nbsp;<\/p>\n<p><strong>28. Oktober 2026: &#8222;Im Schatten des Orangenbaums&#8220;<\/strong><\/p>\n<p><strong><a class=\"dt-pswp-item\" href=\"https:\/\/weltlaeden.de\/nordhorn\/wp-content\/uploads\/sites\/213\/2026\/04\/Schatten.jpg\" data-dt-img-description=\"\" data-large_image_width=\"212\" data-large_image_height=\"300\"><img loading=\"lazy\" decoding=\"async\" class=\"alignleft size-thumbnail wp-image-1067\" src=\"https:\/\/weltlaeden.de\/nordhorn\/wp-content\/uploads\/sites\/213\/2026\/04\/Schatten-150x150.jpg\" alt=\"\" width=\"150\" height=\"150\" \/><\/a><\/strong>Westjordanland, 1988: Als der junge Noor bei einem Protest schwer verletzt wird, beginnt seine Mutter Hanan die bewegende Geschichte ihrer Familie zu erz\u00e4hlen. Die Erz\u00e4hlung f\u00fchrt zur\u00fcck ins Jahr 1948, als Noors Gro\u00dfvater Sharif sich weigert, Jaffa zu verlassen, um Haus und Orangenhain zu sch\u00fctzen. Doch Krieg, Vertreibung und Gefangenschaft rei\u00dfen die Familie auseinander.<\/p>\n<p>Sharifs Sohn Salim w\u00e4chst im Schatten seines Heimatlandes auf, das er nie wirklich kannte. Als Noor Jahrzehnte sp\u00e4ter gegen israelische Soldaten protestiert, scheint sich das Schicksal zu wiederholen. Doch inmitten der Krise treffen Hanan und Salim eine mutige Entscheidung, die der Familie neue Hoffnung gibt \u2013 und einen Weg zur Vers\u00f6hnung verspricht. (Quelle: X Verleih)<\/p>\n<p>&nbsp;<\/p>\n<p><strong>25. November 2026: &#8222;DJ Ahmet&#8220;<\/strong><\/p>\n<p><a class=\"dt-pswp-item\" href=\"https:\/\/weltlaeden.de\/nordhorn\/wp-content\/uploads\/sites\/213\/2026\/04\/DJ-Ahmet.jpg\" data-dt-img-description=\"\" data-large_image_width=\"800\" data-large_image_height=\"1190\"><img loading=\"lazy\" decoding=\"async\" class=\"alignleft size-thumbnail wp-image-1068\" src=\"https:\/\/weltlaeden.de\/nordhorn\/wp-content\/uploads\/sites\/213\/2026\/04\/DJ-Ahmet-150x150.jpg\" alt=\"\" width=\"150\" height=\"150\" \/><\/a>Im Mittelpunkt des Films steht das Leben des 15-j\u00e4hrigen Ahmet, der DJ werden m\u00f6chte und mit der konservativen Dorfgemeinschaft in Nordmazedonien zu k\u00e4mpfen hat.<\/p>\n<p>Er verliebt sich zum ersten Mal in die gleichaltrige Aya, die bereits einem anderen versprochen ist. Als Sohn eines Schafhirten muss er seinem Vater zur Hand gehen und k\u00fcmmert sich um seinen kleinen Bruder, der seit dem Tod der Mutter verstummt ist<\/p>\n<p>&nbsp;<\/p>\n<p>&nbsp;<\/p>\n<p>Wir laden euch herzlich zu diesen besonderen Filmen ein!<\/p>\n<p>&nbsp;<\/p>\n<p>&nbsp;<\/p>\n<p>&nbsp;<\/p>\n","protected":false},"excerpt":{"rendered":"<p>&nbsp; Foto: Malvestida auf Unsplash &nbsp; Weltladentag am Samstag, 9. Mai 2026 Der Weltladentag steht in diesem Jahr unter dem Motto &#8222;Fair fruchtet!&#8220; Fr\u00fcchte stehen f\u00fcr Vielfalt, Genuss und Lebensfreude. Doch hinter dem, was bei uns selbstverst\u00e4ndlich im Einkaufskorb landet, steckt viel Arbeit unter schwierigen Bedingungen. Am Weltladentag am 9.Mai 2026 nehmen wir diese Themen&hellip;<\/p>\n","protected":false},"author":1,"featured_media":1074,"parent":0,"menu_order":5,"comment_status":"closed","ping_status":"closed","template":"","meta":{"footnotes":""},"class_list":["post-23","page","type-page","status-publish","has-post-thumbnail","hentry","description-off"],"yoast_head":"<!-- This site is optimized with the Yoast SEO plugin v26.8 - https:\/\/yoast.com\/product\/yoast-seo-wordpress\/ -->\n<title>Termine - Weltladen Nordhorn<\/title>\n<meta name=\"robots\" content=\"index, follow, max-snippet:-1, max-image-preview:large, max-video-preview:-1\" \/>\n<link rel=\"canonical\" href=\"https:\/\/weltlaeden.de\/nordhorn\/termine\/\" \/>\n<meta property=\"og:locale\" content=\"de_DE\" \/>\n<meta property=\"og:type\" content=\"article\" \/>\n<meta property=\"og:title\" content=\"Termine - Weltladen Nordhorn\" \/>\n<meta property=\"og:description\" content=\"&nbsp; Foto: Malvestida auf Unsplash &nbsp; Weltladentag am Samstag, 9. Mai 2026 Der Weltladentag steht in diesem Jahr unter dem Motto &#8222;Fair fruchtet!&#8220; Fr\u00fcchte stehen f\u00fcr Vielfalt, Genuss und Lebensfreude. Doch hinter dem, was bei uns selbstverst\u00e4ndlich im Einkaufskorb landet, steckt viel Arbeit unter schwierigen Bedingungen. Am Weltladentag am 9.Mai 2026 nehmen wir diese Themen&hellip;\" \/>\n<meta property=\"og:url\" content=\"https:\/\/weltlaeden.de\/nordhorn\/termine\/\" \/>\n<meta property=\"og:site_name\" content=\"Weltladen Nordhorn\" \/>\n<meta property=\"article:modified_time\" content=\"2026-05-01T11:18:05+00:00\" \/>\n<meta property=\"og:image\" content=\"https:\/\/weltlaeden.de\/nordhorn\/wp-content\/uploads\/sites\/213\/2026\/05\/Uhr-1-scaled.jpg\" \/>\n\t<meta property=\"og:image:width\" content=\"2560\" \/>\n\t<meta property=\"og:image:height\" content=\"1707\" \/>\n\t<meta property=\"og:image:type\" content=\"image\/jpeg\" \/>\n<meta name=\"twitter:card\" content=\"summary_large_image\" \/>\n<meta name=\"twitter:label1\" content=\"Gesch\u00e4tzte Lesezeit\" \/>\n\t<meta name=\"twitter:data1\" content=\"6\u00a0Minuten\" \/>\n<script type=\"application\/ld+json\" class=\"yoast-schema-graph\">{\"@context\":\"https:\/\/schema.org\",\"@graph\":[{\"@type\":\"WebPage\",\"@id\":\"https:\/\/weltlaeden.de\/nordhorn\/termine\/\",\"url\":\"https:\/\/weltlaeden.de\/nordhorn\/termine\/\",\"name\":\"Termine - Weltladen Nordhorn\",\"isPartOf\":{\"@id\":\"https:\/\/weltlaeden.de\/nordhorn\/#website\"},\"primaryImageOfPage\":{\"@id\":\"https:\/\/weltlaeden.de\/nordhorn\/termine\/#primaryimage\"},\"image\":{\"@id\":\"https:\/\/weltlaeden.de\/nordhorn\/termine\/#primaryimage\"},\"thumbnailUrl\":\"https:\/\/weltlaeden.de\/nordhorn\/wp-content\/uploads\/sites\/213\/2026\/05\/Uhr-1-scaled.jpg\",\"datePublished\":\"2016-10-14T07:05:21+00:00\",\"dateModified\":\"2026-05-01T11:18:05+00:00\",\"breadcrumb\":{\"@id\":\"https:\/\/weltlaeden.de\/nordhorn\/termine\/#breadcrumb\"},\"inLanguage\":\"de\",\"potentialAction\":[{\"@type\":\"ReadAction\",\"target\":[\"https:\/\/weltlaeden.de\/nordhorn\/termine\/\"]}]},{\"@type\":\"ImageObject\",\"inLanguage\":\"de\",\"@id\":\"https:\/\/weltlaeden.de\/nordhorn\/termine\/#primaryimage\",\"url\":\"https:\/\/weltlaeden.de\/nordhorn\/wp-content\/uploads\/sites\/213\/2026\/05\/Uhr-1-scaled.jpg\",\"contentUrl\":\"https:\/\/weltlaeden.de\/nordhorn\/wp-content\/uploads\/sites\/213\/2026\/05\/Uhr-1-scaled.jpg\",\"width\":2560,\"height\":1707},{\"@type\":\"BreadcrumbList\",\"@id\":\"https:\/\/weltlaeden.de\/nordhorn\/termine\/#breadcrumb\",\"itemListElement\":[{\"@type\":\"ListItem\",\"position\":1,\"name\":\"Startseite\",\"item\":\"https:\/\/weltlaeden.de\/nordhorn\/\"},{\"@type\":\"ListItem\",\"position\":2,\"name\":\"Termine\"}]},{\"@type\":\"WebSite\",\"@id\":\"https:\/\/weltlaeden.de\/nordhorn\/#website\",\"url\":\"https:\/\/weltlaeden.de\/nordhorn\/\",\"name\":\"Weltladen Nordhorn\",\"description\":\"Faire Produkte seit 1990\",\"potentialAction\":[{\"@type\":\"SearchAction\",\"target\":{\"@type\":\"EntryPoint\",\"urlTemplate\":\"https:\/\/weltlaeden.de\/nordhorn\/?s={search_term_string}\"},\"query-input\":{\"@type\":\"PropertyValueSpecification\",\"valueRequired\":true,\"valueName\":\"search_term_string\"}}],\"inLanguage\":\"de\"}]}<\/script>\n<!-- \/ Yoast SEO plugin. -->","yoast_head_json":{"title":"Termine - Weltladen Nordhorn","robots":{"index":"index","follow":"follow","max-snippet":"max-snippet:-1","max-image-preview":"max-image-preview:large","max-video-preview":"max-video-preview:-1"},"canonical":"https:\/\/weltlaeden.de\/nordhorn\/termine\/","og_locale":"de_DE","og_type":"article","og_title":"Termine - Weltladen Nordhorn","og_description":"&nbsp; Foto: Malvestida auf Unsplash &nbsp; Weltladentag am Samstag, 9. Mai 2026 Der Weltladentag steht in diesem Jahr unter dem Motto &#8222;Fair fruchtet!&#8220; Fr\u00fcchte stehen f\u00fcr Vielfalt, Genuss und Lebensfreude. Doch hinter dem, was bei uns selbstverst\u00e4ndlich im Einkaufskorb landet, steckt viel Arbeit unter schwierigen Bedingungen. Am Weltladentag am 9.Mai 2026 nehmen wir diese Themen&hellip;","og_url":"https:\/\/weltlaeden.de\/nordhorn\/termine\/","og_site_name":"Weltladen Nordhorn","article_modified_time":"2026-05-01T11:18:05+00:00","og_image":[{"width":2560,"height":1707,"url":"https:\/\/weltlaeden.de\/nordhorn\/wp-content\/uploads\/sites\/213\/2026\/05\/Uhr-1-scaled.jpg","type":"image\/jpeg"}],"twitter_card":"summary_large_image","twitter_misc":{"Gesch\u00e4tzte Lesezeit":"6\u00a0Minuten"},"schema":{"@context":"https:\/\/schema.org","@graph":[{"@type":"WebPage","@id":"https:\/\/weltlaeden.de\/nordhorn\/termine\/","url":"https:\/\/weltlaeden.de\/nordhorn\/termine\/","name":"Termine - Weltladen Nordhorn","isPartOf":{"@id":"https:\/\/weltlaeden.de\/nordhorn\/#website"},"primaryImageOfPage":{"@id":"https:\/\/weltlaeden.de\/nordhorn\/termine\/#primaryimage"},"image":{"@id":"https:\/\/weltlaeden.de\/nordhorn\/termine\/#primaryimage"},"thumbnailUrl":"https:\/\/weltlaeden.de\/nordhorn\/wp-content\/uploads\/sites\/213\/2026\/05\/Uhr-1-scaled.jpg","datePublished":"2016-10-14T07:05:21+00:00","dateModified":"2026-05-01T11:18:05+00:00","breadcrumb":{"@id":"https:\/\/weltlaeden.de\/nordhorn\/termine\/#breadcrumb"},"inLanguage":"de","potentialAction":[{"@type":"ReadAction","target":["https:\/\/weltlaeden.de\/nordhorn\/termine\/"]}]},{"@type":"ImageObject","inLanguage":"de","@id":"https:\/\/weltlaeden.de\/nordhorn\/termine\/#primaryimage","url":"https:\/\/weltlaeden.de\/nordhorn\/wp-content\/uploads\/sites\/213\/2026\/05\/Uhr-1-scaled.jpg","contentUrl":"https:\/\/weltlaeden.de\/nordhorn\/wp-content\/uploads\/sites\/213\/2026\/05\/Uhr-1-scaled.jpg","width":2560,"height":1707},{"@type":"BreadcrumbList","@id":"https:\/\/weltlaeden.de\/nordhorn\/termine\/#breadcrumb","itemListElement":[{"@type":"ListItem","position":1,"name":"Startseite","item":"https:\/\/weltlaeden.de\/nordhorn\/"},{"@type":"ListItem","position":2,"name":"Termine"}]},{"@type":"WebSite","@id":"https:\/\/weltlaeden.de\/nordhorn\/#website","url":"https:\/\/weltlaeden.de\/nordhorn\/","name":"Weltladen Nordhorn","description":"Faire Produkte seit 1990","potentialAction":[{"@type":"SearchAction","target":{"@type":"EntryPoint","urlTemplate":"https:\/\/weltlaeden.de\/nordhorn\/?s={search_term_string}"},"query-input":{"@type":"PropertyValueSpecification","valueRequired":true,"valueName":"search_term_string"}}],"inLanguage":"de"}]}},"_links":{"self":[{"href":"https:\/\/weltlaeden.de\/nordhorn\/wp-json\/wp\/v2\/pages\/23","targetHints":{"allow":["GET"]}}],"collection":[{"href":"https:\/\/weltlaeden.de\/nordhorn\/wp-json\/wp\/v2\/pages"}],"about":[{"href":"https:\/\/weltlaeden.de\/nordhorn\/wp-json\/wp\/v2\/types\/page"}],"author":[{"embeddable":true,"href":"https:\/\/weltlaeden.de\/nordhorn\/wp-json\/wp\/v2\/users\/1"}],"replies":[{"embeddable":true,"href":"https:\/\/weltlaeden.de\/nordhorn\/wp-json\/wp\/v2\/comments?post=23"}],"version-history":[{"count":90,"href":"https:\/\/weltlaeden.de\/nordhorn\/wp-json\/wp\/v2\/pages\/23\/revisions"}],"predecessor-version":[{"id":1076,"href":"https:\/\/weltlaeden.de\/nordhorn\/wp-json\/wp\/v2\/pages\/23\/revisions\/1076"}],"wp:featuredmedia":[{"embeddable":true,"href":"https:\/\/weltlaeden.de\/nordhorn\/wp-json\/wp\/v2\/media\/1074"}],"wp:attachment":[{"href":"https:\/\/weltlaeden.de\/nordhorn\/wp-json\/wp\/v2\/media?parent=23"}],"curies":[{"name":"wp","href":"https:\/\/api.w.org\/{rel}","templated":true}]}}