{"id":20,"date":"2016-10-14T09:05:21","date_gmt":"2016-10-14T07:05:21","guid":{"rendered":"https:\/\/wl.heimpixel.de\/vorlage\/weltladen-musterdorf\/"},"modified":"2026-04-07T12:49:56","modified_gmt":"2026-04-07T10:49:56","slug":"weltladen-musterdorf","status":"publish","type":"page","link":"https:\/\/weltlaeden.de\/nordhorn\/","title":{"rendered":"Weltladen Nordhorn"},"content":{"rendered":"<div class=\"wpb-content-wrapper\"><p>[vc_row][vc_column]<div class=\"wl_einzelbild\"><p><\/p><\/div>[vc_empty_space height=&#8220;20px&#8220;][\/vc_column][vc_column][\/vc_column][\/vc_row][vc_row][vc_column][vc_column_text css=&#8220;&#8220;][\/vc_column_text][vc_column_text css=&#8220;&#8220;]<\/p>\n<h1><strong><a class=\"dt-pswp-item\" href=\"https:\/\/weltlaeden.de\/nordhorn\/wp-content\/uploads\/sites\/213\/2026\/04\/feine_delikatessen_aus_dem_weltladen.1280x0.jpg\" data-dt-img-description=\"\" data-large_image_width=\"1280\" data-large_image_height=\"853\"><img loading=\"lazy\" decoding=\"async\" class=\"wp-image-1054 alignleft\" src=\"https:\/\/weltlaeden.de\/nordhorn\/wp-content\/uploads\/sites\/213\/2026\/04\/feine_delikatessen_aus_dem_weltladen.1280x0-300x200.jpg\" alt=\"\" width=\"485\" height=\"323\" srcset=\"https:\/\/weltlaeden.de\/nordhorn\/wp-content\/uploads\/sites\/213\/2026\/04\/feine_delikatessen_aus_dem_weltladen.1280x0-300x200.jpg 300w, https:\/\/weltlaeden.de\/nordhorn\/wp-content\/uploads\/sites\/213\/2026\/04\/feine_delikatessen_aus_dem_weltladen.1280x0-1024x682.jpg 1024w, https:\/\/weltlaeden.de\/nordhorn\/wp-content\/uploads\/sites\/213\/2026\/04\/feine_delikatessen_aus_dem_weltladen.1280x0-768x512.jpg 768w, https:\/\/weltlaeden.de\/nordhorn\/wp-content\/uploads\/sites\/213\/2026\/04\/feine_delikatessen_aus_dem_weltladen.1280x0.jpg 1280w\" sizes=\"auto, (max-width: 485px) 100vw, 485px\" \/><\/a>Genuss mit Verantwortung!<\/strong><\/h1>\n<p>Schokolade ist f\u00fcr viele ein St\u00fcck Gl\u00fcck \u2013 cremig, s\u00fc\u00df, zartschmelzend. Doch hinter der zarten Tafel steckt oft harte Realit\u00e4t: <strong>Kinderarbeit, Armut und Ausbeutung<\/strong> pr\u00e4gen vielerorts den Kakaoanbau. \u00dcber 60 % des weltweiten Kakaos stammen aus Westafrika \u2013 und dort verdienen viele B\u00e4uerinnen und Bauern kaum genug zum Leben.<\/p>\n<p>Der <strong>Faire Handel<\/strong> setzt genau hier an: Er garantiert faire Preise, sichert menschenw\u00fcrdige Arbeitsbedingungen und st\u00e4rkt Produzent*innen in ihren Rechten. So wird aus einem Genussmittel ein Produkt, das Gerechtigkeit schmecken l\u00e4sst.<\/p>\n<div class=\"highlight\">\n<section class=\"wrap\">\n<div class=\"textimage highlight-1 layout-1 imagesize-\">\n<div class=\"usertext\">\n<p>Im konventionellen Kakaoanbau liegt der Weltmarktpreis oft unter den Produktionskosten. Das f\u00fchrt zu <strong>extremer Armut<\/strong>, <strong>illegaler Kinderarbeit<\/strong> und <strong>\u00f6kologischer Zerst\u00f6rung<\/strong>. Laut Studien der ILO arbeiten noch immer \u00fcber 1,5 Millionen Kinder auf Kakaoplantagen in Ghana und der Elfenbeink\u00fcste.<\/p>\n<\/div>\n<\/div>\n<\/section>\n<\/div>\n<div class=\"highlight\">\n<section class=\"wrap\">\n<div class=\"textimage highlight-\">\n<div class=\"usertext\">\n<p>Der Faire Handel geht einen anderen Weg: <strong>Mindestpreise, Pr\u00e4mien, langfristige Handelsbeziehungen und Transparenz<\/strong> schaffen Perspektiven. Au\u00dferdem werden \u00f6kologische Anbaumethoden gef\u00f6rdert, die B\u00f6den sch\u00fctzen und den Klimawandel abmildern.<\/p>\n<\/div>\n<\/div>\n<\/section>\n<\/div>\n<p>&nbsp;<\/p>\n<h3><strong>Und genau das treibt uns an:<\/strong><\/h3>\n<p>Der Weltladen Nordhorn ist ein Fachgesch\u00e4ft f\u00fcr fair gehandelte Handwerksartikel und Lebensmittel von Kleinbetrieben und Kooperativen aus Afrika, Asien und S\u00fcdamerika, in dem sich mehr als\u00a020 Ehrenamtliche engagieren.<\/p>\n<p>Er wird vom Eine-Welt-Laden Nordhorn e.V. gef\u00fchrt und ist Mitglied im <a title=\"Unsere Partner\" href=\"http:\/\/weltladen.de\">Weltladen Dachverband e.V.<\/a>[\/vc_column_text][vc_empty_space height=&#8220;30px&#8220;][vc_column_text css=&#8220;&#8220;]<\/p>\n<p>[\/vc_column_text][\/vc_column][\/vc_row][vc_row][vc_column][vc_column_text css=&#8220;&#8220;]<\/p>\n<h2>Und dies ist ebenfalls auf unseren Webseiten zu finden:<\/h2>\n<p>[\/vc_column_text][vc_empty_space height=&#8220;20px&#8220;][vc_row_inner][vc_column_inner width=&#8220;1\/4&#8243;]<div class=\"wl_einzelbild\"><p><img loading=\"lazy\" decoding=\"async\" class=\"alignleft size-thumbnail wp-image-nsm-3-15\" src=\"https:\/\/weltlaeden.de\/vorlage\/wp-content\/uploads\/sites\/3\/2016\/11\/FairerHandel_ElPuente_Fingerpuppen_EccoExe_Peru-150x150.jpg\" alt=\"\" width=\"150\" height=\"150\" \/><\/p><\/div>[\/vc_column_inner][vc_column_inner width=&#8220;3\/4&#8243;][vc_column_text]<\/p>\n<h3>Fairer Handel<\/h3>\n<p>Der Faire Handel ist eine Handelspartnerschaft, die auf Dialog, Transparenz und Respekt beruht und mehr Gerechtigkeit im internationalen Handel erreichen m\u00f6chte. Durch bessere Handelsbedingungen und die Sicherung der sozialen Rechte f\u00fcr benachteiligte Produzent*innen und Arbeiter*innen &#8211; vor allem im Globalen S\u00fcden &#8211; leistet der Faire Handel einen Beitrag zu nachhaltiger Entwicklung.[\/vc_column_text][\/vc_column_inner][\/vc_row_inner][vc_separator][vc_row_inner][vc_column_inner width=&#8220;1\/4&#8243;]<div class=\"wl_einzelbild\"><p><img loading=\"lazy\" decoding=\"async\" class=\"alignleft size-full wp-image-nsm-3-28\" src=\"https:\/\/weltlaeden.de\/vorlage\/wp-content\/uploads\/sites\/3\/2018\/05\/Lebensmittel_WL-Bornheim-Christian-Schilling_150x150.jpg\" alt=\"\" width=\"150\" height=\"150\" \/><\/p><\/div>[\/vc_column_inner][vc_column_inner width=&#8220;3\/4&#8243;][vc_column_text]<\/p>\n<h3>Produkte<\/h3>\n<p>In unserem Weltladen finden Sie eine Vielfalt fair gehandelter Waren wie Kunsthandwerk, Lederwaren, Schmuck, Spielwaren &#8211; sowie Kaffee, Tee, Schokolade und Wein. Schauen Sie bei Gelegenheit nach neuen Produkten im Laden! Insbesondere im Bereich Kunstgewerbe haben wir immer wieder Neuigkeiten im Programm.<\/p>\n<p>&nbsp;<\/p>\n<p>[\/vc_column_text][\/vc_column_inner][\/vc_row_inner][vc_separator][vc_row_inner][vc_column_inner width=&#8220;1\/4&#8243;]<div class=\"wl_einzelbild\"><p><img loading=\"lazy\" decoding=\"async\" class=\"size-thumbnail wp-image-448 alignleft\" src=\"https:\/\/weltlaeden.de\/nordhorn\/wp-content\/uploads\/sites\/213\/2019\/04\/board-game-challenge-chess-209728_1200x519-150x150.png\" alt=\"\" width=\"150\" height=\"150\" \/><\/p><\/div>[\/vc_column_inner][vc_column_inner width=&#8220;3\/4&#8243;][vc_column_text]<\/p>\n<h3>\u00dcber uns<\/h3>\n<p>Wer wir sind, warum wir uns f\u00fcr Fairen Handel engagieren und wie man bei uns mitmachen kann &#8211; <a href=\"?pagename=ueber-uns\">hier stellen wir uns vor &#8230;<\/a>[\/vc_column_text][\/vc_column_inner][\/vc_row_inner][vc_separator][vc_row_inner][vc_column_inner width=&#8220;1\/4&#8243;]<div class=\"wl_einzelbild\"><p><img loading=\"lazy\" decoding=\"async\" class=\"alignleft size-full wp-image-nsm-3-35\" src=\"https:\/\/weltlaeden.de\/vorlage\/wp-content\/uploads\/sites\/3\/2018\/08\/pocket-watch-1637396_1920_150x150.png\" alt=\"\" width=\"150\" height=\"150\" \/><\/p><\/div>[\/vc_column_inner][vc_column_inner width=&#8220;3\/4&#8243;][vc_column_text css=&#8220;&#8220;]<\/p>\n<h3>Termine<\/h3>\n<p>Bei uns ist immer etwas los! Wir treffen uns regelm\u00e4\u00dfig zu Teamsitzungen und Fortbildungen, organisieren aber auch immer mal wieder eine Veranstaltung zum Fairen Handel und verwandten Themen. <a href=\"https:\/\/weltlaeden.de\/nordhorn\/termine\/\">Termine &#8211; Weltladen Nordhorn <\/a>[\/vc_column_text][\/vc_column_inner][\/vc_row_inner][vc_separator][vc_empty_space][\/vc_column][vc_column][\/vc_column][\/vc_row]<\/p>\n<\/div>","protected":false},"excerpt":{"rendered":"<p>[vc_row][vc_column][vc_empty_space height=&#8220;20px&#8220;][\/vc_column][vc_column][\/vc_column][\/vc_row][vc_row][vc_column][vc_column_text css=&#8220;&#8220;][\/vc_column_text][vc_column_text css=&#8220;&#8220;] Genuss mit Verantwortung! Schokolade ist f\u00fcr viele ein St\u00fcck Gl\u00fcck \u2013 cremig, s\u00fc\u00df, zartschmelzend. Doch hinter der zarten Tafel steckt oft harte Realit\u00e4t: Kinderarbeit, Armut und Ausbeutung pr\u00e4gen vielerorts den Kakaoanbau. \u00dcber 60 % des weltweiten Kakaos stammen aus Westafrika \u2013 und dort verdienen viele B\u00e4uerinnen und Bauern kaum genug zum&hellip;<\/p>\n","protected":false},"author":1,"featured_media":0,"parent":0,"menu_order":0,"comment_status":"closed","ping_status":"closed","template":"","meta":{"footnotes":""},"class_list":["post-20","page","type-page","status-publish","hentry","description-off"],"yoast_head":"<!-- This site is optimized with the Yoast SEO plugin v26.8 - https:\/\/yoast.com\/product\/yoast-seo-wordpress\/ -->\n<title>Weltladen Nordhorn - Weltladen Nordhorn<\/title>\n<meta name=\"robots\" content=\"index, follow, max-snippet:-1, max-image-preview:large, max-video-preview:-1\" \/>\n<link rel=\"canonical\" href=\"https:\/\/weltlaeden.de\/nordhorn\/\" \/>\n<meta property=\"og:locale\" content=\"de_DE\" \/>\n<meta property=\"og:type\" content=\"article\" \/>\n<meta property=\"og:title\" content=\"Weltladen Nordhorn - Weltladen Nordhorn\" \/>\n<meta property=\"og:description\" content=\"[vc_row][vc_column][vc_empty_space height=&#8220;20px&#8220;][\/vc_column][vc_column][\/vc_column][\/vc_row][vc_row][vc_column][vc_column_text css=&#8220;&#8220;][\/vc_column_text][vc_column_text css=&#8220;&#8220;] Genuss mit Verantwortung! Schokolade ist f\u00fcr viele ein St\u00fcck Gl\u00fcck \u2013 cremig, s\u00fc\u00df, zartschmelzend. Doch hinter der zarten Tafel steckt oft harte Realit\u00e4t: Kinderarbeit, Armut und Ausbeutung pr\u00e4gen vielerorts den Kakaoanbau. \u00dcber 60 % des weltweiten Kakaos stammen aus Westafrika \u2013 und dort verdienen viele B\u00e4uerinnen und Bauern kaum genug zum&hellip;\" \/>\n<meta property=\"og:url\" content=\"https:\/\/weltlaeden.de\/nordhorn\/\" \/>\n<meta property=\"og:site_name\" content=\"Weltladen Nordhorn\" \/>\n<meta property=\"article:modified_time\" content=\"2026-04-07T10:49:56+00:00\" \/>\n<meta property=\"og:image\" content=\"https:\/\/weltlaeden.de\/nordhorn\/wp-content\/uploads\/sites\/213\/2026\/04\/feine_delikatessen_aus_dem_weltladen.1280x0.jpg\" \/>\n\t<meta property=\"og:image:width\" content=\"1280\" \/>\n\t<meta property=\"og:image:height\" content=\"853\" \/>\n\t<meta property=\"og:image:type\" content=\"image\/jpeg\" \/>\n<meta name=\"twitter:card\" content=\"summary_large_image\" \/>\n<meta name=\"twitter:label1\" content=\"Gesch\u00e4tzte Lesezeit\" \/>\n\t<meta name=\"twitter:data1\" content=\"4\u00a0Minuten\" \/>\n<script type=\"application\/ld+json\" class=\"yoast-schema-graph\">{\"@context\":\"https:\/\/schema.org\",\"@graph\":[{\"@type\":\"WebPage\",\"@id\":\"https:\/\/weltlaeden.de\/nordhorn\/\",\"url\":\"https:\/\/weltlaeden.de\/nordhorn\/\",\"name\":\"Weltladen Nordhorn - Weltladen Nordhorn\",\"isPartOf\":{\"@id\":\"https:\/\/weltlaeden.de\/nordhorn\/#website\"},\"primaryImageOfPage\":{\"@id\":\"https:\/\/weltlaeden.de\/nordhorn\/#primaryimage\"},\"image\":{\"@id\":\"https:\/\/weltlaeden.de\/nordhorn\/#primaryimage\"},\"thumbnailUrl\":\"https:\/\/weltlaeden.de\/nordhorn\/wp-content\/uploads\/sites\/213\/2026\/04\/feine_delikatessen_aus_dem_weltladen.1280x0-300x200.jpg\",\"datePublished\":\"2016-10-14T07:05:21+00:00\",\"dateModified\":\"2026-04-07T10:49:56+00:00\",\"breadcrumb\":{\"@id\":\"https:\/\/weltlaeden.de\/nordhorn\/#breadcrumb\"},\"inLanguage\":\"de\",\"potentialAction\":[{\"@type\":\"ReadAction\",\"target\":[\"https:\/\/weltlaeden.de\/nordhorn\/\"]}]},{\"@type\":\"ImageObject\",\"inLanguage\":\"de\",\"@id\":\"https:\/\/weltlaeden.de\/nordhorn\/#primaryimage\",\"url\":\"https:\/\/weltlaeden.de\/nordhorn\/wp-content\/uploads\/sites\/213\/2026\/04\/feine_delikatessen_aus_dem_weltladen.1280x0.jpg\",\"contentUrl\":\"https:\/\/weltlaeden.de\/nordhorn\/wp-content\/uploads\/sites\/213\/2026\/04\/feine_delikatessen_aus_dem_weltladen.1280x0.jpg\",\"width\":1280,\"height\":853},{\"@type\":\"BreadcrumbList\",\"@id\":\"https:\/\/weltlaeden.de\/nordhorn\/#breadcrumb\",\"itemListElement\":[{\"@type\":\"ListItem\",\"position\":1,\"name\":\"Startseite\",\"item\":\"https:\/\/weltlaeden.de\/nordhorn\/\"},{\"@type\":\"ListItem\",\"position\":2,\"name\":\"Weltladen Nordhorn\"}]},{\"@type\":\"WebSite\",\"@id\":\"https:\/\/weltlaeden.de\/nordhorn\/#website\",\"url\":\"https:\/\/weltlaeden.de\/nordhorn\/\",\"name\":\"Weltladen Nordhorn\",\"description\":\"Faire Produkte seit 1990\",\"potentialAction\":[{\"@type\":\"SearchAction\",\"target\":{\"@type\":\"EntryPoint\",\"urlTemplate\":\"https:\/\/weltlaeden.de\/nordhorn\/?s={search_term_string}\"},\"query-input\":{\"@type\":\"PropertyValueSpecification\",\"valueRequired\":true,\"valueName\":\"search_term_string\"}}],\"inLanguage\":\"de\"}]}<\/script>\n<!-- \/ Yoast SEO plugin. -->","yoast_head_json":{"title":"Weltladen Nordhorn - Weltladen Nordhorn","robots":{"index":"index","follow":"follow","max-snippet":"max-snippet:-1","max-image-preview":"max-image-preview:large","max-video-preview":"max-video-preview:-1"},"canonical":"https:\/\/weltlaeden.de\/nordhorn\/","og_locale":"de_DE","og_type":"article","og_title":"Weltladen Nordhorn - Weltladen Nordhorn","og_description":"[vc_row][vc_column][vc_empty_space height=&#8220;20px&#8220;][\/vc_column][vc_column][\/vc_column][\/vc_row][vc_row][vc_column][vc_column_text css=&#8220;&#8220;][\/vc_column_text][vc_column_text css=&#8220;&#8220;] Genuss mit Verantwortung! Schokolade ist f\u00fcr viele ein St\u00fcck Gl\u00fcck \u2013 cremig, s\u00fc\u00df, zartschmelzend. Doch hinter der zarten Tafel steckt oft harte Realit\u00e4t: Kinderarbeit, Armut und Ausbeutung pr\u00e4gen vielerorts den Kakaoanbau. \u00dcber 60 % des weltweiten Kakaos stammen aus Westafrika \u2013 und dort verdienen viele B\u00e4uerinnen und Bauern kaum genug zum&hellip;","og_url":"https:\/\/weltlaeden.de\/nordhorn\/","og_site_name":"Weltladen Nordhorn","article_modified_time":"2026-04-07T10:49:56+00:00","og_image":[{"width":1280,"height":853,"url":"https:\/\/weltlaeden.de\/nordhorn\/wp-content\/uploads\/sites\/213\/2026\/04\/feine_delikatessen_aus_dem_weltladen.1280x0.jpg","type":"image\/jpeg"}],"twitter_card":"summary_large_image","twitter_misc":{"Gesch\u00e4tzte Lesezeit":"4\u00a0Minuten"},"schema":{"@context":"https:\/\/schema.org","@graph":[{"@type":"WebPage","@id":"https:\/\/weltlaeden.de\/nordhorn\/","url":"https:\/\/weltlaeden.de\/nordhorn\/","name":"Weltladen Nordhorn - Weltladen Nordhorn","isPartOf":{"@id":"https:\/\/weltlaeden.de\/nordhorn\/#website"},"primaryImageOfPage":{"@id":"https:\/\/weltlaeden.de\/nordhorn\/#primaryimage"},"image":{"@id":"https:\/\/weltlaeden.de\/nordhorn\/#primaryimage"},"thumbnailUrl":"https:\/\/weltlaeden.de\/nordhorn\/wp-content\/uploads\/sites\/213\/2026\/04\/feine_delikatessen_aus_dem_weltladen.1280x0-300x200.jpg","datePublished":"2016-10-14T07:05:21+00:00","dateModified":"2026-04-07T10:49:56+00:00","breadcrumb":{"@id":"https:\/\/weltlaeden.de\/nordhorn\/#breadcrumb"},"inLanguage":"de","potentialAction":[{"@type":"ReadAction","target":["https:\/\/weltlaeden.de\/nordhorn\/"]}]},{"@type":"ImageObject","inLanguage":"de","@id":"https:\/\/weltlaeden.de\/nordhorn\/#primaryimage","url":"https:\/\/weltlaeden.de\/nordhorn\/wp-content\/uploads\/sites\/213\/2026\/04\/feine_delikatessen_aus_dem_weltladen.1280x0.jpg","contentUrl":"https:\/\/weltlaeden.de\/nordhorn\/wp-content\/uploads\/sites\/213\/2026\/04\/feine_delikatessen_aus_dem_weltladen.1280x0.jpg","width":1280,"height":853},{"@type":"BreadcrumbList","@id":"https:\/\/weltlaeden.de\/nordhorn\/#breadcrumb","itemListElement":[{"@type":"ListItem","position":1,"name":"Startseite","item":"https:\/\/weltlaeden.de\/nordhorn\/"},{"@type":"ListItem","position":2,"name":"Weltladen Nordhorn"}]},{"@type":"WebSite","@id":"https:\/\/weltlaeden.de\/nordhorn\/#website","url":"https:\/\/weltlaeden.de\/nordhorn\/","name":"Weltladen Nordhorn","description":"Faire Produkte seit 1990","potentialAction":[{"@type":"SearchAction","target":{"@type":"EntryPoint","urlTemplate":"https:\/\/weltlaeden.de\/nordhorn\/?s={search_term_string}"},"query-input":{"@type":"PropertyValueSpecification","valueRequired":true,"valueName":"search_term_string"}}],"inLanguage":"de"}]}},"_links":{"self":[{"href":"https:\/\/weltlaeden.de\/nordhorn\/wp-json\/wp\/v2\/pages\/20","targetHints":{"allow":["GET"]}}],"collection":[{"href":"https:\/\/weltlaeden.de\/nordhorn\/wp-json\/wp\/v2\/pages"}],"about":[{"href":"https:\/\/weltlaeden.de\/nordhorn\/wp-json\/wp\/v2\/types\/page"}],"author":[{"embeddable":true,"href":"https:\/\/weltlaeden.de\/nordhorn\/wp-json\/wp\/v2\/users\/1"}],"replies":[{"embeddable":true,"href":"https:\/\/weltlaeden.de\/nordhorn\/wp-json\/wp\/v2\/comments?post=20"}],"version-history":[{"count":66,"href":"https:\/\/weltlaeden.de\/nordhorn\/wp-json\/wp\/v2\/pages\/20\/revisions"}],"predecessor-version":[{"id":1055,"href":"https:\/\/weltlaeden.de\/nordhorn\/wp-json\/wp\/v2\/pages\/20\/revisions\/1055"}],"wp:attachment":[{"href":"https:\/\/weltlaeden.de\/nordhorn\/wp-json\/wp\/v2\/media?parent=20"}],"curies":[{"name":"wp","href":"https:\/\/api.w.org\/{rel}","templated":true}]}}