{"id":814,"date":"2021-09-05T15:17:31","date_gmt":"2021-09-05T13:17:31","guid":{"rendered":"https:\/\/weltlaeden.de\/norderstedt\/?page_id=814"},"modified":"2021-12-03T16:07:31","modified_gmt":"2021-12-03T15:07:31","slug":"wettbewerbsbedingungen","status":"publish","type":"page","link":"https:\/\/weltlaeden.de\/norderstedt\/bildungsarbeit\/fairplay-wettbewerb\/wettbewerbsbedingungen\/","title":{"rendered":"Wettbewerbsbedingungen"},"content":{"rendered":"<div class=\"wpb-content-wrapper\"><p>[vc_row][vc_column][vc_column_text]<strong>Wettbewerbsbedingungen<\/strong><\/p>\n<p><u>\u00a71 <\/u><u>Teilnahmeberechtigung<\/u><\/p>\n<ol>\n<li>Die Gewinnerfotos werden ausschlie\u00dflich \u00fcber die Jury der Initiative Fair Trade Stadt Norderstedt im Norderstedter Weltladen ermittelt.<\/li>\n<li>Ausgenommen von der Teilnahme sind Angestellte, freie Mitarbeiter*innen und Bevollm\u00e4chtigte von der Initiative Fair Trade Stadt Norderstedt.<\/li>\n<li>Wer unter 18 Jahre alt ist, fragt bitte seine Eltern\/Erziehungsberechtigten um Unterst\u00fctzung und Erlaubnis f\u00fcr die Teilnahme. Teilnahmeberechtigt sind Personen \u00fcber 18 Jahre, die den Wettbewerbsbeitrag in dem Aktionszeitraum (10.09. bis 30.11.2021) einreichen.<\/li>\n<\/ol>\n<p><u>\u00a72 Ablauf<\/u><\/p>\n<ol>\n<li><strong>Die Teilnahme ist kostenlos<\/strong>.<\/li>\n<li>Aufgabe ist es, bis zum 30.11.2021 ein Foto und einen kurzen Satz zu Fairplay im Rahmen von \u201e<em>Norderstedt spielt fair \u2013 dabei sein und Ball gewinnen.\u201c<\/em> auf\u00a0<a href=\"https:\/\/weltlaeden.de\/norderstedt\/fairplay-wettbewerb\/\" target=\"_blank\" rel=\"noopener\">https:\/\/weltlaeden.de\/norderstedt\/fairplay-wettbewerb\/<\/a> hochzuladen. Eine Jury wird dies abschlie\u00dfend unter folgenden Kriterien bewerten:<\/li>\n<\/ol>\n<ul>\n<li>Wie gut passt das Foto zum Wettbewerb?<\/li>\n<li>Wie kreativ sind das Foto und der Text?<\/li>\n<\/ul>\n<ol start=\"2\">\n<li>Pro Teilnehmer*in, die bis zum 30.11.2021 \u00fcber\u00a0<a href=\"https:\/\/weltlaeden.de\/norderstedt\/fairplay-wettbewerb\/\" target=\"_blank\" rel=\"noopener\">https:\/\/weltlaeden.de\/norderstedt\/fairplay-wettbewerb\/<\/a> registriert wurde, kann ein Bild hochgeladen werden.<\/li>\n<li>Das Bild muss mit folgenden Angaben beschrieben werden: Name des &#8222;Gruppen-\/Teamleiters&#8220;, E-Mail, Telefonnummer, 1-2 S\u00e4tze zur Bildbeschreibung mit Fairplay-Gedanken. Bilder ohne diese Angaben nehmen nicht am Fotowettbewerb 2021 teil. Wir garantieren Datenschutz: Eure Daten werden nur f\u00fcr diesen Wettbewerb verwendet (s.u., \u00a74 Datenschutz).<\/li>\n<li>Hochgeladene Bilder k\u00f6nnen auf der Website des Weltladens Norderstedt oder auf kooperierenden, ebenfalls nicht-kommerziellen Webseiten ver\u00f6ffentlicht werden.<\/li>\n<\/ol>\n<p><u>\u00a73 Gewinn-Benachrichtigung<\/u><\/p>\n<ol>\n<li>Die Gewinner*innen werden per E-Mail benachrichtigt.<\/li>\n<li>Mit der Gewinnbenachrichtigung im Dezember 2021 wird den Gewinner*innen mitgeteilt, wann und wie die \u00f6ffentlichkeitswirksame \u00dcbergabe oder der kostenlose Versand der Gewinnerb\u00e4lle erfolgt.<\/li>\n<li>Der Gewinnanspruch ist nicht auf Dritte \u00fcbertragbar und kann nicht in bar ausgezahlt werden.<\/li>\n<\/ol>\n<p><u>\u00a74 Datenschutz<\/u><\/p>\n<ol>\n<li>Sofern auf dem f\u00fcr die Einstellung auf\u00a0<a href=\"https:\/\/weltlaeden.de\/norderstedt\/fairplay-wettbewerb\/\" target=\"_blank\" rel=\"noopener\">https:\/\/weltlaeden.de\/norderstedt\/fairplay-wettbewerb\/<\/a> im Rahmen des Fotowettbewerbs \u201e<em>Norderstedt spielt fair \u2013 dabei sein und Ball gewinnen\u201c<\/em> \u00fcbermittelten Fotos Personen abgebildet sein sollten, ist durch den\/die Absender*in Sorge zu tragen, dass ein diesbez\u00fcgliches Einverst\u00e4ndnis aller abgebildeten Personen vorliegt.<\/li>\n<li>Eine Weitergabe personenbezogener Daten zu anderen, nicht-kommerziellen oder zu kommerziellen Zwecken erfolgt nicht.<\/li>\n<li>Die zur Verf\u00fcgung gestellten personenbezogenen Daten der TeilnehmerInnen werden zum Zweck der Gewinnabwicklung von der Initiative Fair Trade Stadt Norderstedt gespeichert und zur Gewinnabwicklung genutzt.<\/li>\n<li>Die Daten werden vertraulich behandelt.<\/li>\n<li style=\"text-align: left\">Bei datenschutzrechtlichen Fragen k\u00f6nnen sich Teilnehmer*innen jederzeit an den Wettbewerbsausrichter wenden.<\/li>\n<\/ol>\n<p style=\"padding-left: 30px\">Eine Welt f\u00fcr Alle e.V.<br \/>\nRathausallee 44<br \/>\n22844 Norderstedt<br \/>\nE-Mail: info@eine-welt-norderstedt.de<br \/>\nTel: 040 53 53 10 22<br \/>\nFax: 040 53 53 10 23<\/p>\n<p style=\"padding-left: 30px\"><a href=\"https:\/\/weltlaeden.de\/norderstedt\/datenschutz\/\" target=\"_blank\" rel=\"noopener\">https:\/\/weltlaeden.de\/norderstedt\/datenschutz\/<\/a><\/p>\n<p><u>\u00a75 Sonstiges<\/u><\/p>\n<ol>\n<li>Der Rechtsweg ist ausgeschlossen.<\/li>\n<li>Es ist ausschlie\u00dflich das Recht der Bundesrepublik Deutschland anwendbar.<\/li>\n<li>Die Jury beh\u00e4lt sich das Recht vor, Teilnehmer*innen zu disqualifizieren oder von der (weiteren) Teilnahme auszuschlie\u00dfen oder den Preis nicht zu verleihen, wenn die Jury der Ansicht ist, dass diese\/dieser Teilnehmer*in nicht im Einklang mit diesen Wettbewerbsbedingungen oder dem geltenden Recht handelt.<\/li>\n<\/ol>\n<p>[\/vc_column_text][\/vc_column][\/vc_row]<\/p>\n<\/div>","protected":false},"excerpt":{"rendered":"<p>[vc_row][vc_column][vc_column_text]Wettbewerbsbedingungen \u00a71 Teilnahmeberechtigung Die Gewinnerfotos werden ausschlie\u00dflich \u00fcber die Jury der Initiative Fair Trade Stadt Norderstedt im Norderstedter Weltladen ermittelt. Ausgenommen von der Teilnahme sind Angestellte, freie Mitarbeiter*innen und Bevollm\u00e4chtigte von der Initiative Fair Trade Stadt Norderstedt. Wer unter 18 Jahre alt ist, fragt bitte seine Eltern\/Erziehungsberechtigten um Unterst\u00fctzung und Erlaubnis f\u00fcr die Teilnahme. Teilnahmeberechtigt&hellip;<\/p>\n","protected":false},"author":30,"featured_media":0,"parent":739,"menu_order":0,"comment_status":"closed","ping_status":"closed","template":"","meta":{"footnotes":""},"class_list":["post-814","page","type-page","status-publish","hentry","description-off"],"yoast_head":"<!-- This site is optimized with the Yoast SEO plugin v26.8 - https:\/\/yoast.com\/product\/yoast-seo-wordpress\/ -->\n<title>Wettbewerbsbedingungen &#183; Weltladen Norderstedt<\/title>\n<meta name=\"robots\" content=\"index, follow, max-snippet:-1, max-image-preview:large, max-video-preview:-1\" \/>\n<link rel=\"canonical\" href=\"https:\/\/weltlaeden.de\/norderstedt\/fairplay-wettbewerb\/wettbewerbsbedingungen\/\" \/>\n<meta property=\"og:locale\" content=\"de_DE\" \/>\n<meta property=\"og:type\" content=\"article\" \/>\n<meta property=\"og:title\" content=\"Wettbewerbsbedingungen &#183; Weltladen Norderstedt\" \/>\n<meta property=\"og:description\" content=\"[vc_row][vc_column][vc_column_text]Wettbewerbsbedingungen \u00a71 Teilnahmeberechtigung Die Gewinnerfotos werden ausschlie\u00dflich \u00fcber die Jury der Initiative Fair Trade Stadt Norderstedt im Norderstedter Weltladen ermittelt. Ausgenommen von der Teilnahme sind Angestellte, freie Mitarbeiter*innen und Bevollm\u00e4chtigte von der Initiative Fair Trade Stadt Norderstedt. Wer unter 18 Jahre alt ist, fragt bitte seine Eltern\/Erziehungsberechtigten um Unterst\u00fctzung und Erlaubnis f\u00fcr die Teilnahme. Teilnahmeberechtigt&hellip;\" \/>\n<meta property=\"og:url\" content=\"https:\/\/weltlaeden.de\/norderstedt\/fairplay-wettbewerb\/wettbewerbsbedingungen\/\" \/>\n<meta property=\"og:site_name\" content=\"Weltladen Norderstedt\" \/>\n<meta property=\"article:publisher\" content=\"https:\/\/de-de.facebook.com\/Weltladen-Norderstedt-645783178910420\/\" \/>\n<meta property=\"article:modified_time\" content=\"2021-12-03T15:07:31+00:00\" \/>\n<meta name=\"twitter:card\" content=\"summary_large_image\" \/>\n<meta name=\"twitter:label1\" content=\"Gesch\u00e4tzte Lesezeit\" \/>\n\t<meta name=\"twitter:data1\" content=\"2\u00a0Minuten\" \/>\n<script type=\"application\/ld+json\" class=\"yoast-schema-graph\">{\"@context\":\"https:\/\/schema.org\",\"@graph\":[{\"@type\":\"WebPage\",\"@id\":\"https:\/\/weltlaeden.de\/norderstedt\/fairplay-wettbewerb\/wettbewerbsbedingungen\/\",\"url\":\"https:\/\/weltlaeden.de\/norderstedt\/fairplay-wettbewerb\/wettbewerbsbedingungen\/\",\"name\":\"Wettbewerbsbedingungen &#183; Weltladen Norderstedt\",\"isPartOf\":{\"@id\":\"https:\/\/weltlaeden.de\/norderstedt\/#website\"},\"datePublished\":\"2021-09-05T13:17:31+00:00\",\"dateModified\":\"2021-12-03T15:07:31+00:00\",\"breadcrumb\":{\"@id\":\"https:\/\/weltlaeden.de\/norderstedt\/fairplay-wettbewerb\/wettbewerbsbedingungen\/#breadcrumb\"},\"inLanguage\":\"de\",\"potentialAction\":[{\"@type\":\"ReadAction\",\"target\":[\"https:\/\/weltlaeden.de\/norderstedt\/fairplay-wettbewerb\/wettbewerbsbedingungen\/\"]}]},{\"@type\":\"BreadcrumbList\",\"@id\":\"https:\/\/weltlaeden.de\/norderstedt\/fairplay-wettbewerb\/wettbewerbsbedingungen\/#breadcrumb\",\"itemListElement\":[{\"@type\":\"ListItem\",\"position\":1,\"name\":\"Startseite\",\"item\":\"https:\/\/weltlaeden.de\/norderstedt\/\"},{\"@type\":\"ListItem\",\"position\":2,\"name\":\"Fairplay Wettbewerb\",\"item\":\"https:\/\/weltlaeden.de\/norderstedt\/fairplay-wettbewerb\/\"},{\"@type\":\"ListItem\",\"position\":3,\"name\":\"Wettbewerbsbedingungen\"}]},{\"@type\":\"WebSite\",\"@id\":\"https:\/\/weltlaeden.de\/norderstedt\/#website\",\"url\":\"https:\/\/weltlaeden.de\/norderstedt\/\",\"name\":\"Weltladen Norderstedt\",\"description\":\"Faire Produkte seit 1990\",\"potentialAction\":[{\"@type\":\"SearchAction\",\"target\":{\"@type\":\"EntryPoint\",\"urlTemplate\":\"https:\/\/weltlaeden.de\/norderstedt\/?s={search_term_string}\"},\"query-input\":{\"@type\":\"PropertyValueSpecification\",\"valueRequired\":true,\"valueName\":\"search_term_string\"}}],\"inLanguage\":\"de\"}]}<\/script>\n<!-- \/ Yoast SEO plugin. -->","yoast_head_json":{"title":"Wettbewerbsbedingungen &#183; Weltladen Norderstedt","robots":{"index":"index","follow":"follow","max-snippet":"max-snippet:-1","max-image-preview":"max-image-preview:large","max-video-preview":"max-video-preview:-1"},"canonical":"https:\/\/weltlaeden.de\/norderstedt\/fairplay-wettbewerb\/wettbewerbsbedingungen\/","og_locale":"de_DE","og_type":"article","og_title":"Wettbewerbsbedingungen &#183; Weltladen Norderstedt","og_description":"[vc_row][vc_column][vc_column_text]Wettbewerbsbedingungen \u00a71 Teilnahmeberechtigung Die Gewinnerfotos werden ausschlie\u00dflich \u00fcber die Jury der Initiative Fair Trade Stadt Norderstedt im Norderstedter Weltladen ermittelt. Ausgenommen von der Teilnahme sind Angestellte, freie Mitarbeiter*innen und Bevollm\u00e4chtigte von der Initiative Fair Trade Stadt Norderstedt. Wer unter 18 Jahre alt ist, fragt bitte seine Eltern\/Erziehungsberechtigten um Unterst\u00fctzung und Erlaubnis f\u00fcr die Teilnahme. Teilnahmeberechtigt&hellip;","og_url":"https:\/\/weltlaeden.de\/norderstedt\/fairplay-wettbewerb\/wettbewerbsbedingungen\/","og_site_name":"Weltladen Norderstedt","article_publisher":"https:\/\/de-de.facebook.com\/Weltladen-Norderstedt-645783178910420\/","article_modified_time":"2021-12-03T15:07:31+00:00","twitter_card":"summary_large_image","twitter_misc":{"Gesch\u00e4tzte Lesezeit":"2\u00a0Minuten"},"schema":{"@context":"https:\/\/schema.org","@graph":[{"@type":"WebPage","@id":"https:\/\/weltlaeden.de\/norderstedt\/fairplay-wettbewerb\/wettbewerbsbedingungen\/","url":"https:\/\/weltlaeden.de\/norderstedt\/fairplay-wettbewerb\/wettbewerbsbedingungen\/","name":"Wettbewerbsbedingungen &#183; Weltladen Norderstedt","isPartOf":{"@id":"https:\/\/weltlaeden.de\/norderstedt\/#website"},"datePublished":"2021-09-05T13:17:31+00:00","dateModified":"2021-12-03T15:07:31+00:00","breadcrumb":{"@id":"https:\/\/weltlaeden.de\/norderstedt\/fairplay-wettbewerb\/wettbewerbsbedingungen\/#breadcrumb"},"inLanguage":"de","potentialAction":[{"@type":"ReadAction","target":["https:\/\/weltlaeden.de\/norderstedt\/fairplay-wettbewerb\/wettbewerbsbedingungen\/"]}]},{"@type":"BreadcrumbList","@id":"https:\/\/weltlaeden.de\/norderstedt\/fairplay-wettbewerb\/wettbewerbsbedingungen\/#breadcrumb","itemListElement":[{"@type":"ListItem","position":1,"name":"Startseite","item":"https:\/\/weltlaeden.de\/norderstedt\/"},{"@type":"ListItem","position":2,"name":"Fairplay Wettbewerb","item":"https:\/\/weltlaeden.de\/norderstedt\/fairplay-wettbewerb\/"},{"@type":"ListItem","position":3,"name":"Wettbewerbsbedingungen"}]},{"@type":"WebSite","@id":"https:\/\/weltlaeden.de\/norderstedt\/#website","url":"https:\/\/weltlaeden.de\/norderstedt\/","name":"Weltladen Norderstedt","description":"Faire Produkte seit 1990","potentialAction":[{"@type":"SearchAction","target":{"@type":"EntryPoint","urlTemplate":"https:\/\/weltlaeden.de\/norderstedt\/?s={search_term_string}"},"query-input":{"@type":"PropertyValueSpecification","valueRequired":true,"valueName":"search_term_string"}}],"inLanguage":"de"}]}},"_links":{"self":[{"href":"https:\/\/weltlaeden.de\/norderstedt\/wp-json\/wp\/v2\/pages\/814","targetHints":{"allow":["GET"]}}],"collection":[{"href":"https:\/\/weltlaeden.de\/norderstedt\/wp-json\/wp\/v2\/pages"}],"about":[{"href":"https:\/\/weltlaeden.de\/norderstedt\/wp-json\/wp\/v2\/types\/page"}],"author":[{"embeddable":true,"href":"https:\/\/weltlaeden.de\/norderstedt\/wp-json\/wp\/v2\/users\/30"}],"replies":[{"embeddable":true,"href":"https:\/\/weltlaeden.de\/norderstedt\/wp-json\/wp\/v2\/comments?post=814"}],"version-history":[{"count":17,"href":"https:\/\/weltlaeden.de\/norderstedt\/wp-json\/wp\/v2\/pages\/814\/revisions"}],"predecessor-version":[{"id":1018,"href":"https:\/\/weltlaeden.de\/norderstedt\/wp-json\/wp\/v2\/pages\/814\/revisions\/1018"}],"up":[{"embeddable":true,"href":"https:\/\/weltlaeden.de\/norderstedt\/wp-json\/wp\/v2\/pages\/739"}],"wp:attachment":[{"href":"https:\/\/weltlaeden.de\/norderstedt\/wp-json\/wp\/v2\/media?parent=814"}],"curies":[{"name":"wp","href":"https:\/\/api.w.org\/{rel}","templated":true}]}}