{"id":739,"date":"2021-08-26T14:32:12","date_gmt":"2021-08-26T12:32:12","guid":{"rendered":"https:\/\/weltlaeden.de\/norderstedt\/?page_id=739"},"modified":"2022-10-25T16:45:51","modified_gmt":"2022-10-25T14:45:51","slug":"fairplay-wettbewerb","status":"publish","type":"page","link":"https:\/\/weltlaeden.de\/norderstedt\/bildungsarbeit\/fairplay-wettbewerb\/","title":{"rendered":"Fairplay Wettbewerb"},"content":{"rendered":"<div class=\"wpb-content-wrapper\"><p>[vc_row][vc_column]<div class=\"ult-spacer spacer-69d6a672691b1\" data-id=\"69d6a672691b1\" data-height=\"10\" data-height-mobile=\"10\" data-height-tab=\"\" data-height-tab-portrait=\"\" data-height-mobile-landscape=\"\" style=\"clear:both;display:block;\"><\/div>[vc_column_text css_animation=&#8220;fadeIn&#8220;]<\/p>\n<h1><strong>Vielen Dank f\u00fcr euer gro\u00dfes Engagement und eure Teilnahme!<\/strong><\/h1>\n<p>Viele Schulklassen, Gruppen, Vereine, Familien und Einzelpersonen haben am Wettbewerb \u201eNorderstedt spielt FAIR!\u201c teilgenommen. Bis zum 30. November 2021 habt Ihr <a href=\"https:\/\/weltlaeden.de\/norderstedt\/fairplay-wettbewerb\/einsendungen\/\" target=\"_blank\" rel=\"noopener\">kreative Fotos und individuelle Texte<\/a> hochgeladen.<\/p>\n<h2><strong>Damit habt Ihr eindrucksvoll gezeigt, was Euch Fairtrade bedeutet!<\/strong><\/h2>\n<p>Wegen der vielen Teilnehmenden haben wir die Zahl der B\u00e4lle von 60 auf 70 erh\u00f6ht! Die Jury hat sich <a href=\"https:\/\/weltlaeden.de\/norderstedt\/fairplay-wettbewerb\/einsendungen\/\" target=\"_blank\" rel=\"noopener\">alle Einsendungen<\/a> angeschaut und die Gewinner*innen ermittelt. Wegen der Corona- und Container-Krise kamen die fair produzierten B\u00e4lle sp\u00e4ter.<\/p>\n<p>Aber dann ging es los: Bei der gro\u00dfen \u00dcbergabe am 29. September 2022 haben wir die B\u00e4lle an viele Gewinner*innen \u00fcberreicht.<\/p>\n<h2><strong>Was der Wettbewerb bewirken soll:<br \/>\n<\/strong><\/h2>\n<p>Wusstet Ihr, dass fast alle Fu\u00df-, Hand- und Volleyb\u00e4lle in Fabriken in Indien, China und vor allem in Pakistan gefertigt werden? Das geschieht oft in m\u00fchevoller Hand- und Maschinenarbeit und unter menschenunw\u00fcrdigen Arbeitsbedingungen.<\/p>\n<p>Wer am Wettbewerb teilgenommen hat oder sich jetzt mit Fairtrade B\u00e4llen besch\u00e4ftigt, tr\u00e4gt dazu bei, dass sich das \u00e4ndert.<\/p>\n<p>Dank Fairtrade erhalten N\u00e4her*innen eine bessere Bezahlung f\u00fcr ihre harte Arbeit. Dar\u00fcber hinaus werden durch Fairtrade weitere Ma\u00dfnahmen unterst\u00fctzt, die Arbeits-, Bildungs- und Lebensbedingungen der Mitarbeitenden und ihrer Familien verbessern.<\/p>\n<h2><strong>Der Wettbewerb ist vorbei, aber jetzt geht es erst richtig los:<\/strong><\/h2>\n<p>Achtet zum Beispiel beim Kauf darauf, dass der Ball ein anerkanntes Siegel von fairer Produktion\/fairem Handel tr\u00e4gt. Oder sprecht das Thema in Verein, Schule oder Clique an. Und probiert die B\u00e4lle aus! Keine Aktion ist \u201ezu klein\u201c, jedes Engagement z\u00e4hlt!<\/p>\n<p>Der Norderstedter Weltladen in der Rathausallee 44 hat fair produzierte B\u00e4lle und ber\u00e4t Euch gerne! Kommt vorbei, sendet eine Mail oder ruft uns an: 040 535 310 22.[\/vc_column_text]<div class=\"ult-spacer spacer-69d6a672691c7\" data-id=\"69d6a672691c7\" data-height=\"10\" data-height-mobile=\"5\" data-height-tab=\"\" data-height-tab-portrait=\"\" data-height-mobile-landscape=\"7\" style=\"clear:both;display:block;\"><\/div><div class=\"text-centered\"><a href=\"https:\/\/weltlaeden.de\/norderstedt\/fairplay-wettbewerb\/einsendungen\/\" class=\"btn-shortcode dt-btn-l dt-btn default-btn-color default-btn-hover-color default-btn-bg-color default-btn-bg-hover-color\" target=\"_blank\" id=\"dt-btn-1\" rel=\"noopener\"><span>Einsendungen Ansehen<\/span><\/a><\/div>[vc_empty_space][\/vc_column][\/vc_row][vc_row][vc_column width=&#8220;1\/3&#8243;][vc_single_image image=&#8220;797&#8243; img_size=&#8220;105 x 47&#8243; alignment=&#8220;center&#8220; css_animation=&#8220;fadeIn&#8220;][\/vc_column][vc_column width=&#8220;1\/3&#8243;][vc_single_image image=&#8220;784&#8243; img_size=&#8220;170 x 39&#8243; alignment=&#8220;center&#8220; css_animation=&#8220;fadeIn&#8220;][\/vc_column][vc_column width=&#8220;1\/3&#8243;][vc_single_image image=&#8220;783&#8243; img_size=&#8220;112 x 50&#8243; alignment=&#8220;center&#8220; css_animation=&#8220;fadeIn&#8220;][\/vc_column][\/vc_row]<\/p>\n<\/div>","protected":false},"excerpt":{"rendered":"<p>[vc_row][vc_column][vc_column_text css_animation=&#8220;fadeIn&#8220;] Vielen Dank f\u00fcr euer gro\u00dfes Engagement und eure Teilnahme! Viele Schulklassen, Gruppen, Vereine, Familien und Einzelpersonen haben am Wettbewerb \u201eNorderstedt spielt FAIR!\u201c teilgenommen. Bis zum 30. November 2021 habt Ihr kreative Fotos und individuelle Texte hochgeladen. Damit habt Ihr eindrucksvoll gezeigt, was Euch Fairtrade bedeutet! Wegen der vielen Teilnehmenden haben wir die Zahl&hellip;<\/p>\n","protected":false},"author":30,"featured_media":0,"parent":379,"menu_order":0,"comment_status":"closed","ping_status":"closed","template":"","meta":{"footnotes":""},"class_list":["post-739","page","type-page","status-publish","hentry","description-off"],"yoast_head":"<!-- This site is optimized with the Yoast SEO plugin v26.8 - https:\/\/yoast.com\/product\/yoast-seo-wordpress\/ -->\n<title>Fairplay Wettbewerb &#183; Weltladen Norderstedt<\/title>\n<meta name=\"robots\" content=\"index, follow, max-snippet:-1, max-image-preview:large, max-video-preview:-1\" \/>\n<link rel=\"canonical\" href=\"https:\/\/weltlaeden.de\/norderstedt\/fairplay-wettbewerb\/\" \/>\n<meta property=\"og:locale\" content=\"de_DE\" \/>\n<meta property=\"og:type\" content=\"article\" \/>\n<meta property=\"og:title\" content=\"Fairplay Wettbewerb &#183; Weltladen Norderstedt\" \/>\n<meta property=\"og:description\" content=\"[vc_row][vc_column][vc_column_text css_animation=&#8220;fadeIn&#8220;] Vielen Dank f\u00fcr euer gro\u00dfes Engagement und eure Teilnahme! Viele Schulklassen, Gruppen, Vereine, Familien und Einzelpersonen haben am Wettbewerb \u201eNorderstedt spielt FAIR!\u201c teilgenommen. Bis zum 30. November 2021 habt Ihr kreative Fotos und individuelle Texte hochgeladen. Damit habt Ihr eindrucksvoll gezeigt, was Euch Fairtrade bedeutet! Wegen der vielen Teilnehmenden haben wir die Zahl&hellip;\" \/>\n<meta property=\"og:url\" content=\"https:\/\/weltlaeden.de\/norderstedt\/fairplay-wettbewerb\/\" \/>\n<meta property=\"og:site_name\" content=\"Weltladen Norderstedt\" \/>\n<meta property=\"article:publisher\" content=\"https:\/\/de-de.facebook.com\/Weltladen-Norderstedt-645783178910420\/\" \/>\n<meta property=\"article:modified_time\" content=\"2022-10-25T14:45:51+00:00\" \/>\n<meta name=\"twitter:card\" content=\"summary_large_image\" \/>\n<meta name=\"twitter:label1\" content=\"Gesch\u00e4tzte Lesezeit\" \/>\n\t<meta name=\"twitter:data1\" content=\"2\u00a0Minuten\" \/>\n<script type=\"application\/ld+json\" class=\"yoast-schema-graph\">{\"@context\":\"https:\/\/schema.org\",\"@graph\":[{\"@type\":\"WebPage\",\"@id\":\"https:\/\/weltlaeden.de\/norderstedt\/fairplay-wettbewerb\/\",\"url\":\"https:\/\/weltlaeden.de\/norderstedt\/fairplay-wettbewerb\/\",\"name\":\"Fairplay Wettbewerb &#183; Weltladen Norderstedt\",\"isPartOf\":{\"@id\":\"https:\/\/weltlaeden.de\/norderstedt\/#website\"},\"datePublished\":\"2021-08-26T12:32:12+00:00\",\"dateModified\":\"2022-10-25T14:45:51+00:00\",\"breadcrumb\":{\"@id\":\"https:\/\/weltlaeden.de\/norderstedt\/fairplay-wettbewerb\/#breadcrumb\"},\"inLanguage\":\"de\",\"potentialAction\":[{\"@type\":\"ReadAction\",\"target\":[\"https:\/\/weltlaeden.de\/norderstedt\/fairplay-wettbewerb\/\"]}]},{\"@type\":\"BreadcrumbList\",\"@id\":\"https:\/\/weltlaeden.de\/norderstedt\/fairplay-wettbewerb\/#breadcrumb\",\"itemListElement\":[{\"@type\":\"ListItem\",\"position\":1,\"name\":\"Startseite\",\"item\":\"https:\/\/weltlaeden.de\/norderstedt\/\"},{\"@type\":\"ListItem\",\"position\":2,\"name\":\"Fairplay Wettbewerb\"}]},{\"@type\":\"WebSite\",\"@id\":\"https:\/\/weltlaeden.de\/norderstedt\/#website\",\"url\":\"https:\/\/weltlaeden.de\/norderstedt\/\",\"name\":\"Weltladen Norderstedt\",\"description\":\"Faire Produkte seit 1990\",\"potentialAction\":[{\"@type\":\"SearchAction\",\"target\":{\"@type\":\"EntryPoint\",\"urlTemplate\":\"https:\/\/weltlaeden.de\/norderstedt\/?s={search_term_string}\"},\"query-input\":{\"@type\":\"PropertyValueSpecification\",\"valueRequired\":true,\"valueName\":\"search_term_string\"}}],\"inLanguage\":\"de\"}]}<\/script>\n<!-- \/ Yoast SEO plugin. -->","yoast_head_json":{"title":"Fairplay Wettbewerb &#183; Weltladen Norderstedt","robots":{"index":"index","follow":"follow","max-snippet":"max-snippet:-1","max-image-preview":"max-image-preview:large","max-video-preview":"max-video-preview:-1"},"canonical":"https:\/\/weltlaeden.de\/norderstedt\/fairplay-wettbewerb\/","og_locale":"de_DE","og_type":"article","og_title":"Fairplay Wettbewerb &#183; Weltladen Norderstedt","og_description":"[vc_row][vc_column][vc_column_text css_animation=&#8220;fadeIn&#8220;] Vielen Dank f\u00fcr euer gro\u00dfes Engagement und eure Teilnahme! Viele Schulklassen, Gruppen, Vereine, Familien und Einzelpersonen haben am Wettbewerb \u201eNorderstedt spielt FAIR!\u201c teilgenommen. Bis zum 30. November 2021 habt Ihr kreative Fotos und individuelle Texte hochgeladen. Damit habt Ihr eindrucksvoll gezeigt, was Euch Fairtrade bedeutet! Wegen der vielen Teilnehmenden haben wir die Zahl&hellip;","og_url":"https:\/\/weltlaeden.de\/norderstedt\/fairplay-wettbewerb\/","og_site_name":"Weltladen Norderstedt","article_publisher":"https:\/\/de-de.facebook.com\/Weltladen-Norderstedt-645783178910420\/","article_modified_time":"2022-10-25T14:45:51+00:00","twitter_card":"summary_large_image","twitter_misc":{"Gesch\u00e4tzte Lesezeit":"2\u00a0Minuten"},"schema":{"@context":"https:\/\/schema.org","@graph":[{"@type":"WebPage","@id":"https:\/\/weltlaeden.de\/norderstedt\/fairplay-wettbewerb\/","url":"https:\/\/weltlaeden.de\/norderstedt\/fairplay-wettbewerb\/","name":"Fairplay Wettbewerb &#183; Weltladen Norderstedt","isPartOf":{"@id":"https:\/\/weltlaeden.de\/norderstedt\/#website"},"datePublished":"2021-08-26T12:32:12+00:00","dateModified":"2022-10-25T14:45:51+00:00","breadcrumb":{"@id":"https:\/\/weltlaeden.de\/norderstedt\/fairplay-wettbewerb\/#breadcrumb"},"inLanguage":"de","potentialAction":[{"@type":"ReadAction","target":["https:\/\/weltlaeden.de\/norderstedt\/fairplay-wettbewerb\/"]}]},{"@type":"BreadcrumbList","@id":"https:\/\/weltlaeden.de\/norderstedt\/fairplay-wettbewerb\/#breadcrumb","itemListElement":[{"@type":"ListItem","position":1,"name":"Startseite","item":"https:\/\/weltlaeden.de\/norderstedt\/"},{"@type":"ListItem","position":2,"name":"Fairplay Wettbewerb"}]},{"@type":"WebSite","@id":"https:\/\/weltlaeden.de\/norderstedt\/#website","url":"https:\/\/weltlaeden.de\/norderstedt\/","name":"Weltladen Norderstedt","description":"Faire Produkte seit 1990","potentialAction":[{"@type":"SearchAction","target":{"@type":"EntryPoint","urlTemplate":"https:\/\/weltlaeden.de\/norderstedt\/?s={search_term_string}"},"query-input":{"@type":"PropertyValueSpecification","valueRequired":true,"valueName":"search_term_string"}}],"inLanguage":"de"}]}},"_links":{"self":[{"href":"https:\/\/weltlaeden.de\/norderstedt\/wp-json\/wp\/v2\/pages\/739","targetHints":{"allow":["GET"]}}],"collection":[{"href":"https:\/\/weltlaeden.de\/norderstedt\/wp-json\/wp\/v2\/pages"}],"about":[{"href":"https:\/\/weltlaeden.de\/norderstedt\/wp-json\/wp\/v2\/types\/page"}],"author":[{"embeddable":true,"href":"https:\/\/weltlaeden.de\/norderstedt\/wp-json\/wp\/v2\/users\/30"}],"replies":[{"embeddable":true,"href":"https:\/\/weltlaeden.de\/norderstedt\/wp-json\/wp\/v2\/comments?post=739"}],"version-history":[{"count":140,"href":"https:\/\/weltlaeden.de\/norderstedt\/wp-json\/wp\/v2\/pages\/739\/revisions"}],"predecessor-version":[{"id":1635,"href":"https:\/\/weltlaeden.de\/norderstedt\/wp-json\/wp\/v2\/pages\/739\/revisions\/1635"}],"up":[{"embeddable":true,"href":"https:\/\/weltlaeden.de\/norderstedt\/wp-json\/wp\/v2\/pages\/379"}],"wp:attachment":[{"href":"https:\/\/weltlaeden.de\/norderstedt\/wp-json\/wp\/v2\/media?parent=739"}],"curies":[{"name":"wp","href":"https:\/\/api.w.org\/{rel}","templated":true}]}}