{"id":488,"date":"2023-09-08T14:35:21","date_gmt":"2023-09-08T12:35:21","guid":{"rendered":"https:\/\/weltlaeden.de\/vorlage\/?page_id=371"},"modified":"2023-09-08T14:42:01","modified_gmt":"2023-09-08T12:42:01","slug":"datenschutz","status":"publish","type":"page","link":"https:\/\/weltlaeden.de\/norderstedt\/ueber-uns\/datenschutz\/","title":{"rendered":"Datenschutz"},"content":{"rendered":"<div class=\"wpb-content-wrapper\"><p>[vc_row][vc_column][vc_column_text]<\/p>\n<h1>Datenschutz bei Eine Welt f\u00fcr Alle e.V.<\/h1>\n<p>[\/vc_column_text][vc_column_text el_class=&#8220;silbentrennung&#8220;]<\/p>\n<p>Sch\u00f6n, dass Sie unsere Webseite besuchen! Datenschutz hat einen besonders hohen Stellenwert f\u00fcr uns. <strong>Eine Nutzung unser Internetseiten ist grunds\u00e4tzlich ohne jede Angabe personenbezogener Daten m\u00f6glich<\/strong>. Es fallen jedoch gewisse Daten an, die nach aktueller Rechtssprechung als personenbezogene Daten angesehen werden k\u00f6nnen.\u00a0<strong>Wir erl\u00e4utern hier kurz und verst\u00e4ndlich, wie wir mit diesen umgehen.\u00a0<\/strong><strong><a href=\"https:\/\/weltlaeden.de\/stat\/index.php?module=CoreAdminHome&amp;action=optOut&amp;language=de&amp;backgroundColor=&amp;fontColor=&amp;fontSize=&amp;fontFamily=%22Arial%22\" target=\"_blank\" rel=\"noopener\">\u00dcber diesen Klick k\u00f6nnen Sie die Besuchstatistiken von Ihnen deaktivieren und l\u00f6schen.<\/a><\/strong><\/p>\n<p>[\/vc_column_text]<div class=\"smile_icon_list_wrap ult_info_list_container ult-adjust-bottom-margin  \"><ul class=\"smile_icon_list left square with_bg\"><li class=\"icon_list_item\" style=\" font-size:72px;\"><div class=\"icon_list_icon\" data-animation=\"\" data-animation-delay=\"03\" style=\"font-size:24px;border-width:1px;border-style:none;background:#ffffff;color:#333333;border-color:#333333;\"><i class=\"Defaults-user\" ><\/i><\/div><div class=\"icon_description\" id=\"Info-list-wrap-2671\" style=\"font-size:24px;\"><h3 class=\"ult-responsive info-list-heading\"  data-ultimate-target='#Info-list-wrap-2671 h3'  data-responsive-json-new='{\"font-size\":\"desktop:16px;\",\"line-height\":\"desktop:24px;\"}'  style=\"\">Keinerlei Weitergabe von Daten<\/h3><div class=\"icon_description_text ult-responsive\"  data-ultimate-target='#Info-list-wrap-2671 .icon_description_text'  data-responsive-json-new='{\"font-size\":\"desktop:13px;\",\"line-height\":\"desktop:18px;\"}'  style=\"\"><p>Wir geben grunds\u00e4tzlich keinerlei Daten die bei uns anfallen &#8211; ob personenbezogen oder nicht &#8211; an Dritte weiter!<\/p>\n<\/div><\/div><div class=\"icon_list_connector\"  style=\"border-right-width: 1px;border-right-style: dashed;border-color: #333333;\"><\/div><\/li><li class=\"icon_list_item\" style=\" font-size:72px;\"><div class=\"icon_list_icon\" data-animation=\"\" data-animation-delay=\"03\" style=\"font-size:24px;border-width:1px;border-style:none;background:#ffffff;color:#333333;border-color:#333333;\"><i class=\"Defaults-cogs gears\" ><\/i><\/div><div class=\"icon_description\" id=\"Info-list-wrap-9532\" style=\"font-size:24px;\"><h3 class=\"ult-responsive info-list-heading\"  data-ultimate-target='#Info-list-wrap-9532 h3'  data-responsive-json-new='{\"font-size\":\"desktop:16px;\",\"line-height\":\"desktop:24px;\"}'  style=\"\">IP-Adressen<\/h3><div class=\"icon_description_text ult-responsive\"  data-ultimate-target='#Info-list-wrap-9532 .icon_description_text'  data-responsive-json-new='{\"font-size\":\"desktop:13px;\",\"line-height\":\"desktop:18px;\"}'  style=\"\"><p>Wenn Sie eine Webseite wie diese besuchen, wird Ihre <strong>IP-Adresse<\/strong> unserem Server bekannt. Wir ben\u00f6tigen diese z.B f\u00fcr unsere Sicherheitsmechanismen, die verhindern, dass unsere Webseiten angegriffen werden k\u00f6nnen. Ausschlie\u00dflich im Falle einer nicht-erfolgreichen Anmeldung im WordPress-Backend, oder anderen gesch\u00fctzten Bereichen wird diese IP-Adresse verwertet und dies ausschlie\u00dflich zu dem Zweck, diese IP-Adresse an weiteren Zugriffsversuchen zu hindern (<strong>Sperrliste<\/strong>). Es findet keine weitere Auswertung oder Weitergabe statt.<\/p>\n<\/div><\/div><div class=\"icon_list_connector\"  style=\"border-right-width: 1px;border-right-style: dashed;border-color: #333333;\"><\/div><\/li><li class=\"icon_list_item\" style=\" font-size:72px;\"><div class=\"icon_list_icon\" data-animation=\"\" data-animation-delay=\"03\" style=\"font-size:24px;border-width:1px;border-style:none;background:#ffffff;color:#333333;border-color:#333333;\"><i class=\"Defaults-bar-chart bar-chart-o\" ><\/i><\/div><div class=\"icon_description\" id=\"Info-list-wrap-4833\" style=\"font-size:24px;\"><h3 class=\"ult-responsive info-list-heading\"  data-ultimate-target='#Info-list-wrap-4833 h3'  data-responsive-json-new='{\"font-size\":\"desktop:16px;\",\"line-height\":\"desktop:24px;\"}'  style=\"\">Besuchsstatistiken<\/h3><div class=\"icon_description_text ult-responsive\"  data-ultimate-target='#Info-list-wrap-4833 .icon_description_text'  data-responsive-json-new='{\"font-size\":\"desktop:13px;\",\"line-height\":\"desktop:18px;\"}'  style=\"\"><p>Um besser zu verstehen, was die Besucher auf unseren Webseiten interessiert, und ob diese sich dort zurecht finden, setzen wir das Open-Source Analyse-Tool Matomo (vormals Piwik) ein. <strong>Dieses Tool setzt einen Cookie<\/strong>, um einzelne Nutzer voneinander zu unterscheiden.<\/p>\n<p>Da Matomo \u00fcber unseren Server gehostet wird, <strong>verlassen diese Daten allerdings nie unseren Zust\u00e4ndigkeitsbereich<\/strong>. Dies ist somit eine deutlich bessere Alternative als Tools wie GoogleAnalytics, bei denen Ihre Besuchsstatistiken fremdverarbeitet werden. Matomo wird vom Landeszentrum f\u00fcr Datenschutz Schleswig Holstein <a href=\"https:\/\/www.datenschutzzentrum.de\/uploads\/projekte\/verbraucherdatenschutz\/20110315-webanalyse-piwik.pdf\">ausdr\u00fccklich empfohlen.<\/a> <strong>IP-Adressen werden in unserer Konfiguration um 6 Stellen anonymisiert und erm\u00f6glichen keinen R\u00fcckschluss auf den tats\u00e4chlichen Anschluss<\/strong>.<\/p>\n<p>Wenn Sie nicht m\u00f6chten, dass Ihre Besuche bei unseren Webseiten erfasst werden, k\u00f6nnen Sie in Ihrem Browser die &#8218;Do not track&#8216; Option aktivieren und Matomo wird keine Daten von Ihnen erfassen.<strong>\u00a0<a href=\"https:\/\/weltlaeden.de\/stat\/index.php?module=CoreAdminHome&amp;action=optOut&amp;language=de&amp;backgroundColor=&amp;fontColor=&amp;fontSize=&amp;fontFamily=%22Arial%22\" target=\"_blank\" rel=\"noopener\">\u00dcber diesen Klick k\u00f6nnen Sie die Besuchstatistiken von Ihnen zus\u00e4tzlich komplett l\u00f6schen.<\/a><\/strong><\/p>\n<\/div><\/div><div class=\"icon_list_connector\"  style=\"border-right-width: 1px;border-right-style: dashed;border-color: #333333;\"><\/div><\/li><li class=\"icon_list_item\" style=\" font-size:72px;\"><div class=\"icon_list_icon\" data-animation=\"\" data-animation-delay=\"03\" style=\"font-size:24px;border-width:1px;border-style:none;background:#ffffff;color:#333333;border-color:#333333;\"><i class=\"Defaults-envelope-o\" ><\/i><\/div><div class=\"icon_description\" id=\"Info-list-wrap-6075\" style=\"font-size:24px;\"><h3 class=\"ult-responsive info-list-heading\"  data-ultimate-target='#Info-list-wrap-6075 h3'  data-responsive-json-new='{\"font-size\":\"desktop:16px;\",\"line-height\":\"desktop:24px;\"}'  style=\"\">Schutz von pers\u00f6nlichem Schriftverkehr<\/h3><div class=\"icon_description_text ult-responsive\"  data-ultimate-target='#Info-list-wrap-6075 .icon_description_text'  data-responsive-json-new='{\"font-size\":\"desktop:13px;\",\"line-height\":\"desktop:18px;\"}'  style=\"\"><p><strong>F\u00fcr unseren Email-Schriftverkehr legen wir Wert auf den gr\u00f6\u00dftm\u00f6glichen Schutz der Inhalte.<\/strong> Unsere Email-Server stehen ausschlie\u00dflich in Deutschland und die Abfrage der Emails erfolgt ausschlie\u00dflich verschl\u00fcsselt. Bei der Verwendung von Kontaktformularen auf dieser Seite, werden die eingegebenen Daten nicht gesondert gespeichert, sondern ausschlie\u00dflich per Email weiterversendet. Alle Anfragen an diese Webseite sind SSL-verschl\u00fcsselt.<\/p>\n<\/div><\/div><div class=\"icon_list_connector\"  style=\"border-right-width: 1px;border-right-style: dashed;border-color: #333333;\"><\/div><\/li><li class=\"icon_list_item\" style=\" font-size:72px;\"><div class=\"icon_list_icon\" data-animation=\"\" data-animation-delay=\"03\" style=\"font-size:24px;border-width:1px;border-style:none;background:#ffffff;color:#333333;border-color:#333333;\"><i class=\"Defaults-facebook-official\" ><\/i><\/div><div class=\"icon_description\" id=\"Info-list-wrap-8531\" style=\"font-size:24px;\"><h3 class=\"ult-responsive info-list-heading\"  data-ultimate-target='#Info-list-wrap-8531 h3'  data-responsive-json-new='{\"font-size\":\"desktop:16px;\",\"line-height\":\"desktop:24px;\"}'  style=\"\">Social Media<\/h3><div class=\"icon_description_text ult-responsive\"  data-ultimate-target='#Info-list-wrap-8531 .icon_description_text'  data-responsive-json-new='{\"font-size\":\"desktop:13px;\",\"line-height\":\"desktop:18px;\"}'  style=\"\"><p><strong>Auf dieser Webseite verwenden wir nur Datenschutz-freundliche Social-Media Funktionen! <\/strong>F\u00fcr die S<em>hare-Buttons\u00a0<\/em>f\u00fcr soziale Medien, die Sie an einigen Stellen finden, verwenden wir ausschlie\u00dflich die <a href=\"https:\/\/www.heise.de\/newsticker\/meldung\/Datenschutz-und-Social-Media-Der-c-t-Shariff-ist-im-Einsatz-2470103.html\">datenschutzfreundliche Implementierung &#8222;Shariff&#8220;<\/a>, entwickelt vom ct-Magazin. Bei dieser &#8222;Zwei-Klick-L\u00f6sung&#8220; werden &#8211; anders als bei den normalen Share-Buttons &#8211; erst Daten an die soziale Netzwerke \u00fcbermittelt, wenn diese aktiv geklickt werden.<\/p>\n<\/div><\/div><div class=\"icon_list_connector\"  style=\"border-right-width: 1px;border-right-style: dashed;border-color: #333333;\"><\/div><\/li><li class=\"icon_list_item\" style=\" font-size:72px;\"><div class=\"icon_list_icon\" data-animation=\"\" data-animation-delay=\"03\" style=\"font-size:24px;border-width:1px;border-style:none;background:#ffffff;color:#333333;border-color:#333333;\"><i class=\"Defaults-key\" ><\/i><\/div><div class=\"icon_description\" id=\"Info-list-wrap-1603\" style=\"font-size:24px;\"><h3 class=\"ult-responsive info-list-heading\"  data-ultimate-target='#Info-list-wrap-1603 h3'  data-responsive-json-new='{\"font-size\":\"desktop:16px;\",\"line-height\":\"desktop:24px;\"}'  style=\"\">Externe Bibliotheken<\/h3><div class=\"icon_description_text ult-responsive\"  data-ultimate-target='#Info-list-wrap-1603 .icon_description_text'  data-responsive-json-new='{\"font-size\":\"desktop:13px;\",\"line-height\":\"desktop:18px;\"}'  style=\"\"><p>Auf dieser Webseite werden teilweise externe Bibliotheken und Schriftarten verwendet. Diese sind essentiell f\u00fcr die Funktion des Systems. Beim Besuch stellt Ihr Browser eine Verbindung zu dem Server der externen Bibliothek her und l\u00e4dt von dort ein Skript oder eine Schriftart herunter. Dabei wird diesem externen Server zumindest Ihre IP-Adresse und der verwendete Browser bekannt. <strong>Wir versuchen derzeit die Nutzung von externen Bibliotheken und Schriftarten soweit wie m\u00f6glich zu minimieren<\/strong>, diese sind jedoch stark in das System (WordPress) integriert, weshalb eine vollst\u00e4ndige Umstellung zur Zeit noch etwas schwierig ist.<\/p>\n<\/div><\/div><div class=\"icon_list_connector\"  style=\"border-right-width: 1px;border-right-style: dashed;border-color: #333333;\"><\/div><\/li><\/ul><\/div>[vc_empty_space]<div class=\"hr-thin style-line accent-border-color\" style=\"width: 100%;border-top-width: 1px;\"><\/div>[vc_empty_space][\/vc_column][\/vc_row][vc_row][vc_column][vc_column_text]<\/p>\n<h1>Datenschutzerkl\u00e4rung<\/h1>\n<p>[\/vc_column_text][vc_column_text]<strong>Anbieter und verantwortliche Stelle im Sinne des Datenschutzgesetzes<\/strong><\/p>\n<div class=\"csc-header csc-header-n1\">\n<blockquote><p>Eine Welt f\u00fcr Alle e.V.<br \/>\nRathausallee 44<br \/>\n22846 Norderstedt<\/p>\n<p>Vertreten durch:<br \/>\nJutta Mimidis<\/p>\n<p>Kontakt:<br \/>\nTel:  040 \/ 53 53 10 22<br \/>\r\nFax: 040 \/ 53 53 10 23<br \/>\ninfo@eine-welt-norderstedt.de<\/p><\/blockquote>\n<\/div>\n<p><strong>Geltungsbereich<\/strong><\/p>\n<p>Nutzer erhalten mit dieser Datenschutzerkl\u00e4rung Information \u00fcber die Art, den Umfang und Zweck der Erhebung und Verwendung ihrer Daten durch den verantwortlichen Anbieter erhoben und verwendet werden.<\/p>\n<p>Den rechtlichen Rahmen f\u00fcr den Datenschutz bilden das Bundesdatenschutzgesetz (BDSG) und das Telemediengesetz (TMG).<\/p>\n<p><strong>Erfassung allgemeiner Informationen<\/strong><\/p>\n<p>Mit jedem Zugriff auf dieses Angebot werden durch uns bzw. den Webspace-Provider automatisch Informationen erfasst. Diese Informationen, auch als Server-Logfiles bezeichnet, sind allgemeiner Natur und erlauben keine R\u00fcckschl\u00fcsse auf Ihre Person.<\/p>\n<p>Erfasst werden unter anderem: Name der Webseite, Datei, Datum, Datenmenge, Webbrowser und Webbrowser-Version, Betriebssystem, der Domainname Ihres Internet-Providers, die sogenannte Referrer-URL (jene Seite, von der aus Sie auf unser Angebot zugegriffen haben) und die IP-Adresse.<\/p>\n<p>Ohne diese Daten w\u00e4re es technisch teils nicht m\u00f6glich, die Inhalte der Webseite auszuliefern und darzustellen. Insofern ist die Erfassung der Daten zwingend notwendig. Dar\u00fcber hinaus verwenden wir die anonymen Informationen f\u00fcr statistische Zwecke. Sie helfen uns bei der Optimierung des Angebots und der Technik. Wir behalten uns zudem das Recht vor, die Log-Files bei Verdacht auf eine rechtswidrige Nutzung unseres Angebotes nachtr\u00e4glich zu kontrollieren.<\/p>\n<p><strong>Erbringung kostenpflichtiger Leistungen<\/strong><\/p>\n<p>Damit wir kostenpflichtige Leistungen erbringen k\u00f6nnen, fragen wir zus\u00e4tzliche Daten ab. Das gilt zum Beispiel f\u00fcr die Angaben zur Zahlung.<\/p>\n<p>Damit die Sicherheit Ihrer Daten w\u00e4hrend der \u00dcbertragung gew\u00e4hrleistet ist, arbeiten wir mit Verschl\u00fcsselungsverfahren (etwa SSL) \u00fcber HTTPS, die den aktuellen Stand der Technik widerspiegeln.<\/p>\n<p><strong>Kontaktformular<\/strong><\/p>\n<p>Wenn Sie uns \u00fcber das Onlineformular oder per E-Mail kontaktieren, speichern wir die von Ihnen gemachten Angaben, um Ihre Anfrage beantworten und m\u00f6gliche Anschlussfragen stellen zu k\u00f6nnen.<\/p>\n<p><strong>Cookies<\/strong><\/p>\n<p>Diese Webseite verwendet sogenannte Cookies. Das sind Textdateien, die vom Server aus auf Ihrem Rechner gespeichert werden. Sie enthalten Informationen zum Browser, zur IP-Adresse, dem Betriebssystem und zur Internetverbindung. Diese Daten werden von uns nicht an Dritte weitergegeben oder ohne ihre Zustimmung mit personenbezogenen Daten verkn\u00fcpft.<\/p>\n<p>Cookies erf\u00fcllen vor allem zwei Aufgaben. Sie helfen uns, Ihnen die Navigation durch unser Angebot zu erleichtern, und erm\u00f6glichen die korrekte Darstellung der Webseite. Sie werden nicht dazu genutzt, Viren einzuschleusen oder Programme zu starten.<\/p>\n<p>Nutzer haben die M\u00f6glichkeit, unser Angebot auch ohne Cookies aufzurufen. Dazu m\u00fcssen im Browser die entsprechenden Einstellungen ge\u00e4ndert werden. Informieren Sie sich bitte \u00fcber die Hilfsfunktion Ihres Browsers, wie Cookies deaktiviert werden. Wir weisen allerdings darauf hin, dass dadurch einige Funktionen dieser Webseite m\u00f6glicherweise beeintr\u00e4chtigt werden und der Nutzungskomfort eingeschr\u00e4nkt wird. Die Seiten <a href=\"http:\/\/www.aboutads.info\/choices\/\">http:\/\/www.aboutads.info\/choices\/<\/a> (USA) und <a href=\"http:\/\/www.youronlinechoices.com\/uk\/your-ad-choices\/\">http:\/\/www.youronlinechoices.com\/uk\/your-ad-choices\/<\/a> (Europa) erlauben es Ihnen, Online-Anzeigen-Cookies zu verwalten.<\/p>\n<p><strong>Verwendung von Matomo (vormals Piwik)<\/strong><\/p>\n<p>Diese Webseite nutzt Matomo (vormals Piwik), eine Open-Source-Software, die Daten sammelt und speichert. Diese Informationen dienen Marketing- und Optimierungszwecken. Matomo erstellt dazu aus den Daten Nutzungsprofile mit einem Pseudonym. F\u00fcr diese Zwecke speichert die Software auf Ihrem Computer Cookies (Textdateien), anhand derer die Nutzung der Webseite durch Sie analysiert werden kann. Ihre IP-Adresse wird dabei sofort nach der Verarbeitung und vor der Speicherung anonymisiert. Die Daten werden auf den Servern des Anbieters in Deutschland hinterlegt.<\/p>\n<p>Wenn Sie nicht m\u00f6chten, dass Matomo Cookies speichert, haben Sie die M\u00f6glichkeit, \u00fcber die Einstellungen Ihres Browser die Installation von Cookies zu unterbinden (Informationen dazu finden Sie in der Hilfefunktion des Browsers). In diesem Fall k\u00f6nnen Sie m\u00f6glicherweise nicht alle Funktionen des Angebots nutzen.<\/p>\n<p><strong>Datensparsamkeit<\/strong><\/p>\n<p>Personenbezogene Daten speichern wir gem\u00e4\u00df den Grunds\u00e4tzen der Datenvermeidung und Datensparsamkeit nur so lange, wie es erforderlich ist oder vom Gesetzgeber her vorgeschrieben wird (gesetzliche Speicherfrist). Entf\u00e4llt der Zweck der erhobenen Informationen oder endet die Speicherfrist, sperren oder l\u00f6schen wir die Daten.<\/p>\n<p><strong>Ihre Rechte auf Auskunft, Berichtigung, Sperre, L\u00f6schung und Widerspruch<\/strong><\/p>\n<p>Sie haben das Recht, auf Antrag unentgeltlich eine Auskunft, \u00fcber die bei uns gespeicherten personenbezogenen Daten, anzufordern und\/oder eine Berichtigung, Sperrung oder L\u00f6schung zu verlangen. Ausnahmen: Es handelt sich um die vorgeschriebene Datenspeicherung zur Gesch\u00e4ftsabwicklung oder die Daten unterliegen der gesetzlichen Aufbewahrungspflicht.<\/p>\n<p>F\u00fcr diese Zwecke kontaktieren Sie bitte unseren Datenschutzbeauftragen (Kontaktdaten: am Ende der Datenschutzerkl\u00e4rung).<\/p>\n<p>Um eine Datensperre jederzeit ber\u00fccksichtigen zu k\u00f6nnen, ist es erforderlich, die Daten f\u00fcr Kontrollzwecke in einer Sperrdatei vorzuhalten. Besteht keine gesetzliche Archivierungspflicht, k\u00f6nnen Sie auch die L\u00f6schung der Daten verlangen. Anderenfalls sperren wir die Daten, sofern Sie dies w\u00fcnschen.<\/p>\n<p><strong>\u00c4nderung unserer Datenschutzerkl\u00e4rung<\/strong><\/p>\n<p>Um zu gew\u00e4hrleisten, dass unsere Datenschutzerkl\u00e4rung stets den aktuellen gesetzlichen Vorgaben entspricht, behalten wir uns jederzeit \u00c4nderungen vor. Das gilt auch f\u00fcr den Fall, dass die Datenschutzerkl\u00e4rung aufgrund neuer oder \u00fcberarbeiteter Leistungen, zum Beispiel neuer Serviceleistungen, angepasst werden muss. Die neue Datenschutzerkl\u00e4rung greift dann bei Ihrem n\u00e4chsten Besuch auf unserem Angebot.<\/p>\n<p>&nbsp;<\/p>\n<p><small>Quelle: Datenschutz-Konfigurator von <a href=\"http:\/\/www.mein-datenschutzbeauftragter.de\" target=\"_blank\" rel=\"noopener\">mein-datenschutzbeauftragter.de<\/a><\/small>[\/vc_column_text][\/vc_column][\/vc_row]<\/p>\n<\/div>","protected":false},"excerpt":{"rendered":"<p>[vc_row][vc_column][vc_column_text] Datenschutz bei [\/vc_column_text][vc_column_text el_class=&#8220;silbentrennung&#8220;] Sch\u00f6n, dass Sie unsere Webseite besuchen! Datenschutz hat einen besonders hohen Stellenwert f\u00fcr uns. Eine Nutzung unser Internetseiten ist grunds\u00e4tzlich ohne jede Angabe personenbezogener Daten m\u00f6glich. Es fallen jedoch gewisse Daten an, die nach aktueller Rechtssprechung als personenbezogene Daten angesehen werden k\u00f6nnen.\u00a0Wir erl\u00e4utern hier kurz und verst\u00e4ndlich, wie wir mit&hellip;<\/p>\n","protected":false},"author":1,"featured_media":0,"parent":219,"menu_order":7,"comment_status":"closed","ping_status":"closed","template":"","meta":{"footnotes":""},"class_list":["post-488","page","type-page","status-publish","hentry","description-off"],"yoast_head":"<!-- This site is optimized with the Yoast SEO plugin v26.8 - https:\/\/yoast.com\/product\/yoast-seo-wordpress\/ -->\n<title>Datenschutz &#183; Weltladen Norderstedt<\/title>\n<meta name=\"robots\" content=\"index, follow, max-snippet:-1, max-image-preview:large, max-video-preview:-1\" \/>\n<link rel=\"canonical\" href=\"https:\/\/weltlaeden.de\/norderstedt\/datenschutz\/\" \/>\n<meta property=\"og:locale\" content=\"de_DE\" \/>\n<meta property=\"og:type\" content=\"article\" \/>\n<meta property=\"og:title\" content=\"Datenschutz &#183; Weltladen Norderstedt\" \/>\n<meta property=\"og:description\" content=\"[vc_row][vc_column][vc_column_text] Datenschutz bei [\/vc_column_text][vc_column_text el_class=&#8220;silbentrennung&#8220;] Sch\u00f6n, dass Sie unsere Webseite besuchen! Datenschutz hat einen besonders hohen Stellenwert f\u00fcr uns. Eine Nutzung unser Internetseiten ist grunds\u00e4tzlich ohne jede Angabe personenbezogener Daten m\u00f6glich. Es fallen jedoch gewisse Daten an, die nach aktueller Rechtssprechung als personenbezogene Daten angesehen werden k\u00f6nnen.\u00a0Wir erl\u00e4utern hier kurz und verst\u00e4ndlich, wie wir mit&hellip;\" \/>\n<meta property=\"og:url\" content=\"https:\/\/weltlaeden.de\/norderstedt\/datenschutz\/\" \/>\n<meta property=\"og:site_name\" content=\"Weltladen Norderstedt\" \/>\n<meta property=\"article:publisher\" content=\"https:\/\/de-de.facebook.com\/Weltladen-Norderstedt-645783178910420\/\" \/>\n<meta property=\"article:modified_time\" content=\"2023-09-08T12:42:01+00:00\" \/>\n<meta name=\"twitter:card\" content=\"summary_large_image\" \/>\n<meta name=\"twitter:label1\" content=\"Gesch\u00e4tzte Lesezeit\" \/>\n\t<meta name=\"twitter:data1\" content=\"7\u00a0Minuten\" \/>\n<script type=\"application\/ld+json\" class=\"yoast-schema-graph\">{\"@context\":\"https:\/\/schema.org\",\"@graph\":[{\"@type\":\"WebPage\",\"@id\":\"https:\/\/weltlaeden.de\/norderstedt\/datenschutz\/\",\"url\":\"https:\/\/weltlaeden.de\/norderstedt\/datenschutz\/\",\"name\":\"Datenschutz &#183; Weltladen Norderstedt\",\"isPartOf\":{\"@id\":\"https:\/\/weltlaeden.de\/norderstedt\/#website\"},\"datePublished\":\"2023-09-08T12:35:21+00:00\",\"dateModified\":\"2023-09-08T12:42:01+00:00\",\"breadcrumb\":{\"@id\":\"https:\/\/weltlaeden.de\/norderstedt\/datenschutz\/#breadcrumb\"},\"inLanguage\":\"de\",\"potentialAction\":[{\"@type\":\"ReadAction\",\"target\":[\"https:\/\/weltlaeden.de\/norderstedt\/datenschutz\/\"]}]},{\"@type\":\"BreadcrumbList\",\"@id\":\"https:\/\/weltlaeden.de\/norderstedt\/datenschutz\/#breadcrumb\",\"itemListElement\":[{\"@type\":\"ListItem\",\"position\":1,\"name\":\"Startseite\",\"item\":\"https:\/\/weltlaeden.de\/norderstedt\/\"},{\"@type\":\"ListItem\",\"position\":2,\"name\":\"Datenschutz\"}]},{\"@type\":\"WebSite\",\"@id\":\"https:\/\/weltlaeden.de\/norderstedt\/#website\",\"url\":\"https:\/\/weltlaeden.de\/norderstedt\/\",\"name\":\"Weltladen Norderstedt\",\"description\":\"Faire Produkte seit 1990\",\"potentialAction\":[{\"@type\":\"SearchAction\",\"target\":{\"@type\":\"EntryPoint\",\"urlTemplate\":\"https:\/\/weltlaeden.de\/norderstedt\/?s={search_term_string}\"},\"query-input\":{\"@type\":\"PropertyValueSpecification\",\"valueRequired\":true,\"valueName\":\"search_term_string\"}}],\"inLanguage\":\"de\"}]}<\/script>\n<!-- \/ Yoast SEO plugin. -->","yoast_head_json":{"title":"Datenschutz &#183; Weltladen Norderstedt","robots":{"index":"index","follow":"follow","max-snippet":"max-snippet:-1","max-image-preview":"max-image-preview:large","max-video-preview":"max-video-preview:-1"},"canonical":"https:\/\/weltlaeden.de\/norderstedt\/datenschutz\/","og_locale":"de_DE","og_type":"article","og_title":"Datenschutz &#183; Weltladen Norderstedt","og_description":"[vc_row][vc_column][vc_column_text] Datenschutz bei [\/vc_column_text][vc_column_text el_class=&#8220;silbentrennung&#8220;] Sch\u00f6n, dass Sie unsere Webseite besuchen! Datenschutz hat einen besonders hohen Stellenwert f\u00fcr uns. Eine Nutzung unser Internetseiten ist grunds\u00e4tzlich ohne jede Angabe personenbezogener Daten m\u00f6glich. Es fallen jedoch gewisse Daten an, die nach aktueller Rechtssprechung als personenbezogene Daten angesehen werden k\u00f6nnen.\u00a0Wir erl\u00e4utern hier kurz und verst\u00e4ndlich, wie wir mit&hellip;","og_url":"https:\/\/weltlaeden.de\/norderstedt\/datenschutz\/","og_site_name":"Weltladen Norderstedt","article_publisher":"https:\/\/de-de.facebook.com\/Weltladen-Norderstedt-645783178910420\/","article_modified_time":"2023-09-08T12:42:01+00:00","twitter_card":"summary_large_image","twitter_misc":{"Gesch\u00e4tzte Lesezeit":"7\u00a0Minuten"},"schema":{"@context":"https:\/\/schema.org","@graph":[{"@type":"WebPage","@id":"https:\/\/weltlaeden.de\/norderstedt\/datenschutz\/","url":"https:\/\/weltlaeden.de\/norderstedt\/datenschutz\/","name":"Datenschutz &#183; Weltladen Norderstedt","isPartOf":{"@id":"https:\/\/weltlaeden.de\/norderstedt\/#website"},"datePublished":"2023-09-08T12:35:21+00:00","dateModified":"2023-09-08T12:42:01+00:00","breadcrumb":{"@id":"https:\/\/weltlaeden.de\/norderstedt\/datenschutz\/#breadcrumb"},"inLanguage":"de","potentialAction":[{"@type":"ReadAction","target":["https:\/\/weltlaeden.de\/norderstedt\/datenschutz\/"]}]},{"@type":"BreadcrumbList","@id":"https:\/\/weltlaeden.de\/norderstedt\/datenschutz\/#breadcrumb","itemListElement":[{"@type":"ListItem","position":1,"name":"Startseite","item":"https:\/\/weltlaeden.de\/norderstedt\/"},{"@type":"ListItem","position":2,"name":"Datenschutz"}]},{"@type":"WebSite","@id":"https:\/\/weltlaeden.de\/norderstedt\/#website","url":"https:\/\/weltlaeden.de\/norderstedt\/","name":"Weltladen Norderstedt","description":"Faire Produkte seit 1990","potentialAction":[{"@type":"SearchAction","target":{"@type":"EntryPoint","urlTemplate":"https:\/\/weltlaeden.de\/norderstedt\/?s={search_term_string}"},"query-input":{"@type":"PropertyValueSpecification","valueRequired":true,"valueName":"search_term_string"}}],"inLanguage":"de"}]}},"_links":{"self":[{"href":"https:\/\/weltlaeden.de\/norderstedt\/wp-json\/wp\/v2\/pages\/488","targetHints":{"allow":["GET"]}}],"collection":[{"href":"https:\/\/weltlaeden.de\/norderstedt\/wp-json\/wp\/v2\/pages"}],"about":[{"href":"https:\/\/weltlaeden.de\/norderstedt\/wp-json\/wp\/v2\/types\/page"}],"author":[{"embeddable":true,"href":"https:\/\/weltlaeden.de\/norderstedt\/wp-json\/wp\/v2\/users\/1"}],"replies":[{"embeddable":true,"href":"https:\/\/weltlaeden.de\/norderstedt\/wp-json\/wp\/v2\/comments?post=488"}],"version-history":[{"count":1,"href":"https:\/\/weltlaeden.de\/norderstedt\/wp-json\/wp\/v2\/pages\/488\/revisions"}],"predecessor-version":[{"id":599,"href":"https:\/\/weltlaeden.de\/norderstedt\/wp-json\/wp\/v2\/pages\/488\/revisions\/599"}],"up":[{"embeddable":true,"href":"https:\/\/weltlaeden.de\/norderstedt\/wp-json\/wp\/v2\/pages\/219"}],"wp:attachment":[{"href":"https:\/\/weltlaeden.de\/norderstedt\/wp-json\/wp\/v2\/media?parent=488"}],"curies":[{"name":"wp","href":"https:\/\/api.w.org\/{rel}","templated":true}]}}