{"id":379,"date":"2023-08-30T15:42:15","date_gmt":"2023-08-30T13:42:15","guid":{"rendered":"http:\/\/wl.heimpixel.de\/norderstedt\/?page_id=379"},"modified":"2024-02-13T12:42:57","modified_gmt":"2024-02-13T11:42:57","slug":"bildungsarbeit","status":"publish","type":"page","link":"https:\/\/weltlaeden.de\/norderstedt\/bildungsarbeit\/","title":{"rendered":"Bildungsarbeit"},"content":{"rendered":"<div class=\"wpb-content-wrapper\"><p>[vc_row][vc_column]<style type=\"text\/css\" data-type=\"the7_shortcodes-inline-css\">.shortcode-single-image-wrap.shortcode-single-image-b419b4ef25ae95c1fbd49d2894e607cd.enable-bg-rollover .rollover i,\n.shortcode-single-image-wrap.shortcode-single-image-b419b4ef25ae95c1fbd49d2894e607cd.enable-bg-rollover .rollover-video i {\n  background: -webkit-linear-gradient();\n  background: linear-gradient();\n}\n.shortcode-single-image-wrap.shortcode-single-image-b419b4ef25ae95c1fbd49d2894e607cd .rollover-icon {\n  font-size: 32px;\n  color: #ffffff;\n  min-width: 44px;\n  min-height: 44px;\n  line-height: 44px;\n  border-radius: 100px;\n  border-style: solid;\n  border-width: 0px;\n}\n.dt-icon-bg-on.shortcode-single-image-wrap.shortcode-single-image-b419b4ef25ae95c1fbd49d2894e607cd .rollover-icon {\n  background: rgba(255,255,255,0.3);\n  box-shadow: none;\n}<\/style><div class=\"shortcode-single-image-wrap shortcode-single-image-b419b4ef25ae95c1fbd49d2894e607cd alignnone  enable-bg-rollover dt-icon-bg-off\" style=\"margin-top:0px; margin-bottom:0px; margin-left:0px; margin-right:0px; width:500px;\"><div class=\"shortcode-single-image\"><div class=\"fancy-media-wrap  layzr-bg\" style=\"\"><img decoding=\"async\" class=\"preload-me lazy-load aspect\" src=\"data:image\/svg+xml,%3Csvg%20xmlns%3D&#39;http%3A%2F%2Fwww.w3.org%2F2000%2Fsvg&#39;%20viewBox%3D&#39;0%200%20265%2099&#39;%2F%3E\" data-src=\"https:\/\/weltlaeden.de\/norderstedt\/wp-content\/uploads\/sites\/16\/2022\/01\/image.png\" data-srcset=\"https:\/\/weltlaeden.de\/norderstedt\/wp-content\/uploads\/sites\/16\/2022\/01\/image.png 265w\" loading=\"eager\" sizes=\"(max-width: 265px) 100vw, 265px\" width=\"265\" height=\"99\"  data-dt-location=\"https:\/\/weltlaeden.de\/norderstedt\/bildungsarbeit\/image-2\/\" style=\"--ratio: 265 \/ 99;\" alt=\"\" \/><\/div><\/div><\/div>[vc_empty_space][\/vc_column][\/vc_row][vc_row][vc_column][vc_column_text]<\/p>\n<h1>Bildung f\u00fcr nachhaltige Entwicklung<\/h1>\n<p>Unser Verein ist von der Landesregierung Schleswig-Holstein als Bildungspartner f\u00fcr nachhaltige Entwicklung (BNE) seit 2006 anerkannt und mehrfach rezertifiziert worden. Das BNE-Team des Weltladens steht Kinderg\u00e4rten, Schulen, Kirchen, Vereinen und anderen Einrichtungen aus Norderstedt und Umgebung zur Verf\u00fcgung. Der Weltladen ist ein Lernort, an dem junge und erwachsene Menschen erfahren, wie wichtig fairer Handel, faire Entwicklungspolitik und Nachhaltigkeit sind. Melden Sie sich bitte unter der Telefonnummer 53 53 10 22 oder unter der E-Mail-Adresse <a href=\"mailto:info@eine-welt-norderstedt.de\">info@eine-welt-norderstedt.de<\/a> und wir besprechen Ihre W\u00fcnsche und Termine. Wir unterrichten Gruppen oder Multiplikator*innen fachlich und methodisch kompetent, altersgerecht, anschaulich und handlungsorientiert.<\/p>\n<h2>Was passt zu Ihrer Gruppe? W\u00e4hlen Sie gerne eine Bildungsveranstaltung:<\/h2>\n<ul>\n<li><strong>Norderstedt spielt FAIR! \/ SH SPIELT FAIR bei Klasse im Gr\u00fcnen<\/strong><br \/>\nBildung mit Spa\u00df und Bewegung im Freien, das sind unsere Fu\u00dfball-Workshops, die wir mit dem Stadtpark Norderstedt anbieten. Bei den Fu\u00dfball-Workshops lernen Grundschulkinder begeistert und praxisnah, was Fairer Handel und Nachhaltigkeit bei der Produktion von Sportb\u00e4llen bedeuten. Sie erwerben ein Grundwissen \u00fcber Fairtrade, Fairplay&#8230; und nat\u00fcrlich wird auch fair Fu\u00dfball gespielt! Mehr Informationen und Buchung auf der Internetseite von <a href=\"https:\/\/www.klasse-im-gruenen.de\/?grundschule=on&amp;verantwortung=on&amp;thursday=on#programm\" target=\"_blank\" rel=\"noopener\">Klasse im Gr\u00fcnen im Stadtpark Norderstedt<\/a><\/li>\n<li><strong>Digitale Rallye rund um Fairtrade und Nachhaltigkeit<\/strong><br \/>\nDie digitale Rallye l\u00e4uft \u00fcber den Anbieter Actionbound und kann mit Tablets abgespielt werden. Mit GPS werden die Teilnehmer*innen zu vier Stationen rund um den Weltladen geleitet, an denen sie zu vier wichtigen Aspekten der Nachhaltigkeit Informationen erhalten und Punkte sammeln. Es erwarten die Teilnehmer*innen Spiele, kreative Aufgaben und Informationen zu den Themen Plastik, Nachhaltiger Umgang mit Lebensmitteln, Nachhaltige Tierhaltung und Fairer Handel. <a href=\"https:\/\/weltlaeden.de\/norderstedt\/wp-content\/uploads\/sites\/16\/2020\/10\/Infoblatt_Rallye-zum-Thema-Nachhaltigkeit.pdf\">Weiterlesen&#8230;<\/a><\/li>\n<li><strong>Faires Fr\u00fchst\u00fcck oder faire Schokoladenprobe<\/strong><br \/>\nDie bieten wir in Ihrem Kindergarten, in Ihrer Grundschulklasse oder bei uns im Weltladen an. Dabei bringen wir den Kindern beim Basteln mit Recycling-Materialien Nachhaltigkeit n\u00e4her. Informationen \u00fcber das Leben von Kindern im Globalen S\u00fcden sind immer Teil unsere Angebots.<\/li>\n<li><strong>Besuch im Weltladen am Rathaus und altersgerechte Aktionen<\/strong><br \/>\nSie sind herzlich mit Ihrer Schulkasse eingeladen, systematisch mit unserer Hilfe den Weltladen in der Rathausallee zu erkunden, Hintergr\u00fcnde \u00fcber die fair gehandelten Produkte aus Lateinamerika, Afrika oder S\u00fcdasien zu erfahren. Nach Absprache k\u00f6nnen wir entwicklungspolitische Filme zum Thema Fairer Handel zeigen und mit den Jugendlichen diskutieren. Nat\u00fcrlich haben wir auch f\u00fcr die Jugendlichen eine kleine Schokoladenprobe oder ein altersgerechtes Spiel \u00fcber Nachhaltigkeit im Angebot. \u00c4hnlich sehen unsere Angebote f\u00fcr Konfirmandengruppen aus. In diesem Zusammenhang k\u00f6nnten eher werteorientierte Gespr\u00e4che im Mittelpunkt stehen \u00fcber Gerechtigkeit oder die Bewahrung der Sch\u00f6pfung.<\/li>\n<li><strong>Erwachsenenbildung, Verkostungen oder Fairtrade-Vortr\u00e4ge<\/strong><br \/>\nDas Weltladenteam ist auch in der Erwachsenenbildung t\u00e4tig. Wir informieren gern den Gespr\u00e4chskreis Ihrer Kirchengemeinde, Ihres Vereins, Ihr Kollegium oder den Seniorenbeirat \u00fcber den Fairen Handel und unsere ehrenamtliche Arbeit, thematisch nach Absprache. Das k\u00f6nnen wir das gerne mit einer mit einer Verkostung einiger fair gehandelter Weine, einer Schokoladen- oder Teeprobe verbinden.<\/li>\n<\/ul>\n<p>Unser Team w\u00fcrde sich freuen, wenn Sie unser Angebot nutzen w\u00fcrden. Wir machen diese Bildungsarbeit freiwillig, ohne Bezahlung. Wenn uns Kosten entstehen, bitten wir um einen kleinen Beitrag. Eine Spende an den gemeinn\u00fctzigen Verein ist nat\u00fcrlich immer m\u00f6glich.<\/p>\n<p>&nbsp;<\/p>\n<p class=\"hide-if-no-js\"><a id=\"set-post-thumbnail\" class=\"thickbox\" href=\"https:\/\/weltlaeden.de\/norderstedt\/wp-admin\/media-upload.php?post_id=379&amp;type=image&amp;TB_iframe=1\"><img loading=\"lazy\" decoding=\"async\" class=\"attachment-266x266 aligncenter\" src=\"https:\/\/weltlaeden.de\/norderstedt\/wp-content\/uploads\/sites\/16\/2017\/06\/Bild-Franz.jpg\" alt=\"\" width=\"262\" height=\"197\" \/><\/a><\/p>\n<p style=\"text-align: center\">Franz Maletzke und das gesamte Team f\u00fcr Bildungsarbeit vom Weltladen Norderstedt<\/p>\n<p>[\/vc_column_text][\/vc_column][\/vc_row]<\/p>\n<\/div>","protected":false},"excerpt":{"rendered":"<p>[vc_row][vc_column][vc_empty_space][\/vc_column][\/vc_row][vc_row][vc_column][vc_column_text] Bildung f\u00fcr nachhaltige Entwicklung Unser Verein ist von der Landesregierung Schleswig-Holstein als Bildungspartner f\u00fcr nachhaltige Entwicklung (BNE) seit 2006 anerkannt und mehrfach rezertifiziert worden. Das BNE-Team des Weltladens steht Kinderg\u00e4rten, Schulen, Kirchen, Vereinen und anderen Einrichtungen aus Norderstedt und Umgebung zur Verf\u00fcgung. Der Weltladen ist ein Lernort, an dem junge und erwachsene Menschen erfahren,&hellip;<\/p>\n","protected":false},"author":23,"featured_media":0,"parent":0,"menu_order":2,"comment_status":"closed","ping_status":"closed","template":"","meta":{"footnotes":""},"class_list":["post-379","page","type-page","status-publish","hentry","description-off"],"yoast_head":"<!-- This site is optimized with the Yoast SEO plugin v26.8 - https:\/\/yoast.com\/product\/yoast-seo-wordpress\/ -->\n<title>Bildungsarbeit &#183; Weltladen Norderstedt<\/title>\n<meta name=\"robots\" content=\"index, follow, max-snippet:-1, max-image-preview:large, max-video-preview:-1\" \/>\n<link rel=\"canonical\" href=\"https:\/\/weltlaeden.de\/norderstedt\/bildungsarbeit\/\" \/>\n<meta property=\"og:locale\" content=\"de_DE\" \/>\n<meta property=\"og:type\" content=\"article\" \/>\n<meta property=\"og:title\" content=\"Bildungsarbeit &#183; Weltladen Norderstedt\" \/>\n<meta property=\"og:description\" content=\"[vc_row][vc_column][vc_empty_space][\/vc_column][\/vc_row][vc_row][vc_column][vc_column_text] Bildung f\u00fcr nachhaltige Entwicklung Unser Verein ist von der Landesregierung Schleswig-Holstein als Bildungspartner f\u00fcr nachhaltige Entwicklung (BNE) seit 2006 anerkannt und mehrfach rezertifiziert worden. Das BNE-Team des Weltladens steht Kinderg\u00e4rten, Schulen, Kirchen, Vereinen und anderen Einrichtungen aus Norderstedt und Umgebung zur Verf\u00fcgung. Der Weltladen ist ein Lernort, an dem junge und erwachsene Menschen erfahren,&hellip;\" \/>\n<meta property=\"og:url\" content=\"https:\/\/weltlaeden.de\/norderstedt\/bildungsarbeit\/\" \/>\n<meta property=\"og:site_name\" content=\"Weltladen Norderstedt\" \/>\n<meta property=\"article:publisher\" content=\"https:\/\/de-de.facebook.com\/Weltladen-Norderstedt-645783178910420\/\" \/>\n<meta property=\"article:modified_time\" content=\"2024-02-13T11:42:57+00:00\" \/>\n<meta property=\"og:image\" content=\"https:\/\/weltlaeden.de\/norderstedt\/wp-content\/uploads\/sites\/16\/2017\/06\/Bild-Franz.jpg\" \/>\n<meta name=\"twitter:card\" content=\"summary_large_image\" \/>\n<meta name=\"twitter:label1\" content=\"Gesch\u00e4tzte Lesezeit\" \/>\n\t<meta name=\"twitter:data1\" content=\"4\u00a0Minuten\" \/>\n<script type=\"application\/ld+json\" class=\"yoast-schema-graph\">{\"@context\":\"https:\/\/schema.org\",\"@graph\":[{\"@type\":\"WebPage\",\"@id\":\"https:\/\/weltlaeden.de\/norderstedt\/bildungsarbeit\/\",\"url\":\"https:\/\/weltlaeden.de\/norderstedt\/bildungsarbeit\/\",\"name\":\"Bildungsarbeit &#183; Weltladen Norderstedt\",\"isPartOf\":{\"@id\":\"https:\/\/weltlaeden.de\/norderstedt\/#website\"},\"primaryImageOfPage\":{\"@id\":\"https:\/\/weltlaeden.de\/norderstedt\/bildungsarbeit\/#primaryimage\"},\"image\":{\"@id\":\"https:\/\/weltlaeden.de\/norderstedt\/bildungsarbeit\/#primaryimage\"},\"thumbnailUrl\":\"https:\/\/weltlaeden.de\/norderstedt\/wp-content\/uploads\/sites\/16\/2017\/06\/Bild-Franz.jpg\",\"datePublished\":\"2023-08-30T13:42:15+00:00\",\"dateModified\":\"2024-02-13T11:42:57+00:00\",\"breadcrumb\":{\"@id\":\"https:\/\/weltlaeden.de\/norderstedt\/bildungsarbeit\/#breadcrumb\"},\"inLanguage\":\"de\",\"potentialAction\":[{\"@type\":\"ReadAction\",\"target\":[\"https:\/\/weltlaeden.de\/norderstedt\/bildungsarbeit\/\"]}]},{\"@type\":\"ImageObject\",\"inLanguage\":\"de\",\"@id\":\"https:\/\/weltlaeden.de\/norderstedt\/bildungsarbeit\/#primaryimage\",\"url\":\"https:\/\/weltlaeden.de\/norderstedt\/wp-content\/uploads\/sites\/16\/2017\/06\/Bild-Franz.jpg\",\"contentUrl\":\"https:\/\/weltlaeden.de\/norderstedt\/wp-content\/uploads\/sites\/16\/2017\/06\/Bild-Franz.jpg\",\"width\":480,\"height\":360},{\"@type\":\"BreadcrumbList\",\"@id\":\"https:\/\/weltlaeden.de\/norderstedt\/bildungsarbeit\/#breadcrumb\",\"itemListElement\":[{\"@type\":\"ListItem\",\"position\":1,\"name\":\"Startseite\",\"item\":\"https:\/\/weltlaeden.de\/norderstedt\/\"},{\"@type\":\"ListItem\",\"position\":2,\"name\":\"Bildungsarbeit\"}]},{\"@type\":\"WebSite\",\"@id\":\"https:\/\/weltlaeden.de\/norderstedt\/#website\",\"url\":\"https:\/\/weltlaeden.de\/norderstedt\/\",\"name\":\"Weltladen Norderstedt\",\"description\":\"Faire Produkte seit 1990\",\"potentialAction\":[{\"@type\":\"SearchAction\",\"target\":{\"@type\":\"EntryPoint\",\"urlTemplate\":\"https:\/\/weltlaeden.de\/norderstedt\/?s={search_term_string}\"},\"query-input\":{\"@type\":\"PropertyValueSpecification\",\"valueRequired\":true,\"valueName\":\"search_term_string\"}}],\"inLanguage\":\"de\"}]}<\/script>\n<!-- \/ Yoast SEO plugin. -->","yoast_head_json":{"title":"Bildungsarbeit &#183; Weltladen Norderstedt","robots":{"index":"index","follow":"follow","max-snippet":"max-snippet:-1","max-image-preview":"max-image-preview:large","max-video-preview":"max-video-preview:-1"},"canonical":"https:\/\/weltlaeden.de\/norderstedt\/bildungsarbeit\/","og_locale":"de_DE","og_type":"article","og_title":"Bildungsarbeit &#183; Weltladen Norderstedt","og_description":"[vc_row][vc_column][vc_empty_space][\/vc_column][\/vc_row][vc_row][vc_column][vc_column_text] Bildung f\u00fcr nachhaltige Entwicklung Unser Verein ist von der Landesregierung Schleswig-Holstein als Bildungspartner f\u00fcr nachhaltige Entwicklung (BNE) seit 2006 anerkannt und mehrfach rezertifiziert worden. Das BNE-Team des Weltladens steht Kinderg\u00e4rten, Schulen, Kirchen, Vereinen und anderen Einrichtungen aus Norderstedt und Umgebung zur Verf\u00fcgung. Der Weltladen ist ein Lernort, an dem junge und erwachsene Menschen erfahren,&hellip;","og_url":"https:\/\/weltlaeden.de\/norderstedt\/bildungsarbeit\/","og_site_name":"Weltladen Norderstedt","article_publisher":"https:\/\/de-de.facebook.com\/Weltladen-Norderstedt-645783178910420\/","article_modified_time":"2024-02-13T11:42:57+00:00","og_image":[{"url":"https:\/\/weltlaeden.de\/norderstedt\/wp-content\/uploads\/sites\/16\/2017\/06\/Bild-Franz.jpg","type":"","width":"","height":""}],"twitter_card":"summary_large_image","twitter_misc":{"Gesch\u00e4tzte Lesezeit":"4\u00a0Minuten"},"schema":{"@context":"https:\/\/schema.org","@graph":[{"@type":"WebPage","@id":"https:\/\/weltlaeden.de\/norderstedt\/bildungsarbeit\/","url":"https:\/\/weltlaeden.de\/norderstedt\/bildungsarbeit\/","name":"Bildungsarbeit &#183; Weltladen Norderstedt","isPartOf":{"@id":"https:\/\/weltlaeden.de\/norderstedt\/#website"},"primaryImageOfPage":{"@id":"https:\/\/weltlaeden.de\/norderstedt\/bildungsarbeit\/#primaryimage"},"image":{"@id":"https:\/\/weltlaeden.de\/norderstedt\/bildungsarbeit\/#primaryimage"},"thumbnailUrl":"https:\/\/weltlaeden.de\/norderstedt\/wp-content\/uploads\/sites\/16\/2017\/06\/Bild-Franz.jpg","datePublished":"2023-08-30T13:42:15+00:00","dateModified":"2024-02-13T11:42:57+00:00","breadcrumb":{"@id":"https:\/\/weltlaeden.de\/norderstedt\/bildungsarbeit\/#breadcrumb"},"inLanguage":"de","potentialAction":[{"@type":"ReadAction","target":["https:\/\/weltlaeden.de\/norderstedt\/bildungsarbeit\/"]}]},{"@type":"ImageObject","inLanguage":"de","@id":"https:\/\/weltlaeden.de\/norderstedt\/bildungsarbeit\/#primaryimage","url":"https:\/\/weltlaeden.de\/norderstedt\/wp-content\/uploads\/sites\/16\/2017\/06\/Bild-Franz.jpg","contentUrl":"https:\/\/weltlaeden.de\/norderstedt\/wp-content\/uploads\/sites\/16\/2017\/06\/Bild-Franz.jpg","width":480,"height":360},{"@type":"BreadcrumbList","@id":"https:\/\/weltlaeden.de\/norderstedt\/bildungsarbeit\/#breadcrumb","itemListElement":[{"@type":"ListItem","position":1,"name":"Startseite","item":"https:\/\/weltlaeden.de\/norderstedt\/"},{"@type":"ListItem","position":2,"name":"Bildungsarbeit"}]},{"@type":"WebSite","@id":"https:\/\/weltlaeden.de\/norderstedt\/#website","url":"https:\/\/weltlaeden.de\/norderstedt\/","name":"Weltladen Norderstedt","description":"Faire Produkte seit 1990","potentialAction":[{"@type":"SearchAction","target":{"@type":"EntryPoint","urlTemplate":"https:\/\/weltlaeden.de\/norderstedt\/?s={search_term_string}"},"query-input":{"@type":"PropertyValueSpecification","valueRequired":true,"valueName":"search_term_string"}}],"inLanguage":"de"}]}},"_links":{"self":[{"href":"https:\/\/weltlaeden.de\/norderstedt\/wp-json\/wp\/v2\/pages\/379","targetHints":{"allow":["GET"]}}],"collection":[{"href":"https:\/\/weltlaeden.de\/norderstedt\/wp-json\/wp\/v2\/pages"}],"about":[{"href":"https:\/\/weltlaeden.de\/norderstedt\/wp-json\/wp\/v2\/types\/page"}],"author":[{"embeddable":true,"href":"https:\/\/weltlaeden.de\/norderstedt\/wp-json\/wp\/v2\/users\/23"}],"replies":[{"embeddable":true,"href":"https:\/\/weltlaeden.de\/norderstedt\/wp-json\/wp\/v2\/comments?post=379"}],"version-history":[{"count":20,"href":"https:\/\/weltlaeden.de\/norderstedt\/wp-json\/wp\/v2\/pages\/379\/revisions"}],"predecessor-version":[{"id":421,"href":"https:\/\/weltlaeden.de\/norderstedt\/wp-json\/wp\/v2\/pages\/379\/revisions\/421"}],"wp:attachment":[{"href":"https:\/\/weltlaeden.de\/norderstedt\/wp-json\/wp\/v2\/media?parent=379"}],"curies":[{"name":"wp","href":"https:\/\/api.w.org\/{rel}","templated":true}]}}