{"id":219,"date":"2024-03-12T12:20:47","date_gmt":"2024-03-12T11:20:47","guid":{"rendered":"https:\/\/wl.heimpixel.de\/norderstedt\/ueber-uns\/"},"modified":"2026-03-12T14:11:19","modified_gmt":"2026-03-12T13:11:19","slug":"ueber-uns","status":"publish","type":"page","link":"https:\/\/weltlaeden.de\/norderstedt\/ueber-uns\/","title":{"rendered":"\u00dcber uns"},"content":{"rendered":"<div class=\"wpb-content-wrapper\"><p>[vc_row][vc_column]<div class=\"wl_einzelbild\"><p><img loading=\"lazy\" decoding=\"async\" class=\"aligncenter size-full wp-image-nsm-3-16\" src=\"https:\/\/weltlaeden.de\/norderstedt\/wp-content\/uploads\/sites\/3\/2016\/11\/ElPuente_Kakaobohnen_El-Ceibo_Bolivien.jpg\" alt=\"\" width=\"1200\" height=\"519\" \/><\/p><\/div>[vc_empty_space][vc_column_text]<\/p>\n<h1>\u00dcber den Weltladen Norderstedt<\/h1>\n<p>[\/vc_column_text][vc_column_text css=&#8220;&#8220;]<strong>Weltladen Norderstedt<\/strong><\/p>\n<p>Den Weltladen Norderstedt gibt es seit dem 1.Juli 1996. Tr\u00e4ger ist der gemeinn\u00fctzige und eingetragene Verein Eine Welt f\u00fcr Alle, der zwei Jahre vorher gegr\u00fcndet wurde. Nach einem kurzen Vorspiel hat der Weltladen Norderstedt in der Rathausallee 44 seinen Platz gefunden. Auf 50 Quadratmetern Ladenfl\u00e4che finden Sie Kunsthandwerk aus dem Globalen S\u00fcden, Lebensmittel und vieles mehr, fair und nachhaltig produziert. \u00dcber zwanzig Mitarbeiter und Mitarbeiterinnen engagieren sich ehrenamtlich im Weltladenteam. Wir legen gro\u00dfen Wert auf die Fortbildung unseres Teams.<\/p>\n<p>Der Weltladen Norderstedt ist Mitglied im Weltladen Dachverband und als Fachgesch\u00e4ft f\u00fcr Fairen Handel von der World Fair Trade Organisation (WFTO) zertifiziert. Wir wollen Kunden begeistern, damit der Faire Handel einen immer gr\u00f6\u00dferen Anteil am Welthandel gewinnt. Wir freuen uns \u00fcber unseren treuen Stammkunden und \u00fcber alle, die zum ersten Mal vorbeischauen und auf Entdeckungsreise gehen. Zudem engagieren wir uns in der Bildungs- und \u00d6ffentlichkeitsarbeit, um das Bewusstsein f\u00fcr Fairen Handel, Demokratie und Nachhaltigkeit zu st\u00e4rken. Mit Schokoladen-Verkostungen, &#8218;Konzerten unter dem Schirm&#8216; vor dem Weltladen, Vortr\u00e4gen, Festen und vielen weiteren Aktionen m\u00f6chten wir Sie begeistern. Eine ausf\u00fchrliche Darstellung unserer Ziele finden Sie im Leitbild unseres Vereins.<\/p>\n<p>Wir freuen uns auf Ihren Besuch!<\/p>\n<p>&nbsp;<\/p>\n<p><strong>Fairtradestadt Norderstedt<\/strong><\/p>\n<p>Neben der Stabsstelle Nachhaltiges Norderstedt und Norderstedt Marketing geh\u00f6rt der Verein &#8222;Eine Welt f\u00fcr Alle&#8220; zur Steuerungsgruppe der Kampagne &#8222;Fair-Trade Towns&#8220; f\u00fcr Norderstedt.<\/p>\n<p><img loading=\"lazy\" decoding=\"async\" class=\"alignleft wp-image-2715 size-medium\" src=\"https:\/\/weltlaeden.de\/norderstedt\/wp-content\/uploads\/sites\/16\/2025\/06\/Logo-2021-Fairtrade-Stadt-Norderstedt-300x213.jpg\" alt=\"\" width=\"300\" height=\"213\" srcset=\"https:\/\/weltlaeden.de\/norderstedt\/wp-content\/uploads\/sites\/16\/2025\/06\/Logo-2021-Fairtrade-Stadt-Norderstedt-300x213.jpg 300w, https:\/\/weltlaeden.de\/norderstedt\/wp-content\/uploads\/sites\/16\/2025\/06\/Logo-2021-Fairtrade-Stadt-Norderstedt-1024x728.jpg 1024w, https:\/\/weltlaeden.de\/norderstedt\/wp-content\/uploads\/sites\/16\/2025\/06\/Logo-2021-Fairtrade-Stadt-Norderstedt-768x546.jpg 768w, https:\/\/weltlaeden.de\/norderstedt\/wp-content\/uploads\/sites\/16\/2025\/06\/Logo-2021-Fairtrade-Stadt-Norderstedt-1536x1092.jpg 1536w, https:\/\/weltlaeden.de\/norderstedt\/wp-content\/uploads\/sites\/16\/2025\/06\/Logo-2021-Fairtrade-Stadt-Norderstedt.jpg 1700w\" sizes=\"auto, (max-width: 300px) 100vw, 300px\" \/><\/p>\n<p>&nbsp;<\/p>\n<p>&nbsp;<\/p>\n<p>&nbsp;<\/p>\n<p>&nbsp;<\/p>\n<p>&nbsp;<\/p>\n<p>&nbsp;<\/p>\n<p>&nbsp;<\/p>\n<p>&nbsp;<\/p>\n<p><strong>Praktikum im Weltladen<\/strong><\/p>\n<p>Wir bieten Sch\u00fclerinnen und Sch\u00fclern die M\u00f6glichkeit, ein mindestens zweiw\u00f6chiges Betriebs- oder Wirtschaftspraktikum bei uns zu machen. Ihr erhaltet Einblicke in den Einkaufs- und Verkaufsbetrieb und arbeitet in allen Bereichen des Ladens mit (u.a. Verkaufen und Kassieren, Wareneingangskontrolle, Regale auff\u00fcllen und reinigen, Kunden beraten). Au\u00dferdem habt Ihr die M\u00f6glichkeit, Euch in speziellen Fortbildungszeiten \u00fcber Themen des Fairen Handels zu informieren. Das ehrenamtlich arbeitende Team freut sich auf euch. Eine fachliche Betreuung ist gew\u00e4hrleistet. Von den Praktikanten erwarten wir Zuverl\u00e4ssigkeit und Selbstst\u00e4ndigkeit, Teamf\u00e4higkeit und Interesse am Thema des Fairen Handels.<\/p>\n<p>Bei Interesse gebt bitte eine Bewerbung mit Lebenslauf und kurzem Motivationsschreiben direkt im Weltladen ab oder meldet Euch per E-Mail an info@eine-welt-norderstedt.de. Wir freuen uns auf Dich.<\/p>\n<p>&nbsp;<\/p>\n<p>[\/vc_column_text][\/vc_column][\/vc_row][vc_row][vc_column][vc_empty_space][vc_column_text]<\/p>\n<h1>Mitmachen im Weltladen Norderstedt<\/h1>\n<p>[\/vc_column_text][vc_column_text css=&#8220;&#8220;]<strong>Wir suchen<\/strong> Menschen, die Lust haben, sich ehrenamtlich f\u00fcr eine offene, transparente, \u00f6kologische und nachhaltige Form des Wirtschaftens zu engagieren. Ob im Verkauf, der Informations- oder Bildungsarbeit &#8211; die M\u00f6glichkeiten, in unserem Team mitzumachen sind vielf\u00e4ltig und lassen sich bestimmt auch in Deinen Alltag integrieren! Neben regelm\u00e4\u00dfigen Aufgaben gibt es bei uns auch immer wieder einzelne zeitlich befristete Projekte, f\u00fcr die wir Unterst\u00fctzer\/innen suchen. Viele Aufgaben erfordern keine speziellen Vorkenntnisse, sondern nur Deine Bereitschaft, Deine F\u00e4higkeiten einzubringen und eventuell in neuen Bereichen dazuzulernen.<\/p>\n<p><strong>Wir bieten<\/strong> ein nettes Team aus Engagierten mit vielf\u00e4ltigen M\u00f6glichkeiten, sich selbst einzubringen. Eine Gemeinschaft, die Dich herzlich aufnimmt, einarbeitet und bei Fragen zur Verf\u00fcgung steht. Fortbildungsm\u00f6glichkeiten nach Deinen Interessen und Aufgaben.<\/p>\n<p><strong>Ansprechpartner:<\/strong> Britta Rosier<\/p>\n<p>Mail: info@eine-welt-norderstedt.de<\/p>\n<p>Tel: (040) 53 53 10 22<\/p>\n<p><strong>Wir freuen uns auf Dich!<\/strong>[\/vc_column_text][\/vc_column][\/vc_row]<\/p>\n<\/div>","protected":false},"excerpt":{"rendered":"<p>[vc_row][vc_column][vc_empty_space][vc_column_text] \u00dcber den Weltladen Norderstedt [\/vc_column_text][vc_column_text css=&#8220;&#8220;]Weltladen Norderstedt Den Weltladen Norderstedt gibt es seit dem 1.Juli 1996. Tr\u00e4ger ist der gemeinn\u00fctzige und eingetragene Verein Eine Welt f\u00fcr Alle, der zwei Jahre vorher gegr\u00fcndet wurde. Nach einem kurzen Vorspiel hat der Weltladen Norderstedt in der Rathausallee 44 seinen Platz gefunden. Auf 50 Quadratmetern Ladenfl\u00e4che finden Sie&hellip;<\/p>\n","protected":false},"author":1,"featured_media":0,"parent":0,"menu_order":7,"comment_status":"closed","ping_status":"closed","template":"","meta":{"footnotes":""},"class_list":["post-219","page","type-page","status-publish","hentry","description-off"],"yoast_head":"<!-- This site is optimized with the Yoast SEO plugin v26.8 - https:\/\/yoast.com\/product\/yoast-seo-wordpress\/ -->\n<title>\u00dcber uns &#183; Weltladen Norderstedt<\/title>\n<meta name=\"robots\" content=\"index, follow, max-snippet:-1, max-image-preview:large, max-video-preview:-1\" \/>\n<link rel=\"canonical\" href=\"https:\/\/weltlaeden.de\/norderstedt\/ueber-uns\/\" \/>\n<meta property=\"og:locale\" content=\"de_DE\" \/>\n<meta property=\"og:type\" content=\"article\" \/>\n<meta property=\"og:title\" content=\"\u00dcber uns &#183; Weltladen Norderstedt\" \/>\n<meta property=\"og:description\" content=\"[vc_row][vc_column][vc_empty_space][vc_column_text] \u00dcber den Weltladen Norderstedt [\/vc_column_text][vc_column_text css=&#8220;&#8220;]Weltladen Norderstedt Den Weltladen Norderstedt gibt es seit dem 1.Juli 1996. Tr\u00e4ger ist der gemeinn\u00fctzige und eingetragene Verein Eine Welt f\u00fcr Alle, der zwei Jahre vorher gegr\u00fcndet wurde. Nach einem kurzen Vorspiel hat der Weltladen Norderstedt in der Rathausallee 44 seinen Platz gefunden. Auf 50 Quadratmetern Ladenfl\u00e4che finden Sie&hellip;\" \/>\n<meta property=\"og:url\" content=\"https:\/\/weltlaeden.de\/norderstedt\/ueber-uns\/\" \/>\n<meta property=\"og:site_name\" content=\"Weltladen Norderstedt\" \/>\n<meta property=\"article:publisher\" content=\"https:\/\/de-de.facebook.com\/Weltladen-Norderstedt-645783178910420\/\" \/>\n<meta property=\"article:modified_time\" content=\"2026-03-12T13:11:19+00:00\" \/>\n<meta property=\"og:image\" content=\"https:\/\/weltlaeden.de\/norderstedt\/wp-content\/uploads\/sites\/3\/2016\/11\/ElPuente_Kakaobohnen_El-Ceibo_Bolivien.jpg\" \/>\n<meta name=\"twitter:card\" content=\"summary_large_image\" \/>\n<meta name=\"twitter:label1\" content=\"Gesch\u00e4tzte Lesezeit\" \/>\n\t<meta name=\"twitter:data1\" content=\"4\u00a0Minuten\" \/>\n<script type=\"application\/ld+json\" class=\"yoast-schema-graph\">{\"@context\":\"https:\/\/schema.org\",\"@graph\":[{\"@type\":\"WebPage\",\"@id\":\"https:\/\/weltlaeden.de\/norderstedt\/ueber-uns\/\",\"url\":\"https:\/\/weltlaeden.de\/norderstedt\/ueber-uns\/\",\"name\":\"\u00dcber uns &#183; Weltladen Norderstedt\",\"isPartOf\":{\"@id\":\"https:\/\/weltlaeden.de\/norderstedt\/#website\"},\"primaryImageOfPage\":{\"@id\":\"https:\/\/weltlaeden.de\/norderstedt\/ueber-uns\/#primaryimage\"},\"image\":{\"@id\":\"https:\/\/weltlaeden.de\/norderstedt\/ueber-uns\/#primaryimage\"},\"thumbnailUrl\":\"https:\/\/weltlaeden.de\/norderstedt\/wp-content\/uploads\/sites\/3\/2016\/11\/ElPuente_Kakaobohnen_El-Ceibo_Bolivien.jpg\",\"datePublished\":\"2024-03-12T11:20:47+00:00\",\"dateModified\":\"2026-03-12T13:11:19+00:00\",\"breadcrumb\":{\"@id\":\"https:\/\/weltlaeden.de\/norderstedt\/ueber-uns\/#breadcrumb\"},\"inLanguage\":\"de\",\"potentialAction\":[{\"@type\":\"ReadAction\",\"target\":[\"https:\/\/weltlaeden.de\/norderstedt\/ueber-uns\/\"]}]},{\"@type\":\"ImageObject\",\"inLanguage\":\"de\",\"@id\":\"https:\/\/weltlaeden.de\/norderstedt\/ueber-uns\/#primaryimage\",\"url\":\"https:\/\/weltlaeden.de\/norderstedt\/wp-content\/uploads\/sites\/3\/2016\/11\/ElPuente_Kakaobohnen_El-Ceibo_Bolivien.jpg\",\"contentUrl\":\"https:\/\/weltlaeden.de\/norderstedt\/wp-content\/uploads\/sites\/3\/2016\/11\/ElPuente_Kakaobohnen_El-Ceibo_Bolivien.jpg\"},{\"@type\":\"BreadcrumbList\",\"@id\":\"https:\/\/weltlaeden.de\/norderstedt\/ueber-uns\/#breadcrumb\",\"itemListElement\":[{\"@type\":\"ListItem\",\"position\":1,\"name\":\"Startseite\",\"item\":\"https:\/\/weltlaeden.de\/norderstedt\/\"},{\"@type\":\"ListItem\",\"position\":2,\"name\":\"\u00dcber uns\"}]},{\"@type\":\"WebSite\",\"@id\":\"https:\/\/weltlaeden.de\/norderstedt\/#website\",\"url\":\"https:\/\/weltlaeden.de\/norderstedt\/\",\"name\":\"Weltladen Norderstedt\",\"description\":\"Faire Produkte seit 1990\",\"potentialAction\":[{\"@type\":\"SearchAction\",\"target\":{\"@type\":\"EntryPoint\",\"urlTemplate\":\"https:\/\/weltlaeden.de\/norderstedt\/?s={search_term_string}\"},\"query-input\":{\"@type\":\"PropertyValueSpecification\",\"valueRequired\":true,\"valueName\":\"search_term_string\"}}],\"inLanguage\":\"de\"}]}<\/script>\n<!-- \/ Yoast SEO plugin. -->","yoast_head_json":{"title":"\u00dcber uns &#183; Weltladen Norderstedt","robots":{"index":"index","follow":"follow","max-snippet":"max-snippet:-1","max-image-preview":"max-image-preview:large","max-video-preview":"max-video-preview:-1"},"canonical":"https:\/\/weltlaeden.de\/norderstedt\/ueber-uns\/","og_locale":"de_DE","og_type":"article","og_title":"\u00dcber uns &#183; Weltladen Norderstedt","og_description":"[vc_row][vc_column][vc_empty_space][vc_column_text] \u00dcber den Weltladen Norderstedt [\/vc_column_text][vc_column_text css=&#8220;&#8220;]Weltladen Norderstedt Den Weltladen Norderstedt gibt es seit dem 1.Juli 1996. Tr\u00e4ger ist der gemeinn\u00fctzige und eingetragene Verein Eine Welt f\u00fcr Alle, der zwei Jahre vorher gegr\u00fcndet wurde. Nach einem kurzen Vorspiel hat der Weltladen Norderstedt in der Rathausallee 44 seinen Platz gefunden. Auf 50 Quadratmetern Ladenfl\u00e4che finden Sie&hellip;","og_url":"https:\/\/weltlaeden.de\/norderstedt\/ueber-uns\/","og_site_name":"Weltladen Norderstedt","article_publisher":"https:\/\/de-de.facebook.com\/Weltladen-Norderstedt-645783178910420\/","article_modified_time":"2026-03-12T13:11:19+00:00","og_image":[{"url":"https:\/\/weltlaeden.de\/norderstedt\/wp-content\/uploads\/sites\/3\/2016\/11\/ElPuente_Kakaobohnen_El-Ceibo_Bolivien.jpg","type":"","width":"","height":""}],"twitter_card":"summary_large_image","twitter_misc":{"Gesch\u00e4tzte Lesezeit":"4\u00a0Minuten"},"schema":{"@context":"https:\/\/schema.org","@graph":[{"@type":"WebPage","@id":"https:\/\/weltlaeden.de\/norderstedt\/ueber-uns\/","url":"https:\/\/weltlaeden.de\/norderstedt\/ueber-uns\/","name":"\u00dcber uns &#183; Weltladen Norderstedt","isPartOf":{"@id":"https:\/\/weltlaeden.de\/norderstedt\/#website"},"primaryImageOfPage":{"@id":"https:\/\/weltlaeden.de\/norderstedt\/ueber-uns\/#primaryimage"},"image":{"@id":"https:\/\/weltlaeden.de\/norderstedt\/ueber-uns\/#primaryimage"},"thumbnailUrl":"https:\/\/weltlaeden.de\/norderstedt\/wp-content\/uploads\/sites\/3\/2016\/11\/ElPuente_Kakaobohnen_El-Ceibo_Bolivien.jpg","datePublished":"2024-03-12T11:20:47+00:00","dateModified":"2026-03-12T13:11:19+00:00","breadcrumb":{"@id":"https:\/\/weltlaeden.de\/norderstedt\/ueber-uns\/#breadcrumb"},"inLanguage":"de","potentialAction":[{"@type":"ReadAction","target":["https:\/\/weltlaeden.de\/norderstedt\/ueber-uns\/"]}]},{"@type":"ImageObject","inLanguage":"de","@id":"https:\/\/weltlaeden.de\/norderstedt\/ueber-uns\/#primaryimage","url":"https:\/\/weltlaeden.de\/norderstedt\/wp-content\/uploads\/sites\/3\/2016\/11\/ElPuente_Kakaobohnen_El-Ceibo_Bolivien.jpg","contentUrl":"https:\/\/weltlaeden.de\/norderstedt\/wp-content\/uploads\/sites\/3\/2016\/11\/ElPuente_Kakaobohnen_El-Ceibo_Bolivien.jpg"},{"@type":"BreadcrumbList","@id":"https:\/\/weltlaeden.de\/norderstedt\/ueber-uns\/#breadcrumb","itemListElement":[{"@type":"ListItem","position":1,"name":"Startseite","item":"https:\/\/weltlaeden.de\/norderstedt\/"},{"@type":"ListItem","position":2,"name":"\u00dcber uns"}]},{"@type":"WebSite","@id":"https:\/\/weltlaeden.de\/norderstedt\/#website","url":"https:\/\/weltlaeden.de\/norderstedt\/","name":"Weltladen Norderstedt","description":"Faire Produkte seit 1990","potentialAction":[{"@type":"SearchAction","target":{"@type":"EntryPoint","urlTemplate":"https:\/\/weltlaeden.de\/norderstedt\/?s={search_term_string}"},"query-input":{"@type":"PropertyValueSpecification","valueRequired":true,"valueName":"search_term_string"}}],"inLanguage":"de"}]}},"_links":{"self":[{"href":"https:\/\/weltlaeden.de\/norderstedt\/wp-json\/wp\/v2\/pages\/219","targetHints":{"allow":["GET"]}}],"collection":[{"href":"https:\/\/weltlaeden.de\/norderstedt\/wp-json\/wp\/v2\/pages"}],"about":[{"href":"https:\/\/weltlaeden.de\/norderstedt\/wp-json\/wp\/v2\/types\/page"}],"author":[{"embeddable":true,"href":"https:\/\/weltlaeden.de\/norderstedt\/wp-json\/wp\/v2\/users\/1"}],"replies":[{"embeddable":true,"href":"https:\/\/weltlaeden.de\/norderstedt\/wp-json\/wp\/v2\/comments?post=219"}],"version-history":[{"count":27,"href":"https:\/\/weltlaeden.de\/norderstedt\/wp-json\/wp\/v2\/pages\/219\/revisions"}],"predecessor-version":[{"id":2914,"href":"https:\/\/weltlaeden.de\/norderstedt\/wp-json\/wp\/v2\/pages\/219\/revisions\/2914"}],"wp:attachment":[{"href":"https:\/\/weltlaeden.de\/norderstedt\/wp-json\/wp\/v2\/media?parent=219"}],"curies":[{"name":"wp","href":"https:\/\/api.w.org\/{rel}","templated":true}]}}