{"id":217,"date":"2025-06-25T08:06:47","date_gmt":"2025-06-25T06:06:47","guid":{"rendered":"https:\/\/wl.heimpixel.de\/norderstedt\/produkte\/"},"modified":"2025-06-25T08:10:50","modified_gmt":"2025-06-25T06:10:50","slug":"produkte","status":"publish","type":"page","link":"https:\/\/weltlaeden.de\/norderstedt\/sortiment\/produkte\/","title":{"rendered":"Produkte"},"content":{"rendered":"<div class=\"wpb-content-wrapper\"><p>[vc_row][vc_column]<div class=\"wl_einzelbild\"><p><\/p><\/div>[vc_empty_space][vc_column_text css=&#8220;&#8220;]<\/p>\n<h1>Gro\u00dfe Auswahl an Fairtrade Produkten<\/h1>\n<p>[\/vc_column_text][vc_column_text css=&#8220;&#8220;]Unsere hochwertigen Fairtrade Produkte beziehen wir von Fair-Handels-Importeuren und spezialisierten Gro\u00dfh\u00e4ndlern wie der GEPA, El Puente oder dem S\u00fcd-Nord-Kontor.<\/p>\n<h2>Wir verkaufen Fairtrade Produkte an<\/h2>\n<ul>\n<li>unsere Privatkunden im Weltladen am Rathaus<\/li>\n<li>an Firmen (z.B. Pr\u00e4sentk\u00f6rbe), Schulen und Vereine<\/li>\n<li>an viele Abteilungen der Stadt Norderstedt<\/li>\n<li>an Wiederverk\u00e4ufer wie kirchliche Weltl\u00e4den, Hofl\u00e4den, Fachgesch\u00e4fte und Superm\u00e4rkte<\/li>\n<\/ul>\n<h2>Unsere Norderstedter FAIRflixt! goot Schokolade und Stadtkaffee erhalten Sie exklusiv bei<\/h2>\n<ul>\n<li>uns im <strong>Weltladen am\u00a0 Rathaus<\/strong> (mit attraktiven Rabatten bei Abnahme von gr\u00f6\u00dferen Mengen)<\/li>\n<li><strong>Hof Ehlers \/ <a href=\"https:\/\/die-waagschale.de\/#page\" target=\"_blank\" rel=\"noopener\">Die Waagschale<\/a><\/strong>, Ulzburger Stra\u00dfe 605, Norderstedt-Friedrichsgabe<\/li>\n<li><strong>EDEKA Radtke<\/strong> in der Ulzburger Stra\u00dfe 585, Norderstedt-Friedrichsgabe<\/li>\n<li><strong>&#8222;Bei Lange&#8220;<\/strong> Roohani &amp; Savoji, Marktplatz 10, Norderstedt-Harksheide<\/li>\n<li><strong>famila<\/strong> in der Stormarnstra\u00dfe 33-41, Norderstedt-Harksheide (nur Stadtkaffee)<\/li>\n<\/ul>\n<p>und rund um die Uhr in unserem <a href=\"https:\/\/www.weltladen-webshop.com\/Norderstedt\/home\" target=\"_blank\" rel=\"noopener\"><strong>Webshop<\/strong><\/a>.<\/p>\n<p>[\/vc_column_text][vc_empty_space][vc_row_inner][vc_column_inner width=&#8220;1\/2&#8243;][vc_column_text]<\/p>\n<h2>Lebensmittel<\/h2>\n<p>[\/vc_column_text]<div class=\"wl_einzelbild\"><p><img loading=\"lazy\" decoding=\"async\" class=\"alignnone wp-image-440\" src=\"https:\/\/weltlaeden.de\/norderstedt\/wp-content\/uploads\/sites\/16\/2016\/10\/20171020_120523-300x169.jpg\" alt=\"\" width=\"400\" height=\"225\" srcset=\"https:\/\/weltlaeden.de\/norderstedt\/wp-content\/uploads\/sites\/16\/2016\/10\/20171020_120523-300x169.jpg 300w, https:\/\/weltlaeden.de\/norderstedt\/wp-content\/uploads\/sites\/16\/2016\/10\/20171020_120523-768x432.jpg 768w, https:\/\/weltlaeden.de\/norderstedt\/wp-content\/uploads\/sites\/16\/2016\/10\/20171020_120523-1024x576.jpg 1024w, https:\/\/weltlaeden.de\/norderstedt\/wp-content\/uploads\/sites\/16\/2016\/10\/20171020_120523.jpg 1920w\" sizes=\"auto, (max-width: 400px) 100vw, 400px\" \/><\/p><\/div>[vc_column_text]Unsere Lebensmittel beziehen wir aus \u00fcber 35 verschiedenen L\u00e4ndern. Wir unterst\u00fctzen damit Kleinbauern bei der Entwicklung ihrer Betriebe. Die Teepflanzen werden in dem asiatischen Raum (Indien, Sri Lanka,\u2026) angebaut. Unsere Weine werden in S\u00fcdafrika und S\u00fcdamerika, z.B. Argentinien oder Chile, gekeltert. Aus S\u00fcdamerika (Bolivien, Paraguay,\u2026) kommen die Kakaobohnen f\u00fcr die Schokolade mit\u00a0 Milch aus Deutschland, die selbstverst\u00e4ndlich auch fair gehandelt wird. Unsere hei\u00dfgeliebten Mangos stammen von den Philippinen.[\/vc_column_text][\/vc_column_inner][vc_column_inner width=&#8220;1\/2&#8243;][vc_column_text]<\/p>\n<h2>Kunsthandwerk &amp; Textilien<\/h2>\n<p>[\/vc_column_text]<div class=\"wl_einzelbild\"><p><img loading=\"lazy\" decoding=\"async\" class=\"aligncenter size-full wp-image-nsm-3-18\" src=\"https:\/\/weltlaeden.de\/norderstedt\/wp-content\/uploads\/sites\/3\/2016\/11\/NonFoodweltladen31.jpg\" alt=\"\" width=\"600\" height=\"402\" \/><\/p><\/div>[vc_column_text]Auch unser Kunsthandwerkssortiment kommt aus aller Welt. Musikinstrumente kommen aus Ghana, vereinzelt aber auch von den Philippinen oder aus Indien und Nepal. Mahafaly, aus Altblech recycelte Fahrzeuge, werden von jungen Menschen auf Madagaskar hergestellt. Lederwaren, wie Handtaschen werden in Indien und Vietnam und Portemonnaies\u00a0 zudem in Uganda hergestellt. Halst\u00fccher und Geschirr werden ebenfalls in Indien, Nepal und Vietnam gefertigt.[\/vc_column_text][\/vc_column_inner][\/vc_row_inner][\/vc_column][\/vc_row][vc_row][vc_column width=&#8220;1\/2&#8243;][vc_column_text]<\/p>\n<h2>Schmuck<\/h2>\n<p>[\/vc_column_text]<div class=\"wl_einzelbild\"><p><img loading=\"lazy\" decoding=\"async\" class=\"alignnone wp-image-458 size-medium\" src=\"https:\/\/weltlaeden.de\/norderstedt\/wp-content\/uploads\/sites\/16\/2016\/10\/20171204_141142-2-300x240.jpg\" alt=\"\" width=\"300\" height=\"240\" srcset=\"https:\/\/weltlaeden.de\/norderstedt\/wp-content\/uploads\/sites\/16\/2016\/10\/20171204_141142-2-300x240.jpg 300w, https:\/\/weltlaeden.de\/norderstedt\/wp-content\/uploads\/sites\/16\/2016\/10\/20171204_141142-2-768x615.jpg 768w, https:\/\/weltlaeden.de\/norderstedt\/wp-content\/uploads\/sites\/16\/2016\/10\/20171204_141142-2-1024x819.jpg 1024w, https:\/\/weltlaeden.de\/norderstedt\/wp-content\/uploads\/sites\/16\/2016\/10\/20171204_141142-2.jpg 1920w\" sizes=\"auto, (max-width: 300px) 100vw, 300px\" \/><\/p><\/div>[vc_column_text]Wir verkaufen Halsketten, Armb\u00e4nder, Armreifen, Ohrringe und Ringe. Sogar hochwertigen Silberschmuck finden Sie bei uns vor.<\/p>\n<p>Der Schmuck wird \u00fcberwiegend in Indien, aber auch in Indonesien, Koumbien, Guatemala oder Kenia produziert.[\/vc_column_text][\/vc_column][vc_column width=&#8220;1\/2&#8243;][vc_column_text css=&#8220;&#8220;]<\/p>\n<h2>FAIRflixt goot! Norderstedts Kaffee und Schokolade<\/h2>\n<p>[\/vc_column_text]<div class=\"wl_einzelbild\"><p><img loading=\"lazy\" decoding=\"async\" class=\"alignleft wp-image-2717 size-medium\" src=\"https:\/\/weltlaeden.de\/norderstedt\/wp-content\/uploads\/sites\/16\/2025\/06\/FAIRflixt-goot-2025_02_11_alle-Produkte-quer-300x212.jpg\" alt=\"FAIRflixt goot! Norderstedts Kaffee und Schokolade im neuen Design ab 2025\" width=\"300\" height=\"212\" srcset=\"https:\/\/weltlaeden.de\/norderstedt\/wp-content\/uploads\/sites\/16\/2025\/06\/FAIRflixt-goot-2025_02_11_alle-Produkte-quer-300x212.jpg 300w, https:\/\/weltlaeden.de\/norderstedt\/wp-content\/uploads\/sites\/16\/2025\/06\/FAIRflixt-goot-2025_02_11_alle-Produkte-quer-1024x724.jpg 1024w, https:\/\/weltlaeden.de\/norderstedt\/wp-content\/uploads\/sites\/16\/2025\/06\/FAIRflixt-goot-2025_02_11_alle-Produkte-quer-768x543.jpg 768w, https:\/\/weltlaeden.de\/norderstedt\/wp-content\/uploads\/sites\/16\/2025\/06\/FAIRflixt-goot-2025_02_11_alle-Produkte-quer-1536x1086.jpg 1536w, https:\/\/weltlaeden.de\/norderstedt\/wp-content\/uploads\/sites\/16\/2025\/06\/FAIRflixt-goot-2025_02_11_alle-Produkte-quer-2048x1448.jpg 2048w\" sizes=\"auto, (max-width: 300px) 100vw, 300px\" \/><\/p><\/div>[vc_column_text css=&#8220;&#8220;]FAIRflixt goot! ist der Stadtkaffee und die Schokolade der Fairtrade Stadt Norderstedt. Vom Kaffee wurden bereits 20 Tonnen seit der ersten, im Jahr 2003 hergestellten T\u00fcte 2003 verkauft. Unser Kaffee besteht aus erlesenen Arabica-Bohnen und wird im traditionellen Langzeitverfahren ger\u00f6stet. So erh\u00e4lt er seine feinen Aromen und ist besonders bek\u00f6mmlich. Sie erhalten ihn gemahlen oder als Ganze Bohne.<\/p>\n<p>2020 kam die leckere FAIRflixt goot! Schokolade dazu, in Vollmilch (37 % Kakaoanteil) und Zartbitter (60 % Kakao). Seit 2025 pr\u00e4sentieren wir Ihnen FAIRflixt goot! Kaffee und Schokolade im neuen, frischeren Design, um noch mehr Menschen f\u00fcr fairen Genuss zu begeistern.<\/p>\n<p>FAIRflixt goot! Norderstedts Kaffee und Schokolade sind nicht nur fair gehandelt, sondern auch biologisch angebaut. Ein ganz besonderer Genuss f\u00fcr zuhause, bei der Arbeit oder als Geschenk &#8211; und um gemeinsam die Welt ein bisschen besser zu machen!<\/p>\n<p>[\/vc_column_text][\/vc_column][vc_column][\/vc_column][vc_column][\/vc_column][vc_column][\/vc_column][\/vc_row]<\/p>\n<\/div>","protected":false},"excerpt":{"rendered":"<p>[vc_row][vc_column][vc_empty_space][vc_column_text css=&#8220;&#8220;] Gro\u00dfe Auswahl an Fairtrade Produkten [\/vc_column_text][vc_column_text css=&#8220;&#8220;]Unsere hochwertigen Fairtrade Produkte beziehen wir von Fair-Handels-Importeuren und spezialisierten Gro\u00dfh\u00e4ndlern wie der GEPA, El Puente oder dem S\u00fcd-Nord-Kontor. Wir verkaufen Fairtrade Produkte an unsere Privatkunden im Weltladen am Rathaus an Firmen (z.B. Pr\u00e4sentk\u00f6rbe), Schulen und Vereine an viele Abteilungen der Stadt Norderstedt an Wiederverk\u00e4ufer wie kirchliche&hellip;<\/p>\n","protected":false},"author":1,"featured_media":0,"parent":1815,"menu_order":0,"comment_status":"closed","ping_status":"closed","template":"","meta":{"footnotes":""},"class_list":["post-217","page","type-page","status-publish","hentry","description-off"],"yoast_head":"<!-- This site is optimized with the Yoast SEO plugin v26.8 - https:\/\/yoast.com\/product\/yoast-seo-wordpress\/ -->\n<title>Produkte &#183; Weltladen Norderstedt<\/title>\n<meta name=\"description\" content=\"Fairtrade Schokoladen, Kekse, Tees, Kaffees wie den exklusiven Norderstedter Stadtkaffee FAIRflixt goot!, Geschenke, Accessoires und mehr\" \/>\n<meta name=\"robots\" content=\"index, follow, max-snippet:-1, max-image-preview:large, max-video-preview:-1\" \/>\n<link rel=\"canonical\" href=\"https:\/\/weltlaeden.de\/norderstedt\/sortiment\/produkte\/\" \/>\n<meta property=\"og:locale\" content=\"de_DE\" \/>\n<meta property=\"og:type\" content=\"article\" \/>\n<meta property=\"og:title\" content=\"Produkte &#183; Weltladen Norderstedt\" \/>\n<meta property=\"og:description\" content=\"Fairtrade Schokoladen, Kekse, Tees, Kaffees wie den exklusiven Norderstedter Stadtkaffee FAIRflixt goot!, Geschenke, Accessoires und mehr\" \/>\n<meta property=\"og:url\" content=\"https:\/\/weltlaeden.de\/norderstedt\/sortiment\/produkte\/\" \/>\n<meta property=\"og:site_name\" content=\"Weltladen Norderstedt\" \/>\n<meta property=\"article:publisher\" content=\"https:\/\/de-de.facebook.com\/Weltladen-Norderstedt-645783178910420\/\" \/>\n<meta property=\"article:modified_time\" content=\"2025-06-25T06:10:50+00:00\" \/>\n<meta property=\"og:image\" content=\"https:\/\/weltlaeden.de\/norderstedt\/wp-content\/uploads\/sites\/16\/2016\/10\/20171020_120523.jpg\" \/>\n\t<meta property=\"og:image:width\" content=\"1920\" \/>\n\t<meta property=\"og:image:height\" content=\"1080\" \/>\n\t<meta property=\"og:image:type\" content=\"image\/jpeg\" \/>\n<meta name=\"twitter:card\" content=\"summary_large_image\" \/>\n<meta name=\"twitter:label1\" content=\"Gesch\u00e4tzte Lesezeit\" \/>\n\t<meta name=\"twitter:data1\" content=\"4\u00a0Minuten\" \/>\n<script type=\"application\/ld+json\" class=\"yoast-schema-graph\">{\"@context\":\"https:\/\/schema.org\",\"@graph\":[{\"@type\":\"WebPage\",\"@id\":\"https:\/\/weltlaeden.de\/norderstedt\/sortiment\/produkte\/\",\"url\":\"https:\/\/weltlaeden.de\/norderstedt\/sortiment\/produkte\/\",\"name\":\"Produkte &#183; Weltladen Norderstedt\",\"isPartOf\":{\"@id\":\"https:\/\/weltlaeden.de\/norderstedt\/#website\"},\"primaryImageOfPage\":{\"@id\":\"https:\/\/weltlaeden.de\/norderstedt\/sortiment\/produkte\/#primaryimage\"},\"image\":{\"@id\":\"https:\/\/weltlaeden.de\/norderstedt\/sortiment\/produkte\/#primaryimage\"},\"thumbnailUrl\":\"https:\/\/weltlaeden.de\/norderstedt\/wp-content\/uploads\/sites\/16\/2016\/10\/20171020_120523-300x169.jpg\",\"datePublished\":\"2025-06-25T06:06:47+00:00\",\"dateModified\":\"2025-06-25T06:10:50+00:00\",\"description\":\"Fairtrade Schokoladen, Kekse, Tees, Kaffees wie den exklusiven Norderstedter Stadtkaffee FAIRflixt goot!, Geschenke, Accessoires und mehr\",\"breadcrumb\":{\"@id\":\"https:\/\/weltlaeden.de\/norderstedt\/sortiment\/produkte\/#breadcrumb\"},\"inLanguage\":\"de\",\"potentialAction\":[{\"@type\":\"ReadAction\",\"target\":[\"https:\/\/weltlaeden.de\/norderstedt\/sortiment\/produkte\/\"]}]},{\"@type\":\"ImageObject\",\"inLanguage\":\"de\",\"@id\":\"https:\/\/weltlaeden.de\/norderstedt\/sortiment\/produkte\/#primaryimage\",\"url\":\"https:\/\/weltlaeden.de\/norderstedt\/wp-content\/uploads\/sites\/16\/2016\/10\/20171020_120523.jpg\",\"contentUrl\":\"https:\/\/weltlaeden.de\/norderstedt\/wp-content\/uploads\/sites\/16\/2016\/10\/20171020_120523.jpg\",\"width\":1920,\"height\":1080},{\"@type\":\"BreadcrumbList\",\"@id\":\"https:\/\/weltlaeden.de\/norderstedt\/sortiment\/produkte\/#breadcrumb\",\"itemListElement\":[{\"@type\":\"ListItem\",\"position\":1,\"name\":\"Startseite\",\"item\":\"https:\/\/weltlaeden.de\/norderstedt\/\"},{\"@type\":\"ListItem\",\"position\":2,\"name\":\"Sortiment\",\"item\":\"https:\/\/weltlaeden.de\/norderstedt\/sortiment\/\"},{\"@type\":\"ListItem\",\"position\":3,\"name\":\"Produkte\"}]},{\"@type\":\"WebSite\",\"@id\":\"https:\/\/weltlaeden.de\/norderstedt\/#website\",\"url\":\"https:\/\/weltlaeden.de\/norderstedt\/\",\"name\":\"Weltladen Norderstedt\",\"description\":\"Faire Produkte seit 1990\",\"potentialAction\":[{\"@type\":\"SearchAction\",\"target\":{\"@type\":\"EntryPoint\",\"urlTemplate\":\"https:\/\/weltlaeden.de\/norderstedt\/?s={search_term_string}\"},\"query-input\":{\"@type\":\"PropertyValueSpecification\",\"valueRequired\":true,\"valueName\":\"search_term_string\"}}],\"inLanguage\":\"de\"}]}<\/script>\n<!-- \/ Yoast SEO plugin. -->","yoast_head_json":{"title":"Produkte &#183; Weltladen Norderstedt","description":"Fairtrade Schokoladen, Kekse, Tees, Kaffees wie den exklusiven Norderstedter Stadtkaffee FAIRflixt goot!, Geschenke, Accessoires und mehr","robots":{"index":"index","follow":"follow","max-snippet":"max-snippet:-1","max-image-preview":"max-image-preview:large","max-video-preview":"max-video-preview:-1"},"canonical":"https:\/\/weltlaeden.de\/norderstedt\/sortiment\/produkte\/","og_locale":"de_DE","og_type":"article","og_title":"Produkte &#183; Weltladen Norderstedt","og_description":"Fairtrade Schokoladen, Kekse, Tees, Kaffees wie den exklusiven Norderstedter Stadtkaffee FAIRflixt goot!, Geschenke, Accessoires und mehr","og_url":"https:\/\/weltlaeden.de\/norderstedt\/sortiment\/produkte\/","og_site_name":"Weltladen Norderstedt","article_publisher":"https:\/\/de-de.facebook.com\/Weltladen-Norderstedt-645783178910420\/","article_modified_time":"2025-06-25T06:10:50+00:00","og_image":[{"width":1920,"height":1080,"url":"https:\/\/weltlaeden.de\/norderstedt\/wp-content\/uploads\/sites\/16\/2016\/10\/20171020_120523.jpg","type":"image\/jpeg"}],"twitter_card":"summary_large_image","twitter_misc":{"Gesch\u00e4tzte Lesezeit":"4\u00a0Minuten"},"schema":{"@context":"https:\/\/schema.org","@graph":[{"@type":"WebPage","@id":"https:\/\/weltlaeden.de\/norderstedt\/sortiment\/produkte\/","url":"https:\/\/weltlaeden.de\/norderstedt\/sortiment\/produkte\/","name":"Produkte &#183; Weltladen Norderstedt","isPartOf":{"@id":"https:\/\/weltlaeden.de\/norderstedt\/#website"},"primaryImageOfPage":{"@id":"https:\/\/weltlaeden.de\/norderstedt\/sortiment\/produkte\/#primaryimage"},"image":{"@id":"https:\/\/weltlaeden.de\/norderstedt\/sortiment\/produkte\/#primaryimage"},"thumbnailUrl":"https:\/\/weltlaeden.de\/norderstedt\/wp-content\/uploads\/sites\/16\/2016\/10\/20171020_120523-300x169.jpg","datePublished":"2025-06-25T06:06:47+00:00","dateModified":"2025-06-25T06:10:50+00:00","description":"Fairtrade Schokoladen, Kekse, Tees, Kaffees wie den exklusiven Norderstedter Stadtkaffee FAIRflixt goot!, Geschenke, Accessoires und mehr","breadcrumb":{"@id":"https:\/\/weltlaeden.de\/norderstedt\/sortiment\/produkte\/#breadcrumb"},"inLanguage":"de","potentialAction":[{"@type":"ReadAction","target":["https:\/\/weltlaeden.de\/norderstedt\/sortiment\/produkte\/"]}]},{"@type":"ImageObject","inLanguage":"de","@id":"https:\/\/weltlaeden.de\/norderstedt\/sortiment\/produkte\/#primaryimage","url":"https:\/\/weltlaeden.de\/norderstedt\/wp-content\/uploads\/sites\/16\/2016\/10\/20171020_120523.jpg","contentUrl":"https:\/\/weltlaeden.de\/norderstedt\/wp-content\/uploads\/sites\/16\/2016\/10\/20171020_120523.jpg","width":1920,"height":1080},{"@type":"BreadcrumbList","@id":"https:\/\/weltlaeden.de\/norderstedt\/sortiment\/produkte\/#breadcrumb","itemListElement":[{"@type":"ListItem","position":1,"name":"Startseite","item":"https:\/\/weltlaeden.de\/norderstedt\/"},{"@type":"ListItem","position":2,"name":"Sortiment","item":"https:\/\/weltlaeden.de\/norderstedt\/sortiment\/"},{"@type":"ListItem","position":3,"name":"Produkte"}]},{"@type":"WebSite","@id":"https:\/\/weltlaeden.de\/norderstedt\/#website","url":"https:\/\/weltlaeden.de\/norderstedt\/","name":"Weltladen Norderstedt","description":"Faire Produkte seit 1990","potentialAction":[{"@type":"SearchAction","target":{"@type":"EntryPoint","urlTemplate":"https:\/\/weltlaeden.de\/norderstedt\/?s={search_term_string}"},"query-input":{"@type":"PropertyValueSpecification","valueRequired":true,"valueName":"search_term_string"}}],"inLanguage":"de"}]}},"_links":{"self":[{"href":"https:\/\/weltlaeden.de\/norderstedt\/wp-json\/wp\/v2\/pages\/217","targetHints":{"allow":["GET"]}}],"collection":[{"href":"https:\/\/weltlaeden.de\/norderstedt\/wp-json\/wp\/v2\/pages"}],"about":[{"href":"https:\/\/weltlaeden.de\/norderstedt\/wp-json\/wp\/v2\/types\/page"}],"author":[{"embeddable":true,"href":"https:\/\/weltlaeden.de\/norderstedt\/wp-json\/wp\/v2\/users\/1"}],"replies":[{"embeddable":true,"href":"https:\/\/weltlaeden.de\/norderstedt\/wp-json\/wp\/v2\/comments?post=217"}],"version-history":[{"count":39,"href":"https:\/\/weltlaeden.de\/norderstedt\/wp-json\/wp\/v2\/pages\/217\/revisions"}],"predecessor-version":[{"id":2719,"href":"https:\/\/weltlaeden.de\/norderstedt\/wp-json\/wp\/v2\/pages\/217\/revisions\/2719"}],"up":[{"embeddable":true,"href":"https:\/\/weltlaeden.de\/norderstedt\/wp-json\/wp\/v2\/pages\/1815"}],"wp:attachment":[{"href":"https:\/\/weltlaeden.de\/norderstedt\/wp-json\/wp\/v2\/media?parent=217"}],"curies":[{"name":"wp","href":"https:\/\/api.w.org\/{rel}","templated":true}]}}