{"id":20,"date":"2024-06-25T13:15:21","date_gmt":"2024-06-25T11:15:21","guid":{"rendered":"https:\/\/wl.heimpixel.de\/norderstedt\/weltladen-musterdorf\/"},"modified":"2026-03-20T17:17:03","modified_gmt":"2026-03-20T16:17:03","slug":"weltladen-norderstedt","status":"publish","type":"page","link":"https:\/\/weltlaeden.de\/norderstedt\/","title":{"rendered":"Weltladen Norderstedt"},"content":{"rendered":"<div class=\"wpb-content-wrapper\"><p>[vc_row][vc_column]<div class=\"wl_einzelbild\"><p><img loading=\"lazy\" decoding=\"async\" class=\"alignnone wp-image-398\" src=\"https:\/\/weltlaeden.de\/norderstedt\/wp-content\/uploads\/sites\/16\/2016\/10\/Laden_1704-300x131.jpg\" alt=\"\" width=\"674\" height=\"294\" srcset=\"https:\/\/weltlaeden.de\/norderstedt\/wp-content\/uploads\/sites\/16\/2016\/10\/Laden_1704-300x131.jpg 300w, https:\/\/weltlaeden.de\/norderstedt\/wp-content\/uploads\/sites\/16\/2016\/10\/Laden_1704-768x334.jpg 768w, https:\/\/weltlaeden.de\/norderstedt\/wp-content\/uploads\/sites\/16\/2016\/10\/Laden_1704-1024x446.jpg 1024w, https:\/\/weltlaeden.de\/norderstedt\/wp-content\/uploads\/sites\/16\/2016\/10\/Laden_1704.jpg 1920w\" sizes=\"auto, (max-width: 674px) 100vw, 674px\" \/><\/p><\/div>[vc_empty_space height=&#8220;20px&#8220;][vc_row_inner][vc_column_inner][vc_separator][vc_column_text css=&#8220;&#8220;]<\/p>\n<h1>Ihr Weltladen Norderstedt hat f\u00fcr Sie ge\u00f6ffnet:<\/h1>\n<p>Montag, Dienstag, Donnerstag, Freitag von 10-18 Uhr, Mittwoch von 10-14 Uhr, Samstag von 10-13 Uhr.<\/p>\n<p>Gerne nehmen wir auch Ihre Bestellung per <strong>Telefon<\/strong> (53 53 10 22) oder <strong>E-Mail<\/strong> (<a href=\"mailto:bestellung@eine-welt-norderstedt.de\">bestellung@eine-welt-norderstedt.de<\/a>) entgegen.<\/p>\n<ul>\n<li><strong>Kostenlose Lieferung in Norderstedt:<\/strong> Wir bringen Ihre Bestellung ab 15 \u20ac ohne Lieferkosten zu Ihnen nach Hause.<\/li>\n<\/ul>\n<h1>Mitglied werden und Gutes tun<\/h1>\n<p>M\u00f6chten Sie bei uns im Weltladen ehrenamtlich mitmachen, den fairen Handel aktiv oder passiv unterst\u00fctzen? Werden Sie Mitglied in unserem als gemeinn\u00fctzig anerkannten Verein. Einfach hier den <a href=\"https:\/\/weltlaeden.de\/norderstedt\/wp-content\/uploads\/sites\/16\/2026\/01\/Mitgliedsantrag-PDF.pdf\">Mitgliedsantrag PDF<\/a>\u00a0herunterladen, ausdrucken und ausf\u00fcllen. Wir freuen uns auf Ihren Mitgliedsantrag und auf Sie!<\/p>\n<h1>Mach dein freiwilliges \u00f6kologisches Jahr in Norderstedt.<\/h1>\n<p>Du suchst noch eine Besch\u00e4ftigung nach deinem Abschluss? Dann k\u00f6nnte das F\u00f6J genau das richtige f\u00fcr dich sein. Wir liegen an der U-Bahn Station Norderstedt Mitte mit direktem Anschluss nach Hamburg.<\/p>\n<p>Weitere Infos findest du <a href=\"https:\/\/weltlaeden.de\/norderstedt\/bildungsarbeit\/foej\/\" target=\"_blank\" rel=\"noopener\">hier<\/a><\/p>\n<h1><img loading=\"lazy\" decoding=\"async\" class=\"aligncenter wp-image-2920 size-large\" src=\"https:\/\/weltlaeden.de\/norderstedt\/wp-content\/uploads\/sites\/16\/2026\/03\/FoeJ.-WL-Norderstedt-2-724x1024.png\" alt=\"\" width=\"724\" height=\"1024\" srcset=\"https:\/\/weltlaeden.de\/norderstedt\/wp-content\/uploads\/sites\/16\/2026\/03\/FoeJ.-WL-Norderstedt-2-724x1024.png 724w, https:\/\/weltlaeden.de\/norderstedt\/wp-content\/uploads\/sites\/16\/2026\/03\/FoeJ.-WL-Norderstedt-2-212x300.png 212w, https:\/\/weltlaeden.de\/norderstedt\/wp-content\/uploads\/sites\/16\/2026\/03\/FoeJ.-WL-Norderstedt-2-768x1086.png 768w, https:\/\/weltlaeden.de\/norderstedt\/wp-content\/uploads\/sites\/16\/2026\/03\/FoeJ.-WL-Norderstedt-2-1086x1536.png 1086w, https:\/\/weltlaeden.de\/norderstedt\/wp-content\/uploads\/sites\/16\/2026\/03\/FoeJ.-WL-Norderstedt-2.png 1414w\" sizes=\"auto, (max-width: 724px) 100vw, 724px\" \/><\/h1>\n<h1>Jetzt Newsletter bestellen und faire News erhalten<\/h1>\n<p>Erfahren Sie mehr \u00fcber neue Produkte, faire Geschenkideen und mehr. Bestellen Sie unseren Newsletter <a href=\"https:\/\/seu2.cleverreach.com\/f\/327228-332908\/\" target=\"_blank\" rel=\"noopener\">hier<\/a>. Selbstverst\u00e4ndlich k\u00f6nnen Sie sich jederzeit wieder abmelden.<\/p>\n<h1>Gr\u00fcnder des Weltladens Norderstedt erh\u00e4lt Verdienstmedaille der Bundesrepublik Deutschland<\/h1>\n<p><img loading=\"lazy\" decoding=\"async\" class=\"aligncenter wp-image-2644 size-large\" src=\"https:\/\/weltlaeden.de\/norderstedt\/wp-content\/uploads\/sites\/16\/2025\/03\/Daniel-Guenther-Franz-Maletzke-Katrin-Schmieder-Kiel-18.-Maerz-2025-1024x768.jpg\" alt=\"\" width=\"1024\" height=\"768\" srcset=\"https:\/\/weltlaeden.de\/norderstedt\/wp-content\/uploads\/sites\/16\/2025\/03\/Daniel-Guenther-Franz-Maletzke-Katrin-Schmieder-Kiel-18.-Maerz-2025-1024x768.jpg 1024w, https:\/\/weltlaeden.de\/norderstedt\/wp-content\/uploads\/sites\/16\/2025\/03\/Daniel-Guenther-Franz-Maletzke-Katrin-Schmieder-Kiel-18.-Maerz-2025-300x225.jpg 300w, https:\/\/weltlaeden.de\/norderstedt\/wp-content\/uploads\/sites\/16\/2025\/03\/Daniel-Guenther-Franz-Maletzke-Katrin-Schmieder-Kiel-18.-Maerz-2025-768x576.jpg 768w, https:\/\/weltlaeden.de\/norderstedt\/wp-content\/uploads\/sites\/16\/2025\/03\/Daniel-Guenther-Franz-Maletzke-Katrin-Schmieder-Kiel-18.-Maerz-2025-1536x1152.jpg 1536w, https:\/\/weltlaeden.de\/norderstedt\/wp-content\/uploads\/sites\/16\/2025\/03\/Daniel-Guenther-Franz-Maletzke-Katrin-Schmieder-Kiel-18.-Maerz-2025-2048x1536.jpg 2048w\" sizes=\"auto, (max-width: 1024px) 100vw, 1024px\" \/><\/p>\n<p>&nbsp;<\/p>\n<p><em>Kiel\/Norderstedt, 15. M\u00e4rz 2025.<\/em> Vor \u00fcber 30 Jahren gr\u00fcndete Franz Maletzke mit seiner Frau Annette und weiteren Engagierten den Verein Eine Welt f\u00fcr Alle e.V., der den Weltladen Norderstedt tr\u00e4gt. Seitdem haben Franz und das ganze Team den Weltladen am Rathaus zu <em>dem<\/em> Fachgesch\u00e4ft f\u00fcr Fairen Handel in Norderstedt gemacht. Mit zertifizierter <a href=\"https:\/\/weltlaeden.de\/norderstedt\/bildungsarbeit\/\" target=\"_blank\" rel=\"noopener\">Bildungsarbeit<\/a> hat das Team zahlreiche Schulklassen f\u00fcr Fairtrade begeistert. Bei unz\u00e4hligen <a href=\"https:\/\/weltlaeden.de\/norderstedt\/ueber-uns\/weltladen-zeitleiste\/\" target=\"_blank\" rel=\"noopener\">Konzerten, Vortr\u00e4gen und Veranstaltungen<\/a> wurden viele Norderstedterinnen und Norderstedter erreicht. Dabei wurde und wird das Weltladen Team tatkr\u00e4ftig von der Stadt, der Stabsstelle Nachhaltiges Norderstedt und Norderstedt Marketing unterst\u00fctzt.<\/p>\n<p>F\u00fcr das au\u00dferordentliche Engagement erhielt Franz Maletzke am 18. M\u00e4rz 2025 in Kiel <strong>die Verdienstmedaille der Bundesrepublik Deutschland<\/strong> &#8211; \u00fcberreicht von Ministerpr\u00e4sident Daniel G\u00fcnther. Der NDR, das Hamburger Abendblatt, NOA4 und der Heimatspiegel berichteten.<\/p>\n<p>Norderstedts Oberb\u00fcrgermeisterin Katrin Schmieder, Ina Streichert von der Stabsstelle Nachhaltiges Norderstedt, Franz&#8216; Familie und mehrere Mitglieder des Weltladen Teams waren bei der feierlichen Auszeichnung in Kiel dabei. Bei der Gelegenheit \u00fcbergab Frau Schmieder eines der beliebten Norderstedter Produkte des Weltladens an Herrn G\u00fcnther &#8211; den Norderstedt spielt fair!-Fu\u00dfball, nachhaltig und fair produziert.<\/p>\n<p>&nbsp;<\/p>\n<h1>Der ADFC im Weltladen<\/h1>\n<p>Der Norderstedter und Quickborner ADFC bietet zu den \u00d6ffnungszeiten eine Luftpumpe sowie interessante Brosch\u00fcren, Landkarten, Stadtpl\u00e4ne und Zeitschriften f\u00fcr Radfahrer. F\u00fcr weitere Informationen, auch zur Fahrrad-Codierung, wenden Sie sich bitte an <a href=\"https:\/\/norderstedt.adfc.de\/adfc-norderstedt\">ADFC Norderstedt\/Quickborn<\/a>[\/vc_column_text][vc_column_text css=&#8220;&#8220;]<\/p>\n<h1>Unser Imagefilm: Fairen Handel erleben im Weltladen<\/h1>\n<p>In unserem Imagefilm m\u00f6chten wir Ihnen zeigen, was fairer Handel f\u00fcr uns bedeutet: Soziale Gerechtigkeit, bewusster Konsum und globale Verantwortung. Entdecken Sie die Vielfalt unserer Produkte- von fair gehandeltem Kaffee und Schokolade bis zu handgefertigtem Kunsthandwerk aus verschiedenen L\u00e4ndern. Ein herzliches Dankesch\u00f6n an <a href=\"https:\/\/www.youtube.com\/channel\/UC1nGEb3enKIwr5WRNBWU4Yw\" target=\"_blank\" rel=\"noopener\">Funkelfilm<\/a> f\u00fcr die wunderbare Produktion unseres neuen Imagefilms![\/vc_column_text][vc_video link=&#8220;https:\/\/youtu.be\/yBfdnAPpQFU?feature=shared&#8220; css=&#8220;&#8220;][vc_separator][vc_column_text css=&#8220;&#8220;][\/vc_column_text][\/vc_column_inner][\/vc_row_inner][vc_row_inner][vc_column_inner][\/vc_column_inner][\/vc_row_inner][vc_column_text css=&#8220;&#8220;]<\/p>\n<h1><\/h1>\n<p>[\/vc_column_text][\/vc_column][\/vc_row][vc_row][vc_column][vc_column_text][\/vc_column_text][vc_column_text]<\/p>\n<h1 style=\"text-align: center\">Willkommen im Weltladen Norderstedt<\/h1>\n<h2 style=\"text-align: center\">des gemeinn\u00fctzigen Vereins Eine Welt f\u00fcr Alle e.V.<\/h2>\n<p>[\/vc_column_text][vc_column_text]Entdecken Sie in der Mitte Norderstedts am Rathaus die faszinierende Welt des Fairen Handels im Weltladen! Unsere Produkte kommen aus Afrika, Lateinamerika und Asien und werden von kleinen benachteiligten Produzent*innen und Kooperativen hergestellt. Unsere Beziehungen zu diesen Menschen des Fairen Handels sind gepr\u00e4gt von partnerschaftlichem Verhalten.<\/p>\n<p>Bei uns finden Sie leckere Lebensmittel und kreatives Kunsthandwerk, Gebrauchsprodukte des allt\u00e4glichen Bedarfs, Geschenke f\u00fcr Klein und Gro\u00df sowie vieles mehr. Viele Produkte werden in Handarbeit, in Bio-Qualit\u00e4t oder aus Recyclingmaterial hergestellt.<\/p>\n<p>Das zu 100 % ehrenamtlich t\u00e4tige Weltladenteam f\u00fchrt in jedem Jahr zahlreiche Veranstaltungen und Aktionen zu diesen Themen durch. Damit m\u00f6chten wir den Blick auf die Produzent*innen vor Ort und auf die S\u00fcd-Nord-Problematik allgemein \u00f6ffnen. Bildung f\u00fcr nachhaltige Entwicklung, Informationen \u00fcber den Fairen Handel und kulturelles Engagement sind wesentliche Bestandteile unserer Arbeit.<\/p>\n<p>Wir freuen uns auf Ihren Besuch im Weltladen Norderstedt in der Rathausallee 44.[\/vc_column_text][vc_empty_space height=&#8220;30px&#8220;][vc_column_text]<\/p>\n<h2>Was Sie auf dieser Website finden:<\/h2>\n<p>[\/vc_column_text][vc_empty_space height=&#8220;10px&#8220;][vc_row_inner][vc_column_inner width=&#8220;1\/4&#8243;]<div class=\"wl_einzelbild\"><p><img loading=\"lazy\" decoding=\"async\" class=\"alignleft size-thumbnail wp-image-nsm-3-15\" src=\"https:\/\/weltlaeden.de\/norderstedt\/wp-content\/uploads\/sites\/3\/2016\/11\/FairerHandel_ElPuente_Fingerpuppen_EccoExe_Peru-150x150.jpg\" alt=\"\" width=\"150\" height=\"150\" \/><\/p><\/div>[\/vc_column_inner][vc_column_inner width=&#8220;3\/4&#8243;][vc_column_text]<\/p>\n<h3><a href=\"https:\/\/weltlaeden.de\/norderstedt\/fairer-handel\/\">Fairer Handel<\/a><\/h3>\n<p>Was meint Fairer Handel \u00fcberhaupt? Welche Kriterien m\u00fcssen eingehalten werden und wer \u00fcberpr\u00fcft diese? <a href=\"https:\/\/weltlaeden.de\/norderstedt\/fairer-handel\/\">Erfahren Sie mehr &#8230;<\/a>[\/vc_column_text][\/vc_column_inner][\/vc_row_inner][\/vc_column][\/vc_row][vc_row][vc_column width=&#8220;1\/4&#8243;]<div class=\"wl_einzelbild\"><p><img loading=\"lazy\" decoding=\"async\" class=\"alignleft size-thumbnail wp-image-nsm-3-17\" src=\"https:\/\/weltlaeden.de\/norderstedt\/wp-content\/uploads\/sites\/3\/2016\/11\/Lebensmittel_weltladen31-150x150.jpg\" alt=\"\" width=\"150\" height=\"150\" \/><\/p><\/div>[\/vc_column][vc_column width=&#8220;3\/4&#8243;][vc_column_text]<\/p>\n<h3><a href=\"https:\/\/weltlaeden.de\/norderstedt\/weltladen-norderstedt\/produkte\/\">Produkte<\/a><\/h3>\n<p>Unsere Produkte im Weltladen sind nat\u00fcrlich alle aus Fairem Handel, dennoch kommen sie von unterschiedlichen Fair-Handels-Importeuren. <a href=\"https:\/\/weltlaeden.de\/norderstedt\/produkte\/\">Hier zeigen wir Ihnen unser Sortiment &#8230;<\/a>[\/vc_column_text][\/vc_column][\/vc_row][vc_row][vc_column width=&#8220;1\/4&#8243;]<div class=\"wl_einzelbild\"><p><img loading=\"lazy\" decoding=\"async\" class=\"alignleft size-thumbnail wp-image-nsm-3-16\" src=\"https:\/\/weltlaeden.de\/norderstedt\/wp-content\/uploads\/sites\/3\/2016\/11\/ElPuente_Kakaobohnen_El-Ceibo_Bolivien-150x150.jpg\" alt=\"\" width=\"150\" height=\"150\" \/><\/p><\/div>[\/vc_column][vc_column width=&#8220;3\/4&#8243;][vc_column_text]<\/p>\n<h3><a href=\"https:\/\/weltlaeden.de\/norderstedt\/ueber-uns\/\">\u00dcber uns<\/a><\/h3>\n<p>Wer wir sind, warum wir uns f\u00fcr Fairen Handel engagieren und wie man bei uns mitmachen kann &#8211; <a href=\"https:\/\/weltlaeden.de\/norderstedt\/ueber-uns\/\">hier stellen wir uns vor &#8230;<\/a>[\/vc_column_text][\/vc_column][\/vc_row][vc_row][vc_column][\/vc_column][\/vc_row]<\/p>\n<\/div>","protected":false},"excerpt":{"rendered":"<p>[vc_row][vc_column][vc_empty_space height=&#8220;20px&#8220;][vc_row_inner][vc_column_inner][vc_separator][vc_column_text css=&#8220;&#8220;] Ihr Weltladen Norderstedt hat f\u00fcr Sie ge\u00f6ffnet: Montag, Dienstag, Donnerstag, Freitag von 10-18 Uhr, Mittwoch von 10-14 Uhr, Samstag von 10-13 Uhr. Gerne nehmen wir auch Ihre Bestellung per Telefon (53 53 10 22) oder E-Mail (bestellung@eine-welt-norderstedt.de) entgegen. Kostenlose Lieferung in Norderstedt: Wir bringen Ihre Bestellung ab 15 \u20ac ohne Lieferkosten zu&hellip;<\/p>\n","protected":false},"author":1,"featured_media":0,"parent":0,"menu_order":1,"comment_status":"closed","ping_status":"closed","template":"","meta":{"footnotes":""},"class_list":["post-20","page","type-page","status-publish","hentry","description-off"],"yoast_head":"<!-- This site is optimized with the Yoast SEO plugin v26.8 - https:\/\/yoast.com\/product\/yoast-seo-wordpress\/ -->\n<title>Weltladen Norderstedt - Fairtrade Produkte genie\u00dfen &amp; Gutes tun<\/title>\n<meta name=\"description\" content=\"Willkommen im Weltladen Norderstedt! Entdecken Sie in Norderstedt-Mitte am Rathaus die faszinierende Welt des Fairen Handels im Weltladen!\" \/>\n<meta name=\"robots\" content=\"index, follow, max-snippet:-1, max-image-preview:large, max-video-preview:-1\" \/>\n<link rel=\"canonical\" href=\"https:\/\/weltlaeden.de\/norderstedt\/\" \/>\n<meta property=\"og:locale\" content=\"de_DE\" \/>\n<meta property=\"og:type\" content=\"article\" \/>\n<meta property=\"og:title\" content=\"Weltladen Norderstedt - Fairtrade Produkte genie\u00dfen &amp; Gutes tun\" \/>\n<meta property=\"og:description\" content=\"Willkommen im Weltladen Norderstedt! Entdecken Sie in Norderstedt-Mitte am Rathaus die faszinierende Welt des Fairen Handels im Weltladen!\" \/>\n<meta property=\"og:url\" content=\"https:\/\/weltlaeden.de\/norderstedt\/\" \/>\n<meta property=\"og:site_name\" content=\"Weltladen Norderstedt\" \/>\n<meta property=\"article:publisher\" content=\"https:\/\/de-de.facebook.com\/Weltladen-Norderstedt-645783178910420\/\" \/>\n<meta property=\"article:modified_time\" content=\"2026-03-20T16:17:03+00:00\" \/>\n<meta property=\"og:image\" content=\"https:\/\/weltlaeden.de\/norderstedt\/wp-content\/uploads\/sites\/16\/2016\/10\/Laden_1704.jpg\" \/>\n\t<meta property=\"og:image:width\" content=\"1920\" \/>\n\t<meta property=\"og:image:height\" content=\"836\" \/>\n\t<meta property=\"og:image:type\" content=\"image\/jpeg\" \/>\n<meta name=\"twitter:card\" content=\"summary_large_image\" \/>\n<meta name=\"twitter:label1\" content=\"Gesch\u00e4tzte Lesezeit\" \/>\n\t<meta name=\"twitter:data1\" content=\"6\u00a0Minuten\" \/>\n<script type=\"application\/ld+json\" class=\"yoast-schema-graph\">{\"@context\":\"https:\/\/schema.org\",\"@graph\":[{\"@type\":\"WebPage\",\"@id\":\"https:\/\/weltlaeden.de\/norderstedt\/\",\"url\":\"https:\/\/weltlaeden.de\/norderstedt\/\",\"name\":\"Weltladen Norderstedt - Fairtrade Produkte genie\u00dfen & Gutes tun\",\"isPartOf\":{\"@id\":\"https:\/\/weltlaeden.de\/norderstedt\/#website\"},\"primaryImageOfPage\":{\"@id\":\"https:\/\/weltlaeden.de\/norderstedt\/#primaryimage\"},\"image\":{\"@id\":\"https:\/\/weltlaeden.de\/norderstedt\/#primaryimage\"},\"thumbnailUrl\":\"https:\/\/weltlaeden.de\/norderstedt\/wp-content\/uploads\/sites\/16\/2016\/10\/Laden_1704-300x131.jpg\",\"datePublished\":\"2024-06-25T11:15:21+00:00\",\"dateModified\":\"2026-03-20T16:17:03+00:00\",\"description\":\"Willkommen im Weltladen Norderstedt! Entdecken Sie in Norderstedt-Mitte am Rathaus die faszinierende Welt des Fairen Handels im Weltladen!\",\"breadcrumb\":{\"@id\":\"https:\/\/weltlaeden.de\/norderstedt\/#breadcrumb\"},\"inLanguage\":\"de\",\"potentialAction\":[{\"@type\":\"ReadAction\",\"target\":[\"https:\/\/weltlaeden.de\/norderstedt\/\"]}]},{\"@type\":\"ImageObject\",\"inLanguage\":\"de\",\"@id\":\"https:\/\/weltlaeden.de\/norderstedt\/#primaryimage\",\"url\":\"https:\/\/weltlaeden.de\/norderstedt\/wp-content\/uploads\/sites\/16\/2016\/10\/Laden_1704.jpg\",\"contentUrl\":\"https:\/\/weltlaeden.de\/norderstedt\/wp-content\/uploads\/sites\/16\/2016\/10\/Laden_1704.jpg\",\"width\":1920,\"height\":836},{\"@type\":\"BreadcrumbList\",\"@id\":\"https:\/\/weltlaeden.de\/norderstedt\/#breadcrumb\",\"itemListElement\":[{\"@type\":\"ListItem\",\"position\":1,\"name\":\"Startseite\",\"item\":\"https:\/\/weltlaeden.de\/norderstedt\/\"},{\"@type\":\"ListItem\",\"position\":2,\"name\":\"Weltladen Norderstedt\"}]},{\"@type\":\"WebSite\",\"@id\":\"https:\/\/weltlaeden.de\/norderstedt\/#website\",\"url\":\"https:\/\/weltlaeden.de\/norderstedt\/\",\"name\":\"Weltladen Norderstedt\",\"description\":\"Faire Produkte seit 1990\",\"potentialAction\":[{\"@type\":\"SearchAction\",\"target\":{\"@type\":\"EntryPoint\",\"urlTemplate\":\"https:\/\/weltlaeden.de\/norderstedt\/?s={search_term_string}\"},\"query-input\":{\"@type\":\"PropertyValueSpecification\",\"valueRequired\":true,\"valueName\":\"search_term_string\"}}],\"inLanguage\":\"de\"}]}<\/script>\n<!-- \/ Yoast SEO plugin. -->","yoast_head_json":{"title":"Weltladen Norderstedt - Fairtrade Produkte genie\u00dfen & Gutes tun","description":"Willkommen im Weltladen Norderstedt! Entdecken Sie in Norderstedt-Mitte am Rathaus die faszinierende Welt des Fairen Handels im Weltladen!","robots":{"index":"index","follow":"follow","max-snippet":"max-snippet:-1","max-image-preview":"max-image-preview:large","max-video-preview":"max-video-preview:-1"},"canonical":"https:\/\/weltlaeden.de\/norderstedt\/","og_locale":"de_DE","og_type":"article","og_title":"Weltladen Norderstedt - Fairtrade Produkte genie\u00dfen & Gutes tun","og_description":"Willkommen im Weltladen Norderstedt! Entdecken Sie in Norderstedt-Mitte am Rathaus die faszinierende Welt des Fairen Handels im Weltladen!","og_url":"https:\/\/weltlaeden.de\/norderstedt\/","og_site_name":"Weltladen Norderstedt","article_publisher":"https:\/\/de-de.facebook.com\/Weltladen-Norderstedt-645783178910420\/","article_modified_time":"2026-03-20T16:17:03+00:00","og_image":[{"width":1920,"height":836,"url":"https:\/\/weltlaeden.de\/norderstedt\/wp-content\/uploads\/sites\/16\/2016\/10\/Laden_1704.jpg","type":"image\/jpeg"}],"twitter_card":"summary_large_image","twitter_misc":{"Gesch\u00e4tzte Lesezeit":"6\u00a0Minuten"},"schema":{"@context":"https:\/\/schema.org","@graph":[{"@type":"WebPage","@id":"https:\/\/weltlaeden.de\/norderstedt\/","url":"https:\/\/weltlaeden.de\/norderstedt\/","name":"Weltladen Norderstedt - Fairtrade Produkte genie\u00dfen & Gutes tun","isPartOf":{"@id":"https:\/\/weltlaeden.de\/norderstedt\/#website"},"primaryImageOfPage":{"@id":"https:\/\/weltlaeden.de\/norderstedt\/#primaryimage"},"image":{"@id":"https:\/\/weltlaeden.de\/norderstedt\/#primaryimage"},"thumbnailUrl":"https:\/\/weltlaeden.de\/norderstedt\/wp-content\/uploads\/sites\/16\/2016\/10\/Laden_1704-300x131.jpg","datePublished":"2024-06-25T11:15:21+00:00","dateModified":"2026-03-20T16:17:03+00:00","description":"Willkommen im Weltladen Norderstedt! Entdecken Sie in Norderstedt-Mitte am Rathaus die faszinierende Welt des Fairen Handels im Weltladen!","breadcrumb":{"@id":"https:\/\/weltlaeden.de\/norderstedt\/#breadcrumb"},"inLanguage":"de","potentialAction":[{"@type":"ReadAction","target":["https:\/\/weltlaeden.de\/norderstedt\/"]}]},{"@type":"ImageObject","inLanguage":"de","@id":"https:\/\/weltlaeden.de\/norderstedt\/#primaryimage","url":"https:\/\/weltlaeden.de\/norderstedt\/wp-content\/uploads\/sites\/16\/2016\/10\/Laden_1704.jpg","contentUrl":"https:\/\/weltlaeden.de\/norderstedt\/wp-content\/uploads\/sites\/16\/2016\/10\/Laden_1704.jpg","width":1920,"height":836},{"@type":"BreadcrumbList","@id":"https:\/\/weltlaeden.de\/norderstedt\/#breadcrumb","itemListElement":[{"@type":"ListItem","position":1,"name":"Startseite","item":"https:\/\/weltlaeden.de\/norderstedt\/"},{"@type":"ListItem","position":2,"name":"Weltladen Norderstedt"}]},{"@type":"WebSite","@id":"https:\/\/weltlaeden.de\/norderstedt\/#website","url":"https:\/\/weltlaeden.de\/norderstedt\/","name":"Weltladen Norderstedt","description":"Faire Produkte seit 1990","potentialAction":[{"@type":"SearchAction","target":{"@type":"EntryPoint","urlTemplate":"https:\/\/weltlaeden.de\/norderstedt\/?s={search_term_string}"},"query-input":{"@type":"PropertyValueSpecification","valueRequired":true,"valueName":"search_term_string"}}],"inLanguage":"de"}]}},"_links":{"self":[{"href":"https:\/\/weltlaeden.de\/norderstedt\/wp-json\/wp\/v2\/pages\/20","targetHints":{"allow":["GET"]}}],"collection":[{"href":"https:\/\/weltlaeden.de\/norderstedt\/wp-json\/wp\/v2\/pages"}],"about":[{"href":"https:\/\/weltlaeden.de\/norderstedt\/wp-json\/wp\/v2\/types\/page"}],"author":[{"embeddable":true,"href":"https:\/\/weltlaeden.de\/norderstedt\/wp-json\/wp\/v2\/users\/1"}],"replies":[{"embeddable":true,"href":"https:\/\/weltlaeden.de\/norderstedt\/wp-json\/wp\/v2\/comments?post=20"}],"version-history":[{"count":157,"href":"https:\/\/weltlaeden.de\/norderstedt\/wp-json\/wp\/v2\/pages\/20\/revisions"}],"predecessor-version":[{"id":2922,"href":"https:\/\/weltlaeden.de\/norderstedt\/wp-json\/wp\/v2\/pages\/20\/revisions\/2922"}],"wp:attachment":[{"href":"https:\/\/weltlaeden.de\/norderstedt\/wp-json\/wp\/v2\/media?parent=20"}],"curies":[{"name":"wp","href":"https:\/\/api.w.org\/{rel}","templated":true}]}}