{"id":1815,"date":"2025-02-12T23:58:08","date_gmt":"2025-02-12T22:58:08","guid":{"rendered":"https:\/\/weltlaeden.de\/norderstedt\/bildungsarbeit-2\/"},"modified":"2025-02-13T00:29:53","modified_gmt":"2025-02-12T23:29:53","slug":"sortiment","status":"publish","type":"page","link":"https:\/\/weltlaeden.de\/norderstedt\/sortiment\/","title":{"rendered":"Sortiment"},"content":{"rendered":"<div class=\"wpb-content-wrapper\"><p>[vc_row][vc_column][vc_empty_space][\/vc_column][\/vc_row][vc_row][vc_column][vc_column_text css=&#8220;&#8220;]<\/p>\n<h1>Entdecken und genie\u00dfen: unser Weltladen Sortiment<\/h1>\n<p>St\u00f6bern und entdecken Sie leckeren Kaffee, gemahlen oder ganze Bohne, exklusive Schokoladen, Pralinen, Cookies und Tees, kreatives Kunsthandwerk, Geschenke f\u00fcr Klein und Gro\u00df sowie vieles mehr.<\/p>\n<p>Alles fair gehandelt und zu fairen Bedingungen produziert, vieles in Handarbeit und in Bio-Qualit\u00e4t hergestellt.<\/p>\n<p>Erfahren Sie mehr \u00fcber unsere Auswahl unserer vielen Fairtrade Produkte &#8211; und wo Sie diese erhalten: <a href=\"https:\/\/weltlaeden.de\/norderstedt\/sortiment\/produkte\/\">hier<\/a>[\/vc_column_text][\/vc_column][\/vc_row]<\/p>\n<\/div>","protected":false},"excerpt":{"rendered":"<p>[vc_row][vc_column][vc_empty_space][\/vc_column][\/vc_row][vc_row][vc_column][vc_column_text css=&#8220;&#8220;] Entdecken und genie\u00dfen: unser Weltladen Sortiment St\u00f6bern und entdecken Sie leckeren Kaffee, gemahlen oder ganze Bohne, exklusive Schokoladen, Pralinen, Cookies und Tees, kreatives Kunsthandwerk, Geschenke f\u00fcr Klein und Gro\u00df sowie vieles mehr. Alles fair gehandelt und zu fairen Bedingungen produziert, vieles in Handarbeit und in Bio-Qualit\u00e4t hergestellt. Erfahren Sie mehr \u00fcber unsere Auswahl&hellip;<\/p>\n","protected":false},"author":30,"featured_media":0,"parent":0,"menu_order":6,"comment_status":"closed","ping_status":"closed","template":"","meta":{"footnotes":""},"class_list":["post-1815","page","type-page","status-publish","hentry","description-off"],"yoast_head":"<!-- This site is optimized with the Yoast SEO plugin v26.8 - https:\/\/yoast.com\/product\/yoast-seo-wordpress\/ -->\n<title>Sortiment &#183; Weltladen Norderstedt<\/title>\n<meta name=\"description\" content=\"Fairtrade Kaffee, Tees, Schokolade, Gew\u00fcrze und weitere Leckereien sowie fair produziertes Kunsthandwerk und Geschenke aus aller Welt.\" \/>\n<meta name=\"robots\" content=\"index, follow, max-snippet:-1, max-image-preview:large, max-video-preview:-1\" \/>\n<link rel=\"canonical\" href=\"https:\/\/weltlaeden.de\/norderstedt\/sortiment\/\" \/>\n<meta property=\"og:locale\" content=\"de_DE\" \/>\n<meta property=\"og:type\" content=\"article\" \/>\n<meta property=\"og:title\" content=\"Sortiment &#183; Weltladen Norderstedt\" \/>\n<meta property=\"og:description\" content=\"Fairtrade Kaffee, Tees, Schokolade, Gew\u00fcrze und weitere Leckereien sowie fair produziertes Kunsthandwerk und Geschenke aus aller Welt.\" \/>\n<meta property=\"og:url\" content=\"https:\/\/weltlaeden.de\/norderstedt\/sortiment\/\" \/>\n<meta property=\"og:site_name\" content=\"Weltladen Norderstedt\" \/>\n<meta property=\"article:publisher\" content=\"https:\/\/de-de.facebook.com\/Weltladen-Norderstedt-645783178910420\/\" \/>\n<meta property=\"article:modified_time\" content=\"2025-02-12T23:29:53+00:00\" \/>\n<meta name=\"twitter:card\" content=\"summary_large_image\" \/>\n<meta name=\"twitter:label1\" content=\"Gesch\u00e4tzte Lesezeit\" \/>\n\t<meta name=\"twitter:data1\" content=\"1\u00a0Minute\" \/>\n<script type=\"application\/ld+json\" class=\"yoast-schema-graph\">{\"@context\":\"https:\/\/schema.org\",\"@graph\":[{\"@type\":\"WebPage\",\"@id\":\"https:\/\/weltlaeden.de\/norderstedt\/sortiment\/\",\"url\":\"https:\/\/weltlaeden.de\/norderstedt\/sortiment\/\",\"name\":\"Sortiment &#183; Weltladen Norderstedt\",\"isPartOf\":{\"@id\":\"https:\/\/weltlaeden.de\/norderstedt\/#website\"},\"datePublished\":\"2025-02-12T22:58:08+00:00\",\"dateModified\":\"2025-02-12T23:29:53+00:00\",\"description\":\"Fairtrade Kaffee, Tees, Schokolade, Gew\u00fcrze und weitere Leckereien sowie fair produziertes Kunsthandwerk und Geschenke aus aller Welt.\",\"breadcrumb\":{\"@id\":\"https:\/\/weltlaeden.de\/norderstedt\/sortiment\/#breadcrumb\"},\"inLanguage\":\"de\",\"potentialAction\":[{\"@type\":\"ReadAction\",\"target\":[\"https:\/\/weltlaeden.de\/norderstedt\/sortiment\/\"]}]},{\"@type\":\"BreadcrumbList\",\"@id\":\"https:\/\/weltlaeden.de\/norderstedt\/sortiment\/#breadcrumb\",\"itemListElement\":[{\"@type\":\"ListItem\",\"position\":1,\"name\":\"Startseite\",\"item\":\"https:\/\/weltlaeden.de\/norderstedt\/\"},{\"@type\":\"ListItem\",\"position\":2,\"name\":\"Sortiment\"}]},{\"@type\":\"WebSite\",\"@id\":\"https:\/\/weltlaeden.de\/norderstedt\/#website\",\"url\":\"https:\/\/weltlaeden.de\/norderstedt\/\",\"name\":\"Weltladen Norderstedt\",\"description\":\"Faire Produkte seit 1990\",\"potentialAction\":[{\"@type\":\"SearchAction\",\"target\":{\"@type\":\"EntryPoint\",\"urlTemplate\":\"https:\/\/weltlaeden.de\/norderstedt\/?s={search_term_string}\"},\"query-input\":{\"@type\":\"PropertyValueSpecification\",\"valueRequired\":true,\"valueName\":\"search_term_string\"}}],\"inLanguage\":\"de\"}]}<\/script>\n<!-- \/ Yoast SEO plugin. -->","yoast_head_json":{"title":"Sortiment &#183; Weltladen Norderstedt","description":"Fairtrade Kaffee, Tees, Schokolade, Gew\u00fcrze und weitere Leckereien sowie fair produziertes Kunsthandwerk und Geschenke aus aller Welt.","robots":{"index":"index","follow":"follow","max-snippet":"max-snippet:-1","max-image-preview":"max-image-preview:large","max-video-preview":"max-video-preview:-1"},"canonical":"https:\/\/weltlaeden.de\/norderstedt\/sortiment\/","og_locale":"de_DE","og_type":"article","og_title":"Sortiment &#183; Weltladen Norderstedt","og_description":"Fairtrade Kaffee, Tees, Schokolade, Gew\u00fcrze und weitere Leckereien sowie fair produziertes Kunsthandwerk und Geschenke aus aller Welt.","og_url":"https:\/\/weltlaeden.de\/norderstedt\/sortiment\/","og_site_name":"Weltladen Norderstedt","article_publisher":"https:\/\/de-de.facebook.com\/Weltladen-Norderstedt-645783178910420\/","article_modified_time":"2025-02-12T23:29:53+00:00","twitter_card":"summary_large_image","twitter_misc":{"Gesch\u00e4tzte Lesezeit":"1\u00a0Minute"},"schema":{"@context":"https:\/\/schema.org","@graph":[{"@type":"WebPage","@id":"https:\/\/weltlaeden.de\/norderstedt\/sortiment\/","url":"https:\/\/weltlaeden.de\/norderstedt\/sortiment\/","name":"Sortiment &#183; Weltladen Norderstedt","isPartOf":{"@id":"https:\/\/weltlaeden.de\/norderstedt\/#website"},"datePublished":"2025-02-12T22:58:08+00:00","dateModified":"2025-02-12T23:29:53+00:00","description":"Fairtrade Kaffee, Tees, Schokolade, Gew\u00fcrze und weitere Leckereien sowie fair produziertes Kunsthandwerk und Geschenke aus aller Welt.","breadcrumb":{"@id":"https:\/\/weltlaeden.de\/norderstedt\/sortiment\/#breadcrumb"},"inLanguage":"de","potentialAction":[{"@type":"ReadAction","target":["https:\/\/weltlaeden.de\/norderstedt\/sortiment\/"]}]},{"@type":"BreadcrumbList","@id":"https:\/\/weltlaeden.de\/norderstedt\/sortiment\/#breadcrumb","itemListElement":[{"@type":"ListItem","position":1,"name":"Startseite","item":"https:\/\/weltlaeden.de\/norderstedt\/"},{"@type":"ListItem","position":2,"name":"Sortiment"}]},{"@type":"WebSite","@id":"https:\/\/weltlaeden.de\/norderstedt\/#website","url":"https:\/\/weltlaeden.de\/norderstedt\/","name":"Weltladen Norderstedt","description":"Faire Produkte seit 1990","potentialAction":[{"@type":"SearchAction","target":{"@type":"EntryPoint","urlTemplate":"https:\/\/weltlaeden.de\/norderstedt\/?s={search_term_string}"},"query-input":{"@type":"PropertyValueSpecification","valueRequired":true,"valueName":"search_term_string"}}],"inLanguage":"de"}]}},"_links":{"self":[{"href":"https:\/\/weltlaeden.de\/norderstedt\/wp-json\/wp\/v2\/pages\/1815","targetHints":{"allow":["GET"]}}],"collection":[{"href":"https:\/\/weltlaeden.de\/norderstedt\/wp-json\/wp\/v2\/pages"}],"about":[{"href":"https:\/\/weltlaeden.de\/norderstedt\/wp-json\/wp\/v2\/types\/page"}],"author":[{"embeddable":true,"href":"https:\/\/weltlaeden.de\/norderstedt\/wp-json\/wp\/v2\/users\/30"}],"replies":[{"embeddable":true,"href":"https:\/\/weltlaeden.de\/norderstedt\/wp-json\/wp\/v2\/comments?post=1815"}],"version-history":[{"count":7,"href":"https:\/\/weltlaeden.de\/norderstedt\/wp-json\/wp\/v2\/pages\/1815\/revisions"}],"predecessor-version":[{"id":2593,"href":"https:\/\/weltlaeden.de\/norderstedt\/wp-json\/wp\/v2\/pages\/1815\/revisions\/2593"}],"wp:attachment":[{"href":"https:\/\/weltlaeden.de\/norderstedt\/wp-json\/wp\/v2\/media?parent=1815"}],"curies":[{"name":"wp","href":"https:\/\/api.w.org\/{rel}","templated":true}]}}