{"id":23,"date":"2016-10-14T09:05:21","date_gmt":"2016-10-14T07:05:21","guid":{"rendered":"https:\/\/wl.heimpixel.de\/vorlage\/termine\/"},"modified":"2020-02-26T10:04:27","modified_gmt":"2020-02-26T09:04:27","slug":"termine","status":"publish","type":"page","link":"https:\/\/weltlaeden.de\/nierstein\/termine\/","title":{"rendered":"Termine"},"content":{"rendered":"<div class=\"wpb-content-wrapper\"><p>[vc_row][vc_column]<div class=\"wl_einzelbild\"><p><img loading=\"lazy\" decoding=\"async\" class=\"alignleft size-full wp-image-1378\" src=\"https:\/\/weltlaeden.de\/nierstein\/wp-content\/uploads\/sites\/60\/2020\/02\/Termine2.jpg\" alt=\"\" width=\"1024\" height=\"345\" srcset=\"https:\/\/weltlaeden.de\/nierstein\/wp-content\/uploads\/sites\/60\/2020\/02\/Termine2.jpg 1024w, https:\/\/weltlaeden.de\/nierstein\/wp-content\/uploads\/sites\/60\/2020\/02\/Termine2-300x101.jpg 300w, https:\/\/weltlaeden.de\/nierstein\/wp-content\/uploads\/sites\/60\/2020\/02\/Termine2-768x259.jpg 768w\" sizes=\"auto, (max-width: 1024px) 100vw, 1024px\" \/><\/p><\/div>[vc_empty_space height=&#8220;20px&#8220;][\/vc_column][\/vc_row][vc_row][vc_column width=&#8220;2\/3&#8243;][vc_column_text]<\/p>\n<h1>Termine<\/h1>\n<p>[\/vc_column_text]<ul class=\"termine-page current aktuell\">[vc_empty_space height=&#8220;50px&#8220;][vc_separator color=&#8220;sandy_brown&#8220; style=&#8220;shadow&#8220;][vc_empty_space height=&#8220;50px&#8220;][vc_column_text]<\/p>\n<h2>Vergangene Termine<\/h2>\n<p>[\/vc_column_text]<ul class=\"termine-page past vergangen\"><li><h5 class=\"termine-titel\"><a href=\"https:\/\/weltlaeden.de\/nierstein\/termin\/weltladentag-fair-fruchtet\/\">Weltladentag &#8222;FAIR fruchtet&#8220;<\/a><\/h5><p class=\"termine-date\">Sa., 09.05.2026, 10:00<\/p><p class=\"termine-auszug\">Jedes Jahr am zweiten Samstag im Mai findet der bundesweite Weltladentag statt. Unter dem Motto \u201eFAIR fruchtet\u201c richten wir dieses Jahr den Blick auf den globalen Fruchthandel, der von deutlicher Ungleichheit gepr\u00e4gt ist und viele Kleinb\u00e4uer*innen vor gro\u00dfe Herausforderungen stellt. Wir wollen zeigen, wie Fairer Handel den Unterschied machen kann f\u00fcr gerechtere Strukturen, stabile Einkommen und mehr Mitbestimmung entlang von Fruchtlieferketten. <strong>Das Team des Weltladens Nierstein steckt mitten in den Vorbereitungen zu einem fruchtigen, informativen und fr\u00f6hlichen Vormittag mit leckeren Ananas und Apfelbananen \u2013 nat\u00fcrlich fair gehandelt und in Bio-Qualit\u00e4t.<\/strong> Au\u00dferdem wird die <strong>SoLaWi Feldkultur aus Nierstein-Schwabsburg<\/strong> zeigen, wie Ern\u00e4hrung auch gehen kann: saisonal, \u00f6kologisch und direkt vor Ort. Herzliche Einladung zum Fairen Fr\u00fchst\u00fcck am 9. Mai von 10 bis 13:00 Uhr!<p class=termine-ort\"><small>Ort: <i>Weltladen Nierstein<\/i><\/small><\/p><\/li><li><h5 class=\"termine-titel\"><a href=\"https:\/\/weltlaeden.de\/nierstein\/termin\/flagge-zeigen-ausstellung\/\">&#8222;FLAGGE zeigen&#8220; Vernissage am 16.01.2026, 18 Uhr<\/a><\/h5><p class=\"termine-date\">Di., 31.03.2026, 18:00<\/p><p class=\"termine-auszug\">Ausstellung gegen Gewalt und Fremdenfeindlichkeit bis Ende M\u00e4rz 2026 im Rathaus der Stadt Nierstein. Mehr: <a href=\"https:\/\/www.nierstein.de\/veranstaltungen?dfxid=1350017\">https:\/\/www.nierstein.de\/veranstaltungen?dfxid=1350017<\/a><p class=termine-ort\"><small>Ort: <i>Rathaus Nierstein, Riesling-Galerie<\/i><\/small><\/p><\/li><li><h5 class=\"termine-titel\"><a href=\"https:\/\/weltlaeden.de\/nierstein\/termin\/2-marktplatz-fuer-demokratie\/\">2. Marktplatz f\u00fcr Demokratie<\/a><\/h5><p class=\"termine-date\">So., 01.03.2026, 14:00<\/p><p class=\"termine-auszug\">Eine Veranstaltung der Initiative gegen Rechtsextremismus Nierstein mit Podiumsdiskussion, Marktst\u00e4nden, Kaffee und Kuchen.<p class=termine-ort\"><small>Ort: <i>Nierstein, Sironasaal<\/i><\/small><\/p><\/li><li><h5 class=\"termine-titel\"><a href=\"https:\/\/weltlaeden.de\/nierstein\/termin\/winterpause-vom-27-12-2025-bis-04-01-2026\/\">Winterpause vom 27.12.2025 bis 04.01.2026<\/a><\/h5><p class=\"termine-date\">Sa., 27.12.2025<\/p><p class=\"termine-auszug\"><\/li><li><h5 class=\"termine-titel\"><a href=\"https:\/\/weltlaeden.de\/nierstein\/termin\/kakao-probieren-und-informieren-mit-casa-del-sol\/\">KAKAO &#8211; Probieren und informieren mit Casa del Sol<\/a><\/h5><p class=\"termine-date\">Sa., 29.11.2025, 10:00<\/p><p class=\"termine-auszug\"><p class=termine-ort\"><small>Ort: <i>Weltladen Nierstein<\/i><\/small><\/p><\/li><li><h5 class=\"termine-titel\"><a href=\"https:\/\/weltlaeden.de\/nierstein\/termin\/babbelbank-einweihung-am-25-10-2025-ab-11-uhr\/\">Babbelbank &#8211; Einweihung am 25.10.2025 ab 11 Uhr<\/a><\/h5><p class=\"termine-date\">Sa., 25.10.2025, 11:00<\/p><p class=\"termine-auszug\">Der Migrationsbeirat unseres Landkreises Mainz-Bingen m\u00f6chte der Stadt Nierstein eine Babbelbank schenken. Dies als Zeichen des Miteinanders, als Ort der Vielfalt und als Ort des Austausches. Die Bank wird im alten Ortskern, am Platz \"An der Kaiserlinde\" aufgestellt und am 25. Oktober mit einer kleinen Feier eingeweiht.<p class=termine-ort\"><small>Ort: <i>Nierstein, An der Kaiserlinde<\/i><\/small><\/p><\/li><li><h5 class=\"termine-titel\"><a href=\"https:\/\/weltlaeden.de\/nierstein\/termin\/faire-woche-2025\/\">Faire Woche 2025<\/a><\/h5><p class=\"termine-date\">Sa., 20.09.2025, 10:00<\/p><p class=\"termine-auszug\">Im Rahmen der bundesweiten Aktionswoche des Fairen Handels l\u00e4dt der Weltladen Nierstein am <strong>Samstag, 20. September 2025 von 10 bis 13 Uhr zum Fairen Fr\u00fchst\u00fcck<\/strong> ein. Dieses Jahr steht die Faire Woche unter dem Motto <strong>\"FAIR HANDELN - Vielfalt erleben!<\/strong> Lasst euch verw\u00f6hnen bei einem vielf\u00e4ltigen Fr\u00fchst\u00fcck. Au\u00dferdem planen wir ein Vielfalts-ABC, einen Flohmarkt mit Kunsthandwerk aus unserem Weltladen. Ein kostenloses Rezeptheft verr\u00e4t vielf\u00e4ltige internationale Rezepte und die meisten Produkte zum Nachkochen gibt es im Laden zu kaufen. Mehr Informationen zum Thema <a href=\"https:\/\/www.faire-woche.de\/start\/faire-woche-2025\">Faire Woche 2025\u00a0|\u00a0Faire Woche<\/a><\/li><li><h5 class=\"termine-titel\"><a href=\"https:\/\/weltlaeden.de\/nierstein\/termin\/kulturfest-nierstein\/\">Kulturfest Nierstein<\/a><\/h5><p class=\"termine-date\">So., 24.08.2025, 15:00<\/p><p class=\"termine-auszug\">Der Weltladen macht mit beim Kulturfest des AK Asyl. Mehr: <a href=\"https:\/\/arbeitskreis-asyl-nierstein.de\/kulturfest-2025\/\" target=\"_blank\" rel=\"noopener\">https:\/\/arbeitskreis-asyl-nierstein.de\/kulturfest-2025\/<\/a><p class=termine-ort\"><small>Ort: <i>Stadtpark Nierstein<\/i><\/small><\/p><\/li><li><h5 class=\"termine-titel\"><a href=\"https:\/\/weltlaeden.de\/nierstein\/termin\/csd-nierstein\/\">CSD Nierstein<\/a><\/h5><p class=\"termine-date\">Sa., 16.08.2025, 15:00<\/p><p class=\"termine-auszug\">Der CSD Rhein-Selz geht in die n\u00e4chste Runde. Die Jugendvertretung der VG Rhein-Selz freut sich, zum dritten Mal in den Stadtpark Nierstein einladen zu d\u00fcrfen. Das Team des Weltladen Nierstein macht mit. Wir informieren \u00fcber unsere Arbeit im Fairen Handel und bieten auch ein paar Produkte aus unserem Laden zum Verkauf an.<p class=termine-ort\"><small>Ort: <i>Stadtpark Nierstein<\/i><\/small><\/p><\/li><li><h5 class=\"termine-titel\"><a href=\"https:\/\/weltlaeden.de\/nierstein\/termin\/weltladentag-am-samstag-10-05-2025\/\">Weltladentag<\/a><\/h5><p class=\"termine-date\">Sa., 10.05.2025, 10:00<\/p><p class=\"termine-auszug\">SCHOKI F\u00dcRS KLIMA? KAUF ICH EUCH AB! Wie jedes Jahr zum Weltladentag l\u00e4dt der Weltladen Nierstein ein zu einem Fairen Fr\u00fchst\u00fcck ab 10 Uhr. Besonderes Highlight dieses Jahr ist die Schokoladenverkostung des Vereins Casa del Sol aus Klein-Winternheim. Mehr zum Weltladentag auf der Seite des Weltladendachverbandes:\u00a0<a href=\"https:\/\/www.weltladen.de\/politik-veraendern\/kampagne\/2025\/weltladentag2025\/\" target=\"_blank\" rel=\"noopener\">https:\/\/www.weltladen.de\/politik-veraendern\/kampagne\/2025\/weltladentag2025\/<\/a><p class=termine-ort\"><small>Ort: <i>Nierstein, An der Kaiserlinde 6<\/i><\/small><\/p><\/li><li><h5 class=\"termine-titel\"><a href=\"https:\/\/weltlaeden.de\/nierstein\/termin\/markt-fuer-demokratie-innierstein\/\">Markt f\u00fcr Demokratie im Sironasaal in Nierstein<\/a><\/h5><p class=\"termine-date\">Sa., 01.02.2025, 15:00<\/p><p class=\"termine-auszug\">mit Teilnehmenden aus Politik und Gesellschaft. Der Weltladen gegen\u00fcber ist ge\u00f6ffnet und verkauft die \"R\u00f6stung gegen rechts\". Weitere Infos <a href=\"https:\/\/www.rheinhessen-gegen-rechts.de\/2025\/01\/22\/markt-fuer-demokratie-in-nierstein\/\" target=\"_blank\" rel=\"noopener\">https:\/\/www.rheinhessen-gegen-rechts.de\/2025\/01\/22\/markt-fuer-demokratie-in-nierstein\/<\/a><p class=termine-ort\"><small>Ort: <i>Sironasaal Nierstein<\/i><\/small><\/p><\/li><li><h5 class=\"termine-titel\"><a href=\"https:\/\/weltlaeden.de\/nierstein\/termin\/woche-der-menschenrechte-vom-9-bis-14-dezember-2024\/\">Woche der Menschenrechte vom 9. bis 14. Dezember 2024<\/a><\/h5><p class=\"termine-date\">Mo., 09.12.2024, 15:00<\/p><p class=\"termine-auszug\">Infos in unserem Artikel bei Aktuelles.<p class=termine-ort\"><small>Ort: <i>Weltladen Nierstein<\/i><\/small><\/p><\/li><li><h5 class=\"termine-titel\"><a href=\"https:\/\/weltlaeden.de\/nierstein\/termin\/romantischer-weihnachtsmarkt-in-undenheim\/\">Romantischer Weihnachtsmarkt in Undenheim<\/a><\/h5><p class=\"termine-date\">So., 01.12.2024, 11:00<\/p><p class=\"termine-auszug\">Der Weltladen Nierstein pr\u00e4sentiert Produkte aus fairem Handel - Kaffee, Schokolade, Weihnachtsleckereien und Kunsthandwerk von 11 bis 17 Uhr.<p class=termine-ort\"><small>Ort: <i>Undenheim, Georg-Wiegand-Will-Platz<\/i><\/small><\/p><\/li><li><h5 class=\"termine-titel\"><a href=\"https:\/\/weltlaeden.de\/nierstein\/termin\/kultur-um-8-in-nierstein\/\">Kultur um 8 in Nierstein<\/a><\/h5><p class=\"termine-date\">Di., 17.09.2024, 20:00<\/p><p class=\"termine-auszug\">Faire Woche: Ist Klimagerechtigkeit f\u00fcr die junge Generation im globalen S\u00fcden und hier im Norden m\u00f6glich? Film- und Diskussionsabend mit dem Weltladen Nierstein und dem Weltladen-Dachverband. Eintritt frei, Anmeldung erw\u00fcnscht unter info@weltladen-nierstein.de. Weitere Infos unter <a href=\"https:\/\/www.weltladen.de\/fuer-weltlaeden\/faire-woche\/faire-woche-2024_worum-gehts\/\" target=\"_blank\" rel=\"noopener\">Worum geht\u00b4s | Weltladen-Dachverband<\/a><p class=termine-ort\"><small>Ort: <i>Nierstein, Johannes-Busch-Haus, M\u00fchlgasse 28<\/i><\/small><\/p><\/li><li><h5 class=\"termine-titel\"><a href=\"https:\/\/weltlaeden.de\/nierstein\/termin\/28-internationales-kulturfest-in-nierstein\/\">28. Internationales Kulturfest in Nierstein<\/a><\/h5><p class=\"termine-date\">So., 23.06.2024, 15:00<\/p><p class=\"termine-auszug\">Der Weltladen Nierstein ist Mitveranstalter und mit einem eigenen Stand vertreten. Mehr bei <a href=\"https:\/\/arbeitskreis-asyl-nierstein.de\/kulturfest-2024\/\" target=\"_blank\" rel=\"noopener\">Kulturfest 2024 \u2013 Arbeitskreis Asyl Nierstein (arbeitskreis-asyl-nierstein.de)<\/a><p class=termine-ort\"><small>Ort: <i>Stadtpark Nierstein<\/i><\/small><\/p><\/li><li><h5 class=\"termine-titel\"><a href=\"https:\/\/weltlaeden.de\/nierstein\/termin\/weltladentag-3\/\">Weltladentag<\/a><\/h5><p class=\"termine-date\">Sa., 11.05.2024, 10:00<\/p><p class=\"termine-auszug\">\"F\u00fcr Klimasch\u00e4den Verantwortung \u00fcbernehmen!\" lautet das Motto f\u00fcr den Weltladentag 2024<p class=termine-ort\"><small>Ort: <i>Weltladen Nierstein<\/i><\/small><\/p><\/li><li><h5 class=\"termine-titel\"><a href=\"https:\/\/weltlaeden.de\/nierstein\/termin\/demo-fuer-freiheit-demokratie-und-vielfalt\/\">Demo f\u00fcr Freiheit, Demokratie und Vielfalt<\/a><\/h5><p class=\"termine-date\">Do., 01.02.2024, 18:00<\/p><p class=\"termine-auszug\"><p class=termine-ort\"><small>Ort: <i>Nierstein, Marktplatz<\/i><\/small><\/p><\/li><li><h5 class=\"termine-titel\"><a href=\"https:\/\/weltlaeden.de\/nierstein\/termin\/verkaufsmesse-fairer-handel\/\">Hausmesse &#8222;Fairer Handel konkret &#8211; informieren &#8211; erleben &#8211; einkaufen&#8220;<\/a><\/h5><p class=\"termine-date\">Sa., 16.09.2023, 12:00<\/p><p class=\"termine-auszug\">Vierzig Jahre Fairer Handel in Nierstein! Das wollen wir gemeinsam mit unseren Kund*innen und allen Interessierten feiern. Wir laden herzlich ein zu unserer <strong>Hausmesse \"Fairer Handel konkret - informieren - erleben - einkaufen\"<\/strong>. Mode, Schmuck, Yogazubeh\u00f6r, Geschenkartikel, Filz, Schals, Taschen, Upcycling, Lebensmittel von unseren Lieferanten gepa, weltpartner und Utamtsi - mehr als wir im Laden vorhalten k\u00f6nnen, werden angeboten. Wir informieren auch \u00fcber die Anf\u00e4nge des Fairen Handels in Nierstein bis zum Weltenladen heute. Gewinnen Sie attraktive faire Sachpreise bei einer Gl\u00fcckrad-Tombola. Und f\u00fcrs leibliche Wohl ist bestens gesorgt. 12 bis 18 Uhr<p class=termine-ort\"><small>Ort: <i>Nierstein, Sironasaal, An der Kaiserlinde, gegen\u00fcber vom Weltladen<\/i><\/small><\/p><\/li><li><h5 class=\"termine-titel\"><a href=\"https:\/\/weltlaeden.de\/nierstein\/termin\/wochenmarkt-nierstein-3\/\">Wochenmarkt Nierstein<\/a><\/h5><p class=\"termine-date\">Fr., 01.09.2023, 14:00<\/p><p class=\"termine-auszug\">Der Weltladen Nierstein ist dabei - mit einer Auswahl fair gehandelter Produkte!<p class=termine-ort\"><small>Ort: <i>Nierstein, Fronhof<\/i><\/small><\/p><\/li><li><h5 class=\"termine-titel\"><a href=\"https:\/\/weltlaeden.de\/nierstein\/termin\/mitgliederversammlung-weltladen-nierstein-e-v\/\">Mitgliederversammlung Weltladen Nierstein e.V.<\/a><\/h5><p class=\"termine-date\">Mi., 05.07.2023, 19:00<\/p><p class=\"termine-auszug\"><p class=termine-ort\"><small>Ort: <i>Johannes-Busch-Haus Nierstein<\/i><\/small><\/p><\/li><li><h5 class=\"termine-titel\"><a href=\"https:\/\/weltlaeden.de\/nierstein\/termin\/weltladentag-2\/\">Weltladentag<\/a><\/h5><p class=\"termine-date\">Sa., 13.05.2023, 10:00<\/p><p class=\"termine-auszug\">Unter dem Motto <strong>\"M\u00e4chtig FAIR\"<\/strong> machen wir am diesj\u00e4hrigen Weltladentag, am 13. Mai 2023 darauf aufmerksam, dass Lieferketten endlich fairer werden k\u00f6nnen, wenn wir ein starkes EU-Lieferkettengesetz bekommen. Wir laden herzlich ein zu einer Tasse fairen Kaffee und\/oder Tee.<p class=termine-ort\"><small>Ort: <i>Weltladen Nierstsein<\/i><\/small><\/p><\/li><li><h5 class=\"termine-titel\"><a href=\"https:\/\/weltlaeden.de\/nierstein\/termin\/wochenmarkt-nierstein-2\/\">Wochenmarkt Nierstein<\/a><\/h5><p class=\"termine-date\">Fr., 28.04.2023, 14:00<\/p><p class=\"termine-auszug\"><p class=termine-ort\"><small>Ort: <i>Fronhof Nierstein<\/i><\/small><\/p><\/li><li><h5 class=\"termine-titel\"><a href=\"https:\/\/weltlaeden.de\/nierstein\/termin\/soli-brot-aktion-2\/\">Soli-Brot-Aktion<\/a><\/h5><p class=\"termine-date\">So., 26.03.2023, 12:00<\/p><p class=\"termine-auszug\"><p class=termine-ort\"><small>Ort: <i>Kath. Kirche St. Bartholom\u00e4us Oppenheim<\/i><\/small><\/p><\/li><li><h5 class=\"termine-titel\"><a href=\"https:\/\/weltlaeden.de\/nierstein\/termin\/weltladen-aktion\/\">Weltladen-Aktion<\/a><\/h5><p class=\"termine-date\">Mo., 13.05.2019 bis 18.05.2019<\/p><p class=\"termine-auszug\"><strong>Weltladen-Aktion \u201eNick doch mal!\u201c \u2013 \u00a0Auftakt zum Weltladentag 2019<\/strong> Mit einer <strong>stark beachteten Schilderaktion entlang der B 9<\/strong>\u00a0<strong>in Nierstein<\/strong> forderten <strong>Mitarbeiterinnen des Weltladens Nierstein<\/strong> k\u00fcrzlich weltweite gerechte Handelsbedingungen und die Einhaltung verbriefter Menschenrechte. <strong>\u201eMenschen sollen von ihrer Arbeit leben k\u00f6nnen!<\/strong> <strong>Unternehmen sollen weltweit Menschenrechte einhalten!<\/strong> <strong>Wir wollen ein Gesetz f\u00fcr Unternehmensverantwortung!\u201c<\/strong> lauteten die auf <strong>gro\u00dfen Schildern abgedruckten Forderungen.<\/strong> Seit langem verlangt die Fair-Handels Bewegung von der Bundesregierung die Verabschiedung eines Gesetzes f\u00fcr Unternehmensverantwortung, weil die bisherigen freiwilligen Ma\u00dfnahmen der Unternehmen nicht ausreichend sind. Auch die Vereinten Nationen haben im Menschenrechtsrat bereits 2011 faire Handelsbedingungen gefordert, die jedoch bis dato nicht gesetzlich verankert wurden. Angesprochen bei der Aktion in Nierstein waren Autofahrer, Radfahrer und Fu\u00dfg\u00e4nger \u2013 und es gab <strong>viel Zustimmung. Daumen hoch, Nicken oder auch Gespr\u00e4che mit Passanten<\/strong> \u2013 der Weltladen Nierstein hat einen Weckruf platziert. Diese Aktion war der Auftakt zum Weltladentag am vergangenen Samstag, 11. Mai 2019. Zu [...] <a href=\"https:\/\/weltlaeden.de\/nierstein\/termin\/weltladen-aktion\/\"><small>[WEITERLESEN]<\/small><\/a><\/p><\/li><\/ul>[vc_column_text]<\/p>\n<p>[\/vc_column_text][\/vc_column][\/vc_row]<\/p>\n<\/div>","protected":false},"excerpt":{"rendered":"<p>[vc_row][vc_column][vc_empty_space height=&#8220;20px&#8220;][\/vc_column][\/vc_row][vc_row][vc_column width=&#8220;2\/3&#8243;][vc_column_text] Termine [\/vc_column_text][vc_empty_space height=&#8220;50px&#8220;][vc_separator color=&#8220;sandy_brown&#8220; style=&#8220;shadow&#8220;][vc_empty_space height=&#8220;50px&#8220;][vc_column_text] Vergangene Termine [\/vc_column_text][vc_column_text] [\/vc_column_text][\/vc_column][\/vc_row]<\/p>\n","protected":false},"author":1,"featured_media":0,"parent":0,"menu_order":6,"comment_status":"closed","ping_status":"closed","template":"","meta":{"footnotes":""},"class_list":["post-23","page","type-page","status-publish","hentry","description-off"],"yoast_head":"<!-- This site is optimized with the Yoast SEO plugin v26.8 - https:\/\/yoast.com\/product\/yoast-seo-wordpress\/ -->\n<title>Termine - Weltladen Nierstein<\/title>\n<meta name=\"robots\" content=\"index, follow, max-snippet:-1, max-image-preview:large, max-video-preview:-1\" \/>\n<link rel=\"canonical\" href=\"https:\/\/weltlaeden.de\/nierstein\/termine\/\" \/>\n<meta property=\"og:locale\" content=\"de_DE\" \/>\n<meta property=\"og:type\" content=\"article\" \/>\n<meta property=\"og:title\" content=\"Termine - Weltladen Nierstein\" \/>\n<meta property=\"og:description\" content=\"[vc_row][vc_column][vc_empty_space height=&#8220;20px&#8220;][\/vc_column][\/vc_row][vc_row][vc_column width=&#8220;2\/3&#8243;][vc_column_text] Termine [\/vc_column_text][vc_empty_space height=&#8220;50px&#8220;][vc_separator color=&#8220;sandy_brown&#8220; style=&#8220;shadow&#8220;][vc_empty_space height=&#8220;50px&#8220;][vc_column_text] Vergangene Termine [\/vc_column_text][vc_column_text] [\/vc_column_text][\/vc_column][\/vc_row]\" \/>\n<meta property=\"og:url\" content=\"https:\/\/weltlaeden.de\/nierstein\/termine\/\" \/>\n<meta property=\"og:site_name\" content=\"Weltladen Nierstein\" \/>\n<meta property=\"article:modified_time\" content=\"2020-02-26T09:04:27+00:00\" \/>\n<meta property=\"og:image\" content=\"https:\/\/weltlaeden.de\/nierstein\/wp-content\/uploads\/sites\/60\/2020\/02\/Termine2.jpg\" \/>\n<meta name=\"twitter:card\" content=\"summary_large_image\" \/>\n<script type=\"application\/ld+json\" class=\"yoast-schema-graph\">{\"@context\":\"https:\/\/schema.org\",\"@graph\":[{\"@type\":\"WebPage\",\"@id\":\"https:\/\/weltlaeden.de\/nierstein\/termine\/\",\"url\":\"https:\/\/weltlaeden.de\/nierstein\/termine\/\",\"name\":\"Termine - Weltladen Nierstein\",\"isPartOf\":{\"@id\":\"https:\/\/weltlaeden.de\/nierstein\/#website\"},\"primaryImageOfPage\":{\"@id\":\"https:\/\/weltlaeden.de\/nierstein\/termine\/#primaryimage\"},\"image\":{\"@id\":\"https:\/\/weltlaeden.de\/nierstein\/termine\/#primaryimage\"},\"thumbnailUrl\":\"https:\/\/weltlaeden.de\/nierstein\/wp-content\/uploads\/sites\/60\/2020\/02\/Termine2.jpg\",\"datePublished\":\"2016-10-14T07:05:21+00:00\",\"dateModified\":\"2020-02-26T09:04:27+00:00\",\"breadcrumb\":{\"@id\":\"https:\/\/weltlaeden.de\/nierstein\/termine\/#breadcrumb\"},\"inLanguage\":\"de\",\"potentialAction\":[{\"@type\":\"ReadAction\",\"target\":[\"https:\/\/weltlaeden.de\/nierstein\/termine\/\"]}]},{\"@type\":\"ImageObject\",\"inLanguage\":\"de\",\"@id\":\"https:\/\/weltlaeden.de\/nierstein\/termine\/#primaryimage\",\"url\":\"https:\/\/weltlaeden.de\/nierstein\/wp-content\/uploads\/sites\/60\/2020\/02\/Termine2.jpg\",\"contentUrl\":\"https:\/\/weltlaeden.de\/nierstein\/wp-content\/uploads\/sites\/60\/2020\/02\/Termine2.jpg\",\"width\":1024,\"height\":345},{\"@type\":\"BreadcrumbList\",\"@id\":\"https:\/\/weltlaeden.de\/nierstein\/termine\/#breadcrumb\",\"itemListElement\":[{\"@type\":\"ListItem\",\"position\":1,\"name\":\"Startseite\",\"item\":\"https:\/\/weltlaeden.de\/nierstein\/\"},{\"@type\":\"ListItem\",\"position\":2,\"name\":\"Termine\"}]},{\"@type\":\"WebSite\",\"@id\":\"https:\/\/weltlaeden.de\/nierstein\/#website\",\"url\":\"https:\/\/weltlaeden.de\/nierstein\/\",\"name\":\"Vorlage\",\"description\":\"Faire Produkte seit 1983\",\"potentialAction\":[{\"@type\":\"SearchAction\",\"target\":{\"@type\":\"EntryPoint\",\"urlTemplate\":\"https:\/\/weltlaeden.de\/nierstein\/?s={search_term_string}\"},\"query-input\":{\"@type\":\"PropertyValueSpecification\",\"valueRequired\":true,\"valueName\":\"search_term_string\"}}],\"inLanguage\":\"de\"}]}<\/script>\n<!-- \/ Yoast SEO plugin. -->","yoast_head_json":{"title":"Termine - Weltladen Nierstein","robots":{"index":"index","follow":"follow","max-snippet":"max-snippet:-1","max-image-preview":"max-image-preview:large","max-video-preview":"max-video-preview:-1"},"canonical":"https:\/\/weltlaeden.de\/nierstein\/termine\/","og_locale":"de_DE","og_type":"article","og_title":"Termine - Weltladen Nierstein","og_description":"[vc_row][vc_column][vc_empty_space height=&#8220;20px&#8220;][\/vc_column][\/vc_row][vc_row][vc_column width=&#8220;2\/3&#8243;][vc_column_text] Termine [\/vc_column_text][vc_empty_space height=&#8220;50px&#8220;][vc_separator color=&#8220;sandy_brown&#8220; style=&#8220;shadow&#8220;][vc_empty_space height=&#8220;50px&#8220;][vc_column_text] Vergangene Termine [\/vc_column_text][vc_column_text] [\/vc_column_text][\/vc_column][\/vc_row]","og_url":"https:\/\/weltlaeden.de\/nierstein\/termine\/","og_site_name":"Weltladen Nierstein","article_modified_time":"2020-02-26T09:04:27+00:00","og_image":[{"url":"https:\/\/weltlaeden.de\/nierstein\/wp-content\/uploads\/sites\/60\/2020\/02\/Termine2.jpg","type":"","width":"","height":""}],"twitter_card":"summary_large_image","schema":{"@context":"https:\/\/schema.org","@graph":[{"@type":"WebPage","@id":"https:\/\/weltlaeden.de\/nierstein\/termine\/","url":"https:\/\/weltlaeden.de\/nierstein\/termine\/","name":"Termine - Weltladen Nierstein","isPartOf":{"@id":"https:\/\/weltlaeden.de\/nierstein\/#website"},"primaryImageOfPage":{"@id":"https:\/\/weltlaeden.de\/nierstein\/termine\/#primaryimage"},"image":{"@id":"https:\/\/weltlaeden.de\/nierstein\/termine\/#primaryimage"},"thumbnailUrl":"https:\/\/weltlaeden.de\/nierstein\/wp-content\/uploads\/sites\/60\/2020\/02\/Termine2.jpg","datePublished":"2016-10-14T07:05:21+00:00","dateModified":"2020-02-26T09:04:27+00:00","breadcrumb":{"@id":"https:\/\/weltlaeden.de\/nierstein\/termine\/#breadcrumb"},"inLanguage":"de","potentialAction":[{"@type":"ReadAction","target":["https:\/\/weltlaeden.de\/nierstein\/termine\/"]}]},{"@type":"ImageObject","inLanguage":"de","@id":"https:\/\/weltlaeden.de\/nierstein\/termine\/#primaryimage","url":"https:\/\/weltlaeden.de\/nierstein\/wp-content\/uploads\/sites\/60\/2020\/02\/Termine2.jpg","contentUrl":"https:\/\/weltlaeden.de\/nierstein\/wp-content\/uploads\/sites\/60\/2020\/02\/Termine2.jpg","width":1024,"height":345},{"@type":"BreadcrumbList","@id":"https:\/\/weltlaeden.de\/nierstein\/termine\/#breadcrumb","itemListElement":[{"@type":"ListItem","position":1,"name":"Startseite","item":"https:\/\/weltlaeden.de\/nierstein\/"},{"@type":"ListItem","position":2,"name":"Termine"}]},{"@type":"WebSite","@id":"https:\/\/weltlaeden.de\/nierstein\/#website","url":"https:\/\/weltlaeden.de\/nierstein\/","name":"Vorlage","description":"Faire Produkte seit 1983","potentialAction":[{"@type":"SearchAction","target":{"@type":"EntryPoint","urlTemplate":"https:\/\/weltlaeden.de\/nierstein\/?s={search_term_string}"},"query-input":{"@type":"PropertyValueSpecification","valueRequired":true,"valueName":"search_term_string"}}],"inLanguage":"de"}]}},"_links":{"self":[{"href":"https:\/\/weltlaeden.de\/nierstein\/wp-json\/wp\/v2\/pages\/23","targetHints":{"allow":["GET"]}}],"collection":[{"href":"https:\/\/weltlaeden.de\/nierstein\/wp-json\/wp\/v2\/pages"}],"about":[{"href":"https:\/\/weltlaeden.de\/nierstein\/wp-json\/wp\/v2\/types\/page"}],"author":[{"embeddable":true,"href":"https:\/\/weltlaeden.de\/nierstein\/wp-json\/wp\/v2\/users\/1"}],"replies":[{"embeddable":true,"href":"https:\/\/weltlaeden.de\/nierstein\/wp-json\/wp\/v2\/comments?post=23"}],"version-history":[{"count":26,"href":"https:\/\/weltlaeden.de\/nierstein\/wp-json\/wp\/v2\/pages\/23\/revisions"}],"predecessor-version":[{"id":1379,"href":"https:\/\/weltlaeden.de\/nierstein\/wp-json\/wp\/v2\/pages\/23\/revisions\/1379"}],"wp:attachment":[{"href":"https:\/\/weltlaeden.de\/nierstein\/wp-json\/wp\/v2\/media?parent=23"}],"curies":[{"name":"wp","href":"https:\/\/api.w.org\/{rel}","templated":true}]}}