{"id":219,"date":"2016-10-28T13:34:47","date_gmt":"2016-10-28T11:34:47","guid":{"rendered":"https:\/\/wl.heimpixel.de\/vorlage\/ueber-uns\/"},"modified":"2026-03-05T10:08:52","modified_gmt":"2026-03-05T09:08:52","slug":"ueber-uns","status":"publish","type":"page","link":"https:\/\/weltlaeden.de\/nierstein\/ueber-uns\/","title":{"rendered":"\u00dcber uns"},"content":{"rendered":"<div class=\"wpb-content-wrapper\"><p>[vc_row][vc_column][vc_column_text]<\/p>\n<h1>Der Weltladen<\/h1>\n<p>[\/vc_column_text][\/vc_column][\/vc_row][vc_row][vc_column]<div class=\"wl_einzelbild\"><p><a href=\"https:\/\/www.weltladen.de\/fuer-weltlaeden\/fuer-mitglieder\/monitoring-wfto-emblem\/\" target=\"_blank\" rel=\"noopener\"><img loading=\"lazy\" decoding=\"async\" class=\"alignleft wp-image-1431 size-medium\" src=\"https:\/\/weltlaeden.de\/nierstein\/wp-content\/uploads\/sites\/60\/2020\/03\/Weltladen-WFTO-Emblem_neu_Aufkleber_bis2020-211x300.jpg\" alt=\"\" width=\"211\" height=\"300\" srcset=\"https:\/\/weltlaeden.de\/nierstein\/wp-content\/uploads\/sites\/60\/2020\/03\/Weltladen-WFTO-Emblem_neu_Aufkleber_bis2020-211x300.jpg 211w, https:\/\/weltlaeden.de\/nierstein\/wp-content\/uploads\/sites\/60\/2020\/03\/Weltladen-WFTO-Emblem_neu_Aufkleber_bis2020-768x1090.jpg 768w, https:\/\/weltlaeden.de\/nierstein\/wp-content\/uploads\/sites\/60\/2020\/03\/Weltladen-WFTO-Emblem_neu_Aufkleber_bis2020-722x1024.jpg 722w, https:\/\/weltlaeden.de\/nierstein\/wp-content\/uploads\/sites\/60\/2020\/03\/Weltladen-WFTO-Emblem_neu_Aufkleber_bis2020.jpg 1353w\" sizes=\"auto, (max-width: 211px) 100vw, 211px\" \/><\/a><\/p><\/div>[vc_column_text]Der Weltladen Nierstein ist Mitglied im Weltladen-Dachverband. Das bedeutet, dass unsere Arbeit sich an der <a href=\"https:\/\/weltlaeden.de\/bilderpool\/wp-content\/uploads\/sites\/3\/2019\/09\/Konvention_der_Weltl\u00e4den.pdf\" target=\"_blank\" rel=\"noopener\">Konvention der Weltl\u00e4den<\/a> und den Standards der World Fair Trade Organization (WFTO) orientiert. Die Einhaltung dieser Standards f\u00fcr Fairen Handel wird durch den Weltladen-Dachverband e.V. in Abstimmung mit der WFTO \u00fcberpr\u00fcft. Dabei werden Einkaufspolitik, Arbeitsbedingungen, Transparenz, Bildungs- und Informationsarbeit, \u00d6ffentlichkeitsarbeit, Umwelt- und Klimaschutz ber\u00fccksichtigt. Der Weltladen Nierstein ist entsprechend gepr\u00fcft und anerkannt.[\/vc_column_text][vc_empty_space][\/vc_column][\/vc_row][vc_row][vc_column][vc_column_text]<\/p>\n<h1>Das Team<\/h1>\n<p>[\/vc_column_text][\/vc_column][\/vc_row][vc_row][vc_column]<div class=\"wl_einzelbild\"><p><img loading=\"lazy\" decoding=\"async\" class=\"alignleft wp-image-2797 size-medium\" src=\"https:\/\/weltlaeden.de\/nierstein\/wp-content\/uploads\/sites\/60\/2026\/03\/TGT_2825b2-300x168.jpg\" alt=\"\" width=\"300\" height=\"168\" srcset=\"https:\/\/weltlaeden.de\/nierstein\/wp-content\/uploads\/sites\/60\/2026\/03\/TGT_2825b2-300x168.jpg 300w, https:\/\/weltlaeden.de\/nierstein\/wp-content\/uploads\/sites\/60\/2026\/03\/TGT_2825b2-768x431.jpg 768w, https:\/\/weltlaeden.de\/nierstein\/wp-content\/uploads\/sites\/60\/2026\/03\/TGT_2825b2.jpg 1024w\" sizes=\"auto, (max-width: 300px) 100vw, 300px\" \/><\/p><\/div>[vc_column_text]Wir sind eine engagierte Gruppe von ehrenamtlichen Mitarbeiter*innen, die die Idee des Fairen Handels mit Einsatz und Freude weiter voranbringen m\u00f6chte.<\/p>\n<p>Ob im Verkauf, beim Einkauf, der Bildungs- und \u00d6ffentlichkeitsarbeit oder bei politischen Aktivit\u00e4ten \u2013 die M\u00f6glichkeiten der Mitarbeit in unserem Team sind vielf\u00e4ltig. Einmal monatlich treffen wir uns zur Mitarbeiter*innen-Versammlung. Hier werden der Ladendienst organisiert und die n\u00e4chsten Aktivit\u00e4ten geplant. Alle Entscheidungen werden demokratisch getroffen. Die Aufgaben erfordern keine besonderen Vorkenntnisse, eine gr\u00fcndliche Einarbeitung ist f\u00fcr uns selbstverst\u00e4ndlich.<\/p>\n<p>Wenn Sie neugierig geworden sind auf eine Mitarbeit im Weltladen Nierstein, erz\u00e4hlen wir Ihnen gerne mehr! Unser Team steht neuen interessierten Mitarbeiter*innen jederzeit offen.[\/vc_column_text][vc_empty_space][\/vc_column][\/vc_row][vc_row][vc_column][vc_column_text]<\/p>\n<h1>Die Geschichte<\/h1>\n<p>[\/vc_column_text][\/vc_column][\/vc_row][vc_row][vc_column]<div class=\"wl_einzelbild\"><p><img loading=\"lazy\" decoding=\"async\" class=\"alignleft size-medium wp-image-1084\" src=\"https:\/\/weltlaeden.de\/nierstein\/wp-content\/uploads\/sites\/60\/2020\/02\/TGT_7630_k-300x190.jpg\" alt=\"\" width=\"300\" height=\"190\" srcset=\"https:\/\/weltlaeden.de\/nierstein\/wp-content\/uploads\/sites\/60\/2020\/02\/TGT_7630_k-300x190.jpg 300w, https:\/\/weltlaeden.de\/nierstein\/wp-content\/uploads\/sites\/60\/2020\/02\/TGT_7630_k.jpg 448w\" sizes=\"auto, (max-width: 300px) 100vw, 300px\" \/><\/p><\/div>[vc_column_text]Eine Gruppe Niersteiner und Oppenheimer B\u00fcrger*innen, die in der Friedens- und Umweltbewegung aktiv war, begann 1983 an wechselnden Orten in Nierstein fair gehandelte Produkte zu verkaufen. Daraus entwickelte sich 1986 ein kleiner Ladenverkauf im Geb\u00e4ude der evangelischen Kirchengemeinde am Marktplatz. 1990 konnte der Verkaufsraum an der Kaiserlinde angemietet werden, der bis heute die Adresse des Niersteiner Weltladens ist.[\/vc_column_text][vc_empty_space][\/vc_column][\/vc_row][vc_row][vc_column][vc_column_text]<\/p>\n<h1>Der Verein<\/h1>\n<p>[\/vc_column_text][\/vc_column][\/vc_row][vc_row animation=&#8220;fadeIn&#8220;][vc_column][vc_column_text]Die Arbeit des Weltladens Nierstein ruht auf zwei S\u00e4ulen: Einerseits der T\u00e4tigkeit des ehrenamtlichen Teams, das die unterschiedlichen Aufgaben eines Fachgesch\u00e4fts f\u00fcr Fairen Handel wahrnimmt, andererseits der R\u00fcckbindung an den Verein Weltladen Nierstein e.V.<\/p>\n<p>Der Verein wurde in den 80er Jahren von einer Gruppe junger Niersteiner und Oppenheimer B\u00fcrger*innen gegr\u00fcndet, die in der Friedens- und Umweltbewegung aktiv waren. Der \u201eArbeitskreis Dritte Welt\u201c konkretisierte seine sozialpolitischen Leitlinien in der Satzung des neu gegr\u00fcndeten Vereins Weltladen Nierstein e.V., die dem Weltladen eine parteipolitisch unabh\u00e4ngige Arbeit erm\u00f6glicht. Bis heute unterst\u00fctzt der Verein mit seinen etwa 45 Mitgliedern die Aktivit\u00e4ten des Weltladenteams ideell wie finanziell bei gr\u00f6\u00dferen Vorhaben.[\/vc_column_text][vc_empty_space]<div class=\"wl_einzelbild\"><p><img loading=\"lazy\" decoding=\"async\" class=\"alignleft wp-image-2799 size-medium\" src=\"https:\/\/weltlaeden.de\/nierstein\/wp-content\/uploads\/sites\/60\/2026\/03\/TGT_2843b2-300x169.jpg\" alt=\"\" width=\"300\" height=\"169\" srcset=\"https:\/\/weltlaeden.de\/nierstein\/wp-content\/uploads\/sites\/60\/2026\/03\/TGT_2843b2-300x169.jpg 300w, https:\/\/weltlaeden.de\/nierstein\/wp-content\/uploads\/sites\/60\/2026\/03\/TGT_2843b2-768x432.jpg 768w, https:\/\/weltlaeden.de\/nierstein\/wp-content\/uploads\/sites\/60\/2026\/03\/TGT_2843b2.jpg 1024w\" sizes=\"auto, (max-width: 300px) 100vw, 300px\" \/><\/p><\/div>[vc_column_text css=&#8220;&#8220;]Der Vorstand wird j\u00e4hrlich neu gew\u00e4hlt. In der Mitgliederversammlung vom 16. September 2025 wurde die Position der ersten Vorsitzenden neu besetzt.<\/p>\n<p><strong>Renate Bechtold, Erste Vorsitzende<br \/>\nPetra Luf, Zweite Vorsitzende<br \/>\n<\/strong><strong>Klaus Weber, Kassenwart<\/strong>[\/vc_column_text][vc_empty_space height=&#8220;20px&#8220;][vc_separator color=&#8220;sandy_brown&#8220; border_width=&#8220;2&#8243;][\/vc_column][\/vc_row]<\/p>\n<\/div>","protected":false},"excerpt":{"rendered":"<p>[vc_row][vc_column][vc_column_text] Der Weltladen [\/vc_column_text][\/vc_column][\/vc_row][vc_row][vc_column][vc_column_text]Der Weltladen Nierstein ist Mitglied im Weltladen-Dachverband. Das bedeutet, dass unsere Arbeit sich an der Konvention der Weltl\u00e4den und den Standards der World Fair Trade Organization (WFTO) orientiert. Die Einhaltung dieser Standards f\u00fcr Fairen Handel wird durch den Weltladen-Dachverband e.V. in Abstimmung mit der WFTO \u00fcberpr\u00fcft. Dabei werden Einkaufspolitik, Arbeitsbedingungen, Transparenz, Bildungs-&hellip;<\/p>\n","protected":false},"author":1,"featured_media":0,"parent":0,"menu_order":10,"comment_status":"closed","ping_status":"closed","template":"","meta":{"footnotes":""},"class_list":["post-219","page","type-page","status-publish","hentry","description-off"],"yoast_head":"<!-- This site is optimized with the Yoast SEO plugin v26.8 - https:\/\/yoast.com\/product\/yoast-seo-wordpress\/ -->\n<title>\u00dcber uns - Weltladen Nierstein<\/title>\n<meta name=\"robots\" content=\"index, follow, max-snippet:-1, max-image-preview:large, max-video-preview:-1\" \/>\n<link rel=\"canonical\" href=\"https:\/\/weltlaeden.de\/nierstein\/ueber-uns\/\" \/>\n<meta property=\"og:locale\" content=\"de_DE\" \/>\n<meta property=\"og:type\" content=\"article\" \/>\n<meta property=\"og:title\" content=\"\u00dcber uns - Weltladen Nierstein\" \/>\n<meta property=\"og:description\" content=\"[vc_row][vc_column][vc_column_text] Der Weltladen [\/vc_column_text][\/vc_column][\/vc_row][vc_row][vc_column][vc_column_text]Der Weltladen Nierstein ist Mitglied im Weltladen-Dachverband. Das bedeutet, dass unsere Arbeit sich an der Konvention der Weltl\u00e4den und den Standards der World Fair Trade Organization (WFTO) orientiert. Die Einhaltung dieser Standards f\u00fcr Fairen Handel wird durch den Weltladen-Dachverband e.V. in Abstimmung mit der WFTO \u00fcberpr\u00fcft. Dabei werden Einkaufspolitik, Arbeitsbedingungen, Transparenz, Bildungs-&hellip;\" \/>\n<meta property=\"og:url\" content=\"https:\/\/weltlaeden.de\/nierstein\/ueber-uns\/\" \/>\n<meta property=\"og:site_name\" content=\"Weltladen Nierstein\" \/>\n<meta property=\"article:modified_time\" content=\"2026-03-05T09:08:52+00:00\" \/>\n<meta property=\"og:image\" content=\"https:\/\/weltlaeden.de\/nierstein\/wp-content\/uploads\/sites\/60\/2020\/03\/Weltladen-WFTO-Emblem_neu_Aufkleber_bis2020.jpg\" \/>\n\t<meta property=\"og:image:width\" content=\"1353\" \/>\n\t<meta property=\"og:image:height\" content=\"1920\" \/>\n\t<meta property=\"og:image:type\" content=\"image\/jpeg\" \/>\n<meta name=\"twitter:card\" content=\"summary_large_image\" \/>\n<meta name=\"twitter:label1\" content=\"Gesch\u00e4tzte Lesezeit\" \/>\n\t<meta name=\"twitter:data1\" content=\"3\u00a0Minuten\" \/>\n<script type=\"application\/ld+json\" class=\"yoast-schema-graph\">{\"@context\":\"https:\/\/schema.org\",\"@graph\":[{\"@type\":\"WebPage\",\"@id\":\"https:\/\/weltlaeden.de\/nierstein\/ueber-uns\/\",\"url\":\"https:\/\/weltlaeden.de\/nierstein\/ueber-uns\/\",\"name\":\"\u00dcber uns - Weltladen Nierstein\",\"isPartOf\":{\"@id\":\"https:\/\/weltlaeden.de\/nierstein\/#website\"},\"primaryImageOfPage\":{\"@id\":\"https:\/\/weltlaeden.de\/nierstein\/ueber-uns\/#primaryimage\"},\"image\":{\"@id\":\"https:\/\/weltlaeden.de\/nierstein\/ueber-uns\/#primaryimage\"},\"thumbnailUrl\":\"https:\/\/weltlaeden.de\/nierstein\/wp-content\/uploads\/sites\/60\/2020\/03\/Weltladen-WFTO-Emblem_neu_Aufkleber_bis2020-211x300.jpg\",\"datePublished\":\"2016-10-28T11:34:47+00:00\",\"dateModified\":\"2026-03-05T09:08:52+00:00\",\"breadcrumb\":{\"@id\":\"https:\/\/weltlaeden.de\/nierstein\/ueber-uns\/#breadcrumb\"},\"inLanguage\":\"de\",\"potentialAction\":[{\"@type\":\"ReadAction\",\"target\":[\"https:\/\/weltlaeden.de\/nierstein\/ueber-uns\/\"]}]},{\"@type\":\"ImageObject\",\"inLanguage\":\"de\",\"@id\":\"https:\/\/weltlaeden.de\/nierstein\/ueber-uns\/#primaryimage\",\"url\":\"https:\/\/weltlaeden.de\/nierstein\/wp-content\/uploads\/sites\/60\/2020\/03\/Weltladen-WFTO-Emblem_neu_Aufkleber_bis2020.jpg\",\"contentUrl\":\"https:\/\/weltlaeden.de\/nierstein\/wp-content\/uploads\/sites\/60\/2020\/03\/Weltladen-WFTO-Emblem_neu_Aufkleber_bis2020.jpg\",\"width\":1353,\"height\":1920},{\"@type\":\"BreadcrumbList\",\"@id\":\"https:\/\/weltlaeden.de\/nierstein\/ueber-uns\/#breadcrumb\",\"itemListElement\":[{\"@type\":\"ListItem\",\"position\":1,\"name\":\"Startseite\",\"item\":\"https:\/\/weltlaeden.de\/nierstein\/\"},{\"@type\":\"ListItem\",\"position\":2,\"name\":\"\u00dcber uns\"}]},{\"@type\":\"WebSite\",\"@id\":\"https:\/\/weltlaeden.de\/nierstein\/#website\",\"url\":\"https:\/\/weltlaeden.de\/nierstein\/\",\"name\":\"Vorlage\",\"description\":\"Faire Produkte seit 1983\",\"potentialAction\":[{\"@type\":\"SearchAction\",\"target\":{\"@type\":\"EntryPoint\",\"urlTemplate\":\"https:\/\/weltlaeden.de\/nierstein\/?s={search_term_string}\"},\"query-input\":{\"@type\":\"PropertyValueSpecification\",\"valueRequired\":true,\"valueName\":\"search_term_string\"}}],\"inLanguage\":\"de\"}]}<\/script>\n<!-- \/ Yoast SEO plugin. -->","yoast_head_json":{"title":"\u00dcber uns - Weltladen Nierstein","robots":{"index":"index","follow":"follow","max-snippet":"max-snippet:-1","max-image-preview":"max-image-preview:large","max-video-preview":"max-video-preview:-1"},"canonical":"https:\/\/weltlaeden.de\/nierstein\/ueber-uns\/","og_locale":"de_DE","og_type":"article","og_title":"\u00dcber uns - Weltladen Nierstein","og_description":"[vc_row][vc_column][vc_column_text] Der Weltladen [\/vc_column_text][\/vc_column][\/vc_row][vc_row][vc_column][vc_column_text]Der Weltladen Nierstein ist Mitglied im Weltladen-Dachverband. Das bedeutet, dass unsere Arbeit sich an der Konvention der Weltl\u00e4den und den Standards der World Fair Trade Organization (WFTO) orientiert. Die Einhaltung dieser Standards f\u00fcr Fairen Handel wird durch den Weltladen-Dachverband e.V. in Abstimmung mit der WFTO \u00fcberpr\u00fcft. Dabei werden Einkaufspolitik, Arbeitsbedingungen, Transparenz, Bildungs-&hellip;","og_url":"https:\/\/weltlaeden.de\/nierstein\/ueber-uns\/","og_site_name":"Weltladen Nierstein","article_modified_time":"2026-03-05T09:08:52+00:00","og_image":[{"width":1353,"height":1920,"url":"https:\/\/weltlaeden.de\/nierstein\/wp-content\/uploads\/sites\/60\/2020\/03\/Weltladen-WFTO-Emblem_neu_Aufkleber_bis2020.jpg","type":"image\/jpeg"}],"twitter_card":"summary_large_image","twitter_misc":{"Gesch\u00e4tzte Lesezeit":"3\u00a0Minuten"},"schema":{"@context":"https:\/\/schema.org","@graph":[{"@type":"WebPage","@id":"https:\/\/weltlaeden.de\/nierstein\/ueber-uns\/","url":"https:\/\/weltlaeden.de\/nierstein\/ueber-uns\/","name":"\u00dcber uns - Weltladen Nierstein","isPartOf":{"@id":"https:\/\/weltlaeden.de\/nierstein\/#website"},"primaryImageOfPage":{"@id":"https:\/\/weltlaeden.de\/nierstein\/ueber-uns\/#primaryimage"},"image":{"@id":"https:\/\/weltlaeden.de\/nierstein\/ueber-uns\/#primaryimage"},"thumbnailUrl":"https:\/\/weltlaeden.de\/nierstein\/wp-content\/uploads\/sites\/60\/2020\/03\/Weltladen-WFTO-Emblem_neu_Aufkleber_bis2020-211x300.jpg","datePublished":"2016-10-28T11:34:47+00:00","dateModified":"2026-03-05T09:08:52+00:00","breadcrumb":{"@id":"https:\/\/weltlaeden.de\/nierstein\/ueber-uns\/#breadcrumb"},"inLanguage":"de","potentialAction":[{"@type":"ReadAction","target":["https:\/\/weltlaeden.de\/nierstein\/ueber-uns\/"]}]},{"@type":"ImageObject","inLanguage":"de","@id":"https:\/\/weltlaeden.de\/nierstein\/ueber-uns\/#primaryimage","url":"https:\/\/weltlaeden.de\/nierstein\/wp-content\/uploads\/sites\/60\/2020\/03\/Weltladen-WFTO-Emblem_neu_Aufkleber_bis2020.jpg","contentUrl":"https:\/\/weltlaeden.de\/nierstein\/wp-content\/uploads\/sites\/60\/2020\/03\/Weltladen-WFTO-Emblem_neu_Aufkleber_bis2020.jpg","width":1353,"height":1920},{"@type":"BreadcrumbList","@id":"https:\/\/weltlaeden.de\/nierstein\/ueber-uns\/#breadcrumb","itemListElement":[{"@type":"ListItem","position":1,"name":"Startseite","item":"https:\/\/weltlaeden.de\/nierstein\/"},{"@type":"ListItem","position":2,"name":"\u00dcber uns"}]},{"@type":"WebSite","@id":"https:\/\/weltlaeden.de\/nierstein\/#website","url":"https:\/\/weltlaeden.de\/nierstein\/","name":"Vorlage","description":"Faire Produkte seit 1983","potentialAction":[{"@type":"SearchAction","target":{"@type":"EntryPoint","urlTemplate":"https:\/\/weltlaeden.de\/nierstein\/?s={search_term_string}"},"query-input":{"@type":"PropertyValueSpecification","valueRequired":true,"valueName":"search_term_string"}}],"inLanguage":"de"}]}},"_links":{"self":[{"href":"https:\/\/weltlaeden.de\/nierstein\/wp-json\/wp\/v2\/pages\/219","targetHints":{"allow":["GET"]}}],"collection":[{"href":"https:\/\/weltlaeden.de\/nierstein\/wp-json\/wp\/v2\/pages"}],"about":[{"href":"https:\/\/weltlaeden.de\/nierstein\/wp-json\/wp\/v2\/types\/page"}],"author":[{"embeddable":true,"href":"https:\/\/weltlaeden.de\/nierstein\/wp-json\/wp\/v2\/users\/1"}],"replies":[{"embeddable":true,"href":"https:\/\/weltlaeden.de\/nierstein\/wp-json\/wp\/v2\/comments?post=219"}],"version-history":[{"count":96,"href":"https:\/\/weltlaeden.de\/nierstein\/wp-json\/wp\/v2\/pages\/219\/revisions"}],"predecessor-version":[{"id":2800,"href":"https:\/\/weltlaeden.de\/nierstein\/wp-json\/wp\/v2\/pages\/219\/revisions\/2800"}],"wp:attachment":[{"href":"https:\/\/weltlaeden.de\/nierstein\/wp-json\/wp\/v2\/media?parent=219"}],"curies":[{"name":"wp","href":"https:\/\/api.w.org\/{rel}","templated":true}]}}