{"id":218,"date":"2016-10-28T13:34:47","date_gmt":"2016-10-28T11:34:47","guid":{"rendered":"https:\/\/wl.heimpixel.de\/vorlage\/fairer-handel\/"},"modified":"2023-07-17T21:33:50","modified_gmt":"2023-07-17T19:33:50","slug":"fairer-handel","status":"publish","type":"page","link":"https:\/\/weltlaeden.de\/nierstein\/fairer-handel\/","title":{"rendered":"Fairer Handel"},"content":{"rendered":"<div class=\"wpb-content-wrapper\"><p>[vc_row][vc_column]<div class=\"wl_einzelbild\"><p><\/p>\n<p style=\"text-align: center\"><img loading=\"lazy\" decoding=\"async\" class=\"size-full wp-image-1329\" src=\"https:\/\/weltlaeden.de\/nierstein\/wp-content\/uploads\/sites\/60\/2020\/02\/WFTO-10-Grundsaetze-fairer-handel_600x244.png\" alt=\"\" width=\"600\" height=\"244\" srcset=\"https:\/\/weltlaeden.de\/nierstein\/wp-content\/uploads\/sites\/60\/2020\/02\/WFTO-10-Grundsaetze-fairer-handel_600x244.png 600w, https:\/\/weltlaeden.de\/nierstein\/wp-content\/uploads\/sites\/60\/2020\/02\/WFTO-10-Grundsaetze-fairer-handel_600x244-300x122.png 300w\" sizes=\"auto, (max-width: 600px) 100vw, 600px\" \/><\/p>\n<p><\/p><\/div>[vc_column_text]<\/p>\n<p style=\"text-align: center\">Die 10 Grunds\u00e4tze des Fairen Handels. Quelle: WFTO<\/p>\n<p>[\/vc_column_text][\/vc_column][\/vc_row][vc_row][vc_column][vc_empty_space][vc_column_text]<\/p>\n<h1><span style=\"color: #000000\">Fairer Handel bedeutet f\u00fcr Weltl\u00e4den&#8230;<\/span><\/h1>\n<p>[\/vc_column_text][vc_column_text]<\/p>\n<div class=\"wpb_text_column wpb_content_element \">\n<div class=\"wpb_wrapper\">\n<p><strong>Verkaufen: <\/strong>Weil der Verkauf fair gehandelter Produkte das Leben f\u00fcr die ProduzentInnen verbessert.<\/p>\n<p><strong>Informieren: <\/strong>Weil politische Kampagnen die Rahmenbedingungen f\u00fcr die Menschen im S\u00fcden ver\u00e4ndern k\u00f6nnen.<\/p>\n<p><strong>Lernen:<\/strong> Weil Mitarbeiter*innen und Kund*innen viel \u00fcber die globalisierte Welt wissen sollten, um zu verstehen, wie unser Konsum die Welt ver\u00e4ndert \u2013 zum Guten oder zum Schlechten.<\/p>\n<\/div>\n<\/div>\n<p>[\/vc_column_text][\/vc_column][\/vc_row][vc_row][vc_column][vc_empty_space][vc_column_text]<\/p>\n<h1><span style=\"color: #000000\">Kriterien des Fairen Handels<\/span><\/h1>\n<p>[\/vc_column_text][vc_column_text]<\/p>\n<div class=\"wpb_text_column wpb_content_element \">\n<div class=\"wpb_wrapper\">\n<p><span class=\"normal\">Die<strong> <a href=\"https:\/\/weltlaeden.de\/bilderpool\/wp-content\/uploads\/sites\/3\/2019\/09\/Konvention_der_Weltl%C3%A4den.pdf\" target=\"_blank\" rel=\"noopener\">Konvention der Weltl\u00e4den<\/a><\/strong> ist das Grundsatzpapier f\u00fcr den Fairen Handel der Weltl\u00e4den und Fair-Handels-Gruppen. Sie wurde in einem jahrelangen Dialog gemeinsam entwickelt und erstmals 1997 von der Mitgliederversammlung des Weltladen-Dachverbandes beschlossen. Die Kriterien der Konvention der Weltl\u00e4den in der aktuellen Version decken sich mit den zehn Prinzipien der World Fair Trade Organization (<a href=\"http:\/\/www.wfto.com\" target=\"_blank\" rel=\"noopener\">WFTO<\/a>).<br \/>\n<\/span><\/p>\n<p><span class=\"normal\">Fairer Handel, wie ihn die Weltl\u00e4den betreiben, strebt eine gleichberechtigte Partnerschaft des Nordens mit dem S\u00fcden an. Daher wendet die Konvention die Kriterien auf alle wesentlichen Akteure im Fairen Handel an: auf ProduzentInnen, Importeure sowie Weltl\u00e4den und Fair-Handels-Gruppen.<\/span><\/p>\n<\/div>\n<\/div>\n<p>[\/vc_column_text][vc_column_text]<span class=\"normal\"><strong>Grundkriterien der Konvention:<\/strong><\/span><\/p>\n<ul>\n<li>Handelspraktiken<\/li>\n<li>Arbeitsbedingungen<\/li>\n<li>Transparenz<\/li>\n<li>Bildungs- und Informationsarbeit<\/li>\n<li>\u00d6ffentlichkeitsarbeit<\/li>\n<li>Umweltschutz<\/li>\n<li>Erg\u00e4nzungsprodukte (z.B. regionale Produkte)<\/li>\n<\/ul>\n<p>[\/vc_column_text][\/vc_column][\/vc_row][vc_row][vc_column][vc_empty_space height=&#8220;20px&#8220;][\/vc_column][\/vc_row][vc_row][vc_column][vc_separator color=&#8220;sandy_brown&#8220; border_width=&#8220;2&#8243;][\/vc_column][\/vc_row]<\/p>\n<\/div>","protected":false},"excerpt":{"rendered":"<p>[vc_row][vc_column][vc_column_text] Die 10 Grunds\u00e4tze des Fairen Handels. Quelle: WFTO [\/vc_column_text][\/vc_column][\/vc_row][vc_row][vc_column][vc_empty_space][vc_column_text] Fairer Handel bedeutet f\u00fcr Weltl\u00e4den&#8230; [\/vc_column_text][vc_column_text] Verkaufen: Weil der Verkauf fair gehandelter Produkte das Leben f\u00fcr die ProduzentInnen verbessert. Informieren: Weil politische Kampagnen die Rahmenbedingungen f\u00fcr die Menschen im S\u00fcden ver\u00e4ndern k\u00f6nnen. Lernen: Weil Mitarbeiter*innen und Kund*innen viel \u00fcber die globalisierte Welt wissen sollten, um&hellip;<\/p>\n","protected":false},"author":1,"featured_media":0,"parent":0,"menu_order":8,"comment_status":"closed","ping_status":"closed","template":"","meta":{"footnotes":""},"class_list":["post-218","page","type-page","status-publish","hentry","description-off"],"yoast_head":"<!-- This site is optimized with the Yoast SEO plugin v26.8 - https:\/\/yoast.com\/product\/yoast-seo-wordpress\/ -->\n<title>Fairer Handel - Weltladen Nierstein<\/title>\n<meta name=\"robots\" content=\"index, follow, max-snippet:-1, max-image-preview:large, max-video-preview:-1\" \/>\n<link rel=\"canonical\" href=\"https:\/\/weltlaeden.de\/nierstein\/fairer-handel\/\" \/>\n<meta property=\"og:locale\" content=\"de_DE\" \/>\n<meta property=\"og:type\" content=\"article\" \/>\n<meta property=\"og:title\" content=\"Fairer Handel - Weltladen Nierstein\" \/>\n<meta property=\"og:description\" content=\"[vc_row][vc_column][vc_column_text] Die 10 Grunds\u00e4tze des Fairen Handels. Quelle: WFTO [\/vc_column_text][\/vc_column][\/vc_row][vc_row][vc_column][vc_empty_space][vc_column_text] Fairer Handel bedeutet f\u00fcr Weltl\u00e4den&#8230; [\/vc_column_text][vc_column_text] Verkaufen: Weil der Verkauf fair gehandelter Produkte das Leben f\u00fcr die ProduzentInnen verbessert. Informieren: Weil politische Kampagnen die Rahmenbedingungen f\u00fcr die Menschen im S\u00fcden ver\u00e4ndern k\u00f6nnen. Lernen: Weil Mitarbeiter*innen und Kund*innen viel \u00fcber die globalisierte Welt wissen sollten, um&hellip;\" \/>\n<meta property=\"og:url\" content=\"https:\/\/weltlaeden.de\/nierstein\/fairer-handel\/\" \/>\n<meta property=\"og:site_name\" content=\"Weltladen Nierstein\" \/>\n<meta property=\"article:modified_time\" content=\"2023-07-17T19:33:50+00:00\" \/>\n<meta property=\"og:image\" content=\"https:\/\/weltlaeden.de\/nierstein\/wp-content\/uploads\/sites\/60\/2020\/02\/WFTO-10-Grundsaetze-fairer-handel_600x244.png\" \/>\n<meta name=\"twitter:card\" content=\"summary_large_image\" \/>\n<meta name=\"twitter:label1\" content=\"Gesch\u00e4tzte Lesezeit\" \/>\n\t<meta name=\"twitter:data1\" content=\"1\u00a0Minute\" \/>\n<script type=\"application\/ld+json\" class=\"yoast-schema-graph\">{\"@context\":\"https:\/\/schema.org\",\"@graph\":[{\"@type\":\"WebPage\",\"@id\":\"https:\/\/weltlaeden.de\/nierstein\/fairer-handel\/\",\"url\":\"https:\/\/weltlaeden.de\/nierstein\/fairer-handel\/\",\"name\":\"Fairer Handel - Weltladen Nierstein\",\"isPartOf\":{\"@id\":\"https:\/\/weltlaeden.de\/nierstein\/#website\"},\"primaryImageOfPage\":{\"@id\":\"https:\/\/weltlaeden.de\/nierstein\/fairer-handel\/#primaryimage\"},\"image\":{\"@id\":\"https:\/\/weltlaeden.de\/nierstein\/fairer-handel\/#primaryimage\"},\"thumbnailUrl\":\"https:\/\/weltlaeden.de\/nierstein\/wp-content\/uploads\/sites\/60\/2020\/02\/WFTO-10-Grundsaetze-fairer-handel_600x244.png\",\"datePublished\":\"2016-10-28T11:34:47+00:00\",\"dateModified\":\"2023-07-17T19:33:50+00:00\",\"breadcrumb\":{\"@id\":\"https:\/\/weltlaeden.de\/nierstein\/fairer-handel\/#breadcrumb\"},\"inLanguage\":\"de\",\"potentialAction\":[{\"@type\":\"ReadAction\",\"target\":[\"https:\/\/weltlaeden.de\/nierstein\/fairer-handel\/\"]}]},{\"@type\":\"ImageObject\",\"inLanguage\":\"de\",\"@id\":\"https:\/\/weltlaeden.de\/nierstein\/fairer-handel\/#primaryimage\",\"url\":\"https:\/\/weltlaeden.de\/nierstein\/wp-content\/uploads\/sites\/60\/2020\/02\/WFTO-10-Grundsaetze-fairer-handel_600x244.png\",\"contentUrl\":\"https:\/\/weltlaeden.de\/nierstein\/wp-content\/uploads\/sites\/60\/2020\/02\/WFTO-10-Grundsaetze-fairer-handel_600x244.png\",\"width\":600,\"height\":244,\"caption\":\"Quelle: WFTO\"},{\"@type\":\"BreadcrumbList\",\"@id\":\"https:\/\/weltlaeden.de\/nierstein\/fairer-handel\/#breadcrumb\",\"itemListElement\":[{\"@type\":\"ListItem\",\"position\":1,\"name\":\"Startseite\",\"item\":\"https:\/\/weltlaeden.de\/nierstein\/\"},{\"@type\":\"ListItem\",\"position\":2,\"name\":\"Fairer Handel\"}]},{\"@type\":\"WebSite\",\"@id\":\"https:\/\/weltlaeden.de\/nierstein\/#website\",\"url\":\"https:\/\/weltlaeden.de\/nierstein\/\",\"name\":\"Vorlage\",\"description\":\"Faire Produkte seit 1983\",\"potentialAction\":[{\"@type\":\"SearchAction\",\"target\":{\"@type\":\"EntryPoint\",\"urlTemplate\":\"https:\/\/weltlaeden.de\/nierstein\/?s={search_term_string}\"},\"query-input\":{\"@type\":\"PropertyValueSpecification\",\"valueRequired\":true,\"valueName\":\"search_term_string\"}}],\"inLanguage\":\"de\"}]}<\/script>\n<!-- \/ Yoast SEO plugin. -->","yoast_head_json":{"title":"Fairer Handel - Weltladen Nierstein","robots":{"index":"index","follow":"follow","max-snippet":"max-snippet:-1","max-image-preview":"max-image-preview:large","max-video-preview":"max-video-preview:-1"},"canonical":"https:\/\/weltlaeden.de\/nierstein\/fairer-handel\/","og_locale":"de_DE","og_type":"article","og_title":"Fairer Handel - Weltladen Nierstein","og_description":"[vc_row][vc_column][vc_column_text] Die 10 Grunds\u00e4tze des Fairen Handels. Quelle: WFTO [\/vc_column_text][\/vc_column][\/vc_row][vc_row][vc_column][vc_empty_space][vc_column_text] Fairer Handel bedeutet f\u00fcr Weltl\u00e4den&#8230; [\/vc_column_text][vc_column_text] Verkaufen: Weil der Verkauf fair gehandelter Produkte das Leben f\u00fcr die ProduzentInnen verbessert. Informieren: Weil politische Kampagnen die Rahmenbedingungen f\u00fcr die Menschen im S\u00fcden ver\u00e4ndern k\u00f6nnen. Lernen: Weil Mitarbeiter*innen und Kund*innen viel \u00fcber die globalisierte Welt wissen sollten, um&hellip;","og_url":"https:\/\/weltlaeden.de\/nierstein\/fairer-handel\/","og_site_name":"Weltladen Nierstein","article_modified_time":"2023-07-17T19:33:50+00:00","og_image":[{"url":"https:\/\/weltlaeden.de\/nierstein\/wp-content\/uploads\/sites\/60\/2020\/02\/WFTO-10-Grundsaetze-fairer-handel_600x244.png","type":"","width":"","height":""}],"twitter_card":"summary_large_image","twitter_misc":{"Gesch\u00e4tzte Lesezeit":"1\u00a0Minute"},"schema":{"@context":"https:\/\/schema.org","@graph":[{"@type":"WebPage","@id":"https:\/\/weltlaeden.de\/nierstein\/fairer-handel\/","url":"https:\/\/weltlaeden.de\/nierstein\/fairer-handel\/","name":"Fairer Handel - Weltladen Nierstein","isPartOf":{"@id":"https:\/\/weltlaeden.de\/nierstein\/#website"},"primaryImageOfPage":{"@id":"https:\/\/weltlaeden.de\/nierstein\/fairer-handel\/#primaryimage"},"image":{"@id":"https:\/\/weltlaeden.de\/nierstein\/fairer-handel\/#primaryimage"},"thumbnailUrl":"https:\/\/weltlaeden.de\/nierstein\/wp-content\/uploads\/sites\/60\/2020\/02\/WFTO-10-Grundsaetze-fairer-handel_600x244.png","datePublished":"2016-10-28T11:34:47+00:00","dateModified":"2023-07-17T19:33:50+00:00","breadcrumb":{"@id":"https:\/\/weltlaeden.de\/nierstein\/fairer-handel\/#breadcrumb"},"inLanguage":"de","potentialAction":[{"@type":"ReadAction","target":["https:\/\/weltlaeden.de\/nierstein\/fairer-handel\/"]}]},{"@type":"ImageObject","inLanguage":"de","@id":"https:\/\/weltlaeden.de\/nierstein\/fairer-handel\/#primaryimage","url":"https:\/\/weltlaeden.de\/nierstein\/wp-content\/uploads\/sites\/60\/2020\/02\/WFTO-10-Grundsaetze-fairer-handel_600x244.png","contentUrl":"https:\/\/weltlaeden.de\/nierstein\/wp-content\/uploads\/sites\/60\/2020\/02\/WFTO-10-Grundsaetze-fairer-handel_600x244.png","width":600,"height":244,"caption":"Quelle: WFTO"},{"@type":"BreadcrumbList","@id":"https:\/\/weltlaeden.de\/nierstein\/fairer-handel\/#breadcrumb","itemListElement":[{"@type":"ListItem","position":1,"name":"Startseite","item":"https:\/\/weltlaeden.de\/nierstein\/"},{"@type":"ListItem","position":2,"name":"Fairer Handel"}]},{"@type":"WebSite","@id":"https:\/\/weltlaeden.de\/nierstein\/#website","url":"https:\/\/weltlaeden.de\/nierstein\/","name":"Vorlage","description":"Faire Produkte seit 1983","potentialAction":[{"@type":"SearchAction","target":{"@type":"EntryPoint","urlTemplate":"https:\/\/weltlaeden.de\/nierstein\/?s={search_term_string}"},"query-input":{"@type":"PropertyValueSpecification","valueRequired":true,"valueName":"search_term_string"}}],"inLanguage":"de"}]}},"_links":{"self":[{"href":"https:\/\/weltlaeden.de\/nierstein\/wp-json\/wp\/v2\/pages\/218","targetHints":{"allow":["GET"]}}],"collection":[{"href":"https:\/\/weltlaeden.de\/nierstein\/wp-json\/wp\/v2\/pages"}],"about":[{"href":"https:\/\/weltlaeden.de\/nierstein\/wp-json\/wp\/v2\/types\/page"}],"author":[{"embeddable":true,"href":"https:\/\/weltlaeden.de\/nierstein\/wp-json\/wp\/v2\/users\/1"}],"replies":[{"embeddable":true,"href":"https:\/\/weltlaeden.de\/nierstein\/wp-json\/wp\/v2\/comments?post=218"}],"version-history":[{"count":52,"href":"https:\/\/weltlaeden.de\/nierstein\/wp-json\/wp\/v2\/pages\/218\/revisions"}],"predecessor-version":[{"id":1359,"href":"https:\/\/weltlaeden.de\/nierstein\/wp-json\/wp\/v2\/pages\/218\/revisions\/1359"}],"wp:attachment":[{"href":"https:\/\/weltlaeden.de\/nierstein\/wp-json\/wp\/v2\/media?parent=218"}],"curies":[{"name":"wp","href":"https:\/\/api.w.org\/{rel}","templated":true}]}}