{"id":2113,"date":"2023-07-08T13:39:21","date_gmt":"2023-07-08T11:39:33","guid":{"rendered":"https:\/\/weltlaeden.de\/nierstein\/aktuelles\/archiv-2023\/"},"modified":"2024-06-27T22:41:12","modified_gmt":"2024-06-27T20:41:12","slug":"archiv-2023","status":"publish","type":"page","link":"https:\/\/weltlaeden.de\/nierstein\/rechte-ideen-nicht-unser-geschmack\/archiv-2023\/","title":{"rendered":"Archiv 2023"},"content":{"rendered":"<div class=\"wpb-content-wrapper\"><p>[vc_row][vc_column][vc_column_text]<\/p>\n<h1><span style=\"color: #800000\"><strong>Unser Archiv 2023<\/strong><\/span><\/h1>\n<p>[\/vc_column_text][\/vc_column][\/vc_row][vc_row][vc_column][vc_empty_space height=&#8220;20px&#8220;][\/vc_column][\/vc_row][vc_row][vc_column][vc_column_text]<\/p>\n<h1><span style=\"color: #000000\">Auftakt f\u00fcr 2023: vegan und fair<\/span><\/h1>\n<p>[\/vc_column_text][vc_column_text]<em>9. Januar 2023\u00a0 \u00a0 \u00a0<\/em>\u00a0 \u00a0 <span style=\"color: #800000\">Probier&#8217;s vegan. Diesen Januar!<\/span>\u00a0 \u00a0Veganuary ist eine gemeinn\u00fctzige Organisation und Kampagne, die Menschen weltweit dazu ermutigt, sich im Januar und dar\u00fcber hinaus vegan zu ern\u00e4hren. Eine vegane Ern\u00e4hrung ist eine der effektivsten Ma\u00dfnahmen, um die Umwelt zu sch\u00fctzen, Tierleid zu vermeiden, den Klimawandel aufzuhalten und die Gesundheit von Millionen Menschen zu verbessern. Deswegen unterst\u00fctzt Veganuary Menschen und Unternehmen gleicherma\u00dfen beim Wechsel hin zu einer pflanzlichen Ern\u00e4hrung \u2013 im Januar und f\u00fcr den Rest des Jahres. Der Weltladen pr\u00e4sentiert aus diesem Anlass seine Palette veganer Lebensmittel. Wer an der Veganuary-Challenge teilnehmen m\u00f6chte, findet alle Infos sowie die Anmeldung auf\u00a0 <a href=\"https:\/\/veganuary.com\/de\/\" target=\"_blank\" rel=\"noopener\">Veganuary &#8211; Home<\/a>. (Quelle: Veganuary)[\/vc_column_text][\/vc_column][\/vc_row][vc_row][vc_column][vc_empty_space height=&#8220;20px&#8220;][\/vc_column][\/vc_row][vc_row][vc_column][vc_column_text]<\/p>\n<h1><span style=\"color: #000000\">Spenden f\u00fcr den Regenwald<\/span><\/h1>\n<p>[\/vc_column_text][vc_column_text]<em>31. Januar 2023<\/em><em>\u00a0 \u00a0 \u00a0<\/em>Die Regenwaldbox auf unserer Theke wurde im vergangenen Jahr 2022 von unseren Kund*innen mit insgesamt 290 Euro gef\u00fcllt. Diese kommen den Bem\u00fchungen zum Erhalt des Regenwaldes zugute. Vielen Dank daf\u00fcr! F\u00fcr weitere Infos empfehlen wir die Seite von &#8222;Rettet den Regenwald e.V.&#8220; <a href=\"https:\/\/www.regenwald.org\/\" target=\"_blank\" rel=\"noopener\">https:\/\/www.regenwald.org\/<\/a>.[\/vc_column_text][\/vc_column][\/vc_row][vc_row][vc_column][vc_empty_space height=&#8220;20px&#8220;][\/vc_column][\/vc_row][vc_row][vc_column][vc_column_text]<\/p>\n<h1><span style=\"color: #000000\">Produkt des Monats: Schokolade made in Ghana<\/span><\/h1>\n<p>[\/vc_column_text][vc_column_text]<em>7. Februar 2023\u00a0 \u00a0G<\/em>hana ist eines der f\u00fchrenden Anbaul\u00e4nder von Kakao. Die meisten Farmer*innen leben jedoch in gro\u00dfer Armut und exportiert wird fast ausschlie\u00dflich Rohkakao. fairafric produziert in Ghana leckere Schokolade <span style=\"color: #800000\"><strong>von der Kakaobohne bis zur verpackten Tafel<\/strong><\/span>. Kleinb\u00e4uer*innen liefern daf\u00fcr Bio-Kakao bester Qualit\u00e4t und verbessern durch die Bio-Pr\u00e4mie ihre Lebensqualit\u00e4t. Verarbeitet werden die Bohnen in einer solarbetriebenen Fabrik, die von einem rein ghanaischen Team gemanagt und geleitet wird. Die Verarbeitung und Wertsch\u00f6pfung in Ghana schafft Arbeitspl\u00e4tze und erh\u00f6ht das lokale Einkommen. Hier erfahren Sie mehr \u00fcber diese ganz besondere Schokolade\u00a0 \u00a0 \u00a0 \u00a0 \u00a0 \u00a0 \u00a0 \u00a0 \u00a0 \u00a0 \u00a0 \u00a0 \u00a0 \u00a0 \u00a0 \u00a0 \u00a0 \u00a0 \u00a0 \u00a0 \u00a0 \u00a0 \u00a0 \u00a0 \u00a0 \u00a0 \u00a0 \u00a0 \u00a0 \u00a0 \u00a0 \u00a0 \u00a0 \u00a0 \u00a0 \u00a0 \u00a0 \u00a0 \u00a0 \u00a0 \u00a0 \u00a0 \u00a0 \u00a0 \u00a0 \u00a0 \u00a0made in Ghana: <a href=\"https:\/\/fairafric.com\/\" target=\"_blank\" rel=\"noopener\">fairafric \u2013 Creating jobs, loving chocolate.<\/a>[\/vc_column_text][\/vc_column][\/vc_row][vc_row][vc_column][vc_empty_space height=&#8220;20px&#8220;][\/vc_column][\/vc_row][vc_row][vc_column][vc_column_text]<\/p>\n<h1><span style=\"color: #000000\">Weltladen backt f\u00fcr Spendenaktion<\/span><\/h1>\n<p>[\/vc_column_text][vc_column_text]<em>15. M\u00e4rz 2023\u00a0 \u00a0<\/em>Machen Sie mit bei der Soli-Brot-Aktion im Weltladen! Gegen eine Spende k\u00f6nnen Sie ein leckeres selbst gebackenes Brot erwerben. Der Erl\u00f6s kommt dieses Jahr dem Miserior-Projekt &#8222;Weibliche Genitalverst\u00fcmmelung stoppen!&#8220; in Mali zugute. Weitere Infos unter <a href=\"https:\/\/www.misereor.de\/spenden\/spendenprojekte\/mali-genitalverstuemmelung\" target=\"_blank\" rel=\"noopener\">Mali: Gegen weibliche Genitalverst\u00fcmmelung (misereor.de)<\/a><br \/>\nWir bieten die Brote an am <span style=\"color: #800000\"><strong>Samstag, 25. M\u00e4rz im Weltladen Nierstein<\/strong><\/span> und am <span style=\"color: #800000\"><strong>Sonntag, 26. M\u00e4rz nach dem Gottesdienst in der katholischen Pfarrei St. Bartholom\u00e4us in Oppenheim<\/strong><\/span>.[\/vc_column_text][\/vc_column][\/vc_row][vc_row][vc_column][vc_empty_space height=&#8220;20px&#8220;][\/vc_column][\/vc_row][vc_row][vc_column][vc_column_text]<\/p>\n<h1><span style=\"color: #000000\">Der Fr\u00fchling ist da!<\/span><\/h1>\n<p>[\/vc_column_text][vc_column_text]<em>26. M\u00e4rz 2023\u00a0 \u00a0<\/em>Handbemalte Blument\u00f6pfe und Gie\u00dfkannen aus Blech in unterschiedlichen Designs l\u00e4uten im Weltladen die Balkon- und Gartensaison ein. Und f\u00fcr die bevor-<br \/>\nstehenden Ostertage haben wir wieder dekorative Ostereier und Osternester u.a. aus Filz sowie leckere Naschereien wie Schokohasen, Schokoeier und die besonderen Schokoladen von Zotter. Kommen Sie vorbei und erleben Sie ein wenig Vorfreude auf die Ostertage.[\/vc_column_text][\/vc_column][\/vc_row][vc_row][vc_column][vc_empty_space height=&#8220;20px&#8220;][\/vc_column][\/vc_row][vc_row][vc_column][vc_column_text]<\/p>\n<h1><span style=\"color: #000000\">Neuer Pakilia-Schmuck eingetroffen<\/span><\/h1>\n<p>[\/vc_column_text][vc_column_text]<em>2. April 2023\u00a0 \u00a0<\/em>Suchen Sie noch ein Geschenk f\u00fcr die bevorstehende <span style=\"color: #000000\">Kommunion oder Konfirmation?<\/span> Oder vielleicht f\u00fcr Sie selbst? Ohrringe, Anh\u00e4nger, Ketten oder Ringe &#8211; echt fair, echt Silber, echt handgearbeitet. Eine gro\u00dfe Auswahl erwartet Sie im Weltladen Nierstein, speziell auch f\u00fcr Kinder. Mehr unter <a href=\"https:\/\/www.pakilia.com\/\" target=\"_blank\" rel=\"noopener\">Fair Trade Silberschmuck | pakilia<\/a>[\/vc_column_text][\/vc_column][\/vc_row][vc_row][vc_column][vc_empty_space height=&#8220;20px&#8220;][\/vc_column][\/vc_row][vc_row][vc_column][vc_column_text]<\/p>\n<h1><span style=\"color: #000000\">Weltladentag am 13. Mai 2023<\/span><\/h1>\n<p>[\/vc_column_text][vc_column_text]Unter dem Motto <strong><span style=\"color: #800000\">&#8222;M\u00e4chtig FAIR&#8220;<\/span><\/strong> macht die Weltladen-Bewegung beim bundesweiten Weltladentag darauf aufmerksam, dass es endlich ein EU-Lieferkettengesetz braucht, das die Produzent*innen und die Umwelt sch\u00fctzt. Mehr erfahren Sie unter <a href=\"https:\/\/www.weltladen.de\/politik-veraendern\/aktuelles\/am-weltladentag-fuer-ein-starkes-eu-lieferkettengesetz\/\" target=\"_blank\" rel=\"noopener\">M\u00e4chtig FAIR&#8230; | Weltladen-Dachverband.<\/a> \u00a0 Das Team des Weltladens Nierstein beteiligt sich und l\u00e4dt f\u00fcr Samstag, 13. Mai von 10 bis 13 Uhr herzlich ein zu Information und Austausch bei einer Tasse fairen Kaffee und Tee.[\/vc_column_text][\/vc_column][\/vc_row][vc_row][vc_column][vc_empty_space height=&#8220;20px&#8220;][\/vc_column][\/vc_row][vc_row][vc_column][vc_column_text]<\/p>\n<h1><span style=\"color: #000000\">10. Juli &#8211; 19. August 2023 verk\u00fcrzte \u00d6ffnungszeiten<\/span><\/h1>\n<p>[\/vc_column_text][vc_column_text]<em>30. Juni 2023<\/em>\u00a0 \u00a0\u00a0<span style=\"color: #333333\">Im o.g. Zeitraum haben wir unsere \u00d6ffnungszeiten etwas reduziert<br \/>\n<\/span><span style=\"color: #000000\">Montag: geschlossen<\/span><br \/>\n<span style=\"color: #000000\">Dienstag: 10 bis 13 Uhr<\/span><br \/>\n<span style=\"color: #000000\">Mittwoch: 10 bis 13 Uhr<\/span><br \/>\n<span style=\"color: #000000\">Donnerstag: 10 bis 13 Uhr<\/span><br \/>\n<span style=\"color: #000000\">Freitag: 10 bis 13 + 15 bis 18 Uhr<\/span><br \/>\n<span style=\"color: #000000\">Samstag: 10 bis 13 Uhr<br \/>\nWir danken f\u00fcr Ihr Verst\u00e4ndnis!<\/span>[\/vc_column_text][\/vc_column][\/vc_row][vc_row][vc_column][vc_empty_space height=&#8220;20px&#8220;][\/vc_column][\/vc_row][vc_row][vc_column][vc_column_text]<\/p>\n<h1><span style=\"color: #000000\">Kundeninformation Schokolade<\/span><\/h1>\n<p>[\/vc_column_text][vc_column_text]<em>30. Juni 2023\u00a0\u00a0<\/em><span style=\"color: #000000\"> Aufgrund fehlender K\u00fchlm\u00f6glichkeiten verkaufen wir in den <span style=\"color: #800000\"><strong>Sommermonaten Juli und August keine Schokolade<\/strong><\/span> und schokoladehaltigen Produkte. Wie w\u00e4re es mit leckeren und dazu noch gesunden Nasch-Alternativen? Wir haben getrocknete Fr\u00fcchte wie Mangos, Aprikosen, Pflaumen, Nussriegel, Erdn\u00fcsse, Macadamian\u00fcsse und Cashewkerne im Angebot.<\/span>[\/vc_column_text][\/vc_column][\/vc_row][vc_row][vc_column][vc_empty_space height=&#8220;20px&#8220;][\/vc_column][\/vc_row][vc_row][vc_column][vc_column_text]<\/p>\n<h1><span style=\"color: #000000\">Weltladen Nierstein auf dem Kulturfest<\/span><\/h1>\n<p>[\/vc_column_text][vc_column_text]<em>09. Juli 2023<\/em>\u00a0 \u00a0\u00a0<span style=\"color: #000000\">Erstmals konnte nach drei Jahren Pause das Kulturfest, organisiert vom Arbeitskreis Asyl im Niersteiner Stadtpark wieder stattfinden. Auch wir als Weltladen Nierstein hatten vor Ort einen Stand, an dem wir allerlei fair gehandelte Produkte aus unserem Laden, die von Kaffee \u00fcber Filzware und Kinderspielzeuge bis zu Rucks\u00e4cken reichten, ausstellten und verkauften.\u00a0 \u00a0<\/span>[\/vc_column_text][\/vc_column][\/vc_row][vc_row][vc_column][vc_empty_space height=&#8220;20px&#8220;][\/vc_column][\/vc_row][vc_row][vc_column][vc_column_text]<\/p>\n<h1><span style=\"color: #000000\">Erste Faire Hausmesse in Nierstein<\/span><\/h1>\n<p>[\/vc_column_text][vc_column_text]<\/p>\n<p style=\"text-align: left\">Vierzig Jahre Fairer Handel in Nierstein. Grund zum Feiern! Das Team des Weltladens l\u00e4dt alle Kund*innen und Interessierte herzlich ein zur ersten Fairen Hausmesse in Nierstein.<\/p>\n<h3><span style=\"color: #000000\">Samstag, 16. September, 12 bis 18 Uhr, Sironasaal Nierstein<\/span><\/h3>\n<p>Messeflyer mit allen Details bitte hier klicken:<a href=\"https:\/\/weltlaeden.de\/nierstein\/wp-content\/uploads\/sites\/60\/2023\/08\/Weltladen-Nierstein-Hausmesse.pdf\" target=\"_blank\" rel=\"noopener\"> Weltladen Nierstein Hausmesse<\/a><br \/>\nArtikel in der AZ vom 29.08.2023 <a href=\"https:\/\/www.allgemeine-zeitung.de\/lokales\/kreis-mainz-bingen\/verbandsgemeinde-rhein-selz\/nierstein\/der-niersteiner-weltladen-hat-grund-zum-feiern-2769679\" target=\"_blank\" rel=\"noopener\">Der Niersteiner Weltladen hat Grund zum Feiern | Allgemeine Zeitung (allgemeine-zeitung.de)<\/a><br \/>\nInterview im <a href=\"https:\/\/weltlaeden.de\/nierstein\/wp-content\/uploads\/sites\/60\/2023\/09\/2023-09-09_Rheinhessen__Wochenblatt_Seite_4.pdf\" target=\"_blank\" rel=\"noopener\">Wochenblatt vom 9.9.2023<\/a>[\/vc_column_text][\/vc_column][\/vc_row][vc_row][vc_column][vc_empty_space height=&#8220;20px&#8220;][\/vc_column][\/vc_row][vc_row][vc_column][vc_column_text css=&#8220;&#8220;]<\/p>\n<h1><span style=\"color: #000000\">Gro\u00dfer Zuspruch zur<br \/>\nFairen Hausmesse in Nierstein<\/span><\/h1>\n<p>[\/vc_column_text][vc_column_text css=&#8220;&#8220;]<em>18. September 2023<\/em>\u00a0 \u00a0Zahlreiche B\u00fcrger und B\u00fcrgerinnen kamen zur Hausmesse, die das Weltladen Team in den letzten Wochen organisiert hat. Durch ihr Interesse und den Kauf fair produzierter Waren unterst\u00fctzten die Besucher*innen unsere Handelspartner aus Mexiko, Burkina Faso, Kamerun, Thailand und anderen L\u00e4ndern des globalen S\u00fcdens. Bei Fingerfood, Kaffee und selbstgebackenem Kuchen kam man ins Gespr\u00e4ch. Zur Bedeutung von Weltl\u00e4den \u00e4u\u00dferte sich ein Besucher so: \u201eSie sind wichtig, weil sie unser Bewusstsein f\u00fcr die N\u00f6te in \u00e4rmeren L\u00e4ndern sch\u00e4rfen und mithelfen, diese L\u00e4nder zum Handel auf Augenh\u00f6he zu f\u00fchren\u201c. Das Weltladenteam freut sich \u00fcber die gro\u00dfe Resonanz und bedankt sich bei allen Besuchern sehr herzlich!\u00a0 <a href=\"https:\/\/weltlaeden.de\/nierstein\/wp-content\/uploads\/sites\/60\/2023\/10\/Pressespiegel_Jubilaeum-40-Jahre-Weltladen-Nierstein.pdf\">Pressespiegel_Jubilaeum-40-Jahre-Weltladen-Nierstein.pdf<\/a>[\/vc_column_text][\/vc_column][\/vc_row][vc_row][vc_column][vc_empty_space height=&#8220;20px&#8220;][\/vc_column][\/vc_row][vc_row][vc_column][vc_column_text css=&#8220;&#8220;]<\/p>\n<h1><span style=\"color: #000000\">Jubil\u00e4umsrabatte<\/span><\/h1>\n<p>[\/vc_column_text][vc_column_text css=&#8220;&#8220;]Wir feiern weiter mit Ihnen, liebe Kundinnen und Kunden: Mit attraktiven <span style=\"color: #800000\"><strong>Jubil\u00e4umsrabatten<\/strong><\/span> auf ausgew\u00e4hlte Produkte!<\/p>\n<p style=\"padding-left: 80px\"><strong>18. &#8211; 30. September 2023<\/strong><br \/>\n<span style=\"color: #800000\"><strong>10% auf Schmuck und Schals<br \/>\n<\/strong><\/span><strong>2. &#8211; 14. Oktober 2023<\/strong><br \/>\n<span style=\"color: #800000\"><strong>20% auf\u00a0 Taschen, Geldb\u00f6rsen, Filz<br \/>\n<\/strong><\/span><strong>16. &#8211; 28. Oktober 2023<\/strong><br \/>\n<strong><span style=\"color: #800000\">20% auf Korbwaren\u00a0<\/span><\/strong><\/p>\n<p>[\/vc_column_text][\/vc_column][\/vc_row][vc_row][vc_column][vc_empty_space height=&#8220;20px&#8220;][\/vc_column][\/vc_row][vc_row][vc_column][vc_column_text css=&#8220;&#8220;]<\/p>\n<h1><span style=\"color: #000000\">Faire Weihnachtsgeschenke<\/span><\/h1>\n<p>[\/vc_column_text][vc_column_text css=&#8220;&#8220;]<\/p>\n<p style=\"text-align: left\"><span style=\"color: #000000\"><em>Dezember 2023\u00a0 \u00a0 <\/em>K\u00f6stliche Kaffees, feine Tees, edle Schokoladen und hochwertige Handwerksartikel \u2013 der Weltladen Nierstein bietet eine reichhaltige Auswahl f\u00fcr Ihren Weihnachtseinkauf. Genie\u00dfen Sie die entspannte Atmosph\u00e4re f\u00fcr Ihre Suche nach einem <strong><span style=\"color: #800000\">besonderen und fair gehandelten Weihnachtsgeschenk<\/span><\/strong>. Sehr beliebt sind auch unsere <\/span><strong><span style=\"color: #800000\">Geschenkgutscheine<\/span><\/strong><span style=\"color: #000000\">. Das Team des Weltladens Nierstein freut sich auf Ihren Besuch und w\u00fcnscht eine stimmungsvolle Adventszeit.<\/span><\/p>\n<p>[\/vc_column_text][\/vc_column][\/vc_row][vc_row][vc_column][vc_empty_space height=&#8220;20px&#8220;][\/vc_column][\/vc_row]<\/p>\n<\/div>","protected":false},"excerpt":{"rendered":"<p>[vc_row][vc_column][vc_column_text] Unser Archiv 2023 [\/vc_column_text][\/vc_column][\/vc_row][vc_row][vc_column][vc_empty_space height=&#8220;20px&#8220;][\/vc_column][\/vc_row][vc_row][vc_column][vc_column_text] Auftakt f\u00fcr 2023: vegan und fair [\/vc_column_text][vc_column_text]9. Januar 2023\u00a0 \u00a0 \u00a0\u00a0 \u00a0 Probier&#8217;s vegan. Diesen Januar!\u00a0 \u00a0Veganuary ist eine gemeinn\u00fctzige Organisation und Kampagne, die Menschen weltweit dazu ermutigt, sich im Januar und dar\u00fcber hinaus vegan zu ern\u00e4hren. Eine vegane Ern\u00e4hrung ist eine der effektivsten Ma\u00dfnahmen, um die Umwelt zu&hellip;<\/p>\n","protected":false},"author":89,"featured_media":0,"parent":361,"menu_order":2,"comment_status":"closed","ping_status":"closed","template":"","meta":{"footnotes":""},"class_list":["post-2113","page","type-page","status-publish","hentry","description-off"],"yoast_head":"<!-- This site is optimized with the Yoast SEO plugin v26.8 - https:\/\/yoast.com\/product\/yoast-seo-wordpress\/ -->\n<title>Archiv 2023 - Weltladen Nierstein<\/title>\n<meta name=\"robots\" content=\"index, follow, max-snippet:-1, max-image-preview:large, max-video-preview:-1\" \/>\n<link rel=\"canonical\" href=\"https:\/\/weltlaeden.de\/nierstein\/aktuelles\/archiv-2023\/\" \/>\n<meta property=\"og:locale\" content=\"de_DE\" \/>\n<meta property=\"og:type\" content=\"article\" \/>\n<meta property=\"og:title\" content=\"Archiv 2023 - Weltladen Nierstein\" \/>\n<meta property=\"og:description\" content=\"[vc_row][vc_column][vc_column_text] Unser Archiv 2023 [\/vc_column_text][\/vc_column][\/vc_row][vc_row][vc_column][vc_empty_space height=&#8220;20px&#8220;][\/vc_column][\/vc_row][vc_row][vc_column][vc_column_text] Auftakt f\u00fcr 2023: vegan und fair [\/vc_column_text][vc_column_text]9. Januar 2023\u00a0 \u00a0 \u00a0\u00a0 \u00a0 Probier&#8217;s vegan. Diesen Januar!\u00a0 \u00a0Veganuary ist eine gemeinn\u00fctzige Organisation und Kampagne, die Menschen weltweit dazu ermutigt, sich im Januar und dar\u00fcber hinaus vegan zu ern\u00e4hren. Eine vegane Ern\u00e4hrung ist eine der effektivsten Ma\u00dfnahmen, um die Umwelt zu&hellip;\" \/>\n<meta property=\"og:url\" content=\"https:\/\/weltlaeden.de\/nierstein\/aktuelles\/archiv-2023\/\" \/>\n<meta property=\"og:site_name\" content=\"Weltladen Nierstein\" \/>\n<meta property=\"article:modified_time\" content=\"2024-06-27T20:41:12+00:00\" \/>\n<meta name=\"twitter:card\" content=\"summary_large_image\" \/>\n<meta name=\"twitter:label1\" content=\"Gesch\u00e4tzte Lesezeit\" \/>\n\t<meta name=\"twitter:data1\" content=\"6\u00a0Minuten\" \/>\n<script type=\"application\/ld+json\" class=\"yoast-schema-graph\">{\"@context\":\"https:\/\/schema.org\",\"@graph\":[{\"@type\":\"WebPage\",\"@id\":\"https:\/\/weltlaeden.de\/nierstein\/aktuelles\/archiv-2023\/\",\"url\":\"https:\/\/weltlaeden.de\/nierstein\/aktuelles\/archiv-2023\/\",\"name\":\"Archiv 2023 - Weltladen Nierstein\",\"isPartOf\":{\"@id\":\"https:\/\/weltlaeden.de\/nierstein\/#website\"},\"datePublished\":\"2023-07-08T11:39:33+00:00\",\"dateModified\":\"2024-06-27T20:41:12+00:00\",\"breadcrumb\":{\"@id\":\"https:\/\/weltlaeden.de\/nierstein\/aktuelles\/archiv-2023\/#breadcrumb\"},\"inLanguage\":\"de\",\"potentialAction\":[{\"@type\":\"ReadAction\",\"target\":[\"https:\/\/weltlaeden.de\/nierstein\/aktuelles\/archiv-2023\/\"]}]},{\"@type\":\"BreadcrumbList\",\"@id\":\"https:\/\/weltlaeden.de\/nierstein\/aktuelles\/archiv-2023\/#breadcrumb\",\"itemListElement\":[{\"@type\":\"ListItem\",\"position\":1,\"name\":\"Startseite\",\"item\":\"https:\/\/weltlaeden.de\/nierstein\/\"},{\"@type\":\"ListItem\",\"position\":2,\"name\":\"Aktuelles\",\"item\":\"https:\/\/weltlaeden.de\/nierstein\/\"},{\"@type\":\"ListItem\",\"position\":3,\"name\":\"Archiv 2023\"}]},{\"@type\":\"WebSite\",\"@id\":\"https:\/\/weltlaeden.de\/nierstein\/#website\",\"url\":\"https:\/\/weltlaeden.de\/nierstein\/\",\"name\":\"Vorlage\",\"description\":\"Faire Produkte seit 1983\",\"potentialAction\":[{\"@type\":\"SearchAction\",\"target\":{\"@type\":\"EntryPoint\",\"urlTemplate\":\"https:\/\/weltlaeden.de\/nierstein\/?s={search_term_string}\"},\"query-input\":{\"@type\":\"PropertyValueSpecification\",\"valueRequired\":true,\"valueName\":\"search_term_string\"}}],\"inLanguage\":\"de\"}]}<\/script>\n<!-- \/ Yoast SEO plugin. -->","yoast_head_json":{"title":"Archiv 2023 - Weltladen Nierstein","robots":{"index":"index","follow":"follow","max-snippet":"max-snippet:-1","max-image-preview":"max-image-preview:large","max-video-preview":"max-video-preview:-1"},"canonical":"https:\/\/weltlaeden.de\/nierstein\/aktuelles\/archiv-2023\/","og_locale":"de_DE","og_type":"article","og_title":"Archiv 2023 - Weltladen Nierstein","og_description":"[vc_row][vc_column][vc_column_text] Unser Archiv 2023 [\/vc_column_text][\/vc_column][\/vc_row][vc_row][vc_column][vc_empty_space height=&#8220;20px&#8220;][\/vc_column][\/vc_row][vc_row][vc_column][vc_column_text] Auftakt f\u00fcr 2023: vegan und fair [\/vc_column_text][vc_column_text]9. Januar 2023\u00a0 \u00a0 \u00a0\u00a0 \u00a0 Probier&#8217;s vegan. Diesen Januar!\u00a0 \u00a0Veganuary ist eine gemeinn\u00fctzige Organisation und Kampagne, die Menschen weltweit dazu ermutigt, sich im Januar und dar\u00fcber hinaus vegan zu ern\u00e4hren. Eine vegane Ern\u00e4hrung ist eine der effektivsten Ma\u00dfnahmen, um die Umwelt zu&hellip;","og_url":"https:\/\/weltlaeden.de\/nierstein\/aktuelles\/archiv-2023\/","og_site_name":"Weltladen Nierstein","article_modified_time":"2024-06-27T20:41:12+00:00","twitter_card":"summary_large_image","twitter_misc":{"Gesch\u00e4tzte Lesezeit":"6\u00a0Minuten"},"schema":{"@context":"https:\/\/schema.org","@graph":[{"@type":"WebPage","@id":"https:\/\/weltlaeden.de\/nierstein\/aktuelles\/archiv-2023\/","url":"https:\/\/weltlaeden.de\/nierstein\/aktuelles\/archiv-2023\/","name":"Archiv 2023 - Weltladen Nierstein","isPartOf":{"@id":"https:\/\/weltlaeden.de\/nierstein\/#website"},"datePublished":"2023-07-08T11:39:33+00:00","dateModified":"2024-06-27T20:41:12+00:00","breadcrumb":{"@id":"https:\/\/weltlaeden.de\/nierstein\/aktuelles\/archiv-2023\/#breadcrumb"},"inLanguage":"de","potentialAction":[{"@type":"ReadAction","target":["https:\/\/weltlaeden.de\/nierstein\/aktuelles\/archiv-2023\/"]}]},{"@type":"BreadcrumbList","@id":"https:\/\/weltlaeden.de\/nierstein\/aktuelles\/archiv-2023\/#breadcrumb","itemListElement":[{"@type":"ListItem","position":1,"name":"Startseite","item":"https:\/\/weltlaeden.de\/nierstein\/"},{"@type":"ListItem","position":2,"name":"Aktuelles","item":"https:\/\/weltlaeden.de\/nierstein\/"},{"@type":"ListItem","position":3,"name":"Archiv 2023"}]},{"@type":"WebSite","@id":"https:\/\/weltlaeden.de\/nierstein\/#website","url":"https:\/\/weltlaeden.de\/nierstein\/","name":"Vorlage","description":"Faire Produkte seit 1983","potentialAction":[{"@type":"SearchAction","target":{"@type":"EntryPoint","urlTemplate":"https:\/\/weltlaeden.de\/nierstein\/?s={search_term_string}"},"query-input":{"@type":"PropertyValueSpecification","valueRequired":true,"valueName":"search_term_string"}}],"inLanguage":"de"}]}},"_links":{"self":[{"href":"https:\/\/weltlaeden.de\/nierstein\/wp-json\/wp\/v2\/pages\/2113","targetHints":{"allow":["GET"]}}],"collection":[{"href":"https:\/\/weltlaeden.de\/nierstein\/wp-json\/wp\/v2\/pages"}],"about":[{"href":"https:\/\/weltlaeden.de\/nierstein\/wp-json\/wp\/v2\/types\/page"}],"author":[{"embeddable":true,"href":"https:\/\/weltlaeden.de\/nierstein\/wp-json\/wp\/v2\/users\/89"}],"replies":[{"embeddable":true,"href":"https:\/\/weltlaeden.de\/nierstein\/wp-json\/wp\/v2\/comments?post=2113"}],"version-history":[{"count":42,"href":"https:\/\/weltlaeden.de\/nierstein\/wp-json\/wp\/v2\/pages\/2113\/revisions"}],"predecessor-version":[{"id":2623,"href":"https:\/\/weltlaeden.de\/nierstein\/wp-json\/wp\/v2\/pages\/2113\/revisions\/2623"}],"up":[{"embeddable":true,"href":"https:\/\/weltlaeden.de\/nierstein\/wp-json\/wp\/v2\/pages\/361"}],"wp:attachment":[{"href":"https:\/\/weltlaeden.de\/nierstein\/wp-json\/wp\/v2\/media?parent=2113"}],"curies":[{"name":"wp","href":"https:\/\/api.w.org\/{rel}","templated":true}]}}