{"id":20,"date":"2019-01-04T00:00:21","date_gmt":"2019-01-03T23:00:21","guid":{"rendered":"https:\/\/wl.heimpixel.de\/vorlage\/weltladen-musterdorf\/"},"modified":"2023-07-17T17:36:49","modified_gmt":"2023-07-17T15:36:49","slug":"weltladen-musterdorf","status":"publish","type":"page","link":"https:\/\/weltlaeden.de\/nierstein\/weltladen-musterdorf\/","title":{"rendered":"Home"},"content":{"rendered":"<div class=\"wpb-content-wrapper\"><p>[vc_row][vc_column]<div class=\"wl_einzelbild\"><p><img loading=\"lazy\" decoding=\"async\" class=\"alignleft size-full wp-image-2150\" src=\"https:\/\/weltlaeden.de\/nierstein\/wp-content\/uploads\/sites\/60\/2023\/07\/P7150006bk.jpg\" alt=\"\" width=\"1024\" height=\"438\" srcset=\"https:\/\/weltlaeden.de\/nierstein\/wp-content\/uploads\/sites\/60\/2023\/07\/P7150006bk.jpg 1024w, https:\/\/weltlaeden.de\/nierstein\/wp-content\/uploads\/sites\/60\/2023\/07\/P7150006bk-300x128.jpg 300w, https:\/\/weltlaeden.de\/nierstein\/wp-content\/uploads\/sites\/60\/2023\/07\/P7150006bk-768x329.jpg 768w\" sizes=\"auto, (max-width: 1024px) 100vw, 1024px\" \/><\/p><\/div>[\/vc_column][\/vc_row][vc_row][vc_column][vc_empty_space height=&#8220;20px&#8220;][vc_separator][vc_empty_space height=&#8220;20px&#8220;][vc_row_inner][vc_column_inner width=&#8220;1\/4&#8243;]<div class=\"wl_einzelbild\"><p><img loading=\"lazy\" decoding=\"async\" class=\"alignleft size-thumbnail wp-image-1231\" src=\"https:\/\/weltlaeden.de\/nierstein\/wp-content\/uploads\/sites\/60\/2020\/02\/TGT_7624-150x150.jpg\" alt=\"\" width=\"150\" height=\"150\" \/><\/p><\/div>[\/vc_column_inner][vc_column_inner width=&#8220;3\/4&#8243;][vc_column_text]<\/p>\n<h2><span style=\"color: #000000\">Produkte<\/span><\/h2>\n<p style=\"text-align: left\">Im Weltladen Nierstein finden Sie ein gro\u00dfes Sortiment an hochwertigen Produkten aus den Bereichen Lebensmittel und Handwerk. Eines haben alle gemeinsam &#8211; sie stammen ausschlie\u00dflich aus Fairem Handel. \u00a0 \u00a0 <a href=\"https:\/\/weltlaeden.de\/nierstein\/produkte-neu\/\">weiter zu unserem Sortiment&#8230;<\/a><\/p>\n<p>[\/vc_column_text][\/vc_column_inner][vc_column_inner][vc_empty_space height=&#8220;20px&#8220;][vc_separator][vc_empty_space height=&#8220;20px&#8220;][\/vc_column_inner][\/vc_row_inner][vc_row_inner][vc_column_inner width=&#8220;1\/4&#8243;]<div class=\"wl_einzelbild\"><p><img loading=\"lazy\" decoding=\"async\" class=\"alignleft size-thumbnail wp-image-1308\" src=\"https:\/\/weltlaeden.de\/nierstein\/wp-content\/uploads\/sites\/60\/2020\/02\/Bio-Fairtrade-Siegel-150x150.jpg\" alt=\"\" width=\"150\" height=\"150\" \/><\/p><\/div>[\/vc_column_inner][vc_column_inner width=&#8220;3\/4&#8243;][vc_column_text]<\/p>\n<h2><span style=\"color: #000000\">Fairer Handel<\/span><\/h2>\n<p>Seit \u00fcber 40 Jahren setzt sich der Faire Handel daf\u00fcr ein, die Lebens- und Arbeitsbedingungen f\u00fcr Menschen am Anfang der Lieferkette zu verbessern. Er macht auf Ungerechtigkeiten im Welthandel aufmerksam und zeigt, wie Handel unter Ber\u00fccksichtigung sozialer und \u00f6kologischer Kriterien erfolgreich sein kann. \u00a0 \u00a0 \u00a0 \u00a0 \u00a0 \u00a0 \u00a0 \u00a0 \u00a0 \u00a0 \u00a0 \u00a0 \u00a0 \u00a0 \u00a0 \u00a0 \u00a0 \u00a0 \u00a0 \u00a0 \u00a0 \u00a0 \u00a0 \u00a0 \u00a0 \u00a0 \u00a0 \u00a0 \u00a0 \u00a0 \u00a0 \u00a0 \u00a0 \u00a0 \u00a0 \u00a0 \u00a0 \u00a0 \u00a0 \u00a0 \u00a0 \u00a0 \u00a0 \u00a0 \u00a0 \u00a0 \u00a0 \u00a0 \u00a0 \u00a0 \u00a0 \u00a0 <a href=\"https:\/\/weltlaeden.de\/nierstein\/fairer-handel\/\">mehr erfahren&#8230;<\/a>[\/vc_column_text][\/vc_column_inner][vc_column_inner][vc_empty_space height=&#8220;20px&#8220;][vc_separator][vc_empty_space height=&#8220;20px&#8220;][\/vc_column_inner][\/vc_row_inner][vc_row_inner][vc_column_inner width=&#8220;1\/4&#8243;]<div class=\"wl_einzelbild\"><p><img loading=\"lazy\" decoding=\"async\" class=\"alignleft wp-image-1995 size-medium\" src=\"https:\/\/weltlaeden.de\/nierstein\/wp-content\/uploads\/sites\/60\/2022\/11\/Team_HPS_01.JPG-k-300x200.jpg\" alt=\"\" width=\"300\" height=\"200\" srcset=\"https:\/\/weltlaeden.de\/nierstein\/wp-content\/uploads\/sites\/60\/2022\/11\/Team_HPS_01.JPG-k-300x200.jpg 300w, https:\/\/weltlaeden.de\/nierstein\/wp-content\/uploads\/sites\/60\/2022\/11\/Team_HPS_01.JPG-k.jpg 448w\" sizes=\"auto, (max-width: 300px) 100vw, 300px\" \/><\/p><\/div>[\/vc_column_inner][vc_column_inner width=&#8220;3\/4&#8243;][vc_column_text]<\/p>\n<h2><span style=\"color: #000000\">\u00dcber uns<\/span><\/h2>\n<p>Hier erfahren Sie mehr \u00fcber die vielseitigen Aufgaben im Weltladen, die ehrenamtliche Mitarbeit, das Team und den Verein. Interessiert? Klicken Sie <a href=\"https:\/\/weltlaeden.de\/nierstein\/ueber-uns\/\">hier&#8230;<\/a>[\/vc_column_text][\/vc_column_inner][vc_column_inner][vc_empty_space height=&#8220;20px&#8220;][vc_separator][vc_empty_space height=&#8220;20px&#8220;][\/vc_column_inner][\/vc_row_inner][\/vc_column][\/vc_row]<\/p>\n<\/div>","protected":false},"excerpt":{"rendered":"<p>[vc_row][vc_column][\/vc_column][\/vc_row][vc_row][vc_column][vc_empty_space height=&#8220;20px&#8220;][vc_separator][vc_empty_space height=&#8220;20px&#8220;][vc_row_inner][vc_column_inner width=&#8220;1\/4&#8243;][\/vc_column_inner][vc_column_inner width=&#8220;3\/4&#8243;][vc_column_text] Produkte Im Weltladen Nierstein finden Sie ein gro\u00dfes Sortiment an hochwertigen Produkten aus den Bereichen Lebensmittel und Handwerk. Eines haben alle gemeinsam &#8211; sie stammen ausschlie\u00dflich aus Fairem Handel. \u00a0 \u00a0 weiter zu unserem Sortiment&#8230; [\/vc_column_text][\/vc_column_inner][vc_column_inner][vc_empty_space height=&#8220;20px&#8220;][vc_separator][vc_empty_space height=&#8220;20px&#8220;][\/vc_column_inner][\/vc_row_inner][vc_row_inner][vc_column_inner width=&#8220;1\/4&#8243;][\/vc_column_inner][vc_column_inner width=&#8220;3\/4&#8243;][vc_column_text] Fairer Handel Seit \u00fcber 40 Jahren setzt sich der Faire&hellip;<\/p>\n","protected":false},"author":1,"featured_media":0,"parent":0,"menu_order":0,"comment_status":"closed","ping_status":"closed","template":"","meta":{"footnotes":""},"class_list":["post-20","page","type-page","status-publish","hentry","description-off"],"yoast_head":"<!-- This site is optimized with the Yoast SEO plugin v26.8 - https:\/\/yoast.com\/product\/yoast-seo-wordpress\/ -->\n<title>Home - Weltladen Nierstein<\/title>\n<meta name=\"robots\" content=\"index, follow, max-snippet:-1, max-image-preview:large, max-video-preview:-1\" \/>\n<link rel=\"canonical\" href=\"https:\/\/weltlaeden.de\/nierstein\/weltladen-musterdorf\/\" \/>\n<meta property=\"og:locale\" content=\"de_DE\" \/>\n<meta property=\"og:type\" content=\"article\" \/>\n<meta property=\"og:title\" content=\"Home - Weltladen Nierstein\" \/>\n<meta property=\"og:description\" content=\"[vc_row][vc_column][\/vc_column][\/vc_row][vc_row][vc_column][vc_empty_space height=&#8220;20px&#8220;][vc_separator][vc_empty_space height=&#8220;20px&#8220;][vc_row_inner][vc_column_inner width=&#8220;1\/4&#8243;][\/vc_column_inner][vc_column_inner width=&#8220;3\/4&#8243;][vc_column_text] Produkte Im Weltladen Nierstein finden Sie ein gro\u00dfes Sortiment an hochwertigen Produkten aus den Bereichen Lebensmittel und Handwerk. Eines haben alle gemeinsam &#8211; sie stammen ausschlie\u00dflich aus Fairem Handel. \u00a0 \u00a0 weiter zu unserem Sortiment&#8230; [\/vc_column_text][\/vc_column_inner][vc_column_inner][vc_empty_space height=&#8220;20px&#8220;][vc_separator][vc_empty_space height=&#8220;20px&#8220;][\/vc_column_inner][\/vc_row_inner][vc_row_inner][vc_column_inner width=&#8220;1\/4&#8243;][\/vc_column_inner][vc_column_inner width=&#8220;3\/4&#8243;][vc_column_text] Fairer Handel Seit \u00fcber 40 Jahren setzt sich der Faire&hellip;\" \/>\n<meta property=\"og:url\" content=\"https:\/\/weltlaeden.de\/nierstein\/weltladen-musterdorf\/\" \/>\n<meta property=\"og:site_name\" content=\"Weltladen Nierstein\" \/>\n<meta property=\"article:modified_time\" content=\"2023-07-17T15:36:49+00:00\" \/>\n<meta property=\"og:image\" content=\"https:\/\/weltlaeden.de\/nierstein\/wp-content\/uploads\/sites\/60\/2023\/07\/P7150006bk.jpg\" \/>\n<meta name=\"twitter:card\" content=\"summary_large_image\" \/>\n<meta name=\"twitter:label1\" content=\"Gesch\u00e4tzte Lesezeit\" \/>\n\t<meta name=\"twitter:data1\" content=\"2\u00a0Minuten\" \/>\n<script type=\"application\/ld+json\" class=\"yoast-schema-graph\">{\"@context\":\"https:\/\/schema.org\",\"@graph\":[{\"@type\":\"WebPage\",\"@id\":\"https:\/\/weltlaeden.de\/nierstein\/weltladen-musterdorf\/\",\"url\":\"https:\/\/weltlaeden.de\/nierstein\/weltladen-musterdorf\/\",\"name\":\"Home - Weltladen Nierstein\",\"isPartOf\":{\"@id\":\"https:\/\/weltlaeden.de\/nierstein\/#website\"},\"primaryImageOfPage\":{\"@id\":\"https:\/\/weltlaeden.de\/nierstein\/weltladen-musterdorf\/#primaryimage\"},\"image\":{\"@id\":\"https:\/\/weltlaeden.de\/nierstein\/weltladen-musterdorf\/#primaryimage\"},\"thumbnailUrl\":\"https:\/\/weltlaeden.de\/nierstein\/wp-content\/uploads\/sites\/60\/2023\/07\/P7150006bk.jpg\",\"datePublished\":\"2019-01-03T23:00:21+00:00\",\"dateModified\":\"2023-07-17T15:36:49+00:00\",\"breadcrumb\":{\"@id\":\"https:\/\/weltlaeden.de\/nierstein\/weltladen-musterdorf\/#breadcrumb\"},\"inLanguage\":\"de\",\"potentialAction\":[{\"@type\":\"ReadAction\",\"target\":[\"https:\/\/weltlaeden.de\/nierstein\/weltladen-musterdorf\/\"]}]},{\"@type\":\"ImageObject\",\"inLanguage\":\"de\",\"@id\":\"https:\/\/weltlaeden.de\/nierstein\/weltladen-musterdorf\/#primaryimage\",\"url\":\"https:\/\/weltlaeden.de\/nierstein\/wp-content\/uploads\/sites\/60\/2023\/07\/P7150006bk.jpg\",\"contentUrl\":\"https:\/\/weltlaeden.de\/nierstein\/wp-content\/uploads\/sites\/60\/2023\/07\/P7150006bk.jpg\",\"width\":1024,\"height\":438},{\"@type\":\"BreadcrumbList\",\"@id\":\"https:\/\/weltlaeden.de\/nierstein\/weltladen-musterdorf\/#breadcrumb\",\"itemListElement\":[{\"@type\":\"ListItem\",\"position\":1,\"name\":\"Startseite\",\"item\":\"https:\/\/weltlaeden.de\/nierstein\/\"},{\"@type\":\"ListItem\",\"position\":2,\"name\":\"Home\"}]},{\"@type\":\"WebSite\",\"@id\":\"https:\/\/weltlaeden.de\/nierstein\/#website\",\"url\":\"https:\/\/weltlaeden.de\/nierstein\/\",\"name\":\"Vorlage\",\"description\":\"Faire Produkte seit 1983\",\"potentialAction\":[{\"@type\":\"SearchAction\",\"target\":{\"@type\":\"EntryPoint\",\"urlTemplate\":\"https:\/\/weltlaeden.de\/nierstein\/?s={search_term_string}\"},\"query-input\":{\"@type\":\"PropertyValueSpecification\",\"valueRequired\":true,\"valueName\":\"search_term_string\"}}],\"inLanguage\":\"de\"}]}<\/script>\n<!-- \/ Yoast SEO plugin. -->","yoast_head_json":{"title":"Home - Weltladen Nierstein","robots":{"index":"index","follow":"follow","max-snippet":"max-snippet:-1","max-image-preview":"max-image-preview:large","max-video-preview":"max-video-preview:-1"},"canonical":"https:\/\/weltlaeden.de\/nierstein\/weltladen-musterdorf\/","og_locale":"de_DE","og_type":"article","og_title":"Home - Weltladen Nierstein","og_description":"[vc_row][vc_column][\/vc_column][\/vc_row][vc_row][vc_column][vc_empty_space height=&#8220;20px&#8220;][vc_separator][vc_empty_space height=&#8220;20px&#8220;][vc_row_inner][vc_column_inner width=&#8220;1\/4&#8243;][\/vc_column_inner][vc_column_inner width=&#8220;3\/4&#8243;][vc_column_text] Produkte Im Weltladen Nierstein finden Sie ein gro\u00dfes Sortiment an hochwertigen Produkten aus den Bereichen Lebensmittel und Handwerk. Eines haben alle gemeinsam &#8211; sie stammen ausschlie\u00dflich aus Fairem Handel. \u00a0 \u00a0 weiter zu unserem Sortiment&#8230; [\/vc_column_text][\/vc_column_inner][vc_column_inner][vc_empty_space height=&#8220;20px&#8220;][vc_separator][vc_empty_space height=&#8220;20px&#8220;][\/vc_column_inner][\/vc_row_inner][vc_row_inner][vc_column_inner width=&#8220;1\/4&#8243;][\/vc_column_inner][vc_column_inner width=&#8220;3\/4&#8243;][vc_column_text] Fairer Handel Seit \u00fcber 40 Jahren setzt sich der Faire&hellip;","og_url":"https:\/\/weltlaeden.de\/nierstein\/weltladen-musterdorf\/","og_site_name":"Weltladen Nierstein","article_modified_time":"2023-07-17T15:36:49+00:00","og_image":[{"url":"https:\/\/weltlaeden.de\/nierstein\/wp-content\/uploads\/sites\/60\/2023\/07\/P7150006bk.jpg","type":"","width":"","height":""}],"twitter_card":"summary_large_image","twitter_misc":{"Gesch\u00e4tzte Lesezeit":"2\u00a0Minuten"},"schema":{"@context":"https:\/\/schema.org","@graph":[{"@type":"WebPage","@id":"https:\/\/weltlaeden.de\/nierstein\/weltladen-musterdorf\/","url":"https:\/\/weltlaeden.de\/nierstein\/weltladen-musterdorf\/","name":"Home - Weltladen Nierstein","isPartOf":{"@id":"https:\/\/weltlaeden.de\/nierstein\/#website"},"primaryImageOfPage":{"@id":"https:\/\/weltlaeden.de\/nierstein\/weltladen-musterdorf\/#primaryimage"},"image":{"@id":"https:\/\/weltlaeden.de\/nierstein\/weltladen-musterdorf\/#primaryimage"},"thumbnailUrl":"https:\/\/weltlaeden.de\/nierstein\/wp-content\/uploads\/sites\/60\/2023\/07\/P7150006bk.jpg","datePublished":"2019-01-03T23:00:21+00:00","dateModified":"2023-07-17T15:36:49+00:00","breadcrumb":{"@id":"https:\/\/weltlaeden.de\/nierstein\/weltladen-musterdorf\/#breadcrumb"},"inLanguage":"de","potentialAction":[{"@type":"ReadAction","target":["https:\/\/weltlaeden.de\/nierstein\/weltladen-musterdorf\/"]}]},{"@type":"ImageObject","inLanguage":"de","@id":"https:\/\/weltlaeden.de\/nierstein\/weltladen-musterdorf\/#primaryimage","url":"https:\/\/weltlaeden.de\/nierstein\/wp-content\/uploads\/sites\/60\/2023\/07\/P7150006bk.jpg","contentUrl":"https:\/\/weltlaeden.de\/nierstein\/wp-content\/uploads\/sites\/60\/2023\/07\/P7150006bk.jpg","width":1024,"height":438},{"@type":"BreadcrumbList","@id":"https:\/\/weltlaeden.de\/nierstein\/weltladen-musterdorf\/#breadcrumb","itemListElement":[{"@type":"ListItem","position":1,"name":"Startseite","item":"https:\/\/weltlaeden.de\/nierstein\/"},{"@type":"ListItem","position":2,"name":"Home"}]},{"@type":"WebSite","@id":"https:\/\/weltlaeden.de\/nierstein\/#website","url":"https:\/\/weltlaeden.de\/nierstein\/","name":"Vorlage","description":"Faire Produkte seit 1983","potentialAction":[{"@type":"SearchAction","target":{"@type":"EntryPoint","urlTemplate":"https:\/\/weltlaeden.de\/nierstein\/?s={search_term_string}"},"query-input":{"@type":"PropertyValueSpecification","valueRequired":true,"valueName":"search_term_string"}}],"inLanguage":"de"}]}},"_links":{"self":[{"href":"https:\/\/weltlaeden.de\/nierstein\/wp-json\/wp\/v2\/pages\/20","targetHints":{"allow":["GET"]}}],"collection":[{"href":"https:\/\/weltlaeden.de\/nierstein\/wp-json\/wp\/v2\/pages"}],"about":[{"href":"https:\/\/weltlaeden.de\/nierstein\/wp-json\/wp\/v2\/types\/page"}],"author":[{"embeddable":true,"href":"https:\/\/weltlaeden.de\/nierstein\/wp-json\/wp\/v2\/users\/1"}],"replies":[{"embeddable":true,"href":"https:\/\/weltlaeden.de\/nierstein\/wp-json\/wp\/v2\/comments?post=20"}],"version-history":[{"count":328,"href":"https:\/\/weltlaeden.de\/nierstein\/wp-json\/wp\/v2\/pages\/20\/revisions"}],"predecessor-version":[{"id":2151,"href":"https:\/\/weltlaeden.de\/nierstein\/wp-json\/wp\/v2\/pages\/20\/revisions\/2151"}],"wp:attachment":[{"href":"https:\/\/weltlaeden.de\/nierstein\/wp-json\/wp\/v2\/media?parent=20"}],"curies":[{"name":"wp","href":"https:\/\/api.w.org\/{rel}","templated":true}]}}