{"id":1782,"date":"2021-11-29T23:16:11","date_gmt":"2021-11-29T22:16:11","guid":{"rendered":"https:\/\/weltlaeden.de\/nierstein\/?page_id=1782"},"modified":"2023-07-17T21:33:49","modified_gmt":"2023-07-17T19:33:49","slug":"archiv-2021-2","status":"publish","type":"page","link":"https:\/\/weltlaeden.de\/nierstein\/rechte-ideen-nicht-unser-geschmack\/archiv-2021-2\/","title":{"rendered":"Archiv 2021"},"content":{"rendered":"<div class=\"wpb-content-wrapper\"><p>[vc_row][vc_column][vc_empty_space height=&#8220;20px&#8220;][\/vc_column][vc_column][vc_column_text]<\/p>\n<h1><span style=\"color: #800000\"><strong>Unser Archiv 2021<\/strong><\/span><\/h1>\n<p>[\/vc_column_text][\/vc_column][\/vc_row][vc_row][vc_column][vc_empty_space height=&#8220;20px&#8220;][\/vc_column][\/vc_row][vc_row][vc_column][vc_column_text]<\/p>\n<h1>Aktion #fairwertsteuer &#8211; 722 Euro f\u00fcr den Fonds<\/h1>\n<p>[\/vc_column_text][vc_column_text]<em><span style=\"color: #000000\">7. M\u00e4rz 2021\u00a0 &#8211;\u00a0 <\/span><\/em><span style=\"color: #000000\">Durch den\u00a0 Verzicht auf die Mehrwertsteuersenkung im 2. Halbjahr 2020 haben unsere<\/span><span style=\"color: #000000\">\u00a0Kund*innen es erm\u00f6glicht, dass wir den Fonds <\/span><span style=\"color: #000000\">zur Unterst\u00fctzung der von der Corona-Pandemie besonders betroffenen Handelspartner mit 722 Euro unterst\u00fctzen konnten. Vielen Dank f\u00fcr dieses Zeichen der Solidarit\u00e4t! Bundesweit sind fast 500.000 Euro zusammengekommen, die in mehreren Vergaberunden zugeteilt werden. Die Allgemeine Zeitung berichtete hierzu am 1. M\u00e4rz:<a href=\"https:\/\/www.weltladen.de\/\/site\/assets\/files\/23378\/210301_az_treuer_partner_trotz_krise.pdf\" target=\"_blank\" rel=\"noopener\"> zum Artikel<\/a>. Weitergehende Infos auf der Seite des <a href=\"https:\/\/www.weltladen.de\/ueber-weltlaeden\/kundenmagazin\/portraits\/estacion-a\/\" target=\"_blank\" rel=\"noopener\">Weltladendachverbandes<\/a>.<\/span>[\/vc_column_text][\/vc_column][\/vc_row][vc_row][vc_column][vc_empty_space height=&#8220;20px&#8220;][\/vc_column][\/vc_row][vc_row][vc_column][vc_column_text]<\/p>\n<h1><span style=\"color: #000000\">Jugendhaus Oppenheim:<br \/>\nThemenwoche &#8222;Nachhaltig und fair einkaufen&#8220;<\/span><\/h1>\n<p>[\/vc_column_text][vc_column_text]<em><span style=\"color: #000000\">20. M\u00e4rz 2021\u00a0 <\/span><\/em><span style=\"color: #000000\">&#8211;\u00a0 In der Online-Projektwoche des JHO vom 16. bis 19. M\u00e4rz 2021 ging es um das Thema Nachhaltigkeit im Alltag. Am Aktionsregal konnten die Kinder P\u00e4ckchen zu den Themen n<\/span><span style=\"color: #000000\">achhaltiges Basteln, Upcycling, Labelcheck, Rezepte f\u00fcr Lippenpflege und Badesalz abholen. Au\u00dferdem besuchte Linda den Weltladen Nierstein und interviewte die Vorsitzende Andrea Fath-Lill zum Thema Faires Einkaufen und wie ein Weltladen funktioniert. Das Videointerview findet ihr <a href=\"https:\/\/marcellill.files.wordpress.com\/2021\/03\/weltladen-nierstein-1.mp4\" target=\"_blank\" rel=\"noopener\">hier<\/a>!<\/span><\/p>\n<p>Mehr Fairen Handel f\u00fcr die Ohren findet ihr auf der Seite des Weltladen-Dachverbandes als <a href=\"https:\/\/www.weltladen.de\/lernort-weltladen\/fairtont\/\" target=\"_blank\" rel=\"noopener\">Podcasts von Laura und Solveig.<\/a>\u00a0Jeden Monat gibt es eine neue Folge.[\/vc_column_text][\/vc_column][\/vc_row][vc_row][vc_column][vc_empty_space height=&#8220;20px&#8220;][\/vc_column][\/vc_row][vc_row][vc_column][vc_column_text]<\/p>\n<h1><span style=\"color: #000000\">Weltladentag am 8. Mai 2021<\/span><\/h1>\n<p>[\/vc_column_text][vc_column_text]<span style=\"color: #000000\">Weitermachen wie bisher ist keine Option. Unsere Art zu leben und zu wirtschaften ist nicht zukunftsf\u00e4hig. <span style=\"color: #800000\"><strong>&#8222;Die Welt braucht einen Tapetenwechsel!\u201c<\/strong><\/span>, so lautet das Motto des diesj\u00e4hrigen Weltladentags. Viele der tiefgreifenden sozio-\u00f6konomischen und \u00f6kologischen Krisen werden durch die Corona-Pandemie noch verst\u00e4rkt. In weiten Teilen der Welt nimmt die soziale Ungleichheit zu, Umweltzerst\u00f6rung und Klimawandel schreiten voran. Es muss eine Ver\u00e4nderung her und zwar schnellstm\u00f6glich. Die Aktion <span style=\"color: #800000\"><strong>#G\u00f6nnDirWandel<\/strong><\/span> gibt Impulse, wie Sie im Alltag zu mehr Solidarit\u00e4t, Nachhaltigkeit, Respekt, Gleichberechtigung, Transparenz und Dialog beitragen k\u00f6nnen. Die bunten Karten dazu liegen im Weltladen zum Mitnehmen bereit. Mehr unter\u00a0<a href=\"https:\/\/www.weltladen.de\/politik-veraendern\/weltladentag\/aktuelle-kampagne\/\">Es geht ums Ganze | Weltladen-Dachverband<\/a><\/span>[\/vc_column_text][\/vc_column][\/vc_row][vc_row][vc_column][vc_empty_space height=&#8220;20px&#8220;][\/vc_column][\/vc_row][vc_row][vc_column][vc_column_text]<\/p>\n<h1><span style=\"color: #000000\">Seit 1. Juni 2021 wieder t\u00e4glich ge\u00f6ffnet<\/span><\/h1>\n<p>[\/vc_column_text][vc_column_text]<span style=\"color: #800000\"><span style=\"color: #000000\">Wir freuen uns, dass das Team des Weltladens Nierstein ab Juni wieder von Montag bis Samstag zu den gewohnten \u00d6ffnungszeiten f\u00fcr Sie da ist!\u00a0<\/span><\/span>Bitte beachten Sie die aktuellen Hygienevorschriften: Maske, Abstand, H\u00e4ndedesinfektion und maximal zwei Kunden gleichzeitig. Vielen Dank![\/vc_column_text][\/vc_column][\/vc_row][vc_row][vc_column][vc_empty_space height=&#8220;20px&#8220;][\/vc_column][\/vc_row][vc_row][vc_column][vc_column_text]<\/p>\n<h1><span style=\"color: #000000\">NIERSTEIN f\u00fcr VIELFALT<\/span><\/h1>\n<p>[\/vc_column_text][vc_column_text]<em>22. Juli 2021\u00a0<\/em> &#8211;\u00a0 <strong><span style=\"color: #800000\">Weltladen Nierstein unterst\u00fctzt Kampagne der Stadt Nierstein.\u00a0 \u00a0<\/span><\/strong>Rheinhessen steht f\u00fcr Vielfalt. Die Region hat in ihrer langen Geschichte verschiedene Kulturen erlebt und davon profitiert. Dazu bekennt sich auch die Stadt Nierstein. Menschen, die hier ein neues Zuhause suchen, sind willkommen. Diskriminierung, Hetze und Rassismus lehnen die B\u00fcrgerinnen und B\u00fcrger ab. Zum Ausdruck kommt das mit der Kampagne \u201eNierstein f\u00fcr Vielfalt\u201c, die im Sommer 2021 gestartet ist. Neben Schildern mit klaren Botschaften, die im Ortskern von Nierstein und Schwabsburg zu finden sind, positionieren wir uns mit positiven Beispielen. Wir erz\u00e4hlen die Geschichte von Menschen in unserer Stadt. Wir wollen Begegnung erm\u00f6glichen und N\u00e4he schaffen. Mehr unter\u00a0\u00a0<a href=\"https:\/\/www.nierstein.de\/\" target=\"_blank\" rel=\"noopener\">https:\/\/www.nierstein.de\/\u00a0<\/a>\u00a0 \u00a0 \u00a0 \u00a0 <em>\u00a0 \u00a0 \u00a0Quelle: Stadt Nierstein<\/em>[\/vc_column_text][\/vc_column][\/vc_row][vc_row][vc_column][vc_empty_space height=&#8220;20px&#8220;][\/vc_column][\/vc_row][vc_row][vc_column][vc_column_text]<\/p>\n<h1><span style=\"color: #000000\">Neues Honigsortiment von GEPA<\/span><\/h1>\n<p>[\/vc_column_text][vc_column_text]<em>Juli 2021\u00a0<\/em> &#8211;\u00a0 <span style=\"color: #800000\"><strong>Von der Wabe bis ins Glas &#8211; fair, klimaneutral, transparent und bio!<\/strong> <strong>Im Weltladen Nierstein k\u00f6nnen Sie das neue GEPA-Honig-Sortiment kennenlernen.<br \/>\n<\/strong><\/span>F\u00fcr viele Menschen ist Honig nicht mehr vom Fr\u00fchst\u00fcckstisch wegzudenken. Doch der in Deutschland produzierte Honig deckt nur knapp ein Drittel des nationalen Bedarfs. Warum dann also nicht auf fair gehandelten Honig zur\u00fcckgreifen? So erm\u00f6glichen Sie den Mitgliedern der Imkergenossenschaften im Globalen S\u00fcden die Chance auf ein w\u00fcrdevolles Leben und leisten gleichzeitig einen wertvollen Beitrag f\u00fcr mehr Artenvielfalt und Klimaschutz. 13 von 14 Honigen sind Bio-zertifiziert. Dabei geht es vor allem um den schonenden Umgang mit den Bienenv\u00f6lkern. GEPA Honig wird streng kontrolliert und erf\u00fcllt die Qualit\u00e4tsstandards der deutschen Honigverordnung. Faires Pfund, L\u00e4nderhonige oder Orangenbl\u00fctenhonig &#8211; wir zeigen Ihnen das neue Sortiment. Weitere interessante Infos auf\u00a0\u00a0<a href=\"https:\/\/www.gepa.de\/gepa\/themenspecials\/honeybefair.html\">HoneyBeFair | Das GEPA-Honig-Special &#8211; GEPA DE.<\/a>[\/vc_column_text][\/vc_column][\/vc_row][vc_row][vc_column][vc_empty_space height=&#8220;20px&#8220;][\/vc_column][\/vc_row][vc_row][vc_column][vc_column_text]<\/p>\n<h1><span style=\"color: #000000\">Neu im September &#8211; &#8222;Leaves&#8220; Keramikgeschirr<\/span><\/h1>\n<p>[\/vc_column_text][vc_column_text]<em>September 2021\u00a0 &#8211; <\/em><strong><span style=\"color: #993300\">Hochwertige handbemalte Keramik von EL PUENTE<br \/>\n<\/span><\/strong><span style=\"color: #800000\"><span style=\"color: #000000\">Passend zum bevorstehenden Herbst finden Sie bei uns Tassen, Schalen und Teller der <span style=\"color: #993300\"><strong>neuen Geschirrserie &#8222;Leaves&#8220;.<\/strong><\/span>\u00a0Hergestellt wird das Geschirr im Norden\u00a0Thailands in der Stadt Lampang. Die Region ist f\u00fcr hochwertige Kaolin-Tonerde und daraus gefertigtes Kunsthandwerk \u00fcber die Landesgrenzen hinaus ber\u00fchmt. Die Herstellung findet vor allem in Handarbeit mit Hilfe von wenigen Maschinen statt. Mehr und Fotos unter\u00a0<a href=\"https:\/\/shop.el-puente.de\/wohnen\/kuche\/keramikgeschirr\/design-leaves.html\" target=\"_blank\" rel=\"noopener\">https:\/\/shop.el-puente.de\/wohnen\/kuche\/keramikgeschirr\/design-leaves.html<\/a><\/span><\/span>[\/vc_column_text][\/vc_column][\/vc_row][vc_row][vc_column][vc_empty_space height=&#8220;20px&#8220;][\/vc_column][\/vc_row][vc_row][vc_column][vc_column_text]<\/p>\n<h1><span style=\"color: #000000\">Fair Trade Silberschmuck &#8211; Handarbeit aus Mexiko<\/span><\/h1>\n<p>[\/vc_column_text][vc_column_text]<em><span style=\"color: #000000\">Oktober 2021 &#8211; <\/span><\/em><span style=\"color: #800000\"><span style=\"color: #000000\"><strong><span style=\"color: #800000\">Echt fair, echt Silber, echt Handarbeit<\/span><\/strong>\u00a0<\/span> <\/span>Einzigartige Schmuckst\u00fccke &#8211; Ringe, Ketten, Ohrringe &#8211; aus Sterling-Silber oder S\u00fc\u00dfwasser-Zuchtperlen, in liebevoller Handarbeit und nach Fair Trade Prinzipien in Taxco, Mexiko, gefertigt. Das von zwei jungen Frauen gegr\u00fcndete Unternehmen Pakilia hat direkten Kontakt zu den mexikanischen Kunsthandwerkerfamilien und kann so auf Zwischenh\u00e4ndler verzichten. Die Material- und Verarbeitungsqualit\u00e4t k\u00f6nnen direkt kontrolliert und Kundenw\u00fcnsche ber\u00fccksichtigt werden. Im Weltladen Nierstein finden Sie eine Auswahl dieser edlen Schmuckst\u00fccke. Vielleicht ein Weihnachtsgeschenk? Mehr \u00fcber Pakilia auf\u00a0\u00a0<a href=\"https:\/\/www.pakilia.com\/\" target=\"_blank\" rel=\"noopener\">Fair Trade Silberschmuck | pakilia<\/a>[\/vc_column_text][\/vc_column][\/vc_row][vc_row][vc_column][vc_empty_space height=&#8220;20px&#8220;][\/vc_column][\/vc_row][vc_row][vc_column][vc_column_text]<\/p>\n<h1><span style=\"color: #000000\">FAIRE Weihnachten<\/span><\/h1>\n<p>[\/vc_column_text][vc_column_text]<span style=\"color: #000000\"><em>Dezember 2021 &#8211;\u00a0<\/em>K\u00f6stliche Kaffees, feine Tees, edle Schokoladen und hochwertige Handwerksartikel \u2013 der Weltladen Nierstein bietet eine reichhaltige Auswahl f\u00fcr Ihren Weihnachtseinkauf. Genie\u00dfen Sie die entspannte Atmosph\u00e4re unter Beachtung der jeweils g\u00fcltigen Hygienevorschriften f\u00fcr Ihre Suche nach einem <strong><span style=\"color: #800000\">besonderen und fair gehandelten Weihnachtsgeschenk<\/span><\/strong>. Oder beschenken Sie sich doch einmal selbst! Das Team des Weltladens Nierstein freut sich auf Ihren Besuch und w\u00fcnscht eine stimmungsvolle Adventszeit. Wir sind zu den gewohnten \u00d6ffnungszeiten f\u00fcr Sie da und am 24.12. &#8211; Heilig Abend &#8211; bis 13 Uhr.<\/span>[\/vc_column_text][\/vc_column][\/vc_row][vc_row][vc_column][vc_empty_space height=&#8220;20px&#8220;][\/vc_column][\/vc_row][vc_row][vc_column][vc_column_text]<\/p>\n<h1><span style=\"color: #000000\">Weihnachtsgru\u00df und Dankesch\u00f6n!<\/span><\/h1>\n<p>[\/vc_column_text][vc_column_text]<span style=\"color: #000000\">Liebe Kund*innen,<br \/>\n<\/span>das Weltladenteam bedankt sich ganz herzlich bei Ihnen! Sie ber\u00fccksichtigen bei Ihren Eink\u00e4ufen die Produzent*innen und Lieferanten unserer zahlreichen Produkte, denn Sie finden immer wieder den Weg in unseren Laden. Durch Ihren Einkauf vermitteln Sie uns, dass Sie unsere Artikel in ihrer je eigenen Art und Qualit\u00e4t wertsch\u00e4tzen und Ihnen fairer Handel etwas bedeutet. Wir freuen uns, wenn Sie Ihrer Einstellung weiterhin treu bleiben und w\u00fcnschen Ihnen viel Kraft, innere Ruhe und auch Hoffnung in der weihnachtlichen Zeit und im Neuen Jahr 2022! Herzliche Weihnachtsgr\u00fc\u00dfe vom gesamten Weltladenteam Nierstein[\/vc_column_text][\/vc_column][\/vc_row]<\/p>\n<\/div>","protected":false},"excerpt":{"rendered":"<p>[vc_row][vc_column][vc_empty_space height=&#8220;20px&#8220;][\/vc_column][vc_column][vc_column_text] Unser Archiv 2021 [\/vc_column_text][\/vc_column][\/vc_row][vc_row][vc_column][vc_empty_space height=&#8220;20px&#8220;][\/vc_column][\/vc_row][vc_row][vc_column][vc_column_text] Aktion #fairwertsteuer &#8211; 722 Euro f\u00fcr den Fonds [\/vc_column_text][vc_column_text]7. M\u00e4rz 2021\u00a0 &#8211;\u00a0 Durch den\u00a0 Verzicht auf die Mehrwertsteuersenkung im 2. Halbjahr 2020 haben unsere\u00a0Kund*innen es erm\u00f6glicht, dass wir den Fonds zur Unterst\u00fctzung der von der Corona-Pandemie besonders betroffenen Handelspartner mit 722 Euro unterst\u00fctzen konnten. Vielen Dank f\u00fcr dieses&hellip;<\/p>\n","protected":false},"author":89,"featured_media":0,"parent":361,"menu_order":5,"comment_status":"closed","ping_status":"closed","template":"","meta":{"footnotes":""},"class_list":["post-1782","page","type-page","status-publish","hentry","description-off"],"yoast_head":"<!-- This site is optimized with the Yoast SEO plugin v26.8 - https:\/\/yoast.com\/product\/yoast-seo-wordpress\/ -->\n<title>Archiv 2021 - Weltladen Nierstein<\/title>\n<meta name=\"robots\" content=\"index, follow, max-snippet:-1, max-image-preview:large, max-video-preview:-1\" \/>\n<link rel=\"canonical\" href=\"https:\/\/weltlaeden.de\/nierstein\/aktuelles\/archiv-2021-2\/\" \/>\n<meta property=\"og:locale\" content=\"de_DE\" \/>\n<meta property=\"og:type\" content=\"article\" \/>\n<meta property=\"og:title\" content=\"Archiv 2021 - Weltladen Nierstein\" \/>\n<meta property=\"og:description\" content=\"[vc_row][vc_column][vc_empty_space height=&#8220;20px&#8220;][\/vc_column][vc_column][vc_column_text] Unser Archiv 2021 [\/vc_column_text][\/vc_column][\/vc_row][vc_row][vc_column][vc_empty_space height=&#8220;20px&#8220;][\/vc_column][\/vc_row][vc_row][vc_column][vc_column_text] Aktion #fairwertsteuer &#8211; 722 Euro f\u00fcr den Fonds [\/vc_column_text][vc_column_text]7. M\u00e4rz 2021\u00a0 &#8211;\u00a0 Durch den\u00a0 Verzicht auf die Mehrwertsteuersenkung im 2. Halbjahr 2020 haben unsere\u00a0Kund*innen es erm\u00f6glicht, dass wir den Fonds zur Unterst\u00fctzung der von der Corona-Pandemie besonders betroffenen Handelspartner mit 722 Euro unterst\u00fctzen konnten. Vielen Dank f\u00fcr dieses&hellip;\" \/>\n<meta property=\"og:url\" content=\"https:\/\/weltlaeden.de\/nierstein\/aktuelles\/archiv-2021-2\/\" \/>\n<meta property=\"og:site_name\" content=\"Weltladen Nierstein\" \/>\n<meta property=\"article:modified_time\" content=\"2023-07-17T19:33:49+00:00\" \/>\n<meta name=\"twitter:card\" content=\"summary_large_image\" \/>\n<meta name=\"twitter:label1\" content=\"Gesch\u00e4tzte Lesezeit\" \/>\n\t<meta name=\"twitter:data1\" content=\"6\u00a0Minuten\" \/>\n<script type=\"application\/ld+json\" class=\"yoast-schema-graph\">{\"@context\":\"https:\/\/schema.org\",\"@graph\":[{\"@type\":\"WebPage\",\"@id\":\"https:\/\/weltlaeden.de\/nierstein\/aktuelles\/archiv-2021-2\/\",\"url\":\"https:\/\/weltlaeden.de\/nierstein\/aktuelles\/archiv-2021-2\/\",\"name\":\"Archiv 2021 - Weltladen Nierstein\",\"isPartOf\":{\"@id\":\"https:\/\/weltlaeden.de\/nierstein\/#website\"},\"datePublished\":\"2021-11-29T22:16:11+00:00\",\"dateModified\":\"2023-07-17T19:33:49+00:00\",\"breadcrumb\":{\"@id\":\"https:\/\/weltlaeden.de\/nierstein\/aktuelles\/archiv-2021-2\/#breadcrumb\"},\"inLanguage\":\"de\",\"potentialAction\":[{\"@type\":\"ReadAction\",\"target\":[\"https:\/\/weltlaeden.de\/nierstein\/aktuelles\/archiv-2021-2\/\"]}]},{\"@type\":\"BreadcrumbList\",\"@id\":\"https:\/\/weltlaeden.de\/nierstein\/aktuelles\/archiv-2021-2\/#breadcrumb\",\"itemListElement\":[{\"@type\":\"ListItem\",\"position\":1,\"name\":\"Startseite\",\"item\":\"https:\/\/weltlaeden.de\/nierstein\/\"},{\"@type\":\"ListItem\",\"position\":2,\"name\":\"Aktuelles\",\"item\":\"https:\/\/weltlaeden.de\/nierstein\/\"},{\"@type\":\"ListItem\",\"position\":3,\"name\":\"Archiv 2021\"}]},{\"@type\":\"WebSite\",\"@id\":\"https:\/\/weltlaeden.de\/nierstein\/#website\",\"url\":\"https:\/\/weltlaeden.de\/nierstein\/\",\"name\":\"Vorlage\",\"description\":\"Faire Produkte seit 1983\",\"potentialAction\":[{\"@type\":\"SearchAction\",\"target\":{\"@type\":\"EntryPoint\",\"urlTemplate\":\"https:\/\/weltlaeden.de\/nierstein\/?s={search_term_string}\"},\"query-input\":{\"@type\":\"PropertyValueSpecification\",\"valueRequired\":true,\"valueName\":\"search_term_string\"}}],\"inLanguage\":\"de\"}]}<\/script>\n<!-- \/ Yoast SEO plugin. -->","yoast_head_json":{"title":"Archiv 2021 - Weltladen Nierstein","robots":{"index":"index","follow":"follow","max-snippet":"max-snippet:-1","max-image-preview":"max-image-preview:large","max-video-preview":"max-video-preview:-1"},"canonical":"https:\/\/weltlaeden.de\/nierstein\/aktuelles\/archiv-2021-2\/","og_locale":"de_DE","og_type":"article","og_title":"Archiv 2021 - Weltladen Nierstein","og_description":"[vc_row][vc_column][vc_empty_space height=&#8220;20px&#8220;][\/vc_column][vc_column][vc_column_text] Unser Archiv 2021 [\/vc_column_text][\/vc_column][\/vc_row][vc_row][vc_column][vc_empty_space height=&#8220;20px&#8220;][\/vc_column][\/vc_row][vc_row][vc_column][vc_column_text] Aktion #fairwertsteuer &#8211; 722 Euro f\u00fcr den Fonds [\/vc_column_text][vc_column_text]7. M\u00e4rz 2021\u00a0 &#8211;\u00a0 Durch den\u00a0 Verzicht auf die Mehrwertsteuersenkung im 2. Halbjahr 2020 haben unsere\u00a0Kund*innen es erm\u00f6glicht, dass wir den Fonds zur Unterst\u00fctzung der von der Corona-Pandemie besonders betroffenen Handelspartner mit 722 Euro unterst\u00fctzen konnten. Vielen Dank f\u00fcr dieses&hellip;","og_url":"https:\/\/weltlaeden.de\/nierstein\/aktuelles\/archiv-2021-2\/","og_site_name":"Weltladen Nierstein","article_modified_time":"2023-07-17T19:33:49+00:00","twitter_card":"summary_large_image","twitter_misc":{"Gesch\u00e4tzte Lesezeit":"6\u00a0Minuten"},"schema":{"@context":"https:\/\/schema.org","@graph":[{"@type":"WebPage","@id":"https:\/\/weltlaeden.de\/nierstein\/aktuelles\/archiv-2021-2\/","url":"https:\/\/weltlaeden.de\/nierstein\/aktuelles\/archiv-2021-2\/","name":"Archiv 2021 - Weltladen Nierstein","isPartOf":{"@id":"https:\/\/weltlaeden.de\/nierstein\/#website"},"datePublished":"2021-11-29T22:16:11+00:00","dateModified":"2023-07-17T19:33:49+00:00","breadcrumb":{"@id":"https:\/\/weltlaeden.de\/nierstein\/aktuelles\/archiv-2021-2\/#breadcrumb"},"inLanguage":"de","potentialAction":[{"@type":"ReadAction","target":["https:\/\/weltlaeden.de\/nierstein\/aktuelles\/archiv-2021-2\/"]}]},{"@type":"BreadcrumbList","@id":"https:\/\/weltlaeden.de\/nierstein\/aktuelles\/archiv-2021-2\/#breadcrumb","itemListElement":[{"@type":"ListItem","position":1,"name":"Startseite","item":"https:\/\/weltlaeden.de\/nierstein\/"},{"@type":"ListItem","position":2,"name":"Aktuelles","item":"https:\/\/weltlaeden.de\/nierstein\/"},{"@type":"ListItem","position":3,"name":"Archiv 2021"}]},{"@type":"WebSite","@id":"https:\/\/weltlaeden.de\/nierstein\/#website","url":"https:\/\/weltlaeden.de\/nierstein\/","name":"Vorlage","description":"Faire Produkte seit 1983","potentialAction":[{"@type":"SearchAction","target":{"@type":"EntryPoint","urlTemplate":"https:\/\/weltlaeden.de\/nierstein\/?s={search_term_string}"},"query-input":{"@type":"PropertyValueSpecification","valueRequired":true,"valueName":"search_term_string"}}],"inLanguage":"de"}]}},"_links":{"self":[{"href":"https:\/\/weltlaeden.de\/nierstein\/wp-json\/wp\/v2\/pages\/1782","targetHints":{"allow":["GET"]}}],"collection":[{"href":"https:\/\/weltlaeden.de\/nierstein\/wp-json\/wp\/v2\/pages"}],"about":[{"href":"https:\/\/weltlaeden.de\/nierstein\/wp-json\/wp\/v2\/types\/page"}],"author":[{"embeddable":true,"href":"https:\/\/weltlaeden.de\/nierstein\/wp-json\/wp\/v2\/users\/89"}],"replies":[{"embeddable":true,"href":"https:\/\/weltlaeden.de\/nierstein\/wp-json\/wp\/v2\/comments?post=1782"}],"version-history":[{"count":40,"href":"https:\/\/weltlaeden.de\/nierstein\/wp-json\/wp\/v2\/pages\/1782\/revisions"}],"predecessor-version":[{"id":1974,"href":"https:\/\/weltlaeden.de\/nierstein\/wp-json\/wp\/v2\/pages\/1782\/revisions\/1974"}],"up":[{"embeddable":true,"href":"https:\/\/weltlaeden.de\/nierstein\/wp-json\/wp\/v2\/pages\/361"}],"wp:attachment":[{"href":"https:\/\/weltlaeden.de\/nierstein\/wp-json\/wp\/v2\/media?parent=1782"}],"curies":[{"name":"wp","href":"https:\/\/api.w.org\/{rel}","templated":true}]}}