{"id":1187,"date":"2020-02-19T11:44:04","date_gmt":"2020-02-19T10:44:04","guid":{"rendered":"https:\/\/weltlaeden.de\/nierstein\/?page_id=1187"},"modified":"2023-07-17T21:33:50","modified_gmt":"2023-07-17T19:33:50","slug":"definition-fairer-handel-neu","status":"publish","type":"page","link":"https:\/\/weltlaeden.de\/nierstein\/fairer-handel\/definition-fairer-handel-neu\/","title":{"rendered":"Definition und aktuelle Zahlen"},"content":{"rendered":"<div class=\"wpb-content-wrapper\"><p>[vc_row][vc_column]<div class=\"wl_einzelbild\"><p><\/p><\/div>[vc_column_text]<\/p>\n<h1><span style=\"color: #000000\">Fairer Handel ist &#8230;<\/span><\/h1>\n<p>[\/vc_column_text][\/vc_column][\/vc_row][vc_row][vc_column][vc_column_text]\u201e\u2026\u00a0 eine Handelspartnerschaft, die auf Dialog, Transparenz und Respekt beruht und nach mehr Gerechtigkeit im internationalen Handel strebt. Durch bessere Handelsbedingungen und die Sicherung sozialer Rechte f\u00fcr benachteiligte Produzent*innen und Arbeiter*innen \u2013 insbesondere in den L\u00e4ndern des S\u00fcdens \u2013 leistet der Faire Handel einen Beitrag zu nachhaltiger Entwicklung. Fair-Handels-Organisationen engagieren sich \u2013 gemeinsam mit Verbraucher*innen \u2013 f\u00fcr die Unterst\u00fctzung der Produzent*innen, die Bewusstseinsbildung sowie die Kampagnenarbeit zur Ver\u00e4nderung der Regeln und der Praxis des konventionellen Welthandels.\u201c (International abgestimmte Definition des Fairen Handels)<\/p>\n<p>Aktuelle Zahlen:\u00a0 <a href=\"https:\/\/www.forum-fairer-handel.de\/fileadmin\/user_upload\/Dateien\/Publikationen_FFH\/2021_auf-einen-blick_aktuelle-entwicklungen-im-fh.pdf\" target=\"_blank\" rel=\"noopener\">Forum Fairer Handel Daten 2021<\/a>[\/vc_column_text][\/vc_column][\/vc_row][vc_row][vc_column][vc_empty_space][\/vc_column][\/vc_row][vc_row][vc_column]<div class=\"wl_einzelbild\"><p><\/p><\/div>[vc_column_text]<\/p>\n<h1><span style=\"color: #000000\">Gemeinsam f\u00fcr mehr Gerechtigkeit<\/span><\/h1>\n<p>[\/vc_column_text][\/vc_column][\/vc_row][vc_row][vc_column][vc_column_text]Seit \u00fcber 40 Jahren setzt sich der Faire Handel daf\u00fcr ein, die Lebens- und Arbeitsbedingungen f\u00fcr Menschen am Anfang der Lieferkette zu verbessern. Er macht auf Ungerechtigkeiten im Welthandel aufmerksam und zeigt, wie Handel unter Ber\u00fccksichtigung sozialer und \u00f6kologischer Kriterien erfolgreich sein kann. Auf der politischen Ebene setzt er sich konsequent daf\u00fcr ein, dass die Regeln des Welthandels gerechter gestaltet werden. Mehr als 100.000 Menschen engagieren sich f\u00fcr den Fairen Handel und machen ihn somit zur gr\u00f6\u00dften entwicklungspolitischen Bewegung in Deutschland.<\/p>\n<p>Weltweit sind \u00fcber 400 Akteure des Fairen Handels aus ca. 80 L\u00e4ndern in der World Fair Trade Organization (WFTO) zusammengeschlossen: Produzentengruppen, Vermarktungsorganisation, Importeure und Weltladen-Verb\u00e4nde. Sie handeln nach den WFTO-Standards und werden gem\u00e4\u00df den zehn Prinzipien des Fairen Handels \u00fcberpr\u00fcft.[\/vc_column_text][\/vc_column][\/vc_row]<\/p>\n<\/div>","protected":false},"excerpt":{"rendered":"<p>[vc_row][vc_column][vc_column_text] Fairer Handel ist &#8230; [\/vc_column_text][\/vc_column][\/vc_row][vc_row][vc_column][vc_column_text]\u201e\u2026\u00a0 eine Handelspartnerschaft, die auf Dialog, Transparenz und Respekt beruht und nach mehr Gerechtigkeit im internationalen Handel strebt. Durch bessere Handelsbedingungen und die Sicherung sozialer Rechte f\u00fcr benachteiligte Produzent*innen und Arbeiter*innen \u2013 insbesondere in den L\u00e4ndern des S\u00fcdens \u2013 leistet der Faire Handel einen Beitrag zu nachhaltiger Entwicklung. Fair-Handels-Organisationen engagieren&hellip;<\/p>\n","protected":false},"author":89,"featured_media":0,"parent":218,"menu_order":2,"comment_status":"closed","ping_status":"closed","template":"","meta":{"footnotes":""},"class_list":["post-1187","page","type-page","status-publish","hentry","description-off"],"yoast_head":"<!-- This site is optimized with the Yoast SEO plugin v26.8 - https:\/\/yoast.com\/product\/yoast-seo-wordpress\/ -->\n<title>Definition und aktuelle Zahlen - Weltladen Nierstein<\/title>\n<meta name=\"robots\" content=\"index, follow, max-snippet:-1, max-image-preview:large, max-video-preview:-1\" \/>\n<link rel=\"canonical\" href=\"https:\/\/weltlaeden.de\/nierstein\/fairer-handel\/definition-fairer-handel-neu\/\" \/>\n<meta property=\"og:locale\" content=\"de_DE\" \/>\n<meta property=\"og:type\" content=\"article\" \/>\n<meta property=\"og:title\" content=\"Definition und aktuelle Zahlen - Weltladen Nierstein\" \/>\n<meta property=\"og:description\" content=\"[vc_row][vc_column][vc_column_text] Fairer Handel ist &#8230; [\/vc_column_text][\/vc_column][\/vc_row][vc_row][vc_column][vc_column_text]\u201e\u2026\u00a0 eine Handelspartnerschaft, die auf Dialog, Transparenz und Respekt beruht und nach mehr Gerechtigkeit im internationalen Handel strebt. Durch bessere Handelsbedingungen und die Sicherung sozialer Rechte f\u00fcr benachteiligte Produzent*innen und Arbeiter*innen \u2013 insbesondere in den L\u00e4ndern des S\u00fcdens \u2013 leistet der Faire Handel einen Beitrag zu nachhaltiger Entwicklung. Fair-Handels-Organisationen engagieren&hellip;\" \/>\n<meta property=\"og:url\" content=\"https:\/\/weltlaeden.de\/nierstein\/fairer-handel\/definition-fairer-handel-neu\/\" \/>\n<meta property=\"og:site_name\" content=\"Weltladen Nierstein\" \/>\n<meta property=\"article:modified_time\" content=\"2023-07-17T19:33:50+00:00\" \/>\n<meta name=\"twitter:card\" content=\"summary_large_image\" \/>\n<meta name=\"twitter:label1\" content=\"Gesch\u00e4tzte Lesezeit\" \/>\n\t<meta name=\"twitter:data1\" content=\"1\u00a0Minute\" \/>\n<script type=\"application\/ld+json\" class=\"yoast-schema-graph\">{\"@context\":\"https:\/\/schema.org\",\"@graph\":[{\"@type\":\"WebPage\",\"@id\":\"https:\/\/weltlaeden.de\/nierstein\/fairer-handel\/definition-fairer-handel-neu\/\",\"url\":\"https:\/\/weltlaeden.de\/nierstein\/fairer-handel\/definition-fairer-handel-neu\/\",\"name\":\"Definition und aktuelle Zahlen - Weltladen Nierstein\",\"isPartOf\":{\"@id\":\"https:\/\/weltlaeden.de\/nierstein\/#website\"},\"datePublished\":\"2020-02-19T10:44:04+00:00\",\"dateModified\":\"2023-07-17T19:33:50+00:00\",\"breadcrumb\":{\"@id\":\"https:\/\/weltlaeden.de\/nierstein\/fairer-handel\/definition-fairer-handel-neu\/#breadcrumb\"},\"inLanguage\":\"de\",\"potentialAction\":[{\"@type\":\"ReadAction\",\"target\":[\"https:\/\/weltlaeden.de\/nierstein\/fairer-handel\/definition-fairer-handel-neu\/\"]}]},{\"@type\":\"BreadcrumbList\",\"@id\":\"https:\/\/weltlaeden.de\/nierstein\/fairer-handel\/definition-fairer-handel-neu\/#breadcrumb\",\"itemListElement\":[{\"@type\":\"ListItem\",\"position\":1,\"name\":\"Startseite\",\"item\":\"https:\/\/weltlaeden.de\/nierstein\/\"},{\"@type\":\"ListItem\",\"position\":2,\"name\":\"Fairer Handel\",\"item\":\"https:\/\/weltlaeden.de\/nierstein\/fairer-handel\/\"},{\"@type\":\"ListItem\",\"position\":3,\"name\":\"Definition und aktuelle Zahlen\"}]},{\"@type\":\"WebSite\",\"@id\":\"https:\/\/weltlaeden.de\/nierstein\/#website\",\"url\":\"https:\/\/weltlaeden.de\/nierstein\/\",\"name\":\"Vorlage\",\"description\":\"Faire Produkte seit 1983\",\"potentialAction\":[{\"@type\":\"SearchAction\",\"target\":{\"@type\":\"EntryPoint\",\"urlTemplate\":\"https:\/\/weltlaeden.de\/nierstein\/?s={search_term_string}\"},\"query-input\":{\"@type\":\"PropertyValueSpecification\",\"valueRequired\":true,\"valueName\":\"search_term_string\"}}],\"inLanguage\":\"de\"}]}<\/script>\n<!-- \/ Yoast SEO plugin. -->","yoast_head_json":{"title":"Definition und aktuelle Zahlen - Weltladen Nierstein","robots":{"index":"index","follow":"follow","max-snippet":"max-snippet:-1","max-image-preview":"max-image-preview:large","max-video-preview":"max-video-preview:-1"},"canonical":"https:\/\/weltlaeden.de\/nierstein\/fairer-handel\/definition-fairer-handel-neu\/","og_locale":"de_DE","og_type":"article","og_title":"Definition und aktuelle Zahlen - Weltladen Nierstein","og_description":"[vc_row][vc_column][vc_column_text] Fairer Handel ist &#8230; [\/vc_column_text][\/vc_column][\/vc_row][vc_row][vc_column][vc_column_text]\u201e\u2026\u00a0 eine Handelspartnerschaft, die auf Dialog, Transparenz und Respekt beruht und nach mehr Gerechtigkeit im internationalen Handel strebt. Durch bessere Handelsbedingungen und die Sicherung sozialer Rechte f\u00fcr benachteiligte Produzent*innen und Arbeiter*innen \u2013 insbesondere in den L\u00e4ndern des S\u00fcdens \u2013 leistet der Faire Handel einen Beitrag zu nachhaltiger Entwicklung. Fair-Handels-Organisationen engagieren&hellip;","og_url":"https:\/\/weltlaeden.de\/nierstein\/fairer-handel\/definition-fairer-handel-neu\/","og_site_name":"Weltladen Nierstein","article_modified_time":"2023-07-17T19:33:50+00:00","twitter_card":"summary_large_image","twitter_misc":{"Gesch\u00e4tzte Lesezeit":"1\u00a0Minute"},"schema":{"@context":"https:\/\/schema.org","@graph":[{"@type":"WebPage","@id":"https:\/\/weltlaeden.de\/nierstein\/fairer-handel\/definition-fairer-handel-neu\/","url":"https:\/\/weltlaeden.de\/nierstein\/fairer-handel\/definition-fairer-handel-neu\/","name":"Definition und aktuelle Zahlen - Weltladen Nierstein","isPartOf":{"@id":"https:\/\/weltlaeden.de\/nierstein\/#website"},"datePublished":"2020-02-19T10:44:04+00:00","dateModified":"2023-07-17T19:33:50+00:00","breadcrumb":{"@id":"https:\/\/weltlaeden.de\/nierstein\/fairer-handel\/definition-fairer-handel-neu\/#breadcrumb"},"inLanguage":"de","potentialAction":[{"@type":"ReadAction","target":["https:\/\/weltlaeden.de\/nierstein\/fairer-handel\/definition-fairer-handel-neu\/"]}]},{"@type":"BreadcrumbList","@id":"https:\/\/weltlaeden.de\/nierstein\/fairer-handel\/definition-fairer-handel-neu\/#breadcrumb","itemListElement":[{"@type":"ListItem","position":1,"name":"Startseite","item":"https:\/\/weltlaeden.de\/nierstein\/"},{"@type":"ListItem","position":2,"name":"Fairer Handel","item":"https:\/\/weltlaeden.de\/nierstein\/fairer-handel\/"},{"@type":"ListItem","position":3,"name":"Definition und aktuelle Zahlen"}]},{"@type":"WebSite","@id":"https:\/\/weltlaeden.de\/nierstein\/#website","url":"https:\/\/weltlaeden.de\/nierstein\/","name":"Vorlage","description":"Faire Produkte seit 1983","potentialAction":[{"@type":"SearchAction","target":{"@type":"EntryPoint","urlTemplate":"https:\/\/weltlaeden.de\/nierstein\/?s={search_term_string}"},"query-input":{"@type":"PropertyValueSpecification","valueRequired":true,"valueName":"search_term_string"}}],"inLanguage":"de"}]}},"_links":{"self":[{"href":"https:\/\/weltlaeden.de\/nierstein\/wp-json\/wp\/v2\/pages\/1187","targetHints":{"allow":["GET"]}}],"collection":[{"href":"https:\/\/weltlaeden.de\/nierstein\/wp-json\/wp\/v2\/pages"}],"about":[{"href":"https:\/\/weltlaeden.de\/nierstein\/wp-json\/wp\/v2\/types\/page"}],"author":[{"embeddable":true,"href":"https:\/\/weltlaeden.de\/nierstein\/wp-json\/wp\/v2\/users\/89"}],"replies":[{"embeddable":true,"href":"https:\/\/weltlaeden.de\/nierstein\/wp-json\/wp\/v2\/comments?post=1187"}],"version-history":[{"count":9,"href":"https:\/\/weltlaeden.de\/nierstein\/wp-json\/wp\/v2\/pages\/1187\/revisions"}],"predecessor-version":[{"id":1767,"href":"https:\/\/weltlaeden.de\/nierstein\/wp-json\/wp\/v2\/pages\/1187\/revisions\/1767"}],"up":[{"embeddable":true,"href":"https:\/\/weltlaeden.de\/nierstein\/wp-json\/wp\/v2\/pages\/218"}],"wp:attachment":[{"href":"https:\/\/weltlaeden.de\/nierstein\/wp-json\/wp\/v2\/media?parent=1187"}],"curies":[{"name":"wp","href":"https:\/\/api.w.org\/{rel}","templated":true}]}}