{"id":747,"date":"2021-12-12T13:40:24","date_gmt":"2021-12-12T12:40:24","guid":{"rendered":"https:\/\/weltlaeden.de\/neustadt-weinstrasse\/produkte\/lieferanten\/"},"modified":"2025-05-01T22:08:07","modified_gmt":"2025-05-01T20:08:07","slug":"lieferanten","status":"publish","type":"page","link":"https:\/\/weltlaeden.de\/neustadt-weinstrasse\/produkte\/lieferanten\/","title":{"rendered":"Lieferanten"},"content":{"rendered":"<h1>Unsere Hauptlieferanten<\/h1>\n<p>&#8211; GEPA (<a href=\"https:\/\/www.gepa.de\/gepa\/mission\/gepa-kriterien.html\">https:\/\/www.gepa.de\/gepa\/mission\/gepa-kriterien.html)<\/a><\/p>\n<p><img loading=\"lazy\" decoding=\"async\" class=\"alignnone size-full wp-image-557\" src=\"https:\/\/weltlaeden.de\/neustadt-weinstrasse\/wp-content\/uploads\/sites\/31\/2018\/09\/Gepa-Logo.png\" alt=\"\" width=\"112\" height=\"113\" \/><br \/>\n&#8211; El Puente (<a href=\"https:\/\/www.el-puente.de\/fairer-handel\/fairer-handel-bei-el-puente\/\">https:\/\/www.el-puente.de\/fairer-handel\/fairer-handel-bei-el-puente\/)<\/a><\/p>\n<p><img loading=\"lazy\" decoding=\"async\" class=\"alignnone size-full wp-image-553\" src=\"https:\/\/weltlaeden.de\/neustadt-weinstrasse\/wp-content\/uploads\/sites\/31\/2018\/09\/225px-Logo_El_Puente-e1537628945408.jpg\" alt=\"\" width=\"150\" height=\"126\" \/><\/p>\n<p>&#8211; dwp (<a href=\"https:\/\/www.weltpartner.de\/cm\/index.php?menuid=34\">https:\/\/www.weltpartner.de\/cm\/index.php?menuid=34)<\/a><\/p>\n<p><img loading=\"lazy\" decoding=\"async\" class=\"alignnone size-full wp-image-556\" src=\"https:\/\/weltlaeden.de\/neustadt-weinstrasse\/wp-content\/uploads\/sites\/31\/2018\/09\/dwp-logo.jpg\" alt=\"\" width=\"120\" height=\"75\" \/><\/p>\n<p>&nbsp;<\/p>\n<p>Daneben bieten wir auch Einiges von kleinen aber feinen Importeuren an:<\/p>\n<p># Pakilia &#8211; Silberschmuck aus Mexiko<\/p>\n<p><a href=\"https:\/\/www.pakilia.com\/startseite\/\">https:\/\/www.pakilia.com\/startseite\/<\/a><\/p>\n<p># Filigrana &#8211; Silberschmuck aus Paraguay<\/p>\n<p><a href=\"https:\/\/www.filigrana-schmuck.de\/\">https:\/\/www.filigrana-schmuck.de\/<\/a><\/p>\n<p># Suntoy: Sonnengl\u00e4ser aus einem Township in S\u00fcdafrika<\/p>\n<p><a href=\"https:\/\/weltlaeden.de\/neustadt-weinstrasse\/produkte\/lieferanten\/handelspartner-portrait-sonnenglas\/\" target=\"_blank\" rel=\"noopener\">Handelspartner-Portrait<\/a><br \/>\n<a href=\"http:\/\/www.sonnenglas.net\" target=\"_blank\" rel=\"noopener\">www.sonnenglas.net<\/a>, <a href=\"http:\/\/www.suntoy.co.za\" target=\"_blank\" rel=\"noopener\">www.suntoy.co.za<\/a><\/p>\n<p># Nepalaya &#8211; vielf\u00e4ltige Filzsachen (Eierw\u00e4rmer, Untersetzer etc.)<\/p>\n<p><a href=\"https:\/\/www.fairtree.de\/\">https:\/\/www.fairtree.de\/<\/a><\/p>\n<p># Chotanagpur &#8211; Ledertaschen, Geldbeutel aus Indien<\/p>\n<p><a href=\"https:\/\/www.chotanagpurgruppe.de\" target=\"_blank\" rel=\"noopener\">https:\/\/www.chotanagpurgruppe.de<\/a><\/p>\n<blockquote class=\"wp-embedded-content\" data-secret=\"pju0xGoZub\"><p><a href=\"https:\/\/www.chotanagpurgruppe.de\/\">Home<\/a><\/p><\/blockquote>\n<p><iframe loading=\"lazy\" class=\"wp-embedded-content\" sandbox=\"allow-scripts\" security=\"restricted\" style=\"position: absolute; visibility: hidden;\" title=\"&#8222;Home&#8220; &#8212; Chotanagpurgruppe\" src=\"https:\/\/www.chotanagpurgruppe.de\/?embed=true#?secret=HzS8CXEDDL#?secret=pju0xGoZub\" data-secret=\"pju0xGoZub\" width=\"600\" height=\"338\" frameborder=\"0\" marginwidth=\"0\" marginheight=\"0\" scrolling=\"no\"><\/iframe><\/p>\n<p># Globo &#8211; Metallgegenst\u00e4nde, Kerzen u.a<\/p>\n<p>.<a href=\"https:\/\/www.globo-fairtrade.com\/\">https:\/\/www.globo-fairtrade.com\/<\/a><\/p>\n<p style=\"padding-left: 30px\"><img loading=\"lazy\" decoding=\"async\" class=\"alignnone wp-image-703\" src=\"https:\/\/weltlaeden.de\/neustadt-weinstrasse\/wp-content\/uploads\/sites\/31\/2021\/05\/globo_logo-150x150.jpg\" alt=\"\" width=\"130\" height=\"130\" srcset=\"https:\/\/weltlaeden.de\/neustadt-weinstrasse\/wp-content\/uploads\/sites\/31\/2021\/05\/globo_logo-150x150.jpg 150w, https:\/\/weltlaeden.de\/neustadt-weinstrasse\/wp-content\/uploads\/sites\/31\/2021\/05\/globo_logo-300x300.jpg 300w, https:\/\/weltlaeden.de\/neustadt-weinstrasse\/wp-content\/uploads\/sites\/31\/2021\/05\/globo_logo.jpg 400w\" sizes=\"auto, (max-width: 130px) 100vw, 130px\" \/><\/p>\n<p># UNICEF &#8211; sch\u00f6ne Gru\u00dfkarten<\/p>\n<hr \/>\n<p>&nbsp;<\/p>\n<ul style=\"list-style-type: square\">\n<li><strong>Unsere Kunden haben die M\u00f6glichkeit, aus den Katalogen der Importeure einzelne Artikel gegen Vorkasse zu bestellen.<\/strong><\/li>\n<li><strong>Zum Verschenken bieten wir Gutscheine mit frei w\u00e4hlbaren Betr\u00e4gen an.<\/strong><\/li>\n<\/ul>\n","protected":false},"excerpt":{"rendered":"<p>Unsere Hauptlieferanten &#8211; GEPA (https:\/\/www.gepa.de\/gepa\/mission\/gepa-kriterien.html) &#8211; El Puente (https:\/\/www.el-puente.de\/fairer-handel\/fairer-handel-bei-el-puente\/) &#8211; dwp (https:\/\/www.weltpartner.de\/cm\/index.php?menuid=34) &nbsp; Daneben bieten wir auch Einiges von kleinen aber feinen Importeuren an: # Pakilia &#8211; Silberschmuck aus Mexiko https:\/\/www.pakilia.com\/startseite\/ # Filigrana &#8211; Silberschmuck aus Paraguay https:\/\/www.filigrana-schmuck.de\/ # Suntoy: Sonnengl\u00e4ser aus einem Township in S\u00fcdafrika Handelspartner-Portrait www.sonnenglas.net, www.suntoy.co.za # Nepalaya &#8211; vielf\u00e4ltige Filzsachen (Eierw\u00e4rmer,&hellip;<\/p>\n","protected":false},"author":53,"featured_media":0,"parent":217,"menu_order":9,"comment_status":"closed","ping_status":"closed","template":"","meta":{"footnotes":""},"class_list":["post-747","page","type-page","status-publish","hentry","description-off"],"yoast_head":"<!-- This site is optimized with the Yoast SEO plugin v26.8 - https:\/\/yoast.com\/product\/yoast-seo-wordpress\/ -->\n<title>Lieferanten - Weltladen Neustadt\/Weinstrasse<\/title>\n<meta name=\"robots\" content=\"index, follow, max-snippet:-1, max-image-preview:large, max-video-preview:-1\" \/>\n<link rel=\"canonical\" href=\"https:\/\/weltlaeden.de\/neustadt-weinstrasse\/produkte\/lieferanten\/\" \/>\n<meta property=\"og:locale\" content=\"de_DE\" \/>\n<meta property=\"og:type\" content=\"article\" \/>\n<meta property=\"og:title\" content=\"Lieferanten - Weltladen Neustadt\/Weinstrasse\" \/>\n<meta property=\"og:description\" content=\"Unsere Hauptlieferanten &#8211; GEPA (https:\/\/www.gepa.de\/gepa\/mission\/gepa-kriterien.html) &#8211; El Puente (https:\/\/www.el-puente.de\/fairer-handel\/fairer-handel-bei-el-puente\/) &#8211; dwp (https:\/\/www.weltpartner.de\/cm\/index.php?menuid=34) &nbsp; Daneben bieten wir auch Einiges von kleinen aber feinen Importeuren an: # Pakilia &#8211; Silberschmuck aus Mexiko https:\/\/www.pakilia.com\/startseite\/ # Filigrana &#8211; Silberschmuck aus Paraguay https:\/\/www.filigrana-schmuck.de\/ # Suntoy: Sonnengl\u00e4ser aus einem Township in S\u00fcdafrika Handelspartner-Portrait www.sonnenglas.net, www.suntoy.co.za # Nepalaya &#8211; vielf\u00e4ltige Filzsachen (Eierw\u00e4rmer,&hellip;\" \/>\n<meta property=\"og:url\" content=\"https:\/\/weltlaeden.de\/neustadt-weinstrasse\/produkte\/lieferanten\/\" \/>\n<meta property=\"og:site_name\" content=\"Weltladen Neustadt\/Weinstrasse\" \/>\n<meta property=\"article:modified_time\" content=\"2025-05-01T20:08:07+00:00\" \/>\n<meta property=\"og:image\" content=\"https:\/\/weltlaeden.de\/neustadt-weinstrasse\/wp-content\/uploads\/sites\/31\/2018\/09\/Gepa-Logo.png\" \/>\n\t<meta property=\"og:image:width\" content=\"112\" \/>\n\t<meta property=\"og:image:height\" content=\"113\" \/>\n\t<meta property=\"og:image:type\" content=\"image\/png\" \/>\n<meta name=\"twitter:card\" content=\"summary_large_image\" \/>\n<meta name=\"twitter:label1\" content=\"Gesch\u00e4tzte Lesezeit\" \/>\n\t<meta name=\"twitter:data1\" content=\"1\u00a0Minute\" \/>\n<script type=\"application\/ld+json\" class=\"yoast-schema-graph\">{\"@context\":\"https:\/\/schema.org\",\"@graph\":[{\"@type\":\"WebPage\",\"@id\":\"https:\/\/weltlaeden.de\/neustadt-weinstrasse\/produkte\/lieferanten\/\",\"url\":\"https:\/\/weltlaeden.de\/neustadt-weinstrasse\/produkte\/lieferanten\/\",\"name\":\"Lieferanten - Weltladen Neustadt\/Weinstrasse\",\"isPartOf\":{\"@id\":\"https:\/\/weltlaeden.de\/neustadt-weinstrasse\/#website\"},\"primaryImageOfPage\":{\"@id\":\"https:\/\/weltlaeden.de\/neustadt-weinstrasse\/produkte\/lieferanten\/#primaryimage\"},\"image\":{\"@id\":\"https:\/\/weltlaeden.de\/neustadt-weinstrasse\/produkte\/lieferanten\/#primaryimage\"},\"thumbnailUrl\":\"https:\/\/weltlaeden.de\/neustadt-weinstrasse\/wp-content\/uploads\/sites\/31\/2018\/09\/Gepa-Logo.png\",\"datePublished\":\"2021-12-12T12:40:24+00:00\",\"dateModified\":\"2025-05-01T20:08:07+00:00\",\"breadcrumb\":{\"@id\":\"https:\/\/weltlaeden.de\/neustadt-weinstrasse\/produkte\/lieferanten\/#breadcrumb\"},\"inLanguage\":\"de\",\"potentialAction\":[{\"@type\":\"ReadAction\",\"target\":[\"https:\/\/weltlaeden.de\/neustadt-weinstrasse\/produkte\/lieferanten\/\"]}]},{\"@type\":\"ImageObject\",\"inLanguage\":\"de\",\"@id\":\"https:\/\/weltlaeden.de\/neustadt-weinstrasse\/produkte\/lieferanten\/#primaryimage\",\"url\":\"https:\/\/weltlaeden.de\/neustadt-weinstrasse\/wp-content\/uploads\/sites\/31\/2018\/09\/Gepa-Logo.png\",\"contentUrl\":\"https:\/\/weltlaeden.de\/neustadt-weinstrasse\/wp-content\/uploads\/sites\/31\/2018\/09\/Gepa-Logo.png\",\"width\":112,\"height\":113},{\"@type\":\"BreadcrumbList\",\"@id\":\"https:\/\/weltlaeden.de\/neustadt-weinstrasse\/produkte\/lieferanten\/#breadcrumb\",\"itemListElement\":[{\"@type\":\"ListItem\",\"position\":1,\"name\":\"Startseite\",\"item\":\"https:\/\/weltlaeden.de\/neustadt-weinstrasse\/\"},{\"@type\":\"ListItem\",\"position\":2,\"name\":\"Produkte\",\"item\":\"https:\/\/weltlaeden.de\/neustadt-weinstrasse\/produkte\/\"},{\"@type\":\"ListItem\",\"position\":3,\"name\":\"Lieferanten\"}]},{\"@type\":\"WebSite\",\"@id\":\"https:\/\/weltlaeden.de\/neustadt-weinstrasse\/#website\",\"url\":\"https:\/\/weltlaeden.de\/neustadt-weinstrasse\/\",\"name\":\"Weltladen Neustadt\/Weinstrasse\",\"description\":\"Faire Produkte seit 1990\",\"potentialAction\":[{\"@type\":\"SearchAction\",\"target\":{\"@type\":\"EntryPoint\",\"urlTemplate\":\"https:\/\/weltlaeden.de\/neustadt-weinstrasse\/?s={search_term_string}\"},\"query-input\":{\"@type\":\"PropertyValueSpecification\",\"valueRequired\":true,\"valueName\":\"search_term_string\"}}],\"inLanguage\":\"de\"}]}<\/script>\n<!-- \/ Yoast SEO plugin. -->","yoast_head_json":{"title":"Lieferanten - Weltladen Neustadt\/Weinstrasse","robots":{"index":"index","follow":"follow","max-snippet":"max-snippet:-1","max-image-preview":"max-image-preview:large","max-video-preview":"max-video-preview:-1"},"canonical":"https:\/\/weltlaeden.de\/neustadt-weinstrasse\/produkte\/lieferanten\/","og_locale":"de_DE","og_type":"article","og_title":"Lieferanten - Weltladen Neustadt\/Weinstrasse","og_description":"Unsere Hauptlieferanten &#8211; GEPA (https:\/\/www.gepa.de\/gepa\/mission\/gepa-kriterien.html) &#8211; El Puente (https:\/\/www.el-puente.de\/fairer-handel\/fairer-handel-bei-el-puente\/) &#8211; dwp (https:\/\/www.weltpartner.de\/cm\/index.php?menuid=34) &nbsp; Daneben bieten wir auch Einiges von kleinen aber feinen Importeuren an: # Pakilia &#8211; Silberschmuck aus Mexiko https:\/\/www.pakilia.com\/startseite\/ # Filigrana &#8211; Silberschmuck aus Paraguay https:\/\/www.filigrana-schmuck.de\/ # Suntoy: Sonnengl\u00e4ser aus einem Township in S\u00fcdafrika Handelspartner-Portrait www.sonnenglas.net, www.suntoy.co.za # Nepalaya &#8211; vielf\u00e4ltige Filzsachen (Eierw\u00e4rmer,&hellip;","og_url":"https:\/\/weltlaeden.de\/neustadt-weinstrasse\/produkte\/lieferanten\/","og_site_name":"Weltladen Neustadt\/Weinstrasse","article_modified_time":"2025-05-01T20:08:07+00:00","og_image":[{"width":112,"height":113,"url":"https:\/\/weltlaeden.de\/neustadt-weinstrasse\/wp-content\/uploads\/sites\/31\/2018\/09\/Gepa-Logo.png","type":"image\/png"}],"twitter_card":"summary_large_image","twitter_misc":{"Gesch\u00e4tzte Lesezeit":"1\u00a0Minute"},"schema":{"@context":"https:\/\/schema.org","@graph":[{"@type":"WebPage","@id":"https:\/\/weltlaeden.de\/neustadt-weinstrasse\/produkte\/lieferanten\/","url":"https:\/\/weltlaeden.de\/neustadt-weinstrasse\/produkte\/lieferanten\/","name":"Lieferanten - Weltladen Neustadt\/Weinstrasse","isPartOf":{"@id":"https:\/\/weltlaeden.de\/neustadt-weinstrasse\/#website"},"primaryImageOfPage":{"@id":"https:\/\/weltlaeden.de\/neustadt-weinstrasse\/produkte\/lieferanten\/#primaryimage"},"image":{"@id":"https:\/\/weltlaeden.de\/neustadt-weinstrasse\/produkte\/lieferanten\/#primaryimage"},"thumbnailUrl":"https:\/\/weltlaeden.de\/neustadt-weinstrasse\/wp-content\/uploads\/sites\/31\/2018\/09\/Gepa-Logo.png","datePublished":"2021-12-12T12:40:24+00:00","dateModified":"2025-05-01T20:08:07+00:00","breadcrumb":{"@id":"https:\/\/weltlaeden.de\/neustadt-weinstrasse\/produkte\/lieferanten\/#breadcrumb"},"inLanguage":"de","potentialAction":[{"@type":"ReadAction","target":["https:\/\/weltlaeden.de\/neustadt-weinstrasse\/produkte\/lieferanten\/"]}]},{"@type":"ImageObject","inLanguage":"de","@id":"https:\/\/weltlaeden.de\/neustadt-weinstrasse\/produkte\/lieferanten\/#primaryimage","url":"https:\/\/weltlaeden.de\/neustadt-weinstrasse\/wp-content\/uploads\/sites\/31\/2018\/09\/Gepa-Logo.png","contentUrl":"https:\/\/weltlaeden.de\/neustadt-weinstrasse\/wp-content\/uploads\/sites\/31\/2018\/09\/Gepa-Logo.png","width":112,"height":113},{"@type":"BreadcrumbList","@id":"https:\/\/weltlaeden.de\/neustadt-weinstrasse\/produkte\/lieferanten\/#breadcrumb","itemListElement":[{"@type":"ListItem","position":1,"name":"Startseite","item":"https:\/\/weltlaeden.de\/neustadt-weinstrasse\/"},{"@type":"ListItem","position":2,"name":"Produkte","item":"https:\/\/weltlaeden.de\/neustadt-weinstrasse\/produkte\/"},{"@type":"ListItem","position":3,"name":"Lieferanten"}]},{"@type":"WebSite","@id":"https:\/\/weltlaeden.de\/neustadt-weinstrasse\/#website","url":"https:\/\/weltlaeden.de\/neustadt-weinstrasse\/","name":"Weltladen Neustadt\/Weinstrasse","description":"Faire Produkte seit 1990","potentialAction":[{"@type":"SearchAction","target":{"@type":"EntryPoint","urlTemplate":"https:\/\/weltlaeden.de\/neustadt-weinstrasse\/?s={search_term_string}"},"query-input":{"@type":"PropertyValueSpecification","valueRequired":true,"valueName":"search_term_string"}}],"inLanguage":"de"}]}},"_links":{"self":[{"href":"https:\/\/weltlaeden.de\/neustadt-weinstrasse\/wp-json\/wp\/v2\/pages\/747","targetHints":{"allow":["GET"]}}],"collection":[{"href":"https:\/\/weltlaeden.de\/neustadt-weinstrasse\/wp-json\/wp\/v2\/pages"}],"about":[{"href":"https:\/\/weltlaeden.de\/neustadt-weinstrasse\/wp-json\/wp\/v2\/types\/page"}],"author":[{"embeddable":true,"href":"https:\/\/weltlaeden.de\/neustadt-weinstrasse\/wp-json\/wp\/v2\/users\/53"}],"replies":[{"embeddable":true,"href":"https:\/\/weltlaeden.de\/neustadt-weinstrasse\/wp-json\/wp\/v2\/comments?post=747"}],"version-history":[{"count":20,"href":"https:\/\/weltlaeden.de\/neustadt-weinstrasse\/wp-json\/wp\/v2\/pages\/747\/revisions"}],"predecessor-version":[{"id":1057,"href":"https:\/\/weltlaeden.de\/neustadt-weinstrasse\/wp-json\/wp\/v2\/pages\/747\/revisions\/1057"}],"up":[{"embeddable":true,"href":"https:\/\/weltlaeden.de\/neustadt-weinstrasse\/wp-json\/wp\/v2\/pages\/217"}],"wp:attachment":[{"href":"https:\/\/weltlaeden.de\/neustadt-weinstrasse\/wp-json\/wp\/v2\/media?parent=747"}],"curies":[{"name":"wp","href":"https:\/\/api.w.org\/{rel}","templated":true}]}}