{"id":663,"date":"2020-12-24T14:14:06","date_gmt":"2020-12-24T13:14:05","guid":{"rendered":"https:\/\/weltlaeden.de\/neustadt-weinstrasse\/?page_id=663"},"modified":"2025-10-01T10:34:54","modified_gmt":"2025-10-01T08:34:54","slug":"aktionen","status":"publish","type":"page","link":"https:\/\/weltlaeden.de\/neustadt-weinstrasse\/aktionen\/","title":{"rendered":"Aktionen"},"content":{"rendered":"<div class=\"wpb-content-wrapper\"><p>[vc_row][vc_column][vc_column_text css=&#8220;&#8220;]<\/p>\n<h1>Produkt des Monats Oktober 2025<\/h1>\n<h2><img loading=\"lazy\" decoding=\"async\" class=\"alignleft wp-image-555\" src=\"https:\/\/weltlaeden.de\/neustadt-weinstrasse\/wp-content\/uploads\/sites\/31\/2018\/09\/GEPA_The_8x10cm300dpi_SW-2010-260x300-260x300.jpg\" alt=\"\" width=\"120\" height=\"138\" \/><strong><span class=\"fontstyle0\">Kekse<\/span><\/strong><\/h2>\n<h2><span class=\"fontstyle0\">Schoko-Orangen-Taler<br \/>\nMarmor-Dinkel-Knusperchen<br \/>\nMascobado-Lemon-Herzen<\/span><\/h2>\n<h2><del>statt\u00a0 2,50 \u20ac<\/del>\u00a0 \u00a0 \u00a0 nur <strong><span style=\"color: #ff0000\">2,10 \u20ac<\/span><\/strong><\/h2>\n<p><img loading=\"lazy\" decoding=\"async\" class=\"wp-image-1303 size-medium alignleft\" src=\"https:\/\/weltlaeden.de\/neustadt-weinstrasse\/wp-content\/uploads\/sites\/31\/2025\/10\/20250610_111513_1-202x300.jpg\" alt=\"Kekse von GEPA\" width=\"202\" height=\"300\" srcset=\"https:\/\/weltlaeden.de\/neustadt-weinstrasse\/wp-content\/uploads\/sites\/31\/2025\/10\/20250610_111513_1-202x300.jpg 202w, https:\/\/weltlaeden.de\/neustadt-weinstrasse\/wp-content\/uploads\/sites\/31\/2025\/10\/20250610_111513_1-688x1024.jpg 688w, https:\/\/weltlaeden.de\/neustadt-weinstrasse\/wp-content\/uploads\/sites\/31\/2025\/10\/20250610_111513_1-768x1143.jpg 768w, https:\/\/weltlaeden.de\/neustadt-weinstrasse\/wp-content\/uploads\/sites\/31\/2025\/10\/20250610_111513_1-1032x1536.jpg 1032w, https:\/\/weltlaeden.de\/neustadt-weinstrasse\/wp-content\/uploads\/sites\/31\/2025\/10\/20250610_111513_1-1376x2048.jpg 1376w, https:\/\/weltlaeden.de\/neustadt-weinstrasse\/wp-content\/uploads\/sites\/31\/2025\/10\/20250610_111513_1-scaled.jpg 1720w\" sizes=\"auto, (max-width: 202px) 100vw, 202px\" \/><strong><span class=\"fontstyle0\">Schoko Orangen Taler<br \/>\n<\/span><\/strong><span class=\"fontstyle2\">Feines M\u00fcrbegeb\u00e4ck mit naturbelassenem Vollrohrzucker und knuspriger Quinua. Mit Rohstoffen vieler verschiedener Handelspartner, fruchtigem Orangenaroma und leckerem Kakao (70%).<\/span><\/p>\n<p><span class=\"fontstyle0\"><strong>Marmor Dinkel Knusperchen<\/strong><br \/>\n<\/span><span class=\"fontstyle2\">Die kleinen marmorierten M\u00fcrbeteilchen mit wertvollem Dinkelmehl und aromatischem Kakao zergehen auf der Zunge &#8211; zart, klein, fein!<\/span><\/p>\n<p><span class=\"fontstyle0\"><strong>Mascobado Lemon Herzen<\/strong><br \/>\n<\/span><span class=\"fontstyle2\">Die kleinen, zartm\u00fcrben Herzchen mit wertvollem Reismehl und echtem Zitronen\u00f6l sind ein echter, frischer Genuss. Zarter kann ein Sommer-Geb\u00e4ck nicht sein!<\/span><\/p>\n<\/div>","protected":false},"excerpt":{"rendered":"<p>[vc_row][vc_column][vc_column_text css=&#8220;&#8220;] Produkt des Monats Oktober 2025 Kekse Schoko-Orangen-Taler Marmor-Dinkel-Knusperchen Mascobado-Lemon-Herzen statt\u00a0 2,50 \u20ac\u00a0 \u00a0 \u00a0 nur 2,10 \u20ac Schoko Orangen Taler Feines M\u00fcrbegeb\u00e4ck mit naturbelassenem Vollrohrzucker und knuspriger Quinua. Mit Rohstoffen vieler verschiedener Handelspartner, fruchtigem Orangenaroma und leckerem Kakao (70%). Marmor Dinkel Knusperchen Die kleinen marmorierten M\u00fcrbeteilchen mit wertvollem Dinkelmehl und aromatischem Kakao zergehen&hellip;<\/p>\n","protected":false},"author":224,"featured_media":1267,"parent":0,"menu_order":2,"comment_status":"closed","ping_status":"closed","template":"","meta":{"footnotes":""},"class_list":["post-663","page","type-page","status-publish","has-post-thumbnail","hentry","description-off"],"yoast_head":"<!-- This site is optimized with the Yoast SEO plugin v26.8 - https:\/\/yoast.com\/product\/yoast-seo-wordpress\/ -->\n<title>Aktionen - Weltladen Neustadt\/Weinstrasse %<\/title>\n<meta name=\"description\" content=\"[\/vc_column_text][\/vc_column][\/vc_row]Produkt des Monats Juli 2025Kaffee &quot;Milde Mischung&quot;500g\u00a0 \u00a010,80 \u20ac. Voller Geschmack und doch so sanft: Dieser milde Kaffee ist die richtige Mischung. Langzeitger\u00f6stete\u00a0\u00a0Arabica Bohnen werden ausgewogen komponiert und filterfein gemahlen. Diese harmonische Kaffeekomposition vereint beste Arabica Bohnen aus Lateinamerika. Seitdem die Kleinbauern ihre Ernte \u00fcber den Fairen Handel verkaufen, erhalten sie faire Preise f\u00fcr ihre hervorragende Arbeit. Mit der Fair Trade-Pr\u00e4mie k\u00f6nnen sie die Qualit\u00e4t ihres Kaffees weiter verbessern und gleichzeitig in soziale und \u00f6kologische Projekte investieren. Davon profitiert die ganze Region.Besonderheiten auf einen Blick:\u2022 beliebte reine Arabica-Mischung\u2022 Hochlandkaffee\u2022 sehr ausgewogen\u2022 mild im Trommelr\u00f6stverfahren veredelt\u2022 CO2-neutral ger\u00f6stet und alu-freie Verpackung f\u00fcr besseren Klimaschutz\u2022 Mehrpreisverwendung: u.a. Bau von Schulen, Frauenf\u00f6rderung\u2022 Geschmacksst\u00e4rke 3 (1 = mild bis 5 = kr\u00e4ftig)trifft.[\/vc_column_text][\/vc_column][\/vc_row][dt_gap height=&quot;10&quot; \/][vc_row]\" \/>\n<meta name=\"robots\" content=\"index, follow, max-snippet:-1, max-image-preview:large, max-video-preview:-1\" \/>\n<link rel=\"canonical\" href=\"https:\/\/weltlaeden.de\/neustadt-weinstrasse\/aktionen\/\" \/>\n<meta property=\"og:locale\" content=\"de_DE\" \/>\n<meta property=\"og:type\" content=\"article\" \/>\n<meta property=\"og:title\" content=\"Aktionen - Weltladen Neustadt\/Weinstrasse %\" \/>\n<meta property=\"og:description\" content=\"[\/vc_column_text][\/vc_column][\/vc_row]Produkt des Monats Juli 2025Kaffee &quot;Milde Mischung&quot;500g\u00a0 \u00a010,80 \u20ac. Voller Geschmack und doch so sanft: Dieser milde Kaffee ist die richtige Mischung. Langzeitger\u00f6stete\u00a0\u00a0Arabica Bohnen werden ausgewogen komponiert und filterfein gemahlen. Diese harmonische Kaffeekomposition vereint beste Arabica Bohnen aus Lateinamerika. Seitdem die Kleinbauern ihre Ernte \u00fcber den Fairen Handel verkaufen, erhalten sie faire Preise f\u00fcr ihre hervorragende Arbeit. Mit der Fair Trade-Pr\u00e4mie k\u00f6nnen sie die Qualit\u00e4t ihres Kaffees weiter verbessern und gleichzeitig in soziale und \u00f6kologische Projekte investieren. Davon profitiert die ganze Region.Besonderheiten auf einen Blick:\u2022 beliebte reine Arabica-Mischung\u2022 Hochlandkaffee\u2022 sehr ausgewogen\u2022 mild im Trommelr\u00f6stverfahren veredelt\u2022 CO2-neutral ger\u00f6stet und alu-freie Verpackung f\u00fcr besseren Klimaschutz\u2022 Mehrpreisverwendung: u.a. Bau von Schulen, Frauenf\u00f6rderung\u2022 Geschmacksst\u00e4rke 3 (1 = mild bis 5 = kr\u00e4ftig)trifft.[\/vc_column_text][\/vc_column][\/vc_row][dt_gap height=&quot;10&quot; \/][vc_row]\" \/>\n<meta property=\"og:url\" content=\"https:\/\/weltlaeden.de\/neustadt-weinstrasse\/aktionen\/\" \/>\n<meta property=\"og:site_name\" content=\"Weltladen Neustadt\/Weinstrasse\" \/>\n<meta property=\"article:modified_time\" content=\"2025-10-01T08:34:54+00:00\" \/>\n<meta property=\"og:image\" content=\"https:\/\/weltlaeden.de\/neustadt-weinstrasse\/wp-content\/uploads\/sites\/31\/2025\/08\/20250610_110837_1.jpg\" \/>\n\t<meta property=\"og:image:width\" content=\"1719\" \/>\n\t<meta property=\"og:image:height\" content=\"1927\" \/>\n\t<meta property=\"og:image:type\" content=\"image\/jpeg\" \/>\n<meta name=\"twitter:card\" content=\"summary_large_image\" \/>\n<meta name=\"twitter:label1\" content=\"Gesch\u00e4tzte Lesezeit\" \/>\n\t<meta name=\"twitter:data1\" content=\"2\u00a0Minuten\" \/>\n<script type=\"application\/ld+json\" class=\"yoast-schema-graph\">{\"@context\":\"https:\/\/schema.org\",\"@graph\":[{\"@type\":\"WebPage\",\"@id\":\"https:\/\/weltlaeden.de\/neustadt-weinstrasse\/aktionen\/\",\"url\":\"https:\/\/weltlaeden.de\/neustadt-weinstrasse\/aktionen\/\",\"name\":\"Aktionen - Weltladen Neustadt\/Weinstrasse %\",\"isPartOf\":{\"@id\":\"https:\/\/weltlaeden.de\/neustadt-weinstrasse\/#website\"},\"primaryImageOfPage\":{\"@id\":\"https:\/\/weltlaeden.de\/neustadt-weinstrasse\/aktionen\/#primaryimage\"},\"image\":{\"@id\":\"https:\/\/weltlaeden.de\/neustadt-weinstrasse\/aktionen\/#primaryimage\"},\"thumbnailUrl\":\"https:\/\/weltlaeden.de\/neustadt-weinstrasse\/wp-content\/uploads\/sites\/31\/2025\/08\/20250610_110837_1.jpg\",\"datePublished\":\"2020-12-24T13:14:05+00:00\",\"dateModified\":\"2025-10-01T08:34:54+00:00\",\"description\":\"[\/vc_column_text][\/vc_column][\/vc_row]Produkt des Monats Juli 2025Kaffee \\\"Milde Mischung\\\"500g\u00a0 \u00a010,80 \u20ac. Voller Geschmack und doch so sanft: Dieser milde Kaffee ist die richtige Mischung. Langzeitger\u00f6stete\u00a0\u00a0Arabica Bohnen werden ausgewogen komponiert und filterfein gemahlen. Diese harmonische Kaffeekomposition vereint beste Arabica Bohnen aus Lateinamerika. Seitdem die Kleinbauern ihre Ernte \u00fcber den Fairen Handel verkaufen, erhalten sie faire Preise f\u00fcr ihre hervorragende Arbeit. Mit der Fair Trade-Pr\u00e4mie k\u00f6nnen sie die Qualit\u00e4t ihres Kaffees weiter verbessern und gleichzeitig in soziale und \u00f6kologische Projekte investieren. Davon profitiert die ganze Region.Besonderheiten auf einen Blick:\u2022 beliebte reine Arabica-Mischung\u2022 Hochlandkaffee\u2022 sehr ausgewogen\u2022 mild im Trommelr\u00f6stverfahren veredelt\u2022 CO2-neutral ger\u00f6stet und alu-freie Verpackung f\u00fcr besseren Klimaschutz\u2022 Mehrpreisverwendung: u.a. Bau von Schulen, Frauenf\u00f6rderung\u2022 Geschmacksst\u00e4rke 3 (1 = mild bis 5 = kr\u00e4ftig)trifft.[\/vc_column_text][\/vc_column][\/vc_row][dt_gap height=\\\"10\\\" \/][vc_row]\",\"breadcrumb\":{\"@id\":\"https:\/\/weltlaeden.de\/neustadt-weinstrasse\/aktionen\/#breadcrumb\"},\"inLanguage\":\"de\",\"potentialAction\":[{\"@type\":\"ReadAction\",\"target\":[\"https:\/\/weltlaeden.de\/neustadt-weinstrasse\/aktionen\/\"]}]},{\"@type\":\"ImageObject\",\"inLanguage\":\"de\",\"@id\":\"https:\/\/weltlaeden.de\/neustadt-weinstrasse\/aktionen\/#primaryimage\",\"url\":\"https:\/\/weltlaeden.de\/neustadt-weinstrasse\/wp-content\/uploads\/sites\/31\/2025\/08\/20250610_110837_1.jpg\",\"contentUrl\":\"https:\/\/weltlaeden.de\/neustadt-weinstrasse\/wp-content\/uploads\/sites\/31\/2025\/08\/20250610_110837_1.jpg\",\"width\":1719,\"height\":1927},{\"@type\":\"BreadcrumbList\",\"@id\":\"https:\/\/weltlaeden.de\/neustadt-weinstrasse\/aktionen\/#breadcrumb\",\"itemListElement\":[{\"@type\":\"ListItem\",\"position\":1,\"name\":\"Startseite\",\"item\":\"https:\/\/weltlaeden.de\/neustadt-weinstrasse\/\"},{\"@type\":\"ListItem\",\"position\":2,\"name\":\"Aktionen\"}]},{\"@type\":\"WebSite\",\"@id\":\"https:\/\/weltlaeden.de\/neustadt-weinstrasse\/#website\",\"url\":\"https:\/\/weltlaeden.de\/neustadt-weinstrasse\/\",\"name\":\"Weltladen Neustadt\/Weinstrasse\",\"description\":\"Faire Produkte seit 1990\",\"potentialAction\":[{\"@type\":\"SearchAction\",\"target\":{\"@type\":\"EntryPoint\",\"urlTemplate\":\"https:\/\/weltlaeden.de\/neustadt-weinstrasse\/?s={search_term_string}\"},\"query-input\":{\"@type\":\"PropertyValueSpecification\",\"valueRequired\":true,\"valueName\":\"search_term_string\"}}],\"inLanguage\":\"de\"}]}<\/script>\n<!-- \/ Yoast SEO plugin. -->","yoast_head_json":{"title":"Aktionen - Weltladen Neustadt\/Weinstrasse %","description":"[\/vc_column_text][\/vc_column][\/vc_row]Produkt des Monats Juli 2025Kaffee \"Milde Mischung\"500g\u00a0 \u00a010,80 \u20ac. Voller Geschmack und doch so sanft: Dieser milde Kaffee ist die richtige Mischung. Langzeitger\u00f6stete\u00a0\u00a0Arabica Bohnen werden ausgewogen komponiert und filterfein gemahlen. Diese harmonische Kaffeekomposition vereint beste Arabica Bohnen aus Lateinamerika. Seitdem die Kleinbauern ihre Ernte \u00fcber den Fairen Handel verkaufen, erhalten sie faire Preise f\u00fcr ihre hervorragende Arbeit. Mit der Fair Trade-Pr\u00e4mie k\u00f6nnen sie die Qualit\u00e4t ihres Kaffees weiter verbessern und gleichzeitig in soziale und \u00f6kologische Projekte investieren. Davon profitiert die ganze Region.Besonderheiten auf einen Blick:\u2022 beliebte reine Arabica-Mischung\u2022 Hochlandkaffee\u2022 sehr ausgewogen\u2022 mild im Trommelr\u00f6stverfahren veredelt\u2022 CO2-neutral ger\u00f6stet und alu-freie Verpackung f\u00fcr besseren Klimaschutz\u2022 Mehrpreisverwendung: u.a. Bau von Schulen, Frauenf\u00f6rderung\u2022 Geschmacksst\u00e4rke 3 (1 = mild bis 5 = kr\u00e4ftig)trifft.[\/vc_column_text][\/vc_column][\/vc_row][dt_gap height=\"10\" \/][vc_row]","robots":{"index":"index","follow":"follow","max-snippet":"max-snippet:-1","max-image-preview":"max-image-preview:large","max-video-preview":"max-video-preview:-1"},"canonical":"https:\/\/weltlaeden.de\/neustadt-weinstrasse\/aktionen\/","og_locale":"de_DE","og_type":"article","og_title":"Aktionen - Weltladen Neustadt\/Weinstrasse %","og_description":"[\/vc_column_text][\/vc_column][\/vc_row]Produkt des Monats Juli 2025Kaffee \"Milde Mischung\"500g\u00a0 \u00a010,80 \u20ac. Voller Geschmack und doch so sanft: Dieser milde Kaffee ist die richtige Mischung. Langzeitger\u00f6stete\u00a0\u00a0Arabica Bohnen werden ausgewogen komponiert und filterfein gemahlen. Diese harmonische Kaffeekomposition vereint beste Arabica Bohnen aus Lateinamerika. Seitdem die Kleinbauern ihre Ernte \u00fcber den Fairen Handel verkaufen, erhalten sie faire Preise f\u00fcr ihre hervorragende Arbeit. Mit der Fair Trade-Pr\u00e4mie k\u00f6nnen sie die Qualit\u00e4t ihres Kaffees weiter verbessern und gleichzeitig in soziale und \u00f6kologische Projekte investieren. Davon profitiert die ganze Region.Besonderheiten auf einen Blick:\u2022 beliebte reine Arabica-Mischung\u2022 Hochlandkaffee\u2022 sehr ausgewogen\u2022 mild im Trommelr\u00f6stverfahren veredelt\u2022 CO2-neutral ger\u00f6stet und alu-freie Verpackung f\u00fcr besseren Klimaschutz\u2022 Mehrpreisverwendung: u.a. Bau von Schulen, Frauenf\u00f6rderung\u2022 Geschmacksst\u00e4rke 3 (1 = mild bis 5 = kr\u00e4ftig)trifft.[\/vc_column_text][\/vc_column][\/vc_row][dt_gap height=\"10\" \/][vc_row]","og_url":"https:\/\/weltlaeden.de\/neustadt-weinstrasse\/aktionen\/","og_site_name":"Weltladen Neustadt\/Weinstrasse","article_modified_time":"2025-10-01T08:34:54+00:00","og_image":[{"width":1719,"height":1927,"url":"https:\/\/weltlaeden.de\/neustadt-weinstrasse\/wp-content\/uploads\/sites\/31\/2025\/08\/20250610_110837_1.jpg","type":"image\/jpeg"}],"twitter_card":"summary_large_image","twitter_misc":{"Gesch\u00e4tzte Lesezeit":"2\u00a0Minuten"},"schema":{"@context":"https:\/\/schema.org","@graph":[{"@type":"WebPage","@id":"https:\/\/weltlaeden.de\/neustadt-weinstrasse\/aktionen\/","url":"https:\/\/weltlaeden.de\/neustadt-weinstrasse\/aktionen\/","name":"Aktionen - Weltladen Neustadt\/Weinstrasse %","isPartOf":{"@id":"https:\/\/weltlaeden.de\/neustadt-weinstrasse\/#website"},"primaryImageOfPage":{"@id":"https:\/\/weltlaeden.de\/neustadt-weinstrasse\/aktionen\/#primaryimage"},"image":{"@id":"https:\/\/weltlaeden.de\/neustadt-weinstrasse\/aktionen\/#primaryimage"},"thumbnailUrl":"https:\/\/weltlaeden.de\/neustadt-weinstrasse\/wp-content\/uploads\/sites\/31\/2025\/08\/20250610_110837_1.jpg","datePublished":"2020-12-24T13:14:05+00:00","dateModified":"2025-10-01T08:34:54+00:00","description":"[\/vc_column_text][\/vc_column][\/vc_row]Produkt des Monats Juli 2025Kaffee \"Milde Mischung\"500g\u00a0 \u00a010,80 \u20ac. Voller Geschmack und doch so sanft: Dieser milde Kaffee ist die richtige Mischung. Langzeitger\u00f6stete\u00a0\u00a0Arabica Bohnen werden ausgewogen komponiert und filterfein gemahlen. Diese harmonische Kaffeekomposition vereint beste Arabica Bohnen aus Lateinamerika. Seitdem die Kleinbauern ihre Ernte \u00fcber den Fairen Handel verkaufen, erhalten sie faire Preise f\u00fcr ihre hervorragende Arbeit. Mit der Fair Trade-Pr\u00e4mie k\u00f6nnen sie die Qualit\u00e4t ihres Kaffees weiter verbessern und gleichzeitig in soziale und \u00f6kologische Projekte investieren. Davon profitiert die ganze Region.Besonderheiten auf einen Blick:\u2022 beliebte reine Arabica-Mischung\u2022 Hochlandkaffee\u2022 sehr ausgewogen\u2022 mild im Trommelr\u00f6stverfahren veredelt\u2022 CO2-neutral ger\u00f6stet und alu-freie Verpackung f\u00fcr besseren Klimaschutz\u2022 Mehrpreisverwendung: u.a. Bau von Schulen, Frauenf\u00f6rderung\u2022 Geschmacksst\u00e4rke 3 (1 = mild bis 5 = kr\u00e4ftig)trifft.[\/vc_column_text][\/vc_column][\/vc_row][dt_gap height=\"10\" \/][vc_row]","breadcrumb":{"@id":"https:\/\/weltlaeden.de\/neustadt-weinstrasse\/aktionen\/#breadcrumb"},"inLanguage":"de","potentialAction":[{"@type":"ReadAction","target":["https:\/\/weltlaeden.de\/neustadt-weinstrasse\/aktionen\/"]}]},{"@type":"ImageObject","inLanguage":"de","@id":"https:\/\/weltlaeden.de\/neustadt-weinstrasse\/aktionen\/#primaryimage","url":"https:\/\/weltlaeden.de\/neustadt-weinstrasse\/wp-content\/uploads\/sites\/31\/2025\/08\/20250610_110837_1.jpg","contentUrl":"https:\/\/weltlaeden.de\/neustadt-weinstrasse\/wp-content\/uploads\/sites\/31\/2025\/08\/20250610_110837_1.jpg","width":1719,"height":1927},{"@type":"BreadcrumbList","@id":"https:\/\/weltlaeden.de\/neustadt-weinstrasse\/aktionen\/#breadcrumb","itemListElement":[{"@type":"ListItem","position":1,"name":"Startseite","item":"https:\/\/weltlaeden.de\/neustadt-weinstrasse\/"},{"@type":"ListItem","position":2,"name":"Aktionen"}]},{"@type":"WebSite","@id":"https:\/\/weltlaeden.de\/neustadt-weinstrasse\/#website","url":"https:\/\/weltlaeden.de\/neustadt-weinstrasse\/","name":"Weltladen Neustadt\/Weinstrasse","description":"Faire Produkte seit 1990","potentialAction":[{"@type":"SearchAction","target":{"@type":"EntryPoint","urlTemplate":"https:\/\/weltlaeden.de\/neustadt-weinstrasse\/?s={search_term_string}"},"query-input":{"@type":"PropertyValueSpecification","valueRequired":true,"valueName":"search_term_string"}}],"inLanguage":"de"}]}},"_links":{"self":[{"href":"https:\/\/weltlaeden.de\/neustadt-weinstrasse\/wp-json\/wp\/v2\/pages\/663","targetHints":{"allow":["GET"]}}],"collection":[{"href":"https:\/\/weltlaeden.de\/neustadt-weinstrasse\/wp-json\/wp\/v2\/pages"}],"about":[{"href":"https:\/\/weltlaeden.de\/neustadt-weinstrasse\/wp-json\/wp\/v2\/types\/page"}],"author":[{"embeddable":true,"href":"https:\/\/weltlaeden.de\/neustadt-weinstrasse\/wp-json\/wp\/v2\/users\/224"}],"replies":[{"embeddable":true,"href":"https:\/\/weltlaeden.de\/neustadt-weinstrasse\/wp-json\/wp\/v2\/comments?post=663"}],"version-history":[{"count":50,"href":"https:\/\/weltlaeden.de\/neustadt-weinstrasse\/wp-json\/wp\/v2\/pages\/663\/revisions"}],"predecessor-version":[{"id":1305,"href":"https:\/\/weltlaeden.de\/neustadt-weinstrasse\/wp-json\/wp\/v2\/pages\/663\/revisions\/1305"}],"wp:featuredmedia":[{"embeddable":true,"href":"https:\/\/weltlaeden.de\/neustadt-weinstrasse\/wp-json\/wp\/v2\/media\/1267"}],"wp:attachment":[{"href":"https:\/\/weltlaeden.de\/neustadt-weinstrasse\/wp-json\/wp\/v2\/media?parent=663"}],"curies":[{"name":"wp","href":"https:\/\/api.w.org\/{rel}","templated":true}]}}