{"id":253,"date":"2016-11-10T13:50:06","date_gmt":"2016-11-10T12:50:06","guid":{"rendered":"https:\/\/wl.heimpixel.de\/vorlage\/?page_id=253"},"modified":"2025-01-03T15:29:08","modified_gmt":"2025-01-03T14:29:08","slug":"impressum","status":"publish","type":"page","link":"https:\/\/weltlaeden.de\/neustadt-weinstrasse\/impressum\/","title":{"rendered":"Impressum"},"content":{"rendered":"<div class=\"wpb-content-wrapper\"><p>[vc_row][vc_column][vc_column_text]<\/p>\n<h1>Impressum<\/h1>\n<p>Weltladen<br \/>\nStangenbrunnengasse 17<br \/>\n67433 NEUSTADT<\/p>\n<p>&nbsp;<\/p>\n<h2>Vertreten durch:<\/h2>\n<p>Eine-Welt Laden e.V.<\/p>\n<p>&nbsp;<\/p>\n<h2>Kontakt:<\/h2>\nTel: 06321-35 45 81<br \/>\r\n\n<p>info@weltladen-nw.de<\/p>\n<p>&nbsp;<\/p>\n<h2>Umsatzsteuer-ID:<\/h2>\n<p>Umsatzsteuer-Identifikationsnummer gem\u00e4\u00df \u00a727 a Umsatzsteuergesetz:<br \/>\n1017107275<\/p>\n<p>&nbsp;<\/p>\n<h2>Aufsichtsbeh\u00f6rde:<\/h2>\nAmtsgericht Ludwigshafen, Registernummer: VR 4103\n<p>&nbsp;<\/p>\n<p>&nbsp;<\/p>\n<h1>Haftungsausschluss (Disclaimer)<\/h1>\n<p><strong>Haftung f\u00fcr Inhalte<\/strong><\/p>\n<p>Als Diensteanbieter sind wir f\u00fcr eigene Inhalte auf diesen Seiten nach den allgemeinen Gesetzen verantwortlich. Wir sind  als Diensteanbieter jedoch nicht verpflichtet, \u00fcbermittelte oder gespeicherte fremde Informationen zu \u00fcberwachen oder nach Umst\u00e4nden zu forschen, die auf eine rechtswidrige T\u00e4tigkeit hinweisen.<\/p>\n<p>Verpflichtungen zur Entfernung oder Sperrung der Nutzung von Informationen nach den allgemeinen Gesetzen bleiben hiervon unber\u00fchrt. Eine diesbez\u00fcgliche Haftung ist jedoch erst ab dem Zeitpunkt der Kenntnis einer konkreten Rechtsverletzung m\u00f6glich. Bei Bekanntwerden von entsprechenden Rechtsverletzungen werden wir diese Inhalte umgehend entfernen.<\/p>\n<p><strong>Haftung f\u00fcr Links<\/strong><\/p>\n<p>Unser Angebot enth\u00e4lt Links zu externen Webseiten Dritter, auf deren Inhalte wir keinen Einfluss haben. Deshalb k\u00f6nnen wir f\u00fcr diese fremden Inhalte auch keine Gew\u00e4hr \u00fcbernehmen. F\u00fcr die Inhalte der verlinkten Seiten ist stets der jeweilige Anbieter oder Betreiber der Seiten verantwortlich. Die verlinkten Seiten wurden zum Zeitpunkt der Verlinkung auf m\u00f6gliche Rechtsverst\u00f6\u00dfe \u00fcberpr\u00fcft. Rechtswidrige Inhalte waren zum Zeitpunkt der Verlinkung nicht erkennbar.<\/p>\n<p>Eine permanente inhaltliche Kontrolle der verlinkten Seiten ist jedoch ohne konkrete Anhaltspunkte einer Rechtsverletzung nicht zumutbar. Bei Bekanntwerden von Rechtsverletzungen werden wir derartige Links umgehend entfernen.<\/p>\n<p><strong>Urheberrecht<\/strong><\/p>\n<p>Die durch die Seitenbetreiber erstellten Inhalte und Werke auf diesen Seiten unterliegen dem deutschen Urheberrecht. Die Vervielf\u00e4ltigung, Bearbeitung, Verbreitung und jede Art der Verwertung au\u00dferhalb der Grenzen des Urheberrechtes bed\u00fcrfen der schriftlichen Zustimmung des jeweiligen Autors bzw. Erstellers. Downloads und Kopien dieser Seite sind nur f\u00fcr den privaten, nicht kommerziellen Gebrauch gestattet.<\/p>\n<p>Soweit die Inhalte auf dieser Seite nicht vom Betreiber erstellt wurden, werden die Urheberrechte Dritter beachtet. Insbesondere werden Inhalte Dritter als solche gekennzeichnet. Sollten Sie trotzdem auf eine Urheberrechtsverletzung aufmerksam werden, bitten wir um einen entsprechenden Hinweis. Bei Bekanntwerden von Rechtsverletzungen werden wir derartige Inhalte umgehend entfernen.<\/p>\n<p>&nbsp;<\/p>\n<p>&nbsp;<\/p>\n<h1>Datenschutzerkl\u00e4rung<\/h1>\n<h3>Datenschutz<\/h3>\n<p>Die Betreiber dieser Seiten nehmen den Schutz Ihrer pers\u00f6nlichen Daten sehr ernst. Wir behandeln Ihre personenbezogenen Daten vertraulich und entsprechend der gesetzlichen Datenschutzvorschriften sowie dieser Datenschutzerkl\u00e4rung.<\/p>\n<p>Wenn Sie diese Website benutzen, werden verschiedene personenbezogene Daten erhoben. Personenbezogene Daten sind Daten, mit denen Sie pers\u00f6nlich identifiziert werden k\u00f6nnen. Die vorliegende Datenschutzerkl\u00e4rung erl\u00e4utert, welche Daten wir erheben und wof\u00fcr wir sie nutzen. Sie erl\u00e4utert auch, wie und zu welchem Zweck das geschieht.<\/p>\n<p>Wir weisen darauf hin, dass die Daten\u00fcbertragung im Internet (z.B. bei der Kommunikation per E-Mail) Sicherheitsl\u00fccken aufweisen kann. Ein l\u00fcckenloser Schutz der Daten vor dem Zugriff durch Dritte ist nicht m\u00f6glich.<\/p>\n<p><strong>Datenschutzerkl\u00e4rung wegen der Verwendung von Piwik<\/strong><br \/>\nAuf unserer Internetseite wird der Webanalysedienst Piwik eingesetzt. Piwik ist eine Open-Source-Software, welche die Zugriffe der Webseitenbesucher auswertet. Die Analyse wird mittels Cookies, das sind Textdateien, erm\u00f6glicht. Die Cookies sammeln Informationen hinsichtlich Ihrer Nutzung unserer Internetseite. Diese werden auf auf einem deutschen Server gespeichert. Ihre IP-Adresse wird noch zuvor anonymisiert. Sie haben allerdings die M\u00f6glichkeit, zu verhindern, dass Cookies von Piwik auf Ihrem Computer gespeichert werden. Hierzu m\u00fcssen Sie die Einstellungen an Ihrem Internetbrowser entsprechend modifizieren. Dies kann dazu f\u00fchren, dass Sie unsere Internetseite nicht im kompletten Umfang verwenden k\u00f6nnen.<br \/>\n[\/vc_column_text][\/vc_column][\/vc_row]<\/p>\n<\/div>","protected":false},"excerpt":{"rendered":"<p>[vc_row][vc_column][vc_column_text] Impressum Weltladen Stangenbrunnengasse 17 67433 NEUSTADT &nbsp; Vertreten durch: Eine-Welt Laden e.V. &nbsp; Kontakt: info@weltladen-nw.de &nbsp; Umsatzsteuer-ID: Umsatzsteuer-Identifikationsnummer gem\u00e4\u00df \u00a727 a Umsatzsteuergesetz: &nbsp; Aufsichtsbeh\u00f6rde: &nbsp; &nbsp; Haftungsausschluss (Disclaimer) Haftung f\u00fcr Inhalte Als Diensteanbieter sind wir f\u00fcr eigene Inhalte auf diesen Seiten nach den allgemeinen Gesetzen verantwortlich. Wir sind als Diensteanbieter jedoch nicht verpflichtet, \u00fcbermittelte&hellip;<\/p>\n","protected":false},"author":1,"featured_media":0,"parent":0,"menu_order":12,"comment_status":"closed","ping_status":"closed","template":"","meta":{"footnotes":""},"class_list":["post-253","page","type-page","status-publish","hentry","description-off"],"yoast_head":"<!-- This site is optimized with the Yoast SEO plugin v26.8 - https:\/\/yoast.com\/product\/yoast-seo-wordpress\/ -->\n<title>Impressum - Weltladen Neustadt\/Weinstrasse<\/title>\n<meta name=\"robots\" content=\"index, follow, max-snippet:-1, max-image-preview:large, max-video-preview:-1\" \/>\n<link rel=\"canonical\" href=\"https:\/\/weltlaeden.de\/neustadt-weinstrasse\/impressum\/\" \/>\n<meta property=\"og:locale\" content=\"de_DE\" \/>\n<meta property=\"og:type\" content=\"article\" \/>\n<meta property=\"og:title\" content=\"Impressum - Weltladen Neustadt\/Weinstrasse\" \/>\n<meta property=\"og:description\" content=\"[vc_row][vc_column][vc_column_text] Impressum Weltladen Stangenbrunnengasse 17 67433 NEUSTADT &nbsp; Vertreten durch: Eine-Welt Laden e.V. &nbsp; Kontakt: info@weltladen-nw.de &nbsp; Umsatzsteuer-ID: Umsatzsteuer-Identifikationsnummer gem\u00e4\u00df \u00a727 a Umsatzsteuergesetz: &nbsp; Aufsichtsbeh\u00f6rde: &nbsp; &nbsp; Haftungsausschluss (Disclaimer) Haftung f\u00fcr Inhalte Als Diensteanbieter sind wir f\u00fcr eigene Inhalte auf diesen Seiten nach den allgemeinen Gesetzen verantwortlich. Wir sind als Diensteanbieter jedoch nicht verpflichtet, \u00fcbermittelte&hellip;\" \/>\n<meta property=\"og:url\" content=\"https:\/\/weltlaeden.de\/neustadt-weinstrasse\/impressum\/\" \/>\n<meta property=\"og:site_name\" content=\"Weltladen Neustadt\/Weinstrasse\" \/>\n<meta property=\"article:modified_time\" content=\"2025-01-03T14:29:08+00:00\" \/>\n<meta name=\"twitter:card\" content=\"summary_large_image\" \/>\n<meta name=\"twitter:label1\" content=\"Gesch\u00e4tzte Lesezeit\" \/>\n\t<meta name=\"twitter:data1\" content=\"3\u00a0Minuten\" \/>\n<script type=\"application\/ld+json\" class=\"yoast-schema-graph\">{\"@context\":\"https:\/\/schema.org\",\"@graph\":[{\"@type\":\"WebPage\",\"@id\":\"https:\/\/weltlaeden.de\/neustadt-weinstrasse\/impressum\/\",\"url\":\"https:\/\/weltlaeden.de\/neustadt-weinstrasse\/impressum\/\",\"name\":\"Impressum - Weltladen Neustadt\/Weinstrasse\",\"isPartOf\":{\"@id\":\"https:\/\/weltlaeden.de\/neustadt-weinstrasse\/#website\"},\"datePublished\":\"2016-11-10T12:50:06+00:00\",\"dateModified\":\"2025-01-03T14:29:08+00:00\",\"breadcrumb\":{\"@id\":\"https:\/\/weltlaeden.de\/neustadt-weinstrasse\/impressum\/#breadcrumb\"},\"inLanguage\":\"de\",\"potentialAction\":[{\"@type\":\"ReadAction\",\"target\":[\"https:\/\/weltlaeden.de\/neustadt-weinstrasse\/impressum\/\"]}]},{\"@type\":\"BreadcrumbList\",\"@id\":\"https:\/\/weltlaeden.de\/neustadt-weinstrasse\/impressum\/#breadcrumb\",\"itemListElement\":[{\"@type\":\"ListItem\",\"position\":1,\"name\":\"Startseite\",\"item\":\"https:\/\/weltlaeden.de\/neustadt-weinstrasse\/\"},{\"@type\":\"ListItem\",\"position\":2,\"name\":\"Impressum\"}]},{\"@type\":\"WebSite\",\"@id\":\"https:\/\/weltlaeden.de\/neustadt-weinstrasse\/#website\",\"url\":\"https:\/\/weltlaeden.de\/neustadt-weinstrasse\/\",\"name\":\"Weltladen Neustadt\/Weinstrasse\",\"description\":\"Faire Produkte seit 1990\",\"potentialAction\":[{\"@type\":\"SearchAction\",\"target\":{\"@type\":\"EntryPoint\",\"urlTemplate\":\"https:\/\/weltlaeden.de\/neustadt-weinstrasse\/?s={search_term_string}\"},\"query-input\":{\"@type\":\"PropertyValueSpecification\",\"valueRequired\":true,\"valueName\":\"search_term_string\"}}],\"inLanguage\":\"de\"}]}<\/script>\n<!-- \/ Yoast SEO plugin. -->","yoast_head_json":{"title":"Impressum - Weltladen Neustadt\/Weinstrasse","robots":{"index":"index","follow":"follow","max-snippet":"max-snippet:-1","max-image-preview":"max-image-preview:large","max-video-preview":"max-video-preview:-1"},"canonical":"https:\/\/weltlaeden.de\/neustadt-weinstrasse\/impressum\/","og_locale":"de_DE","og_type":"article","og_title":"Impressum - Weltladen Neustadt\/Weinstrasse","og_description":"[vc_row][vc_column][vc_column_text] Impressum Weltladen Stangenbrunnengasse 17 67433 NEUSTADT &nbsp; Vertreten durch: Eine-Welt Laden e.V. &nbsp; Kontakt: info@weltladen-nw.de &nbsp; Umsatzsteuer-ID: Umsatzsteuer-Identifikationsnummer gem\u00e4\u00df \u00a727 a Umsatzsteuergesetz: &nbsp; Aufsichtsbeh\u00f6rde: &nbsp; &nbsp; Haftungsausschluss (Disclaimer) Haftung f\u00fcr Inhalte Als Diensteanbieter sind wir f\u00fcr eigene Inhalte auf diesen Seiten nach den allgemeinen Gesetzen verantwortlich. Wir sind als Diensteanbieter jedoch nicht verpflichtet, \u00fcbermittelte&hellip;","og_url":"https:\/\/weltlaeden.de\/neustadt-weinstrasse\/impressum\/","og_site_name":"Weltladen Neustadt\/Weinstrasse","article_modified_time":"2025-01-03T14:29:08+00:00","twitter_card":"summary_large_image","twitter_misc":{"Gesch\u00e4tzte Lesezeit":"3\u00a0Minuten"},"schema":{"@context":"https:\/\/schema.org","@graph":[{"@type":"WebPage","@id":"https:\/\/weltlaeden.de\/neustadt-weinstrasse\/impressum\/","url":"https:\/\/weltlaeden.de\/neustadt-weinstrasse\/impressum\/","name":"Impressum - Weltladen Neustadt\/Weinstrasse","isPartOf":{"@id":"https:\/\/weltlaeden.de\/neustadt-weinstrasse\/#website"},"datePublished":"2016-11-10T12:50:06+00:00","dateModified":"2025-01-03T14:29:08+00:00","breadcrumb":{"@id":"https:\/\/weltlaeden.de\/neustadt-weinstrasse\/impressum\/#breadcrumb"},"inLanguage":"de","potentialAction":[{"@type":"ReadAction","target":["https:\/\/weltlaeden.de\/neustadt-weinstrasse\/impressum\/"]}]},{"@type":"BreadcrumbList","@id":"https:\/\/weltlaeden.de\/neustadt-weinstrasse\/impressum\/#breadcrumb","itemListElement":[{"@type":"ListItem","position":1,"name":"Startseite","item":"https:\/\/weltlaeden.de\/neustadt-weinstrasse\/"},{"@type":"ListItem","position":2,"name":"Impressum"}]},{"@type":"WebSite","@id":"https:\/\/weltlaeden.de\/neustadt-weinstrasse\/#website","url":"https:\/\/weltlaeden.de\/neustadt-weinstrasse\/","name":"Weltladen Neustadt\/Weinstrasse","description":"Faire Produkte seit 1990","potentialAction":[{"@type":"SearchAction","target":{"@type":"EntryPoint","urlTemplate":"https:\/\/weltlaeden.de\/neustadt-weinstrasse\/?s={search_term_string}"},"query-input":{"@type":"PropertyValueSpecification","valueRequired":true,"valueName":"search_term_string"}}],"inLanguage":"de"}]}},"_links":{"self":[{"href":"https:\/\/weltlaeden.de\/neustadt-weinstrasse\/wp-json\/wp\/v2\/pages\/253","targetHints":{"allow":["GET"]}}],"collection":[{"href":"https:\/\/weltlaeden.de\/neustadt-weinstrasse\/wp-json\/wp\/v2\/pages"}],"about":[{"href":"https:\/\/weltlaeden.de\/neustadt-weinstrasse\/wp-json\/wp\/v2\/types\/page"}],"author":[{"embeddable":true,"href":"https:\/\/weltlaeden.de\/neustadt-weinstrasse\/wp-json\/wp\/v2\/users\/1"}],"replies":[{"embeddable":true,"href":"https:\/\/weltlaeden.de\/neustadt-weinstrasse\/wp-json\/wp\/v2\/comments?post=253"}],"version-history":[{"count":11,"href":"https:\/\/weltlaeden.de\/neustadt-weinstrasse\/wp-json\/wp\/v2\/pages\/253\/revisions"}],"predecessor-version":[{"id":1016,"href":"https:\/\/weltlaeden.de\/neustadt-weinstrasse\/wp-json\/wp\/v2\/pages\/253\/revisions\/1016"}],"wp:attachment":[{"href":"https:\/\/weltlaeden.de\/neustadt-weinstrasse\/wp-json\/wp\/v2\/media?parent=253"}],"curies":[{"name":"wp","href":"https:\/\/api.w.org\/{rel}","templated":true}]}}