{"id":219,"date":"2016-10-28T13:34:47","date_gmt":"2016-10-28T11:34:47","guid":{"rendered":"https:\/\/wl.heimpixel.de\/vorlage\/ueber-uns\/"},"modified":"2025-05-01T22:08:07","modified_gmt":"2025-05-01T20:08:07","slug":"ueber-uns","status":"publish","type":"page","link":"https:\/\/weltlaeden.de\/neustadt-weinstrasse\/ueber-uns\/","title":{"rendered":"\u00dcber uns"},"content":{"rendered":"<div class=\"wpb-content-wrapper\"><p>[vc_row][vc_column]<div class=\"wl_einzelbild\"><p><img loading=\"lazy\" decoding=\"async\" class=\"aligncenter size-full wp-image-nsm-3-16\" src=\"https:\/\/weltlaeden.de\/neustadt-weinstrasse\/wp-content\/uploads\/sites\/31\/2018\/09\/GruppenbildEWL-300x225.jpg\" alt=\"\" width=\"300\" height=\"225\" \/> <\/p><\/div>[vc_empty_space][vc_column_text]<\/p>\n<h1>\u00dcber den Weltladen Neustadt<\/h1>\n<p>[\/vc_column_text][vc_column_text]Der Neustadter Weltladen ist seit 35 Jahren ein Ort des Fairen Handelns, der Begegnung, der Information und des Mitwirkens an einer besseren Welt.Der Laden ruht auf den Schultern des Tr\u00e4gervereins &#8222;Eine-Welt Laden e.V.&#8220; mit z.Zt. 70 Mitgliedern und seinem 4-9k\u00f6pfigen ehrenamtlichen Vorstand, der sich um die Organisierung des Ladens k\u00fcmmert. Der Ladendienst &#8211; Einkauf, Verkauf, (Schaufenster-) Dekoration, Bildungsarbeit &#8211; wird von einem ehrenamtlich arbeitenden Team aus ca. 15 begeisterten Mitarbeiterinnen und Mitarbeitern getragen.[\/vc_column_text][\/vc_column][\/vc_row][vc_row][vc_column][vc_empty_space][vc_column_text]<\/p>\n<h2>Die Satzung des Tr\u00e4gervereins<\/h2>\n<ul>\n<li><a href=\"https:\/\/weltlaeden.de\/neustadt-weinstrasse\/wp-content\/uploads\/sites\/31\/2023\/10\/SatzungWeltladen_NW_2023-neu.pdf\" target=\"_blank\" rel=\"noopener\">Satzung<\/a><\/li>\n<li><a href=\"https:\/\/weltlaeden.de\/neustadt-weinstrasse\/wp-content\/uploads\/sites\/31\/2023\/02\/Beitrittserklaerung_2023-1.pdf\" target=\"_blank\" rel=\"noopener\">Beitrittserkl\u00e4rung<\/a><\/li>\n<\/ul>\n<h1>Mitmachen im Weltladen Neustadt<\/h1>\n<p><strong>Sie m\u00f6chten die Aktivit\u00e4ten unseres Vereins unterst\u00fctzen<\/strong>, als aktives oder als f\u00f6rderndes Mitglied?<br \/>\nBringen Sie sich ein je nach Interesse und m\u00f6glichem Zeitaufwand und helfen uns, die Welt ein kleines bisschen gerechter zu machen. <strong>Wir suchen<\/strong> Menschen, die Lust haben, sich ehrenamtlich f\u00fcr eine offene, transparente, \u00f6kologische und nachhaltige Form des Wirtschaftens zu engagieren. Ob im Verkauf, der Informations- oder Bildungsarbeit &#8211; die M\u00f6glichkeiten, in unserem Team mitzumachen sind vielf\u00e4ltig und lassen sich bestimmt auch in Deinen Alltag integrieren! Neben regelm\u00e4\u00dfigen Aufgaben gibt es bei uns auch immer wieder einzelne zeitlich befristete Projekte, f\u00fcr die wir Unterst\u00fctzer\/innen suchen. Viele Aufgaben erfordern keine speziellen Vorkenntnisse, sondern nur Deine Bereitschaft, Deine F\u00e4higkeiten einzubringen und eventuell in neuen Bereichen dazuzulernen.<\/p>\n<p><strong>Wir bieten<\/strong> ein nettes Team aus Engagierten mit vielf\u00e4ltigen M\u00f6glichkeiten, sich selbst einzubringen. Eine Gemeinschaft, die Dich herzlich aufnimmt, einarbeitet und bei Fragen zur Verf\u00fcgung steht. Fortbildungsm\u00f6glichkeiten nach Deinen Interessen und Aufgaben.<\/p>\n<p><strong>Der j\u00e4hrliche Mindestmitgliedsbeitrag betr\u00e4gt 6 \u20ac<\/strong>. F\u00f6rdermitglieder entscheiden selbst, mit welchem Betrag sie uns unterst\u00fctzen m\u00f6chten. Drucken Sie das Mitgliedsformular aus erg\u00e4nzen sie es mit Ihren Angaben und geben es im Laden ab oder stecken es in den Briefkasten. Hier geht\u2019s zum <a href=\"https:\/\/weltlaeden.de\/neustadt-weinstrasse\/wp-content\/uploads\/sites\/31\/2023\/02\/Beitrittserklaerung_2023-1.pdf\" target=\"_blank\" rel=\"noopener\">Mitgliedsformular<\/a>.<\/p>\n<p><strong>AnsprechpartnerIn:<\/strong><br \/>\nPer Mail: <strong>info@weltladen-nw.de<\/strong> oder per Telefon:\u00a0 <strong>06321-35 45 81<\/strong> oder pers\u00f6nlich vorbeikommen w\u00e4hrend der \u00d6ffnungszeiten des Ladens.<\/p>\n<p><strong>Wir freuen uns auf Dich!<\/strong><\/p>\n<p>Das Team des Weltladens<br \/>\nin Neustadt an der Weinstrasse<\/p>\n<\/div>","protected":false},"excerpt":{"rendered":"<p>[vc_row][vc_column][vc_empty_space][vc_column_text] \u00dcber den Weltladen Neustadt [\/vc_column_text][vc_column_text]Der Neustadter Weltladen ist seit 35 Jahren ein Ort des Fairen Handelns, der Begegnung, der Information und des Mitwirkens an einer besseren Welt.Der Laden ruht auf den Schultern des Tr\u00e4gervereins &#8222;Eine-Welt Laden e.V.&#8220; mit z.Zt. 70 Mitgliedern und seinem 4-9k\u00f6pfigen ehrenamtlichen Vorstand, der sich um die Organisierung des Ladens k\u00fcmmert.&hellip;<\/p>\n","protected":false},"author":1,"featured_media":0,"parent":0,"menu_order":4,"comment_status":"closed","ping_status":"closed","template":"","meta":{"footnotes":""},"class_list":["post-219","page","type-page","status-publish","hentry","description-off"],"yoast_head":"<!-- This site is optimized with the Yoast SEO plugin v26.8 - https:\/\/yoast.com\/product\/yoast-seo-wordpress\/ -->\n<title>\u00dcber uns - Weltladen Neustadt\/Weinstrasse<\/title>\n<meta name=\"robots\" content=\"index, follow, max-snippet:-1, max-image-preview:large, max-video-preview:-1\" \/>\n<link rel=\"canonical\" href=\"https:\/\/weltlaeden.de\/neustadt-weinstrasse\/ueber-uns\/\" \/>\n<meta property=\"og:locale\" content=\"de_DE\" \/>\n<meta property=\"og:type\" content=\"article\" \/>\n<meta property=\"og:title\" content=\"\u00dcber uns - Weltladen Neustadt\/Weinstrasse\" \/>\n<meta property=\"og:description\" content=\"[vc_row][vc_column][vc_empty_space][vc_column_text] \u00dcber den Weltladen Neustadt [\/vc_column_text][vc_column_text]Der Neustadter Weltladen ist seit 35 Jahren ein Ort des Fairen Handelns, der Begegnung, der Information und des Mitwirkens an einer besseren Welt.Der Laden ruht auf den Schultern des Tr\u00e4gervereins &#8222;Eine-Welt Laden e.V.&#8220; mit z.Zt. 70 Mitgliedern und seinem 4-9k\u00f6pfigen ehrenamtlichen Vorstand, der sich um die Organisierung des Ladens k\u00fcmmert.&hellip;\" \/>\n<meta property=\"og:url\" content=\"https:\/\/weltlaeden.de\/neustadt-weinstrasse\/ueber-uns\/\" \/>\n<meta property=\"og:site_name\" content=\"Weltladen Neustadt\/Weinstrasse\" \/>\n<meta property=\"article:modified_time\" content=\"2025-05-01T20:08:07+00:00\" \/>\n<meta property=\"og:image\" content=\"https:\/\/weltlaeden.de\/neustadt-weinstrasse\/wp-content\/uploads\/sites\/31\/2018\/09\/GruppenbildEWL-300x225.jpg\" \/>\n<meta name=\"twitter:card\" content=\"summary_large_image\" \/>\n<meta name=\"twitter:label1\" content=\"Gesch\u00e4tzte Lesezeit\" \/>\n\t<meta name=\"twitter:data1\" content=\"2\u00a0Minuten\" \/>\n<script type=\"application\/ld+json\" class=\"yoast-schema-graph\">{\"@context\":\"https:\/\/schema.org\",\"@graph\":[{\"@type\":\"WebPage\",\"@id\":\"https:\/\/weltlaeden.de\/neustadt-weinstrasse\/ueber-uns\/\",\"url\":\"https:\/\/weltlaeden.de\/neustadt-weinstrasse\/ueber-uns\/\",\"name\":\"\u00dcber uns - Weltladen Neustadt\/Weinstrasse\",\"isPartOf\":{\"@id\":\"https:\/\/weltlaeden.de\/neustadt-weinstrasse\/#website\"},\"primaryImageOfPage\":{\"@id\":\"https:\/\/weltlaeden.de\/neustadt-weinstrasse\/ueber-uns\/#primaryimage\"},\"image\":{\"@id\":\"https:\/\/weltlaeden.de\/neustadt-weinstrasse\/ueber-uns\/#primaryimage\"},\"thumbnailUrl\":\"https:\/\/weltlaeden.de\/neustadt-weinstrasse\/wp-content\/uploads\/sites\/31\/2018\/09\/GruppenbildEWL-300x225.jpg\",\"datePublished\":\"2016-10-28T11:34:47+00:00\",\"dateModified\":\"2025-05-01T20:08:07+00:00\",\"breadcrumb\":{\"@id\":\"https:\/\/weltlaeden.de\/neustadt-weinstrasse\/ueber-uns\/#breadcrumb\"},\"inLanguage\":\"de\",\"potentialAction\":[{\"@type\":\"ReadAction\",\"target\":[\"https:\/\/weltlaeden.de\/neustadt-weinstrasse\/ueber-uns\/\"]}]},{\"@type\":\"ImageObject\",\"inLanguage\":\"de\",\"@id\":\"https:\/\/weltlaeden.de\/neustadt-weinstrasse\/ueber-uns\/#primaryimage\",\"url\":\"https:\/\/weltlaeden.de\/neustadt-weinstrasse\/wp-content\/uploads\/sites\/31\/2018\/09\/GruppenbildEWL.jpg\",\"contentUrl\":\"https:\/\/weltlaeden.de\/neustadt-weinstrasse\/wp-content\/uploads\/sites\/31\/2018\/09\/GruppenbildEWL.jpg\",\"width\":1920,\"height\":1440},{\"@type\":\"BreadcrumbList\",\"@id\":\"https:\/\/weltlaeden.de\/neustadt-weinstrasse\/ueber-uns\/#breadcrumb\",\"itemListElement\":[{\"@type\":\"ListItem\",\"position\":1,\"name\":\"Startseite\",\"item\":\"https:\/\/weltlaeden.de\/neustadt-weinstrasse\/\"},{\"@type\":\"ListItem\",\"position\":2,\"name\":\"\u00dcber uns\"}]},{\"@type\":\"WebSite\",\"@id\":\"https:\/\/weltlaeden.de\/neustadt-weinstrasse\/#website\",\"url\":\"https:\/\/weltlaeden.de\/neustadt-weinstrasse\/\",\"name\":\"Weltladen Neustadt\/Weinstrasse\",\"description\":\"Faire Produkte seit 1990\",\"potentialAction\":[{\"@type\":\"SearchAction\",\"target\":{\"@type\":\"EntryPoint\",\"urlTemplate\":\"https:\/\/weltlaeden.de\/neustadt-weinstrasse\/?s={search_term_string}\"},\"query-input\":{\"@type\":\"PropertyValueSpecification\",\"valueRequired\":true,\"valueName\":\"search_term_string\"}}],\"inLanguage\":\"de\"}]}<\/script>\n<!-- \/ Yoast SEO plugin. -->","yoast_head_json":{"title":"\u00dcber uns - Weltladen Neustadt\/Weinstrasse","robots":{"index":"index","follow":"follow","max-snippet":"max-snippet:-1","max-image-preview":"max-image-preview:large","max-video-preview":"max-video-preview:-1"},"canonical":"https:\/\/weltlaeden.de\/neustadt-weinstrasse\/ueber-uns\/","og_locale":"de_DE","og_type":"article","og_title":"\u00dcber uns - Weltladen Neustadt\/Weinstrasse","og_description":"[vc_row][vc_column][vc_empty_space][vc_column_text] \u00dcber den Weltladen Neustadt [\/vc_column_text][vc_column_text]Der Neustadter Weltladen ist seit 35 Jahren ein Ort des Fairen Handelns, der Begegnung, der Information und des Mitwirkens an einer besseren Welt.Der Laden ruht auf den Schultern des Tr\u00e4gervereins &#8222;Eine-Welt Laden e.V.&#8220; mit z.Zt. 70 Mitgliedern und seinem 4-9k\u00f6pfigen ehrenamtlichen Vorstand, der sich um die Organisierung des Ladens k\u00fcmmert.&hellip;","og_url":"https:\/\/weltlaeden.de\/neustadt-weinstrasse\/ueber-uns\/","og_site_name":"Weltladen Neustadt\/Weinstrasse","article_modified_time":"2025-05-01T20:08:07+00:00","og_image":[{"url":"https:\/\/weltlaeden.de\/neustadt-weinstrasse\/wp-content\/uploads\/sites\/31\/2018\/09\/GruppenbildEWL-300x225.jpg","type":"","width":"","height":""}],"twitter_card":"summary_large_image","twitter_misc":{"Gesch\u00e4tzte Lesezeit":"2\u00a0Minuten"},"schema":{"@context":"https:\/\/schema.org","@graph":[{"@type":"WebPage","@id":"https:\/\/weltlaeden.de\/neustadt-weinstrasse\/ueber-uns\/","url":"https:\/\/weltlaeden.de\/neustadt-weinstrasse\/ueber-uns\/","name":"\u00dcber uns - Weltladen Neustadt\/Weinstrasse","isPartOf":{"@id":"https:\/\/weltlaeden.de\/neustadt-weinstrasse\/#website"},"primaryImageOfPage":{"@id":"https:\/\/weltlaeden.de\/neustadt-weinstrasse\/ueber-uns\/#primaryimage"},"image":{"@id":"https:\/\/weltlaeden.de\/neustadt-weinstrasse\/ueber-uns\/#primaryimage"},"thumbnailUrl":"https:\/\/weltlaeden.de\/neustadt-weinstrasse\/wp-content\/uploads\/sites\/31\/2018\/09\/GruppenbildEWL-300x225.jpg","datePublished":"2016-10-28T11:34:47+00:00","dateModified":"2025-05-01T20:08:07+00:00","breadcrumb":{"@id":"https:\/\/weltlaeden.de\/neustadt-weinstrasse\/ueber-uns\/#breadcrumb"},"inLanguage":"de","potentialAction":[{"@type":"ReadAction","target":["https:\/\/weltlaeden.de\/neustadt-weinstrasse\/ueber-uns\/"]}]},{"@type":"ImageObject","inLanguage":"de","@id":"https:\/\/weltlaeden.de\/neustadt-weinstrasse\/ueber-uns\/#primaryimage","url":"https:\/\/weltlaeden.de\/neustadt-weinstrasse\/wp-content\/uploads\/sites\/31\/2018\/09\/GruppenbildEWL.jpg","contentUrl":"https:\/\/weltlaeden.de\/neustadt-weinstrasse\/wp-content\/uploads\/sites\/31\/2018\/09\/GruppenbildEWL.jpg","width":1920,"height":1440},{"@type":"BreadcrumbList","@id":"https:\/\/weltlaeden.de\/neustadt-weinstrasse\/ueber-uns\/#breadcrumb","itemListElement":[{"@type":"ListItem","position":1,"name":"Startseite","item":"https:\/\/weltlaeden.de\/neustadt-weinstrasse\/"},{"@type":"ListItem","position":2,"name":"\u00dcber uns"}]},{"@type":"WebSite","@id":"https:\/\/weltlaeden.de\/neustadt-weinstrasse\/#website","url":"https:\/\/weltlaeden.de\/neustadt-weinstrasse\/","name":"Weltladen Neustadt\/Weinstrasse","description":"Faire Produkte seit 1990","potentialAction":[{"@type":"SearchAction","target":{"@type":"EntryPoint","urlTemplate":"https:\/\/weltlaeden.de\/neustadt-weinstrasse\/?s={search_term_string}"},"query-input":{"@type":"PropertyValueSpecification","valueRequired":true,"valueName":"search_term_string"}}],"inLanguage":"de"}]}},"_links":{"self":[{"href":"https:\/\/weltlaeden.de\/neustadt-weinstrasse\/wp-json\/wp\/v2\/pages\/219","targetHints":{"allow":["GET"]}}],"collection":[{"href":"https:\/\/weltlaeden.de\/neustadt-weinstrasse\/wp-json\/wp\/v2\/pages"}],"about":[{"href":"https:\/\/weltlaeden.de\/neustadt-weinstrasse\/wp-json\/wp\/v2\/types\/page"}],"author":[{"embeddable":true,"href":"https:\/\/weltlaeden.de\/neustadt-weinstrasse\/wp-json\/wp\/v2\/users\/1"}],"replies":[{"embeddable":true,"href":"https:\/\/weltlaeden.de\/neustadt-weinstrasse\/wp-json\/wp\/v2\/comments?post=219"}],"version-history":[{"count":39,"href":"https:\/\/weltlaeden.de\/neustadt-weinstrasse\/wp-json\/wp\/v2\/pages\/219\/revisions"}],"predecessor-version":[{"id":1015,"href":"https:\/\/weltlaeden.de\/neustadt-weinstrasse\/wp-json\/wp\/v2\/pages\/219\/revisions\/1015"}],"wp:attachment":[{"href":"https:\/\/weltlaeden.de\/neustadt-weinstrasse\/wp-json\/wp\/v2\/media?parent=219"}],"curies":[{"name":"wp","href":"https:\/\/api.w.org\/{rel}","templated":true}]}}