{"id":20,"date":"2016-10-14T09:05:21","date_gmt":"2016-10-14T07:05:21","guid":{"rendered":"https:\/\/wl.heimpixel.de\/vorlage\/weltladen-musterdorf\/"},"modified":"2026-03-16T11:10:19","modified_gmt":"2026-03-16T10:10:19","slug":"weltladen-neustadtweinstrasse","status":"publish","type":"page","link":"https:\/\/weltlaeden.de\/neustadt-weinstrasse\/","title":{"rendered":"Weltladen Neustadt\/Weinstrasse"},"content":{"rendered":"<div class=\"wpb-content-wrapper\"><p>[vc_row][vc_column][vc_column_text]<\/p>\n<h1 style=\"text-align: center\">Willkommen im Weltladen Neustadt\/Weinstrasse!<\/h1>\n<table style=\"width: 100%\" border=\"0\">\n<tbody>\n<tr>\n<td style=\"vertical-align: top;background-color: white;text-align: center\">\n<div id=\"attachment_1201\" style=\"width: 360px\" class=\"wp-caption alignnone\"><img loading=\"lazy\" decoding=\"async\" aria-describedby=\"caption-attachment-1201\" class=\"wp-image-1201\" src=\"https:\/\/weltlaeden.de\/neustadt-weinstrasse\/wp-content\/uploads\/sites\/31\/2025\/05\/Weltladen_NW_Frontansicht-300x219.png\" alt=\"Der Weltladen in der Stangenbrunnengasse 17\" width=\"350\" height=\"256\" srcset=\"https:\/\/weltlaeden.de\/neustadt-weinstrasse\/wp-content\/uploads\/sites\/31\/2025\/05\/Weltladen_NW_Frontansicht-300x219.png 300w, https:\/\/weltlaeden.de\/neustadt-weinstrasse\/wp-content\/uploads\/sites\/31\/2025\/05\/Weltladen_NW_Frontansicht-1024x749.png 1024w, https:\/\/weltlaeden.de\/neustadt-weinstrasse\/wp-content\/uploads\/sites\/31\/2025\/05\/Weltladen_NW_Frontansicht-768x562.png 768w, https:\/\/weltlaeden.de\/neustadt-weinstrasse\/wp-content\/uploads\/sites\/31\/2025\/05\/Weltladen_NW_Frontansicht-1536x1123.png 1536w, https:\/\/weltlaeden.de\/neustadt-weinstrasse\/wp-content\/uploads\/sites\/31\/2025\/05\/Weltladen_NW_Frontansicht-2048x1498.png 2048w\" sizes=\"auto, (max-width: 350px) 100vw, 350px\" \/><p id=\"caption-attachment-1201\" class=\"wp-caption-text\">Der Weltladen in der Stangenbrunnengasse 17<\/p><\/div>\n<h4><\/h4>\n<\/td>\n<td style=\"text-align: left;vertical-align: top;background-color: white\">\n<h2 style=\"text-align: center\">Wir freuen uns auf Ihren Besuch.<\/h2>\n<p>St\u00f6bern Sie in unserem Angebot an <span style=\"color: #ff6600\"><strong>fairen<\/strong><\/span> Lebensmitteln wie Kaffee, Tee, Honig und vielen anderen Produkten.<\/p>\n<p>Suchen Sie sch\u00f6ne Dinge f\u00fcr Ihre Wohnung, Geschenke f\u00fcr alle Gelegenheiten, Lederwaren und viele Dinge f\u00fcr den t\u00e4glichen Gebrauch. Unsere Angebot an <span style=\"color: #ff6600\"><strong>fair gehandelten Produkten<\/strong><\/span> \u00fcberzeugt sie bestimmt.<\/p>\n<table style=\"width: 488px;height: 28px\" border=\"0\">\n<tbody>\n<tr>\n<td>Pressemeldungen aus<\/td>\n<td><a href=\"https:\/\/weltlaeden.de\/neustadt-weinstrasse\/presse\/\"><img loading=\"lazy\" decoding=\"async\" class=\"alignleft wp-image-1163\" src=\"https:\/\/weltlaeden.de\/neustadt-weinstrasse\/wp-content\/uploads\/sites\/31\/2025\/03\/Die-Rheinpfalz-300x35.png\" alt=\"Die Rheinpfalz - Zeitung f\u00fcr die Pfalz\" width=\"150\" height=\"18\" srcset=\"https:\/\/weltlaeden.de\/neustadt-weinstrasse\/wp-content\/uploads\/sites\/31\/2025\/03\/Die-Rheinpfalz-300x35.png 300w, https:\/\/weltlaeden.de\/neustadt-weinstrasse\/wp-content\/uploads\/sites\/31\/2025\/03\/Die-Rheinpfalz.png 600w\" sizes=\"auto, (max-width: 150px) 100vw, 150px\" \/><\/a><\/td>\n<\/tr>\n<\/tbody>\n<\/table>\n<p>&nbsp;<\/p>\n<p>&nbsp;<\/td>\n<\/tr>\n<\/tbody>\n<\/table>\n<p>[\/vc_column_text][\/vc_column][\/vc_row][vc_row][vc_column][vc_tta_pageable no_fill_content_area=&#8220;1&#8243; autoplay=&#8220;5&#8243; active_section=&#8220;1&#8243; pagination_style=&#8220;flat-round&#8220; pagination_color=&#8220;orange&#8220; css_animation=&#8220;fadeIn&#8220;][vc_tta_section title=&#8220;Inhaltsbereich 1&#8243; tab_id=&#8220;1530995825231-9976d6fc-a6ae&#8220;][vc_single_image image=&#8220;481&#8243; img_size=&#8220;full&#8220;][\/vc_tta_section][vc_tta_section title=&#8220;Inhaltsbereich 2&#8243; tab_id=&#8220;1530995825274-919d862e-f7cc&#8220;][vc_single_image image=&#8220;459&#8243; img_size=&#8220;full&#8220;][\/vc_tta_section][vc_tta_section title=&#8220;Inhaltsbereich&#8220; tab_id=&#8220;1530995908066-3e043d1c-50a7&#8243;][vc_single_image image=&#8220;454&#8243; img_size=&#8220;full&#8220;][\/vc_tta_section][\/vc_tta_pageable][vc_row_inner][vc_column_inner][vc_column_text]Willkommen auf der Homepage des Eine-Welt-Ladens in Neustadt an der Weinstra\u00dfe, Stangenbrunnengasse 17.<\/p>\n<p style=\"text-align: center\"><strong>Wir freuen uns auch auf Ihren pers\u00f6nlichen Besuch.<\/strong><\/p>\n<p>Ein kurzes Video zeigt, wie wir die Gegenwart sehen und in welcher Zukunft wir uns verorten:<\/p>\n<p><a href=\"https:\/\/www.youtube.com\/watch?v=v6SNGTCtIL8\" target=\"_blank\" rel=\"noopener\">\u00a0 \u00a0 \u00a0 \u00a0 \u00a0 \u00a0 \u00a0 https:\/\/www.youtube.com\/watch?v=v6SNGTCtIL8<\/a><\/p>\n<p>&nbsp;<\/p>\n<p>Einen sehr anschaulichen Eindruck ,wie Fairer Handel funktioniert, vermittelt ein weiteres Video:<\/p>\n<p><a href=\"https:\/\/www.youtube.com\/watch?v=nl3l6mMdyCA\" target=\"_blank\" rel=\"noopener\">\u00a0 \u00a0 \u00a0 \u00a0 \u00a0 \u00a0 \u00a0\u00a0 https:\/\/www.youtube.com\/watch?v=nl3l6mMdyCA<\/a><\/p>\n<p>&nbsp;<\/p>\n<p>[\/vc_column_text][\/vc_column_inner][\/vc_row_inner][vc_empty_space height=&#8220;64px&#8220;][\/vc_column][\/vc_row][vc_row][vc_column][vc_column_text]<\/p>\n<p>&nbsp;<\/p>\n<\/div>","protected":false},"excerpt":{"rendered":"<p>[vc_row][vc_column][vc_column_text] Willkommen im Weltladen Neustadt\/Weinstrasse! Wir freuen uns auf Ihren Besuch. St\u00f6bern Sie in unserem Angebot an fairen Lebensmitteln wie Kaffee, Tee, Honig und vielen anderen Produkten. Suchen Sie sch\u00f6ne Dinge f\u00fcr Ihre Wohnung, Geschenke f\u00fcr alle Gelegenheiten, Lederwaren und viele Dinge f\u00fcr den t\u00e4glichen Gebrauch. Unsere Angebot an fair gehandelten Produkten \u00fcberzeugt sie bestimmt.&hellip;<\/p>\n","protected":false},"author":1,"featured_media":0,"parent":0,"menu_order":0,"comment_status":"closed","ping_status":"closed","template":"","meta":{"footnotes":""},"class_list":["post-20","page","type-page","status-publish","hentry","description-off"],"yoast_head":"<!-- This site is optimized with the Yoast SEO plugin v26.8 - https:\/\/yoast.com\/product\/yoast-seo-wordpress\/ -->\n<title>Weltladen Neustadt\/Weinstrasse - Weltladen Neustadt\/Weinstrasse<\/title>\n<meta name=\"description\" content=\"Willkommen auf der Homepage des Eine-Welt-Ladens in Neustadt an der Weinstra\u00dfe, Stangenbrunnengasse 17. Wir freuen uns auch auf Ihren pers\u00f6nlichen Besuch. Sie werden feststellen: Ein ganz besonderer Laden, in jeder Hinsicht.\" \/>\n<meta name=\"robots\" content=\"index, follow, max-snippet:-1, max-image-preview:large, max-video-preview:-1\" \/>\n<link rel=\"canonical\" href=\"https:\/\/weltlaeden.de\/neustadt-weinstrasse\/\" \/>\n<meta property=\"og:locale\" content=\"de_DE\" \/>\n<meta property=\"og:type\" content=\"article\" \/>\n<meta property=\"og:title\" content=\"Weltladen Neustadt\/Weinstrasse - Weltladen Neustadt\/Weinstrasse\" \/>\n<meta property=\"og:description\" content=\"Willkommen auf der Homepage des Eine-Welt-Ladens in Neustadt an der Weinstra\u00dfe, Stangenbrunnengasse 17. Wir freuen uns auch auf Ihren pers\u00f6nlichen Besuch. Sie werden feststellen: Ein ganz besonderer Laden, in jeder Hinsicht.\" \/>\n<meta property=\"og:url\" content=\"https:\/\/weltlaeden.de\/neustadt-weinstrasse\/\" \/>\n<meta property=\"og:site_name\" content=\"Weltladen Neustadt\/Weinstrasse\" \/>\n<meta property=\"article:modified_time\" content=\"2026-03-16T10:10:19+00:00\" \/>\n<meta property=\"og:image\" content=\"https:\/\/weltlaeden.de\/neustadt-weinstrasse\/wp-content\/uploads\/sites\/31\/2025\/05\/Weltladen_NW_Frontansicht-1024x749.png\" \/>\n\t<meta property=\"og:image:width\" content=\"1024\" \/>\n\t<meta property=\"og:image:height\" content=\"749\" \/>\n\t<meta property=\"og:image:type\" content=\"image\/png\" \/>\n<meta name=\"twitter:card\" content=\"summary_large_image\" \/>\n<meta name=\"twitter:label1\" content=\"Gesch\u00e4tzte Lesezeit\" \/>\n\t<meta name=\"twitter:data1\" content=\"2\u00a0Minuten\" \/>\n<script type=\"application\/ld+json\" class=\"yoast-schema-graph\">{\"@context\":\"https:\/\/schema.org\",\"@graph\":[{\"@type\":\"WebPage\",\"@id\":\"https:\/\/weltlaeden.de\/neustadt-weinstrasse\/\",\"url\":\"https:\/\/weltlaeden.de\/neustadt-weinstrasse\/\",\"name\":\"Weltladen Neustadt\/Weinstrasse - Weltladen Neustadt\/Weinstrasse\",\"isPartOf\":{\"@id\":\"https:\/\/weltlaeden.de\/neustadt-weinstrasse\/#website\"},\"primaryImageOfPage\":{\"@id\":\"https:\/\/weltlaeden.de\/neustadt-weinstrasse\/#primaryimage\"},\"image\":{\"@id\":\"https:\/\/weltlaeden.de\/neustadt-weinstrasse\/#primaryimage\"},\"thumbnailUrl\":\"https:\/\/weltlaeden.de\/neustadt-weinstrasse\/wp-content\/uploads\/sites\/31\/2025\/05\/Weltladen_NW_Frontansicht-300x219.png\",\"datePublished\":\"2016-10-14T07:05:21+00:00\",\"dateModified\":\"2026-03-16T10:10:19+00:00\",\"description\":\"Willkommen auf der Homepage des Eine-Welt-Ladens in Neustadt an der Weinstra\u00dfe, Stangenbrunnengasse 17. Wir freuen uns auch auf Ihren pers\u00f6nlichen Besuch. Sie werden feststellen: Ein ganz besonderer Laden, in jeder Hinsicht.\",\"breadcrumb\":{\"@id\":\"https:\/\/weltlaeden.de\/neustadt-weinstrasse\/#breadcrumb\"},\"inLanguage\":\"de\",\"potentialAction\":[{\"@type\":\"ReadAction\",\"target\":[\"https:\/\/weltlaeden.de\/neustadt-weinstrasse\/\"]}]},{\"@type\":\"ImageObject\",\"inLanguage\":\"de\",\"@id\":\"https:\/\/weltlaeden.de\/neustadt-weinstrasse\/#primaryimage\",\"url\":\"https:\/\/weltlaeden.de\/neustadt-weinstrasse\/wp-content\/uploads\/sites\/31\/2025\/05\/Weltladen_NW_Frontansicht.png\",\"contentUrl\":\"https:\/\/weltlaeden.de\/neustadt-weinstrasse\/wp-content\/uploads\/sites\/31\/2025\/05\/Weltladen_NW_Frontansicht.png\",\"width\":2099,\"height\":1535},{\"@type\":\"BreadcrumbList\",\"@id\":\"https:\/\/weltlaeden.de\/neustadt-weinstrasse\/#breadcrumb\",\"itemListElement\":[{\"@type\":\"ListItem\",\"position\":1,\"name\":\"Startseite\",\"item\":\"https:\/\/weltlaeden.de\/neustadt-weinstrasse\/\"},{\"@type\":\"ListItem\",\"position\":2,\"name\":\"Weltladen Neustadt\/Weinstrasse\"}]},{\"@type\":\"WebSite\",\"@id\":\"https:\/\/weltlaeden.de\/neustadt-weinstrasse\/#website\",\"url\":\"https:\/\/weltlaeden.de\/neustadt-weinstrasse\/\",\"name\":\"Weltladen Neustadt\/Weinstrasse\",\"description\":\"Faire Produkte seit 1990\",\"potentialAction\":[{\"@type\":\"SearchAction\",\"target\":{\"@type\":\"EntryPoint\",\"urlTemplate\":\"https:\/\/weltlaeden.de\/neustadt-weinstrasse\/?s={search_term_string}\"},\"query-input\":{\"@type\":\"PropertyValueSpecification\",\"valueRequired\":true,\"valueName\":\"search_term_string\"}}],\"inLanguage\":\"de\"}]}<\/script>\n<!-- \/ Yoast SEO plugin. -->","yoast_head_json":{"title":"Weltladen Neustadt\/Weinstrasse - Weltladen Neustadt\/Weinstrasse","description":"Willkommen auf der Homepage des Eine-Welt-Ladens in Neustadt an der Weinstra\u00dfe, Stangenbrunnengasse 17. Wir freuen uns auch auf Ihren pers\u00f6nlichen Besuch. Sie werden feststellen: Ein ganz besonderer Laden, in jeder Hinsicht.","robots":{"index":"index","follow":"follow","max-snippet":"max-snippet:-1","max-image-preview":"max-image-preview:large","max-video-preview":"max-video-preview:-1"},"canonical":"https:\/\/weltlaeden.de\/neustadt-weinstrasse\/","og_locale":"de_DE","og_type":"article","og_title":"Weltladen Neustadt\/Weinstrasse - Weltladen Neustadt\/Weinstrasse","og_description":"Willkommen auf der Homepage des Eine-Welt-Ladens in Neustadt an der Weinstra\u00dfe, Stangenbrunnengasse 17. Wir freuen uns auch auf Ihren pers\u00f6nlichen Besuch. Sie werden feststellen: Ein ganz besonderer Laden, in jeder Hinsicht.","og_url":"https:\/\/weltlaeden.de\/neustadt-weinstrasse\/","og_site_name":"Weltladen Neustadt\/Weinstrasse","article_modified_time":"2026-03-16T10:10:19+00:00","og_image":[{"width":1024,"height":749,"url":"https:\/\/weltlaeden.de\/neustadt-weinstrasse\/wp-content\/uploads\/sites\/31\/2025\/05\/Weltladen_NW_Frontansicht-1024x749.png","type":"image\/png"}],"twitter_card":"summary_large_image","twitter_misc":{"Gesch\u00e4tzte Lesezeit":"2\u00a0Minuten"},"schema":{"@context":"https:\/\/schema.org","@graph":[{"@type":"WebPage","@id":"https:\/\/weltlaeden.de\/neustadt-weinstrasse\/","url":"https:\/\/weltlaeden.de\/neustadt-weinstrasse\/","name":"Weltladen Neustadt\/Weinstrasse - Weltladen Neustadt\/Weinstrasse","isPartOf":{"@id":"https:\/\/weltlaeden.de\/neustadt-weinstrasse\/#website"},"primaryImageOfPage":{"@id":"https:\/\/weltlaeden.de\/neustadt-weinstrasse\/#primaryimage"},"image":{"@id":"https:\/\/weltlaeden.de\/neustadt-weinstrasse\/#primaryimage"},"thumbnailUrl":"https:\/\/weltlaeden.de\/neustadt-weinstrasse\/wp-content\/uploads\/sites\/31\/2025\/05\/Weltladen_NW_Frontansicht-300x219.png","datePublished":"2016-10-14T07:05:21+00:00","dateModified":"2026-03-16T10:10:19+00:00","description":"Willkommen auf der Homepage des Eine-Welt-Ladens in Neustadt an der Weinstra\u00dfe, Stangenbrunnengasse 17. Wir freuen uns auch auf Ihren pers\u00f6nlichen Besuch. Sie werden feststellen: Ein ganz besonderer Laden, in jeder Hinsicht.","breadcrumb":{"@id":"https:\/\/weltlaeden.de\/neustadt-weinstrasse\/#breadcrumb"},"inLanguage":"de","potentialAction":[{"@type":"ReadAction","target":["https:\/\/weltlaeden.de\/neustadt-weinstrasse\/"]}]},{"@type":"ImageObject","inLanguage":"de","@id":"https:\/\/weltlaeden.de\/neustadt-weinstrasse\/#primaryimage","url":"https:\/\/weltlaeden.de\/neustadt-weinstrasse\/wp-content\/uploads\/sites\/31\/2025\/05\/Weltladen_NW_Frontansicht.png","contentUrl":"https:\/\/weltlaeden.de\/neustadt-weinstrasse\/wp-content\/uploads\/sites\/31\/2025\/05\/Weltladen_NW_Frontansicht.png","width":2099,"height":1535},{"@type":"BreadcrumbList","@id":"https:\/\/weltlaeden.de\/neustadt-weinstrasse\/#breadcrumb","itemListElement":[{"@type":"ListItem","position":1,"name":"Startseite","item":"https:\/\/weltlaeden.de\/neustadt-weinstrasse\/"},{"@type":"ListItem","position":2,"name":"Weltladen Neustadt\/Weinstrasse"}]},{"@type":"WebSite","@id":"https:\/\/weltlaeden.de\/neustadt-weinstrasse\/#website","url":"https:\/\/weltlaeden.de\/neustadt-weinstrasse\/","name":"Weltladen Neustadt\/Weinstrasse","description":"Faire Produkte seit 1990","potentialAction":[{"@type":"SearchAction","target":{"@type":"EntryPoint","urlTemplate":"https:\/\/weltlaeden.de\/neustadt-weinstrasse\/?s={search_term_string}"},"query-input":{"@type":"PropertyValueSpecification","valueRequired":true,"valueName":"search_term_string"}}],"inLanguage":"de"}]}},"_links":{"self":[{"href":"https:\/\/weltlaeden.de\/neustadt-weinstrasse\/wp-json\/wp\/v2\/pages\/20","targetHints":{"allow":["GET"]}}],"collection":[{"href":"https:\/\/weltlaeden.de\/neustadt-weinstrasse\/wp-json\/wp\/v2\/pages"}],"about":[{"href":"https:\/\/weltlaeden.de\/neustadt-weinstrasse\/wp-json\/wp\/v2\/types\/page"}],"author":[{"embeddable":true,"href":"https:\/\/weltlaeden.de\/neustadt-weinstrasse\/wp-json\/wp\/v2\/users\/1"}],"replies":[{"embeddable":true,"href":"https:\/\/weltlaeden.de\/neustadt-weinstrasse\/wp-json\/wp\/v2\/comments?post=20"}],"version-history":[{"count":203,"href":"https:\/\/weltlaeden.de\/neustadt-weinstrasse\/wp-json\/wp\/v2\/pages\/20\/revisions"}],"predecessor-version":[{"id":950,"href":"https:\/\/weltlaeden.de\/neustadt-weinstrasse\/wp-json\/wp\/v2\/pages\/20\/revisions\/950"}],"wp:attachment":[{"href":"https:\/\/weltlaeden.de\/neustadt-weinstrasse\/wp-json\/wp\/v2\/media?parent=20"}],"curies":[{"name":"wp","href":"https:\/\/api.w.org\/{rel}","templated":true}]}}