{"id":1085,"date":"2025-02-11T12:34:30","date_gmt":"2025-02-11T11:34:30","guid":{"rendered":"https:\/\/weltlaeden.de\/neustadt-weinstrasse\/?page_id=1085"},"modified":"2025-03-01T11:10:49","modified_gmt":"2025-03-01T10:10:49","slug":"wein-trifft-schokolade-eine-besondere-weinprobe","status":"publish","type":"page","link":"https:\/\/weltlaeden.de\/neustadt-weinstrasse\/aktionen\/wein-trifft-schokolade-eine-besondere-weinprobe\/","title":{"rendered":"Wein trifft Schokolade \u2013 eine besondere Weinprobe"},"content":{"rendered":"<h1>Wein trifft Schokolade \u2013 eine besondere Weinprobe<\/h1>\n<p><a href=\"https:\/\/weltlaeden.de\/neustadt-weinstrasse\/wp-content\/uploads\/sites\/31\/2025\/02\/Veranstaltung_Wein_trifft_Schoko_2025.pdf\" target=\"_blank\" rel=\"noopener\"><img loading=\"lazy\" decoding=\"async\" class=\"size-medium wp-image-1111 alignleft\" src=\"https:\/\/weltlaeden.de\/neustadt-weinstrasse\/wp-content\/uploads\/sites\/31\/2025\/02\/Veranstaltung_Wein_trifft_Schokolade_2025-208x300.jpg\" alt=\"&quot;Wein trifft Schokolade&quot; - eine Veranstaltung des Weltladen Neustadt\/Weinstrasse\" width=\"208\" height=\"300\" srcset=\"https:\/\/weltlaeden.de\/neustadt-weinstrasse\/wp-content\/uploads\/sites\/31\/2025\/02\/Veranstaltung_Wein_trifft_Schokolade_2025-208x300.jpg 208w, https:\/\/weltlaeden.de\/neustadt-weinstrasse\/wp-content\/uploads\/sites\/31\/2025\/02\/Veranstaltung_Wein_trifft_Schokolade_2025-709x1024.jpg 709w, https:\/\/weltlaeden.de\/neustadt-weinstrasse\/wp-content\/uploads\/sites\/31\/2025\/02\/Veranstaltung_Wein_trifft_Schokolade_2025-768x1109.jpg 768w, https:\/\/weltlaeden.de\/neustadt-weinstrasse\/wp-content\/uploads\/sites\/31\/2025\/02\/Veranstaltung_Wein_trifft_Schokolade_2025.jpg 849w\" sizes=\"auto, (max-width: 208px) 100vw, 208px\" \/><\/a>Der Weltladen Neustadt feiert in diesem Jahr sein 35-j\u00e4hriges Jubil\u00e4um. Aus diesem Anlass veranstaltet der Weltladen einen Abend unter dem Motto: <strong>\u201eWein trifft Schokolade\u201c<\/strong>.<\/p>\n<p>Gemeinsam mit Weinen aus dem <strong><a href=\"https:\/\/steigelmann.de\/\" target=\"_blank\" rel=\"noopener\">Bio-Weingut Thomas Steigelmann<\/a><\/strong>, der Schokolade aus dem Weltladen und den Kultur- und Weinbotschaftern <strong><a href=\"https:\/\/www.kultur-und-weinbotschafter.de\/pfalz\/ueber-uns\/das-sind-wir\/martina-schnitzer-stumpf\" target=\"_blank\" rel=\"noopener\">Martina Schnitzer-Stumpf<\/a><\/strong> und <strong><a href=\"https:\/\/www.kultur-und-weinbotschafter.de\/pfalz\/ueber-uns\/das-sind-wir\/andreas-stumpf\" target=\"_blank\" rel=\"noopener\">Andreas Stumpf<\/a><\/strong>, begeben wir uns auf Geschmacksreise in die Welt der Aromen. Wein und Schokolade verbinden sich an diesem Abend in besonderen Kombinationen.<\/p>\n<p>Die Weinprobe beinhaltet einen Begr\u00fc\u00dfungsschluck, 7 verschiedene Weine mit den dazu passenden Schokoladen, Mineralwasser und musikalische Unterhaltung.<\/p>\n<p>Mit dieser Weinprobe wird die Bolivien-Partnerschaft der ev. Kirchengemeinde Gimmeldingen unterst\u00fctzt. Dort wird das Kulturzentrum Ayopayamanta, das Radioprojekt, die N\u00e4hwerkstatt und eine Initiative zur M\u00fcllentsorgung, gef\u00f6rdert.<\/p>\n<p>Die Probe \u201eWein trifft Schokolade\u201c findet statt am Mittwoch, 30. April 2025, um 19.30 Uhr im evangelischen Pfarrheim in Gimmeldingen, Kirchplatz 2.<\/p>\n<p><strong>Karten k\u00f6nnen im Vorverkauf im Weltladen, Stangenbrunnengasse 17 und im Weingut Thomas Steigelmann, Kurpfalzstra\u00dfe 193, Gimmeldingen zum Preis von 30,&#8211; \u20ac erworben werden.<\/strong><\/p>\n","protected":false},"excerpt":{"rendered":"<p>Wein trifft Schokolade \u2013 eine besondere Weinprobe Der Weltladen Neustadt feiert in diesem Jahr sein 35-j\u00e4hriges Jubil\u00e4um. Aus diesem Anlass veranstaltet der Weltladen einen Abend unter dem Motto: \u201eWein trifft Schokolade\u201c. Gemeinsam mit Weinen aus dem Bio-Weingut Thomas Steigelmann, der Schokolade aus dem Weltladen und den Kultur- und Weinbotschaftern Martina Schnitzer-Stumpf und Andreas Stumpf, begeben&hellip;<\/p>\n","protected":false},"author":53,"featured_media":0,"parent":663,"menu_order":4,"comment_status":"closed","ping_status":"closed","template":"","meta":{"footnotes":""},"class_list":["post-1085","page","type-page","status-publish","hentry","description-off"],"yoast_head":"<!-- This site is optimized with the Yoast SEO plugin v26.8 - https:\/\/yoast.com\/product\/yoast-seo-wordpress\/ -->\n<title>Wein trifft Schokolade \u2013 eine besondere Weinprobe - Weltladen Neustadt\/Weinstrasse<\/title>\n<meta name=\"description\" content=\"Wein trifft Schokolade \u2013 eine besondere Weinprobe. Der Weltladen Neustadt feiert in diesem Jahr sein 35-j\u00e4hriges Jubil\u00e4um. Aus diesem Anlass veranstaltet der Weltladen einen Abend unter dem Motto: \u201eWein trifft Schokolade\u201c.Gemeinsam mit Weinen aus dem Bio-Weingut Thomas Steigelmann, der Schokolade aus dem Weltladen und den Kultur- und Weinbotschaftern Martina Schnitzer-Stumpf und Andreas Stumpf, begeben wir uns auf Geschmacksreise in die Welt der Aromen. Wein und Schokolade verbinden sich an diesem Abend in besonderen Kombinationen.Die Weinprobe beinhaltet einen Begr\u00fc\u00dfungsschluck, 7 verschiedene Weine mit den dazu passenden Schokoladen, Mineralwasser und musikalische Unterhaltung.Mit dieser Weinprobe wird die Bolivien-Partnerschaft der ev. Kirchengemeinde Gimmeldingen unterst\u00fctzt. Dort wird das Kulturzentrum Ayopayamanta, das Radioprojekt, die N\u00e4hwerkstatt und eine Initiative zur M\u00fcllentsorgung, gef\u00f6rdert.Die Probe \u201eWein trifft Schokolade\u201c findet statt am Mittwoch, 30. April 2025, um 19.30 Uhr im evangelischen Pfarrheim in Gimmeldingen, Kirchplatz 2.\" \/>\n<meta name=\"robots\" content=\"index, follow, max-snippet:-1, max-image-preview:large, max-video-preview:-1\" \/>\n<link rel=\"canonical\" href=\"https:\/\/weltlaeden.de\/neustadt-weinstrasse\/aktionen\/wein-trifft-schokolade-eine-besondere-weinprobe\/\" \/>\n<meta property=\"og:locale\" content=\"de_DE\" \/>\n<meta property=\"og:type\" content=\"article\" \/>\n<meta property=\"og:title\" content=\"Wein trifft Schokolade \u2013 eine besondere Weinprobe - Weltladen Neustadt\/Weinstrasse\" \/>\n<meta property=\"og:description\" content=\"Wein trifft Schokolade \u2013 eine besondere Weinprobe. Der Weltladen Neustadt feiert in diesem Jahr sein 35-j\u00e4hriges Jubil\u00e4um. Aus diesem Anlass veranstaltet der Weltladen einen Abend unter dem Motto: \u201eWein trifft Schokolade\u201c.Gemeinsam mit Weinen aus dem Bio-Weingut Thomas Steigelmann, der Schokolade aus dem Weltladen und den Kultur- und Weinbotschaftern Martina Schnitzer-Stumpf und Andreas Stumpf, begeben wir uns auf Geschmacksreise in die Welt der Aromen. Wein und Schokolade verbinden sich an diesem Abend in besonderen Kombinationen.Die Weinprobe beinhaltet einen Begr\u00fc\u00dfungsschluck, 7 verschiedene Weine mit den dazu passenden Schokoladen, Mineralwasser und musikalische Unterhaltung.Mit dieser Weinprobe wird die Bolivien-Partnerschaft der ev. Kirchengemeinde Gimmeldingen unterst\u00fctzt. Dort wird das Kulturzentrum Ayopayamanta, das Radioprojekt, die N\u00e4hwerkstatt und eine Initiative zur M\u00fcllentsorgung, gef\u00f6rdert.Die Probe \u201eWein trifft Schokolade\u201c findet statt am Mittwoch, 30. April 2025, um 19.30 Uhr im evangelischen Pfarrheim in Gimmeldingen, Kirchplatz 2.\" \/>\n<meta property=\"og:url\" content=\"https:\/\/weltlaeden.de\/neustadt-weinstrasse\/aktionen\/wein-trifft-schokolade-eine-besondere-weinprobe\/\" \/>\n<meta property=\"og:site_name\" content=\"Weltladen Neustadt\/Weinstrasse\" \/>\n<meta property=\"article:modified_time\" content=\"2025-03-01T10:10:49+00:00\" \/>\n<meta property=\"og:image\" content=\"https:\/\/weltlaeden.de\/neustadt-weinstrasse\/wp-content\/uploads\/sites\/31\/2025\/02\/Veranstaltung_Wein_trifft_Schokolade_2025.jpg\" \/>\n\t<meta property=\"og:image:width\" content=\"849\" \/>\n\t<meta property=\"og:image:height\" content=\"1226\" \/>\n\t<meta property=\"og:image:type\" content=\"image\/jpeg\" \/>\n<meta name=\"twitter:card\" content=\"summary_large_image\" \/>\n<meta name=\"twitter:label1\" content=\"Gesch\u00e4tzte Lesezeit\" \/>\n\t<meta name=\"twitter:data1\" content=\"2\u00a0Minuten\" \/>\n<script type=\"application\/ld+json\" class=\"yoast-schema-graph\">{\"@context\":\"https:\/\/schema.org\",\"@graph\":[{\"@type\":\"WebPage\",\"@id\":\"https:\/\/weltlaeden.de\/neustadt-weinstrasse\/aktionen\/wein-trifft-schokolade-eine-besondere-weinprobe\/\",\"url\":\"https:\/\/weltlaeden.de\/neustadt-weinstrasse\/aktionen\/wein-trifft-schokolade-eine-besondere-weinprobe\/\",\"name\":\"Wein trifft Schokolade \u2013 eine besondere Weinprobe - Weltladen Neustadt\/Weinstrasse\",\"isPartOf\":{\"@id\":\"https:\/\/weltlaeden.de\/neustadt-weinstrasse\/#website\"},\"primaryImageOfPage\":{\"@id\":\"https:\/\/weltlaeden.de\/neustadt-weinstrasse\/aktionen\/wein-trifft-schokolade-eine-besondere-weinprobe\/#primaryimage\"},\"image\":{\"@id\":\"https:\/\/weltlaeden.de\/neustadt-weinstrasse\/aktionen\/wein-trifft-schokolade-eine-besondere-weinprobe\/#primaryimage\"},\"thumbnailUrl\":\"https:\/\/weltlaeden.de\/neustadt-weinstrasse\/wp-content\/uploads\/sites\/31\/2025\/02\/Veranstaltung_Wein_trifft_Schokolade_2025-208x300.jpg\",\"datePublished\":\"2025-02-11T11:34:30+00:00\",\"dateModified\":\"2025-03-01T10:10:49+00:00\",\"description\":\"Wein trifft Schokolade \u2013 eine besondere Weinprobe. Der Weltladen Neustadt feiert in diesem Jahr sein 35-j\u00e4hriges Jubil\u00e4um. Aus diesem Anlass veranstaltet der Weltladen einen Abend unter dem Motto: \u201eWein trifft Schokolade\u201c.Gemeinsam mit Weinen aus dem Bio-Weingut Thomas Steigelmann, der Schokolade aus dem Weltladen und den Kultur- und Weinbotschaftern Martina Schnitzer-Stumpf und Andreas Stumpf, begeben wir uns auf Geschmacksreise in die Welt der Aromen. Wein und Schokolade verbinden sich an diesem Abend in besonderen Kombinationen.Die Weinprobe beinhaltet einen Begr\u00fc\u00dfungsschluck, 7 verschiedene Weine mit den dazu passenden Schokoladen, Mineralwasser und musikalische Unterhaltung.Mit dieser Weinprobe wird die Bolivien-Partnerschaft der ev. Kirchengemeinde Gimmeldingen unterst\u00fctzt. Dort wird das Kulturzentrum Ayopayamanta, das Radioprojekt, die N\u00e4hwerkstatt und eine Initiative zur M\u00fcllentsorgung, gef\u00f6rdert.Die Probe \u201eWein trifft Schokolade\u201c findet statt am Mittwoch, 30. April 2025, um 19.30 Uhr im evangelischen Pfarrheim in Gimmeldingen, Kirchplatz 2.\",\"breadcrumb\":{\"@id\":\"https:\/\/weltlaeden.de\/neustadt-weinstrasse\/aktionen\/wein-trifft-schokolade-eine-besondere-weinprobe\/#breadcrumb\"},\"inLanguage\":\"de\",\"potentialAction\":[{\"@type\":\"ReadAction\",\"target\":[\"https:\/\/weltlaeden.de\/neustadt-weinstrasse\/aktionen\/wein-trifft-schokolade-eine-besondere-weinprobe\/\"]}]},{\"@type\":\"ImageObject\",\"inLanguage\":\"de\",\"@id\":\"https:\/\/weltlaeden.de\/neustadt-weinstrasse\/aktionen\/wein-trifft-schokolade-eine-besondere-weinprobe\/#primaryimage\",\"url\":\"https:\/\/weltlaeden.de\/neustadt-weinstrasse\/wp-content\/uploads\/sites\/31\/2025\/02\/Veranstaltung_Wein_trifft_Schokolade_2025.jpg\",\"contentUrl\":\"https:\/\/weltlaeden.de\/neustadt-weinstrasse\/wp-content\/uploads\/sites\/31\/2025\/02\/Veranstaltung_Wein_trifft_Schokolade_2025.jpg\",\"width\":849,\"height\":1226,\"caption\":\"\\\"Wein trifft Schokolade\\\" - eine Veranstaltung des Weltladen Neustadt\/Weinstrasse\"},{\"@type\":\"BreadcrumbList\",\"@id\":\"https:\/\/weltlaeden.de\/neustadt-weinstrasse\/aktionen\/wein-trifft-schokolade-eine-besondere-weinprobe\/#breadcrumb\",\"itemListElement\":[{\"@type\":\"ListItem\",\"position\":1,\"name\":\"Startseite\",\"item\":\"https:\/\/weltlaeden.de\/neustadt-weinstrasse\/\"},{\"@type\":\"ListItem\",\"position\":2,\"name\":\"Aktionen\",\"item\":\"https:\/\/weltlaeden.de\/neustadt-weinstrasse\/aktionen\/\"},{\"@type\":\"ListItem\",\"position\":3,\"name\":\"Wein trifft Schokolade \u2013 eine besondere Weinprobe\"}]},{\"@type\":\"WebSite\",\"@id\":\"https:\/\/weltlaeden.de\/neustadt-weinstrasse\/#website\",\"url\":\"https:\/\/weltlaeden.de\/neustadt-weinstrasse\/\",\"name\":\"Weltladen Neustadt\/Weinstrasse\",\"description\":\"Faire Produkte seit 1990\",\"potentialAction\":[{\"@type\":\"SearchAction\",\"target\":{\"@type\":\"EntryPoint\",\"urlTemplate\":\"https:\/\/weltlaeden.de\/neustadt-weinstrasse\/?s={search_term_string}\"},\"query-input\":{\"@type\":\"PropertyValueSpecification\",\"valueRequired\":true,\"valueName\":\"search_term_string\"}}],\"inLanguage\":\"de\"}]}<\/script>\n<!-- \/ Yoast SEO plugin. -->","yoast_head_json":{"title":"Wein trifft Schokolade \u2013 eine besondere Weinprobe - Weltladen Neustadt\/Weinstrasse","description":"Wein trifft Schokolade \u2013 eine besondere Weinprobe. Der Weltladen Neustadt feiert in diesem Jahr sein 35-j\u00e4hriges Jubil\u00e4um. Aus diesem Anlass veranstaltet der Weltladen einen Abend unter dem Motto: \u201eWein trifft Schokolade\u201c.Gemeinsam mit Weinen aus dem Bio-Weingut Thomas Steigelmann, der Schokolade aus dem Weltladen und den Kultur- und Weinbotschaftern Martina Schnitzer-Stumpf und Andreas Stumpf, begeben wir uns auf Geschmacksreise in die Welt der Aromen. Wein und Schokolade verbinden sich an diesem Abend in besonderen Kombinationen.Die Weinprobe beinhaltet einen Begr\u00fc\u00dfungsschluck, 7 verschiedene Weine mit den dazu passenden Schokoladen, Mineralwasser und musikalische Unterhaltung.Mit dieser Weinprobe wird die Bolivien-Partnerschaft der ev. Kirchengemeinde Gimmeldingen unterst\u00fctzt. Dort wird das Kulturzentrum Ayopayamanta, das Radioprojekt, die N\u00e4hwerkstatt und eine Initiative zur M\u00fcllentsorgung, gef\u00f6rdert.Die Probe \u201eWein trifft Schokolade\u201c findet statt am Mittwoch, 30. April 2025, um 19.30 Uhr im evangelischen Pfarrheim in Gimmeldingen, Kirchplatz 2.","robots":{"index":"index","follow":"follow","max-snippet":"max-snippet:-1","max-image-preview":"max-image-preview:large","max-video-preview":"max-video-preview:-1"},"canonical":"https:\/\/weltlaeden.de\/neustadt-weinstrasse\/aktionen\/wein-trifft-schokolade-eine-besondere-weinprobe\/","og_locale":"de_DE","og_type":"article","og_title":"Wein trifft Schokolade \u2013 eine besondere Weinprobe - Weltladen Neustadt\/Weinstrasse","og_description":"Wein trifft Schokolade \u2013 eine besondere Weinprobe. Der Weltladen Neustadt feiert in diesem Jahr sein 35-j\u00e4hriges Jubil\u00e4um. Aus diesem Anlass veranstaltet der Weltladen einen Abend unter dem Motto: \u201eWein trifft Schokolade\u201c.Gemeinsam mit Weinen aus dem Bio-Weingut Thomas Steigelmann, der Schokolade aus dem Weltladen und den Kultur- und Weinbotschaftern Martina Schnitzer-Stumpf und Andreas Stumpf, begeben wir uns auf Geschmacksreise in die Welt der Aromen. Wein und Schokolade verbinden sich an diesem Abend in besonderen Kombinationen.Die Weinprobe beinhaltet einen Begr\u00fc\u00dfungsschluck, 7 verschiedene Weine mit den dazu passenden Schokoladen, Mineralwasser und musikalische Unterhaltung.Mit dieser Weinprobe wird die Bolivien-Partnerschaft der ev. Kirchengemeinde Gimmeldingen unterst\u00fctzt. Dort wird das Kulturzentrum Ayopayamanta, das Radioprojekt, die N\u00e4hwerkstatt und eine Initiative zur M\u00fcllentsorgung, gef\u00f6rdert.Die Probe \u201eWein trifft Schokolade\u201c findet statt am Mittwoch, 30. April 2025, um 19.30 Uhr im evangelischen Pfarrheim in Gimmeldingen, Kirchplatz 2.","og_url":"https:\/\/weltlaeden.de\/neustadt-weinstrasse\/aktionen\/wein-trifft-schokolade-eine-besondere-weinprobe\/","og_site_name":"Weltladen Neustadt\/Weinstrasse","article_modified_time":"2025-03-01T10:10:49+00:00","og_image":[{"width":849,"height":1226,"url":"https:\/\/weltlaeden.de\/neustadt-weinstrasse\/wp-content\/uploads\/sites\/31\/2025\/02\/Veranstaltung_Wein_trifft_Schokolade_2025.jpg","type":"image\/jpeg"}],"twitter_card":"summary_large_image","twitter_misc":{"Gesch\u00e4tzte Lesezeit":"2\u00a0Minuten"},"schema":{"@context":"https:\/\/schema.org","@graph":[{"@type":"WebPage","@id":"https:\/\/weltlaeden.de\/neustadt-weinstrasse\/aktionen\/wein-trifft-schokolade-eine-besondere-weinprobe\/","url":"https:\/\/weltlaeden.de\/neustadt-weinstrasse\/aktionen\/wein-trifft-schokolade-eine-besondere-weinprobe\/","name":"Wein trifft Schokolade \u2013 eine besondere Weinprobe - Weltladen Neustadt\/Weinstrasse","isPartOf":{"@id":"https:\/\/weltlaeden.de\/neustadt-weinstrasse\/#website"},"primaryImageOfPage":{"@id":"https:\/\/weltlaeden.de\/neustadt-weinstrasse\/aktionen\/wein-trifft-schokolade-eine-besondere-weinprobe\/#primaryimage"},"image":{"@id":"https:\/\/weltlaeden.de\/neustadt-weinstrasse\/aktionen\/wein-trifft-schokolade-eine-besondere-weinprobe\/#primaryimage"},"thumbnailUrl":"https:\/\/weltlaeden.de\/neustadt-weinstrasse\/wp-content\/uploads\/sites\/31\/2025\/02\/Veranstaltung_Wein_trifft_Schokolade_2025-208x300.jpg","datePublished":"2025-02-11T11:34:30+00:00","dateModified":"2025-03-01T10:10:49+00:00","description":"Wein trifft Schokolade \u2013 eine besondere Weinprobe. Der Weltladen Neustadt feiert in diesem Jahr sein 35-j\u00e4hriges Jubil\u00e4um. Aus diesem Anlass veranstaltet der Weltladen einen Abend unter dem Motto: \u201eWein trifft Schokolade\u201c.Gemeinsam mit Weinen aus dem Bio-Weingut Thomas Steigelmann, der Schokolade aus dem Weltladen und den Kultur- und Weinbotschaftern Martina Schnitzer-Stumpf und Andreas Stumpf, begeben wir uns auf Geschmacksreise in die Welt der Aromen. Wein und Schokolade verbinden sich an diesem Abend in besonderen Kombinationen.Die Weinprobe beinhaltet einen Begr\u00fc\u00dfungsschluck, 7 verschiedene Weine mit den dazu passenden Schokoladen, Mineralwasser und musikalische Unterhaltung.Mit dieser Weinprobe wird die Bolivien-Partnerschaft der ev. Kirchengemeinde Gimmeldingen unterst\u00fctzt. Dort wird das Kulturzentrum Ayopayamanta, das Radioprojekt, die N\u00e4hwerkstatt und eine Initiative zur M\u00fcllentsorgung, gef\u00f6rdert.Die Probe \u201eWein trifft Schokolade\u201c findet statt am Mittwoch, 30. April 2025, um 19.30 Uhr im evangelischen Pfarrheim in Gimmeldingen, Kirchplatz 2.","breadcrumb":{"@id":"https:\/\/weltlaeden.de\/neustadt-weinstrasse\/aktionen\/wein-trifft-schokolade-eine-besondere-weinprobe\/#breadcrumb"},"inLanguage":"de","potentialAction":[{"@type":"ReadAction","target":["https:\/\/weltlaeden.de\/neustadt-weinstrasse\/aktionen\/wein-trifft-schokolade-eine-besondere-weinprobe\/"]}]},{"@type":"ImageObject","inLanguage":"de","@id":"https:\/\/weltlaeden.de\/neustadt-weinstrasse\/aktionen\/wein-trifft-schokolade-eine-besondere-weinprobe\/#primaryimage","url":"https:\/\/weltlaeden.de\/neustadt-weinstrasse\/wp-content\/uploads\/sites\/31\/2025\/02\/Veranstaltung_Wein_trifft_Schokolade_2025.jpg","contentUrl":"https:\/\/weltlaeden.de\/neustadt-weinstrasse\/wp-content\/uploads\/sites\/31\/2025\/02\/Veranstaltung_Wein_trifft_Schokolade_2025.jpg","width":849,"height":1226,"caption":"\"Wein trifft Schokolade\" - eine Veranstaltung des Weltladen Neustadt\/Weinstrasse"},{"@type":"BreadcrumbList","@id":"https:\/\/weltlaeden.de\/neustadt-weinstrasse\/aktionen\/wein-trifft-schokolade-eine-besondere-weinprobe\/#breadcrumb","itemListElement":[{"@type":"ListItem","position":1,"name":"Startseite","item":"https:\/\/weltlaeden.de\/neustadt-weinstrasse\/"},{"@type":"ListItem","position":2,"name":"Aktionen","item":"https:\/\/weltlaeden.de\/neustadt-weinstrasse\/aktionen\/"},{"@type":"ListItem","position":3,"name":"Wein trifft Schokolade \u2013 eine besondere Weinprobe"}]},{"@type":"WebSite","@id":"https:\/\/weltlaeden.de\/neustadt-weinstrasse\/#website","url":"https:\/\/weltlaeden.de\/neustadt-weinstrasse\/","name":"Weltladen Neustadt\/Weinstrasse","description":"Faire Produkte seit 1990","potentialAction":[{"@type":"SearchAction","target":{"@type":"EntryPoint","urlTemplate":"https:\/\/weltlaeden.de\/neustadt-weinstrasse\/?s={search_term_string}"},"query-input":{"@type":"PropertyValueSpecification","valueRequired":true,"valueName":"search_term_string"}}],"inLanguage":"de"}]}},"_links":{"self":[{"href":"https:\/\/weltlaeden.de\/neustadt-weinstrasse\/wp-json\/wp\/v2\/pages\/1085","targetHints":{"allow":["GET"]}}],"collection":[{"href":"https:\/\/weltlaeden.de\/neustadt-weinstrasse\/wp-json\/wp\/v2\/pages"}],"about":[{"href":"https:\/\/weltlaeden.de\/neustadt-weinstrasse\/wp-json\/wp\/v2\/types\/page"}],"author":[{"embeddable":true,"href":"https:\/\/weltlaeden.de\/neustadt-weinstrasse\/wp-json\/wp\/v2\/users\/53"}],"replies":[{"embeddable":true,"href":"https:\/\/weltlaeden.de\/neustadt-weinstrasse\/wp-json\/wp\/v2\/comments?post=1085"}],"version-history":[{"count":8,"href":"https:\/\/weltlaeden.de\/neustadt-weinstrasse\/wp-json\/wp\/v2\/pages\/1085\/revisions"}],"predecessor-version":[{"id":1136,"href":"https:\/\/weltlaeden.de\/neustadt-weinstrasse\/wp-json\/wp\/v2\/pages\/1085\/revisions\/1136"}],"up":[{"embeddable":true,"href":"https:\/\/weltlaeden.de\/neustadt-weinstrasse\/wp-json\/wp\/v2\/pages\/663"}],"wp:attachment":[{"href":"https:\/\/weltlaeden.de\/neustadt-weinstrasse\/wp-json\/wp\/v2\/media?parent=1085"}],"curies":[{"name":"wp","href":"https:\/\/api.w.org\/{rel}","templated":true}]}}