{"id":219,"date":"2016-10-28T13:34:47","date_gmt":"2016-10-28T11:34:47","guid":{"rendered":"https:\/\/wl.heimpixel.de\/vorlage\/ueber-uns\/"},"modified":"2020-06-25T16:30:37","modified_gmt":"2020-06-25T14:30:37","slug":"ueber-uns","status":"publish","type":"page","link":"https:\/\/weltlaeden.de\/neunkirchen-am-brand\/ueber-uns\/","title":{"rendered":"\u00dcber uns"},"content":{"rendered":"<div class=\"wpb-content-wrapper\"><p>[vc_row][vc_column][vc_empty_space]<div class=\"wl_einzelbild\"><p><img loading=\"lazy\" decoding=\"async\" class=\"alignnone wp-image-464 size-full\" src=\"https:\/\/weltlaeden.de\/neunkirchen-am-brand\/wp-content\/uploads\/sites\/132\/2020\/05\/IMG_2146-e1593095415191.jpg\" alt=\"\" width=\"1920\" height=\"1080\" srcset=\"https:\/\/weltlaeden.de\/neunkirchen-am-brand\/wp-content\/uploads\/sites\/132\/2020\/05\/IMG_2146-e1593095415191.jpg 1920w, https:\/\/weltlaeden.de\/neunkirchen-am-brand\/wp-content\/uploads\/sites\/132\/2020\/05\/IMG_2146-e1593095415191-300x169.jpg 300w, https:\/\/weltlaeden.de\/neunkirchen-am-brand\/wp-content\/uploads\/sites\/132\/2020\/05\/IMG_2146-e1593095415191-768x432.jpg 768w, https:\/\/weltlaeden.de\/neunkirchen-am-brand\/wp-content\/uploads\/sites\/132\/2020\/05\/IMG_2146-e1593095415191-1024x576.jpg 1024w\" sizes=\"auto, (max-width: 1920px) 100vw, 1920px\" \/><\/p><\/div>[vc_column_text]<\/p>\n<h1>\u00dcber den Weltladen Neunkirchen am Brand<\/h1>\n<p>[\/vc_column_text][vc_column_text]Den Weltladen Neunkirchen am Brand gibt es seit Januar 2005 und ist aus dem Verein &#8222;Partnerschaft f\u00fcr eine Welt e.V.&#8220; entstanden.<\/p>\n<p>Seit Oktober 2013 befindet sich der Weltladen in den R\u00e4umlichkeiten Klosterhof 5.[\/vc_column_text][\/vc_column][\/vc_row][vc_row][vc_column][vc_empty_space][vc_column_text]<\/p>\n<h1>Mitmachen im Weltladen Neunkirchen am Brand<\/h1>\n<p>[\/vc_column_text][vc_column_text]<strong>Wir suchen<\/strong> Menschen, die Lust haben, sich ehrenamtlich f\u00fcr eine offene, transparente, \u00f6kologische und nachhaltige Form des Wirtschaftens zu engagieren. Ob im Verkauf, der Informations- oder Bildungsarbeit &#8211; die M\u00f6glichkeiten, in unserem Team mitzumachen sind vielf\u00e4ltig und lassen sich bestimmt auch in Deinen Alltag integrieren! Neben regelm\u00e4\u00dfigen Aufgaben gibt es bei uns auch immer wieder einzelne zeitlich befristete Projekte, f\u00fcr die wir Unterst\u00fctzer\/innen suchen. Viele Aufgaben erfordern keine speziellen Vorkenntnisse, sondern nur Deine Bereitschaft, Deine F\u00e4higkeiten einzubringen und eventuell in neuen Bereichen dazuzulernen.<\/p>\n<p><strong>Wir bieten<\/strong> ein nettes Team aus Engagierten mit vielf\u00e4ltigen M\u00f6glichkeiten, sich selbst einzubringen. Eine Gemeinschaft, die Dich herzlich aufnimmt, einarbeitet und bei Fragen zur Verf\u00fcgung steht. Fortbildungsm\u00f6glichkeiten nach Deinen Interessen und Aufgaben.<\/p>\n<p><strong>Ansprechpartner\/in:<\/strong><br \/>\nDoris Lang<\/p>\n<p><strong>Wir freuen uns auf Dich!<\/strong>[\/vc_column_text][\/vc_column][\/vc_row]<\/p>\n<\/div>","protected":false},"excerpt":{"rendered":"<p>[vc_row][vc_column][vc_empty_space][vc_column_text] \u00dcber den Weltladen Neunkirchen am Brand [\/vc_column_text][vc_column_text]Den Weltladen Neunkirchen am Brand gibt es seit Januar 2005 und ist aus dem Verein &#8222;Partnerschaft f\u00fcr eine Welt e.V.&#8220; entstanden. Seit Oktober 2013 befindet sich der Weltladen in den R\u00e4umlichkeiten Klosterhof 5.[\/vc_column_text][\/vc_column][\/vc_row][vc_row][vc_column][vc_empty_space][vc_column_text] Mitmachen im Weltladen Neunkirchen am Brand [\/vc_column_text][vc_column_text]Wir suchen Menschen, die Lust haben, sich ehrenamtlich f\u00fcr&hellip;<\/p>\n","protected":false},"author":1,"featured_media":509,"parent":0,"menu_order":4,"comment_status":"closed","ping_status":"closed","template":"","meta":{"footnotes":""},"class_list":["post-219","page","type-page","status-publish","has-post-thumbnail","hentry","description-off"],"yoast_head":"<!-- This site is optimized with the Yoast SEO plugin v26.8 - https:\/\/yoast.com\/product\/yoast-seo-wordpress\/ -->\n<title>\u00dcber uns - Weltladen Neunkirchen am Brand<\/title>\n<meta name=\"robots\" content=\"index, follow, max-snippet:-1, max-image-preview:large, max-video-preview:-1\" \/>\n<link rel=\"canonical\" href=\"https:\/\/weltlaeden.de\/neunkirchen-am-brand\/ueber-uns\/\" \/>\n<meta property=\"og:locale\" content=\"de_DE\" \/>\n<meta property=\"og:type\" content=\"article\" \/>\n<meta property=\"og:title\" content=\"\u00dcber uns - Weltladen Neunkirchen am Brand\" \/>\n<meta property=\"og:description\" content=\"[vc_row][vc_column][vc_empty_space][vc_column_text] \u00dcber den Weltladen Neunkirchen am Brand [\/vc_column_text][vc_column_text]Den Weltladen Neunkirchen am Brand gibt es seit Januar 2005 und ist aus dem Verein &#8222;Partnerschaft f\u00fcr eine Welt e.V.&#8220; entstanden. Seit Oktober 2013 befindet sich der Weltladen in den R\u00e4umlichkeiten Klosterhof 5.[\/vc_column_text][\/vc_column][\/vc_row][vc_row][vc_column][vc_empty_space][vc_column_text] Mitmachen im Weltladen Neunkirchen am Brand [\/vc_column_text][vc_column_text]Wir suchen Menschen, die Lust haben, sich ehrenamtlich f\u00fcr&hellip;\" \/>\n<meta property=\"og:url\" content=\"https:\/\/weltlaeden.de\/neunkirchen-am-brand\/ueber-uns\/\" \/>\n<meta property=\"og:site_name\" content=\"Weltladen Neunkirchen am Brand\" \/>\n<meta property=\"article:modified_time\" content=\"2020-06-25T14:30:37+00:00\" \/>\n<meta property=\"og:image\" content=\"https:\/\/weltlaeden.de\/neunkirchen-am-brand\/wp-content\/uploads\/sites\/132\/2020\/06\/IMG_2146-e1593093851356.jpg\" \/>\n\t<meta property=\"og:image:width\" content=\"1420\" \/>\n\t<meta property=\"og:image:height\" content=\"1420\" \/>\n\t<meta property=\"og:image:type\" content=\"image\/jpeg\" \/>\n<meta name=\"twitter:card\" content=\"summary_large_image\" \/>\n<meta name=\"twitter:label1\" content=\"Gesch\u00e4tzte Lesezeit\" \/>\n\t<meta name=\"twitter:data1\" content=\"1\u00a0Minute\" \/>\n<script type=\"application\/ld+json\" class=\"yoast-schema-graph\">{\"@context\":\"https:\/\/schema.org\",\"@graph\":[{\"@type\":\"WebPage\",\"@id\":\"https:\/\/weltlaeden.de\/neunkirchen-am-brand\/ueber-uns\/\",\"url\":\"https:\/\/weltlaeden.de\/neunkirchen-am-brand\/ueber-uns\/\",\"name\":\"\u00dcber uns - Weltladen Neunkirchen am Brand\",\"isPartOf\":{\"@id\":\"https:\/\/weltlaeden.de\/neunkirchen-am-brand\/#website\"},\"primaryImageOfPage\":{\"@id\":\"https:\/\/weltlaeden.de\/neunkirchen-am-brand\/ueber-uns\/#primaryimage\"},\"image\":{\"@id\":\"https:\/\/weltlaeden.de\/neunkirchen-am-brand\/ueber-uns\/#primaryimage\"},\"thumbnailUrl\":\"https:\/\/weltlaeden.de\/neunkirchen-am-brand\/wp-content\/uploads\/sites\/132\/2020\/06\/IMG_2146-e1593093851356.jpg\",\"datePublished\":\"2016-10-28T11:34:47+00:00\",\"dateModified\":\"2020-06-25T14:30:37+00:00\",\"breadcrumb\":{\"@id\":\"https:\/\/weltlaeden.de\/neunkirchen-am-brand\/ueber-uns\/#breadcrumb\"},\"inLanguage\":\"de\",\"potentialAction\":[{\"@type\":\"ReadAction\",\"target\":[\"https:\/\/weltlaeden.de\/neunkirchen-am-brand\/ueber-uns\/\"]}]},{\"@type\":\"ImageObject\",\"inLanguage\":\"de\",\"@id\":\"https:\/\/weltlaeden.de\/neunkirchen-am-brand\/ueber-uns\/#primaryimage\",\"url\":\"https:\/\/weltlaeden.de\/neunkirchen-am-brand\/wp-content\/uploads\/sites\/132\/2020\/06\/IMG_2146-e1593093851356.jpg\",\"contentUrl\":\"https:\/\/weltlaeden.de\/neunkirchen-am-brand\/wp-content\/uploads\/sites\/132\/2020\/06\/IMG_2146-e1593093851356.jpg\",\"width\":1420,\"height\":1420},{\"@type\":\"BreadcrumbList\",\"@id\":\"https:\/\/weltlaeden.de\/neunkirchen-am-brand\/ueber-uns\/#breadcrumb\",\"itemListElement\":[{\"@type\":\"ListItem\",\"position\":1,\"name\":\"Startseite\",\"item\":\"https:\/\/weltlaeden.de\/neunkirchen-am-brand\/\"},{\"@type\":\"ListItem\",\"position\":2,\"name\":\"\u00dcber uns\"}]},{\"@type\":\"WebSite\",\"@id\":\"https:\/\/weltlaeden.de\/neunkirchen-am-brand\/#website\",\"url\":\"https:\/\/weltlaeden.de\/neunkirchen-am-brand\/\",\"name\":\"Weltladen Neunkirchen am Brand\",\"description\":\"Faire Produkte seit 2005\",\"potentialAction\":[{\"@type\":\"SearchAction\",\"target\":{\"@type\":\"EntryPoint\",\"urlTemplate\":\"https:\/\/weltlaeden.de\/neunkirchen-am-brand\/?s={search_term_string}\"},\"query-input\":{\"@type\":\"PropertyValueSpecification\",\"valueRequired\":true,\"valueName\":\"search_term_string\"}}],\"inLanguage\":\"de\"}]}<\/script>\n<!-- \/ Yoast SEO plugin. -->","yoast_head_json":{"title":"\u00dcber uns - Weltladen Neunkirchen am Brand","robots":{"index":"index","follow":"follow","max-snippet":"max-snippet:-1","max-image-preview":"max-image-preview:large","max-video-preview":"max-video-preview:-1"},"canonical":"https:\/\/weltlaeden.de\/neunkirchen-am-brand\/ueber-uns\/","og_locale":"de_DE","og_type":"article","og_title":"\u00dcber uns - Weltladen Neunkirchen am Brand","og_description":"[vc_row][vc_column][vc_empty_space][vc_column_text] \u00dcber den Weltladen Neunkirchen am Brand [\/vc_column_text][vc_column_text]Den Weltladen Neunkirchen am Brand gibt es seit Januar 2005 und ist aus dem Verein &#8222;Partnerschaft f\u00fcr eine Welt e.V.&#8220; entstanden. Seit Oktober 2013 befindet sich der Weltladen in den R\u00e4umlichkeiten Klosterhof 5.[\/vc_column_text][\/vc_column][\/vc_row][vc_row][vc_column][vc_empty_space][vc_column_text] Mitmachen im Weltladen Neunkirchen am Brand [\/vc_column_text][vc_column_text]Wir suchen Menschen, die Lust haben, sich ehrenamtlich f\u00fcr&hellip;","og_url":"https:\/\/weltlaeden.de\/neunkirchen-am-brand\/ueber-uns\/","og_site_name":"Weltladen Neunkirchen am Brand","article_modified_time":"2020-06-25T14:30:37+00:00","og_image":[{"width":1420,"height":1420,"url":"https:\/\/weltlaeden.de\/neunkirchen-am-brand\/wp-content\/uploads\/sites\/132\/2020\/06\/IMG_2146-e1593093851356.jpg","type":"image\/jpeg"}],"twitter_card":"summary_large_image","twitter_misc":{"Gesch\u00e4tzte Lesezeit":"1\u00a0Minute"},"schema":{"@context":"https:\/\/schema.org","@graph":[{"@type":"WebPage","@id":"https:\/\/weltlaeden.de\/neunkirchen-am-brand\/ueber-uns\/","url":"https:\/\/weltlaeden.de\/neunkirchen-am-brand\/ueber-uns\/","name":"\u00dcber uns - Weltladen Neunkirchen am Brand","isPartOf":{"@id":"https:\/\/weltlaeden.de\/neunkirchen-am-brand\/#website"},"primaryImageOfPage":{"@id":"https:\/\/weltlaeden.de\/neunkirchen-am-brand\/ueber-uns\/#primaryimage"},"image":{"@id":"https:\/\/weltlaeden.de\/neunkirchen-am-brand\/ueber-uns\/#primaryimage"},"thumbnailUrl":"https:\/\/weltlaeden.de\/neunkirchen-am-brand\/wp-content\/uploads\/sites\/132\/2020\/06\/IMG_2146-e1593093851356.jpg","datePublished":"2016-10-28T11:34:47+00:00","dateModified":"2020-06-25T14:30:37+00:00","breadcrumb":{"@id":"https:\/\/weltlaeden.de\/neunkirchen-am-brand\/ueber-uns\/#breadcrumb"},"inLanguage":"de","potentialAction":[{"@type":"ReadAction","target":["https:\/\/weltlaeden.de\/neunkirchen-am-brand\/ueber-uns\/"]}]},{"@type":"ImageObject","inLanguage":"de","@id":"https:\/\/weltlaeden.de\/neunkirchen-am-brand\/ueber-uns\/#primaryimage","url":"https:\/\/weltlaeden.de\/neunkirchen-am-brand\/wp-content\/uploads\/sites\/132\/2020\/06\/IMG_2146-e1593093851356.jpg","contentUrl":"https:\/\/weltlaeden.de\/neunkirchen-am-brand\/wp-content\/uploads\/sites\/132\/2020\/06\/IMG_2146-e1593093851356.jpg","width":1420,"height":1420},{"@type":"BreadcrumbList","@id":"https:\/\/weltlaeden.de\/neunkirchen-am-brand\/ueber-uns\/#breadcrumb","itemListElement":[{"@type":"ListItem","position":1,"name":"Startseite","item":"https:\/\/weltlaeden.de\/neunkirchen-am-brand\/"},{"@type":"ListItem","position":2,"name":"\u00dcber uns"}]},{"@type":"WebSite","@id":"https:\/\/weltlaeden.de\/neunkirchen-am-brand\/#website","url":"https:\/\/weltlaeden.de\/neunkirchen-am-brand\/","name":"Weltladen Neunkirchen am Brand","description":"Faire Produkte seit 2005","potentialAction":[{"@type":"SearchAction","target":{"@type":"EntryPoint","urlTemplate":"https:\/\/weltlaeden.de\/neunkirchen-am-brand\/?s={search_term_string}"},"query-input":{"@type":"PropertyValueSpecification","valueRequired":true,"valueName":"search_term_string"}}],"inLanguage":"de"}]}},"_links":{"self":[{"href":"https:\/\/weltlaeden.de\/neunkirchen-am-brand\/wp-json\/wp\/v2\/pages\/219","targetHints":{"allow":["GET"]}}],"collection":[{"href":"https:\/\/weltlaeden.de\/neunkirchen-am-brand\/wp-json\/wp\/v2\/pages"}],"about":[{"href":"https:\/\/weltlaeden.de\/neunkirchen-am-brand\/wp-json\/wp\/v2\/types\/page"}],"author":[{"embeddable":true,"href":"https:\/\/weltlaeden.de\/neunkirchen-am-brand\/wp-json\/wp\/v2\/users\/1"}],"replies":[{"embeddable":true,"href":"https:\/\/weltlaeden.de\/neunkirchen-am-brand\/wp-json\/wp\/v2\/comments?post=219"}],"version-history":[{"count":14,"href":"https:\/\/weltlaeden.de\/neunkirchen-am-brand\/wp-json\/wp\/v2\/pages\/219\/revisions"}],"predecessor-version":[{"id":541,"href":"https:\/\/weltlaeden.de\/neunkirchen-am-brand\/wp-json\/wp\/v2\/pages\/219\/revisions\/541"}],"wp:featuredmedia":[{"embeddable":true,"href":"https:\/\/weltlaeden.de\/neunkirchen-am-brand\/wp-json\/wp\/v2\/media\/509"}],"wp:attachment":[{"href":"https:\/\/weltlaeden.de\/neunkirchen-am-brand\/wp-json\/wp\/v2\/media?parent=219"}],"curies":[{"name":"wp","href":"https:\/\/api.w.org\/{rel}","templated":true}]}}