{"id":20,"date":"2020-06-25T16:05:21","date_gmt":"2020-06-25T14:05:21","guid":{"rendered":"https:\/\/wl.heimpixel.de\/vorlage\/weltladen-musterdorf\/"},"modified":"2026-05-12T11:40:09","modified_gmt":"2026-05-12T09:40:09","slug":"weltladen-musterdorf","status":"publish","type":"page","link":"https:\/\/weltlaeden.de\/neunkirchen-am-brand\/","title":{"rendered":"Weltladen Neunkirchen am Brand"},"content":{"rendered":"<div class=\"wpb-content-wrapper\"><h1 style=\"text-align: left\">Willkommen im Weltladen Neunkirchen am Brand<\/h1>\n<div class=\"wl_einzelbild\"><p><img loading=\"lazy\" decoding=\"async\" class=\"alignnone wp-image-481 size-full\" src=\"https:\/\/weltlaeden.de\/neunkirchen-am-brand\/wp-content\/uploads\/sites\/132\/2020\/05\/IMG_2147-1-e1590244164814.jpg\" alt=\"\" width=\"1915\" height=\"1070\" srcset=\"https:\/\/weltlaeden.de\/neunkirchen-am-brand\/wp-content\/uploads\/sites\/132\/2020\/05\/IMG_2147-1-e1590244164814.jpg 1915w, https:\/\/weltlaeden.de\/neunkirchen-am-brand\/wp-content\/uploads\/sites\/132\/2020\/05\/IMG_2147-1-e1590244164814-300x168.jpg 300w, https:\/\/weltlaeden.de\/neunkirchen-am-brand\/wp-content\/uploads\/sites\/132\/2020\/05\/IMG_2147-1-e1590244164814-768x429.jpg 768w, https:\/\/weltlaeden.de\/neunkirchen-am-brand\/wp-content\/uploads\/sites\/132\/2020\/05\/IMG_2147-1-e1590244164814-1024x572.jpg 1024w\" sizes=\"auto, (max-width: 1915px) 100vw, 1915px\" \/><\/p><\/div>[vc_row][vc_column][vc_column_text]<\/p>\n<p>[vc_empty_space height=&#8220;10px&#8220;]Der Faire Handel und die Weltl\u00e4den haben viel zu bieten,\u00a0 gehen Sie hier auf Entdeckungsreise.<\/p>\n<p>Wir freuen uns auf Ihren Besuch &#8211; hier auf unserer homepage und nat\u00fcrlich bei uns im Weltladen<strong>.<\/strong>[vc_column]<\/p>\n<p>Vom 26. Mai bis zum 30. Mai 2026 ist unser Weltladen geschlossen. Ab dem 2. Juni 26 sind wir wieder f\u00fcr Sie da!<\/p>\n<p>&nbsp;<\/p>\n<p>&nbsp;<\/p>\n<h2>Was Sie auf dieser Website finden:<\/h2>\n<p>[\/vc_column_text][vc_empty_space height=&#8220;20px&#8220;][vc_row_inner][vc_column_inner width=&#8220;1\/4&#8243;]<div class=\"wl_einzelbild\"><p><img loading=\"lazy\" decoding=\"async\" class=\"size-full wp-image-551 alignleft\" src=\"https:\/\/weltlaeden.de\/neunkirchen-am-brand\/wp-content\/uploads\/sites\/132\/2020\/07\/5B734B83-72B9-4828-A44E-C8224D64594A.jpeg\" alt=\"\" width=\"1920\" height=\"1920\" srcset=\"https:\/\/weltlaeden.de\/neunkirchen-am-brand\/wp-content\/uploads\/sites\/132\/2020\/07\/5B734B83-72B9-4828-A44E-C8224D64594A.jpeg 1920w, https:\/\/weltlaeden.de\/neunkirchen-am-brand\/wp-content\/uploads\/sites\/132\/2020\/07\/5B734B83-72B9-4828-A44E-C8224D64594A-150x150.jpeg 150w, https:\/\/weltlaeden.de\/neunkirchen-am-brand\/wp-content\/uploads\/sites\/132\/2020\/07\/5B734B83-72B9-4828-A44E-C8224D64594A-300x300.jpeg 300w, https:\/\/weltlaeden.de\/neunkirchen-am-brand\/wp-content\/uploads\/sites\/132\/2020\/07\/5B734B83-72B9-4828-A44E-C8224D64594A-768x768.jpeg 768w, https:\/\/weltlaeden.de\/neunkirchen-am-brand\/wp-content\/uploads\/sites\/132\/2020\/07\/5B734B83-72B9-4828-A44E-C8224D64594A-1024x1024.jpeg 1024w\" sizes=\"auto, (max-width: 1920px) 100vw, 1920px\" \/><\/p><\/div>[\/vc_column_inner][vc_column_inner width=&#8220;3\/4&#8243;][vc_column_text]<\/p>\n<h3>Neuigkeiten<\/h3>\n<p>Sie m\u00f6chten auf dem Laufenden bleiben? Hier finden Sie unsere <a href=\"https:\/\/weltlaeden.de\/neunkirchen-am-brand\/neuigkeiten\/\">aktuellen Neuigkeiten &#8230;<\/a>[\/vc_column_text][\/vc_column_inner][\/vc_row_inner][vc_separator][vc_row_inner][vc_column_inner width=&#8220;1\/4&#8243;]<div class=\"wl_einzelbild\"><p><img loading=\"lazy\" decoding=\"async\" class=\"alignnone wp-image-496 size-full\" src=\"https:\/\/weltlaeden.de\/neunkirchen-am-brand\/wp-content\/uploads\/sites\/132\/2020\/05\/3F8AFC5E-946B-44FF-80FD-5D4E31D46A85-e1593094239750.jpeg\" alt=\"\" width=\"1430\" height=\"1430\" \/><\/p><\/div>[\/vc_column_inner][vc_column_inner width=&#8220;3\/4&#8243;][vc_column_text]<\/p>\n<h3>Fairer Handel<\/h3>\n<p>Was meint Fairer Handel \u00fcberhaupt? Welche Kriterien m\u00fcssen eingehalten werden und wer \u00fcberpr\u00fcft diese? <a href=\"https:\/\/weltlaeden.de\/neunkirchen-am-brand\/fairer-handel\">Erfahren Sie mehr &#8230;<\/a>[\/vc_column_text][\/vc_column_inner][\/vc_row_inner][vc_separator][vc_row_inner][vc_column_inner width=&#8220;1\/4&#8243;]<div class=\"wl_einzelbild\"><p><img loading=\"lazy\" decoding=\"async\" class=\"alignnone wp-image-490 size-full\" src=\"https:\/\/weltlaeden.de\/neunkirchen-am-brand\/wp-content\/uploads\/sites\/132\/2020\/05\/996CDAA2-7C95-412B-BE6C-CFF3E9A9D4C6-e1593090500496.jpeg\" alt=\"\" width=\"1425\" height=\"1425\" \/><\/p><\/div>[\/vc_column_inner][vc_column_inner width=&#8220;3\/4&#8243;][vc_column_text]<\/p>\n<h3>Produkte<\/h3>\n<p>Unsere Produkte im Weltladen sind nat\u00fcrlich alle aus Fairem Handel, dennoch kommen sie von unterschiedlichen Fair-Handels-Importeuren. <a href=\"https:\/\/weltlaeden.de\/neunkirchen-am-brand\/produkte\/\">Hier zeigen wir Ihnen unser Sortiment &#8230;<\/a>[\/vc_column_text][\/vc_column_inner][\/vc_row_inner][vc_separator][vc_row_inner][vc_column_inner width=&#8220;1\/4&#8243;]<div class=\"wl_einzelbild\"><p><img loading=\"lazy\" decoding=\"async\" class=\"alignnone wp-image-509 size-full\" src=\"https:\/\/weltlaeden.de\/neunkirchen-am-brand\/wp-content\/uploads\/sites\/132\/2020\/06\/IMG_2146-e1593093851356.jpg\" alt=\"\" width=\"1420\" height=\"1420\" \/><\/p><\/div>[\/vc_column_inner][vc_column_inner width=&#8220;3\/4&#8243;][vc_column_text]<\/p>\n<h3>\u00dcber uns<\/h3>\n<p>Wer wir sind, warum wir uns f\u00fcr Fairen Handel engagieren und wie man bei uns mitmachen kann &#8211; <a href=\"https:\/\/weltlaeden.de\/neunkirchen-am-brand\/ueber-uns\">hier stellen wir uns vor &#8230;<\/a>[\/vc_column_text][\/vc_column_inner][\/vc_row_inner][vc_separator][vc_empty_space][\/vc_column][\/vc_row]<\/p>\n<\/div>","protected":false},"excerpt":{"rendered":"<p>Willkommen im Weltladen Neunkirchen am Brand [vc_row][vc_column][vc_column_text] [vc_empty_space height=&#8220;10px&#8220;]Der Faire Handel und die Weltl\u00e4den haben viel zu bieten,\u00a0 gehen Sie hier auf Entdeckungsreise. Wir freuen uns auf Ihren Besuch &#8211; hier auf unserer homepage und nat\u00fcrlich bei uns im Weltladen.[vc_column] Vom 26. Mai bis zum 30. Mai 2026 ist unser Weltladen geschlossen. Ab dem 2.&hellip;<\/p>\n","protected":false},"author":1,"featured_media":0,"parent":0,"menu_order":0,"comment_status":"closed","ping_status":"closed","template":"","meta":{"footnotes":""},"class_list":["post-20","page","type-page","status-publish","hentry","description-off"],"yoast_head":"<!-- This site is optimized with the Yoast SEO plugin v26.8 - https:\/\/yoast.com\/product\/yoast-seo-wordpress\/ -->\n<title>Weltladen Neunkirchen am Brand - Weltladen Neunkirchen am Brand<\/title>\n<meta name=\"robots\" content=\"index, follow, max-snippet:-1, max-image-preview:large, max-video-preview:-1\" \/>\n<link rel=\"canonical\" href=\"https:\/\/weltlaeden.de\/neunkirchen-am-brand\/\" \/>\n<meta property=\"og:locale\" content=\"de_DE\" \/>\n<meta property=\"og:type\" content=\"article\" \/>\n<meta property=\"og:title\" content=\"Weltladen Neunkirchen am Brand - Weltladen Neunkirchen am Brand\" \/>\n<meta property=\"og:description\" content=\"Willkommen im Weltladen Neunkirchen am Brand [vc_row][vc_column][vc_column_text] [vc_empty_space height=&#8220;10px&#8220;]Der Faire Handel und die Weltl\u00e4den haben viel zu bieten,\u00a0 gehen Sie hier auf Entdeckungsreise. Wir freuen uns auf Ihren Besuch &#8211; hier auf unserer homepage und nat\u00fcrlich bei uns im Weltladen.[vc_column] Vom 26. Mai bis zum 30. Mai 2026 ist unser Weltladen geschlossen. Ab dem 2.&hellip;\" \/>\n<meta property=\"og:url\" content=\"https:\/\/weltlaeden.de\/neunkirchen-am-brand\/\" \/>\n<meta property=\"og:site_name\" content=\"Weltladen Neunkirchen am Brand\" \/>\n<meta property=\"article:modified_time\" content=\"2026-05-12T09:40:09+00:00\" \/>\n<meta property=\"og:image\" content=\"https:\/\/weltlaeden.de\/neunkirchen-am-brand\/wp-content\/uploads\/sites\/132\/2020\/05\/IMG_2147-1-e1590244164814.jpg\" \/>\n\t<meta property=\"og:image:width\" content=\"1915\" \/>\n\t<meta property=\"og:image:height\" content=\"1070\" \/>\n\t<meta property=\"og:image:type\" content=\"image\/jpeg\" \/>\n<meta name=\"twitter:card\" content=\"summary_large_image\" \/>\n<meta name=\"twitter:label1\" content=\"Gesch\u00e4tzte Lesezeit\" \/>\n\t<meta name=\"twitter:data1\" content=\"2\u00a0Minuten\" \/>\n<script type=\"application\/ld+json\" class=\"yoast-schema-graph\">{\"@context\":\"https:\/\/schema.org\",\"@graph\":[{\"@type\":\"WebPage\",\"@id\":\"https:\/\/weltlaeden.de\/neunkirchen-am-brand\/\",\"url\":\"https:\/\/weltlaeden.de\/neunkirchen-am-brand\/\",\"name\":\"Weltladen Neunkirchen am Brand - Weltladen Neunkirchen am Brand\",\"isPartOf\":{\"@id\":\"https:\/\/weltlaeden.de\/neunkirchen-am-brand\/#website\"},\"primaryImageOfPage\":{\"@id\":\"https:\/\/weltlaeden.de\/neunkirchen-am-brand\/#primaryimage\"},\"image\":{\"@id\":\"https:\/\/weltlaeden.de\/neunkirchen-am-brand\/#primaryimage\"},\"thumbnailUrl\":\"https:\/\/weltlaeden.de\/neunkirchen-am-brand\/wp-content\/uploads\/sites\/132\/2020\/05\/IMG_2147-1-e1590244164814.jpg\",\"datePublished\":\"2020-06-25T14:05:21+00:00\",\"dateModified\":\"2026-05-12T09:40:09+00:00\",\"breadcrumb\":{\"@id\":\"https:\/\/weltlaeden.de\/neunkirchen-am-brand\/#breadcrumb\"},\"inLanguage\":\"de\",\"potentialAction\":[{\"@type\":\"ReadAction\",\"target\":[\"https:\/\/weltlaeden.de\/neunkirchen-am-brand\/\"]}]},{\"@type\":\"ImageObject\",\"inLanguage\":\"de\",\"@id\":\"https:\/\/weltlaeden.de\/neunkirchen-am-brand\/#primaryimage\",\"url\":\"https:\/\/weltlaeden.de\/neunkirchen-am-brand\/wp-content\/uploads\/sites\/132\/2020\/05\/IMG_2147-1-e1590244164814.jpg\",\"contentUrl\":\"https:\/\/weltlaeden.de\/neunkirchen-am-brand\/wp-content\/uploads\/sites\/132\/2020\/05\/IMG_2147-1-e1590244164814.jpg\",\"width\":1915,\"height\":1070},{\"@type\":\"BreadcrumbList\",\"@id\":\"https:\/\/weltlaeden.de\/neunkirchen-am-brand\/#breadcrumb\",\"itemListElement\":[{\"@type\":\"ListItem\",\"position\":1,\"name\":\"Startseite\",\"item\":\"https:\/\/weltlaeden.de\/neunkirchen-am-brand\/\"},{\"@type\":\"ListItem\",\"position\":2,\"name\":\"Weltladen Neunkirchen am Brand\"}]},{\"@type\":\"WebSite\",\"@id\":\"https:\/\/weltlaeden.de\/neunkirchen-am-brand\/#website\",\"url\":\"https:\/\/weltlaeden.de\/neunkirchen-am-brand\/\",\"name\":\"Weltladen Neunkirchen am Brand\",\"description\":\"Faire Produkte seit 2005\",\"potentialAction\":[{\"@type\":\"SearchAction\",\"target\":{\"@type\":\"EntryPoint\",\"urlTemplate\":\"https:\/\/weltlaeden.de\/neunkirchen-am-brand\/?s={search_term_string}\"},\"query-input\":{\"@type\":\"PropertyValueSpecification\",\"valueRequired\":true,\"valueName\":\"search_term_string\"}}],\"inLanguage\":\"de\"}]}<\/script>\n<!-- \/ Yoast SEO plugin. -->","yoast_head_json":{"title":"Weltladen Neunkirchen am Brand - Weltladen Neunkirchen am Brand","robots":{"index":"index","follow":"follow","max-snippet":"max-snippet:-1","max-image-preview":"max-image-preview:large","max-video-preview":"max-video-preview:-1"},"canonical":"https:\/\/weltlaeden.de\/neunkirchen-am-brand\/","og_locale":"de_DE","og_type":"article","og_title":"Weltladen Neunkirchen am Brand - Weltladen Neunkirchen am Brand","og_description":"Willkommen im Weltladen Neunkirchen am Brand [vc_row][vc_column][vc_column_text] [vc_empty_space height=&#8220;10px&#8220;]Der Faire Handel und die Weltl\u00e4den haben viel zu bieten,\u00a0 gehen Sie hier auf Entdeckungsreise. Wir freuen uns auf Ihren Besuch &#8211; hier auf unserer homepage und nat\u00fcrlich bei uns im Weltladen.[vc_column] Vom 26. Mai bis zum 30. Mai 2026 ist unser Weltladen geschlossen. Ab dem 2.&hellip;","og_url":"https:\/\/weltlaeden.de\/neunkirchen-am-brand\/","og_site_name":"Weltladen Neunkirchen am Brand","article_modified_time":"2026-05-12T09:40:09+00:00","og_image":[{"width":1915,"height":1070,"url":"https:\/\/weltlaeden.de\/neunkirchen-am-brand\/wp-content\/uploads\/sites\/132\/2020\/05\/IMG_2147-1-e1590244164814.jpg","type":"image\/jpeg"}],"twitter_card":"summary_large_image","twitter_misc":{"Gesch\u00e4tzte Lesezeit":"2\u00a0Minuten"},"schema":{"@context":"https:\/\/schema.org","@graph":[{"@type":"WebPage","@id":"https:\/\/weltlaeden.de\/neunkirchen-am-brand\/","url":"https:\/\/weltlaeden.de\/neunkirchen-am-brand\/","name":"Weltladen Neunkirchen am Brand - Weltladen Neunkirchen am Brand","isPartOf":{"@id":"https:\/\/weltlaeden.de\/neunkirchen-am-brand\/#website"},"primaryImageOfPage":{"@id":"https:\/\/weltlaeden.de\/neunkirchen-am-brand\/#primaryimage"},"image":{"@id":"https:\/\/weltlaeden.de\/neunkirchen-am-brand\/#primaryimage"},"thumbnailUrl":"https:\/\/weltlaeden.de\/neunkirchen-am-brand\/wp-content\/uploads\/sites\/132\/2020\/05\/IMG_2147-1-e1590244164814.jpg","datePublished":"2020-06-25T14:05:21+00:00","dateModified":"2026-05-12T09:40:09+00:00","breadcrumb":{"@id":"https:\/\/weltlaeden.de\/neunkirchen-am-brand\/#breadcrumb"},"inLanguage":"de","potentialAction":[{"@type":"ReadAction","target":["https:\/\/weltlaeden.de\/neunkirchen-am-brand\/"]}]},{"@type":"ImageObject","inLanguage":"de","@id":"https:\/\/weltlaeden.de\/neunkirchen-am-brand\/#primaryimage","url":"https:\/\/weltlaeden.de\/neunkirchen-am-brand\/wp-content\/uploads\/sites\/132\/2020\/05\/IMG_2147-1-e1590244164814.jpg","contentUrl":"https:\/\/weltlaeden.de\/neunkirchen-am-brand\/wp-content\/uploads\/sites\/132\/2020\/05\/IMG_2147-1-e1590244164814.jpg","width":1915,"height":1070},{"@type":"BreadcrumbList","@id":"https:\/\/weltlaeden.de\/neunkirchen-am-brand\/#breadcrumb","itemListElement":[{"@type":"ListItem","position":1,"name":"Startseite","item":"https:\/\/weltlaeden.de\/neunkirchen-am-brand\/"},{"@type":"ListItem","position":2,"name":"Weltladen Neunkirchen am Brand"}]},{"@type":"WebSite","@id":"https:\/\/weltlaeden.de\/neunkirchen-am-brand\/#website","url":"https:\/\/weltlaeden.de\/neunkirchen-am-brand\/","name":"Weltladen Neunkirchen am Brand","description":"Faire Produkte seit 2005","potentialAction":[{"@type":"SearchAction","target":{"@type":"EntryPoint","urlTemplate":"https:\/\/weltlaeden.de\/neunkirchen-am-brand\/?s={search_term_string}"},"query-input":{"@type":"PropertyValueSpecification","valueRequired":true,"valueName":"search_term_string"}}],"inLanguage":"de"}]}},"_links":{"self":[{"href":"https:\/\/weltlaeden.de\/neunkirchen-am-brand\/wp-json\/wp\/v2\/pages\/20","targetHints":{"allow":["GET"]}}],"collection":[{"href":"https:\/\/weltlaeden.de\/neunkirchen-am-brand\/wp-json\/wp\/v2\/pages"}],"about":[{"href":"https:\/\/weltlaeden.de\/neunkirchen-am-brand\/wp-json\/wp\/v2\/types\/page"}],"author":[{"embeddable":true,"href":"https:\/\/weltlaeden.de\/neunkirchen-am-brand\/wp-json\/wp\/v2\/users\/1"}],"replies":[{"embeddable":true,"href":"https:\/\/weltlaeden.de\/neunkirchen-am-brand\/wp-json\/wp\/v2\/comments?post=20"}],"version-history":[{"count":109,"href":"https:\/\/weltlaeden.de\/neunkirchen-am-brand\/wp-json\/wp\/v2\/pages\/20\/revisions"}],"predecessor-version":[{"id":890,"href":"https:\/\/weltlaeden.de\/neunkirchen-am-brand\/wp-json\/wp\/v2\/pages\/20\/revisions\/890"}],"wp:attachment":[{"href":"https:\/\/weltlaeden.de\/neunkirchen-am-brand\/wp-json\/wp\/v2\/media?parent=20"}],"curies":[{"name":"wp","href":"https:\/\/api.w.org\/{rel}","templated":true}]}}