{"id":586,"date":"2019-01-31T21:04:33","date_gmt":"2019-01-31T20:04:33","guid":{"rendered":"https:\/\/weltlaeden.de\/netzwerk-iller-lech\/?page_id=586"},"modified":"2025-03-04T08:46:41","modified_gmt":"2025-03-04T07:46:41","slug":"fairfashion-guide","status":"publish","type":"page","link":"https:\/\/weltlaeden.de\/netzwerk-iller-lech\/fairfashion-guide\/","title":{"rendered":"FairFashion"},"content":{"rendered":"<div class=\"wpb-content-wrapper\"><p><img loading=\"lazy\" decoding=\"async\" class=\"wp-image-984 size-full alignnone\" src=\"https:\/\/weltlaeden.de\/netzwerk-iller-lech\/wp-content\/uploads\/sites\/58\/2024\/03\/LieferKette.jpg\" alt=\"\" width=\"677\" height=\"704\" srcset=\"https:\/\/weltlaeden.de\/netzwerk-iller-lech\/wp-content\/uploads\/sites\/58\/2024\/03\/LieferKette.jpg 677w, https:\/\/weltlaeden.de\/netzwerk-iller-lech\/wp-content\/uploads\/sites\/58\/2024\/03\/LieferKette-288x300.jpg 288w\" sizes=\"auto, (max-width: 677px) 100vw, 677px\" \/><\/p>\n<hr \/>\n<div id=\"attachment_910\" style=\"width: 326px\" class=\"wp-caption alignleft\"><img loading=\"lazy\" decoding=\"async\" aria-describedby=\"caption-attachment-910\" class=\"wp-image-910\" src=\"https:\/\/weltlaeden.de\/netzwerk-iller-lech\/wp-content\/uploads\/sites\/58\/2023\/03\/Fair-enough-Studio-Leeflang.jpg\" alt=\"\" width=\"316\" height=\"332\" srcset=\"https:\/\/weltlaeden.de\/netzwerk-iller-lech\/wp-content\/uploads\/sites\/58\/2023\/03\/Fair-enough-Studio-Leeflang.jpg 570w, https:\/\/weltlaeden.de\/netzwerk-iller-lech\/wp-content\/uploads\/sites\/58\/2023\/03\/Fair-enough-Studio-Leeflang-286x300.jpg 286w\" sizes=\"auto, (max-width: 316px) 100vw, 316px\" \/><p id=\"caption-attachment-910\" class=\"wp-caption-text\">Idee und Illustration: Studio Leeflang<\/p><\/div>\n<h2><strong>fair enough?<\/strong><\/h2>\n<h3>Eine\u00a0interaktive Ausstellung zu Fast vs. Fair Fashion<\/h3>\n<p>Sonderausstellung, 18. Mai bis 5. November 2023,<br \/>\nDi \u2013 So,\u00a0 10 \u2013 18 Uhr, Eintritt frei!<\/p>\n<p>Kempten-Museum im Zumsteinhaus, Residenzplatz 31, 87435 Kempten (Allg\u00e4u)<\/p>\n<p>Wie viel<span style=\"font-size: 14px;font-weight: normal\">e Kilometer legt eine konventionell hergestellte Jeans w\u00e4hrend ihrer Produktion zur\u00fcck? Wie sieht der deutsche Durchschnittskonsum aus, wenn es um Kleidung geht? Welche Arbeitsbedingungen herrschen in der Fast- w<\/span><span style=\"font-size: 14px;font-weight: normal\">elche in der Fair-Fashion-Branche?<\/span><\/p>\n<p>In dieser interaktiven Ausstellung erfahren die Besucher:innen etwas \u00fcber den Herstellungsprozess von Textilien und die damit verbundenen Arbeitsbedingungen und Auswirkungen auf Natur, Tiere und Menschen.<\/p>\n<p>In dieser interaktiven Ausstellung k\u00f6nnen die Besucher:innen einen Blick hinter die Kulissen werfen: Die Modeindustrie gilt als eine der sch\u00e4dlichsten Industrien weltweit. Sie macht auf die zerst\u00f6rerischen Auswirkungen der Textilindustrie f\u00fcr Mensch und Natur aufmerksam und stellt anderers<\/p>\n<p><img loading=\"lazy\" decoding=\"async\" class=\"alignright wp-image-911\" style=\"font-size: 14px;font-weight: 400\" src=\"https:\/\/weltlaeden.de\/netzwerk-iller-lech\/wp-content\/uploads\/sites\/58\/2023\/03\/Logo_Kempten_Museum.png\" alt=\"\" width=\"162\" height=\"162\" srcset=\"https:\/\/weltlaeden.de\/netzwerk-iller-lech\/wp-content\/uploads\/sites\/58\/2023\/03\/Logo_Kempten_Museum.png 400w, https:\/\/weltlaeden.de\/netzwerk-iller-lech\/wp-content\/uploads\/sites\/58\/2023\/03\/Logo_Kempten_Museum-300x300.png 300w, https:\/\/weltlaeden.de\/netzwerk-iller-lech\/wp-content\/uploads\/sites\/58\/2023\/03\/Logo_Kempten_Museum-150x150.png 150w\" sizes=\"auto, (max-width: 162px) 100vw, 162px\" \/>eits vor, welche eigene Entscheidungen dem positiv entgegenwirken k\u00f6nnen. Jede und jeder kann konkrete Tipps und Handlungsempfehlungen mit nach Hause nehmen und das Wissen: Es geht auch anders!<\/p>\n<p>Die Ausstellungsbesucher:innen k\u00f6nnen verschiedene Materialien erf\u00fchlen und sich durch eine W\u00e4schespinne voller Textilsiegel und -zertifikate w\u00fchlen. Neugierige haben die M\u00f6glichkeit, einen Blick in einen \u201etypisch\u201c deutschen Kleiderschrank zu werfen. Am Ende der Ausstellung kann jede und jeder Verantwortung \u00fcbernehmen: F\u00fcr sich selbst, die Umwelt und kommende Generationen. Ziel der Ausstellung ist es nicht nur auf die Missst\u00e4nde in der Textilindustrie aufmerksam zu machen und den fairen Ansatz als Alternative vorzustellen, sondern unserer Kleidung wieder mehr Wertsch\u00e4tzung entgegenzubringen und ein reflektiertes Kaufverhalten anzuregen.<\/p>\n<p>.<\/p>\n<hr \/>\n<p><img loading=\"lazy\" decoding=\"async\" class=\"alignnone wp-image-672 size-large\" src=\"https:\/\/weltlaeden.de\/netzwerk-iller-lech\/wp-content\/uploads\/sites\/58\/2019\/07\/Titel_FairFashionGuide_Iller_Lech-1024x640.png\" alt=\"\" width=\"1024\" height=\"640\" srcset=\"https:\/\/weltlaeden.de\/netzwerk-iller-lech\/wp-content\/uploads\/sites\/58\/2019\/07\/Titel_FairFashionGuide_Iller_Lech-1024x640.png 1024w, https:\/\/weltlaeden.de\/netzwerk-iller-lech\/wp-content\/uploads\/sites\/58\/2019\/07\/Titel_FairFashionGuide_Iller_Lech-300x188.png 300w, https:\/\/weltlaeden.de\/netzwerk-iller-lech\/wp-content\/uploads\/sites\/58\/2019\/07\/Titel_FairFashionGuide_Iller_Lech-768x480.png 768w\" sizes=\"auto, (max-width: 1024px) 100vw, 1024px\" \/><\/p>\n<p>Es ist soweit: <strong>Der FairFashion GUIDE Iller-Lech ist da!<\/strong><\/p>\n<p>Am Donnerstag, 15. August 2019 haben wir ihn um 14.30 Uhr und um 15.30 Uhr<br \/>\nim Rahmen einer eco-fairen Modenschau auf der Allg\u00e4uer Festwoche vorgestellt.<\/p>\n<p>Der GUIDE listet \u00fcber 70 Gesch\u00e4fte in der Region, die eco-faire Marken f\u00fchren oder Kleidung durch Second Hand nachhaltig werden lassen.<\/p>\n<p>Hier k\u00f6nnen Sie den <a href=\"https:\/\/weltlaeden.de\/netzwerk-iller-lech\/wp-content\/uploads\/sites\/58\/2019\/09\/WeltladenIllerLech_FairFashionGuide_WEB.pdf\">Guide als PDF-Datei herunterladen<\/a> (Klick!)<\/p>\n<p>Link zum <a href=\"https:\/\/weltlaeden.de\/netzwerk-iller-lech\/wp-content\/uploads\/sites\/58\/2019\/08\/Allg\u00e4uer-Zeitung-vom-16.-August-2019.pdf\">Zeitungsbericht<\/a> (Klick!, mit freundlicher Genehmigung der Allg\u00e4uer Zeitung)<\/p>\n<hr \/>\n<p>&nbsp;<\/p>\n<h3>Fair Fashion f\u00fcr Allg\u00e4uer<em>Innen<\/em><\/h3>\n<div id=\"attachment_788\" style=\"width: 233px\" class=\"wp-caption alignright\"><a href=\"https:\/\/www.dieallgaeuerin.de\/\" target=\"_blank\" rel=\"noopener\"><img loading=\"lazy\" decoding=\"async\" aria-describedby=\"caption-attachment-788\" class=\"wp-image-788\" src=\"https:\/\/weltlaeden.de\/netzwerk-iller-lech\/wp-content\/uploads\/sites\/58\/2020\/04\/Allgaeuerin-Titel-3-20.jpg\" alt=\"\" width=\"223\" height=\"290\" srcset=\"https:\/\/weltlaeden.de\/netzwerk-iller-lech\/wp-content\/uploads\/sites\/58\/2020\/04\/Allgaeuerin-Titel-3-20.jpg 283w, https:\/\/weltlaeden.de\/netzwerk-iller-lech\/wp-content\/uploads\/sites\/58\/2020\/04\/Allgaeuerin-Titel-3-20-231x300.jpg 231w\" sizes=\"auto, (max-width: 223px) 100vw, 223px\" \/><\/a><p id=\"caption-attachment-788\" class=\"wp-caption-text\">Zum idyllischen Landleben geh\u00f6rt auch Faire Mode<\/p><\/div>\n<p>Die Zeitschrift &#8222;Die Allg\u00e4uer<em>in<\/em>&#8220; berichtet in ihrer Mai\/Juni-Ausgabe 2020 (S.150 &#8211; 156) \u00fcber <a href=\"https:\/\/weltlaeden.de\/netzwerk-iller-lech\/wp-content\/uploads\/sites\/58\/2020\/04\/2020-3_150-157-Fair-Fashion.pdf\">Fair Fashion in unserer Region (Link zum PDF)<\/a>. In dem informativen Artikel stellt Autorin Katharina Thiemann Hintergr\u00fcnde dar und pr\u00e4sentiert regionale Anbieter. Ausdr\u00fccklich nimmt sie Bezug auf den Fair Fashion Guide der Weltl\u00e4den Iller-Lech und f\u00fchrt ein Gespr\u00e4ch mit unserer Koordinatorin.<br \/>\nWir bedanken uns f\u00fcr den lesenswerten Beitrag und empfehlen das Magazin gerne weiter!<\/p>\n<p>&nbsp;<\/p>\n<hr \/>\n<p>&nbsp;<\/p>\n<p>[vc_row][vc_column][vc_column_text]<strong>Hier k\u00f6nnen Sie online nach Fairer Mode suchen:<\/strong>[\/vc_column_text][\/vc_column][\/vc_row][vc_row][vc_column][vc_raw_html]JTNDaWZyYW1lJTIwc3JjJTNEJTIyaHR0cHMlM0ElMkYlMkZ3d3cuZ2V0Y2hhbmdlZC5uZXQlMkZpZnJhbWUtbjEwOC1zZC5odG1sJTIyJTIwd2lkdGglM0QlMjIxMDAlMjUlMjIlMjBoZWlnaHQlM0QlMjI3MDAlMjIlMjBmcmFtZWJvcmRlciUzRCUyMjAlMjIlMjBzY3JvbGxpbmclM0QlMjJhdXRvJTIyJTNFJTNDc3BhbiUyMGNsYXNzJTNEJTIybWNlX1NFTFJFU19zdGFydCUyMiUyMHN0eWxlJTNEJTIyd2lkdGglM0ElMjAwcHglM0IlMjBsaW5lLWhlaWdodCUzQSUyMDAlM0IlMjBvdmVyZmxvdyUzQSUyMGhpZGRlbiUzQiUyMGRpc3BsYXklM0ElMjBpbmxpbmUtYmxvY2slM0IlMjIlMjBkYXRhLW1jZS10eXBlJTNEJTIyYm9va21hcmslMjIlM0UlM0MlMkZzcGFuJTNFJTNDJTJGaWZyYW1lJTNF[\/vc_raw_html][\/vc_column][\/vc_row]<\/p>\n<\/div>","protected":false},"excerpt":{"rendered":"<p>fair enough? Eine\u00a0interaktive Ausstellung zu Fast vs. Fair Fashion Sonderausstellung, 18. Mai bis 5. November 2023, Di \u2013 So,\u00a0 10 \u2013 18 Uhr, Eintritt frei! Kempten-Museum im Zumsteinhaus, Residenzplatz 31, 87435 Kempten (Allg\u00e4u) Wie viele Kilometer legt eine konventionell hergestellte Jeans w\u00e4hrend ihrer Produktion zur\u00fcck? Wie sieht der deutsche Durchschnittskonsum aus, wenn es um Kleidung&hellip;<\/p>\n","protected":false},"author":86,"featured_media":0,"parent":0,"menu_order":6,"comment_status":"closed","ping_status":"closed","template":"","meta":{"footnotes":""},"class_list":["post-586","page","type-page","status-publish","hentry","description-off"],"yoast_head":"<!-- This site is optimized with the Yoast SEO plugin v26.8 - https:\/\/yoast.com\/product\/yoast-seo-wordpress\/ -->\n<title>FairFashion - Weltl\u00e4den Iller-Lech<\/title>\n<meta name=\"robots\" content=\"index, follow, max-snippet:-1, max-image-preview:large, max-video-preview:-1\" \/>\n<link rel=\"canonical\" href=\"https:\/\/weltlaeden.de\/netzwerk-iller-lech\/fairfashion-guide\/\" \/>\n<meta property=\"og:locale\" content=\"de_DE\" \/>\n<meta property=\"og:type\" content=\"article\" \/>\n<meta property=\"og:title\" content=\"FairFashion - Weltl\u00e4den Iller-Lech\" \/>\n<meta property=\"og:description\" content=\"fair enough? Eine\u00a0interaktive Ausstellung zu Fast vs. Fair Fashion Sonderausstellung, 18. Mai bis 5. November 2023, Di \u2013 So,\u00a0 10 \u2013 18 Uhr, Eintritt frei! Kempten-Museum im Zumsteinhaus, Residenzplatz 31, 87435 Kempten (Allg\u00e4u) Wie viele Kilometer legt eine konventionell hergestellte Jeans w\u00e4hrend ihrer Produktion zur\u00fcck? Wie sieht der deutsche Durchschnittskonsum aus, wenn es um Kleidung&hellip;\" \/>\n<meta property=\"og:url\" content=\"https:\/\/weltlaeden.de\/netzwerk-iller-lech\/fairfashion-guide\/\" \/>\n<meta property=\"og:site_name\" content=\"Weltl\u00e4den Iller-Lech\" \/>\n<meta property=\"article:modified_time\" content=\"2025-03-04T07:46:41+00:00\" \/>\n<meta property=\"og:image\" content=\"https:\/\/weltlaeden.de\/netzwerk-iller-lech\/wp-content\/uploads\/sites\/58\/2024\/03\/LieferKette.jpg\" \/>\n\t<meta property=\"og:image:width\" content=\"677\" \/>\n\t<meta property=\"og:image:height\" content=\"704\" \/>\n\t<meta property=\"og:image:type\" content=\"image\/jpeg\" \/>\n<meta name=\"twitter:card\" content=\"summary_large_image\" \/>\n<meta name=\"twitter:label1\" content=\"Gesch\u00e4tzte Lesezeit\" \/>\n\t<meta name=\"twitter:data1\" content=\"4\u00a0Minuten\" \/>\n<script type=\"application\/ld+json\" class=\"yoast-schema-graph\">{\"@context\":\"https:\/\/schema.org\",\"@graph\":[{\"@type\":\"WebPage\",\"@id\":\"https:\/\/weltlaeden.de\/netzwerk-iller-lech\/fairfashion-guide\/\",\"url\":\"https:\/\/weltlaeden.de\/netzwerk-iller-lech\/fairfashion-guide\/\",\"name\":\"FairFashion - Weltl\u00e4den Iller-Lech\",\"isPartOf\":{\"@id\":\"https:\/\/weltlaeden.de\/netzwerk-iller-lech\/#website\"},\"primaryImageOfPage\":{\"@id\":\"https:\/\/weltlaeden.de\/netzwerk-iller-lech\/fairfashion-guide\/#primaryimage\"},\"image\":{\"@id\":\"https:\/\/weltlaeden.de\/netzwerk-iller-lech\/fairfashion-guide\/#primaryimage\"},\"thumbnailUrl\":\"https:\/\/weltlaeden.de\/netzwerk-iller-lech\/wp-content\/uploads\/sites\/58\/2024\/03\/LieferKette.jpg\",\"datePublished\":\"2019-01-31T20:04:33+00:00\",\"dateModified\":\"2025-03-04T07:46:41+00:00\",\"breadcrumb\":{\"@id\":\"https:\/\/weltlaeden.de\/netzwerk-iller-lech\/fairfashion-guide\/#breadcrumb\"},\"inLanguage\":\"de\",\"potentialAction\":[{\"@type\":\"ReadAction\",\"target\":[\"https:\/\/weltlaeden.de\/netzwerk-iller-lech\/fairfashion-guide\/\"]}]},{\"@type\":\"ImageObject\",\"inLanguage\":\"de\",\"@id\":\"https:\/\/weltlaeden.de\/netzwerk-iller-lech\/fairfashion-guide\/#primaryimage\",\"url\":\"https:\/\/weltlaeden.de\/netzwerk-iller-lech\/wp-content\/uploads\/sites\/58\/2024\/03\/LieferKette.jpg\",\"contentUrl\":\"https:\/\/weltlaeden.de\/netzwerk-iller-lech\/wp-content\/uploads\/sites\/58\/2024\/03\/LieferKette.jpg\",\"width\":677,\"height\":704},{\"@type\":\"BreadcrumbList\",\"@id\":\"https:\/\/weltlaeden.de\/netzwerk-iller-lech\/fairfashion-guide\/#breadcrumb\",\"itemListElement\":[{\"@type\":\"ListItem\",\"position\":1,\"name\":\"Startseite\",\"item\":\"https:\/\/weltlaeden.de\/netzwerk-iller-lech\/\"},{\"@type\":\"ListItem\",\"position\":2,\"name\":\"FairFashion\"}]},{\"@type\":\"WebSite\",\"@id\":\"https:\/\/weltlaeden.de\/netzwerk-iller-lech\/#website\",\"url\":\"https:\/\/weltlaeden.de\/netzwerk-iller-lech\/\",\"name\":\"Vorlage\",\"description\":\"Weltladen Netzwerk f\u00fcr Austausch und gemeinsame Aktionen\",\"potentialAction\":[{\"@type\":\"SearchAction\",\"target\":{\"@type\":\"EntryPoint\",\"urlTemplate\":\"https:\/\/weltlaeden.de\/netzwerk-iller-lech\/?s={search_term_string}\"},\"query-input\":{\"@type\":\"PropertyValueSpecification\",\"valueRequired\":true,\"valueName\":\"search_term_string\"}}],\"inLanguage\":\"de\"}]}<\/script>\n<!-- \/ Yoast SEO plugin. -->","yoast_head_json":{"title":"FairFashion - Weltl\u00e4den Iller-Lech","robots":{"index":"index","follow":"follow","max-snippet":"max-snippet:-1","max-image-preview":"max-image-preview:large","max-video-preview":"max-video-preview:-1"},"canonical":"https:\/\/weltlaeden.de\/netzwerk-iller-lech\/fairfashion-guide\/","og_locale":"de_DE","og_type":"article","og_title":"FairFashion - Weltl\u00e4den Iller-Lech","og_description":"fair enough? Eine\u00a0interaktive Ausstellung zu Fast vs. Fair Fashion Sonderausstellung, 18. Mai bis 5. November 2023, Di \u2013 So,\u00a0 10 \u2013 18 Uhr, Eintritt frei! Kempten-Museum im Zumsteinhaus, Residenzplatz 31, 87435 Kempten (Allg\u00e4u) Wie viele Kilometer legt eine konventionell hergestellte Jeans w\u00e4hrend ihrer Produktion zur\u00fcck? Wie sieht der deutsche Durchschnittskonsum aus, wenn es um Kleidung&hellip;","og_url":"https:\/\/weltlaeden.de\/netzwerk-iller-lech\/fairfashion-guide\/","og_site_name":"Weltl\u00e4den Iller-Lech","article_modified_time":"2025-03-04T07:46:41+00:00","og_image":[{"width":677,"height":704,"url":"https:\/\/weltlaeden.de\/netzwerk-iller-lech\/wp-content\/uploads\/sites\/58\/2024\/03\/LieferKette.jpg","type":"image\/jpeg"}],"twitter_card":"summary_large_image","twitter_misc":{"Gesch\u00e4tzte Lesezeit":"4\u00a0Minuten"},"schema":{"@context":"https:\/\/schema.org","@graph":[{"@type":"WebPage","@id":"https:\/\/weltlaeden.de\/netzwerk-iller-lech\/fairfashion-guide\/","url":"https:\/\/weltlaeden.de\/netzwerk-iller-lech\/fairfashion-guide\/","name":"FairFashion - Weltl\u00e4den Iller-Lech","isPartOf":{"@id":"https:\/\/weltlaeden.de\/netzwerk-iller-lech\/#website"},"primaryImageOfPage":{"@id":"https:\/\/weltlaeden.de\/netzwerk-iller-lech\/fairfashion-guide\/#primaryimage"},"image":{"@id":"https:\/\/weltlaeden.de\/netzwerk-iller-lech\/fairfashion-guide\/#primaryimage"},"thumbnailUrl":"https:\/\/weltlaeden.de\/netzwerk-iller-lech\/wp-content\/uploads\/sites\/58\/2024\/03\/LieferKette.jpg","datePublished":"2019-01-31T20:04:33+00:00","dateModified":"2025-03-04T07:46:41+00:00","breadcrumb":{"@id":"https:\/\/weltlaeden.de\/netzwerk-iller-lech\/fairfashion-guide\/#breadcrumb"},"inLanguage":"de","potentialAction":[{"@type":"ReadAction","target":["https:\/\/weltlaeden.de\/netzwerk-iller-lech\/fairfashion-guide\/"]}]},{"@type":"ImageObject","inLanguage":"de","@id":"https:\/\/weltlaeden.de\/netzwerk-iller-lech\/fairfashion-guide\/#primaryimage","url":"https:\/\/weltlaeden.de\/netzwerk-iller-lech\/wp-content\/uploads\/sites\/58\/2024\/03\/LieferKette.jpg","contentUrl":"https:\/\/weltlaeden.de\/netzwerk-iller-lech\/wp-content\/uploads\/sites\/58\/2024\/03\/LieferKette.jpg","width":677,"height":704},{"@type":"BreadcrumbList","@id":"https:\/\/weltlaeden.de\/netzwerk-iller-lech\/fairfashion-guide\/#breadcrumb","itemListElement":[{"@type":"ListItem","position":1,"name":"Startseite","item":"https:\/\/weltlaeden.de\/netzwerk-iller-lech\/"},{"@type":"ListItem","position":2,"name":"FairFashion"}]},{"@type":"WebSite","@id":"https:\/\/weltlaeden.de\/netzwerk-iller-lech\/#website","url":"https:\/\/weltlaeden.de\/netzwerk-iller-lech\/","name":"Vorlage","description":"Weltladen Netzwerk f\u00fcr Austausch und gemeinsame Aktionen","potentialAction":[{"@type":"SearchAction","target":{"@type":"EntryPoint","urlTemplate":"https:\/\/weltlaeden.de\/netzwerk-iller-lech\/?s={search_term_string}"},"query-input":{"@type":"PropertyValueSpecification","valueRequired":true,"valueName":"search_term_string"}}],"inLanguage":"de"}]}},"_links":{"self":[{"href":"https:\/\/weltlaeden.de\/netzwerk-iller-lech\/wp-json\/wp\/v2\/pages\/586","targetHints":{"allow":["GET"]}}],"collection":[{"href":"https:\/\/weltlaeden.de\/netzwerk-iller-lech\/wp-json\/wp\/v2\/pages"}],"about":[{"href":"https:\/\/weltlaeden.de\/netzwerk-iller-lech\/wp-json\/wp\/v2\/types\/page"}],"author":[{"embeddable":true,"href":"https:\/\/weltlaeden.de\/netzwerk-iller-lech\/wp-json\/wp\/v2\/users\/86"}],"replies":[{"embeddable":true,"href":"https:\/\/weltlaeden.de\/netzwerk-iller-lech\/wp-json\/wp\/v2\/comments?post=586"}],"version-history":[{"count":35,"href":"https:\/\/weltlaeden.de\/netzwerk-iller-lech\/wp-json\/wp\/v2\/pages\/586\/revisions"}],"predecessor-version":[{"id":1043,"href":"https:\/\/weltlaeden.de\/netzwerk-iller-lech\/wp-json\/wp\/v2\/pages\/586\/revisions\/1043"}],"wp:attachment":[{"href":"https:\/\/weltlaeden.de\/netzwerk-iller-lech\/wp-json\/wp\/v2\/media?parent=586"}],"curies":[{"name":"wp","href":"https:\/\/api.w.org\/{rel}","templated":true}]}}