{"id":20,"date":"2016-10-14T09:05:06","date_gmt":"2016-10-14T07:05:21","guid":{"rendered":"https:\/\/wl.heimpixel.de\/vorlage\/weltladen-musterdorf\/"},"modified":"2026-03-31T11:55:23","modified_gmt":"2026-03-31T09:55:23","slug":"weltlaeden-iller-lech","status":"publish","type":"page","link":"https:\/\/weltlaeden.de\/netzwerk-iller-lech\/","title":{"rendered":"Weltladen-Netzwerk Iller-Lech"},"content":{"rendered":"<h1 style=\"text-align: center\">Willkommen beim Weltladen-Netzwerk Iller-Lech<\/h1>\n<p>Gemeinsam sind wir mehr: 1996 haben sich \u00fcber 30 Weltl\u00e4den in der Region Iller-Lech entschlossen, ihre entwicklungspolitische Bildungs- und Weltladenarbeit zu verst\u00e4rken. Durch die Vernetzung der L\u00e4den und Eine-Welt-Gruppen soll das Ziel einer professionellen Arbeit nach innen und au\u00dfen erreicht werden.Wir informieren \u00fcber den Fairen Handel mit Partnern aus wirtschaftlich und sozial benachteiligten L\u00e4ndern. Vor Ort und mit gemeinsamen Aktionen.<\/p>\n<div class=\"mceTemp\">\n<hr \/>\n<h2>Am 17. April 2026 feiert unser Mitglied Weltladen Kaufbeuren 40-j\u00e4hriges Jubil\u00e4um<\/h2>\n<p><img loading=\"lazy\" decoding=\"async\" class=\"wp-image-1198 alignleft\" src=\"https:\/\/weltlaeden.de\/netzwerk-iller-lech\/wp-content\/uploads\/sites\/58\/2026\/03\/40-jahre-wl-kf.jpg\" alt=\"\" width=\"400\" height=\"427\" srcset=\"https:\/\/weltlaeden.de\/netzwerk-iller-lech\/wp-content\/uploads\/sites\/58\/2026\/03\/40-jahre-wl-kf.jpg 731w, https:\/\/weltlaeden.de\/netzwerk-iller-lech\/wp-content\/uploads\/sites\/58\/2026\/03\/40-jahre-wl-kf-281x300.jpg 281w\" sizes=\"auto, (max-width: 400px) 100vw, 400px\" \/> Wir gratulieren von ganzem Herzen und freuen uns auf das abwechslungsreiche Aktionsprogramm!<br \/>\nHier geht es zum <a href=\"https:\/\/weltlaeden.de\/netzwerk-iller-lech\/wp-content\/uploads\/sites\/58\/2026\/03\/40-Jahre-Weltladen.pdf\" target=\"_blank\" rel=\"noopener\">Programmflyer<\/a><\/p>\n<p>&nbsp;<\/p>\n<p>&nbsp;<\/p>\n<p>&nbsp;<\/p>\n<p>&nbsp;<\/p>\n<p>&nbsp;<\/p>\n<p>&nbsp;<\/p>\n<p>&nbsp;<\/p>\n<p>&nbsp;<\/p>\n<p>&nbsp;<\/p>\n<p>&nbsp;<\/p>\n<hr \/>\n<p><strong>Der folgende Beitrag von Allg\u00e4u TV erkl\u00e4rt anschaulich was hinter der Idee des Fachgesch\u00e4fts f\u00fcr Fairen Handel steckt<\/strong><\/p>\n<h2><a href=\"https:\/\/www.xn--allgu-jra.tv\/mediathek\/video\/40-jahre-weltladen-kempten-was-hinter-dem-fairen-handel-steckt\/\" target=\"_blank\" rel=\"noopener\"><img loading=\"lazy\" decoding=\"async\" class=\"alignnone wp-image-1041\" src=\"https:\/\/weltlaeden.de\/netzwerk-iller-lech\/wp-content\/uploads\/sites\/58\/2025\/03\/40JahreWLKE_AllgaeuTV-1024x570.jpg\" alt=\"\" width=\"555\" height=\"309\" srcset=\"https:\/\/weltlaeden.de\/netzwerk-iller-lech\/wp-content\/uploads\/sites\/58\/2025\/03\/40JahreWLKE_AllgaeuTV-1024x570.jpg 1024w, https:\/\/weltlaeden.de\/netzwerk-iller-lech\/wp-content\/uploads\/sites\/58\/2025\/03\/40JahreWLKE_AllgaeuTV-300x167.jpg 300w, https:\/\/weltlaeden.de\/netzwerk-iller-lech\/wp-content\/uploads\/sites\/58\/2025\/03\/40JahreWLKE_AllgaeuTV-768x428.jpg 768w, https:\/\/weltlaeden.de\/netzwerk-iller-lech\/wp-content\/uploads\/sites\/58\/2025\/03\/40JahreWLKE_AllgaeuTV.jpg 1350w\" sizes=\"auto, (max-width: 555px) 100vw, 555px\" \/><\/a><\/h2>\n<hr \/>\n<h2>Gutscheine<\/h2>\n<p><strong>Sie m\u00f6chten einen Gutschein aus dem Weltladen verschenken?<\/strong><br \/>\nViele Weltl\u00e4den aus unserem Netzwerk akzeptieren nicht nur eigene Gutscheine, sondern auch solche von anderen L\u00e4den aus unserem Verbund.<br \/>\nHier finden Sie eine <strong>\u00dcbersicht<\/strong>, <strong><a href=\"https:\/\/weltlaeden.de\/netzwerk-iller-lech\/wp-content\/uploads\/sites\/58\/2025\/03\/Weltlaeden-die-Gutscheine-gegenseitig-akzeptieren_Stand-03-2025.pdf\" target=\"_blank\" rel=\"noopener\">bei welchem L\u00e4den unsere Verbund-Gutscheine eingel\u00f6st werden k\u00f6nnen<\/a><\/strong>.<\/p>\n<hr \/>\n<h2>Was Sie auf dieser Website finden<\/h2>\n<h3><img loading=\"lazy\" decoding=\"async\" class=\"alignleft size-full wp-image-nsm-3-28\" src=\"https:\/\/weltlaeden.de\/netzwerk-iller-lech\/wp-content\/uploads\/sites\/3\/2018\/05\/Lebensmittel_WL-Bornheim-Christian-Schilling_150x150.jpg\" alt=\"\" width=\"150\" height=\"150\" \/>Fairer Handel<\/h3>\n<p>Was meint Fairer Handel \u00fcberhaupt? Welche Kriterien m\u00fcssen eingehalten werden und wer \u00fcberpr\u00fcft diese? <a href=\"https:\/\/weltlaeden.de\/netzwerk-iller-lech\/fairer-handel\/\">Mehr<\/a><\/p>\n<p><a href=\"https:\/\/weltlaeden.de\/netzwerk-iller-lech\/fairer-handel\/\">\u00a0\u2026<\/a><\/p>\n<h3><\/h3>\n<h3><\/h3>\n<h3>Unser Netzwerk<\/h3>\n<p>In der Region Iller-Lech zwischen Oberstdorf, Augsburg, Memmingen und Landsberg gibt es zahlreiche Weltl\u00e4den. Erfahren Sie hier wer bei uns dabei ist, wie wir zusammenarbeiten und wie auch Sie mitmachen k\u00f6nnen. <a href=\"https:\/\/weltlaeden.de\/netzwerk-iller-lech\/netzwerk\/\">Mehr\u2026<\/a><\/p>\n<h3><\/h3>\n<h3><\/h3>\n<h3><img loading=\"lazy\" decoding=\"async\" class=\"alignleft size-thumbnail wp-image-555\" src=\"https:\/\/weltlaeden.de\/netzwerk-iller-lech\/wp-content\/uploads\/sites\/58\/2019\/01\/EFS_Spitze-Nadel-101-683x1024-1-150x150.jpg\" alt=\"\" width=\"150\" height=\"150\" \/>Projekte und Aktionen<\/h3>\n<p>Vom gemeinsamen Gutscheinsystem, \u00fcber politische Aktionen bis hin zum Fairen Modef\u00fchrer und Kaffee aus Solidarischer Landwirtschaft. Wir lassen uns viel einfallen, um den Fairen Handel ins \u00f6ffentliche Bewusstsein zu bringen. <a href=\"https:\/\/weltlaeden.de\/netzwerk-iller-lech\/projekte\/\">Erfahren sie mehr \u00fcber unsere Aktivit\u00e4ten\u2026<\/a><\/p>\n<h3><\/h3>\n<h3><\/h3>\n<h3><\/h3>\n<h3>Unsere Partner<\/h3>\n<p><img loading=\"lazy\" decoding=\"async\" class=\"alignright wp-image-545 size-thumbnail\" src=\"https:\/\/weltlaeden.de\/netzwerk-iller-lech\/wp-content\/uploads\/sites\/58\/2019\/01\/fairtrade-towns_logo_Quadrat-150x150.jpg\" alt=\"\" width=\"150\" height=\"150\" srcset=\"https:\/\/weltlaeden.de\/netzwerk-iller-lech\/wp-content\/uploads\/sites\/58\/2019\/01\/fairtrade-towns_logo_Quadrat-150x150.jpg 150w, https:\/\/weltlaeden.de\/netzwerk-iller-lech\/wp-content\/uploads\/sites\/58\/2019\/01\/fairtrade-towns_logo_Quadrat-300x300.jpg 300w, https:\/\/weltlaeden.de\/netzwerk-iller-lech\/wp-content\/uploads\/sites\/58\/2019\/01\/fairtrade-towns_logo_Quadrat-768x768.jpg 768w, https:\/\/weltlaeden.de\/netzwerk-iller-lech\/wp-content\/uploads\/sites\/58\/2019\/01\/fairtrade-towns_logo_Quadrat-1024x1024.jpg 1024w, https:\/\/weltlaeden.de\/netzwerk-iller-lech\/wp-content\/uploads\/sites\/58\/2019\/01\/fairtrade-towns_logo_Quadrat.jpg 1320w\" sizes=\"auto, (max-width: 150px) 100vw, 150px\" \/>Kommunen, \u00f6ffentliche Verwaltung, Schulen, Kitas, Handel, Vereine oder Handel. Wir haben Partner in vielen gesellschaftlichen Bereichen. Besonders aktiv sind die Menschen in Fairtrade-St\u00e4dten. Wer ist bereits Teil unserer Bewegung und gibt dem Fairen Handel Gewicht? <a href=\"https:\/\/weltlaeden.de\/netzwerk-iller-lech\/partner\/\">Mehr&#8230;<\/a><\/p>\n<h3><\/h3>\n<h3><img loading=\"lazy\" decoding=\"async\" class=\"alignleft size-full wp-image-nsm-3-35\" src=\"https:\/\/weltlaeden.de\/netzwerk-iller-lech\/wp-content\/uploads\/sites\/3\/2018\/08\/pocket-watch-1637396_1920_150x150.png\" alt=\"\" width=\"150\" height=\"150\" \/>Termine<\/h3>\n<p>Bei uns ist immer etwas los! Wir treffen uns regelm\u00e4\u00dfig zu Netzwerktreffen und Fortbildungen, organisieren aber auch immer mal wieder \u00f6ffentliche Veranstaltung zum Fairen Handel und verwandten Themen. <a href=\"https:\/\/weltlaeden.de\/netzwerk-iller-lech\/termine\/\">Hier erfahren Sie was bei uns los ist \u2026<\/a><\/p>\n<p>&nbsp;<\/p>\n<p>&nbsp;<\/p>\n<p>&nbsp;<\/p>\n<\/div>\n","protected":false},"excerpt":{"rendered":"<p>Willkommen beim Weltladen-Netzwerk Iller-Lech Gemeinsam sind wir mehr: 1996 haben sich \u00fcber 30 Weltl\u00e4den in der Region Iller-Lech entschlossen, ihre entwicklungspolitische Bildungs- und Weltladenarbeit zu verst\u00e4rken. Durch die Vernetzung der L\u00e4den und Eine-Welt-Gruppen soll das Ziel einer professionellen Arbeit nach innen und au\u00dfen erreicht werden.Wir informieren \u00fcber den Fairen Handel mit Partnern aus wirtschaftlich und&hellip;<\/p>\n","protected":false},"author":1,"featured_media":0,"parent":0,"menu_order":0,"comment_status":"closed","ping_status":"closed","template":"","meta":{"footnotes":""},"class_list":["post-20","page","type-page","status-publish","hentry","description-off"],"yoast_head":"<!-- This site is optimized with the Yoast SEO plugin v26.8 - https:\/\/yoast.com\/product\/yoast-seo-wordpress\/ -->\n<title>Weltladen-Netzwerk Iller-Lech - Weltl\u00e4den Iller-Lech<\/title>\n<meta name=\"robots\" content=\"index, follow, max-snippet:-1, max-image-preview:large, max-video-preview:-1\" \/>\n<link rel=\"canonical\" href=\"https:\/\/weltlaeden.de\/netzwerk-iller-lech\/\" \/>\n<meta property=\"og:locale\" content=\"de_DE\" \/>\n<meta property=\"og:type\" content=\"article\" \/>\n<meta property=\"og:title\" content=\"Weltladen-Netzwerk Iller-Lech - Weltl\u00e4den Iller-Lech\" \/>\n<meta property=\"og:description\" content=\"Willkommen beim Weltladen-Netzwerk Iller-Lech Gemeinsam sind wir mehr: 1996 haben sich \u00fcber 30 Weltl\u00e4den in der Region Iller-Lech entschlossen, ihre entwicklungspolitische Bildungs- und Weltladenarbeit zu verst\u00e4rken. Durch die Vernetzung der L\u00e4den und Eine-Welt-Gruppen soll das Ziel einer professionellen Arbeit nach innen und au\u00dfen erreicht werden.Wir informieren \u00fcber den Fairen Handel mit Partnern aus wirtschaftlich und&hellip;\" \/>\n<meta property=\"og:url\" content=\"https:\/\/weltlaeden.de\/netzwerk-iller-lech\/\" \/>\n<meta property=\"og:site_name\" content=\"Weltl\u00e4den Iller-Lech\" \/>\n<meta property=\"article:modified_time\" content=\"2026-03-31T09:55:23+00:00\" \/>\n<meta property=\"og:image\" content=\"https:\/\/weltlaeden.de\/netzwerk-iller-lech\/wp-content\/uploads\/sites\/58\/2026\/03\/40-jahre-wl-kf.jpg\" \/>\n\t<meta property=\"og:image:width\" content=\"731\" \/>\n\t<meta property=\"og:image:height\" content=\"780\" \/>\n\t<meta property=\"og:image:type\" content=\"image\/jpeg\" \/>\n<meta name=\"twitter:card\" content=\"summary_large_image\" \/>\n<meta name=\"twitter:label1\" content=\"Gesch\u00e4tzte Lesezeit\" \/>\n\t<meta name=\"twitter:data1\" content=\"1\u00a0Minute\" \/>\n<script type=\"application\/ld+json\" class=\"yoast-schema-graph\">{\"@context\":\"https:\/\/schema.org\",\"@graph\":[{\"@type\":\"WebPage\",\"@id\":\"https:\/\/weltlaeden.de\/netzwerk-iller-lech\/\",\"url\":\"https:\/\/weltlaeden.de\/netzwerk-iller-lech\/\",\"name\":\"Weltladen-Netzwerk Iller-Lech - Weltl\u00e4den Iller-Lech\",\"isPartOf\":{\"@id\":\"https:\/\/weltlaeden.de\/netzwerk-iller-lech\/#website\"},\"primaryImageOfPage\":{\"@id\":\"https:\/\/weltlaeden.de\/netzwerk-iller-lech\/#primaryimage\"},\"image\":{\"@id\":\"https:\/\/weltlaeden.de\/netzwerk-iller-lech\/#primaryimage\"},\"thumbnailUrl\":\"https:\/\/weltlaeden.de\/netzwerk-iller-lech\/wp-content\/uploads\/sites\/58\/2026\/03\/40-jahre-wl-kf.jpg\",\"datePublished\":\"2016-10-14T07:05:21+00:00\",\"dateModified\":\"2026-03-31T09:55:23+00:00\",\"breadcrumb\":{\"@id\":\"https:\/\/weltlaeden.de\/netzwerk-iller-lech\/#breadcrumb\"},\"inLanguage\":\"de\",\"potentialAction\":[{\"@type\":\"ReadAction\",\"target\":[\"https:\/\/weltlaeden.de\/netzwerk-iller-lech\/\"]}]},{\"@type\":\"ImageObject\",\"inLanguage\":\"de\",\"@id\":\"https:\/\/weltlaeden.de\/netzwerk-iller-lech\/#primaryimage\",\"url\":\"https:\/\/weltlaeden.de\/netzwerk-iller-lech\/wp-content\/uploads\/sites\/58\/2026\/03\/40-jahre-wl-kf.jpg\",\"contentUrl\":\"https:\/\/weltlaeden.de\/netzwerk-iller-lech\/wp-content\/uploads\/sites\/58\/2026\/03\/40-jahre-wl-kf.jpg\",\"width\":731,\"height\":780},{\"@type\":\"BreadcrumbList\",\"@id\":\"https:\/\/weltlaeden.de\/netzwerk-iller-lech\/#breadcrumb\",\"itemListElement\":[{\"@type\":\"ListItem\",\"position\":1,\"name\":\"Startseite\",\"item\":\"https:\/\/weltlaeden.de\/netzwerk-iller-lech\/\"},{\"@type\":\"ListItem\",\"position\":2,\"name\":\"Weltladen-Netzwerk Iller-Lech\"}]},{\"@type\":\"WebSite\",\"@id\":\"https:\/\/weltlaeden.de\/netzwerk-iller-lech\/#website\",\"url\":\"https:\/\/weltlaeden.de\/netzwerk-iller-lech\/\",\"name\":\"Vorlage\",\"description\":\"Weltladen Netzwerk f\u00fcr Austausch und gemeinsame Aktionen\",\"potentialAction\":[{\"@type\":\"SearchAction\",\"target\":{\"@type\":\"EntryPoint\",\"urlTemplate\":\"https:\/\/weltlaeden.de\/netzwerk-iller-lech\/?s={search_term_string}\"},\"query-input\":{\"@type\":\"PropertyValueSpecification\",\"valueRequired\":true,\"valueName\":\"search_term_string\"}}],\"inLanguage\":\"de\"}]}<\/script>\n<!-- \/ Yoast SEO plugin. -->","yoast_head_json":{"title":"Weltladen-Netzwerk Iller-Lech - Weltl\u00e4den Iller-Lech","robots":{"index":"index","follow":"follow","max-snippet":"max-snippet:-1","max-image-preview":"max-image-preview:large","max-video-preview":"max-video-preview:-1"},"canonical":"https:\/\/weltlaeden.de\/netzwerk-iller-lech\/","og_locale":"de_DE","og_type":"article","og_title":"Weltladen-Netzwerk Iller-Lech - Weltl\u00e4den Iller-Lech","og_description":"Willkommen beim Weltladen-Netzwerk Iller-Lech Gemeinsam sind wir mehr: 1996 haben sich \u00fcber 30 Weltl\u00e4den in der Region Iller-Lech entschlossen, ihre entwicklungspolitische Bildungs- und Weltladenarbeit zu verst\u00e4rken. Durch die Vernetzung der L\u00e4den und Eine-Welt-Gruppen soll das Ziel einer professionellen Arbeit nach innen und au\u00dfen erreicht werden.Wir informieren \u00fcber den Fairen Handel mit Partnern aus wirtschaftlich und&hellip;","og_url":"https:\/\/weltlaeden.de\/netzwerk-iller-lech\/","og_site_name":"Weltl\u00e4den Iller-Lech","article_modified_time":"2026-03-31T09:55:23+00:00","og_image":[{"width":731,"height":780,"url":"https:\/\/weltlaeden.de\/netzwerk-iller-lech\/wp-content\/uploads\/sites\/58\/2026\/03\/40-jahre-wl-kf.jpg","type":"image\/jpeg"}],"twitter_card":"summary_large_image","twitter_misc":{"Gesch\u00e4tzte Lesezeit":"1\u00a0Minute"},"schema":{"@context":"https:\/\/schema.org","@graph":[{"@type":"WebPage","@id":"https:\/\/weltlaeden.de\/netzwerk-iller-lech\/","url":"https:\/\/weltlaeden.de\/netzwerk-iller-lech\/","name":"Weltladen-Netzwerk Iller-Lech - Weltl\u00e4den Iller-Lech","isPartOf":{"@id":"https:\/\/weltlaeden.de\/netzwerk-iller-lech\/#website"},"primaryImageOfPage":{"@id":"https:\/\/weltlaeden.de\/netzwerk-iller-lech\/#primaryimage"},"image":{"@id":"https:\/\/weltlaeden.de\/netzwerk-iller-lech\/#primaryimage"},"thumbnailUrl":"https:\/\/weltlaeden.de\/netzwerk-iller-lech\/wp-content\/uploads\/sites\/58\/2026\/03\/40-jahre-wl-kf.jpg","datePublished":"2016-10-14T07:05:21+00:00","dateModified":"2026-03-31T09:55:23+00:00","breadcrumb":{"@id":"https:\/\/weltlaeden.de\/netzwerk-iller-lech\/#breadcrumb"},"inLanguage":"de","potentialAction":[{"@type":"ReadAction","target":["https:\/\/weltlaeden.de\/netzwerk-iller-lech\/"]}]},{"@type":"ImageObject","inLanguage":"de","@id":"https:\/\/weltlaeden.de\/netzwerk-iller-lech\/#primaryimage","url":"https:\/\/weltlaeden.de\/netzwerk-iller-lech\/wp-content\/uploads\/sites\/58\/2026\/03\/40-jahre-wl-kf.jpg","contentUrl":"https:\/\/weltlaeden.de\/netzwerk-iller-lech\/wp-content\/uploads\/sites\/58\/2026\/03\/40-jahre-wl-kf.jpg","width":731,"height":780},{"@type":"BreadcrumbList","@id":"https:\/\/weltlaeden.de\/netzwerk-iller-lech\/#breadcrumb","itemListElement":[{"@type":"ListItem","position":1,"name":"Startseite","item":"https:\/\/weltlaeden.de\/netzwerk-iller-lech\/"},{"@type":"ListItem","position":2,"name":"Weltladen-Netzwerk Iller-Lech"}]},{"@type":"WebSite","@id":"https:\/\/weltlaeden.de\/netzwerk-iller-lech\/#website","url":"https:\/\/weltlaeden.de\/netzwerk-iller-lech\/","name":"Vorlage","description":"Weltladen Netzwerk f\u00fcr Austausch und gemeinsame Aktionen","potentialAction":[{"@type":"SearchAction","target":{"@type":"EntryPoint","urlTemplate":"https:\/\/weltlaeden.de\/netzwerk-iller-lech\/?s={search_term_string}"},"query-input":{"@type":"PropertyValueSpecification","valueRequired":true,"valueName":"search_term_string"}}],"inLanguage":"de"}]}},"_links":{"self":[{"href":"https:\/\/weltlaeden.de\/netzwerk-iller-lech\/wp-json\/wp\/v2\/pages\/20","targetHints":{"allow":["GET"]}}],"collection":[{"href":"https:\/\/weltlaeden.de\/netzwerk-iller-lech\/wp-json\/wp\/v2\/pages"}],"about":[{"href":"https:\/\/weltlaeden.de\/netzwerk-iller-lech\/wp-json\/wp\/v2\/types\/page"}],"author":[{"embeddable":true,"href":"https:\/\/weltlaeden.de\/netzwerk-iller-lech\/wp-json\/wp\/v2\/users\/1"}],"replies":[{"embeddable":true,"href":"https:\/\/weltlaeden.de\/netzwerk-iller-lech\/wp-json\/wp\/v2\/comments?post=20"}],"version-history":[{"count":85,"href":"https:\/\/weltlaeden.de\/netzwerk-iller-lech\/wp-json\/wp\/v2\/pages\/20\/revisions"}],"predecessor-version":[{"id":1209,"href":"https:\/\/weltlaeden.de\/netzwerk-iller-lech\/wp-json\/wp\/v2\/pages\/20\/revisions\/1209"}],"wp:attachment":[{"href":"https:\/\/weltlaeden.de\/netzwerk-iller-lech\/wp-json\/wp\/v2\/media?parent=20"}],"curies":[{"name":"wp","href":"https:\/\/api.w.org\/{rel}","templated":true}]}}