{"id":848,"date":"2025-11-29T18:33:37","date_gmt":"2025-11-29T17:33:37","guid":{"rendered":"https:\/\/weltlaeden.de\/mutterstadt\/portraits-von-handelspartnern\/fridafeeling-2\/"},"modified":"2025-11-29T18:43:59","modified_gmt":"2025-11-29T17:43:59","slug":"sundara","status":"publish","type":"page","link":"https:\/\/weltlaeden.de\/mutterstadt\/portraits-von-handelspartnern\/sundara\/","title":{"rendered":"Sundara Paper &amp; Art"},"content":{"rendered":"<div class=\"wpb-content-wrapper\"><p>[vc_row][vc_column][vc_empty_space]<div class=\"wl_einzelbild\"><p><img loading=\"lazy\" decoding=\"async\" class=\"size-medium wp-image-851 aligncenter\" src=\"https:\/\/weltlaeden.de\/mutterstadt\/wp-content\/uploads\/sites\/220\/2025\/11\/logo_sundara_farbig_auf_weiss-300x92.png\" alt=\"\" width=\"300\" height=\"92\" srcset=\"https:\/\/weltlaeden.de\/mutterstadt\/wp-content\/uploads\/sites\/220\/2025\/11\/logo_sundara_farbig_auf_weiss-300x92.png 300w, https:\/\/weltlaeden.de\/mutterstadt\/wp-content\/uploads\/sites\/220\/2025\/11\/logo_sundara_farbig_auf_weiss.png 517w\" sizes=\"auto, (max-width: 300px) 100vw, 300px\" \/><\/p><\/div>[vc_empty_space][\/vc_column][\/vc_row][vc_row][vc_column][vc_column_text css=&#8220;&#8220;]<\/p>\n<h2>Sch\u00f6nes aus Indien \u2013 liebevoll und fair produziert.<\/h2>\n<p><strong>Sundara<\/strong>\u00a0bedeutet \u201eSch\u00f6n\u201c in Hindi und anderen Indischen Sprachen.<br \/>\nWir sind immer auf der Suche nach etwas Besonderem, Au\u00dfergew\u00f6hnlichem. Dinge, die unser Leben sch\u00f6ner, ausdrucksst\u00e4rker und interessanter machen.<br \/>\nUnsere Produkte zeichnen sich durch die Qualit\u00e4t und besondere Sch\u00f6nheit traditioneller, indischer Handwerkskunst aus \u2013 gepaart mit modernem Design und fr\u00f6hlicher Farbgebung.<br \/>\nUnser Sortiment umfasst ausdrucksstarke Papeterie, Gru\u00dfkarten, Schmuck und Home-Deko aus handgesch\u00f6pftem Papier. Naturschmuck und nachhaltige Accessoires runden unser Sortiment ab.<\/p>\n<p><strong>Der direkte Kontakt<\/strong>\u00a0mit den Betrieben in Indien ist uns sehr wichtig. Es gibt keine Zwischenh\u00e4ndler und wir sind direkter Ansprechpartner f\u00fcr unsere Partnerbetriebe und unsere Kunden. Dies erm\u00f6glicht uns, die Produkt- und Verarbeitungsqualit\u00e4t unter den Kriterien des Fairen Handels sicher zu stellen und Produkte in enger Zusammenarbeit zu entwickeln.<\/p>\n<p><strong>Fairer Handel<\/strong>\u00a0bedeutet f\u00fcr uns: Faire Preise und L\u00f6hne, keine Kinderarbeit, F\u00f6rderung von Frauen, keine Diskriminierung sowie gute und menschenw\u00fcrdige Arbeitsbedingungen. In unseren Partnerbetrieben arbeiten insbesondere Frauen aus den umliegenden D\u00f6rfern.<\/p>\n<p>Seit 2011 sind wir anerkannter Lieferant des Weltladen Dachverbandes Deutschland und werden regelm\u00e4\u00dfig neu zertifiziert.[\/vc_column_text][vc_separator css=&#8220;&#8220;][\/vc_column][\/vc_row][vc_row][vc_column][vc_column_text css=&#8220;&#8220;]Weitere Informationen findest du hier:<\/p>\n<p><a href=\"https:\/\/www.sundara-paper-art.de\/\">https:\/\/www.sundara-paper-art.de\/<\/a>[\/vc_column_text][\/vc_column][\/vc_row][vc_row][vc_column][vc_separator][\/vc_column][\/vc_row][vc_row][vc_column]<div class=\"wl_einzelbild\"><p><img loading=\"lazy\" decoding=\"async\" class=\"wp-image-852 size-large aligncenter\" src=\"https:\/\/weltlaeden.de\/mutterstadt\/wp-content\/uploads\/sites\/220\/2025\/11\/IMG_9097-1-1024x683.jpg\" alt=\"\" width=\"1024\" height=\"683\" srcset=\"https:\/\/weltlaeden.de\/mutterstadt\/wp-content\/uploads\/sites\/220\/2025\/11\/IMG_9097-1-1024x683.jpg 1024w, https:\/\/weltlaeden.de\/mutterstadt\/wp-content\/uploads\/sites\/220\/2025\/11\/IMG_9097-1-300x200.jpg 300w, https:\/\/weltlaeden.de\/mutterstadt\/wp-content\/uploads\/sites\/220\/2025\/11\/IMG_9097-1-768x512.jpg 768w, https:\/\/weltlaeden.de\/mutterstadt\/wp-content\/uploads\/sites\/220\/2025\/11\/IMG_9097-1-1536x1024.jpg 1536w, https:\/\/weltlaeden.de\/mutterstadt\/wp-content\/uploads\/sites\/220\/2025\/11\/IMG_9097-1.jpg 1620w\" sizes=\"auto, (max-width: 1024px) 100vw, 1024px\" \/><\/p><\/div>[\/vc_column][\/vc_row]<\/p>\n<\/div>","protected":false},"excerpt":{"rendered":"<p>[vc_row][vc_column][vc_empty_space][vc_empty_space][\/vc_column][\/vc_row][vc_row][vc_column][vc_column_text css=&#8220;&#8220;] Sch\u00f6nes aus Indien \u2013 liebevoll und fair produziert. Sundara\u00a0bedeutet \u201eSch\u00f6n\u201c in Hindi und anderen Indischen Sprachen. Wir sind immer auf der Suche nach etwas Besonderem, Au\u00dfergew\u00f6hnlichem. Dinge, die unser Leben sch\u00f6ner, ausdrucksst\u00e4rker und interessanter machen. Unsere Produkte zeichnen sich durch die Qualit\u00e4t und besondere Sch\u00f6nheit traditioneller, indischer Handwerkskunst aus \u2013 gepaart mit modernem&hellip;<\/p>\n","protected":false},"author":14,"featured_media":0,"parent":507,"menu_order":4,"comment_status":"closed","ping_status":"closed","template":"","meta":{"footnotes":""},"class_list":["post-848","page","type-page","status-publish","hentry","description-off"],"yoast_head":"<!-- This site is optimized with the Yoast SEO plugin v26.8 - https:\/\/yoast.com\/product\/yoast-seo-wordpress\/ -->\n<title>Sundara Paper &amp; Art - Weltladen Mutterstadt<\/title>\n<meta name=\"robots\" content=\"index, follow, max-snippet:-1, max-image-preview:large, max-video-preview:-1\" \/>\n<link rel=\"canonical\" href=\"https:\/\/weltlaeden.de\/mutterstadt\/portraits-von-handelspartnern\/sundara\/\" \/>\n<meta property=\"og:locale\" content=\"de_DE\" \/>\n<meta property=\"og:type\" content=\"article\" \/>\n<meta property=\"og:title\" content=\"Sundara Paper &amp; Art - Weltladen Mutterstadt\" \/>\n<meta property=\"og:description\" content=\"[vc_row][vc_column][vc_empty_space][vc_empty_space][\/vc_column][\/vc_row][vc_row][vc_column][vc_column_text css=&#8220;&#8220;] Sch\u00f6nes aus Indien \u2013 liebevoll und fair produziert. Sundara\u00a0bedeutet \u201eSch\u00f6n\u201c in Hindi und anderen Indischen Sprachen. Wir sind immer auf der Suche nach etwas Besonderem, Au\u00dfergew\u00f6hnlichem. Dinge, die unser Leben sch\u00f6ner, ausdrucksst\u00e4rker und interessanter machen. Unsere Produkte zeichnen sich durch die Qualit\u00e4t und besondere Sch\u00f6nheit traditioneller, indischer Handwerkskunst aus \u2013 gepaart mit modernem&hellip;\" \/>\n<meta property=\"og:url\" content=\"https:\/\/weltlaeden.de\/mutterstadt\/portraits-von-handelspartnern\/sundara\/\" \/>\n<meta property=\"og:site_name\" content=\"Weltladen Mutterstadt\" \/>\n<meta property=\"article:modified_time\" content=\"2025-11-29T17:43:59+00:00\" \/>\n<meta property=\"og:image\" content=\"https:\/\/weltlaeden.de\/mutterstadt\/wp-content\/uploads\/sites\/220\/2025\/11\/logo_sundara_farbig_auf_weiss.png\" \/>\n\t<meta property=\"og:image:width\" content=\"517\" \/>\n\t<meta property=\"og:image:height\" content=\"159\" \/>\n\t<meta property=\"og:image:type\" content=\"image\/png\" \/>\n<meta name=\"twitter:card\" content=\"summary_large_image\" \/>\n<meta name=\"twitter:label1\" content=\"Gesch\u00e4tzte Lesezeit\" \/>\n\t<meta name=\"twitter:data1\" content=\"2\u00a0Minuten\" \/>\n<script type=\"application\/ld+json\" class=\"yoast-schema-graph\">{\"@context\":\"https:\/\/schema.org\",\"@graph\":[{\"@type\":\"WebPage\",\"@id\":\"https:\/\/weltlaeden.de\/mutterstadt\/portraits-von-handelspartnern\/sundara\/\",\"url\":\"https:\/\/weltlaeden.de\/mutterstadt\/portraits-von-handelspartnern\/sundara\/\",\"name\":\"Sundara Paper &amp; Art - Weltladen Mutterstadt\",\"isPartOf\":{\"@id\":\"https:\/\/weltlaeden.de\/mutterstadt\/#website\"},\"primaryImageOfPage\":{\"@id\":\"https:\/\/weltlaeden.de\/mutterstadt\/portraits-von-handelspartnern\/sundara\/#primaryimage\"},\"image\":{\"@id\":\"https:\/\/weltlaeden.de\/mutterstadt\/portraits-von-handelspartnern\/sundara\/#primaryimage\"},\"thumbnailUrl\":\"https:\/\/weltlaeden.de\/mutterstadt\/wp-content\/uploads\/sites\/220\/2025\/11\/logo_sundara_farbig_auf_weiss-300x92.png\",\"datePublished\":\"2025-11-29T17:33:37+00:00\",\"dateModified\":\"2025-11-29T17:43:59+00:00\",\"breadcrumb\":{\"@id\":\"https:\/\/weltlaeden.de\/mutterstadt\/portraits-von-handelspartnern\/sundara\/#breadcrumb\"},\"inLanguage\":\"de\",\"potentialAction\":[{\"@type\":\"ReadAction\",\"target\":[\"https:\/\/weltlaeden.de\/mutterstadt\/portraits-von-handelspartnern\/sundara\/\"]}]},{\"@type\":\"ImageObject\",\"inLanguage\":\"de\",\"@id\":\"https:\/\/weltlaeden.de\/mutterstadt\/portraits-von-handelspartnern\/sundara\/#primaryimage\",\"url\":\"https:\/\/weltlaeden.de\/mutterstadt\/wp-content\/uploads\/sites\/220\/2025\/11\/logo_sundara_farbig_auf_weiss.png\",\"contentUrl\":\"https:\/\/weltlaeden.de\/mutterstadt\/wp-content\/uploads\/sites\/220\/2025\/11\/logo_sundara_farbig_auf_weiss.png\",\"width\":517,\"height\":159},{\"@type\":\"BreadcrumbList\",\"@id\":\"https:\/\/weltlaeden.de\/mutterstadt\/portraits-von-handelspartnern\/sundara\/#breadcrumb\",\"itemListElement\":[{\"@type\":\"ListItem\",\"position\":1,\"name\":\"Startseite\",\"item\":\"https:\/\/weltlaeden.de\/mutterstadt\/\"},{\"@type\":\"ListItem\",\"position\":2,\"name\":\"Portraits von Handelspartnern\",\"item\":\"https:\/\/weltlaeden.de\/mutterstadt\/portraits-von-handelspartnern\/\"},{\"@type\":\"ListItem\",\"position\":3,\"name\":\"Sundara Paper &amp; Art\"}]},{\"@type\":\"WebSite\",\"@id\":\"https:\/\/weltlaeden.de\/mutterstadt\/#website\",\"url\":\"https:\/\/weltlaeden.de\/mutterstadt\/\",\"name\":\"Weltladen Mutterstadt\",\"description\":\"Faire Produkte seit 1990\",\"potentialAction\":[{\"@type\":\"SearchAction\",\"target\":{\"@type\":\"EntryPoint\",\"urlTemplate\":\"https:\/\/weltlaeden.de\/mutterstadt\/?s={search_term_string}\"},\"query-input\":{\"@type\":\"PropertyValueSpecification\",\"valueRequired\":true,\"valueName\":\"search_term_string\"}}],\"inLanguage\":\"de\"}]}<\/script>\n<!-- \/ Yoast SEO plugin. -->","yoast_head_json":{"title":"Sundara Paper &amp; Art - Weltladen Mutterstadt","robots":{"index":"index","follow":"follow","max-snippet":"max-snippet:-1","max-image-preview":"max-image-preview:large","max-video-preview":"max-video-preview:-1"},"canonical":"https:\/\/weltlaeden.de\/mutterstadt\/portraits-von-handelspartnern\/sundara\/","og_locale":"de_DE","og_type":"article","og_title":"Sundara Paper &amp; Art - Weltladen Mutterstadt","og_description":"[vc_row][vc_column][vc_empty_space][vc_empty_space][\/vc_column][\/vc_row][vc_row][vc_column][vc_column_text css=&#8220;&#8220;] Sch\u00f6nes aus Indien \u2013 liebevoll und fair produziert. Sundara\u00a0bedeutet \u201eSch\u00f6n\u201c in Hindi und anderen Indischen Sprachen. Wir sind immer auf der Suche nach etwas Besonderem, Au\u00dfergew\u00f6hnlichem. Dinge, die unser Leben sch\u00f6ner, ausdrucksst\u00e4rker und interessanter machen. Unsere Produkte zeichnen sich durch die Qualit\u00e4t und besondere Sch\u00f6nheit traditioneller, indischer Handwerkskunst aus \u2013 gepaart mit modernem&hellip;","og_url":"https:\/\/weltlaeden.de\/mutterstadt\/portraits-von-handelspartnern\/sundara\/","og_site_name":"Weltladen Mutterstadt","article_modified_time":"2025-11-29T17:43:59+00:00","og_image":[{"width":517,"height":159,"url":"https:\/\/weltlaeden.de\/mutterstadt\/wp-content\/uploads\/sites\/220\/2025\/11\/logo_sundara_farbig_auf_weiss.png","type":"image\/png"}],"twitter_card":"summary_large_image","twitter_misc":{"Gesch\u00e4tzte Lesezeit":"2\u00a0Minuten"},"schema":{"@context":"https:\/\/schema.org","@graph":[{"@type":"WebPage","@id":"https:\/\/weltlaeden.de\/mutterstadt\/portraits-von-handelspartnern\/sundara\/","url":"https:\/\/weltlaeden.de\/mutterstadt\/portraits-von-handelspartnern\/sundara\/","name":"Sundara Paper &amp; Art - Weltladen Mutterstadt","isPartOf":{"@id":"https:\/\/weltlaeden.de\/mutterstadt\/#website"},"primaryImageOfPage":{"@id":"https:\/\/weltlaeden.de\/mutterstadt\/portraits-von-handelspartnern\/sundara\/#primaryimage"},"image":{"@id":"https:\/\/weltlaeden.de\/mutterstadt\/portraits-von-handelspartnern\/sundara\/#primaryimage"},"thumbnailUrl":"https:\/\/weltlaeden.de\/mutterstadt\/wp-content\/uploads\/sites\/220\/2025\/11\/logo_sundara_farbig_auf_weiss-300x92.png","datePublished":"2025-11-29T17:33:37+00:00","dateModified":"2025-11-29T17:43:59+00:00","breadcrumb":{"@id":"https:\/\/weltlaeden.de\/mutterstadt\/portraits-von-handelspartnern\/sundara\/#breadcrumb"},"inLanguage":"de","potentialAction":[{"@type":"ReadAction","target":["https:\/\/weltlaeden.de\/mutterstadt\/portraits-von-handelspartnern\/sundara\/"]}]},{"@type":"ImageObject","inLanguage":"de","@id":"https:\/\/weltlaeden.de\/mutterstadt\/portraits-von-handelspartnern\/sundara\/#primaryimage","url":"https:\/\/weltlaeden.de\/mutterstadt\/wp-content\/uploads\/sites\/220\/2025\/11\/logo_sundara_farbig_auf_weiss.png","contentUrl":"https:\/\/weltlaeden.de\/mutterstadt\/wp-content\/uploads\/sites\/220\/2025\/11\/logo_sundara_farbig_auf_weiss.png","width":517,"height":159},{"@type":"BreadcrumbList","@id":"https:\/\/weltlaeden.de\/mutterstadt\/portraits-von-handelspartnern\/sundara\/#breadcrumb","itemListElement":[{"@type":"ListItem","position":1,"name":"Startseite","item":"https:\/\/weltlaeden.de\/mutterstadt\/"},{"@type":"ListItem","position":2,"name":"Portraits von Handelspartnern","item":"https:\/\/weltlaeden.de\/mutterstadt\/portraits-von-handelspartnern\/"},{"@type":"ListItem","position":3,"name":"Sundara Paper &amp; Art"}]},{"@type":"WebSite","@id":"https:\/\/weltlaeden.de\/mutterstadt\/#website","url":"https:\/\/weltlaeden.de\/mutterstadt\/","name":"Weltladen Mutterstadt","description":"Faire Produkte seit 1990","potentialAction":[{"@type":"SearchAction","target":{"@type":"EntryPoint","urlTemplate":"https:\/\/weltlaeden.de\/mutterstadt\/?s={search_term_string}"},"query-input":{"@type":"PropertyValueSpecification","valueRequired":true,"valueName":"search_term_string"}}],"inLanguage":"de"}]}},"_links":{"self":[{"href":"https:\/\/weltlaeden.de\/mutterstadt\/wp-json\/wp\/v2\/pages\/848","targetHints":{"allow":["GET"]}}],"collection":[{"href":"https:\/\/weltlaeden.de\/mutterstadt\/wp-json\/wp\/v2\/pages"}],"about":[{"href":"https:\/\/weltlaeden.de\/mutterstadt\/wp-json\/wp\/v2\/types\/page"}],"author":[{"embeddable":true,"href":"https:\/\/weltlaeden.de\/mutterstadt\/wp-json\/wp\/v2\/users\/14"}],"replies":[{"embeddable":true,"href":"https:\/\/weltlaeden.de\/mutterstadt\/wp-json\/wp\/v2\/comments?post=848"}],"version-history":[{"count":3,"href":"https:\/\/weltlaeden.de\/mutterstadt\/wp-json\/wp\/v2\/pages\/848\/revisions"}],"predecessor-version":[{"id":855,"href":"https:\/\/weltlaeden.de\/mutterstadt\/wp-json\/wp\/v2\/pages\/848\/revisions\/855"}],"up":[{"embeddable":true,"href":"https:\/\/weltlaeden.de\/mutterstadt\/wp-json\/wp\/v2\/pages\/507"}],"wp:attachment":[{"href":"https:\/\/weltlaeden.de\/mutterstadt\/wp-json\/wp\/v2\/media?parent=848"}],"curies":[{"name":"wp","href":"https:\/\/api.w.org\/{rel}","templated":true}]}}