{"id":587,"date":"2022-10-19T11:53:23","date_gmt":"2022-10-19T09:53:23","guid":{"rendered":"https:\/\/weltlaeden.de\/mutterstadt\/?page_id=587"},"modified":"2025-11-26T18:51:05","modified_gmt":"2025-11-26T17:51:05","slug":"weltladen-gutschein","status":"publish","type":"page","link":"https:\/\/weltlaeden.de\/mutterstadt\/weltladen-gutschein\/","title":{"rendered":"Geschenk-Gutscheine"},"content":{"rendered":"<div class=\"wpb-content-wrapper\"><p>[vc_row][vc_column][\/vc_column][\/vc_row][vc_row][vc_column][vc_empty_space height=&#8220;20px&#8220;][vc_column_text css=&#8220;&#8220;]<\/p>\n<h1>Unser Geschenke-Tipp: Der Weltladen-Gutschein<\/h1>\n<p>Schenken macht gl\u00fccklich, vor allem, wenn es Menschen eine Freude bereitet, die uns wichtig sind. Noch gl\u00fccklicher macht es, wenn wir damit etwas bewegen k\u00f6nnen. Mit dem Weltladen-Gutschein fairw\u00f6hnst du deine Lieben und leistest gleichzeitig einen Beitrag f\u00fcr eine nachhaltige und gerechtere Welt.<\/p>\n<p>Schenke ein pers\u00f6nliches und sinnvolles Geschenk, das eine sch\u00f6ne Auswahl an 100 % fair gehandelten Produkten beinhaltet, eine starke Botschaft vermittelt und gleichzeitig das Leben der Produzent*innen und ihrer Familien verbessert.[\/vc_column_text][vc_column_text css=&#8220;&#8220;]<\/p>\n<h2>Im Laden kaufen<\/h2>\n<p>Gutscheinkarten zu individuellen Betr\u00e4gen ab 5 \u20ac erh\u00e4ltst du bei uns im Laden.<\/p>\n<h2>F\u00fcr jede\/n ist etwas dabei<\/h2>\n<p>Von k\u00f6stlichen Lebensmitteln wie Kaffee, Tee und Schokolade \u00fcber reizvolle Handwerksprodukte und tolle Accessoires &#8211; in unserem Weltladen findest du einzigartige und liebevolle Produkte, die mit Sicherheit eine Freude bereiten werden.[\/vc_column_text][\/vc_column][\/vc_row][vc_row][vc_column]<div class=\"wl_einzelbild\"><p><img loading=\"lazy\" decoding=\"async\" class=\"alignnone wp-image-767 size-large\" src=\"https:\/\/weltlaeden.de\/mutterstadt\/wp-content\/uploads\/sites\/220\/2025\/11\/IMG_9077-1024x683.jpg\" alt=\"\" width=\"1024\" height=\"683\" srcset=\"https:\/\/weltlaeden.de\/mutterstadt\/wp-content\/uploads\/sites\/220\/2025\/11\/IMG_9077-1024x683.jpg 1024w, https:\/\/weltlaeden.de\/mutterstadt\/wp-content\/uploads\/sites\/220\/2025\/11\/IMG_9077-300x200.jpg 300w, https:\/\/weltlaeden.de\/mutterstadt\/wp-content\/uploads\/sites\/220\/2025\/11\/IMG_9077-768x512.jpg 768w, https:\/\/weltlaeden.de\/mutterstadt\/wp-content\/uploads\/sites\/220\/2025\/11\/IMG_9077-1536x1024.jpg 1536w, https:\/\/weltlaeden.de\/mutterstadt\/wp-content\/uploads\/sites\/220\/2025\/11\/IMG_9077.jpg 1620w\" sizes=\"auto, (max-width: 1024px) 100vw, 1024px\" \/><\/p><\/div>[\/vc_column][\/vc_row]<\/p>\n<\/div>","protected":false},"excerpt":{"rendered":"<p>[vc_row][vc_column][\/vc_column][\/vc_row][vc_row][vc_column][vc_empty_space height=&#8220;20px&#8220;][vc_column_text css=&#8220;&#8220;] Unser Geschenke-Tipp: Der Weltladen-Gutschein Schenken macht gl\u00fccklich, vor allem, wenn es Menschen eine Freude bereitet, die uns wichtig sind. Noch gl\u00fccklicher macht es, wenn wir damit etwas bewegen k\u00f6nnen. Mit dem Weltladen-Gutschein fairw\u00f6hnst du deine Lieben und leistest gleichzeitig einen Beitrag f\u00fcr eine nachhaltige und gerechtere Welt. Schenke ein pers\u00f6nliches und sinnvolles&hellip;<\/p>\n","protected":false},"author":14,"featured_media":0,"parent":0,"menu_order":1,"comment_status":"closed","ping_status":"closed","template":"","meta":{"footnotes":""},"class_list":["post-587","page","type-page","status-publish","hentry","description-off"],"yoast_head":"<!-- This site is optimized with the Yoast SEO plugin v26.8 - https:\/\/yoast.com\/product\/yoast-seo-wordpress\/ -->\n<title>Geschenk-Gutscheine - Weltladen Mutterstadt<\/title>\n<meta name=\"robots\" content=\"index, follow, max-snippet:-1, max-image-preview:large, max-video-preview:-1\" \/>\n<link rel=\"canonical\" href=\"https:\/\/weltlaeden.de\/mutterstadt\/weltladen-gutschein\/\" \/>\n<meta property=\"og:locale\" content=\"de_DE\" \/>\n<meta property=\"og:type\" content=\"article\" \/>\n<meta property=\"og:title\" content=\"Geschenk-Gutscheine - Weltladen Mutterstadt\" \/>\n<meta property=\"og:description\" content=\"[vc_row][vc_column][\/vc_column][\/vc_row][vc_row][vc_column][vc_empty_space height=&#8220;20px&#8220;][vc_column_text css=&#8220;&#8220;] Unser Geschenke-Tipp: Der Weltladen-Gutschein Schenken macht gl\u00fccklich, vor allem, wenn es Menschen eine Freude bereitet, die uns wichtig sind. Noch gl\u00fccklicher macht es, wenn wir damit etwas bewegen k\u00f6nnen. Mit dem Weltladen-Gutschein fairw\u00f6hnst du deine Lieben und leistest gleichzeitig einen Beitrag f\u00fcr eine nachhaltige und gerechtere Welt. Schenke ein pers\u00f6nliches und sinnvolles&hellip;\" \/>\n<meta property=\"og:url\" content=\"https:\/\/weltlaeden.de\/mutterstadt\/weltladen-gutschein\/\" \/>\n<meta property=\"og:site_name\" content=\"Weltladen Mutterstadt\" \/>\n<meta property=\"article:modified_time\" content=\"2025-11-26T17:51:05+00:00\" \/>\n<meta property=\"og:image\" content=\"https:\/\/weltlaeden.de\/mutterstadt\/wp-content\/uploads\/sites\/220\/2025\/11\/IMG_9077.jpg\" \/>\n\t<meta property=\"og:image:width\" content=\"1620\" \/>\n\t<meta property=\"og:image:height\" content=\"1080\" \/>\n\t<meta property=\"og:image:type\" content=\"image\/jpeg\" \/>\n<meta name=\"twitter:card\" content=\"summary_large_image\" \/>\n<meta name=\"twitter:label1\" content=\"Gesch\u00e4tzte Lesezeit\" \/>\n\t<meta name=\"twitter:data1\" content=\"1\u00a0Minute\" \/>\n<script type=\"application\/ld+json\" class=\"yoast-schema-graph\">{\"@context\":\"https:\/\/schema.org\",\"@graph\":[{\"@type\":\"WebPage\",\"@id\":\"https:\/\/weltlaeden.de\/mutterstadt\/weltladen-gutschein\/\",\"url\":\"https:\/\/weltlaeden.de\/mutterstadt\/weltladen-gutschein\/\",\"name\":\"Geschenk-Gutscheine - Weltladen Mutterstadt\",\"isPartOf\":{\"@id\":\"https:\/\/weltlaeden.de\/mutterstadt\/#website\"},\"primaryImageOfPage\":{\"@id\":\"https:\/\/weltlaeden.de\/mutterstadt\/weltladen-gutschein\/#primaryimage\"},\"image\":{\"@id\":\"https:\/\/weltlaeden.de\/mutterstadt\/weltladen-gutschein\/#primaryimage\"},\"thumbnailUrl\":\"https:\/\/weltlaeden.de\/mutterstadt\/wp-content\/uploads\/sites\/220\/2025\/11\/IMG_9077-1024x683.jpg\",\"datePublished\":\"2022-10-19T09:53:23+00:00\",\"dateModified\":\"2025-11-26T17:51:05+00:00\",\"breadcrumb\":{\"@id\":\"https:\/\/weltlaeden.de\/mutterstadt\/weltladen-gutschein\/#breadcrumb\"},\"inLanguage\":\"de\",\"potentialAction\":[{\"@type\":\"ReadAction\",\"target\":[\"https:\/\/weltlaeden.de\/mutterstadt\/weltladen-gutschein\/\"]}]},{\"@type\":\"ImageObject\",\"inLanguage\":\"de\",\"@id\":\"https:\/\/weltlaeden.de\/mutterstadt\/weltladen-gutschein\/#primaryimage\",\"url\":\"https:\/\/weltlaeden.de\/mutterstadt\/wp-content\/uploads\/sites\/220\/2025\/11\/IMG_9077.jpg\",\"contentUrl\":\"https:\/\/weltlaeden.de\/mutterstadt\/wp-content\/uploads\/sites\/220\/2025\/11\/IMG_9077.jpg\",\"width\":1620,\"height\":1080},{\"@type\":\"BreadcrumbList\",\"@id\":\"https:\/\/weltlaeden.de\/mutterstadt\/weltladen-gutschein\/#breadcrumb\",\"itemListElement\":[{\"@type\":\"ListItem\",\"position\":1,\"name\":\"Startseite\",\"item\":\"https:\/\/weltlaeden.de\/mutterstadt\/\"},{\"@type\":\"ListItem\",\"position\":2,\"name\":\"Geschenk-Gutscheine\"}]},{\"@type\":\"WebSite\",\"@id\":\"https:\/\/weltlaeden.de\/mutterstadt\/#website\",\"url\":\"https:\/\/weltlaeden.de\/mutterstadt\/\",\"name\":\"Weltladen Mutterstadt\",\"description\":\"Faire Produkte seit 1990\",\"potentialAction\":[{\"@type\":\"SearchAction\",\"target\":{\"@type\":\"EntryPoint\",\"urlTemplate\":\"https:\/\/weltlaeden.de\/mutterstadt\/?s={search_term_string}\"},\"query-input\":{\"@type\":\"PropertyValueSpecification\",\"valueRequired\":true,\"valueName\":\"search_term_string\"}}],\"inLanguage\":\"de\"}]}<\/script>\n<!-- \/ Yoast SEO plugin. -->","yoast_head_json":{"title":"Geschenk-Gutscheine - Weltladen Mutterstadt","robots":{"index":"index","follow":"follow","max-snippet":"max-snippet:-1","max-image-preview":"max-image-preview:large","max-video-preview":"max-video-preview:-1"},"canonical":"https:\/\/weltlaeden.de\/mutterstadt\/weltladen-gutschein\/","og_locale":"de_DE","og_type":"article","og_title":"Geschenk-Gutscheine - Weltladen Mutterstadt","og_description":"[vc_row][vc_column][\/vc_column][\/vc_row][vc_row][vc_column][vc_empty_space height=&#8220;20px&#8220;][vc_column_text css=&#8220;&#8220;] Unser Geschenke-Tipp: Der Weltladen-Gutschein Schenken macht gl\u00fccklich, vor allem, wenn es Menschen eine Freude bereitet, die uns wichtig sind. Noch gl\u00fccklicher macht es, wenn wir damit etwas bewegen k\u00f6nnen. Mit dem Weltladen-Gutschein fairw\u00f6hnst du deine Lieben und leistest gleichzeitig einen Beitrag f\u00fcr eine nachhaltige und gerechtere Welt. Schenke ein pers\u00f6nliches und sinnvolles&hellip;","og_url":"https:\/\/weltlaeden.de\/mutterstadt\/weltladen-gutschein\/","og_site_name":"Weltladen Mutterstadt","article_modified_time":"2025-11-26T17:51:05+00:00","og_image":[{"width":1620,"height":1080,"url":"https:\/\/weltlaeden.de\/mutterstadt\/wp-content\/uploads\/sites\/220\/2025\/11\/IMG_9077.jpg","type":"image\/jpeg"}],"twitter_card":"summary_large_image","twitter_misc":{"Gesch\u00e4tzte Lesezeit":"1\u00a0Minute"},"schema":{"@context":"https:\/\/schema.org","@graph":[{"@type":"WebPage","@id":"https:\/\/weltlaeden.de\/mutterstadt\/weltladen-gutschein\/","url":"https:\/\/weltlaeden.de\/mutterstadt\/weltladen-gutschein\/","name":"Geschenk-Gutscheine - Weltladen Mutterstadt","isPartOf":{"@id":"https:\/\/weltlaeden.de\/mutterstadt\/#website"},"primaryImageOfPage":{"@id":"https:\/\/weltlaeden.de\/mutterstadt\/weltladen-gutschein\/#primaryimage"},"image":{"@id":"https:\/\/weltlaeden.de\/mutterstadt\/weltladen-gutschein\/#primaryimage"},"thumbnailUrl":"https:\/\/weltlaeden.de\/mutterstadt\/wp-content\/uploads\/sites\/220\/2025\/11\/IMG_9077-1024x683.jpg","datePublished":"2022-10-19T09:53:23+00:00","dateModified":"2025-11-26T17:51:05+00:00","breadcrumb":{"@id":"https:\/\/weltlaeden.de\/mutterstadt\/weltladen-gutschein\/#breadcrumb"},"inLanguage":"de","potentialAction":[{"@type":"ReadAction","target":["https:\/\/weltlaeden.de\/mutterstadt\/weltladen-gutschein\/"]}]},{"@type":"ImageObject","inLanguage":"de","@id":"https:\/\/weltlaeden.de\/mutterstadt\/weltladen-gutschein\/#primaryimage","url":"https:\/\/weltlaeden.de\/mutterstadt\/wp-content\/uploads\/sites\/220\/2025\/11\/IMG_9077.jpg","contentUrl":"https:\/\/weltlaeden.de\/mutterstadt\/wp-content\/uploads\/sites\/220\/2025\/11\/IMG_9077.jpg","width":1620,"height":1080},{"@type":"BreadcrumbList","@id":"https:\/\/weltlaeden.de\/mutterstadt\/weltladen-gutschein\/#breadcrumb","itemListElement":[{"@type":"ListItem","position":1,"name":"Startseite","item":"https:\/\/weltlaeden.de\/mutterstadt\/"},{"@type":"ListItem","position":2,"name":"Geschenk-Gutscheine"}]},{"@type":"WebSite","@id":"https:\/\/weltlaeden.de\/mutterstadt\/#website","url":"https:\/\/weltlaeden.de\/mutterstadt\/","name":"Weltladen Mutterstadt","description":"Faire Produkte seit 1990","potentialAction":[{"@type":"SearchAction","target":{"@type":"EntryPoint","urlTemplate":"https:\/\/weltlaeden.de\/mutterstadt\/?s={search_term_string}"},"query-input":{"@type":"PropertyValueSpecification","valueRequired":true,"valueName":"search_term_string"}}],"inLanguage":"de"}]}},"_links":{"self":[{"href":"https:\/\/weltlaeden.de\/mutterstadt\/wp-json\/wp\/v2\/pages\/587","targetHints":{"allow":["GET"]}}],"collection":[{"href":"https:\/\/weltlaeden.de\/mutterstadt\/wp-json\/wp\/v2\/pages"}],"about":[{"href":"https:\/\/weltlaeden.de\/mutterstadt\/wp-json\/wp\/v2\/types\/page"}],"author":[{"embeddable":true,"href":"https:\/\/weltlaeden.de\/mutterstadt\/wp-json\/wp\/v2\/users\/14"}],"replies":[{"embeddable":true,"href":"https:\/\/weltlaeden.de\/mutterstadt\/wp-json\/wp\/v2\/comments?post=587"}],"version-history":[{"count":11,"href":"https:\/\/weltlaeden.de\/mutterstadt\/wp-json\/wp\/v2\/pages\/587\/revisions"}],"predecessor-version":[{"id":795,"href":"https:\/\/weltlaeden.de\/mutterstadt\/wp-json\/wp\/v2\/pages\/587\/revisions\/795"}],"wp:attachment":[{"href":"https:\/\/weltlaeden.de\/mutterstadt\/wp-json\/wp\/v2\/media?parent=587"}],"curies":[{"name":"wp","href":"https:\/\/api.w.org\/{rel}","templated":true}]}}