{"id":217,"date":"2016-10-28T13:34:47","date_gmt":"2016-10-28T11:34:47","guid":{"rendered":"https:\/\/wl.heimpixel.de\/vorlage\/produkte\/"},"modified":"2025-11-26T18:33:51","modified_gmt":"2025-11-26T17:33:51","slug":"produkte","status":"publish","type":"page","link":"https:\/\/weltlaeden.de\/mutterstadt\/produkte\/","title":{"rendered":"Produkte"},"content":{"rendered":"<div class=\"wpb-content-wrapper\"><p>[vc_row][vc_column]<div class=\"wl_einzelbild\"><p><\/p><\/div>[vc_empty_space][vc_column_text]<\/p>\n<h1>Unser Sortiment<\/h1>\n<p>[\/vc_column_text][vc_empty_space][vc_row_inner][vc_column_inner width=&#8220;1\/2&#8243;][vc_column_text]<\/p>\n<h2>Lebensmittel<\/h2>\n<p>[\/vc_column_text]<div class=\"wl_einzelbild\"><p><img loading=\"lazy\" decoding=\"async\" class=\"alignnone size-medium wp-image-762\" src=\"https:\/\/weltlaeden.de\/mutterstadt\/wp-content\/uploads\/sites\/220\/2025\/11\/IMG_9069-300x200.jpg\" alt=\"\" width=\"300\" height=\"200\" srcset=\"https:\/\/weltlaeden.de\/mutterstadt\/wp-content\/uploads\/sites\/220\/2025\/11\/IMG_9069-300x200.jpg 300w, https:\/\/weltlaeden.de\/mutterstadt\/wp-content\/uploads\/sites\/220\/2025\/11\/IMG_9069-1024x683.jpg 1024w, https:\/\/weltlaeden.de\/mutterstadt\/wp-content\/uploads\/sites\/220\/2025\/11\/IMG_9069-768x512.jpg 768w, https:\/\/weltlaeden.de\/mutterstadt\/wp-content\/uploads\/sites\/220\/2025\/11\/IMG_9069-1536x1024.jpg 1536w, https:\/\/weltlaeden.de\/mutterstadt\/wp-content\/uploads\/sites\/220\/2025\/11\/IMG_9069.jpg 1620w\" sizes=\"auto, (max-width: 300px) 100vw, 300px\" \/><\/p><\/div>[vc_empty_space][vc_column_text css=&#8220;&#8220;]<\/p>\n<p data-start=\"49\" data-end=\"285\">Genuss mit gutem Gewissen \u2013 in unserem Weltladen findest du eine gro\u00dfe Auswahl an hochwertigen Lebensmitteln aus fairem Handel. Jedes Produkt steht f\u00fcr gerechte L\u00f6hne, nachhaltigen Anbau und unvergleichlichen Geschmack aus aller Welt.<\/p>\n<h4 data-start=\"287\" data-end=\"312\"><strong data-start=\"292\" data-end=\"310\">\u2615 Kaffee &amp; Tee<\/strong><\/h4>\n<p data-start=\"313\" data-end=\"454\">Ob aromatischer Hochlandkaffee, kr\u00e4ftiger Espresso oder feiner Bio-Tee \u2013 genie\u00dfe fair gehandelte Spezialit\u00e4ten, die deinen Tag versch\u00f6nern.<\/p>\n<h4 data-start=\"456\" data-end=\"488\"><strong data-start=\"461\" data-end=\"486\">\ud83c\udf6b Schokolade &amp; S\u00fc\u00dfes<\/strong><\/h4>\n<p data-start=\"489\" data-end=\"622\">Von zartschmelzender Schokolade \u00fcber feinste Pralinen bis hin zu Gummitieren \u2013 g\u00f6nn dir ein St\u00fcck faire Naschfreude!<\/p>\n<h4 data-start=\"624\" data-end=\"668\"><strong data-start=\"629\" data-end=\"666\">\ud83c\udf5a Reis, Getreide &amp; H\u00fclsenfr\u00fcchte<\/strong><\/h4>\n<p data-start=\"669\" data-end=\"812\">Bringe Abwechslung in deine K\u00fcche mit fair gehandeltem Reis, Quinoa, Linsen und anderen H\u00fclsenfr\u00fcchten \u2013 perfekt f\u00fcr eine bewusste Ern\u00e4hrung.<\/p>\n<h4 data-start=\"814\" data-end=\"850\"><strong data-start=\"819\" data-end=\"848\">\ud83c\udf6f Honig &amp; Brotaufstriche<\/strong><\/h4>\n<p data-start=\"851\" data-end=\"977\">Ob cremiger Honig aus nachhaltiger Imkerei oder exotische Fruchtaufstriche \u2013 starte deinen Tag mit fairen Fr\u00fchst\u00fccksfreuden.<\/p>\n<h4 data-start=\"979\" data-end=\"1011\"><strong data-start=\"984\" data-end=\"1009\">\ud83c\udf3f Gew\u00fcrze &amp; Feinkost<\/strong><\/h4>\n<p data-start=\"1012\" data-end=\"1159\">Entdecke die Aromen der Welt mit unseren fair gehandelten Gew\u00fcrzen, aromatischen Currymischungen, hochwertigen \u00d6len und besonderen Spezialit\u00e4ten.<\/p>\n<h4 data-start=\"1161\" data-end=\"1205\"><strong data-start=\"1166\" data-end=\"1203\">\ud83e\udd5c N\u00fcsse, Snacks &amp; Trockenfr\u00fcchte<\/strong><\/h4>\n<p data-start=\"1206\" data-end=\"1345\">Knackige N\u00fcsse, saftige Mangostreifen oder herzhafte Knabbereien \u2013 perfekt f\u00fcr den kleinen Hunger oder als Highlight in deinen Gerichten.<\/p>\n<h4 data-start=\"1347\" data-end=\"1376\"><strong data-start=\"1352\" data-end=\"1374\">\ud83c\udf77 Wein &amp; Getr\u00e4nke<\/strong><\/h4>\n<p data-start=\"1377\" data-end=\"1493\">Lass dich von fair gehandelten Weinen, lokalem Bier, aromatischen Fruchts\u00e4ften oder exotischen Erfrischungsgetr\u00e4nken begeistern.<\/p>\n<p>[\/vc_column_text]<div class=\"wl_einzelbild\"><p><\/p>\n<p><img loading=\"lazy\" decoding=\"async\" class=\"alignnone size-medium wp-image-782\" src=\"https:\/\/weltlaeden.de\/mutterstadt\/wp-content\/uploads\/sites\/220\/2025\/11\/IMG_9072-300x200.jpg\" alt=\"\" width=\"300\" height=\"200\" srcset=\"https:\/\/weltlaeden.de\/mutterstadt\/wp-content\/uploads\/sites\/220\/2025\/11\/IMG_9072-300x200.jpg 300w, https:\/\/weltlaeden.de\/mutterstadt\/wp-content\/uploads\/sites\/220\/2025\/11\/IMG_9072-1024x683.jpg 1024w, https:\/\/weltlaeden.de\/mutterstadt\/wp-content\/uploads\/sites\/220\/2025\/11\/IMG_9072-768x512.jpg 768w, https:\/\/weltlaeden.de\/mutterstadt\/wp-content\/uploads\/sites\/220\/2025\/11\/IMG_9072-1536x1024.jpg 1536w, https:\/\/weltlaeden.de\/mutterstadt\/wp-content\/uploads\/sites\/220\/2025\/11\/IMG_9072.jpg 1620w\" sizes=\"auto, (max-width: 300px) 100vw, 300px\" \/><\/p><\/div><div class=\"wl_einzelbild\"><p><img loading=\"lazy\" decoding=\"async\" class=\"alignnone size-medium wp-image-772\" src=\"https:\/\/weltlaeden.de\/mutterstadt\/wp-content\/uploads\/sites\/220\/2025\/11\/IMG_9089-300x200.jpg\" alt=\"\" width=\"300\" height=\"200\" srcset=\"https:\/\/weltlaeden.de\/mutterstadt\/wp-content\/uploads\/sites\/220\/2025\/11\/IMG_9089-300x200.jpg 300w, https:\/\/weltlaeden.de\/mutterstadt\/wp-content\/uploads\/sites\/220\/2025\/11\/IMG_9089-1024x683.jpg 1024w, https:\/\/weltlaeden.de\/mutterstadt\/wp-content\/uploads\/sites\/220\/2025\/11\/IMG_9089-768x512.jpg 768w, https:\/\/weltlaeden.de\/mutterstadt\/wp-content\/uploads\/sites\/220\/2025\/11\/IMG_9089-1536x1024.jpg 1536w, https:\/\/weltlaeden.de\/mutterstadt\/wp-content\/uploads\/sites\/220\/2025\/11\/IMG_9089.jpg 1620w\" sizes=\"auto, (max-width: 300px) 100vw, 300px\" \/><\/p><\/div><div class=\"wl_einzelbild\"><p><img loading=\"lazy\" decoding=\"async\" class=\"alignnone size-medium wp-image-783\" src=\"https:\/\/weltlaeden.de\/mutterstadt\/wp-content\/uploads\/sites\/220\/2025\/11\/IMG_9076-300x200.jpg\" alt=\"\" width=\"300\" height=\"200\" srcset=\"https:\/\/weltlaeden.de\/mutterstadt\/wp-content\/uploads\/sites\/220\/2025\/11\/IMG_9076-300x200.jpg 300w, https:\/\/weltlaeden.de\/mutterstadt\/wp-content\/uploads\/sites\/220\/2025\/11\/IMG_9076-1024x683.jpg 1024w, https:\/\/weltlaeden.de\/mutterstadt\/wp-content\/uploads\/sites\/220\/2025\/11\/IMG_9076-768x512.jpg 768w, https:\/\/weltlaeden.de\/mutterstadt\/wp-content\/uploads\/sites\/220\/2025\/11\/IMG_9076-1536x1024.jpg 1536w, https:\/\/weltlaeden.de\/mutterstadt\/wp-content\/uploads\/sites\/220\/2025\/11\/IMG_9076.jpg 1620w\" sizes=\"auto, (max-width: 300px) 100vw, 300px\" \/><\/p><\/div>[\/vc_column_inner][vc_column_inner width=&#8220;1\/2&#8243;][vc_column_text css=&#8220;&#8220;]<\/p>\n<h2>Non-Food<\/h2>\n<p>[\/vc_column_text]<div class=\"wl_einzelbild\"><p><img loading=\"lazy\" decoding=\"async\" class=\"alignnone size-medium wp-image-777\" src=\"https:\/\/weltlaeden.de\/mutterstadt\/wp-content\/uploads\/sites\/220\/2025\/11\/IMG_9101-300x200.jpg\" alt=\"\" width=\"300\" height=\"200\" srcset=\"https:\/\/weltlaeden.de\/mutterstadt\/wp-content\/uploads\/sites\/220\/2025\/11\/IMG_9101-300x200.jpg 300w, https:\/\/weltlaeden.de\/mutterstadt\/wp-content\/uploads\/sites\/220\/2025\/11\/IMG_9101-1024x683.jpg 1024w, https:\/\/weltlaeden.de\/mutterstadt\/wp-content\/uploads\/sites\/220\/2025\/11\/IMG_9101-768x512.jpg 768w, https:\/\/weltlaeden.de\/mutterstadt\/wp-content\/uploads\/sites\/220\/2025\/11\/IMG_9101-1536x1024.jpg 1536w, https:\/\/weltlaeden.de\/mutterstadt\/wp-content\/uploads\/sites\/220\/2025\/11\/IMG_9101.jpg 1620w\" sizes=\"auto, (max-width: 300px) 100vw, 300px\" \/><\/p><\/div>[vc_empty_space][vc_column_text css=&#8220;&#8220;]<\/p>\n<p data-start=\"56\" data-end=\"317\">In unserem Weltladen findest du nicht nur fair gehandelte Lebensmittel, sondern auch eine gro\u00dfe Auswahl an hochwertigen Non-Food-Produkten. Jedes St\u00fcck erz\u00e4hlt eine Geschichte von traditionellem Handwerk, nachhaltiger Produktion und fairen Arbeitsbedingungen.<\/p>\n<h4 data-start=\"319\" data-end=\"360\"><strong data-start=\"324\" data-end=\"358\">\ud83d\udc5c Kunsthandwerk &amp; Accessoires<\/strong><\/h4>\n<p data-start=\"361\" data-end=\"513\">Ob handgefertigte Taschen, bunte Schals oder einzigartiger Schmuck \u2013 unsere Accessoires verbinden stilvolles Design mit fairen Produktionsbedingungen.<\/p>\n<h4 data-start=\"515\" data-end=\"551\"><strong data-start=\"520\" data-end=\"549\">\ud83c\udfe1 Deko &amp; Wohnaccessoires<\/strong><\/h4>\n<p data-start=\"552\" data-end=\"747\">Bringe ein St\u00fcck Weltkultur in dein Zuhause! Von kunstvollen Kerzenhaltern \u00fcber handgeschnitzte Figuren bis hin zu fair produzierter Keramik \u2013 entdecke besondere Wohnaccessoires mit Geschichte.<\/p>\n<h4 data-start=\"749\" data-end=\"787\"><strong data-start=\"754\" data-end=\"785\">\ud83d\udcda Papeterie &amp; Schreibwaren<\/strong><\/h4>\n<p data-start=\"788\" data-end=\"917\">Notizb\u00fccher aus recyceltem Papier, handgesch\u00f6pfte Karten oder kreative Geschenkverpackungen \u2013 nachhaltig und stilvoll zugleich.<\/p>\n<h4 data-start=\"919\" data-end=\"963\"><strong data-start=\"924\" data-end=\"961\">\ud83e\uddfc Naturkosmetik &amp; Pflegeprodukte<\/strong><\/h4>\n<p data-start=\"964\" data-end=\"1137\">Verw\u00f6hne dich mit fairer Naturkosmetik! Unsere Seifen, K\u00f6rper\u00f6le und Pflegeprodukte bestehen aus hochwertigen, nat\u00fcrlichen Zutaten und werden umweltfreundlich hergestellt.<\/p>\n<h4 data-start=\"1139\" data-end=\"1178\"><strong data-start=\"1144\" data-end=\"1176\">\ud83e\uddf8 Spielzeug &amp; Kinderartikel<\/strong><\/h4>\n<p data-start=\"1179\" data-end=\"1344\">Hochwertiges, nachhaltiges Spielzeug aus Holz, Kuscheltiere aus fairer Produktion oder bunte Kinderb\u00fccher \u2013 hier findest du liebevolle Geschenke f\u00fcr die Kleinsten.<\/p>\n<h4 data-start=\"1346\" data-end=\"1378\"><strong data-start=\"1351\" data-end=\"1376\">\ud83c\udf81 Geschenke mit Sinn<\/strong><\/h4>\n<p data-start=\"1379\" data-end=\"1548\">Ob f\u00fcr Geburtstag, Weihnachten oder einfach so \u2013 in unserem Weltladen gibt es besondere Geschenke, die Freude bereiten und gleichzeitig Menschen weltweit unterst\u00fctzen.<\/p>\n<p>[\/vc_column_text]<div class=\"wl_einzelbild\"><p><img loading=\"lazy\" decoding=\"async\" class=\"alignnone size-medium wp-image-754\" src=\"https:\/\/weltlaeden.de\/mutterstadt\/wp-content\/uploads\/sites\/220\/2025\/11\/IMG_9045-300x200.jpg\" alt=\"\" width=\"300\" height=\"200\" srcset=\"https:\/\/weltlaeden.de\/mutterstadt\/wp-content\/uploads\/sites\/220\/2025\/11\/IMG_9045-300x200.jpg 300w, https:\/\/weltlaeden.de\/mutterstadt\/wp-content\/uploads\/sites\/220\/2025\/11\/IMG_9045-1024x683.jpg 1024w, https:\/\/weltlaeden.de\/mutterstadt\/wp-content\/uploads\/sites\/220\/2025\/11\/IMG_9045-768x512.jpg 768w, https:\/\/weltlaeden.de\/mutterstadt\/wp-content\/uploads\/sites\/220\/2025\/11\/IMG_9045-1536x1024.jpg 1536w, https:\/\/weltlaeden.de\/mutterstadt\/wp-content\/uploads\/sites\/220\/2025\/11\/IMG_9045.jpg 1620w\" sizes=\"auto, (max-width: 300px) 100vw, 300px\" \/><\/p><\/div><div class=\"wl_einzelbild\"><p><img loading=\"lazy\" decoding=\"async\" class=\"alignnone size-medium wp-image-755\" src=\"https:\/\/weltlaeden.de\/mutterstadt\/wp-content\/uploads\/sites\/220\/2025\/11\/IMG_9048-300x200.jpg\" alt=\"\" width=\"300\" height=\"200\" srcset=\"https:\/\/weltlaeden.de\/mutterstadt\/wp-content\/uploads\/sites\/220\/2025\/11\/IMG_9048-300x200.jpg 300w, https:\/\/weltlaeden.de\/mutterstadt\/wp-content\/uploads\/sites\/220\/2025\/11\/IMG_9048-1024x683.jpg 1024w, https:\/\/weltlaeden.de\/mutterstadt\/wp-content\/uploads\/sites\/220\/2025\/11\/IMG_9048-768x512.jpg 768w, https:\/\/weltlaeden.de\/mutterstadt\/wp-content\/uploads\/sites\/220\/2025\/11\/IMG_9048-1536x1024.jpg 1536w, https:\/\/weltlaeden.de\/mutterstadt\/wp-content\/uploads\/sites\/220\/2025\/11\/IMG_9048.jpg 1620w\" sizes=\"auto, (max-width: 300px) 100vw, 300px\" \/><\/p><\/div><div class=\"wl_einzelbild\"><p><img loading=\"lazy\" decoding=\"async\" class=\"alignnone size-medium wp-image-769\" src=\"https:\/\/weltlaeden.de\/mutterstadt\/wp-content\/uploads\/sites\/220\/2025\/11\/IMG_9080-300x200.jpg\" alt=\"\" width=\"300\" height=\"200\" srcset=\"https:\/\/weltlaeden.de\/mutterstadt\/wp-content\/uploads\/sites\/220\/2025\/11\/IMG_9080-300x200.jpg 300w, https:\/\/weltlaeden.de\/mutterstadt\/wp-content\/uploads\/sites\/220\/2025\/11\/IMG_9080-1024x682.jpg 1024w, https:\/\/weltlaeden.de\/mutterstadt\/wp-content\/uploads\/sites\/220\/2025\/11\/IMG_9080-768x512.jpg 768w, https:\/\/weltlaeden.de\/mutterstadt\/wp-content\/uploads\/sites\/220\/2025\/11\/IMG_9080.jpg 1508w\" sizes=\"auto, (max-width: 300px) 100vw, 300px\" \/><\/p><\/div>[\/vc_column_inner][\/vc_row_inner][\/vc_column][\/vc_row][vc_row][vc_column][vc_empty_space][\/vc_column][\/vc_row][vc_row][vc_column]<style type=\"text\/css\" data-type=\"the7_shortcodes-inline-css\">.shortcode-single-image-wrap.shortcode-single-image-70f8d9f98e6f7ffd14f75434ae1eeedd.enable-bg-rollover .rollover i,\n.shortcode-single-image-wrap.shortcode-single-image-70f8d9f98e6f7ffd14f75434ae1eeedd.enable-bg-rollover .rollover-video i {\n  background: -webkit-linear-gradient();\n  background: linear-gradient();\n}\n.shortcode-single-image-wrap.shortcode-single-image-70f8d9f98e6f7ffd14f75434ae1eeedd .rollover-icon {\n  font-size: 32px;\n  color: #ffffff;\n  min-width: 44px;\n  min-height: 44px;\n  line-height: 44px;\n  border-radius: 100px;\n  border-style: solid;\n  border-width: 0px;\n}\n.dt-icon-bg-on.shortcode-single-image-wrap.shortcode-single-image-70f8d9f98e6f7ffd14f75434ae1eeedd .rollover-icon {\n  background: rgba(255,255,255,0.3);\n  box-shadow: none;\n}<\/style>[\/vc_column][\/vc_row]<\/p>\n<\/div>","protected":false},"excerpt":{"rendered":"<p>[vc_row][vc_column][vc_empty_space][vc_column_text] Unser Sortiment [\/vc_column_text][vc_empty_space][vc_row_inner][vc_column_inner width=&#8220;1\/2&#8243;][vc_column_text] Lebensmittel [\/vc_column_text][vc_empty_space][vc_column_text css=&#8220;&#8220;] Genuss mit gutem Gewissen \u2013 in unserem Weltladen findest du eine gro\u00dfe Auswahl an hochwertigen Lebensmitteln aus fairem Handel. Jedes Produkt steht f\u00fcr gerechte L\u00f6hne, nachhaltigen Anbau und unvergleichlichen Geschmack aus aller Welt. \u2615 Kaffee &amp; Tee Ob aromatischer Hochlandkaffee, kr\u00e4ftiger Espresso oder feiner Bio-Tee \u2013 genie\u00dfe&hellip;<\/p>\n","protected":false},"author":1,"featured_media":0,"parent":0,"menu_order":5,"comment_status":"closed","ping_status":"closed","template":"","meta":{"footnotes":""},"class_list":["post-217","page","type-page","status-publish","hentry","description-off"],"yoast_head":"<!-- This site is optimized with the Yoast SEO plugin v26.8 - https:\/\/yoast.com\/product\/yoast-seo-wordpress\/ -->\n<title>Produkte - Weltladen Mutterstadt<\/title>\n<meta name=\"robots\" content=\"index, follow, max-snippet:-1, max-image-preview:large, max-video-preview:-1\" \/>\n<link rel=\"canonical\" href=\"https:\/\/weltlaeden.de\/mutterstadt\/produkte\/\" \/>\n<meta property=\"og:locale\" content=\"de_DE\" \/>\n<meta property=\"og:type\" content=\"article\" \/>\n<meta property=\"og:title\" content=\"Produkte - Weltladen Mutterstadt\" \/>\n<meta property=\"og:description\" content=\"[vc_row][vc_column][vc_empty_space][vc_column_text] Unser Sortiment [\/vc_column_text][vc_empty_space][vc_row_inner][vc_column_inner width=&#8220;1\/2&#8243;][vc_column_text] Lebensmittel [\/vc_column_text][vc_empty_space][vc_column_text css=&#8220;&#8220;] Genuss mit gutem Gewissen \u2013 in unserem Weltladen findest du eine gro\u00dfe Auswahl an hochwertigen Lebensmitteln aus fairem Handel. Jedes Produkt steht f\u00fcr gerechte L\u00f6hne, nachhaltigen Anbau und unvergleichlichen Geschmack aus aller Welt. \u2615 Kaffee &amp; Tee Ob aromatischer Hochlandkaffee, kr\u00e4ftiger Espresso oder feiner Bio-Tee \u2013 genie\u00dfe&hellip;\" \/>\n<meta property=\"og:url\" content=\"https:\/\/weltlaeden.de\/mutterstadt\/produkte\/\" \/>\n<meta property=\"og:site_name\" content=\"Weltladen Mutterstadt\" \/>\n<meta property=\"article:modified_time\" content=\"2025-11-26T17:33:51+00:00\" \/>\n<meta property=\"og:image\" content=\"https:\/\/weltlaeden.de\/mutterstadt\/wp-content\/uploads\/sites\/220\/2025\/11\/IMG_9069.jpg\" \/>\n\t<meta property=\"og:image:width\" content=\"1620\" \/>\n\t<meta property=\"og:image:height\" content=\"1080\" \/>\n\t<meta property=\"og:image:type\" content=\"image\/jpeg\" \/>\n<meta name=\"twitter:card\" content=\"summary_large_image\" \/>\n<meta name=\"twitter:label1\" content=\"Gesch\u00e4tzte Lesezeit\" \/>\n\t<meta name=\"twitter:data1\" content=\"4\u00a0Minuten\" \/>\n<script type=\"application\/ld+json\" class=\"yoast-schema-graph\">{\"@context\":\"https:\/\/schema.org\",\"@graph\":[{\"@type\":\"WebPage\",\"@id\":\"https:\/\/weltlaeden.de\/mutterstadt\/produkte\/\",\"url\":\"https:\/\/weltlaeden.de\/mutterstadt\/produkte\/\",\"name\":\"Produkte - Weltladen Mutterstadt\",\"isPartOf\":{\"@id\":\"https:\/\/weltlaeden.de\/mutterstadt\/#website\"},\"primaryImageOfPage\":{\"@id\":\"https:\/\/weltlaeden.de\/mutterstadt\/produkte\/#primaryimage\"},\"image\":{\"@id\":\"https:\/\/weltlaeden.de\/mutterstadt\/produkte\/#primaryimage\"},\"thumbnailUrl\":\"https:\/\/weltlaeden.de\/mutterstadt\/wp-content\/uploads\/sites\/220\/2025\/11\/IMG_9069-300x200.jpg\",\"datePublished\":\"2016-10-28T11:34:47+00:00\",\"dateModified\":\"2025-11-26T17:33:51+00:00\",\"breadcrumb\":{\"@id\":\"https:\/\/weltlaeden.de\/mutterstadt\/produkte\/#breadcrumb\"},\"inLanguage\":\"de\",\"potentialAction\":[{\"@type\":\"ReadAction\",\"target\":[\"https:\/\/weltlaeden.de\/mutterstadt\/produkte\/\"]}]},{\"@type\":\"ImageObject\",\"inLanguage\":\"de\",\"@id\":\"https:\/\/weltlaeden.de\/mutterstadt\/produkte\/#primaryimage\",\"url\":\"https:\/\/weltlaeden.de\/mutterstadt\/wp-content\/uploads\/sites\/220\/2025\/11\/IMG_9069.jpg\",\"contentUrl\":\"https:\/\/weltlaeden.de\/mutterstadt\/wp-content\/uploads\/sites\/220\/2025\/11\/IMG_9069.jpg\",\"width\":1620,\"height\":1080},{\"@type\":\"BreadcrumbList\",\"@id\":\"https:\/\/weltlaeden.de\/mutterstadt\/produkte\/#breadcrumb\",\"itemListElement\":[{\"@type\":\"ListItem\",\"position\":1,\"name\":\"Startseite\",\"item\":\"https:\/\/weltlaeden.de\/mutterstadt\/\"},{\"@type\":\"ListItem\",\"position\":2,\"name\":\"Produkte\"}]},{\"@type\":\"WebSite\",\"@id\":\"https:\/\/weltlaeden.de\/mutterstadt\/#website\",\"url\":\"https:\/\/weltlaeden.de\/mutterstadt\/\",\"name\":\"Weltladen Mutterstadt\",\"description\":\"Faire Produkte seit 1990\",\"potentialAction\":[{\"@type\":\"SearchAction\",\"target\":{\"@type\":\"EntryPoint\",\"urlTemplate\":\"https:\/\/weltlaeden.de\/mutterstadt\/?s={search_term_string}\"},\"query-input\":{\"@type\":\"PropertyValueSpecification\",\"valueRequired\":true,\"valueName\":\"search_term_string\"}}],\"inLanguage\":\"de\"}]}<\/script>\n<!-- \/ Yoast SEO plugin. -->","yoast_head_json":{"title":"Produkte - Weltladen Mutterstadt","robots":{"index":"index","follow":"follow","max-snippet":"max-snippet:-1","max-image-preview":"max-image-preview:large","max-video-preview":"max-video-preview:-1"},"canonical":"https:\/\/weltlaeden.de\/mutterstadt\/produkte\/","og_locale":"de_DE","og_type":"article","og_title":"Produkte - Weltladen Mutterstadt","og_description":"[vc_row][vc_column][vc_empty_space][vc_column_text] Unser Sortiment [\/vc_column_text][vc_empty_space][vc_row_inner][vc_column_inner width=&#8220;1\/2&#8243;][vc_column_text] Lebensmittel [\/vc_column_text][vc_empty_space][vc_column_text css=&#8220;&#8220;] Genuss mit gutem Gewissen \u2013 in unserem Weltladen findest du eine gro\u00dfe Auswahl an hochwertigen Lebensmitteln aus fairem Handel. Jedes Produkt steht f\u00fcr gerechte L\u00f6hne, nachhaltigen Anbau und unvergleichlichen Geschmack aus aller Welt. \u2615 Kaffee &amp; Tee Ob aromatischer Hochlandkaffee, kr\u00e4ftiger Espresso oder feiner Bio-Tee \u2013 genie\u00dfe&hellip;","og_url":"https:\/\/weltlaeden.de\/mutterstadt\/produkte\/","og_site_name":"Weltladen Mutterstadt","article_modified_time":"2025-11-26T17:33:51+00:00","og_image":[{"width":1620,"height":1080,"url":"https:\/\/weltlaeden.de\/mutterstadt\/wp-content\/uploads\/sites\/220\/2025\/11\/IMG_9069.jpg","type":"image\/jpeg"}],"twitter_card":"summary_large_image","twitter_misc":{"Gesch\u00e4tzte Lesezeit":"4\u00a0Minuten"},"schema":{"@context":"https:\/\/schema.org","@graph":[{"@type":"WebPage","@id":"https:\/\/weltlaeden.de\/mutterstadt\/produkte\/","url":"https:\/\/weltlaeden.de\/mutterstadt\/produkte\/","name":"Produkte - Weltladen Mutterstadt","isPartOf":{"@id":"https:\/\/weltlaeden.de\/mutterstadt\/#website"},"primaryImageOfPage":{"@id":"https:\/\/weltlaeden.de\/mutterstadt\/produkte\/#primaryimage"},"image":{"@id":"https:\/\/weltlaeden.de\/mutterstadt\/produkte\/#primaryimage"},"thumbnailUrl":"https:\/\/weltlaeden.de\/mutterstadt\/wp-content\/uploads\/sites\/220\/2025\/11\/IMG_9069-300x200.jpg","datePublished":"2016-10-28T11:34:47+00:00","dateModified":"2025-11-26T17:33:51+00:00","breadcrumb":{"@id":"https:\/\/weltlaeden.de\/mutterstadt\/produkte\/#breadcrumb"},"inLanguage":"de","potentialAction":[{"@type":"ReadAction","target":["https:\/\/weltlaeden.de\/mutterstadt\/produkte\/"]}]},{"@type":"ImageObject","inLanguage":"de","@id":"https:\/\/weltlaeden.de\/mutterstadt\/produkte\/#primaryimage","url":"https:\/\/weltlaeden.de\/mutterstadt\/wp-content\/uploads\/sites\/220\/2025\/11\/IMG_9069.jpg","contentUrl":"https:\/\/weltlaeden.de\/mutterstadt\/wp-content\/uploads\/sites\/220\/2025\/11\/IMG_9069.jpg","width":1620,"height":1080},{"@type":"BreadcrumbList","@id":"https:\/\/weltlaeden.de\/mutterstadt\/produkte\/#breadcrumb","itemListElement":[{"@type":"ListItem","position":1,"name":"Startseite","item":"https:\/\/weltlaeden.de\/mutterstadt\/"},{"@type":"ListItem","position":2,"name":"Produkte"}]},{"@type":"WebSite","@id":"https:\/\/weltlaeden.de\/mutterstadt\/#website","url":"https:\/\/weltlaeden.de\/mutterstadt\/","name":"Weltladen Mutterstadt","description":"Faire Produkte seit 1990","potentialAction":[{"@type":"SearchAction","target":{"@type":"EntryPoint","urlTemplate":"https:\/\/weltlaeden.de\/mutterstadt\/?s={search_term_string}"},"query-input":{"@type":"PropertyValueSpecification","valueRequired":true,"valueName":"search_term_string"}}],"inLanguage":"de"}]}},"_links":{"self":[{"href":"https:\/\/weltlaeden.de\/mutterstadt\/wp-json\/wp\/v2\/pages\/217","targetHints":{"allow":["GET"]}}],"collection":[{"href":"https:\/\/weltlaeden.de\/mutterstadt\/wp-json\/wp\/v2\/pages"}],"about":[{"href":"https:\/\/weltlaeden.de\/mutterstadt\/wp-json\/wp\/v2\/types\/page"}],"author":[{"embeddable":true,"href":"https:\/\/weltlaeden.de\/mutterstadt\/wp-json\/wp\/v2\/users\/1"}],"replies":[{"embeddable":true,"href":"https:\/\/weltlaeden.de\/mutterstadt\/wp-json\/wp\/v2\/comments?post=217"}],"version-history":[{"count":17,"href":"https:\/\/weltlaeden.de\/mutterstadt\/wp-json\/wp\/v2\/pages\/217\/revisions"}],"predecessor-version":[{"id":787,"href":"https:\/\/weltlaeden.de\/mutterstadt\/wp-json\/wp\/v2\/pages\/217\/revisions\/787"}],"wp:attachment":[{"href":"https:\/\/weltlaeden.de\/mutterstadt\/wp-json\/wp\/v2\/media?parent=217"}],"curies":[{"name":"wp","href":"https:\/\/api.w.org\/{rel}","templated":true}]}}