{"id":219,"date":"2016-10-28T13:34:47","date_gmt":"2016-10-28T11:34:47","guid":{"rendered":"https:\/\/wl.heimpixel.de\/vorlage\/ueber-uns\/"},"modified":"2026-03-19T10:31:00","modified_gmt":"2026-03-19T09:31:00","slug":"ueber-uns","status":"publish","type":"page","link":"https:\/\/weltlaeden.de\/muelheim\/ueber-uns\/","title":{"rendered":"\u00dcber uns"},"content":{"rendered":"<div class=\"wpb-content-wrapper\"><p>[vc_row][vc_column]<div class=\"wl_einzelbild\"><p><img loading=\"lazy\" decoding=\"async\" class=\"aligncenter wp-image-837\" src=\"https:\/\/weltlaeden.de\/muelheim\/wp-content\/uploads\/sites\/59\/2022\/01\/signal-2021-09-01-132436-1-1024x611.png\" alt=\"\" width=\"1024\" height=\"611\" srcset=\"https:\/\/weltlaeden.de\/muelheim\/wp-content\/uploads\/sites\/59\/2022\/01\/signal-2021-09-01-132436-1-1024x611.png 1024w, https:\/\/weltlaeden.de\/muelheim\/wp-content\/uploads\/sites\/59\/2022\/01\/signal-2021-09-01-132436-1-300x179.png 300w, https:\/\/weltlaeden.de\/muelheim\/wp-content\/uploads\/sites\/59\/2022\/01\/signal-2021-09-01-132436-1-768x458.png 768w, https:\/\/weltlaeden.de\/muelheim\/wp-content\/uploads\/sites\/59\/2022\/01\/signal-2021-09-01-132436-1.png 1269w\" sizes=\"auto, (max-width: 1024px) 100vw, 1024px\" \/><\/p><\/div>[vc_empty_space][vc_column_text]<\/p>\n<h1>\u00dcber den Weltladen M\u00fclheim an der Ruhr<\/h1>\n<p>[\/vc_column_text][vc_column_text]<\/p>\n<h4><em><strong><img loading=\"lazy\" decoding=\"async\" class=\"size-medium wp-image-817 alignleft\" src=\"https:\/\/weltlaeden.de\/muelheim\/wp-content\/uploads\/sites\/59\/2022\/01\/Bekleidung-alt-213x300.jpg\" alt=\"\" width=\"213\" height=\"300\" srcset=\"https:\/\/weltlaeden.de\/muelheim\/wp-content\/uploads\/sites\/59\/2022\/01\/Bekleidung-alt-213x300.jpg 213w, https:\/\/weltlaeden.de\/muelheim\/wp-content\/uploads\/sites\/59\/2022\/01\/Bekleidung-alt-768x1083.jpg 768w, https:\/\/weltlaeden.de\/muelheim\/wp-content\/uploads\/sites\/59\/2022\/01\/Bekleidung-alt-726x1024.jpg 726w, https:\/\/weltlaeden.de\/muelheim\/wp-content\/uploads\/sites\/59\/2022\/01\/Bekleidung-alt.jpg 1362w\" sizes=\"auto, (max-width: 213px) 100vw, 213px\" \/>Wie <\/strong><\/em><em><strong>alles begann&#8230;<\/strong><\/em><\/h4>\n<p align=\"justify\">Vor 40 Jahren wurde der Weltladen M\u00fclheim gegr\u00fcndet. Jutetaschen, Nicaragua-Kaffee und Lacandona-Honig waren die ersten Produkte, die an St\u00e4nden auf M\u00e4rkten verkauft wurden. Das Motto lautete damals &#8222;Jute statt Plastik&#8220;. Ein Motto, das heute immer noch aktuell ist.<\/p>\n<p align=\"justify\">Lesen Sie hier mehr \u00fcber die spannenden Anf\u00e4nge der Weltladen-Bewegung.<\/p>\n<p align=\"justify\"><a href=\"https:\/\/weltlaeden.de\/muelheim\/wie-alles-begann\/\" target=\"_blank\" rel=\"noopener\"><img loading=\"lazy\" decoding=\"async\" class=\"alignnone wp-image-818\" src=\"https:\/\/weltlaeden.de\/muelheim\/wp-content\/uploads\/sites\/59\/2022\/01\/read-more-button-300x101.png\" alt=\"\" width=\"75\" height=\"25\" srcset=\"https:\/\/weltlaeden.de\/muelheim\/wp-content\/uploads\/sites\/59\/2022\/01\/read-more-button-300x101.png 300w, https:\/\/weltlaeden.de\/muelheim\/wp-content\/uploads\/sites\/59\/2022\/01\/read-more-button-768x259.png 768w, https:\/\/weltlaeden.de\/muelheim\/wp-content\/uploads\/sites\/59\/2022\/01\/read-more-button.png 859w\" sizes=\"auto, (max-width: 75px) 100vw, 75px\" \/><\/a><\/p>\n<p align=\"justify\"><span style=\"font-family: Arial, sans-serif\"><span style=\"font-size: small\"><span style=\"color: #000000\"><span lang=\"de-DE\">\u00a0<\/span><\/span><\/span><\/span><\/p>\n<h4 align=\"justify\"><\/h4>\n<p>&nbsp;<\/p>\n<h4 align=\"justify\"><em><img loading=\"lazy\" decoding=\"async\" class=\"wp-image-821 alignleft\" src=\"https:\/\/weltlaeden.de\/muelheim\/wp-content\/uploads\/sites\/59\/2022\/01\/20210621_121505-300x300.jpg\" alt=\"\" width=\"211\" height=\"211\" srcset=\"https:\/\/weltlaeden.de\/muelheim\/wp-content\/uploads\/sites\/59\/2022\/01\/20210621_121505-300x300.jpg 300w, https:\/\/weltlaeden.de\/muelheim\/wp-content\/uploads\/sites\/59\/2022\/01\/20210621_121505-150x150.jpg 150w, https:\/\/weltlaeden.de\/muelheim\/wp-content\/uploads\/sites\/59\/2022\/01\/20210621_121505-768x768.jpg 768w, https:\/\/weltlaeden.de\/muelheim\/wp-content\/uploads\/sites\/59\/2022\/01\/20210621_121505-1024x1024.jpg 1024w, https:\/\/weltlaeden.de\/muelheim\/wp-content\/uploads\/sites\/59\/2022\/01\/20210621_121505.jpg 1920w\" sizes=\"auto, (max-width: 211px) 100vw, 211px\" \/>Der Weltladen heute&#8230; <\/em><\/h4>\n<p align=\"justify\">Der Weltladen M\u00fclheim wird vom Weltladen e. V. M\u00fclheim an der Ruhr gef\u00fchrt. Mit rund 1000 Artikeln geh\u00f6rt der Weltladen M\u00fclheim zu einem der gr\u00f6\u00dferen im Ruhrgebiet.<\/p>\n<p align=\"justify\">Gut 35 Mitarbeiterinnen und Mitarbeiter sind <strong>ehrenamtlich<\/strong> f\u00fcr den Weltladen im Einsatz.<\/p>\n<p align=\"justify\">Lesen hier mehr \u00fcber die Aufgaben des Weltladens\u00a0\u00a0\u00a0 <a href=\"https:\/\/weltlaeden.de\/muelheim\/der-weltladen-heute\/\" target=\"_blank\" rel=\"noopener\"><img loading=\"lazy\" decoding=\"async\" class=\"alignnone wp-image-818\" src=\"https:\/\/weltlaeden.de\/muelheim\/wp-content\/uploads\/sites\/59\/2022\/01\/read-more-button-300x101.png\" alt=\"\" width=\"75\" height=\"25\" srcset=\"https:\/\/weltlaeden.de\/muelheim\/wp-content\/uploads\/sites\/59\/2022\/01\/read-more-button-300x101.png 300w, https:\/\/weltlaeden.de\/muelheim\/wp-content\/uploads\/sites\/59\/2022\/01\/read-more-button-768x259.png 768w, https:\/\/weltlaeden.de\/muelheim\/wp-content\/uploads\/sites\/59\/2022\/01\/read-more-button.png 859w\" sizes=\"auto, (max-width: 75px) 100vw, 75px\" \/><\/a><\/p>\n<h4 align=\"justify\"><\/h4>\n<h4 align=\"justify\"><img loading=\"lazy\" decoding=\"async\" class=\"wp-image-824 alignleft\" src=\"https:\/\/weltlaeden.de\/muelheim\/wp-content\/uploads\/sites\/59\/2022\/01\/handshake-kein-urheberrecht-300x201.jpg\" alt=\"\" width=\"209\" height=\"140\" srcset=\"https:\/\/weltlaeden.de\/muelheim\/wp-content\/uploads\/sites\/59\/2022\/01\/handshake-kein-urheberrecht-300x201.jpg 300w, https:\/\/weltlaeden.de\/muelheim\/wp-content\/uploads\/sites\/59\/2022\/01\/handshake-kein-urheberrecht-768x514.jpg 768w, https:\/\/weltlaeden.de\/muelheim\/wp-content\/uploads\/sites\/59\/2022\/01\/handshake-kein-urheberrecht.jpg 960w\" sizes=\"auto, (max-width: 209px) 100vw, 209px\" \/><\/h4>\n<h4 align=\"justify\"><em>Projekte<\/em><\/h4>\n<p>Mit unseren \u00dcbersch\u00fcssen unterst\u00fctzen wir folgende Projekte:<\/p>\n<p>El Tawlik Schule in Neu\u00a0 Beni Suef<br \/>\nFreundeskreis Las Torres e. V.<br \/>\nFreundeskreis Yayaque e. V., M\u00fclheim &#8211; Hei\u00dfen<\/p>\n<p>Finden Sie mehr \u00fcber unsere Projekte heraus:\u00a0 <a href=\"https:\/\/weltlaeden.de\/muelheim\/projekte-die-wir-unterstuetzen\/\" target=\"_blank\" rel=\"noopener\"><img loading=\"lazy\" decoding=\"async\" class=\"alignnone wp-image-825\" src=\"https:\/\/weltlaeden.de\/muelheim\/wp-content\/uploads\/sites\/59\/2022\/01\/20220123_204354_0000-300x100.png\" alt=\"\" width=\"75\" height=\"25\" srcset=\"https:\/\/weltlaeden.de\/muelheim\/wp-content\/uploads\/sites\/59\/2022\/01\/20220123_204354_0000-300x100.png 300w, https:\/\/weltlaeden.de\/muelheim\/wp-content\/uploads\/sites\/59\/2022\/01\/20220123_204354_0000-768x257.png 768w, https:\/\/weltlaeden.de\/muelheim\/wp-content\/uploads\/sites\/59\/2022\/01\/20220123_204354_0000.png 900w\" sizes=\"auto, (max-width: 75px) 100vw, 75px\" \/><\/a><\/p>\n<p>&nbsp;<\/p>\n<p>&nbsp;<\/p>\n<p>&nbsp;<\/p>\n<h4><a href=\"https:\/\/weltlaeden.de\/muelheim\/ueber-uns\/unterstuetzen\/\" target=\"_blank\" rel=\"noopener\"><img loading=\"lazy\" decoding=\"async\" class=\"alignnone wp-image-843\" src=\"https:\/\/weltlaeden.de\/muelheim\/wp-content\/uploads\/sites\/59\/2022\/01\/20220125_173410_0000-300x97.png\" alt=\"\" width=\"183\" height=\"59\" srcset=\"https:\/\/weltlaeden.de\/muelheim\/wp-content\/uploads\/sites\/59\/2022\/01\/20220125_173410_0000-300x97.png 300w, https:\/\/weltlaeden.de\/muelheim\/wp-content\/uploads\/sites\/59\/2022\/01\/20220125_173410_0000-768x247.png 768w, https:\/\/weltlaeden.de\/muelheim\/wp-content\/uploads\/sites\/59\/2022\/01\/20220125_173410_0000.png 900w\" sizes=\"auto, (max-width: 183px) 100vw, 183px\" \/><\/a><a href=\"https:\/\/weltlaeden.de\/muelheim\/ueber-uns\/mitmachen\/\" target=\"_blank\" rel=\"noopener\"><img loading=\"lazy\" decoding=\"async\" class=\"alignleft wp-image-826\" src=\"https:\/\/weltlaeden.de\/muelheim\/wp-content\/uploads\/sites\/59\/2022\/01\/20220123_204414_0000-300x100.png\" alt=\"\" width=\"177\" height=\"59\" srcset=\"https:\/\/weltlaeden.de\/muelheim\/wp-content\/uploads\/sites\/59\/2022\/01\/20220123_204414_0000-300x100.png 300w, https:\/\/weltlaeden.de\/muelheim\/wp-content\/uploads\/sites\/59\/2022\/01\/20220123_204414_0000-768x256.png 768w, https:\/\/weltlaeden.de\/muelheim\/wp-content\/uploads\/sites\/59\/2022\/01\/20220123_204414_0000.png 903w\" sizes=\"auto, (max-width: 177px) 100vw, 177px\" \/><\/a><\/h4>\n<p>[\/vc_column_text][\/vc_column][\/vc_row][vc_row][vc_column][vc_empty_space][vc_column_text][\/vc_column_text][vc_column_text][\/vc_column_text][\/vc_column][\/vc_row]<\/p>\n<\/div>","protected":false},"excerpt":{"rendered":"<p>[vc_row][vc_column][vc_empty_space][vc_column_text] \u00dcber den Weltladen M\u00fclheim an der Ruhr [\/vc_column_text][vc_column_text] Wie alles begann&#8230; Vor 40 Jahren wurde der Weltladen M\u00fclheim gegr\u00fcndet. Jutetaschen, Nicaragua-Kaffee und Lacandona-Honig waren die ersten Produkte, die an St\u00e4nden auf M\u00e4rkten verkauft wurden. Das Motto lautete damals &#8222;Jute statt Plastik&#8220;. Ein Motto, das heute immer noch aktuell ist. Lesen Sie hier mehr \u00fcber&hellip;<\/p>\n","protected":false},"author":1,"featured_media":0,"parent":0,"menu_order":1,"comment_status":"closed","ping_status":"closed","template":"","meta":{"footnotes":""},"class_list":["post-219","page","type-page","status-publish","hentry","description-off"],"yoast_head":"<!-- This site is optimized with the Yoast SEO plugin v26.8 - https:\/\/yoast.com\/product\/yoast-seo-wordpress\/ -->\n<title>\u00dcber uns - Weltladen M\u00fclheim<\/title>\n<meta name=\"robots\" content=\"index, follow, max-snippet:-1, max-image-preview:large, max-video-preview:-1\" \/>\n<link rel=\"canonical\" href=\"https:\/\/weltlaeden.de\/muelheim\/ueber-uns\/\" \/>\n<meta property=\"og:locale\" content=\"de_DE\" \/>\n<meta property=\"og:type\" content=\"article\" \/>\n<meta property=\"og:title\" content=\"\u00dcber uns - Weltladen M\u00fclheim\" \/>\n<meta property=\"og:description\" content=\"[vc_row][vc_column][vc_empty_space][vc_column_text] \u00dcber den Weltladen M\u00fclheim an der Ruhr [\/vc_column_text][vc_column_text] Wie alles begann&#8230; Vor 40 Jahren wurde der Weltladen M\u00fclheim gegr\u00fcndet. Jutetaschen, Nicaragua-Kaffee und Lacandona-Honig waren die ersten Produkte, die an St\u00e4nden auf M\u00e4rkten verkauft wurden. Das Motto lautete damals &#8222;Jute statt Plastik&#8220;. Ein Motto, das heute immer noch aktuell ist. Lesen Sie hier mehr \u00fcber&hellip;\" \/>\n<meta property=\"og:url\" content=\"https:\/\/weltlaeden.de\/muelheim\/ueber-uns\/\" \/>\n<meta property=\"og:site_name\" content=\"Weltladen M\u00fclheim\" \/>\n<meta property=\"article:modified_time\" content=\"2026-03-19T09:31:00+00:00\" \/>\n<meta property=\"og:image\" content=\"https:\/\/weltlaeden.de\/muelheim\/wp-content\/uploads\/sites\/59\/2022\/01\/signal-2021-09-01-132436-1.png\" \/>\n\t<meta property=\"og:image:width\" content=\"1269\" \/>\n\t<meta property=\"og:image:height\" content=\"757\" \/>\n\t<meta property=\"og:image:type\" content=\"image\/png\" \/>\n<meta name=\"twitter:card\" content=\"summary_large_image\" \/>\n<meta name=\"twitter:label1\" content=\"Gesch\u00e4tzte Lesezeit\" \/>\n\t<meta name=\"twitter:data1\" content=\"3\u00a0Minuten\" \/>\n<script type=\"application\/ld+json\" class=\"yoast-schema-graph\">{\"@context\":\"https:\/\/schema.org\",\"@graph\":[{\"@type\":\"WebPage\",\"@id\":\"https:\/\/weltlaeden.de\/muelheim\/ueber-uns\/\",\"url\":\"https:\/\/weltlaeden.de\/muelheim\/ueber-uns\/\",\"name\":\"\u00dcber uns - Weltladen M\u00fclheim\",\"isPartOf\":{\"@id\":\"https:\/\/weltlaeden.de\/muelheim\/#website\"},\"primaryImageOfPage\":{\"@id\":\"https:\/\/weltlaeden.de\/muelheim\/ueber-uns\/#primaryimage\"},\"image\":{\"@id\":\"https:\/\/weltlaeden.de\/muelheim\/ueber-uns\/#primaryimage\"},\"thumbnailUrl\":\"https:\/\/weltlaeden.de\/muelheim\/wp-content\/uploads\/sites\/59\/2022\/01\/signal-2021-09-01-132436-1-1024x611.png\",\"datePublished\":\"2016-10-28T11:34:47+00:00\",\"dateModified\":\"2026-03-19T09:31:00+00:00\",\"breadcrumb\":{\"@id\":\"https:\/\/weltlaeden.de\/muelheim\/ueber-uns\/#breadcrumb\"},\"inLanguage\":\"de\",\"potentialAction\":[{\"@type\":\"ReadAction\",\"target\":[\"https:\/\/weltlaeden.de\/muelheim\/ueber-uns\/\"]}]},{\"@type\":\"ImageObject\",\"inLanguage\":\"de\",\"@id\":\"https:\/\/weltlaeden.de\/muelheim\/ueber-uns\/#primaryimage\",\"url\":\"https:\/\/weltlaeden.de\/muelheim\/wp-content\/uploads\/sites\/59\/2022\/01\/signal-2021-09-01-132436-1.png\",\"contentUrl\":\"https:\/\/weltlaeden.de\/muelheim\/wp-content\/uploads\/sites\/59\/2022\/01\/signal-2021-09-01-132436-1.png\",\"width\":1269,\"height\":757},{\"@type\":\"BreadcrumbList\",\"@id\":\"https:\/\/weltlaeden.de\/muelheim\/ueber-uns\/#breadcrumb\",\"itemListElement\":[{\"@type\":\"ListItem\",\"position\":1,\"name\":\"Startseite\",\"item\":\"https:\/\/weltlaeden.de\/muelheim\/\"},{\"@type\":\"ListItem\",\"position\":2,\"name\":\"\u00dcber uns\"}]},{\"@type\":\"WebSite\",\"@id\":\"https:\/\/weltlaeden.de\/muelheim\/#website\",\"url\":\"https:\/\/weltlaeden.de\/muelheim\/\",\"name\":\"Vorlage\",\"description\":\"Faire Produkte seit 1981\",\"potentialAction\":[{\"@type\":\"SearchAction\",\"target\":{\"@type\":\"EntryPoint\",\"urlTemplate\":\"https:\/\/weltlaeden.de\/muelheim\/?s={search_term_string}\"},\"query-input\":{\"@type\":\"PropertyValueSpecification\",\"valueRequired\":true,\"valueName\":\"search_term_string\"}}],\"inLanguage\":\"de\"}]}<\/script>\n<!-- \/ Yoast SEO plugin. -->","yoast_head_json":{"title":"\u00dcber uns - Weltladen M\u00fclheim","robots":{"index":"index","follow":"follow","max-snippet":"max-snippet:-1","max-image-preview":"max-image-preview:large","max-video-preview":"max-video-preview:-1"},"canonical":"https:\/\/weltlaeden.de\/muelheim\/ueber-uns\/","og_locale":"de_DE","og_type":"article","og_title":"\u00dcber uns - Weltladen M\u00fclheim","og_description":"[vc_row][vc_column][vc_empty_space][vc_column_text] \u00dcber den Weltladen M\u00fclheim an der Ruhr [\/vc_column_text][vc_column_text] Wie alles begann&#8230; Vor 40 Jahren wurde der Weltladen M\u00fclheim gegr\u00fcndet. Jutetaschen, Nicaragua-Kaffee und Lacandona-Honig waren die ersten Produkte, die an St\u00e4nden auf M\u00e4rkten verkauft wurden. Das Motto lautete damals &#8222;Jute statt Plastik&#8220;. Ein Motto, das heute immer noch aktuell ist. Lesen Sie hier mehr \u00fcber&hellip;","og_url":"https:\/\/weltlaeden.de\/muelheim\/ueber-uns\/","og_site_name":"Weltladen M\u00fclheim","article_modified_time":"2026-03-19T09:31:00+00:00","og_image":[{"width":1269,"height":757,"url":"https:\/\/weltlaeden.de\/muelheim\/wp-content\/uploads\/sites\/59\/2022\/01\/signal-2021-09-01-132436-1.png","type":"image\/png"}],"twitter_card":"summary_large_image","twitter_misc":{"Gesch\u00e4tzte Lesezeit":"3\u00a0Minuten"},"schema":{"@context":"https:\/\/schema.org","@graph":[{"@type":"WebPage","@id":"https:\/\/weltlaeden.de\/muelheim\/ueber-uns\/","url":"https:\/\/weltlaeden.de\/muelheim\/ueber-uns\/","name":"\u00dcber uns - Weltladen M\u00fclheim","isPartOf":{"@id":"https:\/\/weltlaeden.de\/muelheim\/#website"},"primaryImageOfPage":{"@id":"https:\/\/weltlaeden.de\/muelheim\/ueber-uns\/#primaryimage"},"image":{"@id":"https:\/\/weltlaeden.de\/muelheim\/ueber-uns\/#primaryimage"},"thumbnailUrl":"https:\/\/weltlaeden.de\/muelheim\/wp-content\/uploads\/sites\/59\/2022\/01\/signal-2021-09-01-132436-1-1024x611.png","datePublished":"2016-10-28T11:34:47+00:00","dateModified":"2026-03-19T09:31:00+00:00","breadcrumb":{"@id":"https:\/\/weltlaeden.de\/muelheim\/ueber-uns\/#breadcrumb"},"inLanguage":"de","potentialAction":[{"@type":"ReadAction","target":["https:\/\/weltlaeden.de\/muelheim\/ueber-uns\/"]}]},{"@type":"ImageObject","inLanguage":"de","@id":"https:\/\/weltlaeden.de\/muelheim\/ueber-uns\/#primaryimage","url":"https:\/\/weltlaeden.de\/muelheim\/wp-content\/uploads\/sites\/59\/2022\/01\/signal-2021-09-01-132436-1.png","contentUrl":"https:\/\/weltlaeden.de\/muelheim\/wp-content\/uploads\/sites\/59\/2022\/01\/signal-2021-09-01-132436-1.png","width":1269,"height":757},{"@type":"BreadcrumbList","@id":"https:\/\/weltlaeden.de\/muelheim\/ueber-uns\/#breadcrumb","itemListElement":[{"@type":"ListItem","position":1,"name":"Startseite","item":"https:\/\/weltlaeden.de\/muelheim\/"},{"@type":"ListItem","position":2,"name":"\u00dcber uns"}]},{"@type":"WebSite","@id":"https:\/\/weltlaeden.de\/muelheim\/#website","url":"https:\/\/weltlaeden.de\/muelheim\/","name":"Vorlage","description":"Faire Produkte seit 1981","potentialAction":[{"@type":"SearchAction","target":{"@type":"EntryPoint","urlTemplate":"https:\/\/weltlaeden.de\/muelheim\/?s={search_term_string}"},"query-input":{"@type":"PropertyValueSpecification","valueRequired":true,"valueName":"search_term_string"}}],"inLanguage":"de"}]}},"_links":{"self":[{"href":"https:\/\/weltlaeden.de\/muelheim\/wp-json\/wp\/v2\/pages\/219","targetHints":{"allow":["GET"]}}],"collection":[{"href":"https:\/\/weltlaeden.de\/muelheim\/wp-json\/wp\/v2\/pages"}],"about":[{"href":"https:\/\/weltlaeden.de\/muelheim\/wp-json\/wp\/v2\/types\/page"}],"author":[{"embeddable":true,"href":"https:\/\/weltlaeden.de\/muelheim\/wp-json\/wp\/v2\/users\/1"}],"replies":[{"embeddable":true,"href":"https:\/\/weltlaeden.de\/muelheim\/wp-json\/wp\/v2\/comments?post=219"}],"version-history":[{"count":27,"href":"https:\/\/weltlaeden.de\/muelheim\/wp-json\/wp\/v2\/pages\/219\/revisions"}],"predecessor-version":[{"id":874,"href":"https:\/\/weltlaeden.de\/muelheim\/wp-json\/wp\/v2\/pages\/219\/revisions\/874"}],"wp:attachment":[{"href":"https:\/\/weltlaeden.de\/muelheim\/wp-json\/wp\/v2\/media?parent=219"}],"curies":[{"name":"wp","href":"https:\/\/api.w.org\/{rel}","templated":true}]}}