{"id":20,"date":"2016-10-14T09:05:21","date_gmt":"2016-10-14T07:05:21","guid":{"rendered":"https:\/\/wl.heimpixel.de\/vorlage\/weltladen-musterdorf\/"},"modified":"2026-04-01T13:25:02","modified_gmt":"2026-04-01T11:25:02","slug":"weltladen-musterdorf","status":"publish","type":"page","link":"https:\/\/weltlaeden.de\/muelheim\/","title":{"rendered":"Weltladen M\u00fclheim"},"content":{"rendered":"<div class=\"wpb-content-wrapper\"><p>[vc_row type=&#8220;vc_default&#8220;][vc_column]<div class=\"wl_einzelbild\"><p><\/p>\n<p><img loading=\"lazy\" decoding=\"async\" class=\"alignnone wp-image-1084\" src=\"https:\/\/weltlaeden.de\/muelheim\/wp-content\/uploads\/sites\/59\/2026\/02\/Bild1-300x119.png\" alt=\"\" width=\"849\" height=\"337\" srcset=\"https:\/\/weltlaeden.de\/muelheim\/wp-content\/uploads\/sites\/59\/2026\/02\/Bild1-300x119.png 300w, https:\/\/weltlaeden.de\/muelheim\/wp-content\/uploads\/sites\/59\/2026\/02\/Bild1-1024x406.png 1024w, https:\/\/weltlaeden.de\/muelheim\/wp-content\/uploads\/sites\/59\/2026\/02\/Bild1-768x304.png 768w, https:\/\/weltlaeden.de\/muelheim\/wp-content\/uploads\/sites\/59\/2026\/02\/Bild1.png 1500w\" sizes=\"auto, (max-width: 849px) 100vw, 849px\" \/><\/p><\/div>[vc_empty_space height=&#8220;20px&#8220;][\/vc_column][\/vc_row][vc_row type=&#8220;vc_default&#8220; full_width=&#8220;stretch_row_content_no_spaces&#8220; css=&#8220;.vc_custom_1768472306481{background-color: #FFF2DE !important;}&#8220;][vc_column css_animation=&#8220;fadeInUp&#8220; animation=&#8220;fadeInUp&#8220;][vc_column_text]<\/p>\n<h1><strong>Willkommen im Weltladen M\u00fclheim an der Ruhr!<\/strong><\/h1>\n<p>[\/vc_column_text][\/vc_column][\/vc_row][vc_row type=&#8220;vc_default&#8220; full_width=&#8220;stretch_row_content_no_spaces&#8220; disable_element=&#8220;yes&#8220;][vc_column offset=&#8220;vc_col-lg-offset-0&#8243;][vc_single_image image=&#8220;1071&#8243; img_size=&#8220;full&#8220; css=&#8220;&#8220;][vc_empty_space][vc_column_text css=&#8220;&#8220;]<\/p>\n<p>[\/vc_column_text][vc_empty_space height=&#8220;30px&#8220;][\/vc_column][\/vc_row][vc_row][vc_column css_animation=&#8220;fadeInUp&#8220; animation=&#8220;fadeInUp&#8220;][vc_separator css=&#8220;&#8220;][vc_empty_space][\/vc_column][vc_column offset=&#8220;vc_col-lg-offset-0&#8243;][vc_column_text css=&#8220;&#8220;]<\/p>\n<h2><strong>Unser wundersch\u00f6nes KAPULA<\/strong><\/h2>\n<p><img loading=\"lazy\" decoding=\"async\" class=\"wp-image-1086 alignleft\" src=\"https:\/\/weltlaeden.de\/muelheim\/wp-content\/uploads\/sites\/59\/2026\/02\/Kapula-Kaffeetassen-01-300x200.jpg\" alt=\"\" width=\"330\" height=\"220\" srcset=\"https:\/\/weltlaeden.de\/muelheim\/wp-content\/uploads\/sites\/59\/2026\/02\/Kapula-Kaffeetassen-01-300x200.jpg 300w, https:\/\/weltlaeden.de\/muelheim\/wp-content\/uploads\/sites\/59\/2026\/02\/Kapula-Kaffeetassen-01.jpg 600w\" sizes=\"auto, (max-width: 330px) 100vw, 330px\" \/>Passend zu Ostern f\u00fchren wir ein wundersch\u00f6nes und\u00a0 sehr ausgefallenes Kaffeetassen-Sortiment von KAPULA ein. Kapula Keramik ist eine s\u00fcdafrikanische Kooperative und nach WFTO zertifiziertes Unternehmen, das f\u00fcr handgemachtes und handbemaltes Geschirr bekannt ist. Jeder Artikel ist ein handgefertigtes Unikat. Das Geschirr ist in der Regel sp\u00fclmaschinen und mikrowellengeeignet.<\/p>\n<p>[\/vc_column_text][vc_empty_space height=&#8220;30px&#8220;][\/vc_column][\/vc_row][vc_row type=&#8220;1&#8243; animation=&#8220;fadeIn&#8220;][vc_column][vc_column_text css=&#8220;&#8220;]<\/p>\n<h2><strong>Neu: UTAMTSI &#8211; Unsere Kaffee-Liebhaber werden sich freuen.<\/strong><\/h2>\n<p><img loading=\"lazy\" decoding=\"async\" class=\"alignleft wp-image-1098\" src=\"https:\/\/weltlaeden.de\/muelheim\/wp-content\/uploads\/sites\/59\/2026\/03\/IMG_8525-300x225.jpeg\" alt=\"\" width=\"325\" height=\"244\" srcset=\"https:\/\/weltlaeden.de\/muelheim\/wp-content\/uploads\/sites\/59\/2026\/03\/IMG_8525-300x225.jpeg 300w, https:\/\/weltlaeden.de\/muelheim\/wp-content\/uploads\/sites\/59\/2026\/03\/IMG_8525-1024x768.jpeg 1024w, https:\/\/weltlaeden.de\/muelheim\/wp-content\/uploads\/sites\/59\/2026\/03\/IMG_8525-768x576.jpeg 768w, https:\/\/weltlaeden.de\/muelheim\/wp-content\/uploads\/sites\/59\/2026\/03\/IMG_8525-1536x1152.jpeg 1536w, https:\/\/weltlaeden.de\/muelheim\/wp-content\/uploads\/sites\/59\/2026\/03\/IMG_8525-2048x1536.jpeg 2048w\" sizes=\"auto, (max-width: 325px) 100vw, 325px\" \/>Zum Start in den Fr\u00fchling wollen wir auch unsere Kaffee-Enthusiasten mit neuen Gaumen-Freuden begeistern. Unser Kaffeesortiment wird ab sofort bereichert durch UTAMTSI &#8211; von Hand geernteter Spitzenkaffee, wild gewachsen im Hochland Kameruns und Ugandas. Zu Beginn bieten wir Euch ein reichhaltiges Sortiment von 5x ganze Bohne und 5x Mahlkaffee&#8217;s von UTAMTSI an. Mit Euren K\u00e4ufen entscheidet Ihr dann, welche 6 UTAMTSI Produkte in unserem Sortiment dauerhaft angeboten werden. Mehr Informationen zu unserem UTAMTSI-Sortiment gibt es auf unserer Webseite im Produktbereich.<\/p>\n<p>[\/vc_column_text][vc_empty_space height=&#8220;30px&#8220;][\/vc_column][\/vc_row][vc_row type=&#8220;1&#8243; animation=&#8220;fadeIn&#8220;][vc_column][vc_column_text css=&#8220;&#8220;]<\/p>\n<h2><strong>Das Produkt des Monats<\/strong><br \/>\n<img loading=\"lazy\" decoding=\"async\" class=\"alignleft size-medium wp-image-1166\" src=\"https:\/\/weltlaeden.de\/muelheim\/wp-content\/uploads\/sites\/59\/2026\/04\/PdM_Basamiko_2026_04-233x300.jpg\" alt=\"\" width=\"233\" height=\"300\" srcset=\"https:\/\/weltlaeden.de\/muelheim\/wp-content\/uploads\/sites\/59\/2026\/04\/PdM_Basamiko_2026_04-233x300.jpg 233w, https:\/\/weltlaeden.de\/muelheim\/wp-content\/uploads\/sites\/59\/2026\/04\/PdM_Basamiko_2026_04.jpg 409w\" sizes=\"auto, (max-width: 233px) 100vw, 233px\" \/><\/h2>\n<p>&nbsp;<\/p>\n<p>&nbsp;<\/p>\n<p>&nbsp;<\/p>\n<p>&nbsp;<\/p>\n<p>&nbsp;<\/p>\n<p>&nbsp;<\/p>\n<p>&nbsp;<\/p>\n<h2><\/h2>\n<p>&nbsp;<\/p>\n<p>&nbsp;<\/p>\n<p><a href=\"https:\/\/weltlaeden.de\/muelheim\/wp-content\/uploads\/sites\/59\/2026\/04\/PdM-ELP-Balsamico.pdf\">Als PDF herunter laden<\/a><\/p>\n<h2><\/h2>\n<p>&nbsp;<\/p>\n<h2>Was es auf dieser Website gibt:<\/h2>\n<p>[\/vc_column_text][vc_empty_space height=&#8220;20px&#8220;][vc_row_inner][vc_column_inner width=&#8220;1\/4&#8243;]<div class=\"wl_einzelbild\"><p><img loading=\"lazy\" decoding=\"async\" class=\"alignleft size-thumbnail wp-image-nsm-3-15\" src=\"https:\/\/weltlaeden.de\/muelheim\/wp-content\/uploads\/sites\/3\/2016\/11\/FairerHandel_ElPuente_Fingerpuppen_EccoExe_Peru-150x150.jpg\" alt=\"\" width=\"150\" height=\"150\" \/><\/p><\/div>[\/vc_column_inner][vc_column_inner width=&#8220;3\/4&#8243;][vc_column_text css=&#8220;&#8220;]<\/p>\n<h3>Fairer Handel<\/h3>\n<p>Was meint Fairer Handel \u00fcberhaupt? Welche Kriterien m\u00fcssen eingehalten werden und wer \u00fcberpr\u00fcft diese? <a href=\"https:\/\/weltlaeden.de\/muelheim\/fairer-handel\/\">Erfahre mehr &#8230;<\/a><\/p>\n<p>[\/vc_column_text][\/vc_column_inner][\/vc_row_inner][vc_separator][vc_row_inner][vc_column_inner width=&#8220;1\/4&#8243;]<div class=\"wl_einzelbild\"><p><img loading=\"lazy\" decoding=\"async\" class=\"alignleft size-thumbnail wp-image-nsm-3-16\" src=\"https:\/\/weltlaeden.de\/muelheim\/wp-content\/uploads\/sites\/3\/2016\/11\/ElPuente_Kakaobohnen_El-Ceibo_Bolivien-150x150.jpg\" alt=\"\" width=\"150\" height=\"150\" \/><\/p><\/div>[\/vc_column_inner][vc_column_inner width=&#8220;3\/4&#8243;][vc_column_text]<\/p>\n<h3>\u00dcber uns<\/h3>\n<p>Wer wir sind, warum wir uns f\u00fcr Fairen Handel engagieren und wie man bei uns mitmachen kann &#8211; <a href=\"https:\/\/weltlaeden.de\/muelheim\/ueber-uns\/\">hier stellen wir uns vor &#8230;<\/a>[\/vc_column_text][\/vc_column_inner][\/vc_row_inner][vc_row_inner][vc_column_inner width=&#8220;1\/4&#8243;]<div class=\"wl_einzelbild\"><p><img loading=\"lazy\" decoding=\"async\" class=\"alignleft size-full wp-image-nsm-3-28\" src=\"https:\/\/weltlaeden.de\/muelheim\/wp-content\/uploads\/sites\/3\/2018\/05\/Lebensmittel_WL-Bornheim-Christian-Schilling_150x150.jpg\" alt=\"\" width=\"150\" height=\"150\" \/><\/p><\/div>[\/vc_column_inner][vc_column_inner width=&#8220;3\/4&#8243;][vc_column_text css=&#8220;&#8220;]<\/p>\n<h3>Produkte<\/h3>\n<p>Unsere Produkte im Weltladen sind nat\u00fcrlich alle aus Fairem Handel, dennoch kommen sie von unterschiedlichen Fair-Handels-Importeuren. <a href=\"https:\/\/weltlaeden.de\/muelheim\/produkte\/\">Hier zeigen wir unser Sortiment &#8230;<\/a><\/p>\n<p>&nbsp;<\/p>\n<h3>Service<\/h3>\n<p>Hier gibt es vor allem leckere Rezepte. Die Seite befindet sich im Aufbau und wird nach und nach erg\u00e4nzt, z. B. mit Links zu interessanten Hintergrund-Informationen etc.<\/p>\n<p>[\/vc_column_text][\/vc_column_inner][\/vc_row_inner][vc_separator][\/vc_column][\/vc_row]<\/p>\n<\/div>","protected":false},"excerpt":{"rendered":"<p>[vc_row type=&#8220;vc_default&#8220;][vc_column][vc_empty_space height=&#8220;20px&#8220;][\/vc_column][\/vc_row][vc_row type=&#8220;vc_default&#8220; full_width=&#8220;stretch_row_content_no_spaces&#8220; css=&#8220;.vc_custom_1768472306481{background-color: #FFF2DE !important;}&#8220;][vc_column css_animation=&#8220;fadeInUp&#8220; animation=&#8220;fadeInUp&#8220;][vc_column_text] Willkommen im Weltladen M\u00fclheim an der Ruhr! [\/vc_column_text][\/vc_column][\/vc_row][vc_row type=&#8220;vc_default&#8220; full_width=&#8220;stretch_row_content_no_spaces&#8220; disable_element=&#8220;yes&#8220;][vc_column offset=&#8220;vc_col-lg-offset-0&#8243;][vc_single_image image=&#8220;1071&#8243; img_size=&#8220;full&#8220; css=&#8220;&#8220;][vc_empty_space][vc_column_text css=&#8220;&#8220;] [\/vc_column_text][vc_empty_space height=&#8220;30px&#8220;][\/vc_column][\/vc_row][vc_row][vc_column css_animation=&#8220;fadeInUp&#8220; animation=&#8220;fadeInUp&#8220;][vc_separator css=&#8220;&#8220;][vc_empty_space][\/vc_column][vc_column offset=&#8220;vc_col-lg-offset-0&#8243;][vc_column_text css=&#8220;&#8220;] Unser wundersch\u00f6nes KAPULA Passend zu Ostern f\u00fchren wir ein wundersch\u00f6nes und\u00a0 sehr ausgefallenes Kaffeetassen-Sortiment von KAPULA ein. Kapula Keramik ist eine s\u00fcdafrikanische&hellip;<\/p>\n","protected":false},"author":1,"featured_media":0,"parent":0,"menu_order":0,"comment_status":"closed","ping_status":"closed","template":"","meta":{"footnotes":""},"class_list":["post-20","page","type-page","status-publish","hentry","description-off"],"yoast_head":"<!-- This site is optimized with the Yoast SEO plugin v26.8 - https:\/\/yoast.com\/product\/yoast-seo-wordpress\/ -->\n<title>Weltladen M\u00fclheim - Weltladen M\u00fclheim<\/title>\n<meta name=\"robots\" content=\"index, follow, max-snippet:-1, max-image-preview:large, max-video-preview:-1\" \/>\n<link rel=\"canonical\" href=\"https:\/\/weltlaeden.de\/muelheim\/\" \/>\n<meta property=\"og:locale\" content=\"de_DE\" \/>\n<meta property=\"og:type\" content=\"article\" \/>\n<meta property=\"og:title\" content=\"Weltladen M\u00fclheim - Weltladen M\u00fclheim\" \/>\n<meta property=\"og:description\" content=\"[vc_row type=&#8220;vc_default&#8220;][vc_column][vc_empty_space height=&#8220;20px&#8220;][\/vc_column][\/vc_row][vc_row type=&#8220;vc_default&#8220; full_width=&#8220;stretch_row_content_no_spaces&#8220; css=&#8220;.vc_custom_1768472306481{background-color: #FFF2DE !important;}&#8220;][vc_column css_animation=&#8220;fadeInUp&#8220; animation=&#8220;fadeInUp&#8220;][vc_column_text] Willkommen im Weltladen M\u00fclheim an der Ruhr! [\/vc_column_text][\/vc_column][\/vc_row][vc_row type=&#8220;vc_default&#8220; full_width=&#8220;stretch_row_content_no_spaces&#8220; disable_element=&#8220;yes&#8220;][vc_column offset=&#8220;vc_col-lg-offset-0&#8243;][vc_single_image image=&#8220;1071&#8243; img_size=&#8220;full&#8220; css=&#8220;&#8220;][vc_empty_space][vc_column_text css=&#8220;&#8220;] [\/vc_column_text][vc_empty_space height=&#8220;30px&#8220;][\/vc_column][\/vc_row][vc_row][vc_column css_animation=&#8220;fadeInUp&#8220; animation=&#8220;fadeInUp&#8220;][vc_separator css=&#8220;&#8220;][vc_empty_space][\/vc_column][vc_column offset=&#8220;vc_col-lg-offset-0&#8243;][vc_column_text css=&#8220;&#8220;] Unser wundersch\u00f6nes KAPULA Passend zu Ostern f\u00fchren wir ein wundersch\u00f6nes und\u00a0 sehr ausgefallenes Kaffeetassen-Sortiment von KAPULA ein. Kapula Keramik ist eine s\u00fcdafrikanische&hellip;\" \/>\n<meta property=\"og:url\" content=\"https:\/\/weltlaeden.de\/muelheim\/\" \/>\n<meta property=\"og:site_name\" content=\"Weltladen M\u00fclheim\" \/>\n<meta property=\"article:modified_time\" content=\"2026-04-01T11:25:02+00:00\" \/>\n<meta property=\"og:image\" content=\"https:\/\/weltlaeden.de\/muelheim\/wp-content\/uploads\/sites\/59\/2026\/02\/Bild1-1024x406.png\" \/>\n\t<meta property=\"og:image:width\" content=\"1024\" \/>\n\t<meta property=\"og:image:height\" content=\"406\" \/>\n\t<meta property=\"og:image:type\" content=\"image\/png\" \/>\n<meta name=\"twitter:card\" content=\"summary_large_image\" \/>\n<meta name=\"twitter:label1\" content=\"Gesch\u00e4tzte Lesezeit\" \/>\n\t<meta name=\"twitter:data1\" content=\"4\u00a0Minuten\" \/>\n<script type=\"application\/ld+json\" class=\"yoast-schema-graph\">{\"@context\":\"https:\/\/schema.org\",\"@graph\":[{\"@type\":\"WebPage\",\"@id\":\"https:\/\/weltlaeden.de\/muelheim\/\",\"url\":\"https:\/\/weltlaeden.de\/muelheim\/\",\"name\":\"Weltladen M\u00fclheim - Weltladen M\u00fclheim\",\"isPartOf\":{\"@id\":\"https:\/\/weltlaeden.de\/muelheim\/#website\"},\"primaryImageOfPage\":{\"@id\":\"https:\/\/weltlaeden.de\/muelheim\/#primaryimage\"},\"image\":{\"@id\":\"https:\/\/weltlaeden.de\/muelheim\/#primaryimage\"},\"thumbnailUrl\":\"https:\/\/weltlaeden.de\/muelheim\/wp-content\/uploads\/sites\/59\/2026\/02\/Bild1-300x119.png\",\"datePublished\":\"2016-10-14T07:05:21+00:00\",\"dateModified\":\"2026-04-01T11:25:02+00:00\",\"breadcrumb\":{\"@id\":\"https:\/\/weltlaeden.de\/muelheim\/#breadcrumb\"},\"inLanguage\":\"de\",\"potentialAction\":[{\"@type\":\"ReadAction\",\"target\":[\"https:\/\/weltlaeden.de\/muelheim\/\"]}]},{\"@type\":\"ImageObject\",\"inLanguage\":\"de\",\"@id\":\"https:\/\/weltlaeden.de\/muelheim\/#primaryimage\",\"url\":\"https:\/\/weltlaeden.de\/muelheim\/wp-content\/uploads\/sites\/59\/2026\/02\/Bild1.png\",\"contentUrl\":\"https:\/\/weltlaeden.de\/muelheim\/wp-content\/uploads\/sites\/59\/2026\/02\/Bild1.png\",\"width\":1500,\"height\":594},{\"@type\":\"BreadcrumbList\",\"@id\":\"https:\/\/weltlaeden.de\/muelheim\/#breadcrumb\",\"itemListElement\":[{\"@type\":\"ListItem\",\"position\":1,\"name\":\"Startseite\",\"item\":\"https:\/\/weltlaeden.de\/muelheim\/\"},{\"@type\":\"ListItem\",\"position\":2,\"name\":\"Weltladen M\u00fclheim\"}]},{\"@type\":\"WebSite\",\"@id\":\"https:\/\/weltlaeden.de\/muelheim\/#website\",\"url\":\"https:\/\/weltlaeden.de\/muelheim\/\",\"name\":\"Vorlage\",\"description\":\"Faire Produkte seit 1981\",\"potentialAction\":[{\"@type\":\"SearchAction\",\"target\":{\"@type\":\"EntryPoint\",\"urlTemplate\":\"https:\/\/weltlaeden.de\/muelheim\/?s={search_term_string}\"},\"query-input\":{\"@type\":\"PropertyValueSpecification\",\"valueRequired\":true,\"valueName\":\"search_term_string\"}}],\"inLanguage\":\"de\"}]}<\/script>\n<!-- \/ Yoast SEO plugin. -->","yoast_head_json":{"title":"Weltladen M\u00fclheim - Weltladen M\u00fclheim","robots":{"index":"index","follow":"follow","max-snippet":"max-snippet:-1","max-image-preview":"max-image-preview:large","max-video-preview":"max-video-preview:-1"},"canonical":"https:\/\/weltlaeden.de\/muelheim\/","og_locale":"de_DE","og_type":"article","og_title":"Weltladen M\u00fclheim - Weltladen M\u00fclheim","og_description":"[vc_row type=&#8220;vc_default&#8220;][vc_column][vc_empty_space height=&#8220;20px&#8220;][\/vc_column][\/vc_row][vc_row type=&#8220;vc_default&#8220; full_width=&#8220;stretch_row_content_no_spaces&#8220; css=&#8220;.vc_custom_1768472306481{background-color: #FFF2DE !important;}&#8220;][vc_column css_animation=&#8220;fadeInUp&#8220; animation=&#8220;fadeInUp&#8220;][vc_column_text] Willkommen im Weltladen M\u00fclheim an der Ruhr! [\/vc_column_text][\/vc_column][\/vc_row][vc_row type=&#8220;vc_default&#8220; full_width=&#8220;stretch_row_content_no_spaces&#8220; disable_element=&#8220;yes&#8220;][vc_column offset=&#8220;vc_col-lg-offset-0&#8243;][vc_single_image image=&#8220;1071&#8243; img_size=&#8220;full&#8220; css=&#8220;&#8220;][vc_empty_space][vc_column_text css=&#8220;&#8220;] [\/vc_column_text][vc_empty_space height=&#8220;30px&#8220;][\/vc_column][\/vc_row][vc_row][vc_column css_animation=&#8220;fadeInUp&#8220; animation=&#8220;fadeInUp&#8220;][vc_separator css=&#8220;&#8220;][vc_empty_space][\/vc_column][vc_column offset=&#8220;vc_col-lg-offset-0&#8243;][vc_column_text css=&#8220;&#8220;] Unser wundersch\u00f6nes KAPULA Passend zu Ostern f\u00fchren wir ein wundersch\u00f6nes und\u00a0 sehr ausgefallenes Kaffeetassen-Sortiment von KAPULA ein. Kapula Keramik ist eine s\u00fcdafrikanische&hellip;","og_url":"https:\/\/weltlaeden.de\/muelheim\/","og_site_name":"Weltladen M\u00fclheim","article_modified_time":"2026-04-01T11:25:02+00:00","og_image":[{"width":1024,"height":406,"url":"https:\/\/weltlaeden.de\/muelheim\/wp-content\/uploads\/sites\/59\/2026\/02\/Bild1-1024x406.png","type":"image\/png"}],"twitter_card":"summary_large_image","twitter_misc":{"Gesch\u00e4tzte Lesezeit":"4\u00a0Minuten"},"schema":{"@context":"https:\/\/schema.org","@graph":[{"@type":"WebPage","@id":"https:\/\/weltlaeden.de\/muelheim\/","url":"https:\/\/weltlaeden.de\/muelheim\/","name":"Weltladen M\u00fclheim - Weltladen M\u00fclheim","isPartOf":{"@id":"https:\/\/weltlaeden.de\/muelheim\/#website"},"primaryImageOfPage":{"@id":"https:\/\/weltlaeden.de\/muelheim\/#primaryimage"},"image":{"@id":"https:\/\/weltlaeden.de\/muelheim\/#primaryimage"},"thumbnailUrl":"https:\/\/weltlaeden.de\/muelheim\/wp-content\/uploads\/sites\/59\/2026\/02\/Bild1-300x119.png","datePublished":"2016-10-14T07:05:21+00:00","dateModified":"2026-04-01T11:25:02+00:00","breadcrumb":{"@id":"https:\/\/weltlaeden.de\/muelheim\/#breadcrumb"},"inLanguage":"de","potentialAction":[{"@type":"ReadAction","target":["https:\/\/weltlaeden.de\/muelheim\/"]}]},{"@type":"ImageObject","inLanguage":"de","@id":"https:\/\/weltlaeden.de\/muelheim\/#primaryimage","url":"https:\/\/weltlaeden.de\/muelheim\/wp-content\/uploads\/sites\/59\/2026\/02\/Bild1.png","contentUrl":"https:\/\/weltlaeden.de\/muelheim\/wp-content\/uploads\/sites\/59\/2026\/02\/Bild1.png","width":1500,"height":594},{"@type":"BreadcrumbList","@id":"https:\/\/weltlaeden.de\/muelheim\/#breadcrumb","itemListElement":[{"@type":"ListItem","position":1,"name":"Startseite","item":"https:\/\/weltlaeden.de\/muelheim\/"},{"@type":"ListItem","position":2,"name":"Weltladen M\u00fclheim"}]},{"@type":"WebSite","@id":"https:\/\/weltlaeden.de\/muelheim\/#website","url":"https:\/\/weltlaeden.de\/muelheim\/","name":"Vorlage","description":"Faire Produkte seit 1981","potentialAction":[{"@type":"SearchAction","target":{"@type":"EntryPoint","urlTemplate":"https:\/\/weltlaeden.de\/muelheim\/?s={search_term_string}"},"query-input":{"@type":"PropertyValueSpecification","valueRequired":true,"valueName":"search_term_string"}}],"inLanguage":"de"}]}},"_links":{"self":[{"href":"https:\/\/weltlaeden.de\/muelheim\/wp-json\/wp\/v2\/pages\/20","targetHints":{"allow":["GET"]}}],"collection":[{"href":"https:\/\/weltlaeden.de\/muelheim\/wp-json\/wp\/v2\/pages"}],"about":[{"href":"https:\/\/weltlaeden.de\/muelheim\/wp-json\/wp\/v2\/types\/page"}],"author":[{"embeddable":true,"href":"https:\/\/weltlaeden.de\/muelheim\/wp-json\/wp\/v2\/users\/1"}],"replies":[{"embeddable":true,"href":"https:\/\/weltlaeden.de\/muelheim\/wp-json\/wp\/v2\/comments?post=20"}],"version-history":[{"count":117,"href":"https:\/\/weltlaeden.de\/muelheim\/wp-json\/wp\/v2\/pages\/20\/revisions"}],"predecessor-version":[{"id":1169,"href":"https:\/\/weltlaeden.de\/muelheim\/wp-json\/wp\/v2\/pages\/20\/revisions\/1169"}],"wp:attachment":[{"href":"https:\/\/weltlaeden.de\/muelheim\/wp-json\/wp\/v2\/media?parent=20"}],"curies":[{"name":"wp","href":"https:\/\/api.w.org\/{rel}","templated":true}]}}