{"id":1107,"date":"2026-03-04T13:23:34","date_gmt":"2026-03-04T12:23:34","guid":{"rendered":"https:\/\/weltlaeden.de\/muelheim\/?page_id=1107"},"modified":"2026-03-19T10:31:00","modified_gmt":"2026-03-19T09:31:00","slug":"neuheiten","status":"publish","type":"page","link":"https:\/\/weltlaeden.de\/muelheim\/produkte\/neuheiten\/","title":{"rendered":"Utamtsi Kaffee (neu)"},"content":{"rendered":"<h3>Neu in unserem Angebot: UTAMTSI Kaffee<\/h3>\n<h1><strong>Ganze Bohne Kaffees von UTAMTSI<\/strong><\/h1>\n<h4><img loading=\"lazy\" decoding=\"async\" class=\"alignleft wp-image-1098\" src=\"https:\/\/weltlaeden.de\/muelheim\/wp-content\/uploads\/sites\/59\/2026\/03\/IMG_8525-300x225.jpeg\" alt=\"\" width=\"327\" height=\"245\" srcset=\"https:\/\/weltlaeden.de\/muelheim\/wp-content\/uploads\/sites\/59\/2026\/03\/IMG_8525-300x225.jpeg 300w, https:\/\/weltlaeden.de\/muelheim\/wp-content\/uploads\/sites\/59\/2026\/03\/IMG_8525-1024x768.jpeg 1024w, https:\/\/weltlaeden.de\/muelheim\/wp-content\/uploads\/sites\/59\/2026\/03\/IMG_8525-768x576.jpeg 768w, https:\/\/weltlaeden.de\/muelheim\/wp-content\/uploads\/sites\/59\/2026\/03\/IMG_8525-1536x1152.jpeg 1536w, https:\/\/weltlaeden.de\/muelheim\/wp-content\/uploads\/sites\/59\/2026\/03\/IMG_8525-2048x1536.jpeg 2048w\" sizes=\"auto, (max-width: 327px) 100vw, 327px\" \/>Espresso-Liebhaber oder Cafe Creme, probieren und genie\u00dfen:<\/h4>\n<p>Bio Espresso Siziliana 21, 250g, kr\u00e4ftig, vollmundig, s\u00e4urearm (Arabica\/Robusta Blend)<\/p>\n<p>Espresso Uganda Elgon, 250g, mild, nussig\/fruchtig (Arabica)<\/p>\n<p>Bio Kaffee Uganda Elgon, 250g, charaktervoll, feine s\u00e4ure (Arabica)<\/p>\n<p>Bio Kaffee 21, 250g, mild, aromatisch (Arabica)<\/p>\n<p>Bio Sch\u00fcmli, 250g, vollmundig-cremig, s\u00e4urearm (Arabica\/Robusta Blend)<\/p>\n<p>&nbsp;<\/p>\n<h1><strong>Gemahlene Kaffees von UTAMTSI<\/strong><\/h1>\n<h4><img loading=\"lazy\" decoding=\"async\" class=\"alignleft wp-image-1116\" src=\"https:\/\/weltlaeden.de\/muelheim\/wp-content\/uploads\/sites\/59\/2026\/03\/IMG_8528-300x225.jpeg\" alt=\"\" width=\"327\" height=\"245\" srcset=\"https:\/\/weltlaeden.de\/muelheim\/wp-content\/uploads\/sites\/59\/2026\/03\/IMG_8528-300x225.jpeg 300w, https:\/\/weltlaeden.de\/muelheim\/wp-content\/uploads\/sites\/59\/2026\/03\/IMG_8528-1024x768.jpeg 1024w, https:\/\/weltlaeden.de\/muelheim\/wp-content\/uploads\/sites\/59\/2026\/03\/IMG_8528-768x576.jpeg 768w, https:\/\/weltlaeden.de\/muelheim\/wp-content\/uploads\/sites\/59\/2026\/03\/IMG_8528-1536x1152.jpeg 1536w, https:\/\/weltlaeden.de\/muelheim\/wp-content\/uploads\/sites\/59\/2026\/03\/IMG_8528-2048x1536.jpeg 2048w\" sizes=\"auto, (max-width: 327px) 100vw, 327px\" \/>Fertig gemahlene Spitzenkaffees aus Uganda und Kamerun<\/h4>\n<p>Bio Espresso Siziliana 21, 250g, kr\u00e4ftig, vollmundig, s\u00e4urearm (Arabica\/Robusta Blend)<\/p>\n<p>Espresso Uganda Elgon, 250g, mild, nussig\/fruchtig (Arabica)<\/p>\n<p>Bio Kaffee Uganda Elgon, 250g, charaktervoll, feine s\u00e4ure (Arabica)<\/p>\n<p>Bio Kaffee 21 entkoffeiniert, 250g, mild, nussig (Arabica)<\/p>\n<p>Bio Sch\u00fcmli, 250g, vollmundig-cremig, s\u00e4urearm (Arabica\/Robusta Blend)<\/p>\n<p>&nbsp;<\/p>\n<h1><strong>Wof\u00fcr steht UTAMTSI?<\/strong><\/h1>\n<p><img loading=\"lazy\" decoding=\"async\" class=\"alignleft size-medium wp-image-1123\" src=\"https:\/\/weltlaeden.de\/muelheim\/wp-content\/uploads\/sites\/59\/2026\/03\/Utamtsi-Bio_kaffee_uganda_elgon-225x300.jpg\" alt=\"\" width=\"225\" height=\"300\" srcset=\"https:\/\/weltlaeden.de\/muelheim\/wp-content\/uploads\/sites\/59\/2026\/03\/Utamtsi-Bio_kaffee_uganda_elgon-225x300.jpg 225w, https:\/\/weltlaeden.de\/muelheim\/wp-content\/uploads\/sites\/59\/2026\/03\/Utamtsi-Bio_kaffee_uganda_elgon-768x1024.jpg 768w, https:\/\/weltlaeden.de\/muelheim\/wp-content\/uploads\/sites\/59\/2026\/03\/Utamtsi-Bio_kaffee_uganda_elgon-1152x1536.jpg 1152w, https:\/\/weltlaeden.de\/muelheim\/wp-content\/uploads\/sites\/59\/2026\/03\/Utamtsi-Bio_kaffee_uganda_elgon-1536x2048.jpg 1536w, https:\/\/weltlaeden.de\/muelheim\/wp-content\/uploads\/sites\/59\/2026\/03\/Utamtsi-Bio_kaffee_uganda_elgon.jpg 1920w\" sizes=\"auto, (max-width: 225px) 100vw, 225px\" \/>Utamtsi steht f\u00fcr direkten und fairen Handel gest\u00fctzt auf drei S\u00e4ulen: \u00f6konomische, soziale und \u00f6kologische Nachhaltigkeit nach den Grunds\u00e4tzen der Agenda 21. Faire Bedingungen, die die Lebensgrundlagen aller an der Wertsch\u00f6pfungskette Beteiligten langfristig sichern, das ist die Mission von Utamtsi. &#8222;Unsere Lieferbeziehungen sind direkt, fair und langfristig gestaltet. Dadurch stellen wir sicher, dass die Bauern auch weiterhin Kaffee h\u00f6chster Qualit\u00e4t auf \u00f6kologisch vertr\u00e4gliche Art erzeugen k\u00f6nnen.&#8220; Erfahrt mehr \u00fcber UTAMTSI von Morin Kamga Fobissie aus Kamerun und Stephan Frost, den beiden Studenten, die im Bremer Studentenwohnheim 1998 Freunde wurden und gemeinsam die Idee von direkt von Kleinbauern aus Kamerun importiertem Qualit\u00e4ts-Kaffee entwickelten. Hier der Link zu einer wahrhaft inspirierenden Geschichte.<\/p>\n<p><a href=\"https:\/\/www.utamtsi-kaffee.com\/uber-uns\/wir-von-utamtsi\/\">Wir von Utamtsi | Utamtsi Kaffee<\/a><\/p>\n<p>&nbsp;<\/p>\n","protected":false},"excerpt":{"rendered":"<p>Neu in unserem Angebot: UTAMTSI Kaffee Ganze Bohne Kaffees von UTAMTSI Espresso-Liebhaber oder Cafe Creme, probieren und genie\u00dfen: Bio Espresso Siziliana 21, 250g, kr\u00e4ftig, vollmundig, s\u00e4urearm (Arabica\/Robusta Blend) Espresso Uganda Elgon, 250g, mild, nussig\/fruchtig (Arabica) Bio Kaffee Uganda Elgon, 250g, charaktervoll, feine s\u00e4ure (Arabica) Bio Kaffee 21, 250g, mild, aromatisch (Arabica) Bio Sch\u00fcmli, 250g, vollmundig-cremig,&hellip;<\/p>\n","protected":false},"author":87,"featured_media":0,"parent":217,"menu_order":7,"comment_status":"closed","ping_status":"closed","template":"","meta":{"footnotes":""},"class_list":["post-1107","page","type-page","status-publish","hentry","description-off"],"yoast_head":"<!-- This site is optimized with the Yoast SEO plugin v26.8 - https:\/\/yoast.com\/product\/yoast-seo-wordpress\/ -->\n<title>Utamtsi Kaffee (neu) - Weltladen M\u00fclheim<\/title>\n<meta name=\"robots\" content=\"index, follow, max-snippet:-1, max-image-preview:large, max-video-preview:-1\" \/>\n<link rel=\"canonical\" href=\"https:\/\/weltlaeden.de\/muelheim\/produkte\/neuheiten\/\" \/>\n<meta property=\"og:locale\" content=\"de_DE\" \/>\n<meta property=\"og:type\" content=\"article\" \/>\n<meta property=\"og:title\" content=\"Utamtsi Kaffee (neu) - Weltladen M\u00fclheim\" \/>\n<meta property=\"og:description\" content=\"Neu in unserem Angebot: UTAMTSI Kaffee Ganze Bohne Kaffees von UTAMTSI Espresso-Liebhaber oder Cafe Creme, probieren und genie\u00dfen: Bio Espresso Siziliana 21, 250g, kr\u00e4ftig, vollmundig, s\u00e4urearm (Arabica\/Robusta Blend) Espresso Uganda Elgon, 250g, mild, nussig\/fruchtig (Arabica) Bio Kaffee Uganda Elgon, 250g, charaktervoll, feine s\u00e4ure (Arabica) Bio Kaffee 21, 250g, mild, aromatisch (Arabica) Bio Sch\u00fcmli, 250g, vollmundig-cremig,&hellip;\" \/>\n<meta property=\"og:url\" content=\"https:\/\/weltlaeden.de\/muelheim\/produkte\/neuheiten\/\" \/>\n<meta property=\"og:site_name\" content=\"Weltladen M\u00fclheim\" \/>\n<meta property=\"article:modified_time\" content=\"2026-03-19T09:31:00+00:00\" \/>\n<meta property=\"og:image\" content=\"https:\/\/weltlaeden.de\/muelheim\/wp-content\/uploads\/sites\/59\/2026\/03\/IMG_8525-scaled.jpeg\" \/>\n\t<meta property=\"og:image:width\" content=\"2560\" \/>\n\t<meta property=\"og:image:height\" content=\"1920\" \/>\n\t<meta property=\"og:image:type\" content=\"image\/jpeg\" \/>\n<meta name=\"twitter:card\" content=\"summary_large_image\" \/>\n<meta name=\"twitter:label1\" content=\"Gesch\u00e4tzte Lesezeit\" \/>\n\t<meta name=\"twitter:data1\" content=\"2\u00a0Minuten\" \/>\n<script type=\"application\/ld+json\" class=\"yoast-schema-graph\">{\"@context\":\"https:\/\/schema.org\",\"@graph\":[{\"@type\":\"WebPage\",\"@id\":\"https:\/\/weltlaeden.de\/muelheim\/produkte\/neuheiten\/\",\"url\":\"https:\/\/weltlaeden.de\/muelheim\/produkte\/neuheiten\/\",\"name\":\"Utamtsi Kaffee (neu) - Weltladen M\u00fclheim\",\"isPartOf\":{\"@id\":\"https:\/\/weltlaeden.de\/muelheim\/#website\"},\"primaryImageOfPage\":{\"@id\":\"https:\/\/weltlaeden.de\/muelheim\/produkte\/neuheiten\/#primaryimage\"},\"image\":{\"@id\":\"https:\/\/weltlaeden.de\/muelheim\/produkte\/neuheiten\/#primaryimage\"},\"thumbnailUrl\":\"https:\/\/weltlaeden.de\/muelheim\/wp-content\/uploads\/sites\/59\/2026\/03\/IMG_8525-300x225.jpeg\",\"datePublished\":\"2026-03-04T12:23:34+00:00\",\"dateModified\":\"2026-03-19T09:31:00+00:00\",\"breadcrumb\":{\"@id\":\"https:\/\/weltlaeden.de\/muelheim\/produkte\/neuheiten\/#breadcrumb\"},\"inLanguage\":\"de\",\"potentialAction\":[{\"@type\":\"ReadAction\",\"target\":[\"https:\/\/weltlaeden.de\/muelheim\/produkte\/neuheiten\/\"]}]},{\"@type\":\"ImageObject\",\"inLanguage\":\"de\",\"@id\":\"https:\/\/weltlaeden.de\/muelheim\/produkte\/neuheiten\/#primaryimage\",\"url\":\"https:\/\/weltlaeden.de\/muelheim\/wp-content\/uploads\/sites\/59\/2026\/03\/IMG_8525-scaled.jpeg\",\"contentUrl\":\"https:\/\/weltlaeden.de\/muelheim\/wp-content\/uploads\/sites\/59\/2026\/03\/IMG_8525-scaled.jpeg\",\"width\":2560,\"height\":1920},{\"@type\":\"BreadcrumbList\",\"@id\":\"https:\/\/weltlaeden.de\/muelheim\/produkte\/neuheiten\/#breadcrumb\",\"itemListElement\":[{\"@type\":\"ListItem\",\"position\":1,\"name\":\"Startseite\",\"item\":\"https:\/\/weltlaeden.de\/muelheim\/\"},{\"@type\":\"ListItem\",\"position\":2,\"name\":\"Produkte\",\"item\":\"https:\/\/weltlaeden.de\/muelheim\/produkte\/\"},{\"@type\":\"ListItem\",\"position\":3,\"name\":\"Utamtsi Kaffee (neu)\"}]},{\"@type\":\"WebSite\",\"@id\":\"https:\/\/weltlaeden.de\/muelheim\/#website\",\"url\":\"https:\/\/weltlaeden.de\/muelheim\/\",\"name\":\"Vorlage\",\"description\":\"Faire Produkte seit 1981\",\"potentialAction\":[{\"@type\":\"SearchAction\",\"target\":{\"@type\":\"EntryPoint\",\"urlTemplate\":\"https:\/\/weltlaeden.de\/muelheim\/?s={search_term_string}\"},\"query-input\":{\"@type\":\"PropertyValueSpecification\",\"valueRequired\":true,\"valueName\":\"search_term_string\"}}],\"inLanguage\":\"de\"}]}<\/script>\n<!-- \/ Yoast SEO plugin. -->","yoast_head_json":{"title":"Utamtsi Kaffee (neu) - Weltladen M\u00fclheim","robots":{"index":"index","follow":"follow","max-snippet":"max-snippet:-1","max-image-preview":"max-image-preview:large","max-video-preview":"max-video-preview:-1"},"canonical":"https:\/\/weltlaeden.de\/muelheim\/produkte\/neuheiten\/","og_locale":"de_DE","og_type":"article","og_title":"Utamtsi Kaffee (neu) - Weltladen M\u00fclheim","og_description":"Neu in unserem Angebot: UTAMTSI Kaffee Ganze Bohne Kaffees von UTAMTSI Espresso-Liebhaber oder Cafe Creme, probieren und genie\u00dfen: Bio Espresso Siziliana 21, 250g, kr\u00e4ftig, vollmundig, s\u00e4urearm (Arabica\/Robusta Blend) Espresso Uganda Elgon, 250g, mild, nussig\/fruchtig (Arabica) Bio Kaffee Uganda Elgon, 250g, charaktervoll, feine s\u00e4ure (Arabica) Bio Kaffee 21, 250g, mild, aromatisch (Arabica) Bio Sch\u00fcmli, 250g, vollmundig-cremig,&hellip;","og_url":"https:\/\/weltlaeden.de\/muelheim\/produkte\/neuheiten\/","og_site_name":"Weltladen M\u00fclheim","article_modified_time":"2026-03-19T09:31:00+00:00","og_image":[{"width":2560,"height":1920,"url":"https:\/\/weltlaeden.de\/muelheim\/wp-content\/uploads\/sites\/59\/2026\/03\/IMG_8525-scaled.jpeg","type":"image\/jpeg"}],"twitter_card":"summary_large_image","twitter_misc":{"Gesch\u00e4tzte Lesezeit":"2\u00a0Minuten"},"schema":{"@context":"https:\/\/schema.org","@graph":[{"@type":"WebPage","@id":"https:\/\/weltlaeden.de\/muelheim\/produkte\/neuheiten\/","url":"https:\/\/weltlaeden.de\/muelheim\/produkte\/neuheiten\/","name":"Utamtsi Kaffee (neu) - Weltladen M\u00fclheim","isPartOf":{"@id":"https:\/\/weltlaeden.de\/muelheim\/#website"},"primaryImageOfPage":{"@id":"https:\/\/weltlaeden.de\/muelheim\/produkte\/neuheiten\/#primaryimage"},"image":{"@id":"https:\/\/weltlaeden.de\/muelheim\/produkte\/neuheiten\/#primaryimage"},"thumbnailUrl":"https:\/\/weltlaeden.de\/muelheim\/wp-content\/uploads\/sites\/59\/2026\/03\/IMG_8525-300x225.jpeg","datePublished":"2026-03-04T12:23:34+00:00","dateModified":"2026-03-19T09:31:00+00:00","breadcrumb":{"@id":"https:\/\/weltlaeden.de\/muelheim\/produkte\/neuheiten\/#breadcrumb"},"inLanguage":"de","potentialAction":[{"@type":"ReadAction","target":["https:\/\/weltlaeden.de\/muelheim\/produkte\/neuheiten\/"]}]},{"@type":"ImageObject","inLanguage":"de","@id":"https:\/\/weltlaeden.de\/muelheim\/produkte\/neuheiten\/#primaryimage","url":"https:\/\/weltlaeden.de\/muelheim\/wp-content\/uploads\/sites\/59\/2026\/03\/IMG_8525-scaled.jpeg","contentUrl":"https:\/\/weltlaeden.de\/muelheim\/wp-content\/uploads\/sites\/59\/2026\/03\/IMG_8525-scaled.jpeg","width":2560,"height":1920},{"@type":"BreadcrumbList","@id":"https:\/\/weltlaeden.de\/muelheim\/produkte\/neuheiten\/#breadcrumb","itemListElement":[{"@type":"ListItem","position":1,"name":"Startseite","item":"https:\/\/weltlaeden.de\/muelheim\/"},{"@type":"ListItem","position":2,"name":"Produkte","item":"https:\/\/weltlaeden.de\/muelheim\/produkte\/"},{"@type":"ListItem","position":3,"name":"Utamtsi Kaffee (neu)"}]},{"@type":"WebSite","@id":"https:\/\/weltlaeden.de\/muelheim\/#website","url":"https:\/\/weltlaeden.de\/muelheim\/","name":"Vorlage","description":"Faire Produkte seit 1981","potentialAction":[{"@type":"SearchAction","target":{"@type":"EntryPoint","urlTemplate":"https:\/\/weltlaeden.de\/muelheim\/?s={search_term_string}"},"query-input":{"@type":"PropertyValueSpecification","valueRequired":true,"valueName":"search_term_string"}}],"inLanguage":"de"}]}},"_links":{"self":[{"href":"https:\/\/weltlaeden.de\/muelheim\/wp-json\/wp\/v2\/pages\/1107","targetHints":{"allow":["GET"]}}],"collection":[{"href":"https:\/\/weltlaeden.de\/muelheim\/wp-json\/wp\/v2\/pages"}],"about":[{"href":"https:\/\/weltlaeden.de\/muelheim\/wp-json\/wp\/v2\/types\/page"}],"author":[{"embeddable":true,"href":"https:\/\/weltlaeden.de\/muelheim\/wp-json\/wp\/v2\/users\/87"}],"replies":[{"embeddable":true,"href":"https:\/\/weltlaeden.de\/muelheim\/wp-json\/wp\/v2\/comments?post=1107"}],"version-history":[{"count":8,"href":"https:\/\/weltlaeden.de\/muelheim\/wp-json\/wp\/v2\/pages\/1107\/revisions"}],"predecessor-version":[{"id":1125,"href":"https:\/\/weltlaeden.de\/muelheim\/wp-json\/wp\/v2\/pages\/1107\/revisions\/1125"}],"up":[{"embeddable":true,"href":"https:\/\/weltlaeden.de\/muelheim\/wp-json\/wp\/v2\/pages\/217"}],"wp:attachment":[{"href":"https:\/\/weltlaeden.de\/muelheim\/wp-json\/wp\/v2\/media?parent=1107"}],"curies":[{"name":"wp","href":"https:\/\/api.w.org\/{rel}","templated":true}]}}