{"id":737,"date":"2019-09-19T21:17:44","date_gmt":"2019-09-19T19:17:44","guid":{"rendered":"https:\/\/weltlaeden.de\/muehlacker\/?page_id=737"},"modified":"2019-09-20T10:29:37","modified_gmt":"2019-09-20T08:29:37","slug":"ausstellungseroeffnung-am-16-september-2019","status":"publish","type":"page","link":"https:\/\/weltlaeden.de\/muehlacker\/ausstellungseroeffnung-am-16-september-2019\/","title":{"rendered":"Ausstellungser\u00f6ffnung"},"content":{"rendered":"<div class=\"wpb-content-wrapper\"><p>[vc_row][vc_column][vc_column_text]Die Ausstellung &#8222;FAIR GEHANDELTER KAFFEE WIRKT &#8211;\u00a0 wie Kleinbauernfamilien profitieren am Beispiel des Caf\u00e9 du Burundi&#8220; wurde am Montag Abend im Rathaus M\u00fchlacker er\u00f6ffnet.\u00a0 Zu Gast war auch der Journalist und Autor Philipp Ziser von der Organisation Burundikids e.V.<\/p>\n<p>Hier einige Fotos von der Ausstellungser\u00f6ffnung.<\/p>\n<p>Eva Filitz hat uns nicht nur ihre Aufnahmen, sondern auch ihren <a href=\"https:\/\/weltlaeden.de\/muehlacker\/wp-content\/uploads\/sites\/69\/2019\/09\/Fairer_Kaffee_wirkt_Artikel_von_Eva_Filitz-.pdf\" target=\"_blank\" rel=\"noopener\">Pressetext<\/a> zur Verf\u00fcgung gestellt.[\/vc_column_text][\/vc_column][\/vc_row][vc_row][vc_column]<div class=\"wl_einzelbild\"><p><img loading=\"lazy\" decoding=\"async\" class=\"alignnone size-full wp-image-739\" src=\"https:\/\/weltlaeden.de\/muehlacker\/wp-content\/uploads\/sites\/69\/2019\/09\/P9162681.jpg\" alt=\"\" width=\"2560\" height=\"1920\" srcset=\"https:\/\/weltlaeden.de\/muehlacker\/wp-content\/uploads\/sites\/69\/2019\/09\/P9162681.jpg 2560w, https:\/\/weltlaeden.de\/muehlacker\/wp-content\/uploads\/sites\/69\/2019\/09\/P9162681-300x225.jpg 300w, https:\/\/weltlaeden.de\/muehlacker\/wp-content\/uploads\/sites\/69\/2019\/09\/P9162681-768x576.jpg 768w, https:\/\/weltlaeden.de\/muehlacker\/wp-content\/uploads\/sites\/69\/2019\/09\/P9162681-1024x768.jpg 1024w\" sizes=\"auto, (max-width: 2560px) 100vw, 2560px\" \/><img loading=\"lazy\" decoding=\"async\" class=\"alignnone size-full wp-image-738\" src=\"https:\/\/weltlaeden.de\/muehlacker\/wp-content\/uploads\/sites\/69\/2019\/09\/P9162679.jpg\" alt=\"\" width=\"2560\" height=\"1920\" srcset=\"https:\/\/weltlaeden.de\/muehlacker\/wp-content\/uploads\/sites\/69\/2019\/09\/P9162679.jpg 2560w, https:\/\/weltlaeden.de\/muehlacker\/wp-content\/uploads\/sites\/69\/2019\/09\/P9162679-300x225.jpg 300w, https:\/\/weltlaeden.de\/muehlacker\/wp-content\/uploads\/sites\/69\/2019\/09\/P9162679-768x576.jpg 768w, https:\/\/weltlaeden.de\/muehlacker\/wp-content\/uploads\/sites\/69\/2019\/09\/P9162679-1024x768.jpg 1024w\" sizes=\"auto, (max-width: 2560px) 100vw, 2560px\" \/><img loading=\"lazy\" decoding=\"async\" class=\"alignnone size-full wp-image-740\" src=\"https:\/\/weltlaeden.de\/muehlacker\/wp-content\/uploads\/sites\/69\/2019\/09\/P9162685.jpg\" alt=\"\" width=\"2560\" height=\"1920\" srcset=\"https:\/\/weltlaeden.de\/muehlacker\/wp-content\/uploads\/sites\/69\/2019\/09\/P9162685.jpg 2560w, https:\/\/weltlaeden.de\/muehlacker\/wp-content\/uploads\/sites\/69\/2019\/09\/P9162685-300x225.jpg 300w, https:\/\/weltlaeden.de\/muehlacker\/wp-content\/uploads\/sites\/69\/2019\/09\/P9162685-768x576.jpg 768w, https:\/\/weltlaeden.de\/muehlacker\/wp-content\/uploads\/sites\/69\/2019\/09\/P9162685-1024x768.jpg 1024w\" sizes=\"auto, (max-width: 2560px) 100vw, 2560px\" \/><img loading=\"lazy\" decoding=\"async\" class=\"alignnone size-full wp-image-741\" src=\"https:\/\/weltlaeden.de\/muehlacker\/wp-content\/uploads\/sites\/69\/2019\/09\/P9162719.jpg\" alt=\"\" width=\"2457\" height=\"1843\" srcset=\"https:\/\/weltlaeden.de\/muehlacker\/wp-content\/uploads\/sites\/69\/2019\/09\/P9162719.jpg 2457w, https:\/\/weltlaeden.de\/muehlacker\/wp-content\/uploads\/sites\/69\/2019\/09\/P9162719-300x225.jpg 300w, https:\/\/weltlaeden.de\/muehlacker\/wp-content\/uploads\/sites\/69\/2019\/09\/P9162719-768x576.jpg 768w, https:\/\/weltlaeden.de\/muehlacker\/wp-content\/uploads\/sites\/69\/2019\/09\/P9162719-1024x768.jpg 1024w\" sizes=\"auto, (max-width: 2457px) 100vw, 2457px\" \/><\/p><\/div>[\/vc_column][\/vc_row][vc_row][vc_column][vc_column_text][\/vc_column_text][\/vc_column][\/vc_row]<\/p>\n<\/div>","protected":false},"excerpt":{"rendered":"<p>[vc_row][vc_column][vc_column_text]Die Ausstellung &#8222;FAIR GEHANDELTER KAFFEE WIRKT &#8211;\u00a0 wie Kleinbauernfamilien profitieren am Beispiel des Caf\u00e9 du Burundi&#8220; wurde am Montag Abend im Rathaus M\u00fchlacker er\u00f6ffnet.\u00a0 Zu Gast war auch der Journalist und Autor Philipp Ziser von der Organisation Burundikids e.V. Hier einige Fotos von der Ausstellungser\u00f6ffnung. Eva Filitz hat uns nicht nur ihre Aufnahmen, sondern auch&hellip;<\/p>\n","protected":false},"author":108,"featured_media":0,"parent":0,"menu_order":3,"comment_status":"closed","ping_status":"closed","template":"","meta":{"footnotes":""},"class_list":["post-737","page","type-page","status-publish","hentry","description-off"],"yoast_head":"<!-- This site is optimized with the Yoast SEO plugin v26.8 - https:\/\/yoast.com\/product\/yoast-seo-wordpress\/ -->\n<title>Ausstellungser\u00f6ffnung - Weltladen M\u00fchlacker<\/title>\n<meta name=\"robots\" content=\"index, follow, max-snippet:-1, max-image-preview:large, max-video-preview:-1\" \/>\n<link rel=\"canonical\" href=\"https:\/\/weltlaeden.de\/muehlacker\/ausstellungseroeffnung-am-16-september-2019\/\" \/>\n<meta property=\"og:locale\" content=\"de_DE\" \/>\n<meta property=\"og:type\" content=\"article\" \/>\n<meta property=\"og:title\" content=\"Ausstellungser\u00f6ffnung - Weltladen M\u00fchlacker\" \/>\n<meta property=\"og:description\" content=\"[vc_row][vc_column][vc_column_text]Die Ausstellung &#8222;FAIR GEHANDELTER KAFFEE WIRKT &#8211;\u00a0 wie Kleinbauernfamilien profitieren am Beispiel des Caf\u00e9 du Burundi&#8220; wurde am Montag Abend im Rathaus M\u00fchlacker er\u00f6ffnet.\u00a0 Zu Gast war auch der Journalist und Autor Philipp Ziser von der Organisation Burundikids e.V. Hier einige Fotos von der Ausstellungser\u00f6ffnung. Eva Filitz hat uns nicht nur ihre Aufnahmen, sondern auch&hellip;\" \/>\n<meta property=\"og:url\" content=\"https:\/\/weltlaeden.de\/muehlacker\/ausstellungseroeffnung-am-16-september-2019\/\" \/>\n<meta property=\"og:site_name\" content=\"Weltladen M\u00fchlacker\" \/>\n<meta property=\"article:modified_time\" content=\"2019-09-20T08:29:37+00:00\" \/>\n<meta property=\"og:image\" content=\"https:\/\/weltlaeden.de\/muehlacker\/wp-content\/uploads\/sites\/69\/2019\/09\/P9162681.jpg\" \/>\n<meta name=\"twitter:card\" content=\"summary_large_image\" \/>\n<meta name=\"twitter:label1\" content=\"Gesch\u00e4tzte Lesezeit\" \/>\n\t<meta name=\"twitter:data1\" content=\"1\u00a0Minute\" \/>\n<script type=\"application\/ld+json\" class=\"yoast-schema-graph\">{\"@context\":\"https:\/\/schema.org\",\"@graph\":[{\"@type\":\"WebPage\",\"@id\":\"https:\/\/weltlaeden.de\/muehlacker\/ausstellungseroeffnung-am-16-september-2019\/\",\"url\":\"https:\/\/weltlaeden.de\/muehlacker\/ausstellungseroeffnung-am-16-september-2019\/\",\"name\":\"Ausstellungser\u00f6ffnung - Weltladen M\u00fchlacker\",\"isPartOf\":{\"@id\":\"https:\/\/weltlaeden.de\/muehlacker\/#website\"},\"primaryImageOfPage\":{\"@id\":\"https:\/\/weltlaeden.de\/muehlacker\/ausstellungseroeffnung-am-16-september-2019\/#primaryimage\"},\"image\":{\"@id\":\"https:\/\/weltlaeden.de\/muehlacker\/ausstellungseroeffnung-am-16-september-2019\/#primaryimage\"},\"thumbnailUrl\":\"https:\/\/weltlaeden.de\/muehlacker\/wp-content\/uploads\/sites\/69\/2019\/09\/P9162681.jpg\",\"datePublished\":\"2019-09-19T19:17:44+00:00\",\"dateModified\":\"2019-09-20T08:29:37+00:00\",\"breadcrumb\":{\"@id\":\"https:\/\/weltlaeden.de\/muehlacker\/ausstellungseroeffnung-am-16-september-2019\/#breadcrumb\"},\"inLanguage\":\"de\",\"potentialAction\":[{\"@type\":\"ReadAction\",\"target\":[\"https:\/\/weltlaeden.de\/muehlacker\/ausstellungseroeffnung-am-16-september-2019\/\"]}]},{\"@type\":\"ImageObject\",\"inLanguage\":\"de\",\"@id\":\"https:\/\/weltlaeden.de\/muehlacker\/ausstellungseroeffnung-am-16-september-2019\/#primaryimage\",\"url\":\"https:\/\/weltlaeden.de\/muehlacker\/wp-content\/uploads\/sites\/69\/2019\/09\/P9162681.jpg\",\"contentUrl\":\"https:\/\/weltlaeden.de\/muehlacker\/wp-content\/uploads\/sites\/69\/2019\/09\/P9162681.jpg\",\"width\":2560,\"height\":1920},{\"@type\":\"BreadcrumbList\",\"@id\":\"https:\/\/weltlaeden.de\/muehlacker\/ausstellungseroeffnung-am-16-september-2019\/#breadcrumb\",\"itemListElement\":[{\"@type\":\"ListItem\",\"position\":1,\"name\":\"Startseite\",\"item\":\"https:\/\/weltlaeden.de\/muehlacker\/\"},{\"@type\":\"ListItem\",\"position\":2,\"name\":\"Ausstellungser\u00f6ffnung\"}]},{\"@type\":\"WebSite\",\"@id\":\"https:\/\/weltlaeden.de\/muehlacker\/#website\",\"url\":\"https:\/\/weltlaeden.de\/muehlacker\/\",\"name\":\"Weltladen M\u00fchlacker\",\"description\":\"Faire Produkte seit 1991\",\"potentialAction\":[{\"@type\":\"SearchAction\",\"target\":{\"@type\":\"EntryPoint\",\"urlTemplate\":\"https:\/\/weltlaeden.de\/muehlacker\/?s={search_term_string}\"},\"query-input\":{\"@type\":\"PropertyValueSpecification\",\"valueRequired\":true,\"valueName\":\"search_term_string\"}}],\"inLanguage\":\"de\"}]}<\/script>\n<!-- \/ Yoast SEO plugin. -->","yoast_head_json":{"title":"Ausstellungser\u00f6ffnung - Weltladen M\u00fchlacker","robots":{"index":"index","follow":"follow","max-snippet":"max-snippet:-1","max-image-preview":"max-image-preview:large","max-video-preview":"max-video-preview:-1"},"canonical":"https:\/\/weltlaeden.de\/muehlacker\/ausstellungseroeffnung-am-16-september-2019\/","og_locale":"de_DE","og_type":"article","og_title":"Ausstellungser\u00f6ffnung - Weltladen M\u00fchlacker","og_description":"[vc_row][vc_column][vc_column_text]Die Ausstellung &#8222;FAIR GEHANDELTER KAFFEE WIRKT &#8211;\u00a0 wie Kleinbauernfamilien profitieren am Beispiel des Caf\u00e9 du Burundi&#8220; wurde am Montag Abend im Rathaus M\u00fchlacker er\u00f6ffnet.\u00a0 Zu Gast war auch der Journalist und Autor Philipp Ziser von der Organisation Burundikids e.V. Hier einige Fotos von der Ausstellungser\u00f6ffnung. Eva Filitz hat uns nicht nur ihre Aufnahmen, sondern auch&hellip;","og_url":"https:\/\/weltlaeden.de\/muehlacker\/ausstellungseroeffnung-am-16-september-2019\/","og_site_name":"Weltladen M\u00fchlacker","article_modified_time":"2019-09-20T08:29:37+00:00","og_image":[{"url":"https:\/\/weltlaeden.de\/muehlacker\/wp-content\/uploads\/sites\/69\/2019\/09\/P9162681.jpg","type":"","width":"","height":""}],"twitter_card":"summary_large_image","twitter_misc":{"Gesch\u00e4tzte Lesezeit":"1\u00a0Minute"},"schema":{"@context":"https:\/\/schema.org","@graph":[{"@type":"WebPage","@id":"https:\/\/weltlaeden.de\/muehlacker\/ausstellungseroeffnung-am-16-september-2019\/","url":"https:\/\/weltlaeden.de\/muehlacker\/ausstellungseroeffnung-am-16-september-2019\/","name":"Ausstellungser\u00f6ffnung - Weltladen M\u00fchlacker","isPartOf":{"@id":"https:\/\/weltlaeden.de\/muehlacker\/#website"},"primaryImageOfPage":{"@id":"https:\/\/weltlaeden.de\/muehlacker\/ausstellungseroeffnung-am-16-september-2019\/#primaryimage"},"image":{"@id":"https:\/\/weltlaeden.de\/muehlacker\/ausstellungseroeffnung-am-16-september-2019\/#primaryimage"},"thumbnailUrl":"https:\/\/weltlaeden.de\/muehlacker\/wp-content\/uploads\/sites\/69\/2019\/09\/P9162681.jpg","datePublished":"2019-09-19T19:17:44+00:00","dateModified":"2019-09-20T08:29:37+00:00","breadcrumb":{"@id":"https:\/\/weltlaeden.de\/muehlacker\/ausstellungseroeffnung-am-16-september-2019\/#breadcrumb"},"inLanguage":"de","potentialAction":[{"@type":"ReadAction","target":["https:\/\/weltlaeden.de\/muehlacker\/ausstellungseroeffnung-am-16-september-2019\/"]}]},{"@type":"ImageObject","inLanguage":"de","@id":"https:\/\/weltlaeden.de\/muehlacker\/ausstellungseroeffnung-am-16-september-2019\/#primaryimage","url":"https:\/\/weltlaeden.de\/muehlacker\/wp-content\/uploads\/sites\/69\/2019\/09\/P9162681.jpg","contentUrl":"https:\/\/weltlaeden.de\/muehlacker\/wp-content\/uploads\/sites\/69\/2019\/09\/P9162681.jpg","width":2560,"height":1920},{"@type":"BreadcrumbList","@id":"https:\/\/weltlaeden.de\/muehlacker\/ausstellungseroeffnung-am-16-september-2019\/#breadcrumb","itemListElement":[{"@type":"ListItem","position":1,"name":"Startseite","item":"https:\/\/weltlaeden.de\/muehlacker\/"},{"@type":"ListItem","position":2,"name":"Ausstellungser\u00f6ffnung"}]},{"@type":"WebSite","@id":"https:\/\/weltlaeden.de\/muehlacker\/#website","url":"https:\/\/weltlaeden.de\/muehlacker\/","name":"Weltladen M\u00fchlacker","description":"Faire Produkte seit 1991","potentialAction":[{"@type":"SearchAction","target":{"@type":"EntryPoint","urlTemplate":"https:\/\/weltlaeden.de\/muehlacker\/?s={search_term_string}"},"query-input":{"@type":"PropertyValueSpecification","valueRequired":true,"valueName":"search_term_string"}}],"inLanguage":"de"}]}},"_links":{"self":[{"href":"https:\/\/weltlaeden.de\/muehlacker\/wp-json\/wp\/v2\/pages\/737","targetHints":{"allow":["GET"]}}],"collection":[{"href":"https:\/\/weltlaeden.de\/muehlacker\/wp-json\/wp\/v2\/pages"}],"about":[{"href":"https:\/\/weltlaeden.de\/muehlacker\/wp-json\/wp\/v2\/types\/page"}],"author":[{"embeddable":true,"href":"https:\/\/weltlaeden.de\/muehlacker\/wp-json\/wp\/v2\/users\/108"}],"replies":[{"embeddable":true,"href":"https:\/\/weltlaeden.de\/muehlacker\/wp-json\/wp\/v2\/comments?post=737"}],"version-history":[{"count":12,"href":"https:\/\/weltlaeden.de\/muehlacker\/wp-json\/wp\/v2\/pages\/737\/revisions"}],"predecessor-version":[{"id":767,"href":"https:\/\/weltlaeden.de\/muehlacker\/wp-json\/wp\/v2\/pages\/737\/revisions\/767"}],"wp:attachment":[{"href":"https:\/\/weltlaeden.de\/muehlacker\/wp-json\/wp\/v2\/media?parent=737"}],"curies":[{"name":"wp","href":"https:\/\/api.w.org\/{rel}","templated":true}]}}